{"id":5577,"date":"2025-10-03T09:00:32","date_gmt":"2025-10-03T09:00:32","guid":{"rendered":"https:\/\/vegeta.com\/si\/?page_id=5577"},"modified":"2026-04-23T08:20:24","modified_gmt":"2026-04-23T08:20:24","slug":"pokazi-svoje-najboljse","status":"publish","type":"page","link":"https:\/\/vegeta.com\/si\/pokazi-svoje-najboljse\/","title":{"rendered":"Poka\u017ei svoje najbolj\u0161e"},"content":{"rendered":"<div class=\"gb-hero-form\">\n\t<div class=\"gb-hero-form--background\">\n\t\t<img decoding=\"async\" src=\"https:\/\/vegeta.com\/si\/wp-content\/themes\/vegeta-theme\/assets\/images\/image-hero-si-background.webp\" alt=\"Background\">\n\t\t<img decoding=\"async\" src=\"https:\/\/vegeta.com\/si\/wp-content\/themes\/vegeta-theme\/assets\/images\/image-hero-si-background.webp\" alt=\"Background\">\n\t<\/div>\n\t<div class=\"c-container\">\n\t\t\t\t<div class=\"gb-hero-form__hero\">\n\t\t\t\t\t\t<img decoding=\"async\" class=\"gb-hero-form__hero__image\" src=\"https:\/\/vegeta.com\/si\/wp-content\/themes\/vegeta-theme\/assets\/images\/image-hoba-hero.webp\" alt=\"Hero hoba\">\n\n\t\t\t\t\t\t<div class=\"gb-hero-form__hero__overlay\"><\/div>\n\n\t\t\t\t\t\t<div class=\"gb-hero-form__hero__heading-wrapper\">\n\t\t\t\t<h1 class=\"gb-hero-form__hero__heading-wrapper__heading\">\n\t\t\t\t\tKuhanje je <span class=\"gb-hero-form__hero__heading-wrapper__heading--highlight\">stra\u0161no&#8230;<\/span>\n\t\t\t\t<\/h1>\n\t\t\t<\/div>\n\n\t\t\t\t\t\t<img decoding=\"async\" class=\"gb-hero-form__hero__hoba\" src=\"https:\/\/vegeta.com\/si\/wp-content\/themes\/vegeta-theme\/assets\/images\/image-hoba.webp\" alt=\"Hoba\">\n\t\t<\/div>\n\n\t\t\t\t<div class=\"gb-hero-form__text\" id=\"osvoji-hude-nagrade\">\n\t\t\t<h2 class=\"gb-hero-form__text__heading\">&#8230; dobro <br>\n\t\t\t\t<span class=\"gb-hero-form__text__heading--highlight\">z Vegeto<\/span>\n\t\t\t<\/h2>\n\t\t\t<p class=\"gb-hero-form__text__description\">\n\t\t\t\tPovej nam, katera jed ti povzro\u010da najve\u010d strahu, prejmi digitalno kartico s personaliziranim kuharskim trikom.\n\t\t\t<\/p>\n\t\t<\/div>\n\n\t\t\t\t<div class=\"gb-hero-form__form\" id=\"katera-jed-te-strasi\">\n\t\t\t\t\t\t<div class=\"gb-hero-form__form__visual\">\n\t\t\t\t<img decoding=\"async\" class=\"gb-hero-form__form__visual__image\" src=\"https:\/\/vegeta.com\/si\/wp-content\/themes\/vegeta-theme\/assets\/images\/image-pocket-vegeta-paprika.webp\"\n\t\t\t\t\t alt=\"Visual\">\n\t\t\t<\/div>\n\n\t\t\t\t\t\t<div class=\"gb-hero-form__form__apply\">\n\t\t\t\t\t\t\t\t<h3 class=\"gb-hero-form__form__apply__title\">Katera jed te stra\u0161i?<\/h3>\n\n\t\t\t\t<div class=\"gb-hero-form__form__apply__input-container\">\n\t\t\t\t\t<textarea id=\"kjs-text\" name=\"kjs-text\"\n\t\t\t\t\t\t\t  class=\"gb-hero-form__form__apply__input-container__input\"\n\t\t\t\t\t\t\t  placeholder=\"Napi\u0161i ime jedi in na kratko opi\u0161i, zakaj te stra\u0161i (npr. \u201cRi\u017eota \u2013 vedno se mi razkuha ali je preve\u010d suha.\u201d)\"><\/textarea>\n\n\t\t\t\t\t<button class=\"gb-hero-form__form__apply__input-container__btn-submit js-btn-submit\">\n\t\t\t\t\t\t<span>\n\t\t\t\t\t\t\tPrejmi kuharski trik\n\t\t\t\t\t\t<\/span>\n\t\t\t\t\t\t<img decoding=\"async\" src=\"https:\/\/vegeta.com\/si\/wp-content\/themes\/vegeta-theme\/assets\/images\/kjs-si\/arrow-right.svg\" alt=\"Button right\"\/>\n\t\t\t\t\t<\/button>\n\n\t\t\t\t\t<p class=\"gb-hero-form__form__apply__input-container__disclaimer\">Nasvete in vizualne vsebine ustvarja umetna inteligenca (AI). <br> Kljub skrbnosti se lahko pojavijo napake, zato vsebine vzemite za zabavo in navdih. <br> Slike nagrad so simboli\u010dne.<\/p>\n\n\t\t\t\t\t\t\t\t\t\t<p class=\"gb-hero-form__form__apply__input-container__error js-input-error\"><\/p>\n\t\t\t\t<\/div>\n\t\t\t<\/div>\n\t\t<\/div>\n\t<\/div>\n<\/div>\n\n\n\n\n<div class=\"gb-dobitnici-cards-si-nn\">\n\t<div class=\"c-container\">\n\t\t<h2 class=\"gb-dobitnici-cards-si-nn__title\">Odkrij <span>Vegeta Pocket<\/span> trike!<\/h2>\n\t\t<div class=\"gb-dobitnici-cards-si-nn__container\">\n\t\t\t<div class=\"gb-dobitnici-cards-si-nn__container__slider\">\n\t\t\t\t\t\t\t\t\t<div class=\"gb-dobitnici-cards-si-nn__container__slider__slide\">\n\t\t\t\t\t\t<div class=\"scene scene--card\">\n\t\t\t\t\t\t\t<div class=\"card\">\n\t\t\t\t\t\t\t\t<div class=\"card__face card__face--front\">\n\t\t\t\t\t\t\t\t\t<div class=\"gb-dobitnici-cards-si-nn__container__slider__slide__card\">\n\t\t\t\t\t\t\t\t\t\t<img class=\"gb-dobitnici-cards-si-nn__container__slider__slide__card__image\" alt=\"\" decoding=\"async\" data-lazy=\"https:\/\/vegeta.com\/si\/wp-content\/themes\/vegeta-theme\/assets\/images\/kjs-si\/slider\/Vegeta_Kartice_Buca_front.webp\" \/>\n\t\t\t\t\t\t\t\t\t<\/div>\n\t\t\t\t\t\t\t\t<\/div>\n\t\t\t\t\t\t\t\t<div class=\"card__face card__face--back\">\n\t\t\t\t\t\t\t\t\t<div class=\"gb-dobitnici-cards-si-nn__container__slider__slide__card gb-dobitnici-cards-si-nn__container__slider__slide__card--back\">\n\t\t\t\t\t\t\t\t\t\t<img class=\"gb-dobitnici-cards-si-nn__container__slider__slide__card__image\" alt=\"\" decoding=\"async\" data-lazy=\"https:\/\/vegeta.com\/si\/wp-content\/themes\/vegeta-theme\/assets\/images\/kjs-si\/slider\/Vegeta_Kartice_Buca_recept.webp\" \/>\n\t\t\t\t\t\t\t\t\t<\/div>\n\t\t\t\t\t\t\t\t<\/div>\n\t\t\t\t\t\t\t<\/div>\n\t\t\t\t\t\t<\/div>\n\t\t\t\t\t<\/div>\n\t\t\t\t\t\t\t\t\t<div class=\"gb-dobitnici-cards-si-nn__container__slider__slide\">\n\t\t\t\t\t\t<div class=\"scene scene--card\">\n\t\t\t\t\t\t\t<div class=\"card\">\n\t\t\t\t\t\t\t\t<div class=\"card__face card__face--front\">\n\t\t\t\t\t\t\t\t\t<div class=\"gb-dobitnici-cards-si-nn__container__slider__slide__card\">\n\t\t\t\t\t\t\t\t\t\t<img class=\"gb-dobitnici-cards-si-nn__container__slider__slide__card__image\" alt=\"\" decoding=\"async\" data-lazy=\"https:\/\/vegeta.com\/si\/wp-content\/themes\/vegeta-theme\/assets\/images\/kjs-si\/slider\/Vegeta_Kartice_Gobe_front.webp\" \/>\n\t\t\t\t\t\t\t\t\t<\/div>\n\t\t\t\t\t\t\t\t<\/div>\n\t\t\t\t\t\t\t\t<div class=\"card__face card__face--back\">\n\t\t\t\t\t\t\t\t\t<div class=\"gb-dobitnici-cards-si-nn__container__slider__slide__card gb-dobitnici-cards-si-nn__container__slider__slide__card--back\">\n\t\t\t\t\t\t\t\t\t\t<img class=\"gb-dobitnici-cards-si-nn__container__slider__slide__card__image\" alt=\"\" decoding=\"async\" data-lazy=\"https:\/\/vegeta.com\/si\/wp-content\/themes\/vegeta-theme\/assets\/images\/kjs-si\/slider\/Vegeta_Kartice_Gobe_recept.webp\" \/>\n\t\t\t\t\t\t\t\t\t<\/div>\n\t\t\t\t\t\t\t\t<\/div>\n\t\t\t\t\t\t\t<\/div>\n\t\t\t\t\t\t<\/div>\n\t\t\t\t\t<\/div>\n\t\t\t\t\t\t\t\t\t<div class=\"gb-dobitnici-cards-si-nn__container__slider__slide\">\n\t\t\t\t\t\t<div class=\"scene scene--card\">\n\t\t\t\t\t\t\t<div class=\"card\">\n\t\t\t\t\t\t\t\t<div class=\"card__face card__face--front\">\n\t\t\t\t\t\t\t\t\t<div class=\"gb-dobitnici-cards-si-nn__container__slider__slide__card\">\n\t\t\t\t\t\t\t\t\t\t<img class=\"gb-dobitnici-cards-si-nn__container__slider__slide__card__image\" alt=\"\" decoding=\"async\" data-lazy=\"https:\/\/vegeta.com\/si\/wp-content\/themes\/vegeta-theme\/assets\/images\/kjs-si\/slider\/Vegeta_Kartice_Golaz_front.webp\" \/>\n\t\t\t\t\t\t\t\t\t<\/div>\n\t\t\t\t\t\t\t\t<\/div>\n\t\t\t\t\t\t\t\t<div class=\"card__face card__face--back\">\n\t\t\t\t\t\t\t\t\t<div class=\"gb-dobitnici-cards-si-nn__container__slider__slide__card gb-dobitnici-cards-si-nn__container__slider__slide__card--back\">\n\t\t\t\t\t\t\t\t\t\t<img class=\"gb-dobitnici-cards-si-nn__container__slider__slide__card__image\" alt=\"\" decoding=\"async\" data-lazy=\"https:\/\/vegeta.com\/si\/wp-content\/themes\/vegeta-theme\/assets\/images\/kjs-si\/slider\/Vegeta_Kartice_Golaz_recept.webp\" \/>\n\t\t\t\t\t\t\t\t\t<\/div>\n\t\t\t\t\t\t\t\t<\/div>\n\t\t\t\t\t\t\t<\/div>\n\t\t\t\t\t\t<\/div>\n\t\t\t\t\t<\/div>\n\t\t\t\t\t\t\t\t\t<div class=\"gb-dobitnici-cards-si-nn__container__slider__slide\">\n\t\t\t\t\t\t<div class=\"scene scene--card\">\n\t\t\t\t\t\t\t<div class=\"card\">\n\t\t\t\t\t\t\t\t<div class=\"card__face card__face--front\">\n\t\t\t\t\t\t\t\t\t<div class=\"gb-dobitnici-cards-si-nn__container__slider__slide__card\">\n\t\t\t\t\t\t\t\t\t\t<img class=\"gb-dobitnici-cards-si-nn__container__slider__slide__card__image\" alt=\"\" decoding=\"async\" data-lazy=\"https:\/\/vegeta.com\/si\/wp-content\/themes\/vegeta-theme\/assets\/images\/kjs-si\/slider\/Vegeta_Kartice_Govedina_front.webp\" \/>\n\t\t\t\t\t\t\t\t\t<\/div>\n\t\t\t\t\t\t\t\t<\/div>\n\t\t\t\t\t\t\t\t<div class=\"card__face card__face--back\">\n\t\t\t\t\t\t\t\t\t<div class=\"gb-dobitnici-cards-si-nn__container__slider__slide__card gb-dobitnici-cards-si-nn__container__slider__slide__card--back\">\n\t\t\t\t\t\t\t\t\t\t<img class=\"gb-dobitnici-cards-si-nn__container__slider__slide__card__image\" alt=\"\" decoding=\"async\" data-lazy=\"https:\/\/vegeta.com\/si\/wp-content\/themes\/vegeta-theme\/assets\/images\/kjs-si\/slider\/Vegeta_Kartice_Govedina_recept.webp\" \/>\n\t\t\t\t\t\t\t\t\t<\/div>\n\t\t\t\t\t\t\t\t<\/div>\n\t\t\t\t\t\t\t<\/div>\n\t\t\t\t\t\t<\/div>\n\t\t\t\t\t<\/div>\n\t\t\t\t\t\t\t\t\t<div class=\"gb-dobitnici-cards-si-nn__container__slider__slide\">\n\t\t\t\t\t\t<div class=\"scene scene--card\">\n\t\t\t\t\t\t\t<div class=\"card\">\n\t\t\t\t\t\t\t\t<div class=\"card__face card__face--front\">\n\t\t\t\t\t\t\t\t\t<div class=\"gb-dobitnici-cards-si-nn__container__slider__slide__card\">\n\t\t\t\t\t\t\t\t\t\t<img class=\"gb-dobitnici-cards-si-nn__container__slider__slide__card__image\" alt=\"\" decoding=\"async\" data-lazy=\"https:\/\/vegeta.com\/si\/wp-content\/themes\/vegeta-theme\/assets\/images\/kjs-si\/slider\/Vegeta_Kartice_Goveja juha_front.webp\" \/>\n\t\t\t\t\t\t\t\t\t<\/div>\n\t\t\t\t\t\t\t\t<\/div>\n\t\t\t\t\t\t\t\t<div class=\"card__face card__face--back\">\n\t\t\t\t\t\t\t\t\t<div class=\"gb-dobitnici-cards-si-nn__container__slider__slide__card gb-dobitnici-cards-si-nn__container__slider__slide__card--back\">\n\t\t\t\t\t\t\t\t\t\t<img class=\"gb-dobitnici-cards-si-nn__container__slider__slide__card__image\" alt=\"\" decoding=\"async\" data-lazy=\"https:\/\/vegeta.com\/si\/wp-content\/themes\/vegeta-theme\/assets\/images\/kjs-si\/slider\/Vegeta_Kartice_Goveja juha_recept.webp\" \/>\n\t\t\t\t\t\t\t\t\t<\/div>\n\t\t\t\t\t\t\t\t<\/div>\n\t\t\t\t\t\t\t<\/div>\n\t\t\t\t\t\t<\/div>\n\t\t\t\t\t<\/div>\n\t\t\t\t\t\t\t\t\t<div class=\"gb-dobitnici-cards-si-nn__container__slider__slide\">\n\t\t\t\t\t\t<div class=\"scene scene--card\">\n\t\t\t\t\t\t\t<div class=\"card\">\n\t\t\t\t\t\t\t\t<div class=\"card__face card__face--front\">\n\t\t\t\t\t\t\t\t\t<div class=\"gb-dobitnici-cards-si-nn__container__slider__slide__card\">\n\t\t\t\t\t\t\t\t\t\t<img class=\"gb-dobitnici-cards-si-nn__container__slider__slide__card__image\" alt=\"\" decoding=\"async\" data-lazy=\"https:\/\/vegeta.com\/si\/wp-content\/themes\/vegeta-theme\/assets\/images\/kjs-si\/slider\/Vegeta_Kartice_Hobotnica_front.webp\" \/>\n\t\t\t\t\t\t\t\t\t<\/div>\n\t\t\t\t\t\t\t\t<\/div>\n\t\t\t\t\t\t\t\t<div class=\"card__face card__face--back\">\n\t\t\t\t\t\t\t\t\t<div class=\"gb-dobitnici-cards-si-nn__container__slider__slide__card gb-dobitnici-cards-si-nn__container__slider__slide__card--back\">\n\t\t\t\t\t\t\t\t\t\t<img class=\"gb-dobitnici-cards-si-nn__container__slider__slide__card__image\" alt=\"\" decoding=\"async\" data-lazy=\"https:\/\/vegeta.com\/si\/wp-content\/themes\/vegeta-theme\/assets\/images\/kjs-si\/slider\/Vegeta_Kartice_Hobotnica_recept.webp\" \/>\n\t\t\t\t\t\t\t\t\t<\/div>\n\t\t\t\t\t\t\t\t<\/div>\n\t\t\t\t\t\t\t<\/div>\n\t\t\t\t\t\t<\/div>\n\t\t\t\t\t<\/div>\n\t\t\t\t\t\t\t\t\t<div class=\"gb-dobitnici-cards-si-nn__container__slider__slide\">\n\t\t\t\t\t\t<div class=\"scene scene--card\">\n\t\t\t\t\t\t\t<div class=\"card\">\n\t\t\t\t\t\t\t\t<div class=\"card__face card__face--front\">\n\t\t\t\t\t\t\t\t\t<div class=\"gb-dobitnici-cards-si-nn__container__slider__slide__card\">\n\t\t\t\t\t\t\t\t\t\t<img class=\"gb-dobitnici-cards-si-nn__container__slider__slide__card__image\" alt=\"\" decoding=\"async\" data-lazy=\"https:\/\/vegeta.com\/si\/wp-content\/themes\/vegeta-theme\/assets\/images\/kjs-si\/slider\/Vegeta_Kartice_Krompir_front.webp\" \/>\n\t\t\t\t\t\t\t\t\t<\/div>\n\t\t\t\t\t\t\t\t<\/div>\n\t\t\t\t\t\t\t\t<div class=\"card__face card__face--back\">\n\t\t\t\t\t\t\t\t\t<div class=\"gb-dobitnici-cards-si-nn__container__slider__slide__card gb-dobitnici-cards-si-nn__container__slider__slide__card--back\">\n\t\t\t\t\t\t\t\t\t\t<img class=\"gb-dobitnici-cards-si-nn__container__slider__slide__card__image\" alt=\"\" decoding=\"async\" data-lazy=\"https:\/\/vegeta.com\/si\/wp-content\/themes\/vegeta-theme\/assets\/images\/kjs-si\/slider\/Vegeta_Kartice_Krompir_recept.webp\" \/>\n\t\t\t\t\t\t\t\t\t<\/div>\n\t\t\t\t\t\t\t\t<\/div>\n\t\t\t\t\t\t\t<\/div>\n\t\t\t\t\t\t<\/div>\n\t\t\t\t\t<\/div>\n\t\t\t\t\t\t\t\t\t<div class=\"gb-dobitnici-cards-si-nn__container__slider__slide\">\n\t\t\t\t\t\t<div class=\"scene scene--card\">\n\t\t\t\t\t\t\t<div class=\"card\">\n\t\t\t\t\t\t\t\t<div class=\"card__face card__face--front\">\n\t\t\t\t\t\t\t\t\t<div class=\"gb-dobitnici-cards-si-nn__container__slider__slide__card\">\n\t\t\t\t\t\t\t\t\t\t<img class=\"gb-dobitnici-cards-si-nn__container__slider__slide__card__image\" alt=\"\" decoding=\"async\" data-lazy=\"https:\/\/vegeta.com\/si\/wp-content\/themes\/vegeta-theme\/assets\/images\/kjs-si\/slider\/Vegeta_Kartice_Lazanja_Front.webp\" \/>\n\t\t\t\t\t\t\t\t\t<\/div>\n\t\t\t\t\t\t\t\t<\/div>\n\t\t\t\t\t\t\t\t<div class=\"card__face card__face--back\">\n\t\t\t\t\t\t\t\t\t<div class=\"gb-dobitnici-cards-si-nn__container__slider__slide__card gb-dobitnici-cards-si-nn__container__slider__slide__card--back\">\n\t\t\t\t\t\t\t\t\t\t<img class=\"gb-dobitnici-cards-si-nn__container__slider__slide__card__image\" alt=\"\" decoding=\"async\" data-lazy=\"https:\/\/vegeta.com\/si\/wp-content\/themes\/vegeta-theme\/assets\/images\/kjs-si\/slider\/Vegeta_Kartice_Lazanja_recept.webp\" \/>\n\t\t\t\t\t\t\t\t\t<\/div>\n\t\t\t\t\t\t\t\t<\/div>\n\t\t\t\t\t\t\t<\/div>\n\t\t\t\t\t\t<\/div>\n\t\t\t\t\t<\/div>\n\t\t\t\t\t\t\t\t\t<div class=\"gb-dobitnici-cards-si-nn__container__slider__slide\">\n\t\t\t\t\t\t<div class=\"scene scene--card\">\n\t\t\t\t\t\t\t<div class=\"card\">\n\t\t\t\t\t\t\t\t<div class=\"card__face card__face--front\">\n\t\t\t\t\t\t\t\t\t<div class=\"gb-dobitnici-cards-si-nn__container__slider__slide__card\">\n\t\t\t\t\t\t\t\t\t\t<img class=\"gb-dobitnici-cards-si-nn__container__slider__slide__card__image\" alt=\"\" decoding=\"async\" data-lazy=\"https:\/\/vegeta.com\/si\/wp-content\/themes\/vegeta-theme\/assets\/images\/kjs-si\/slider\/Vegeta_Kartice_Lignji_Front.webp\" \/>\n\t\t\t\t\t\t\t\t\t<\/div>\n\t\t\t\t\t\t\t\t<\/div>\n\t\t\t\t\t\t\t\t<div class=\"card__face card__face--back\">\n\t\t\t\t\t\t\t\t\t<div class=\"gb-dobitnici-cards-si-nn__container__slider__slide__card gb-dobitnici-cards-si-nn__container__slider__slide__card--back\">\n\t\t\t\t\t\t\t\t\t\t<img class=\"gb-dobitnici-cards-si-nn__container__slider__slide__card__image\" alt=\"\" decoding=\"async\" data-lazy=\"https:\/\/vegeta.com\/si\/wp-content\/themes\/vegeta-theme\/assets\/images\/kjs-si\/slider\/Vegeta_Kartice_Lignji_Recept.webp\" \/>\n\t\t\t\t\t\t\t\t\t<\/div>\n\t\t\t\t\t\t\t\t<\/div>\n\t\t\t\t\t\t\t<\/div>\n\t\t\t\t\t\t<\/div>\n\t\t\t\t\t<\/div>\n\t\t\t\t\t\t\t\t\t<div class=\"gb-dobitnici-cards-si-nn__container__slider__slide\">\n\t\t\t\t\t\t<div class=\"scene scene--card\">\n\t\t\t\t\t\t\t<div class=\"card\">\n\t\t\t\t\t\t\t\t<div class=\"card__face card__face--front\">\n\t\t\t\t\t\t\t\t\t<div class=\"gb-dobitnici-cards-si-nn__container__slider__slide__card\">\n\t\t\t\t\t\t\t\t\t\t<img class=\"gb-dobitnici-cards-si-nn__container__slider__slide__card__image\" alt=\"\" decoding=\"async\" data-lazy=\"https:\/\/vegeta.com\/si\/wp-content\/themes\/vegeta-theme\/assets\/images\/kjs-si\/slider\/Vegeta_Kartice_Postrv_front-17.webp\" \/>\n\t\t\t\t\t\t\t\t\t<\/div>\n\t\t\t\t\t\t\t\t<\/div>\n\t\t\t\t\t\t\t\t<div class=\"card__face card__face--back\">\n\t\t\t\t\t\t\t\t\t<div class=\"gb-dobitnici-cards-si-nn__container__slider__slide__card gb-dobitnici-cards-si-nn__container__slider__slide__card--back\">\n\t\t\t\t\t\t\t\t\t\t<img class=\"gb-dobitnici-cards-si-nn__container__slider__slide__card__image\" alt=\"\" decoding=\"async\" data-lazy=\"https:\/\/vegeta.com\/si\/wp-content\/themes\/vegeta-theme\/assets\/images\/kjs-si\/slider\/Vegeta_Kartice_Postrv_front-18.webp\" \/>\n\t\t\t\t\t\t\t\t\t<\/div>\n\t\t\t\t\t\t\t\t<\/div>\n\t\t\t\t\t\t\t<\/div>\n\t\t\t\t\t\t<\/div>\n\t\t\t\t\t<\/div>\n\t\t\t\t\t\t\t\t\t<div class=\"gb-dobitnici-cards-si-nn__container__slider__slide\">\n\t\t\t\t\t\t<div class=\"scene scene--card\">\n\t\t\t\t\t\t\t<div class=\"card\">\n\t\t\t\t\t\t\t\t<div class=\"card__face card__face--front\">\n\t\t\t\t\t\t\t\t\t<div class=\"gb-dobitnici-cards-si-nn__container__slider__slide__card\">\n\t\t\t\t\t\t\t\t\t\t<img class=\"gb-dobitnici-cards-si-nn__container__slider__slide__card__image\" alt=\"\" decoding=\"async\" data-lazy=\"https:\/\/vegeta.com\/si\/wp-content\/themes\/vegeta-theme\/assets\/images\/kjs-si\/slider\/Vegeta_Kartice_Rizota_front.webp\" \/>\n\t\t\t\t\t\t\t\t\t<\/div>\n\t\t\t\t\t\t\t\t<\/div>\n\t\t\t\t\t\t\t\t<div class=\"card__face card__face--back\">\n\t\t\t\t\t\t\t\t\t<div class=\"gb-dobitnici-cards-si-nn__container__slider__slide__card gb-dobitnici-cards-si-nn__container__slider__slide__card--back\">\n\t\t\t\t\t\t\t\t\t\t<img class=\"gb-dobitnici-cards-si-nn__container__slider__slide__card__image\" alt=\"\" decoding=\"async\" data-lazy=\"https:\/\/vegeta.com\/si\/wp-content\/themes\/vegeta-theme\/assets\/images\/kjs-si\/slider\/Vegeta_Kartice_Rizota_recept.webp\" \/>\n\t\t\t\t\t\t\t\t\t<\/div>\n\t\t\t\t\t\t\t\t<\/div>\n\t\t\t\t\t\t\t<\/div>\n\t\t\t\t\t\t<\/div>\n\t\t\t\t\t<\/div>\n\t\t\t\t\t\t\t\t\t<div class=\"gb-dobitnici-cards-si-nn__container__slider__slide\">\n\t\t\t\t\t\t<div class=\"scene scene--card\">\n\t\t\t\t\t\t\t<div class=\"card\">\n\t\t\t\t\t\t\t\t<div class=\"card__face card__face--front\">\n\t\t\t\t\t\t\t\t\t<div class=\"gb-dobitnici-cards-si-nn__container__slider__slide__card\">\n\t\t\t\t\t\t\t\t\t\t<img class=\"gb-dobitnici-cards-si-nn__container__slider__slide__card__image\" alt=\"\" decoding=\"async\" data-lazy=\"https:\/\/vegeta.com\/si\/wp-content\/themes\/vegeta-theme\/assets\/images\/kjs-si\/slider\/Vegeta_Kartice_Sladki krompir_front.webp\" \/>\n\t\t\t\t\t\t\t\t\t<\/div>\n\t\t\t\t\t\t\t\t<\/div>\n\t\t\t\t\t\t\t\t<div class=\"card__face card__face--back\">\n\t\t\t\t\t\t\t\t\t<div class=\"gb-dobitnici-cards-si-nn__container__slider__slide__card gb-dobitnici-cards-si-nn__container__slider__slide__card--back\">\n\t\t\t\t\t\t\t\t\t\t<img class=\"gb-dobitnici-cards-si-nn__container__slider__slide__card__image\" alt=\"\" decoding=\"async\" data-lazy=\"https:\/\/vegeta.com\/si\/wp-content\/themes\/vegeta-theme\/assets\/images\/kjs-si\/slider\/Vegeta_Kartice_Sladki krompir_recept.webp\" \/>\n\t\t\t\t\t\t\t\t\t<\/div>\n\t\t\t\t\t\t\t\t<\/div>\n\t\t\t\t\t\t\t<\/div>\n\t\t\t\t\t\t<\/div>\n\t\t\t\t\t<\/div>\n\t\t\t\t\t\t\t<\/div>\n\t\t<\/div>\n\t<\/div>\n<\/div>\n","protected":false},"excerpt":{"rendered":"","protected":false},"author":2,"featured_media":0,"parent":0,"menu_order":0,"comment_status":"closed","ping_status":"closed","template":"pagetemplate-kjs-si.php","meta":{"_acf_changed":false,"ep_exclude_from_search":false,"footnotes":""},"class_list":["post-5577","page","type-page","status-publish","hentry"],"acf":[],"yoast_head":"<!-- This site is optimized with the Yoast SEO plugin v25.1 - https:\/\/yoast.com\/wordpress\/plugins\/seo\/ -->\n<title>Kuhanje je stra\u0161no ... dobro z Vegeto - Vegeta<\/title>\n<meta name=\"description\" content=\"Povej nam, katera jed ti povzro\u010da najve\u010d strahu, prejmi digitalno kartico s personaliziranim kuharskim trikom.\" \/>\n<meta name=\"robots\" content=\"index, follow, max-snippet:-1, max-image-preview:large, max-video-preview:-1\" \/>\n<link rel=\"canonical\" href=\"https:\/\/vegeta.com\/si\/pokazi-svoje-najboljse\/\" \/>\n<meta property=\"og:locale\" content=\"sl_SI\" \/>\n<meta property=\"og:type\" content=\"article\" \/>\n<meta property=\"og:title\" content=\"Kuhanje je stra\u0161no ... dobro z Vegeto - Vegeta\" \/>\n<meta property=\"og:description\" content=\"Povej nam, katera jed ti povzro\u010da najve\u010d strahu, prejmi digitalno kartico s personaliziranim kuharskim trikom.\" \/>\n<meta property=\"og:url\" content=\"https:\/\/vegeta.com\/si\/pokazi-svoje-najboljse\/\" \/>\n<meta property=\"og:site_name\" content=\"Vegeta\" \/>\n<meta property=\"article:modified_time\" content=\"2026-04-23T08:20:24+00:00\" \/>\n<meta property=\"og:image\" content=\"https:\/\/cdn.vegeta.com\/slo\/2025\/12\/image-social-share-default.png\" \/>\n\t<meta property=\"og:image:width\" content=\"1200\" \/>\n\t<meta property=\"og:image:height\" content=\"630\" \/>\n\t<meta property=\"og:image:type\" content=\"image\/png\" \/>\n<meta name=\"twitter:card\" content=\"summary_large_image\" \/>\n<script type=\"application\/ld+json\" class=\"yoast-schema-graph\">{\"@context\":\"https:\/\/schema.org\",\"@graph\":[{\"@type\":\"WebPage\",\"@id\":\"https:\/\/vegeta.com\/si\/pokazi-svoje-najboljse\/\",\"url\":\"https:\/\/vegeta.com\/si\/pokazi-svoje-najboljse\/\",\"name\":\"Kuhanje je stra\u0161no ... dobro z Vegeto - Vegeta\",\"isPartOf\":{\"@id\":\"https:\/\/vegeta.com\/en\/#website\"},\"datePublished\":\"2025-10-03T09:00:32+00:00\",\"dateModified\":\"2026-04-23T08:20:24+00:00\",\"description\":\"Povej nam, katera jed ti povzro\u010da najve\u010d strahu, prejmi digitalno kartico s personaliziranim kuharskim trikom.\",\"breadcrumb\":{\"@id\":\"https:\/\/vegeta.com\/si\/pokazi-svoje-najboljse\/#breadcrumb\"},\"inLanguage\":\"sl-SI\",\"potentialAction\":[{\"@type\":\"ReadAction\",\"target\":[\"https:\/\/vegeta.com\/si\/pokazi-svoje-najboljse\/\"]}]},{\"@type\":\"BreadcrumbList\",\"@id\":\"https:\/\/vegeta.com\/si\/pokazi-svoje-najboljse\/#breadcrumb\",\"itemListElement\":[{\"@type\":\"ListItem\",\"position\":1,\"name\":\"Home\",\"item\":\"https:\/\/vegeta.com\/si\/\"},{\"@type\":\"ListItem\",\"position\":2,\"name\":\"Poka\u017ei svoje najbolj\u0161e\"}]},{\"@type\":\"WebSite\",\"@id\":\"https:\/\/vegeta.com\/en\/#website\",\"url\":\"https:\/\/vegeta.com\/en\/\",\"name\":\"Vegeta\",\"description\":\"\",\"publisher\":{\"@id\":\"https:\/\/vegeta.com\/en\/#organization\"},\"potentialAction\":[{\"@type\":\"SearchAction\",\"target\":{\"@type\":\"EntryPoint\",\"urlTemplate\":\"https:\/\/vegeta.com\/en\/?s={search_term_string}\"},\"query-input\":{\"@type\":\"PropertyValueSpecification\",\"valueRequired\":true,\"valueName\":\"search_term_string\"}}],\"inLanguage\":\"sl-SI\"},{\"@type\":\"Organization\",\"@id\":\"https:\/\/vegeta.com\/en\/#organization\",\"name\":\"Vegeta\",\"url\":\"https:\/\/vegeta.com\/en\/\",\"logo\":{\"@type\":\"ImageObject\",\"inLanguage\":\"sl-SI\",\"@id\":\"https:\/\/vegeta.com\/en\/#\/schema\/logo\/image\/\",\"url\":\"https:\/\/cdn.vegeta.com\/slo\/2023\/09\/image-vegeta-app-1024.png\",\"contentUrl\":\"https:\/\/cdn.vegeta.com\/slo\/2023\/09\/image-vegeta-app-1024.png\",\"width\":946,\"height\":944,\"caption\":\"Vegeta\"},\"image\":{\"@id\":\"https:\/\/vegeta.com\/en\/#\/schema\/logo\/image\/\"}}]}<\/script>\n<!-- \/ Yoast SEO plugin. -->","yoast_head_json":{"title":"Kuhanje je stra\u0161no ... dobro z Vegeto - Vegeta","description":"Povej nam, katera jed ti povzro\u010da najve\u010d strahu, prejmi digitalno kartico s personaliziranim kuharskim trikom.","robots":{"index":"index","follow":"follow","max-snippet":"max-snippet:-1","max-image-preview":"max-image-preview:large","max-video-preview":"max-video-preview:-1"},"canonical":"https:\/\/vegeta.com\/si\/pokazi-svoje-najboljse\/","og_locale":"sl_SI","og_type":"article","og_title":"Kuhanje je stra\u0161no ... dobro z Vegeto - Vegeta","og_description":"Povej nam, katera jed ti povzro\u010da najve\u010d strahu, prejmi digitalno kartico s personaliziranim kuharskim trikom.","og_url":"https:\/\/vegeta.com\/si\/pokazi-svoje-najboljse\/","og_site_name":"Vegeta","article_modified_time":"2026-04-23T08:20:24+00:00","og_image":[{"width":1200,"height":630,"url":"https:\/\/cdn.vegeta.com\/slo\/2025\/12\/image-social-share-default.png","type":"image\/png"}],"twitter_card":"summary_large_image","schema":{"@context":"https:\/\/schema.org","@graph":[{"@type":"WebPage","@id":"https:\/\/vegeta.com\/si\/pokazi-svoje-najboljse\/","url":"https:\/\/vegeta.com\/si\/pokazi-svoje-najboljse\/","name":"Kuhanje je stra\u0161no ... dobro z Vegeto - Vegeta","isPartOf":{"@id":"https:\/\/vegeta.com\/en\/#website"},"datePublished":"2025-10-03T09:00:32+00:00","dateModified":"2026-04-23T08:20:24+00:00","description":"Povej nam, katera jed ti povzro\u010da najve\u010d strahu, prejmi digitalno kartico s personaliziranim kuharskim trikom.","breadcrumb":{"@id":"https:\/\/vegeta.com\/si\/pokazi-svoje-najboljse\/#breadcrumb"},"inLanguage":"sl-SI","potentialAction":[{"@type":"ReadAction","target":["https:\/\/vegeta.com\/si\/pokazi-svoje-najboljse\/"]}]},{"@type":"BreadcrumbList","@id":"https:\/\/vegeta.com\/si\/pokazi-svoje-najboljse\/#breadcrumb","itemListElement":[{"@type":"ListItem","position":1,"name":"Home","item":"https:\/\/vegeta.com\/si\/"},{"@type":"ListItem","position":2,"name":"Poka\u017ei svoje najbolj\u0161e"}]},{"@type":"WebSite","@id":"https:\/\/vegeta.com\/en\/#website","url":"https:\/\/vegeta.com\/en\/","name":"Vegeta","description":"","publisher":{"@id":"https:\/\/vegeta.com\/en\/#organization"},"potentialAction":[{"@type":"SearchAction","target":{"@type":"EntryPoint","urlTemplate":"https:\/\/vegeta.com\/en\/?s={search_term_string}"},"query-input":{"@type":"PropertyValueSpecification","valueRequired":true,"valueName":"search_term_string"}}],"inLanguage":"sl-SI"},{"@type":"Organization","@id":"https:\/\/vegeta.com\/en\/#organization","name":"Vegeta","url":"https:\/\/vegeta.com\/en\/","logo":{"@type":"ImageObject","inLanguage":"sl-SI","@id":"https:\/\/vegeta.com\/en\/#\/schema\/logo\/image\/","url":"https:\/\/cdn.vegeta.com\/slo\/2023\/09\/image-vegeta-app-1024.png","contentUrl":"https:\/\/cdn.vegeta.com\/slo\/2023\/09\/image-vegeta-app-1024.png","width":946,"height":944,"caption":"Vegeta"},"image":{"@id":"https:\/\/vegeta.com\/en\/#\/schema\/logo\/image\/"}}]}},"_links":{"self":[{"href":"https:\/\/vegeta.com\/si\/wp-json\/wp\/v2\/pages\/5577","targetHints":{"allow":["GET"]}}],"collection":[{"href":"https:\/\/vegeta.com\/si\/wp-json\/wp\/v2\/pages"}],"about":[{"href":"https:\/\/vegeta.com\/si\/wp-json\/wp\/v2\/types\/page"}],"author":[{"embeddable":true,"href":"https:\/\/vegeta.com\/si\/wp-json\/wp\/v2\/users\/2"}],"replies":[{"embeddable":true,"href":"https:\/\/vegeta.com\/si\/wp-json\/wp\/v2\/comments?post=5577"}],"version-history":[{"count":7,"href":"https:\/\/vegeta.com\/si\/wp-json\/wp\/v2\/pages\/5577\/revisions"}],"predecessor-version":[{"id":11550,"href":"https:\/\/vegeta.com\/si\/wp-json\/wp\/v2\/pages\/5577\/revisions\/11550"}],"wp:attachment":[{"href":"https:\/\/vegeta.com\/si\/wp-json\/wp\/v2\/media?parent=5577"}],"curies":[{"name":"wp","href":"https:\/\/api.w.org\/{rel}","templated":true}]}}