{"id":36,"date":"2023-05-09T11:35:21","date_gmt":"2023-05-09T11:35:21","guid":{"rendered":"https:\/\/staging.vegeta.com\/hr\/?page_id=36"},"modified":"2025-07-02T07:13:47","modified_gmt":"2025-07-02T07:13:47","slug":"zascita-zasebnosti","status":"publish","type":"page","link":"https:\/\/vegeta.com\/si\/zascita-zasebnosti\/","title":{"rendered":"Za\u0161\u010dita zasebnosti"},"content":{"rendered":"\n<h2 class=\"wp-block-heading\"><strong>1. Splo\u0161ne informacije<\/strong><\/h2>\n\n\n\n<p>V teh pravilih o varstvu zasebnosti (v nadaljevanju: pravila) je navedeno, katere va\u0161e osebne podatke pridobivamo, na kak\u0161en na\u010din jih obdelujemo in za katere namene jih uporabljamo. Opisane so tudi va\u0161e pravice, povezane z va\u0161imi podatki.<\/p>\n\n\n\n<p>Podravka d.d., Koprivnica, Ante Star\u010devi\u0107a 32, D\u0160 18928523252 (v nadaljevanju: \u201cPodravka\u201c ali \u201cmi\u201c) obdeluje osebne podatke uporabnikov svojih storitev in obiskovalcev spletne strani www.podravka.si v skladu z veljavnimi predpisi, ki urejajo varstvo osebnih podatkov (Splo\u0161na uredba o varstvu podatkov 2016\/679).&nbsp;&nbsp;<\/p>\n\n\n\n<p>Spo\u0161tujemo va\u0161o zasebnost in osebne podatke obdelujemo po\u0161teno in zakonito ter izklju\u010dno na podlagi veljavnih pravnih podlag ali v skladu z va\u0161imi soglasji za obdelavo.<\/p>\n\n\n\n<h2 class=\"wp-block-heading\"><strong>2. Na\u010din in nameni obdelave osebnih podatkov<\/strong><\/h2>\n\n\n\n<h3 class=\"wp-block-heading\"><strong>Promocijska sporo\u010dila<\/strong><\/h3>\n\n\n\n<p>Dostop do spletne strani&nbsp;<a href=\"http:\/\/www.vegeta.si\">www.vegeta.si<\/a>&nbsp;je prost in ne zahteva registracije. \u010ce \u017eelite prejemati promocijska sporo\u010dila o na\u0161ih izdelkih in storitvah, lahko preprosto prijavite svoj e-po\u0161tni naslov v spletni obrazec brez registracije. Kadarkoli lahko onemogo\u010dite prejemanje promocijskih sporo\u010dil, tako da izberete mo\u017enost za preklic soglasja v prejetem promocijskem sporo\u010dilu.<\/p>\n\n\n\n<h3 class=\"wp-block-heading\"><strong>Ankete in vpra\u0161alniki<\/strong><\/h3>\n\n\n\n<p>S pomo\u010djo anket in vpra\u0161alnikov pridobivamo informacije o va\u0161em zadovoljstvu z na\u0161imi izdelki in druge koristne informacije, da bi jih prilagodili va\u0161im potrebam, in za namene spodbujanja odnosov z javnostjo. Rezultati izvedenih anket ali vpra\u0161alnikov so izklju\u010dno povzeti in anonimni. \u010ce \u017eelite sodelovati v anketah ali vpra\u0161alnikih, se prijavite s svojim e-po\u0161tnim naslovom prek spletnega obrazca.<\/p>\n\n\n\n<h3 class=\"wp-block-heading\"><strong>Promocijske nagradne igre in nagradni nate\u010daji<\/strong><\/h3>\n\n\n\n<p>Ob\u010dasno organiziramo nagradne igre in druga tekmovanja. Osebne podatke, ki jih pridobivamo na ta na\u010din, obdelujemo izklju\u010dno za namen izvedbe nagradne igre oziroma tekmovanja (npr. objava imen zmagovalcev, za vzpostavitev stika z zmagovalci, dostavo nagrade ipd.). Za sodelovanje v nagradni igri ali nate\u010daju potrebujemo va\u0161e ime, priimek, e-po\u0161to in kontaktni telefon. Po potrebi in v postopku podelitve nagrade lahko zahtevamo dodatne informacije, ki bodo dolo\u010dene s pravili nagradne igre ali nate\u010daja.&nbsp;<\/p>\n\n\n\n<p>Pridobljene podatke bomo izbrisali po \u0161estih mesecih od datuma objave zmagovalca. \u010ce ste na prijavnem obrazcu za nagradno igro ali nate\u010daj pristali na prejemanje promocijskih sporo\u010dil, se lahko kadarkoli odjavite od prejemanja promocijskih sporo\u010dil, tako da izberete mo\u017enost za preklic soglasja v prejetem promocijskem sporo\u010dilu.<\/p>\n\n\n\n<h3 class=\"wp-block-heading\"><strong>Vzpostavitev stika<\/strong><\/h3>\n\n\n\n<p>\u010ce se obrnete na nas s svojimi vpra\u0161anji, bomo podatke, ki nam jih posredujete, obdelovali izklju\u010dno za nudenje zahtevanih informacij. Po odgovoru na va\u0161e vpra\u0161anje bomo pridobljene podatke izbrisali.<\/p>\n\n\n\n<p>Va\u0161i osebni podatki se zbirajo, obdelujejo in varujejo v skladu s predpisi, ki jih ureja Varstvo osebnih podatkov.&nbsp;<\/p>\n\n\n\n<h3 class=\"wp-block-heading\"><strong>Javne pro\u0161nje za delo<\/strong><\/h3>\n\n\n\n<p>Podatke, ki nam jih posredujte prek javnih pro\u0161enj za delo, obdelujemo izklju\u010dno za namene vodenja izbirnega postopka pri zaposlovanju ter se hranijo dve leti.<\/p>\n\n\n\n<h2 class=\"wp-block-heading\"><strong>3. Prejemniki osebnih podatkov<\/strong><\/h2>\n\n\n\n<p>Podravka bo va\u0161e osebne podatke posredovala drugim prejemnikom izklju\u010dno na podlagi pravne obveznosti oziroma utemeljene zahteve poobla\u0161\u010denega javnega organa (npr. sodi\u0161\u010dem).<\/p>\n\n\n\n<p>Osebne podatke bomo posredovali tudi zaupanja vrednim partnerjem (upravljavcem obdelave) zaradi nudenja podpore uporabnikom, vzdr\u017eevanja informacijskega sistema, tr\u017enih raziskav ali podobnih potreb z obveznimi zahtevami po zaupnosti in varstvu podatkov.<\/p>\n\n\n\n<h2 class=\"wp-block-heading\"><strong>4. Varstvo osebnih podatkov<\/strong><\/h2>\n\n\n\n<p>Pridobljene osebne podatke obdelujemo z obvezno uporabo ustreznih pravnih, tehni\u010dnih in organizacijskih varnostnih ukrepov, da bi prepre\u010dili vsako nepoobla\u0161\u010deno obdelavo podatkov. Dostop do va\u0161ih osebnih podatkov je omejen samo na tiste zaposlene, ki te informacije potrebujejo pri nudenju na\u0161ih storitev. Na\u0161e zaposlene neprestano izobra\u017eujemo o pomembnosti zaupnosti podatkov ter varovanju zasebnost in za\u0161\u010diti va\u0161ih podatkov. Pridobivamo le tiste podatke, ki so potrebni za predmetno obdelavo in jih ne hranimo dlje, kot je to potrebno oziroma je dolo\u010deno z zakonskimi predpisi.<\/p>\n\n\n\n<h2 class=\"wp-block-heading\"><strong>5. Va\u0161e pravice<\/strong><\/h2>\n\n\n\n<p>Kadarkoli imate pravico, da od nas zahtevate informacijo o obdelavi va\u0161ih osebnih podatkov ter zahtevate uveljavljanje naslednjih pravic:<\/p>\n\n\n\n<ul class=\"wp-block-list\">\n<li>pravico dostopa do podatkov, povezanih z vami,<\/li>\n\n\n\n<li>popravek ali dopolnitev va\u0161ih osebnih podatkov, da bi bili vedno pravilni,<\/li>\n\n\n\n<li>izbris osebnih podatkov (\u010de ni utemeljenih razlogov za hrambo podatkov),<\/li>\n\n\n\n<li>omejitev obdelave osebnih podatkov, \u010de npr. menite, da va\u0161i osebni podatki niso pravilni in dokler ne preverimo njihove pravilnosti,<\/li>\n\n\n\n<li>preklic soglasja za obdelavo podatkov (npr. za prejemanje promocijskih sporo\u010dil).<\/li>\n<\/ul>\n\n\n\n<p>\u010ce menite, da je kr\u0161ena katerakoli od va\u0161ih pravic, lahko vlo\u017eite prito\u017ebo pri Agenciji za za\u0161\u010dito osebnih podatkov na naslovu:<\/p>\n\n\n\n<p>Ulica Metela O\u017eegovi\u0107a 16, HR \u2013 10 000 Zagreb, e-po\u0161ta:\u00a0<a href=\"mailto:azop@azop.hr\">azop@azop.hr<\/a>.<\/p>\n\n\n\n<h2 class=\"wp-block-heading\"><strong>6. Kontakt za varstvo osebnih podatkov<\/strong><\/h2>\n\n\n\n<p>Zahteve, prito\u017ebe ali vpra\u0161anja v zvezi z obdelavo in za\u0161\u010dito osebnih podatkov lahko po\u0161ljete na elektronski naslov <a href=\"mailto:dpo@podravka.hr\">dpo@podravka.hr<\/a> ali&nbsp;<a href=\"mailto:info@podravka.si\">info@podravka.si<\/a>.&nbsp;<\/p>\n\n\n\n<p>V skladu z veljavnimi zakonskimi predpisi, ki urejajo varstvo osebnih podatkov, bo vsaka zahteva\/vpra\u0161anje re\u0161eno v najkraj\u0161em mo\u017enem \u010dasu, najkasneje pa v 30 dneh od prejema.<\/p>\n\n\n\n<p>\u010ce boste stopili v stik z nami glede navedenih zahtev, si bomo prizadevali, da bi potrdili va\u0161o identiteto in prepre\u010dili nepoobla\u0161\u010deno obdelavo osebnih podatkov.<\/p>\n\n\n\n<h3 class=\"wp-block-heading\"><strong>Slu\u017eba za varstvo podatkov<\/strong><\/h3>\n\n\n\n<p>Podravka d.d.<br>Ante Star\u010devi\u0107a 32.<br>HR \u2013 48000 Koprivnica<br>Tel. 048\/653-077<br>Fax 048\/653-088<br>Mob. \u0161t. 099\/6651-783<br><a href=\"mailto:dpo@podravka.hr\">dpo@podravka.hr<\/a><\/p>\n\n\n\n<h2 class=\"wp-block-heading\"><strong>7. Pravila za varstvo osebnih podatkov drugih spletnih strani\/tretjih oseb tretjih strani<\/strong><\/h2>\n\n\n\n<p>Na tej strani boste na\u0161li povezave do drugih spletnih strani ali portalov. Pravila o varstvu osebnih podatkov na teh portalih se lahko razlikujejo od teh pravil.<\/p>\n\n\n\n<p>Na na\u0161i spletni strani vam lahko ponudimo tudi funkcije dru\u017eabnih omre\u017eij, ki vam omogo\u010dajo, da svoje osebne podatke delite na socialnih omre\u017ejih. Zato vas prosimo, da se seznanite s pravili o varstvu osebnih podatkov, ki veljajo na straneh drugega portala ali dru\u017eabnega omre\u017eja oziroma s strani tretjih oseb.<\/p>\n\n\n\n<p>V primeru sprememb teh pravil vas bomo o tem obvestili na tej strani in posodobili datum spremembe politike zasebnosti na dnu strani.<\/p>\n\n\n\n<h2 class=\"wp-block-heading\"><strong>8. Varstvo osebnih podatkov, zaupnost, pi\u0161kotki (cookies)<\/strong><\/h2>\n\n\n\n<p>Pi\u0161kotki (t. i.&nbsp;<em>cookies<\/em>) so majhne datoteke, ki se shranijo na ra\u010dunalniku ali mobilni napravi ob obisku spletne strani. Pi\u0161kotki dovolijo spletni strani, da \u00bbsi zapomni\u00ab dejavnosti ali nastavitve obiskovalca iz prej\u0161njih obiskov, da jih lahko samodejno uporabi pri naslednjem obisku. Na ta na\u010din spletna stran \u017ee \u00bbve\u00ab, da ste \u017ee bili tukaj in v nekaterih primerih prilagodi tisto, kar vidite na zaslonu. Pi\u0161kotki se najpogosteje uporabljajo za spomin dolo\u010denih uporabni\u0161kih nastavitev, za pomo\u010d pri vnosu informacij, ki so \u017ee bile vnesene med prej\u0161njimi obiski, za zbiranje analiti\u010dnih podatkov ali za promocijske kampanje. Spletno mesto www.podravka.si uporablja tako imenovane pi\u0161kotke (<em>cookies<\/em>) \u2013 skupek podatkov, ki so va\u0161 anonimni, individualni identifikator, ki deluje tako, da ga spletno mesto po\u0161lje v va\u0161 brskalnik in shrani na va\u0161 ra\u010dunalnik. Pi\u0161kotki se uporabljajo za delovanje vseh funkcij spletnega mesta in za bolj\u0161o uporabni\u0161ko izku\u0161njo.<\/p>\n\n\n\n<p>Pi\u0161kotke lahko razdelimo na za\u010dasne (<em>session cookies<\/em>) ali stalne (<em>persistent cookies<\/em>). Za\u010dasni pi\u0161kotki so za\u010dasno shranjeni na va\u0161em ra\u010dunalniku in se samodejno izbri\u0161ejo po zaprtju spletnega brskalnika. Uporabljajo se za pridobivanje za\u010dasnih podatkov, npr. za stanje va\u0161e ko\u0161arice v spletni trgovini.<\/p>\n\n\n\n<p>Stalni pi\u0161kotki ostanejo shranjeni na va\u0161em ra\u010dunalniku tudi po tem, ko zaprete spletni brskalnik, vendar imajo obi\u010dajno rok trajanja. Tak\u0161ni pi\u0161kotki se uporabljajo zato, da bi olaj\u0161ali dostop registriranim uporabnikom ter shranjujejo podatke, kot so uporabni\u0161ko ime in geslo, kar med prijavo omogo\u010da na\u010din \u00bbzapomni si\u00ab, tako da vam ni treba vnesti uporabni\u0161kega imena in gesla ob vsakem obisku te spletne strani. Stalni pi\u0161kotki lahko ostanejo na va\u0161em ra\u010dunalniku ve\u010d dni, ve\u010d mesecev in celo ve\u010d let.<\/p>\n\n\n\n<p>Pi\u0161kotke delimo \u0161e na pi\u0161kotke prve in pi\u0161kotke tretje strani. Pi\u0161kotki prve strani prihajajo s spletnega mesta, na katerem ste trenutno, medtem ko pi\u0161kotki tretje strani prihajajo preko oglasov ali preko zunanjih storitev z drugih spletnih mest. Pi\u0161kotki prve strani se poleg tega, da se uporabljajo za pravilno delovanje spletne strani, uporabljajo tudi za statisti\u010dno sledenje dejavnosti na spletni strani. Podatki, ki se pridobivajo s tem namenom, vklju\u010dujejo IP-naslov uporabnika, podatke o brskalniku, jeziku, operacijskem sistemu in druge standardne statisti\u010dne podatke, ki se pridobivajo in analizirajo izklju\u010dno v anonimni in mno\u017ei\u010dni obliki. Pi\u0161kotke tretje strani najpogosteje uporabljajo ogla\u0161evalska omre\u017eja za analizo vedenja uporabnikov na razli\u010dnih spletnih straneh. Namen analize je profiliranje uporabnikov glede na demografijo, interese itd., ki se najpogosteje uporabljajo za ogla\u0161evalske namene.<\/p>\n\n\n\n<h3 class=\"wp-block-heading\"><strong>Torej, kako pi\u0161kotki sploh delujejo?<\/strong><\/h3>\n\n\n\n<p>Pi\u0161kotki informacije hranijo v obliki \u00bbklju\u010dev\u00ab in \u00bbvrednosti\u00ab znotraj besedilnih datotek.<\/p>\n\n\n\n<p>Pi\u0161kotki lahko npr. shranijo jezik, v katerem trenutno pregledujete stran. \u010ce je to hrva\u0161ki jezik, bo zapis najve\u010dkrat videti takole: language = hr.<\/p>\n\n\n\n<p>Ko boste prvi\u010d izbrali jezik, bo spletna stran prek brskalnika ustvarila in shranila pi\u0161kotek, ki vsebuje podatke o jeziku. Potem bo stran ob vsakem naslednjem obisku, \u010de ta pi\u0161kotek \u0161e vedno obstaja, poznala va\u0161 izbor in vam bo prikazovala vsebino v \u017eelenem jeziku.<\/p>\n\n\n\n<p>Ko dostopate do spletnega mesta, pi\u0161kotki podravka.hr prepoznajo parametre iskalnika, ne pa tudi samih uporabnikov. Skratka, namen pi\u0161kotkov je dobronameren, niso \u0161kodljivi in ne morejo prena\u0161ati virusov ter zagotavljajo bolj\u0161o uporabni\u0161ko izku\u0161njo pri brskanju.<\/p>\n\n\n\n<p>\u010ce se ne strinjate z uporabo pi\u0161kotkov, jih lahko izbri\u0161ete (ali prepre\u010dite) na svojem ra\u010dunalniku v nastavitvah brskalnika, ki ga uporabljate. Ve\u010d informacij o upravljanju pi\u0161kotkov je na voljo na straneh brskalnika, ki ga uporabljate, ali na&nbsp;<a href=\"http:\/\/www.allaboutcookies.org\/\">www.allaboutcookies.org<\/a>.<\/p>\n\n\n\n<p>Ker je namen pi\u0161kotkov izbolj\u0161ati in omogo\u010diti bolj\u0161o uporabni\u0161ko izku\u0161njo pri uporabi na\u0161ega spletnega mesta in njegovih postopkov v polnem obsegu njihove funkcionalnosti, upo\u0161tevajte, da s prepre\u010devanjem ali brisanjem pi\u0161kotkov onemogo\u010dite delovanje funkcij spletnega mesta ali povzro\u010dite druga\u010dno delovanje in videz v va\u0161em brskalniku.<\/p>\n\n\n\n<h2 class=\"wp-block-heading\"><strong>9. Statistika<\/strong><\/h2>\n\n\n\n<p>Spletna stran www.podravka.si uporablja orodje Google Analytics za statisti\u010dno spremljanje uporabni\u0161ke dejavnosti. Uporabni\u0161ka dejavnost se spremlja zato, da se zagotovi pravilno delovanje spletne strani in zaradi izbolj\u0161anja strani in uporabni\u0161ke izku\u0161nje. Google Analytics ne omogo\u010da identifikacije uporabnika, \u010deprav obdeluje nekatere vrste zasebnih podatkov, kot je naslov IP. To se dose\u017ee z zbiranjem podatkov in anonimizacijskih tehnik, kot je maskiranje naslova IP.<\/p>\n\n\n\n<p>Da bi vam zagotovili bolj\u0161o uporabni\u0161ko izku\u0161njo in u\u010dinkovito na\u010drtovali prihodnje dejavnosti, uporabljamo orodje Google Analytics Advertising Reporting Features, ki ponuja vpogled v podatke o spolu, starosti in interesih uporabnika. Ti podatki temeljijo na pi\u0161kotkih tretje strani, ki so prav tako anonimni in ne morejo identificirati uporabnikov.<\/p>\n\n\n\n<p>Podrobne informacije o tej storitvi in pi\u0161kotkih, ki jih uporablja, ter o mo\u017enostih uporabnika, da uredijo sledenje lastnim dejavnostim, so na voljo na:&nbsp;<a href=\"http:\/\/www.google.com\/analytics\/learn\/privacy.html\">http:\/\/www.google.com\/analytics\/learn\/privacy.html<\/a>.<\/p>\n\n\n\n<p>Ta pravila so bila nazadnje posodobljena 12.03. 2024.<\/p>\n","protected":false},"excerpt":{"rendered":"<p>1. Splo\u0161ne informacije V teh pravilih o varstvu zasebnosti (v nadaljevanju: pravila) je navedeno, katere va\u0161e osebne podatke pridobivamo, na kak\u0161en na\u010din jih obdelujemo in za katere namene jih uporabljamo. Opisane so tudi va\u0161e pravice, povezane z va\u0161imi podatki. Podravka d.d., Koprivnica, Ante Star\u010devi\u0107a 32, D\u0160 18928523252 (v nadaljevanju: \u201cPodravka\u201c ali \u201cmi\u201c) obdeluje osebne podatke [&hellip;]<\/p>\n","protected":false},"author":3,"featured_media":0,"parent":0,"menu_order":0,"comment_status":"closed","ping_status":"closed","template":"","meta":{"_acf_changed":false,"ep_exclude_from_search":false,"footnotes":""},"class_list":["post-36","page","type-page","status-publish","hentry"],"acf":[],"yoast_head":"<!-- This site is optimized with the Yoast SEO plugin v25.1 - https:\/\/yoast.com\/wordpress\/plugins\/seo\/ -->\n<title>Vegeta nagradna igra \u2013 osvoji 7-dnevni pobeg z Vegeta Pocket - Vegeta<\/title>\n<meta name=\"description\" content=\"Sodeluj v Vegetini nagradni igri! Premagaj najve\u010djekuharske izzive in osvoji nepozaben 7-dnevni pobeg ter druge privla\u010dne nagrade.\" \/>\n<meta name=\"robots\" content=\"index, follow, max-snippet:-1, max-image-preview:large, max-video-preview:-1\" \/>\n<link rel=\"canonical\" href=\"https:\/\/vegeta.com\/si\/zascita-zasebnosti\/\" \/>\n<meta property=\"og:locale\" content=\"sl_SI\" \/>\n<meta property=\"og:type\" content=\"article\" \/>\n<meta property=\"og:title\" content=\"Vegeta nagradna igra \u2013 osvoji 7-dnevni pobeg z Vegeta Pocket - Vegeta\" \/>\n<meta property=\"og:description\" content=\"Sodeluj v Vegetini nagradni igri! Premagaj najve\u010djekuharske izzive in osvoji nepozaben 7-dnevni pobeg ter druge privla\u010dne nagrade.\" \/>\n<meta property=\"og:url\" content=\"https:\/\/vegeta.com\/si\/zascita-zasebnosti\/\" \/>\n<meta property=\"og:site_name\" content=\"Vegeta\" \/>\n<meta property=\"article:modified_time\" content=\"2025-07-02T07:13:47+00:00\" \/>\n<meta property=\"og:image\" content=\"https:\/\/cdn.vegeta.com\/slo\/2025\/12\/image-social-share-default.png\" \/>\n\t<meta property=\"og:image:width\" content=\"1200\" \/>\n\t<meta property=\"og:image:height\" content=\"630\" \/>\n\t<meta property=\"og:image:type\" content=\"image\/png\" \/>\n<meta name=\"twitter:card\" content=\"summary_large_image\" \/>\n<meta name=\"twitter:label1\" content=\"Est. reading time\" \/>\n\t<meta name=\"twitter:data1\" content=\"9 minutes\" \/>\n<script type=\"application\/ld+json\" class=\"yoast-schema-graph\">{\"@context\":\"https:\/\/schema.org\",\"@graph\":[{\"@type\":\"WebPage\",\"@id\":\"https:\/\/vegeta.com\/si\/zascita-zasebnosti\/\",\"url\":\"https:\/\/vegeta.com\/si\/zascita-zasebnosti\/\",\"name\":\"Vegeta nagradna igra \u2013 osvoji 7-dnevni pobeg z Vegeta Pocket - Vegeta\",\"isPartOf\":{\"@id\":\"https:\/\/vegeta.com\/en\/#website\"},\"datePublished\":\"2023-05-09T11:35:21+00:00\",\"dateModified\":\"2025-07-02T07:13:47+00:00\",\"description\":\"Sodeluj v Vegetini nagradni igri! Premagaj najve\u010djekuharske izzive in osvoji nepozaben 7-dnevni pobeg ter druge privla\u010dne nagrade.\",\"breadcrumb\":{\"@id\":\"https:\/\/vegeta.com\/si\/zascita-zasebnosti\/#breadcrumb\"},\"inLanguage\":\"sl-SI\",\"potentialAction\":[{\"@type\":\"ReadAction\",\"target\":[\"https:\/\/vegeta.com\/si\/zascita-zasebnosti\/\"]}]},{\"@type\":\"BreadcrumbList\",\"@id\":\"https:\/\/vegeta.com\/si\/zascita-zasebnosti\/#breadcrumb\",\"itemListElement\":[{\"@type\":\"ListItem\",\"position\":1,\"name\":\"Home\",\"item\":\"https:\/\/vegeta.com\/si\/\"},{\"@type\":\"ListItem\",\"position\":2,\"name\":\"Za\u0161\u010dita zasebnosti\"}]},{\"@type\":\"WebSite\",\"@id\":\"https:\/\/vegeta.com\/en\/#website\",\"url\":\"https:\/\/vegeta.com\/en\/\",\"name\":\"Vegeta\",\"description\":\"\",\"publisher\":{\"@id\":\"https:\/\/vegeta.com\/en\/#organization\"},\"potentialAction\":[{\"@type\":\"SearchAction\",\"target\":{\"@type\":\"EntryPoint\",\"urlTemplate\":\"https:\/\/vegeta.com\/en\/?s={search_term_string}\"},\"query-input\":{\"@type\":\"PropertyValueSpecification\",\"valueRequired\":true,\"valueName\":\"search_term_string\"}}],\"inLanguage\":\"sl-SI\"},{\"@type\":\"Organization\",\"@id\":\"https:\/\/vegeta.com\/en\/#organization\",\"name\":\"Vegeta\",\"url\":\"https:\/\/vegeta.com\/en\/\",\"logo\":{\"@type\":\"ImageObject\",\"inLanguage\":\"sl-SI\",\"@id\":\"https:\/\/vegeta.com\/en\/#\/schema\/logo\/image\/\",\"url\":\"https:\/\/cdn.vegeta.com\/slo\/2023\/09\/image-vegeta-app-1024.png\",\"contentUrl\":\"https:\/\/cdn.vegeta.com\/slo\/2023\/09\/image-vegeta-app-1024.png\",\"width\":946,\"height\":944,\"caption\":\"Vegeta\"},\"image\":{\"@id\":\"https:\/\/vegeta.com\/en\/#\/schema\/logo\/image\/\"}}]}<\/script>\n<!-- \/ Yoast SEO plugin. -->","yoast_head_json":{"title":"Vegeta nagradna igra \u2013 osvoji 7-dnevni pobeg z Vegeta Pocket - Vegeta","description":"Sodeluj v Vegetini nagradni igri! Premagaj najve\u010djekuharske izzive in osvoji nepozaben 7-dnevni pobeg ter druge privla\u010dne nagrade.","robots":{"index":"index","follow":"follow","max-snippet":"max-snippet:-1","max-image-preview":"max-image-preview:large","max-video-preview":"max-video-preview:-1"},"canonical":"https:\/\/vegeta.com\/si\/zascita-zasebnosti\/","og_locale":"sl_SI","og_type":"article","og_title":"Vegeta nagradna igra \u2013 osvoji 7-dnevni pobeg z Vegeta Pocket - Vegeta","og_description":"Sodeluj v Vegetini nagradni igri! Premagaj najve\u010djekuharske izzive in osvoji nepozaben 7-dnevni pobeg ter druge privla\u010dne nagrade.","og_url":"https:\/\/vegeta.com\/si\/zascita-zasebnosti\/","og_site_name":"Vegeta","article_modified_time":"2025-07-02T07:13:47+00:00","og_image":[{"width":1200,"height":630,"url":"https:\/\/cdn.vegeta.com\/slo\/2025\/12\/image-social-share-default.png","type":"image\/png"}],"twitter_card":"summary_large_image","twitter_misc":{"Est. reading time":"9 minutes"},"schema":{"@context":"https:\/\/schema.org","@graph":[{"@type":"WebPage","@id":"https:\/\/vegeta.com\/si\/zascita-zasebnosti\/","url":"https:\/\/vegeta.com\/si\/zascita-zasebnosti\/","name":"Vegeta nagradna igra \u2013 osvoji 7-dnevni pobeg z Vegeta Pocket - Vegeta","isPartOf":{"@id":"https:\/\/vegeta.com\/en\/#website"},"datePublished":"2023-05-09T11:35:21+00:00","dateModified":"2025-07-02T07:13:47+00:00","description":"Sodeluj v Vegetini nagradni igri! Premagaj najve\u010djekuharske izzive in osvoji nepozaben 7-dnevni pobeg ter druge privla\u010dne nagrade.","breadcrumb":{"@id":"https:\/\/vegeta.com\/si\/zascita-zasebnosti\/#breadcrumb"},"inLanguage":"sl-SI","potentialAction":[{"@type":"ReadAction","target":["https:\/\/vegeta.com\/si\/zascita-zasebnosti\/"]}]},{"@type":"BreadcrumbList","@id":"https:\/\/vegeta.com\/si\/zascita-zasebnosti\/#breadcrumb","itemListElement":[{"@type":"ListItem","position":1,"name":"Home","item":"https:\/\/vegeta.com\/si\/"},{"@type":"ListItem","position":2,"name":"Za\u0161\u010dita zasebnosti"}]},{"@type":"WebSite","@id":"https:\/\/vegeta.com\/en\/#website","url":"https:\/\/vegeta.com\/en\/","name":"Vegeta","description":"","publisher":{"@id":"https:\/\/vegeta.com\/en\/#organization"},"potentialAction":[{"@type":"SearchAction","target":{"@type":"EntryPoint","urlTemplate":"https:\/\/vegeta.com\/en\/?s={search_term_string}"},"query-input":{"@type":"PropertyValueSpecification","valueRequired":true,"valueName":"search_term_string"}}],"inLanguage":"sl-SI"},{"@type":"Organization","@id":"https:\/\/vegeta.com\/en\/#organization","name":"Vegeta","url":"https:\/\/vegeta.com\/en\/","logo":{"@type":"ImageObject","inLanguage":"sl-SI","@id":"https:\/\/vegeta.com\/en\/#\/schema\/logo\/image\/","url":"https:\/\/cdn.vegeta.com\/slo\/2023\/09\/image-vegeta-app-1024.png","contentUrl":"https:\/\/cdn.vegeta.com\/slo\/2023\/09\/image-vegeta-app-1024.png","width":946,"height":944,"caption":"Vegeta"},"image":{"@id":"https:\/\/vegeta.com\/en\/#\/schema\/logo\/image\/"}}]}},"_links":{"self":[{"href":"https:\/\/vegeta.com\/si\/wp-json\/wp\/v2\/pages\/36","targetHints":{"allow":["GET"]}}],"collection":[{"href":"https:\/\/vegeta.com\/si\/wp-json\/wp\/v2\/pages"}],"about":[{"href":"https:\/\/vegeta.com\/si\/wp-json\/wp\/v2\/types\/page"}],"author":[{"embeddable":true,"href":"https:\/\/vegeta.com\/si\/wp-json\/wp\/v2\/users\/3"}],"replies":[{"embeddable":true,"href":"https:\/\/vegeta.com\/si\/wp-json\/wp\/v2\/comments?post=36"}],"version-history":[{"count":11,"href":"https:\/\/vegeta.com\/si\/wp-json\/wp\/v2\/pages\/36\/revisions"}],"predecessor-version":[{"id":5539,"href":"https:\/\/vegeta.com\/si\/wp-json\/wp\/v2\/pages\/36\/revisions\/5539"}],"wp:attachment":[{"href":"https:\/\/vegeta.com\/si\/wp-json\/wp\/v2\/media?parent=36"}],"curies":[{"name":"wp","href":"https:\/\/api.w.org\/{rel}","templated":true}]}}