{"id":19,"date":"2023-04-17T13:54:41","date_gmt":"2023-04-17T13:54:41","guid":{"rendered":"https:\/\/staging.vegeta.com\/hr\/?page_id=19"},"modified":"2026-03-04T10:38:55","modified_gmt":"2026-03-04T10:38:55","slug":"zgodba-o-kakovosti","status":"publish","type":"page","link":"https:\/\/vegeta.com\/si\/zgodba-o-kakovosti\/","title":{"rendered":"Zgodba o kakovosti"},"content":{"rendered":"\n<div class=\"gb-hero-special-page\">\n\t<div class=\"gb-hero-special-page__back-button c-container\">\n\t\t<a class=\"c-button-link c-button-link--left\"  href=\"https:\/\/vegeta.com\/si\"   data-pgtm=\"itemClick\"\n   data-pgtm-element-category=\"button\"\n   data-pgtm-element-label=\"NAZAJ\"\n   data-pgtm-element-page-location=\"body\"\n\t\t>\n\t<div class=\"c-button-link__arrow\">\n\t\t<div class=\"c-button-link__arrow__circle\"><\/div>\n\t\t<div class=\"c-button-link__arrow__icon\">\n\t\t\t<svg width=\"62\" height=\"14\" viewBox=\"0 0 62 14\" fill=\"none\" xmlns=\"http:\/\/www.w3.org\/2000\/svg\">\n<path d=\"M1 7L61 7M61 7L56.0413 1M61 7L56.0413 13\" stroke=\"#E9987F\" stroke-width=\"2\" stroke-linecap=\"round\" stroke-linejoin=\"round\"\/>\n<\/svg>\n\n\t\t<\/div>\n\t<\/div>\n\t<span class=\"c-button-link__text\">NAZAJ<\/span>\n<\/a>\n\t<\/div>\n\t<div class=\"gb-hero-special-page__content c-container\">\n\t\t<h1 class=\"gb-hero-special-page__content__title\">Kakovost, ki jo prepoznate<\/h1>\n\t\t<p class=\"gb-hero-special-page__content__description\">Na\u0161 glavni cilj je hrana izjemne kakovosti in strogo kontroliranega porekla za hitro in enostavno pripravo. Vsakodnevno vlagamo velike napore za doseg tega cilja.<\/p>\n\t<\/div>\n<\/div>\n\n\n\n\n\n<div class=\"gb-full-width-image gb-full-width-image--background-blue\">\n\t<div class=\"gb-full-width-image__picture\"\n\t\t style=\"background-image: url(https:\/\/cdn.staging.vegeta.com\/media\/2023\/10\/vegeta-full.png)\"><\/div>\n<\/div>\n\n\n\n\n\n<div class=\"gb-title-with-description-and-image gb-title-with-description-and-image--background-light-green gb-title-with-description-and-image--primary-dark-green gb-title-with-description-and-image--secondary-dark-brown\">\n\t<div class=\"gb-title-with-description-and-image__center-container\">\n\t\t<div class=\"gb-title-with-description-and-image__center-container__content-container c-container\">\n\t\t\t<div class=\"gb-title-with-description-and-image__center-container__content-container__top-container\">\n\t\t\t\t<h2 class=\"gb-title-with-description-and-image__center-container__content-container__top-container__title\">\n\t\t\t\t\tZeleni koraki\n\t\t\t\t<\/h2>\n\t\t\t\t<p class=\"gb-title-with-description-and-image__center-container__content-container__top-container__subtitle\">\n\t\t\t\t\t<br>Vegeta BIO predstavlja na\u0161e poslanstvo prihodnosti. To je zeleni korak k ekolo\u0161ki pridelavi sestavin. Vegeta BIO vsebuje <strong>ve\u010d kot 10 vrst ekolo\u0161ko pridelane zelenjave in za\u010dimb<\/strong>, morsko sol, ne vsebuje dodatne sladkorje, gluten, laktozo, aditive in konzervanse in je primerna za uporabo v veganski prehrani.<br><br>Je izdelek po navdihu na\u0161ih potro\u0161nikov in <strong>vodilo k nadaljnim ciljem ekolo\u0161ke pridelave<\/strong>.\n\t\t\t\t<\/p>\n\t\t\t<\/div>\n\t\t\t<div class=\"gb-title-with-description-and-image__center-container__content-container__img-container\">\n\t\t\t\t\n\n<figure class=\"wp-block-image size-large\"><img loading=\"lazy\" decoding=\"async\" width=\"1024\" height=\"515\" src=\"https:\/\/staging.vegeta.com\/hr\/wp-content\/uploads\/2023\/10\/vegeta-bio-full-1024x515.png\" alt=\"\" class=\"wp-image-4117\" srcset=\"https:\/\/cdn.vegeta.com\/slo\/2023\/10\/vegeta-bio-full-1024x515.png 1024w, https:\/\/cdn.vegeta.com\/slo\/2023\/10\/vegeta-bio-full-300x151.png 300w, https:\/\/cdn.vegeta.com\/slo\/2023\/10\/vegeta-bio-full-768x386.png 768w, https:\/\/cdn.vegeta.com\/slo\/2023\/10\/vegeta-bio-full.png 1256w\" sizes=\"auto, (max-width: 1024px) 100vw, 1024px\" \/><\/figure>\n\n\n\t\t\t<\/div>\n\t\t<\/div>\n\t<\/div>\n<\/div>\n\n\n\n\n\n<div class=\"gb-full-width-image gb-full-width-image--background-image\">\n\t<div class=\"gb-full-width-image__picture\"\n\t\t style=\"background-image: url(https:\/\/cdn.staging.vegeta.com\/media\/2023\/10\/full-2.png)\"><\/div>\n<\/div>\n\n\n\n\n\n<div class=\"gb-title-with-description-and-image gb-title-with-description-and-image--background-beige gb-title-with-description-and-image--primary-dark-blue gb-title-with-description-and-image--secondary-dark-brown\">\n\t<div class=\"gb-title-with-description-and-image__center-container\">\n\t\t<div class=\"gb-title-with-description-and-image__center-container__content-container c-container\">\n\t\t\t<div class=\"gb-title-with-description-and-image__center-container__content-container__top-container\">\n\t\t\t\t<h2 class=\"gb-title-with-description-and-image__center-container__content-container__top-container__title\">\n\t\t\t\t\tVegeta okoli sveta\n\t\t\t\t<\/h2>\n\t\t\t\t<p class=\"gb-title-with-description-and-image__center-container__content-container__top-container__subtitle\">\n\t\t\t\t\tOsem milijard \u017elic navdiha, obogati jedi po vsem svetu.\n\t\t\t\t<\/p>\n\t\t\t<\/div>\n\t\t\t<div class=\"gb-title-with-description-and-image__center-container__content-container__img-container\">\n\t\t\t\t\n\n<figure class=\"wp-block-image size-large\"><img loading=\"lazy\" decoding=\"async\" width=\"1024\" height=\"519\" src=\"https:\/\/cdn.vegeta.com\/slo\/2026\/03\/image-world-map-1024x519.webp\" alt=\"\" class=\"wp-image-11533\" srcset=\"https:\/\/cdn.vegeta.com\/slo\/2026\/03\/image-world-map-1024x519.webp 1024w, https:\/\/cdn.vegeta.com\/slo\/2026\/03\/image-world-map-300x152.webp 300w, https:\/\/cdn.vegeta.com\/slo\/2026\/03\/image-world-map-768x389.webp 768w, https:\/\/cdn.vegeta.com\/slo\/2026\/03\/image-world-map-1536x779.webp 1536w, https:\/\/cdn.vegeta.com\/slo\/2026\/03\/image-world-map-2048x1038.webp 2048w\" sizes=\"auto, (max-width: 1024px) 100vw, 1024px\" \/><\/figure>\n\n\n\t\t\t<\/div>\n\t\t<\/div>\n\t<\/div>\n<\/div>\n","protected":false},"excerpt":{"rendered":"","protected":false},"author":3,"featured_media":0,"parent":0,"menu_order":0,"comment_status":"closed","ping_status":"closed","template":"special-single-page.php","meta":{"_acf_changed":false,"ep_exclude_from_search":false,"footnotes":""},"class_list":["post-19","page","type-page","status-publish","hentry"],"acf":[],"yoast_head":"<!-- This site is optimized with the Yoast SEO plugin v25.1 - https:\/\/yoast.com\/wordpress\/plugins\/seo\/ -->\n<title>Vegeta nagradna igra \u2013 osvoji 7-dnevni pobeg z Vegeta Pocket - Vegeta<\/title>\n<meta name=\"description\" content=\"Sodeluj v Vegetini nagradni igri! Premagaj najve\u010djekuharske izzive in osvoji nepozaben 7-dnevni pobeg ter druge privla\u010dne nagrade.\" \/>\n<meta name=\"robots\" content=\"index, follow, max-snippet:-1, max-image-preview:large, max-video-preview:-1\" \/>\n<link rel=\"canonical\" href=\"https:\/\/vegeta.com\/si\/zgodba-o-kakovosti\/\" \/>\n<meta property=\"og:locale\" content=\"sl_SI\" \/>\n<meta property=\"og:type\" content=\"article\" \/>\n<meta property=\"og:title\" content=\"Vegeta nagradna igra \u2013 osvoji 7-dnevni pobeg z Vegeta Pocket - Vegeta\" \/>\n<meta property=\"og:description\" content=\"Sodeluj v Vegetini nagradni igri! Premagaj najve\u010djekuharske izzive in osvoji nepozaben 7-dnevni pobeg ter druge privla\u010dne nagrade.\" \/>\n<meta property=\"og:url\" content=\"https:\/\/vegeta.com\/si\/zgodba-o-kakovosti\/\" \/>\n<meta property=\"og:site_name\" content=\"Vegeta\" \/>\n<meta property=\"article:modified_time\" content=\"2026-03-04T10:38:55+00:00\" \/>\n<meta property=\"og:image\" content=\"https:\/\/staging.vegeta.com\/hr\/wp-content\/uploads\/2023\/10\/vegeta-bio-full-1024x515.png\" \/>\n<meta name=\"twitter:card\" content=\"summary_large_image\" \/>\n<meta name=\"twitter:label1\" content=\"Est. reading time\" \/>\n\t<meta name=\"twitter:data1\" content=\"1 minute\" \/>\n<script type=\"application\/ld+json\" class=\"yoast-schema-graph\">{\"@context\":\"https:\/\/schema.org\",\"@graph\":[{\"@type\":\"WebPage\",\"@id\":\"https:\/\/vegeta.com\/si\/zgodba-o-kakovosti\/\",\"url\":\"https:\/\/vegeta.com\/si\/zgodba-o-kakovosti\/\",\"name\":\"Vegeta nagradna igra \u2013 osvoji 7-dnevni pobeg z Vegeta Pocket - Vegeta\",\"isPartOf\":{\"@id\":\"https:\/\/vegeta.com\/en\/#website\"},\"primaryImageOfPage\":{\"@id\":\"https:\/\/vegeta.com\/si\/zgodba-o-kakovosti\/#primaryimage\"},\"image\":{\"@id\":\"https:\/\/vegeta.com\/si\/zgodba-o-kakovosti\/#primaryimage\"},\"thumbnailUrl\":\"https:\/\/staging.vegeta.com\/hr\/wp-content\/uploads\/2023\/10\/vegeta-bio-full-1024x515.png\",\"datePublished\":\"2023-04-17T13:54:41+00:00\",\"dateModified\":\"2026-03-04T10:38:55+00:00\",\"description\":\"Sodeluj v Vegetini nagradni igri! Premagaj najve\u010djekuharske izzive in osvoji nepozaben 7-dnevni pobeg ter druge privla\u010dne nagrade.\",\"breadcrumb\":{\"@id\":\"https:\/\/vegeta.com\/si\/zgodba-o-kakovosti\/#breadcrumb\"},\"inLanguage\":\"sl-SI\",\"potentialAction\":[{\"@type\":\"ReadAction\",\"target\":[\"https:\/\/vegeta.com\/si\/zgodba-o-kakovosti\/\"]}]},{\"@type\":\"ImageObject\",\"inLanguage\":\"sl-SI\",\"@id\":\"https:\/\/vegeta.com\/si\/zgodba-o-kakovosti\/#primaryimage\",\"url\":\"https:\/\/staging.vegeta.com\/hr\/wp-content\/uploads\/2023\/10\/vegeta-bio-full-1024x515.png\",\"contentUrl\":\"https:\/\/staging.vegeta.com\/hr\/wp-content\/uploads\/2023\/10\/vegeta-bio-full-1024x515.png\"},{\"@type\":\"BreadcrumbList\",\"@id\":\"https:\/\/vegeta.com\/si\/zgodba-o-kakovosti\/#breadcrumb\",\"itemListElement\":[{\"@type\":\"ListItem\",\"position\":1,\"name\":\"Home\",\"item\":\"https:\/\/vegeta.com\/si\/\"},{\"@type\":\"ListItem\",\"position\":2,\"name\":\"Zgodba o kakovosti\"}]},{\"@type\":\"WebSite\",\"@id\":\"https:\/\/vegeta.com\/en\/#website\",\"url\":\"https:\/\/vegeta.com\/en\/\",\"name\":\"Vegeta\",\"description\":\"\",\"publisher\":{\"@id\":\"https:\/\/vegeta.com\/en\/#organization\"},\"potentialAction\":[{\"@type\":\"SearchAction\",\"target\":{\"@type\":\"EntryPoint\",\"urlTemplate\":\"https:\/\/vegeta.com\/en\/?s={search_term_string}\"},\"query-input\":{\"@type\":\"PropertyValueSpecification\",\"valueRequired\":true,\"valueName\":\"search_term_string\"}}],\"inLanguage\":\"sl-SI\"},{\"@type\":\"Organization\",\"@id\":\"https:\/\/vegeta.com\/en\/#organization\",\"name\":\"Vegeta\",\"url\":\"https:\/\/vegeta.com\/en\/\",\"logo\":{\"@type\":\"ImageObject\",\"inLanguage\":\"sl-SI\",\"@id\":\"https:\/\/vegeta.com\/en\/#\/schema\/logo\/image\/\",\"url\":\"https:\/\/cdn.vegeta.com\/slo\/2023\/09\/image-vegeta-app-1024.png\",\"contentUrl\":\"https:\/\/cdn.vegeta.com\/slo\/2023\/09\/image-vegeta-app-1024.png\",\"width\":946,\"height\":944,\"caption\":\"Vegeta\"},\"image\":{\"@id\":\"https:\/\/vegeta.com\/en\/#\/schema\/logo\/image\/\"}}]}<\/script>\n<!-- \/ Yoast SEO plugin. -->","yoast_head_json":{"title":"Vegeta nagradna igra \u2013 osvoji 7-dnevni pobeg z Vegeta Pocket - Vegeta","description":"Sodeluj v Vegetini nagradni igri! Premagaj najve\u010djekuharske izzive in osvoji nepozaben 7-dnevni pobeg ter druge privla\u010dne nagrade.","robots":{"index":"index","follow":"follow","max-snippet":"max-snippet:-1","max-image-preview":"max-image-preview:large","max-video-preview":"max-video-preview:-1"},"canonical":"https:\/\/vegeta.com\/si\/zgodba-o-kakovosti\/","og_locale":"sl_SI","og_type":"article","og_title":"Vegeta nagradna igra \u2013 osvoji 7-dnevni pobeg z Vegeta Pocket - Vegeta","og_description":"Sodeluj v Vegetini nagradni igri! Premagaj najve\u010djekuharske izzive in osvoji nepozaben 7-dnevni pobeg ter druge privla\u010dne nagrade.","og_url":"https:\/\/vegeta.com\/si\/zgodba-o-kakovosti\/","og_site_name":"Vegeta","article_modified_time":"2026-03-04T10:38:55+00:00","og_image":[{"url":"https:\/\/staging.vegeta.com\/hr\/wp-content\/uploads\/2023\/10\/vegeta-bio-full-1024x515.png","type":"","width":"","height":""}],"twitter_card":"summary_large_image","twitter_misc":{"Est. reading time":"1 minute"},"schema":{"@context":"https:\/\/schema.org","@graph":[{"@type":"WebPage","@id":"https:\/\/vegeta.com\/si\/zgodba-o-kakovosti\/","url":"https:\/\/vegeta.com\/si\/zgodba-o-kakovosti\/","name":"Vegeta nagradna igra \u2013 osvoji 7-dnevni pobeg z Vegeta Pocket - Vegeta","isPartOf":{"@id":"https:\/\/vegeta.com\/en\/#website"},"primaryImageOfPage":{"@id":"https:\/\/vegeta.com\/si\/zgodba-o-kakovosti\/#primaryimage"},"image":{"@id":"https:\/\/vegeta.com\/si\/zgodba-o-kakovosti\/#primaryimage"},"thumbnailUrl":"https:\/\/staging.vegeta.com\/hr\/wp-content\/uploads\/2023\/10\/vegeta-bio-full-1024x515.png","datePublished":"2023-04-17T13:54:41+00:00","dateModified":"2026-03-04T10:38:55+00:00","description":"Sodeluj v Vegetini nagradni igri! Premagaj najve\u010djekuharske izzive in osvoji nepozaben 7-dnevni pobeg ter druge privla\u010dne nagrade.","breadcrumb":{"@id":"https:\/\/vegeta.com\/si\/zgodba-o-kakovosti\/#breadcrumb"},"inLanguage":"sl-SI","potentialAction":[{"@type":"ReadAction","target":["https:\/\/vegeta.com\/si\/zgodba-o-kakovosti\/"]}]},{"@type":"ImageObject","inLanguage":"sl-SI","@id":"https:\/\/vegeta.com\/si\/zgodba-o-kakovosti\/#primaryimage","url":"https:\/\/staging.vegeta.com\/hr\/wp-content\/uploads\/2023\/10\/vegeta-bio-full-1024x515.png","contentUrl":"https:\/\/staging.vegeta.com\/hr\/wp-content\/uploads\/2023\/10\/vegeta-bio-full-1024x515.png"},{"@type":"BreadcrumbList","@id":"https:\/\/vegeta.com\/si\/zgodba-o-kakovosti\/#breadcrumb","itemListElement":[{"@type":"ListItem","position":1,"name":"Home","item":"https:\/\/vegeta.com\/si\/"},{"@type":"ListItem","position":2,"name":"Zgodba o kakovosti"}]},{"@type":"WebSite","@id":"https:\/\/vegeta.com\/en\/#website","url":"https:\/\/vegeta.com\/en\/","name":"Vegeta","description":"","publisher":{"@id":"https:\/\/vegeta.com\/en\/#organization"},"potentialAction":[{"@type":"SearchAction","target":{"@type":"EntryPoint","urlTemplate":"https:\/\/vegeta.com\/en\/?s={search_term_string}"},"query-input":{"@type":"PropertyValueSpecification","valueRequired":true,"valueName":"search_term_string"}}],"inLanguage":"sl-SI"},{"@type":"Organization","@id":"https:\/\/vegeta.com\/en\/#organization","name":"Vegeta","url":"https:\/\/vegeta.com\/en\/","logo":{"@type":"ImageObject","inLanguage":"sl-SI","@id":"https:\/\/vegeta.com\/en\/#\/schema\/logo\/image\/","url":"https:\/\/cdn.vegeta.com\/slo\/2023\/09\/image-vegeta-app-1024.png","contentUrl":"https:\/\/cdn.vegeta.com\/slo\/2023\/09\/image-vegeta-app-1024.png","width":946,"height":944,"caption":"Vegeta"},"image":{"@id":"https:\/\/vegeta.com\/en\/#\/schema\/logo\/image\/"}}]}},"_links":{"self":[{"href":"https:\/\/vegeta.com\/si\/wp-json\/wp\/v2\/pages\/19","targetHints":{"allow":["GET"]}}],"collection":[{"href":"https:\/\/vegeta.com\/si\/wp-json\/wp\/v2\/pages"}],"about":[{"href":"https:\/\/vegeta.com\/si\/wp-json\/wp\/v2\/types\/page"}],"author":[{"embeddable":true,"href":"https:\/\/vegeta.com\/si\/wp-json\/wp\/v2\/users\/3"}],"replies":[{"embeddable":true,"href":"https:\/\/vegeta.com\/si\/wp-json\/wp\/v2\/comments?post=19"}],"version-history":[{"count":20,"href":"https:\/\/vegeta.com\/si\/wp-json\/wp\/v2\/pages\/19\/revisions"}],"predecessor-version":[{"id":11534,"href":"https:\/\/vegeta.com\/si\/wp-json\/wp\/v2\/pages\/19\/revisions\/11534"}],"wp:attachment":[{"href":"https:\/\/vegeta.com\/si\/wp-json\/wp\/v2\/media?parent=19"}],"curies":[{"name":"wp","href":"https:\/\/api.w.org\/{rel}","templated":true}]}}