{"id":11475,"date":"2025-12-05T07:30:59","date_gmt":"2025-12-05T07:30:59","guid":{"rendered":"https:\/\/vegeta.com\/si\/?page_id=11475"},"modified":"2025-12-05T07:31:04","modified_gmt":"2025-12-05T07:31:04","slug":"pravila-o-uporabi-piskotkov","status":"publish","type":"page","link":"https:\/\/vegeta.com\/si\/pravila-o-uporabi-piskotkov\/","title":{"rendered":"Pravila o uporabi pi\u0161kotkov"},"content":{"rendered":"\n<h2 class=\"wp-block-heading\"><strong>Kaj so pi\u0161kotki?<\/strong><\/h2>\n\n\n\n<p>Pi\u0161kotek je mala besedilna datoteka, ki se shrani na ra\u010dunalnik ali mobilno napravo, ko obi\u0161\u010dete dolo\u010deno spletno mesto. S pomo\u010djo pi\u0161kotkov si spletno mesto zapomni va\u0161a dejanja in nastavitve (kot so prijava, jezik, velikost pisave in druge \u017eelene nastavitve, povezane s prikazovanjem) za dalj\u0161e obdobje, zato jih ni treba znova vnesti vsaki\u010d, ko se vrnete na spletno mesto ali brskate po njegovih razli\u010dnih straneh.<br><br>Ko boste obiskali <a href=\"https:\/\/vegeta.com\/si\/\">https:\/\/vegeta.com\/si\/<\/a> vas bomo prosili za soglasje za uporabo pi\u0161kotkov, ki niso potrebni za delovanje postaje.<br><br>Pi\u0161kotke smo razdelili na:<br><br><strong>a) Nujno potrebni pi\u0161kotki \u2013 vedno aktivni<\/strong><br>Ti pi\u0161kotki so potrebni za delovanje spletne strani in jih ni mogo\u010de izklopiti. Obi\u010dajno so nastavljeni le kot odgovor na va\u0161a dejanja, ki predstavljajo zahtevo za storitve, kot je nastavitev va\u0161ih nastavitev zasebnosti, prijava ali izpolnjevanje obrazcev. Brskalnik lahko nastavite tako, da blokira ali opozori na te pi\u0161kotke, vendar nekateri deli spletne strani takrat ne bodo delovali.<br><br><strong>b) Funkcionalni pi\u0161kotki<\/strong><br>Ti pi\u0161kotki spletnemu mestu omogo\u010dajo izbolj\u0161ano funkcionalnost in personalizacijo. Lahko jih nastavimo mi ali ponudniki storitev tretjih oseb, katerih storitve smo dodali na na\u0161e spletne strani. \u010ce teh pi\u0161kotkov ne dovolite, nekatere ali nobena od teh storitev morda ne bo delovala pravilno.<br><br><strong>c) Analiti\u010dni<\/strong><br>Ti pi\u0161kotki nam omogo\u010dajo \u0161tetje obiskov in virov prometa, da lahko merimo in izbolj\u0161amo delovanje na\u0161e spletne strani. Pomagajo nam ugotoviti, katere strani so najbolj in katere najmanj priljubljene, in videti, kako se obiskovalci premikajo po spletnem mestu. Vsi podatki, zbrani s temi pi\u0161kotki, so zdru\u017eeni in zato anonimni. \u010ce teh pi\u0161kotkov ne dovolite, ne bomo vedeli, kdaj ste obiskali na\u0161e spletne strani, in ne bomo mogli spremljati njihove u\u010dinkovitosti.<br><br>Pred privolitvijo vas bomo seznanili z nameni pi\u0161kotkov, ki spadajo v posamezno kategorijo, o imenih in trajanju pa si lahko preberete v III. poglavju teh pravil.<br><br>Podatke, ki se zbirajo na <a href=\"https:\/\/vegeta.com\/si\/\">https:\/\/vegeta.com\/si\/<\/a> obdeluje:\u00a0<br>Podravka d.d.<br>Ante Star\u010devi\u0107a 32<br>HR \u2013 48000 Koprivnica<br>Tel. 048\/653-077<br>Fax. 048\/653-088<br>Mob. 099\/6651-783<br><br><strong>Za za\u0161\u010dito podatkov se lahko obrnete na elektronski naslov: <a href=\"mailto:dpo@podravka.hr\">dpo@podravka.hr<\/a><\/strong><br><strong>Ve\u010d o uporabi pi\u0161kotkov preberite spodaj.<\/strong><\/p>\n\n\n\n<h2 class=\"wp-block-heading\"><strong>Kako uporabljamo pi\u0161kotke?<\/strong><\/h2>\n\n\n\n<p><a href=\"https:\/\/vegeta.com\/si\/\">https:\/\/vegeta.com\/si\/<\/a> uporablja pi\u0161kotke in podobne tehnologije za ve\u010d namenov, odvisno od konteksta ali izdelka, vklju\u010dno z naslednjimi:<br><br>1) Za\u010dasni pi\u0161kotki za vnos uporabnika (session-id) in\/ali trajni pi\u0161kotki, ki so v nekaterih primerih omejeni na nekaj ur \u2013 uporabljamo jih za shranjevanje va\u0161ih preferenc in nastavitev na va\u0161i napravi ter za izbolj\u0161anje va\u0161e izku\u0161nje. Npr. za shranjevanje va\u0161ih osebnih preferenc v pi\u0161kotke, kar vam omogo\u010da, da vam ni treba znova in znova nastavljati preferenc. Poleg tega, \u010de se odjavite od oglasov na podlagi interesa, shranimo va\u0161o izbiro odjave v pi\u0161kotek na va\u0161i napravi.<br><br>2) Pi\u0161kotki za preverjanje avtenti\u010dnosti, ki se uporabljajo za storitve avtentikacije, med trajanjem ogleda strani \u2013 uporabljamo jih za preverjanje va\u0161e avtenti\u010dnosti. Ta pi\u0161kotek vam omogo\u010da premikanje od strani do strani, ne da bi se morali znova prijavljati na vsaki spletni strani. Prav tako lahko shranite svoje podatke za prijavo, da se vam ni treba prijaviti vsaki\u010d, ko se vrnete na spletno mesto.<br><br>3) Varnostni pi\u0161kotki, ki se uporabljajo za odkrivanje zlorab avtenti\u010dnosti, s \u010dasovno omejitvijo \u2013 uporabljamo jih za obdelavo informacij, ki nam omogo\u010dajo varnost ter za ugotavljanje goljufij in zlorab.<br><br>4) Pi\u0161kotki multimedijskih vsebin, kot so pi\u0161kotki za flash player, v \u010dasu ogleda strani.<br><br>5) Pi\u0161kotki za nalaganje v \u010dasu ogleda strani \u2013 uporabljamo jih za zapomnitev podatkov, ki nam jih posredujete. Te podatke shranimo v pi\u0161kotek in si jih tako zapomnimo.<br><br>6) Trajni pi\u0161kotki za prilagajanje uporabni\u0161kih vmesnikov v \u010dasu ogleda strani (ali malo dlje) \u2013 uporabljamo jih, da vam omogo\u010dimo povratne informacije na spletnem mestu.<br><br>7) Pi\u0161kotki tretjih oseb za skupno rabo vti\u010dnikov dru\u017ebenih omre\u017eij za prijavljene \u010dlane dru\u017ebenih omre\u017eij \u2013 nekatera na\u0161a spletna mesta vklju\u010dujejo pi\u0161kotke dru\u017ebenih medijev, vklju\u010dno s tistimi, ki uporabnikom, ki so prijavljeni v dru\u017ebeno omre\u017eje, omogo\u010dajo skupno rabo vsebine prek tega omre\u017eja. To se zgodi na spletnih straneh, ki vam omogo\u010dajo prijavo in registracijo prek ra\u010dunov dru\u017ebenih omre\u017eij in \u010de delite vsebino spletne strani na dru\u017ebenih omre\u017ejih (npr. prek gumba \u00bbLike\u00ab). Poseben vpliv na va\u0161o zasebnost se razlikuje od dru\u017ebenega omre\u017eja do dru\u017ebenega omre\u017eja in je odvisen od nastavitev zasebnosti, ki ste jih izbrali na teh omre\u017ejih. Kako upravljati s temi pi\u0161kotki, lahko izveste na njihovih spletnih straneh.\u00a0<br><br>Poleg omenjenih pi\u0161kotkov uporabljamo tudi:<br><br>1. pi\u0161kotke vti\u010dnika dru\u017ebenih omre\u017eij, namenjene sledenju;<br><br>2. pi\u0161kotke za razvoj in izbolj\u0161anje izdelkov ter storitev (oglasni pi\u0161kotki tretjih oseb) \u2013 pi\u0161kotke uporabljamo za zbiranje podatkov o va\u0161i spletni aktivnosti in za prepoznavanje va\u0161ih interesov, da vam lahko prikazujemo oglase, ki bi vas lahko najbolj zanimali. Od prejemanja oglasov na podlagi interesov se lahko tudi odjavite, kot je opisano v na\u0161ih pravilih o zasebnosti. Pi\u0161kotke uporabljamo tudi za bele\u017eenje, npr. koliko obiskovalcev je kliknilo na oglas in katere oglase ste videli, tako da se vam ne prikazujejo vedno isti;<br><br>3. funkcionalne pi\u0161kotke (analiti\u010dne (statisti\u010dne) pi\u0161kotke) \u2013 uporabljamo pi\u0161kotke prve in tretje osebe ter druge identifikatorje za zbiranje podatkov o uporabi in delovanju, npr.: uporabljamo jih lahko za \u0161tetje edinstvenih obiskovalcev nekega spletnega mesta ali storitve ter za razvoj drugih statistik o delovanju na\u0161ih spletnih mest in izdelkov ali pa da za namen izbolj\u0161av ugotovimo, kako delujejo na\u0161i izdelki (npr. uporabljamo pi\u0161kotke za zbiranje podatkov, ki pomagajo porazdeliti bremena). To na\u0161im spletnim mestom omogo\u010da, da delujejo.<br><br><em>Podravka ne more v celoti vplivati \u200b\u200bna obdelavo osebnih podatkov s strani tretje osebe<\/em><br><br><em>Podravka ne uporablja pi\u0161kotkov za namene, ki niso opisani v na\u0161ih pravilih o zasebnosti in teh pravilih.<\/em><br><br>Poleg tega je pomembno opozoriti, da nekateri videoposnetki na na\u0161ih straneh uporabljajo pi\u0161kotek za anonimno zbiranje statisti\u010dnih podatkov o tem, kako ste pri\u0161li na spletno stran, in o videoposnetkih, ki ste si jih ogledali.<br><br>Omogo\u010danje teh pi\u0161kotkov ni nujno potrebno za spletno stran, vendar vam bo omogo\u010dilo bolj\u0161o izku\u0161njo brskanja.<br><br>Te pi\u0161kotke lahko izbri\u0161ete ali blokirate, a \u010de to storite, nekatere funkcije te spletne strani morda ne bodo delovale.<\/p>\n\n\n\n<h2 class=\"wp-block-heading\"><strong>Ime, trajanje in namen pi\u0161kotkov<\/strong><\/h2>\n\n\n\n<p>Ve\u010d informacij lahko najdete na naslednji <a href=\"#\" class=\"kc-show-preferences\">povezavi<\/a><\/p>\n\n\n\n<h2 class=\"wp-block-heading\"><strong>Ali uporabljamo druge pi\u0161kotke?<\/strong><\/h2>\n\n\n\n<p>Nekatere na\u0161e strani ali podstrani lahko uporabljajo dodatne in\/ali druga\u010dne pi\u0161kotke od prej navedenih in opisanih. Npr.:<br><br>&#8211; podjetja, ki jih najamemo za zagotavljanje storitev v na\u0161em imenu, kot je analitika spletnih mest, nastavijo pi\u0161kotke, ko obi\u0161\u010dete na\u0161e spletne strani;<br><br>&#8211; podjetja, ki na na\u0161ih spletnih straneh zagotavljajo vsebino, kot so videoposnetki, novice ali oglasi, nastavijo lastne pi\u0161kotke. Omenjena podjetja uporabljajo podatke, ki jih obdelujejo, v skladu s svojimi predpisi o varstvu podatkov, kar tem podjetjem lahko omogo\u010di zbiranje in kombiniranje informacij o va\u0161ih dejavnostih z ve\u010d spletnih mest, aplikacij ali spletnih storitev.<br><br>Podrobnosti o njih vam bodo na voljo v trenutku, ko se pojavijo, in takrat vas bomo prosili za privolitev, \u010de je niste \u017ee dali, za shranjevanje tudi teh pi\u0161kotkov.<br><br>Seznam ponudnikov storitev, ki lahko namestijo pi\u0161kotke na na\u0161o spletno stran, je v prilogi.<\/p>\n\n\n\n<h2 class=\"wp-block-heading\"><strong>Katere pi\u0161kotke uporablja Google LLC in z njim povezana podjetja?<\/strong><\/h2>\n\n\n\n<p><em>Podravka uporablja tudi dolo\u010dene Googlove storitve, na podlagi katerih prek pi\u0161kotkov in Google LLC zbira dolo\u010dene osebne podatke (v nadaljevanju: Google).<\/em><br><br>Ko govorimo o Googlovih storitvah, se pod tem pojmom upo\u0161tevajo:<br><br>\u2013 Googlove aplikacije, spletna mesta in naprave, kot so Iskanje, YouTube in Google Home,<br>\u2013 platforme, kot sta brskalnik Chrome in operacijski sistem Android,<br>\u2013 izdelki, ki so integrirani v aplikacije in spletna mesta tretjih oseb, kot so Ads, Analytics in vgrajeni Googlovi zemljevidi.<\/p>\n\n\n\n<h3 class=\"wp-block-heading\"><strong>Uporaba pi\u0161kotkov za Analytics<\/strong><\/h3>\n\n\n\n<p>Google Analytics je orodje za analizo, ki lastnikom spletnih strani pomaga ugotoviti, kako njihovi obiskovalci uporabljajo mo\u017enosti njihovih strani in aplikacij. Lahko uporablja nabor pi\u0161kotkov za zbiranje informacij in poro\u010danje o statistiki uporabe spletnega mesta, ne da bi razkril identiteto posameznih uporabnikov Googla. Glavni pi\u0161kotek Google Analytics je \u00bb_ga\u00ab. Poleg poro\u010danja o statistiki uporabe spletnega mesta se lahko Google Analytics skupaj z nekaterimi zgoraj opisanimi oglasnimi pi\u0161kotki uporablja za prikaz ustreznej\u0161ih oglasov na Googlovih izdelkih (kot je Iskanje Google) in na spletu ter za merjenje interakcij z oglasi, ki jih prikazujemo.<br><br>Ve\u010d na: <a href=\"https:\/\/developers.google.com\/analytics\/devguides\/collection\/analyticsjs\/cookie-usage?hl=en_US\">https:\/\/developers.google.com\/analytics\/devguides\/collection\/analyticsjs\/cookie-usage?hl=hr<\/a><\/p>\n\n\n\n<h3 class=\"wp-block-heading\">Izvozite in izbri\u0161ite podatke, zbrane prek pi\u0161kotkov s pomo\u010djo Googlovih storitev<\/h3>\n\n\n\n<p>Kadarkoli lahko izvozite kopijo svojih podatkov ali jih izbri\u0161ete iz ra\u010duna Google.<br>Po \u017eelji lahko izvozite kopijo vsebine iz svojega ra\u010duna Google za varnostno kopiranje ali uporabo storitev zunaj Googla.<\/p>\n\n\n\n<p>\u010ce \u017eelite izbrisati svoje podatke, lahko:<br>\u2022 izbri\u0161ete vsebine iz dolo\u010denih Googlovih storitev,<br>\u2022 poi\u0161\u010dete in nato izbri\u0161ete dolo\u010dene postavke iz svojega ra\u010duna na strani Moja dejavnost,<br>\u2022 izbri\u0161ete dolo\u010dene Googlove izdelke, vklju\u010dno s podatki, povezanimi z njimi,<br>\u2022 izbri\u0161ete svoj celoten ra\u010dun Google.<br>\u010ce potrebujete dodatno pomo\u010d pri ra\u010dunu Google, se obrnite na administratorja.<br>Podravka ne more vplivati \u200b\u200bna va\u0161o uporabo in nastavitve ra\u010duna Google in spletnega brskalnika. \u010ce imate dodatna vpra\u0161anja ali potrebujete pojasnila, se lahko obrnete na Google in njihovo pisarno za za\u0161\u010dito zasebnosti, lahko pa se obrnete tudi na Agencijo za varstvo osebnih podatkov Republike Slovenije.<\/p>\n\n\n\n<h2 class=\"wp-block-heading\"><strong>Kako lahko nadzorujete pi\u0161kotke?<\/strong><\/h2>\n\n\n\n<p>Pi\u0161kotke lahko nadzorujete kadar koli, kar pomeni, da lahko ob vsakem obisku na https:\/\/vegeta.com\/si\/ izberete drugo kategorijo pi\u0161kotkov ali pa jih izbri\u0161ete. Vsekakor vas opozarjamo, da nujnih pi\u0161kotkov ne morete nadzorovati, saj brez njih spletno mesto ne more delovati, \u0161e posebej ne na ravni, ki jo vsi na\u0161i uporabniki (vpra\u0161ani) pri\u010dakujejo.<\/p>\n\n\n\n<p>Kot upravitelj strani https:\/\/vegeta.com\/si\/ smo vam navedeno omogo\u010dili prek pojavnega okna.<\/p>\n\n\n\n<h2 class=\"wp-block-heading\"><strong>Svoje izbire lahko kadar koli spremenite v nastavitvah brskalnika, ki ga uporabljate.<\/strong><\/h2>\n\n\n\n<p>Vse pi\u0161kotke, ki so \u017ee shranjeni na va\u0161em ra\u010dunalniku, lahko izbri\u0161ete, nastavitve ve\u010dine brskalnikov pa omogo\u010dajo blokiranje shranjevanja pi\u0161kotkov. \u010ce blokirate pi\u0161kotke, boste morda morali ro\u010dno prilagoditi nekatere nastavitve vsaki\u010d, ko obi\u0161\u010dete spletno mesto, dolo\u010dene storitve in funkcije pa morda ne bodo dostopne.<\/p>\n\n\n\n<h2 class=\"wp-block-heading\"><strong>Dodatne informacije o izklju\u010ditvi pi\u0161kotkov<\/strong><\/h2>\n\n\n\n<p>Trenutno je nekaj spletnih strani, kjer dobite informacije o izklju\u010ditvi pi\u0161kotkov za razli\u010dne storitve. Ve\u010d informacij najdete na spodnjih spletnih straneh:&nbsp;<\/p>\n\n\n\n<p><a href=\"http:\/\/www.allaboutcookies.org\/\">www.allaboutcookies.org<br><\/a><a href=\"http:\/\/www.youronlinechoices.com\/hr\">www.youronlinechoices.com\/hr<br><\/a><a href=\"http:\/\/www.aboutads.info\/choices\">www.aboutads.info\/choices<br><\/a><a href=\"https:\/\/developers.google.com\/analytics\/devguides\/collection\/analyticsjs\/cookie-usage\">https:\/\/developers.google.com\/analytics\/devguides\/collection\/analyticsjs\/cookie-usage<br><\/a><a href=\"http:\/\/www.addthis.com\/privacy\/privacy-policy\">http:\/\/www.addthis.com\/privacy\/privacy-policy<\/a><\/p>\n\n\n\n<p>Poleg zgoraj navedenih, so vam v pomo\u010d lahko tudi naslednje spletne strani&nbsp;<\/p>\n\n\n\n<p>\u2022 European Interactive Digital Advertising Alliance (EU)<br>\u2022 Internet Advertising Bureau (US)<br>\u2022Internet Advertising Bureau (EU)<\/p>\n\n\n\n<p>Trenutno je nekaj spletnih strani, kjer dobite informacije o izklju\u010ditvi pi\u0161kotkov za razli\u010dne storitve. Ve\u010d informacij najdete na spodnjih spletnih straneh:&nbsp;<\/p>\n\n\n\n<p><a href=\"http:\/\/www.allaboutcookies.org\/\">www.allaboutcookies.org<br><\/a><a href=\"http:\/\/www.youronlinechoices.com\/hr\">www.youronlinechoices.com\/hr<br><\/a><a href=\"http:\/\/www.aboutads.info\/choices\">www.aboutads.info\/choices<br><\/a><a href=\"https:\/\/developers.google.com\/analytics\/devguides\/collection\/analyticsjs\/cookie-usage\">https:\/\/developers.google.com\/analytics\/devguides\/collection\/analyticsjs\/cookie-usage<br><\/a><a href=\"http:\/\/www.addthis.com\/privacy\/privacy-policy\">http:\/\/www.addthis.com\/privacy\/privacy-policy<\/a><\/p>\n\n\n\n<p>Poleg zgoraj navedenih, so vam v pomo\u010d lahko tudi naslednje spletne strani&nbsp;<\/p>\n\n\n\n<p>\u2022&nbsp;<a href=\"https:\/\/edaa.eu\/\">European Interactive Digital Advertising Alliance (EU)<br><\/a>\u2022&nbsp;<a href=\"https:\/\/www.iab.com\/\">Internet Advertising Bureau (US)<br><\/a>\u2022&nbsp;<a href=\"https:\/\/iabeurope.eu\/\">Internet Advertising Bureau (EU)<br><\/a>\u2022&nbsp;<a href=\"https:\/\/www.google.com\/chrome\/\">Google Chrome<br><\/a>\u2022&nbsp;<a href=\"https:\/\/support.microsoft.com\/en-us\/windows\/internet-explorer-downloads-d49e1f0d-571c-9a7b-d97e-be248806ca70\">Internet Explorer<br><\/a>\u2022&nbsp;<a href=\"https:\/\/www.mozilla.org\/en-US\/firefox\/\">Mozilla Firefox<br><\/a>\u2022&nbsp;<a href=\"https:\/\/www.apple.com\/safari\/\">Safari (Desktop)<br><\/a>\u2022&nbsp;<a href=\"https:\/\/www.apple.com\/safari\/\">Safari (Mobile)<br><\/a>\u2022&nbsp;<a href=\"https:\/\/www.google.com\/chrome\/\">Android Browser<br><\/a>\u2022&nbsp;<a href=\"https:\/\/www.opera.com\/\">Opera<br><\/a>\u2022&nbsp;<a href=\"https:\/\/www.opera.com\/\">Opera Mobile<\/a><\/p>\n\n\n\n<h2 class=\"wp-block-heading\"><strong>Ponovno urejanje in nadzor pi\u0161kotkov<\/strong><\/h2>\n\n\n\n<p>Z vsakim obiskom na\u0161e spletne strani se lahko odlo\u010dite za (ponovno) urejanje in nadzor pi\u0161kotkov ter jih lahko kadar koli izbri\u0161ete in\/ali spremenite.<br>Podravka si pridr\u017euje pravico, da ta pravila kadar koli spremeni.<br>V primeru spreminjanja pi\u0161kotkov, dolo\u010denih s temi pravili, ali uvedbe novih, bo Podravka ta pravila spremenila in po potrebi zaprosila za ponovno privolitev subjekta \u2013 vse navedeno najkasneje v 7 dneh od nastopa okoli\u0161\u010din, zaradi katerih se ta pravilnik spremeni.<br>Na\u0161a poobla\u0161\u010dena oseba za varstvo podatkov je dosegljiva na <a href=\"mailto:dpo@podravka.hr\">dpo@podravka.hr<\/a>.<\/p>\n\n\n\n<p>A\u017eurirano 12.03.2024.<\/p>\n","protected":false},"excerpt":{"rendered":"<p>Kaj so pi\u0161kotki? Pi\u0161kotek je mala besedilna datoteka, ki se shrani na ra\u010dunalnik ali mobilno napravo, ko obi\u0161\u010dete dolo\u010deno spletno mesto. S pomo\u010djo pi\u0161kotkov si spletno mesto zapomni va\u0161a dejanja in nastavitve (kot so prijava, jezik, velikost pisave in druge \u017eelene nastavitve, povezane s prikazovanjem) za dalj\u0161e obdobje, zato jih ni treba znova vnesti vsaki\u010d, [&hellip;]<\/p>\n","protected":false},"author":3054,"featured_media":0,"parent":0,"menu_order":0,"comment_status":"closed","ping_status":"closed","template":"","meta":{"_acf_changed":false,"ep_exclude_from_search":false,"footnotes":""},"class_list":["post-11475","page","type-page","status-publish","hentry"],"acf":[],"yoast_head":"<!-- This site is optimized with the Yoast SEO plugin v25.1 - https:\/\/yoast.com\/wordpress\/plugins\/seo\/ -->\n<title>Vegeta nagradna igra \u2013 osvoji 7-dnevni pobeg z Vegeta Pocket - Vegeta<\/title>\n<meta name=\"description\" content=\"Sodeluj v Vegetini nagradni igri! Premagaj najve\u010djekuharske izzive in osvoji nepozaben 7-dnevni pobeg ter druge privla\u010dne nagrade.\" \/>\n<meta name=\"robots\" content=\"index, follow, max-snippet:-1, max-image-preview:large, max-video-preview:-1\" \/>\n<link rel=\"canonical\" href=\"https:\/\/vegeta.com\/si\/pravila-o-uporabi-piskotkov\/\" \/>\n<meta property=\"og:locale\" content=\"sl_SI\" \/>\n<meta property=\"og:type\" content=\"article\" \/>\n<meta property=\"og:title\" content=\"Vegeta nagradna igra \u2013 osvoji 7-dnevni pobeg z Vegeta Pocket - Vegeta\" \/>\n<meta property=\"og:description\" content=\"Sodeluj v Vegetini nagradni igri! Premagaj najve\u010djekuharske izzive in osvoji nepozaben 7-dnevni pobeg ter druge privla\u010dne nagrade.\" \/>\n<meta property=\"og:url\" content=\"https:\/\/vegeta.com\/si\/pravila-o-uporabi-piskotkov\/\" \/>\n<meta property=\"og:site_name\" content=\"Vegeta\" \/>\n<meta property=\"article:modified_time\" content=\"2025-12-05T07:31:04+00:00\" \/>\n<meta property=\"og:image\" content=\"https:\/\/cdn.vegeta.com\/slo\/2025\/12\/image-social-share-default.png\" \/>\n\t<meta property=\"og:image:width\" content=\"1200\" \/>\n\t<meta property=\"og:image:height\" content=\"630\" \/>\n\t<meta property=\"og:image:type\" content=\"image\/png\" \/>\n<meta name=\"twitter:card\" content=\"summary_large_image\" \/>\n<meta name=\"twitter:label1\" content=\"Est. reading time\" \/>\n\t<meta name=\"twitter:data1\" content=\"10 minutes\" \/>\n<script type=\"application\/ld+json\" class=\"yoast-schema-graph\">{\"@context\":\"https:\/\/schema.org\",\"@graph\":[{\"@type\":\"WebPage\",\"@id\":\"https:\/\/vegeta.com\/si\/pravila-o-uporabi-piskotkov\/\",\"url\":\"https:\/\/vegeta.com\/si\/pravila-o-uporabi-piskotkov\/\",\"name\":\"Vegeta nagradna igra \u2013 osvoji 7-dnevni pobeg z Vegeta Pocket - Vegeta\",\"isPartOf\":{\"@id\":\"https:\/\/vegeta.com\/en\/#website\"},\"datePublished\":\"2025-12-05T07:30:59+00:00\",\"dateModified\":\"2025-12-05T07:31:04+00:00\",\"description\":\"Sodeluj v Vegetini nagradni igri! Premagaj najve\u010djekuharske izzive in osvoji nepozaben 7-dnevni pobeg ter druge privla\u010dne nagrade.\",\"breadcrumb\":{\"@id\":\"https:\/\/vegeta.com\/si\/pravila-o-uporabi-piskotkov\/#breadcrumb\"},\"inLanguage\":\"sl-SI\",\"potentialAction\":[{\"@type\":\"ReadAction\",\"target\":[\"https:\/\/vegeta.com\/si\/pravila-o-uporabi-piskotkov\/\"]}]},{\"@type\":\"BreadcrumbList\",\"@id\":\"https:\/\/vegeta.com\/si\/pravila-o-uporabi-piskotkov\/#breadcrumb\",\"itemListElement\":[{\"@type\":\"ListItem\",\"position\":1,\"name\":\"Home\",\"item\":\"https:\/\/vegeta.com\/si\/\"},{\"@type\":\"ListItem\",\"position\":2,\"name\":\"Pravila o uporabi pi\u0161kotkov\"}]},{\"@type\":\"WebSite\",\"@id\":\"https:\/\/vegeta.com\/en\/#website\",\"url\":\"https:\/\/vegeta.com\/en\/\",\"name\":\"Vegeta\",\"description\":\"\",\"publisher\":{\"@id\":\"https:\/\/vegeta.com\/en\/#organization\"},\"potentialAction\":[{\"@type\":\"SearchAction\",\"target\":{\"@type\":\"EntryPoint\",\"urlTemplate\":\"https:\/\/vegeta.com\/en\/?s={search_term_string}\"},\"query-input\":{\"@type\":\"PropertyValueSpecification\",\"valueRequired\":true,\"valueName\":\"search_term_string\"}}],\"inLanguage\":\"sl-SI\"},{\"@type\":\"Organization\",\"@id\":\"https:\/\/vegeta.com\/en\/#organization\",\"name\":\"Vegeta\",\"url\":\"https:\/\/vegeta.com\/en\/\",\"logo\":{\"@type\":\"ImageObject\",\"inLanguage\":\"sl-SI\",\"@id\":\"https:\/\/vegeta.com\/en\/#\/schema\/logo\/image\/\",\"url\":\"https:\/\/cdn.vegeta.com\/slo\/2023\/09\/image-vegeta-app-1024.png\",\"contentUrl\":\"https:\/\/cdn.vegeta.com\/slo\/2023\/09\/image-vegeta-app-1024.png\",\"width\":946,\"height\":944,\"caption\":\"Vegeta\"},\"image\":{\"@id\":\"https:\/\/vegeta.com\/en\/#\/schema\/logo\/image\/\"}}]}<\/script>\n<!-- \/ Yoast SEO plugin. -->","yoast_head_json":{"title":"Vegeta nagradna igra \u2013 osvoji 7-dnevni pobeg z Vegeta Pocket - Vegeta","description":"Sodeluj v Vegetini nagradni igri! Premagaj najve\u010djekuharske izzive in osvoji nepozaben 7-dnevni pobeg ter druge privla\u010dne nagrade.","robots":{"index":"index","follow":"follow","max-snippet":"max-snippet:-1","max-image-preview":"max-image-preview:large","max-video-preview":"max-video-preview:-1"},"canonical":"https:\/\/vegeta.com\/si\/pravila-o-uporabi-piskotkov\/","og_locale":"sl_SI","og_type":"article","og_title":"Vegeta nagradna igra \u2013 osvoji 7-dnevni pobeg z Vegeta Pocket - Vegeta","og_description":"Sodeluj v Vegetini nagradni igri! Premagaj najve\u010djekuharske izzive in osvoji nepozaben 7-dnevni pobeg ter druge privla\u010dne nagrade.","og_url":"https:\/\/vegeta.com\/si\/pravila-o-uporabi-piskotkov\/","og_site_name":"Vegeta","article_modified_time":"2025-12-05T07:31:04+00:00","og_image":[{"width":1200,"height":630,"url":"https:\/\/cdn.vegeta.com\/slo\/2025\/12\/image-social-share-default.png","type":"image\/png"}],"twitter_card":"summary_large_image","twitter_misc":{"Est. reading time":"10 minutes"},"schema":{"@context":"https:\/\/schema.org","@graph":[{"@type":"WebPage","@id":"https:\/\/vegeta.com\/si\/pravila-o-uporabi-piskotkov\/","url":"https:\/\/vegeta.com\/si\/pravila-o-uporabi-piskotkov\/","name":"Vegeta nagradna igra \u2013 osvoji 7-dnevni pobeg z Vegeta Pocket - Vegeta","isPartOf":{"@id":"https:\/\/vegeta.com\/en\/#website"},"datePublished":"2025-12-05T07:30:59+00:00","dateModified":"2025-12-05T07:31:04+00:00","description":"Sodeluj v Vegetini nagradni igri! Premagaj najve\u010djekuharske izzive in osvoji nepozaben 7-dnevni pobeg ter druge privla\u010dne nagrade.","breadcrumb":{"@id":"https:\/\/vegeta.com\/si\/pravila-o-uporabi-piskotkov\/#breadcrumb"},"inLanguage":"sl-SI","potentialAction":[{"@type":"ReadAction","target":["https:\/\/vegeta.com\/si\/pravila-o-uporabi-piskotkov\/"]}]},{"@type":"BreadcrumbList","@id":"https:\/\/vegeta.com\/si\/pravila-o-uporabi-piskotkov\/#breadcrumb","itemListElement":[{"@type":"ListItem","position":1,"name":"Home","item":"https:\/\/vegeta.com\/si\/"},{"@type":"ListItem","position":2,"name":"Pravila o uporabi pi\u0161kotkov"}]},{"@type":"WebSite","@id":"https:\/\/vegeta.com\/en\/#website","url":"https:\/\/vegeta.com\/en\/","name":"Vegeta","description":"","publisher":{"@id":"https:\/\/vegeta.com\/en\/#organization"},"potentialAction":[{"@type":"SearchAction","target":{"@type":"EntryPoint","urlTemplate":"https:\/\/vegeta.com\/en\/?s={search_term_string}"},"query-input":{"@type":"PropertyValueSpecification","valueRequired":true,"valueName":"search_term_string"}}],"inLanguage":"sl-SI"},{"@type":"Organization","@id":"https:\/\/vegeta.com\/en\/#organization","name":"Vegeta","url":"https:\/\/vegeta.com\/en\/","logo":{"@type":"ImageObject","inLanguage":"sl-SI","@id":"https:\/\/vegeta.com\/en\/#\/schema\/logo\/image\/","url":"https:\/\/cdn.vegeta.com\/slo\/2023\/09\/image-vegeta-app-1024.png","contentUrl":"https:\/\/cdn.vegeta.com\/slo\/2023\/09\/image-vegeta-app-1024.png","width":946,"height":944,"caption":"Vegeta"},"image":{"@id":"https:\/\/vegeta.com\/en\/#\/schema\/logo\/image\/"}}]}},"_links":{"self":[{"href":"https:\/\/vegeta.com\/si\/wp-json\/wp\/v2\/pages\/11475","targetHints":{"allow":["GET"]}}],"collection":[{"href":"https:\/\/vegeta.com\/si\/wp-json\/wp\/v2\/pages"}],"about":[{"href":"https:\/\/vegeta.com\/si\/wp-json\/wp\/v2\/types\/page"}],"author":[{"embeddable":true,"href":"https:\/\/vegeta.com\/si\/wp-json\/wp\/v2\/users\/3054"}],"replies":[{"embeddable":true,"href":"https:\/\/vegeta.com\/si\/wp-json\/wp\/v2\/comments?post=11475"}],"version-history":[{"count":1,"href":"https:\/\/vegeta.com\/si\/wp-json\/wp\/v2\/pages\/11475\/revisions"}],"predecessor-version":[{"id":11476,"href":"https:\/\/vegeta.com\/si\/wp-json\/wp\/v2\/pages\/11475\/revisions\/11476"}],"wp:attachment":[{"href":"https:\/\/vegeta.com\/si\/wp-json\/wp\/v2\/media?parent=11475"}],"curies":[{"name":"wp","href":"https:\/\/api.w.org\/{rel}","templated":true}]}}