{"id":34,"date":"2023-05-09T11:35:02","date_gmt":"2023-05-09T11:35:02","guid":{"rendered":"https:\/\/vegeta.com\/hr\/?page_id=34"},"modified":"2025-06-24T09:10:23","modified_gmt":"2025-06-24T09:10:23","slug":"villkor","status":"publish","type":"page","link":"https:\/\/vegeta.com\/se\/villkor\/","title":{"rendered":"Regler och anv\u00e4ndarvillkor"},"content":{"rendered":"\n<p>Webbplatsen&nbsp;<a href=\"https:\/\/vegeta.com\/se\">https:\/\/vegeta.com\/se<\/a>&nbsp;(nedan kallad: webbplatsen) har skapats och administreras av Podravka d.d. (nedan kallad: Podravka eller vi).<\/p>\n\n\n\n<p>Genom att anv\u00e4nda webbplatsen f\u00f6r f\u00f6rsta g\u00e5ngen anses du ha l\u00e4st igenom och f\u00f6rst\u00e5tt dessa anv\u00e4ndarvillkor i sin helhet samt godk\u00e4nt dem. Om du inte samtycker till villkoren, ber vi dig att inte bes\u00f6ka webbplatsen eller anv\u00e4nda dess inneh\u00e5ll. Om du har n\u00e5gra fr\u00e5gor eller funderingar g\u00e4llande anv\u00e4ndarvillkoren, v\u00e4nligen kontakta v\u00e5r redaktion p\u00e5:&nbsp;proizvodi@podravka.hr<\/p>\n\n\n\n<p>Vi f\u00f6rbeh\u00e5ller oss r\u00e4tten att \u00e4ndra utseendet och inneh\u00e5llet p\u00e5 webbplatsen samt dessa anv\u00e4ndarvillkor. D\u00e4rf\u00f6r uppmanar vi dig att regelbundet l\u00e4sa igenom villkoren f\u00f6r att h\u00e5lla dig uppdaterad om eventuella \u00e4ndringar. Det kommer att anses att ditt fortsatta anv\u00e4ndande av webbplatsen utg\u00f6r ett godk\u00e4nnande av samtliga \u00e4ndringar.<\/p>\n\n\n\n<p>Dessa villkor omfattar flera omr\u00e5den:<\/p>\n\n\n\n<ul class=\"wp-block-list\">\n<li>Anv\u00e4ndarvillkor<\/li>\n\n\n\n<li>Upphovsr\u00e4tt och andra immateriella r\u00e4ttigheter<\/li>\n\n\n\n<li>Garantier och ansvarsfriskrivning<\/li>\n\n\n\n<li>Registrering<\/li>\n\n\n\n<li>L\u00e4nkar<\/li>\n\n\n\n<li>\u00c4ndringar och upph\u00f6rande av villkorens giltighet<\/li>\n\n\n\n<li><strong>1. Anv\u00e4ndarvillkor<\/strong><\/li>\n\n\n\n<li><strong>Till\u00e5ten anv\u00e4ndning<\/strong><\/li>\n\n\n\n<li>Nedladdning och utskrift av formul\u00e4r, t.ex. best\u00e4llningsformul\u00e4r, samt granskning av annat material och inneh\u00e5ll p\u00e5 denna webbplats \u00e4r endast till\u00e5ten f\u00f6r personligt bruk. Det \u00e4r f\u00f6rbjudet att offentligt visa, \u00f6verf\u00f6ra, publicera, \u00e4ndra, reproducera, distribuera, delta i \u00f6verf\u00f6ring eller f\u00f6rs\u00e4ljning, skapa kopior, ladda upp eller p\u00e5 annat s\u00e4tt anv\u00e4nda allt inneh\u00e5ll fr\u00e5n webbplatsen, eller delar d\u00e4rav, samt att v\u00e4lja och anpassa dess inneh\u00e5ll, utan uttryckligt skriftligt tillst\u00e5nd fr\u00e5n Podravka d.d. och andra innehavare av upphovs- och andra immateriella r\u00e4ttigheter. Om ett s\u00e5dant tillst\u00e5nd ges, \u00e4r det inte till\u00e5tet att ta bort eller \u00e4ndra information som r\u00f6r upphovsr\u00e4tt och\/eller varum\u00e4rke eller annan immaterialr\u00e4tt.<\/li>\n\n\n\n<li><strong>Anv\u00e4ndning i kommersiellt syfte<\/strong><\/li>\n\n\n\n<li>Det \u00e4r f\u00f6rbjudet att anv\u00e4nda webbplatsen i syfte att bedriva handel, f\u00f6rs\u00e4ljning eller annan kommersiell verksamhet ut\u00f6ver k\u00f6p fr\u00e5n Podravka d.d. Publicering av annonser eller insamling av erbjudanden f\u00f6r produkter och tj\u00e4nster \u00e4r inte till\u00e5ten utan skriftligt tillst\u00e5nd fr\u00e5n Podravka. Det \u00e4r f\u00f6rbjudet att \u00f6verf\u00f6ra eller publicera obscent, kr\u00e4nkande, vulg\u00e4rt, hotfullt, oanst\u00e4ndigt eller p\u00e5 annat s\u00e4tt ol\u00e4mpligt eller olagligt inneh\u00e5ll, liksom inneh\u00e5ll som kr\u00e4nker n\u00e5gon parts r\u00e4ttigheter, s\u00e4rskilt inneh\u00e5ll som inneh\u00e5ller virus eller annan skadlig kod. Anv\u00e4ndare \u00e4r ansvariga f\u00f6r eventuell skada som uppst\u00e5r till f\u00f6ljd av aktiviteter som strider mot ovanst\u00e5ende villkor, samt f\u00f6r \u00f6vrig skada som d\u00e4rav kan uppst\u00e5. Podravka d.d. f\u00f6rbeh\u00e5ller sig r\u00e4tten (men inte skyldigheten) att helt eller delvis radera material och inneh\u00e5ll som publicerats av anv\u00e4ndare p\u00e5 webbplatsen.<\/li>\n\n\n\n<li><strong>Tillhandah\u00e5llande av inneh\u00e5ll och material<\/strong><\/li>\n\n\n\n<li>Genom att skicka in inneh\u00e5ll och material (inklusive men inte begr\u00e4nsat till f\u00f6rslag, id\u00e9er, skisser, recept) till denna adress, beviljar du automatiskt (eller garanterar att \u00e4garen av materialet uttryckligen har till\u00e5tit) Podravka d.d. en o\u00e5terkallelig, st\u00e4ndig och exklusiv r\u00e4ttighet och licens att anv\u00e4nda, anpassa, \u00e4ndra, inf\u00f6rliva i andra verk, \u00f6vers\u00e4tta, publicera, \u00f6verf\u00f6ra och distribuera materialet globalt i valfri form och genom alla nuvarande och framtida medier, i valfritt syfte och utan kompensation. Villkoren i detta stycke g\u00e4ller \u00e4ven efter det att dessa Anv\u00e4ndarvillkor upph\u00f6rt att g\u00e4lla.<\/li>\n\n\n\n<li><\/li>\n\n\n\n<li><strong>2. Upphovsr\u00e4tt och andra immateriella r\u00e4ttigheter<\/strong><\/li>\n\n\n\n<li>Inneh\u00e5llet p\u00e5 webbplatsen \u00e4r skyddat av upphovsr\u00e4tt som tillh\u00f6r Podravka d.d., eller som licensierats till Podravka d.d. av tredje part. Podravka d.d. \u00e4ger \u00e4ven upphovsr\u00e4tten till redigering, urval och anpassning av inneh\u00e5llet p\u00e5 webbplatsen. Webbplatsen inneh\u00e5ller dessutom varum\u00e4rken, personnamn och annat immateriellt inneh\u00e5ll som tillh\u00f6r Podravka d.d. eller tredje part, och som Podravka innehar licensr\u00e4ttigheter till. Inget inneh\u00e5ll p\u00e5 webbplatsen ska tolkas som fritt f\u00f6r anv\u00e4ndning. Tillst\u00e5nd f\u00f6r reproduktion kan beg\u00e4ras.<\/li>\n\n\n\n<li><strong>Bilder och video<\/strong><\/li>\n\n\n\n<li>Alla fotografier, bilder, videoklipp, biografiska uppgifter och annat material som visas p\u00e5 webbplatsen \u00e4r uteslutande Podravka d.d:s egendom. Upphovsr\u00e4tt och andra immateriella r\u00e4ttigheter till allt material p\u00e5 webbplatsen tillh\u00f6r Podravka d.d. Alla r\u00e4ttigheter f\u00f6rbeh\u00e5lls. Tillst\u00e5nd ges endast f\u00f6r anv\u00e4ndning av detta material i marknadsf\u00f6rings-, redaktionella och informativa syften vid publicering i tidningar, tidskrifter och elektroniska medier. All annan anv\u00e4ndning av material fr\u00e5n webbplatsen \u00e4r f\u00f6rbjuden. Det \u00e4r \u00e4ven f\u00f6rbjudet att anv\u00e4nda n\u00e5got material fr\u00e5n webbplatsen i samband med f\u00f6rs\u00e4ljning eller erbjudande om f\u00f6rs\u00e4ljning av produkter eller tj\u00e4nster av n\u00e5got slag. Beviljat tillst\u00e5nd och s\u00e4ttet att anv\u00e4nda webbplatsen f\u00e5r inte \u00f6verf\u00f6ras, underlicensieras eller tilldelas, och varje avsiktlig eller f\u00f6rs\u00f6kt \u00f6verf\u00f6ring, underlicensiering eller tilldelning ska anses vara ogiltig. Genom att anv\u00e4nda material fr\u00e5n webbplatsen \u00e5tar sig medieanv\u00e4ndare att fullt ut f\u00f6lja de begr\u00e4nsningar, villkor och krav som fastst\u00e4lls h\u00e4r.<\/li>\n\n\n\n<li><strong>3. Garantier och ansvarsfriskrivning<\/strong><\/li>\n\n\n\n<li>Podravka d.d. g\u00f6r rimliga anstr\u00e4ngningar f\u00f6r att publicera korrekta och aktuella uppgifter p\u00e5 webbplatsen, men tar inget ansvar f\u00f6r deras riktighet eller fullst\u00e4ndighet, och ger inte r\u00e4tt till inv\u00e4ndningar i detta avseende. F\u00f6rutom uttryckliga garantier f\u00f6r produkter som ges av Podravka d.d., betonas att allt material och inneh\u00e5ll p\u00e5 webbplatsen tillhandah\u00e5lls &#8220;i befintligt skick&#8221;. Podravka d.d. ansvarar inte f\u00f6r eventuella konsekvenser som uppst\u00e5r till f\u00f6ljd av annan tolkning av inneh\u00e5llet p\u00e5 webbplatsen. Podravka d.d. garanterar inte att webbplatsen alltid \u00e4r tillg\u00e4nglig och felfri, eller fri fr\u00e5n virus. Varje anv\u00e4ndare accepterar uttryckligen att anv\u00e4nda webbplatsen p\u00e5 egen risk.<\/li>\n\n\n\n<li>Podravka d.d. ansvarar inte f\u00f6r skador eller skada (inklusive, men inte begr\u00e4nsat till, s\u00e4rskilda eller indirekta skador) som kan uppst\u00e5 p\u00e5 grund av anv\u00e4ndning eller of\u00f6rm\u00e5ga att anv\u00e4nda n\u00e5gon del av webbplatsen, eller inneh\u00e5ll publicerat eller tillagt av andra anv\u00e4ndare.<\/li>\n\n\n\n<li>Medieakt\u00f6rer och andra anv\u00e4ndare av webbplatsen godk\u00e4nner uttryckligen att h\u00e5lla Podravka d.d. skadesl\u00f6s fr\u00e5n alla krav, kostnader, skador eller ansvar som uppst\u00e5r till f\u00f6ljd av oansvarig anv\u00e4ndning av material fr\u00e5n webbplatsen, inklusive direkt, indirekt, tillf\u00e4llig, s\u00e4rskild eller f\u00f6ljdskada.<\/li>\n\n\n\n<li>Vidare tar varken Podravka d.d. eller dess leverant\u00f6rer n\u00e5got r\u00e4ttsligt ansvar f\u00f6r riktighet, fullst\u00e4ndighet eller anv\u00e4ndbarhet av information, enheter, produkter eller procedurer som visas, och garanterar inte att anv\u00e4ndningen av s\u00e5dana inte kr\u00e4nker privata r\u00e4ttigheter.<\/li>\n\n\n\n<li><strong>Ansvarsfriskrivning vid reklam<\/strong><\/li>\n\n\n\n<li>Om en viss produkt, process eller tj\u00e4nst n\u00e4mns med varum\u00e4rke, f\u00f6retagsnamn eller liknande, betyder det inte n\u00f6dv\u00e4ndigtvis att Podravka d.d. eller dess anst\u00e4llda och leverant\u00f6rer st\u00f6der, rekommenderar eller f\u00f6redrar det.<\/li>\n\n\n\n<li><strong>Ansvarsfriskrivning f\u00f6r externa l\u00e4nkar<\/strong><\/li>\n\n\n\n<li>F\u00f6rekomst av externa hyperl\u00e4nkar inneb\u00e4r inte att Podravka d.d., dess leverant\u00f6rer eller sponsorer st\u00f6djer dessa externa webbplatser, eller information, produkter eller tj\u00e4nster som de inneh\u00e5ller. Podravka d.d., dess anst\u00e4llda, sponsorer och leverant\u00f6rer har ingen kontroll \u00f6ver informationen p\u00e5 s\u00e5dana externa webbplatser. L\u00e4nkarna \u00e4r i enlighet med Podravkas policy, men f\u00f6retaget ansvarar inte f\u00f6r inneh\u00e5llet p\u00e5 de anslutna webbplatser som tillhandah\u00e5lls av deras servrar. L\u00e4nkarna kan inkludera textl\u00e4nkar, sm\u00e5 bilder, ikoner eller symboler som visar l\u00e4nken utan att marknadsf\u00f6ra produkter eller tj\u00e4nster.<\/li>\n\n\n\n<li><\/li>\n\n\n\n<li><strong>4. Registrering<\/strong><\/li>\n\n\n\n<li>Genom att registrera dig p\u00e5 webbplatsen blir du medlem i communityn, vilket ger dig gratis tillg\u00e5ng till ett stort antal interaktiva funktioner och inneh\u00e5ll, vilket beskrivs direkt p\u00e5 webbplatsen.<\/li>\n\n\n\n<li>Registreringen g\u00f6r det ocks\u00e5 m\u00f6jligt att spara intressant inneh\u00e5ll p\u00e5 din personliga anv\u00e4ndarprofil.<\/li>\n\n\n\n<li>Endast myndiga och fullt aff\u00e4rskompetenta personer f\u00e5r registrera sig. Registrering \u00e4r endast m\u00f6jlig om du i f\u00f6rv\u00e4g godk\u00e4nner dessa anv\u00e4ndarvillkor och \u00e4r informerad om hur dina personuppgifter samlas in, behandlas och anv\u00e4nds i enlighet med v\u00e5r integritetspolicy. Vid registrering m\u00e5ste du ange korrekta och sanna uppgifter. Det \u00e4r inte till\u00e5tet att anv\u00e4nda opassande, st\u00f6tande eller vulg\u00e4ra anv\u00e4ndarnamn. Vi f\u00f6rbeh\u00e5ller oss r\u00e4tten att ta bort s\u00e5dana namn utan f\u00f6rvarning.<\/li>\n\n\n\n<li>Vid registrering kan du v\u00e4lja att ta emot kostnadsfria elektroniska nyhetsbrev samt s\u00e4rskilda meddelanden. Om du v\u00e4ljer detta samtycker du till att f\u00e5 reklaminformation och meddelanden om produkter och tj\u00e4nster relaterade till matlagning, mat, h\u00e4lsa och liknande \u00e4mnen. Du kan ocks\u00e5 anm\u00e4la dig till onlineunders\u00f6kningar om webbplatsens inneh\u00e5ll och funktioner samt Podravkas produktprogram.<\/li>\n\n\n\n<li>Efter registreringen f\u00e5r du ett personligt anv\u00e4ndarkonto. Du \u00e4r skyldig att h\u00e5lla all kontoinformation, s\u00e4rskilt l\u00f6senordet, konfidentiell. Vi ansvarar inte f\u00f6r skador som orsakas dig, andra anv\u00e4ndare eller tredje part genom obeh\u00f6rig anv\u00e4ndning eller missbruk av kontot. Om du uppt\u00e4cker obeh\u00f6rig anv\u00e4ndning, kontakta oss omedelbart via redaktionen.<\/li>\n\n\n\n<li>Du kan radera ditt anv\u00e4ndarkonto genom att skicka en beg\u00e4ran till:&nbsp;proizvodi@podravka.hr.<\/li>\n\n\n\n<li>Avslutad registrering upph\u00e4ver inte ditt ansvar f\u00f6r eventuella \u00f6vertr\u00e4delser eller skador som intr\u00e4ffade under registreringstiden.<\/li>\n\n\n\n<li><\/li>\n\n\n\n<li><strong>5. L\u00e4nkar<\/strong><\/li>\n\n\n\n<li>Vi g\u00f6r v\u00e5rt b\u00e4sta f\u00f6r att se till att alla omdirigeringar fr\u00e5n v\u00e5r webbplats leder dig och\/eller ditt barn till kvalitativa sidor som inte fr\u00e4mjar n\u00e5got negativt. Men eftersom webbadresser snabbt f\u00f6r\u00e4ndras kan vi inte alltid garantera inneh\u00e5llet p\u00e5 varje l\u00e4nkad adress.<\/li>\n\n\n\n<li><\/li>\n\n\n\n<li><strong>6. \u00c4ndringar och upph\u00f6rande av anv\u00e4ndarvillkor<\/strong><\/li>\n\n\n\n<li>Podravka d.d. f\u00f6rbeh\u00e5ller sig r\u00e4tten att n\u00e4r som helst \u00e4ndra eller avsluta hela eller delar av webbplatsen och anv\u00e4ndarvillkoren. \u00c4ndringar tr\u00e4der i kraft vid publicering p\u00e5 webbplatsen eller n\u00e4r anv\u00e4ndarna meddelas. Anv\u00e4ndarvillkoren g\u00e4ller tills de s\u00e4gs upp av dig eller av Podravka d.d. Du kan n\u00e4r som helst s\u00e4ga upp dessa villkor genom att sluta anv\u00e4nda webbplatsen och radera allt material och inneh\u00e5ll du laddat ner eller anv\u00e4nt fr\u00e5n den.<\/li>\n\n\n\n<li><strong>Uppdaterat: 24.06.2025.<\/strong><\/li>\n<\/ul>\n","protected":false},"excerpt":{"rendered":"<p>Webbplatsen&nbsp;https:\/\/vegeta.com\/se&nbsp;(nedan kallad: webbplatsen) har skapats och administreras av Podravka d.d. (nedan kallad: Podravka eller vi). Genom att anv\u00e4nda webbplatsen f\u00f6r f\u00f6rsta g\u00e5ngen anses du ha l\u00e4st igenom och f\u00f6rst\u00e5tt dessa anv\u00e4ndarvillkor i sin helhet samt godk\u00e4nt dem. Om du inte samtycker till villkoren, ber vi dig att inte bes\u00f6ka webbplatsen eller anv\u00e4nda dess inneh\u00e5ll. Om [&hellip;]<\/p>\n","protected":false},"author":3,"featured_media":0,"parent":0,"menu_order":0,"comment_status":"closed","ping_status":"closed","template":"","meta":{"_acf_changed":false,"ep_exclude_from_search":false,"footnotes":""},"class_list":["post-34","page","type-page","status-publish","hentry"],"acf":[],"yoast_head":"<!-- This site is optimized with the Yoast SEO plugin v25.1 - https:\/\/yoast.com\/wordpress\/plugins\/seo\/ -->\n<title>Regler och anv\u00e4ndarvillkor - Vegeta<\/title>\n<meta name=\"robots\" content=\"index, follow, max-snippet:-1, max-image-preview:large, max-video-preview:-1\" \/>\n<link rel=\"canonical\" href=\"https:\/\/vegeta.com\/se\/villkor\/\" \/>\n<meta property=\"og:locale\" content=\"sv_SE\" \/>\n<meta property=\"og:type\" content=\"article\" \/>\n<meta property=\"og:title\" content=\"Regler och anv\u00e4ndarvillkor - Vegeta\" \/>\n<meta property=\"og:description\" content=\"Webbplatsen&nbsp;https:\/\/vegeta.com\/se&nbsp;(nedan kallad: webbplatsen) har skapats och administreras av Podravka d.d. (nedan kallad: Podravka eller vi). Genom att anv\u00e4nda webbplatsen f\u00f6r f\u00f6rsta g\u00e5ngen anses du ha l\u00e4st igenom och f\u00f6rst\u00e5tt dessa anv\u00e4ndarvillkor i sin helhet samt godk\u00e4nt dem. Om du inte samtycker till villkoren, ber vi dig att inte bes\u00f6ka webbplatsen eller anv\u00e4nda dess inneh\u00e5ll. Om [&hellip;]\" \/>\n<meta property=\"og:url\" content=\"https:\/\/vegeta.com\/se\/villkor\/\" \/>\n<meta property=\"og:site_name\" content=\"Vegeta\" \/>\n<meta property=\"article:modified_time\" content=\"2025-06-24T09:10:23+00:00\" \/>\n<meta property=\"og:image\" content=\"https:\/\/cdn.vegeta.com\/cro\/2024\/12\/image-social-share-general.png\" \/>\n\t<meta property=\"og:image:width\" content=\"1200\" \/>\n\t<meta property=\"og:image:height\" content=\"630\" \/>\n\t<meta property=\"og:image:type\" content=\"image\/png\" \/>\n<meta name=\"twitter:card\" content=\"summary_large_image\" \/>\n<meta name=\"twitter:label1\" content=\"Est. reading time\" \/>\n\t<meta name=\"twitter:data1\" content=\"7 minutes\" \/>\n<script type=\"application\/ld+json\" class=\"yoast-schema-graph\">{\"@context\":\"https:\/\/schema.org\",\"@graph\":[{\"@type\":\"WebPage\",\"@id\":\"https:\/\/vegeta.com\/se\/villkor\/\",\"url\":\"https:\/\/vegeta.com\/se\/villkor\/\",\"name\":\"Regler och anv\u00e4ndarvillkor - Vegeta\",\"isPartOf\":{\"@id\":\"https:\/\/vegeta.com\/se\/#website\"},\"datePublished\":\"2023-05-09T11:35:02+00:00\",\"dateModified\":\"2025-06-24T09:10:23+00:00\",\"breadcrumb\":{\"@id\":\"https:\/\/vegeta.com\/se\/villkor\/#breadcrumb\"},\"inLanguage\":\"sv-SE\",\"potentialAction\":[{\"@type\":\"ReadAction\",\"target\":[\"https:\/\/vegeta.com\/se\/villkor\/\"]}]},{\"@type\":\"BreadcrumbList\",\"@id\":\"https:\/\/vegeta.com\/se\/villkor\/#breadcrumb\",\"itemListElement\":[{\"@type\":\"ListItem\",\"position\":1,\"name\":\"Home\",\"item\":\"https:\/\/vegeta.com\/se\/\"},{\"@type\":\"ListItem\",\"position\":2,\"name\":\"Regler och anv\u00e4ndarvillkor\"}]},{\"@type\":\"WebSite\",\"@id\":\"https:\/\/vegeta.com\/se\/#website\",\"url\":\"https:\/\/vegeta.com\/se\/\",\"name\":\"Vegeta\",\"description\":\"\",\"publisher\":{\"@id\":\"https:\/\/vegeta.com\/se\/#organization\"},\"potentialAction\":[{\"@type\":\"SearchAction\",\"target\":{\"@type\":\"EntryPoint\",\"urlTemplate\":\"https:\/\/vegeta.com\/se\/?s={search_term_string}\"},\"query-input\":{\"@type\":\"PropertyValueSpecification\",\"valueRequired\":true,\"valueName\":\"search_term_string\"}}],\"inLanguage\":\"sv-SE\"},{\"@type\":\"Organization\",\"@id\":\"https:\/\/vegeta.com\/se\/#organization\",\"name\":\"Vegeta\",\"url\":\"https:\/\/vegeta.com\/se\/\",\"logo\":{\"@type\":\"ImageObject\",\"inLanguage\":\"sv-SE\",\"@id\":\"https:\/\/vegeta.com\/se\/#\/schema\/logo\/image\/\",\"url\":\"https:\/\/cdn.vegeta.com\/cro\/2023\/09\/image-vegeta-app-1024.png\",\"contentUrl\":\"https:\/\/cdn.vegeta.com\/cro\/2023\/09\/image-vegeta-app-1024.png\",\"width\":946,\"height\":944,\"caption\":\"Vegeta\"},\"image\":{\"@id\":\"https:\/\/vegeta.com\/se\/#\/schema\/logo\/image\/\"}}]}<\/script>\n<!-- \/ Yoast SEO plugin. -->","yoast_head_json":{"title":"Regler och anv\u00e4ndarvillkor - Vegeta","robots":{"index":"index","follow":"follow","max-snippet":"max-snippet:-1","max-image-preview":"max-image-preview:large","max-video-preview":"max-video-preview:-1"},"canonical":"https:\/\/vegeta.com\/se\/villkor\/","og_locale":"sv_SE","og_type":"article","og_title":"Regler och anv\u00e4ndarvillkor - Vegeta","og_description":"Webbplatsen&nbsp;https:\/\/vegeta.com\/se&nbsp;(nedan kallad: webbplatsen) har skapats och administreras av Podravka d.d. (nedan kallad: Podravka eller vi). Genom att anv\u00e4nda webbplatsen f\u00f6r f\u00f6rsta g\u00e5ngen anses du ha l\u00e4st igenom och f\u00f6rst\u00e5tt dessa anv\u00e4ndarvillkor i sin helhet samt godk\u00e4nt dem. Om du inte samtycker till villkoren, ber vi dig att inte bes\u00f6ka webbplatsen eller anv\u00e4nda dess inneh\u00e5ll. Om [&hellip;]","og_url":"https:\/\/vegeta.com\/se\/villkor\/","og_site_name":"Vegeta","article_modified_time":"2025-06-24T09:10:23+00:00","og_image":[{"width":1200,"height":630,"url":"https:\/\/cdn.vegeta.com\/cro\/2024\/12\/image-social-share-general.png","type":"image\/png"}],"twitter_card":"summary_large_image","twitter_misc":{"Est. reading time":"7 minutes"},"schema":{"@context":"https:\/\/schema.org","@graph":[{"@type":"WebPage","@id":"https:\/\/vegeta.com\/se\/villkor\/","url":"https:\/\/vegeta.com\/se\/villkor\/","name":"Regler och anv\u00e4ndarvillkor - Vegeta","isPartOf":{"@id":"https:\/\/vegeta.com\/se\/#website"},"datePublished":"2023-05-09T11:35:02+00:00","dateModified":"2025-06-24T09:10:23+00:00","breadcrumb":{"@id":"https:\/\/vegeta.com\/se\/villkor\/#breadcrumb"},"inLanguage":"sv-SE","potentialAction":[{"@type":"ReadAction","target":["https:\/\/vegeta.com\/se\/villkor\/"]}]},{"@type":"BreadcrumbList","@id":"https:\/\/vegeta.com\/se\/villkor\/#breadcrumb","itemListElement":[{"@type":"ListItem","position":1,"name":"Home","item":"https:\/\/vegeta.com\/se\/"},{"@type":"ListItem","position":2,"name":"Regler och anv\u00e4ndarvillkor"}]},{"@type":"WebSite","@id":"https:\/\/vegeta.com\/se\/#website","url":"https:\/\/vegeta.com\/se\/","name":"Vegeta","description":"","publisher":{"@id":"https:\/\/vegeta.com\/se\/#organization"},"potentialAction":[{"@type":"SearchAction","target":{"@type":"EntryPoint","urlTemplate":"https:\/\/vegeta.com\/se\/?s={search_term_string}"},"query-input":{"@type":"PropertyValueSpecification","valueRequired":true,"valueName":"search_term_string"}}],"inLanguage":"sv-SE"},{"@type":"Organization","@id":"https:\/\/vegeta.com\/se\/#organization","name":"Vegeta","url":"https:\/\/vegeta.com\/se\/","logo":{"@type":"ImageObject","inLanguage":"sv-SE","@id":"https:\/\/vegeta.com\/se\/#\/schema\/logo\/image\/","url":"https:\/\/cdn.vegeta.com\/cro\/2023\/09\/image-vegeta-app-1024.png","contentUrl":"https:\/\/cdn.vegeta.com\/cro\/2023\/09\/image-vegeta-app-1024.png","width":946,"height":944,"caption":"Vegeta"},"image":{"@id":"https:\/\/vegeta.com\/se\/#\/schema\/logo\/image\/"}}]}},"_links":{"self":[{"href":"https:\/\/vegeta.com\/se\/wp-json\/wp\/v2\/pages\/34","targetHints":{"allow":["GET"]}}],"collection":[{"href":"https:\/\/vegeta.com\/se\/wp-json\/wp\/v2\/pages"}],"about":[{"href":"https:\/\/vegeta.com\/se\/wp-json\/wp\/v2\/types\/page"}],"author":[{"embeddable":true,"href":"https:\/\/vegeta.com\/se\/wp-json\/wp\/v2\/users\/3"}],"replies":[{"embeddable":true,"href":"https:\/\/vegeta.com\/se\/wp-json\/wp\/v2\/comments?post=34"}],"version-history":[{"count":8,"href":"https:\/\/vegeta.com\/se\/wp-json\/wp\/v2\/pages\/34\/revisions"}],"predecessor-version":[{"id":33345,"href":"https:\/\/vegeta.com\/se\/wp-json\/wp\/v2\/pages\/34\/revisions\/33345"}],"wp:attachment":[{"href":"https:\/\/vegeta.com\/se\/wp-json\/wp\/v2\/media?parent=34"}],"curies":[{"name":"wp","href":"https:\/\/api.w.org\/{rel}","templated":true}]}}