{"id":20140,"date":"2024-03-12T07:32:28","date_gmt":"2024-03-12T07:32:28","guid":{"rendered":"https:\/\/vegeta.com\/hr\/?page_id=20140"},"modified":"2025-06-24T09:10:04","modified_gmt":"2025-06-24T09:10:04","slug":"policy-for-cookies","status":"publish","type":"page","link":"https:\/\/vegeta.com\/se\/policy-for-cookies\/","title":{"rendered":"Policy f\u00f6r cookies"},"content":{"rendered":"\n<h2 class=\"wp-block-heading\"><strong>Vad \u00e4r cookies?<\/strong><\/h2>\n\n\n\n<p>En cookie \u00e4r en liten textfil som lagras p\u00e5 din dator eller mobila enhet n\u00e4r du bes\u00f6ker en viss webbplats. Med hj\u00e4lp av cookies kommer webbplatsen ih\u00e5g dina handlingar och \u00f6nskade inst\u00e4llningar (s\u00e5som inloggning, spr\u00e5k, teckenstorlek och andra visningsinst\u00e4llningar) under en l\u00e4ngre tid, s\u00e5 att du inte beh\u00f6ver ange dem p\u00e5 nytt varje g\u00e5ng du \u00e5terv\u00e4nder till webbplatsen eller navigerar mellan dess olika sidor.<\/p>\n\n\n\n<p>N\u00e4r du bes\u00f6ker&nbsp;<a href=\"https:\/\/vegeta.com\/se\/\">https:\/\/vegeta.com\/se\/<\/a>&nbsp;kommer vi att be om ditt samtycke f\u00f6r att anv\u00e4nda cookies som inte \u00e4r n\u00f6dv\u00e4ndiga f\u00f6r att webbplatsen ska fungera.<\/p>\n\n\n\n<p>Vi har delat in cookies i f\u00f6ljande kategorier:<\/p>\n\n\n\n<p><strong>a) Strikt n\u00f6dv\u00e4ndiga cookies \u2013 Alltid aktiva<\/strong><br>Dessa cookies \u00e4r n\u00f6dv\u00e4ndiga f\u00f6r att webbplatsen ska fungera och kan inte st\u00e4ngas av. De placeras vanligtvis endast som svar p\u00e5 \u00e5tg\u00e4rder du g\u00f6r, s\u00e5som att st\u00e4lla in sekretessinst\u00e4llningar, logga in eller fylla i formul\u00e4r. Du kan st\u00e4lla in din webbl\u00e4sare att blockera eller varna dig f\u00f6r dessa cookies, men vissa delar av webbplatsen kommer d\u00e5 inte att fungera.<\/p>\n\n\n\n<p><strong>b) Funktionella cookies<\/strong><br>Dessa cookies m\u00f6jligg\u00f6r f\u00f6rb\u00e4ttrad funktionalitet och personalisering p\u00e5 webbplatsen. De kan s\u00e4ttas av oss eller av tredjepartsleverant\u00f6rer vars tj\u00e4nster vi har lagt till p\u00e5 v\u00e5ra sidor. Om du inte till\u00e5ter dessa cookies kan vissa eller alla funktioner sluta fungera korrekt.<\/p>\n\n\n\n<p><strong>c) Analytiska cookies<\/strong><br>Dessa cookies g\u00f6r det m\u00f6jligt f\u00f6r oss att r\u00e4kna bes\u00f6k och trafikk\u00e4llor s\u00e5 att vi kan m\u00e4ta och f\u00f6rb\u00e4ttra webbplatsens prestanda. De hj\u00e4lper oss att f\u00f6rst\u00e5 vilka sidor som \u00e4r mest och minst popul\u00e4ra samt hur bes\u00f6kare r\u00f6r sig runt p\u00e5 webbplatsen. All information som samlas in av dessa cookies \u00e4r aggregerad och d\u00e4rf\u00f6r anonym. Om du inte till\u00e5ter dessa cookies vet vi inte n\u00e4r du har bes\u00f6kt v\u00e5r webbplats, och vi kan inte f\u00f6lja hur v\u00e4l den fungerar.<\/p>\n\n\n\n<p>Innan du ger ditt samtycke kommer vi att informera dig om syftet med de cookies som tillh\u00f6r varje kategori, och du kan l\u00e4sa mer om deras namn och varaktighet i kapitel III i dessa regler.<\/p>\n\n\n\n<p><strong>Personuppgiftsansvarig<\/strong>&nbsp;f\u00f6r den data som samlas in p\u00e5&nbsp;<a href=\"https:\/\/vegeta.com\/se\/\">https:\/\/vegeta.com\/se\/<\/a>&nbsp;\u00e4r:<\/p>\n\n\n\n<p><strong>Podravka d.d.<\/strong><br>Ante Star\u010devi\u0107a 32<br>HR \u2013 48000 Koprivnica<br>Tel. 048\/653-077<br>Fax. 048\/653-088<br>Mobil. 099\/6651-783<\/p>\n\n\n\n<p>Du kan kontakta dataskyddsombudet via e-post:&nbsp;<strong>dpo@podravka.hr<\/strong><\/p>\n\n\n\n<p>L\u00e4s mer om hur vi anv\u00e4nder cookies nedan.<\/p>\n\n\n\n<h2 class=\"wp-block-heading\"><strong>Hur anv\u00e4nder vi cookies?<\/strong><\/h2>\n\n\n\n<p>Webbplatsen&nbsp;<a href=\"https:\/\/vegeta.com\/se\/\">https:\/\/vegeta.com\/se\/<\/a>&nbsp;anv\u00e4nder cookies och liknande teknologier f\u00f6r flera syften, beroende p\u00e5 sammanhang eller produkt, bland annat:<\/p>\n\n\n\n<ol class=\"wp-block-list\">\n<li><strong>Tillf\u00e4lliga anv\u00e4ndarcookies f\u00f6r inmatning (session-ID)<\/strong>&nbsp;och\/eller&nbsp;<strong>permanenta cookies som varar i n\u00e5gra timmar i vissa fall<\/strong>&nbsp;\u2013 vi anv\u00e4nder dem f\u00f6r att spara dina inst\u00e4llningar och preferenser p\u00e5 din enhet och f\u00f6r att f\u00f6rb\u00e4ttra din anv\u00e4ndarupplevelse. Till exempel genom att spara dina personliga preferenser s\u00e5 att du inte beh\u00f6ver st\u00e4lla in dem varje g\u00e5ng. Om du v\u00e4ljer att avs\u00e4ga dig intressebaserade annonser sparar vi \u00e4ven detta val i en cookie.<\/li>\n\n\n\n<li><strong>Cookies f\u00f6r autentisering<\/strong>, som anv\u00e4nds under bes\u00f6ket f\u00f6r att s\u00e4kerst\u00e4lla att du \u00e4r inloggad \u2013 vi anv\u00e4nder dessa f\u00f6r att verifiera din identitet. Denna cookie g\u00f6r att du kan navigera mellan sidor utan att beh\u00f6va logga in varje g\u00e5ng. Du kan ocks\u00e5 spara dina inloggningsuppgifter s\u00e5 att du slipper logga in varje g\u00e5ng du \u00e5terv\u00e4nder till webbplatsen.<\/li>\n\n\n\n<li><strong>Cookies f\u00f6r anv\u00e4ndars\u00e4kerhet<\/strong>, med begr\u00e4nsad varaktighet \u2013 dessa anv\u00e4nds f\u00f6r att uppt\u00e4cka missbruk av autentisering, f\u00f6rebygga bedr\u00e4gerier och skydda din information.<\/li>\n\n\n\n<li><strong>Cookies f\u00f6r multimedieinneh\u00e5ll<\/strong>, s\u00e5som Flash Player-cookies, under bes\u00f6ket.<\/li>\n\n\n\n<li><strong>Cookies f\u00f6r att m\u00f6jligg\u00f6ra laddning<\/strong>, under bes\u00f6ket \u2013 vi anv\u00e4nder dem f\u00f6r att spara information du tillhandah\u00e5ller, s\u00e5 vi kan minnas dessa uppgifter.<\/li>\n\n\n\n<li><strong>Permanenta cookies f\u00f6r anpassning av anv\u00e4ndargr\u00e4nssnittet<\/strong>, under eller strax efter bes\u00f6ket \u2013 dessa anv\u00e4nds f\u00f6r att m\u00f6jligg\u00f6ra att du ger feedback p\u00e5 webbplatsen.<\/li>\n\n\n\n<li><strong>Tredjepartscookies f\u00f6r sociala medier<\/strong>, f\u00f6r inloggade medlemmar \u2013 vissa av v\u00e5ra sidor inneh\u00e5ller cookies fr\u00e5n sociala medier, som g\u00f6r det m\u00f6jligt f\u00f6r anv\u00e4ndare att dela inneh\u00e5ll via sina konton (t.ex. genom \u201dGilla\u201d-knappen). Integritetseffekten beror p\u00e5 vilken social plattform det g\u00e4ller och vilka sekretessinst\u00e4llningar du har valt d\u00e4r. Du kan l\u00e4sa mer om hur du hanterar dessa cookies p\u00e5 respektive plattforms webbplats.<\/li>\n<\/ol>\n\n\n\n<p>Ut\u00f6ver dessa anv\u00e4nder vi \u00e4ven:<\/p>\n\n\n\n<ol class=\"wp-block-list\">\n<li><strong>Till\u00e4ggscookies fr\u00e5n sociala medier f\u00f6r sp\u00e5rning<\/strong><\/li>\n\n\n\n<li><strong>Cookies f\u00f6r produktutveckling och f\u00f6rb\u00e4ttring (tredjeparts marknadsf\u00f6ringscookies)<\/strong>&nbsp;\u2013 vi anv\u00e4nder dem f\u00f6r att samla in data om ditt beteende online och identifiera dina intressen, s\u00e5 att vi kan visa annonser som \u00e4r relevanta f\u00f6r dig. Du kan v\u00e4lja att avs\u00e4ga dig dessa annonser, enligt vad som st\u00e5r i v\u00e5r integritetspolicy. Vi anv\u00e4nder \u00e4ven cookies f\u00f6r att sp\u00e5ra exempelvis hur m\u00e5nga som klickat p\u00e5 en annons, eller vilka annonser du redan har sett \u2013 s\u00e5 att du inte f\u00e5r samma upprepade g\u00e5nger.<\/li>\n\n\n\n<li><strong>Funktionella cookies (analytiska\/statistiska cookies)<\/strong>&nbsp;\u2013 vi anv\u00e4nder b\u00e5de f\u00f6rstaparts- och tredjepartscookies samt andra identifierare f\u00f6r att samla in data om anv\u00e4ndning och prestanda, t.ex. f\u00f6r att r\u00e4kna unika bes\u00f6kare, skapa statistik, och analysera hur v\u00e5ra tj\u00e4nster fungerar. Detta g\u00f6r att vi kan f\u00f6rb\u00e4ttra v\u00e5ra produkter och balansera belastningen p\u00e5 v\u00e5ra system.<\/li>\n<\/ol>\n\n\n\n<p><strong>Podravka har inte full kontroll \u00f6ver hur tredjepartsleverant\u00f6rer behandlar personuppgifter.<\/strong><\/p>\n\n\n\n<p><strong>Podravka anv\u00e4nder inte cookies f\u00f6r andra syften \u00e4n de som beskrivs i v\u00e5r integritetspolicy och dessa riktlinjer.<\/strong><\/p>\n\n\n\n<p>Dessutom \u00e4r det viktigt att notera att vissa videor som \u00e4r inb\u00e4ddade p\u00e5 v\u00e5ra sidor anv\u00e4nder cookies f\u00f6r att anonymt samla in statistik om hur du kom till videon och vilka videor du har sett.<\/p>\n\n\n\n<p>Att aktivera dessa cookies \u00e4r inte absolut n\u00f6dv\u00e4ndigt f\u00f6r att webbplatsen ska fungera, men det ger dig en b\u00e4ttre upplevelse.<\/p>\n\n\n\n<p>Du kan ta bort eller blockera dessa cookies, men vissa funktioner p\u00e5 webbplatsen kan d\u00e5 sluta fungera.<\/p>\n\n\n\n<h2 class=\"wp-block-heading\"><strong>Namn, varaktighet och syfte med cookies<\/strong><\/h2>\n\n\n\n<p>Mer information hittar du via f\u00f6ljande <a class=\"kc-show-preferences\" href=\"#\">l\u00e4nk<\/a>.<\/p>\n\n\n\n<h2 class=\"wp-block-heading\"><strong>Anv\u00e4nder vi andra cookies ocks\u00e5?<\/strong><\/h2>\n\n\n\n<p>Vissa av v\u00e5ra sidor eller undersidor kan anv\u00e4nda ytterligare och\/eller andra cookies \u00e4n de som vi tidigare har n\u00e4mnt och beskrivit. Exempelvis:<\/p>\n\n\n\n<ul class=\"wp-block-list\">\n<li>F\u00f6retag som vi anlitat f\u00f6r att tillhandah\u00e5lla tj\u00e4nster \u00e5t oss, s\u00e5som webbplatsanalys, kan placera cookies n\u00e4r du bes\u00f6ker v\u00e5ra webbplatser.<\/li>\n\n\n\n<li>F\u00f6retag som levererar inneh\u00e5ll, till exempel videor, nyheter eller annonser p\u00e5 v\u00e5ra webbplatser, kan placera sina egna cookies. Dessa f\u00f6retag behandlar insamlade data i enlighet med sina egna dataskyddspolicys, vilket kan inneb\u00e4ra att de samlar in och kombinerar information om dina aktiviteter fr\u00e5n flera webbplatser, appar eller onlinetj\u00e4nster.<\/li>\n<\/ul>\n\n\n\n<p>Detaljer om dessa cookies kommer att g\u00f6ras tillg\u00e4ngliga f\u00f6r dig i det \u00f6gonblick de anv\u00e4nds, och vi kommer d\u00e5 att be om ditt samtycke om du inte redan har gett det, f\u00f6r att lagra \u00e4ven dessa cookies.<\/p>\n\n\n\n<p>En lista \u00f6ver tj\u00e4nsteleverant\u00f6rer som kan placera cookies p\u00e5 v\u00e5r webbplats finns i bilagan.<\/p>\n\n\n\n<h2 class=\"wp-block-heading\"><strong>Vilka cookies anv\u00e4nder Google LLC och dess associerade f\u00f6retag?<\/strong><\/h2>\n\n\n\n<p>Podravka anv\u00e4nder \u00e4ven vissa Google-tj\u00e4nster, genom vilka&nbsp;<strong>Google LLC<\/strong>, med hj\u00e4lp av cookies, samlar in vissa personuppgifter (h\u00e4danefter: Google).<\/p>\n\n\n\n<p>N\u00e4r vi talar om Googles tj\u00e4nster omfattar detta:<\/p>\n\n\n\n<p>\u2013 Googles appar, webbplatser och enheter s\u00e5som S\u00f6k, YouTube och Google Home<br>\u2013 Plattformar s\u00e5som webbl\u00e4saren Chrome och operativsystemet Android<br>\u2013 Produkter som \u00e4r integrerade i tredjepartsappar och -webbplatser, som Ads, Analytics och inb\u00e4ddade Google-kartor<\/p>\n\n\n\n<h2 class=\"wp-block-heading\"><strong>Anv\u00e4ndning av cookies f\u00f6r &#8220;Analytics&#8221;<\/strong><\/h2>\n\n\n\n<p><strong>Google Analytics<\/strong>&nbsp;\u00e4r ett analystj\u00e4nstverktyg som hj\u00e4lper webbplats\u00e4gare att f\u00f6rst\u00e5 hur deras bes\u00f6kare anv\u00e4nder webbplatsens funktioner och tj\u00e4nster. Det kan anv\u00e4nda ett antal cookies f\u00f6r att samla in information och rapportera statistik om webbplatsanv\u00e4ndning utan att identifiera enskilda anv\u00e4ndare f\u00f6r Google. Den prim\u00e4ra cookien f\u00f6r Google Analytics \u00e4r &#8220;_ga&#8221;.<\/p>\n\n\n\n<p>F\u00f6rutom att rapportera statistik om webbplatsanv\u00e4ndning, kan Google Analytics ocks\u00e5 anv\u00e4ndas \u2013 tillsammans med vissa annonseringscookies som n\u00e4mnts tidigare \u2013 f\u00f6r att visa mer relevanta annonser i Googles produkter (t.ex. Google S\u00f6k) och p\u00e5 webben, samt f\u00f6r att m\u00e4ta interaktioner med annonser.<\/p>\n\n\n\n<p>L\u00e4s mer p\u00e5:&nbsp;<a href=\"https:\/\/developers.google.com\/analytics\/devguides\/collection\/analyticsjs\/cookie-usage?hl=hr\">Google Analytics cookie usage<\/a><\/p>\n\n\n\n<h2 class=\"wp-block-heading\"><strong>Exportera och radera data insamlade via Googles cookies<\/strong><\/h2>\n\n\n\n<p>N\u00e4r som helst kan du exportera en kopia av dina uppgifter eller radera dem fr\u00e5n ditt Google-konto.<\/p>\n\n\n\n<p>Om du vill kan du:<\/p>\n\n\n\n<ul class=\"wp-block-list\">\n<li>Exportera inneh\u00e5llet fr\u00e5n ditt Google-konto f\u00f6r s\u00e4kerhetskopiering eller anv\u00e4ndning p\u00e5 en annan tj\u00e4nst.<\/li>\n\n\n\n<li>Radera inneh\u00e5ll fr\u00e5n specifika Google-tj\u00e4nster.<\/li>\n\n\n\n<li>S\u00f6ka efter och radera enskilda objekt fr\u00e5n ditt konto via sidan&nbsp;<strong>Min aktivitet<\/strong>.<\/li>\n\n\n\n<li>Radera specifika Google-produkter inklusive de data som \u00e4r kopplade till dem.<\/li>\n\n\n\n<li>Radera hela ditt Google-konto.<\/li>\n<\/ul>\n\n\n\n<p>Om du beh\u00f6ver hj\u00e4lp med ditt Google-konto, kontakta din administrat\u00f6r.<br>Podravka kan inte p\u00e5verka hur du hanterar eller st\u00e4ller in ditt Google-konto eller din webbl\u00e4sare.<br>Om du har fler fr\u00e5gor kan du kontakta Google och deras dataskyddskontor, eller v\u00e4nda dig till&nbsp;<strong>Agenciji za za\u0161titu osobnih podataka u Republici Hrvatskoj<\/strong>&nbsp;(Dataskyddsmyndigheten i Kroatien).<\/p>\n\n\n\n<h2 class=\"wp-block-heading\"><strong>Hur kan du kontrollera cookies?<\/strong><\/h2>\n\n\n\n<p>Du kan n\u00e4r som helst kontrollera cookies \u2013 vilket inneb\u00e4r att du vid varje bes\u00f6k p\u00e5&nbsp;<a href=\"https:\/\/vegeta.com\/se\/\">https:\/\/vegeta.com\/se\/<\/a>&nbsp;kan v\u00e4lja en annan kategori av cookies eller radera dem.<\/p>\n\n\n\n<p>Observera att&nbsp;<strong>n\u00f6dv\u00e4ndiga cookies inte kan kontrolleras<\/strong>, eftersom webbplatsen inte kan fungera utan dem, \u00e5tminstone inte p\u00e5 den niv\u00e5 som v\u00e5ra anv\u00e4ndare f\u00f6rv\u00e4ntar sig.<br>Som webbplatsansvarig har vi gett dig m\u00f6jligheten att g\u00f6ra dina val via en popup-ruta.<\/p>\n\n\n\n<p>Du kan ocks\u00e5 \u00e4ndra dina val genom inst\u00e4llningarna i din webbl\u00e4sare.<br>Du kan radera alla cookies som redan har lagrats p\u00e5 din dator, och de flesta webbl\u00e4sare l\u00e5ter dig ocks\u00e5 blockera lagring av cookies.<br>Om du blockerar cookies kan du beh\u00f6va justera vissa inst\u00e4llningar manuellt vid varje bes\u00f6k p\u00e5 webbplatsen, och vissa tj\u00e4nster eller funktioner kanske inte fungerar.<\/p>\n\n\n\n<h2 class=\"wp-block-heading\"><strong>Mer information om hur du inaktiverar cookies<\/strong><\/h2>\n\n\n\n<p>F\u00f6ljande webbplatser erbjuder information om hur du kan v\u00e4lja bort cookies fr\u00e5n olika tj\u00e4nster:<\/p>\n\n\n\n<ul class=\"wp-block-list\">\n<li><a href=\"https:\/\/www.allaboutcookies.org\/\">www.allaboutcookies.org<\/a><\/li>\n\n\n\n<li><a href=\"https:\/\/www.youronlinechoices.com\/hr\">www.youronlinechoices.com\/hr<\/a><\/li>\n\n\n\n<li><a href=\"https:\/\/www.aboutads.info\/choices\">www.aboutads.info\/choices<\/a><\/li>\n\n\n\n<li><a href=\"https:\/\/developers.google.com\/analytics\/devguides\/collection\/analyticsjs\/cookie-usage\">Google Analytics cookie usage<\/a><\/li>\n\n\n\n<li><a href=\"http:\/\/www.addthis.com\/privacy\/privacy-policy\">AddThis integritetspolicy<\/a><\/li>\n<\/ul>\n\n\n\n<p>Andra anv\u00e4ndbara resurser:<\/p>\n\n\n\n<ul class=\"wp-block-list\">\n<li><a href=\"https:\/\/edaa.eu\/\">European Interactive Digital Advertising Alliance (EU)<\/a><\/li>\n\n\n\n<li><a href=\"https:\/\/www.iab.com\/\">Internet Advertising Bureau (US)<\/a><\/li>\n\n\n\n<li><a href=\"https:\/\/iabeurope.eu\/\">Internet Advertising Bureau (EU)<\/a><\/li>\n<\/ul>\n\n\n\n<p>Instruktioner f\u00f6r webbl\u00e4sare:<\/p>\n\n\n\n<ul class=\"wp-block-list\">\n<li><strong>Google Chrome<\/strong>&nbsp;\u2013&nbsp;<a href=\"https:\/\/support.google.com\/chrome\/answer\/95647?co=GENIE.Platform%3DDesktop&amp;hl=en\">Rensa cookies i Chrome<\/a><\/li>\n\n\n\n<li><strong>Mozilla Firefox<\/strong>&nbsp;\u2013&nbsp;<a href=\"https:\/\/support.mozilla.org\/en-US\/kb\/clear-cookies-and-site-data-firefox?redirectslug=delete-cookies-remove-info-websites-stored&amp;redirectlocale=en-US\">Rensa cookies i Firefox<\/a><\/li>\n\n\n\n<li><strong>Opera<\/strong>&nbsp;\u2013&nbsp;<a href=\"https:\/\/allaboutcookies.org\/how-to-clear-cookies-opera\">S\u00e5 rensar du cookies i Opera<\/a><\/li>\n\n\n\n<li><strong>Safari (Desktop)<\/strong>&nbsp;\u2013&nbsp;<a href=\"https:\/\/support.apple.com\/et-ee\/guide\/safari\/sfri11471\/mac\">Ta bort cookies i Safari<\/a><\/li>\n\n\n\n<li><strong>Microsoft Edge<\/strong>&nbsp;\u2013&nbsp;<a href=\"https:\/\/support.microsoft.com\/en-us\/microsoft-edge\/delete-cookies-in-microsoft-edge-63947406-40ac-c3b8-57b9-2a946a29ae09\">Radera cookies i Edge<\/a><\/li>\n<\/ul>\n\n\n\n<h2 class=\"wp-block-heading\"><strong>Uppdatering och hantering av cookies<\/strong><\/h2>\n\n\n\n<p>Vid varje nytt bes\u00f6k p\u00e5 v\u00e5r webbplats har du m\u00f6jlighet att uppdatera, hantera eller ta bort cookies.<br><strong>Podravka f\u00f6rbeh\u00e5ller sig r\u00e4tten att \u00e4ndra dessa Regler n\u00e4r som helst.<\/strong><\/p>\n\n\n\n<p>Om n\u00e5gra \u00e4ndringar sker g\u00e4llande cookies som n\u00e4mns i dessa Regler, eller om nya cookies inf\u00f6rs, kommer dessa Regler att uppdateras och, vid behov, nytt samtycke beg\u00e4ras fr\u00e5n anv\u00e4ndarna \u2013 senast inom 7 dagar fr\u00e5n att f\u00f6r\u00e4ndringen tr\u00e4tt i kraft.<\/p>\n\n\n\n<p>Kontakta v\u00e5rt dataskyddsombud via:&nbsp;<strong>dpo@podravka.hr<\/strong><\/p>\n\n\n\n<p><strong>Senast uppdaterad: 24.06.2025<\/strong>.<\/p>\n","protected":false},"excerpt":{"rendered":"<p>Vad \u00e4r cookies? En cookie \u00e4r en liten textfil som lagras p\u00e5 din dator eller mobila enhet n\u00e4r du bes\u00f6ker en viss webbplats. Med hj\u00e4lp av cookies kommer webbplatsen ih\u00e5g dina handlingar och \u00f6nskade inst\u00e4llningar (s\u00e5som inloggning, spr\u00e5k, teckenstorlek och andra visningsinst\u00e4llningar) under en l\u00e4ngre tid, s\u00e5 att du inte beh\u00f6ver ange dem p\u00e5 nytt [&hellip;]<\/p>\n","protected":false},"author":4459,"featured_media":0,"parent":0,"menu_order":0,"comment_status":"closed","ping_status":"closed","template":"","meta":{"_acf_changed":false,"ep_exclude_from_search":false,"footnotes":""},"class_list":["post-20140","page","type-page","status-publish","hentry"],"acf":[],"yoast_head":"<!-- This site is optimized with the Yoast SEO plugin v25.1 - https:\/\/yoast.com\/wordpress\/plugins\/seo\/ -->\n<title>Policy f\u00f6r cookies - Vegeta<\/title>\n<meta name=\"robots\" content=\"index, follow, max-snippet:-1, max-image-preview:large, max-video-preview:-1\" \/>\n<link rel=\"canonical\" href=\"https:\/\/vegeta.com\/se\/policy-for-cookies\/\" \/>\n<meta property=\"og:locale\" content=\"sv_SE\" \/>\n<meta property=\"og:type\" content=\"article\" \/>\n<meta property=\"og:title\" content=\"Policy f\u00f6r cookies - Vegeta\" \/>\n<meta property=\"og:description\" content=\"Vad \u00e4r cookies? En cookie \u00e4r en liten textfil som lagras p\u00e5 din dator eller mobila enhet n\u00e4r du bes\u00f6ker en viss webbplats. Med hj\u00e4lp av cookies kommer webbplatsen ih\u00e5g dina handlingar och \u00f6nskade inst\u00e4llningar (s\u00e5som inloggning, spr\u00e5k, teckenstorlek och andra visningsinst\u00e4llningar) under en l\u00e4ngre tid, s\u00e5 att du inte beh\u00f6ver ange dem p\u00e5 nytt [&hellip;]\" \/>\n<meta property=\"og:url\" content=\"https:\/\/vegeta.com\/se\/policy-for-cookies\/\" \/>\n<meta property=\"og:site_name\" content=\"Vegeta\" \/>\n<meta property=\"article:modified_time\" content=\"2025-06-24T09:10:04+00:00\" \/>\n<meta property=\"og:image\" content=\"https:\/\/cdn.vegeta.com\/cro\/2024\/12\/image-social-share-general.png\" \/>\n\t<meta property=\"og:image:width\" content=\"1200\" \/>\n\t<meta property=\"og:image:height\" content=\"630\" \/>\n\t<meta property=\"og:image:type\" content=\"image\/png\" \/>\n<meta name=\"twitter:card\" content=\"summary_large_image\" \/>\n<meta name=\"twitter:label1\" content=\"Est. reading time\" \/>\n\t<meta name=\"twitter:data1\" content=\"9 minutes\" \/>\n<script type=\"application\/ld+json\" class=\"yoast-schema-graph\">{\"@context\":\"https:\/\/schema.org\",\"@graph\":[{\"@type\":\"WebPage\",\"@id\":\"https:\/\/vegeta.com\/se\/policy-for-cookies\/\",\"url\":\"https:\/\/vegeta.com\/se\/policy-for-cookies\/\",\"name\":\"Policy f\u00f6r cookies - Vegeta\",\"isPartOf\":{\"@id\":\"https:\/\/vegeta.com\/se\/#website\"},\"datePublished\":\"2024-03-12T07:32:28+00:00\",\"dateModified\":\"2025-06-24T09:10:04+00:00\",\"breadcrumb\":{\"@id\":\"https:\/\/vegeta.com\/se\/policy-for-cookies\/#breadcrumb\"},\"inLanguage\":\"sv-SE\",\"potentialAction\":[{\"@type\":\"ReadAction\",\"target\":[\"https:\/\/vegeta.com\/se\/policy-for-cookies\/\"]}]},{\"@type\":\"BreadcrumbList\",\"@id\":\"https:\/\/vegeta.com\/se\/policy-for-cookies\/#breadcrumb\",\"itemListElement\":[{\"@type\":\"ListItem\",\"position\":1,\"name\":\"Home\",\"item\":\"https:\/\/vegeta.com\/se\/\"},{\"@type\":\"ListItem\",\"position\":2,\"name\":\"Policy f\u00f6r cookies\"}]},{\"@type\":\"WebSite\",\"@id\":\"https:\/\/vegeta.com\/se\/#website\",\"url\":\"https:\/\/vegeta.com\/se\/\",\"name\":\"Vegeta\",\"description\":\"\",\"publisher\":{\"@id\":\"https:\/\/vegeta.com\/se\/#organization\"},\"potentialAction\":[{\"@type\":\"SearchAction\",\"target\":{\"@type\":\"EntryPoint\",\"urlTemplate\":\"https:\/\/vegeta.com\/se\/?s={search_term_string}\"},\"query-input\":{\"@type\":\"PropertyValueSpecification\",\"valueRequired\":true,\"valueName\":\"search_term_string\"}}],\"inLanguage\":\"sv-SE\"},{\"@type\":\"Organization\",\"@id\":\"https:\/\/vegeta.com\/se\/#organization\",\"name\":\"Vegeta\",\"url\":\"https:\/\/vegeta.com\/se\/\",\"logo\":{\"@type\":\"ImageObject\",\"inLanguage\":\"sv-SE\",\"@id\":\"https:\/\/vegeta.com\/se\/#\/schema\/logo\/image\/\",\"url\":\"https:\/\/cdn.vegeta.com\/cro\/2023\/09\/image-vegeta-app-1024.png\",\"contentUrl\":\"https:\/\/cdn.vegeta.com\/cro\/2023\/09\/image-vegeta-app-1024.png\",\"width\":946,\"height\":944,\"caption\":\"Vegeta\"},\"image\":{\"@id\":\"https:\/\/vegeta.com\/se\/#\/schema\/logo\/image\/\"}}]}<\/script>\n<!-- \/ Yoast SEO plugin. -->","yoast_head_json":{"title":"Policy f\u00f6r cookies - Vegeta","robots":{"index":"index","follow":"follow","max-snippet":"max-snippet:-1","max-image-preview":"max-image-preview:large","max-video-preview":"max-video-preview:-1"},"canonical":"https:\/\/vegeta.com\/se\/policy-for-cookies\/","og_locale":"sv_SE","og_type":"article","og_title":"Policy f\u00f6r cookies - Vegeta","og_description":"Vad \u00e4r cookies? En cookie \u00e4r en liten textfil som lagras p\u00e5 din dator eller mobila enhet n\u00e4r du bes\u00f6ker en viss webbplats. Med hj\u00e4lp av cookies kommer webbplatsen ih\u00e5g dina handlingar och \u00f6nskade inst\u00e4llningar (s\u00e5som inloggning, spr\u00e5k, teckenstorlek och andra visningsinst\u00e4llningar) under en l\u00e4ngre tid, s\u00e5 att du inte beh\u00f6ver ange dem p\u00e5 nytt [&hellip;]","og_url":"https:\/\/vegeta.com\/se\/policy-for-cookies\/","og_site_name":"Vegeta","article_modified_time":"2025-06-24T09:10:04+00:00","og_image":[{"width":1200,"height":630,"url":"https:\/\/cdn.vegeta.com\/cro\/2024\/12\/image-social-share-general.png","type":"image\/png"}],"twitter_card":"summary_large_image","twitter_misc":{"Est. reading time":"9 minutes"},"schema":{"@context":"https:\/\/schema.org","@graph":[{"@type":"WebPage","@id":"https:\/\/vegeta.com\/se\/policy-for-cookies\/","url":"https:\/\/vegeta.com\/se\/policy-for-cookies\/","name":"Policy f\u00f6r cookies - Vegeta","isPartOf":{"@id":"https:\/\/vegeta.com\/se\/#website"},"datePublished":"2024-03-12T07:32:28+00:00","dateModified":"2025-06-24T09:10:04+00:00","breadcrumb":{"@id":"https:\/\/vegeta.com\/se\/policy-for-cookies\/#breadcrumb"},"inLanguage":"sv-SE","potentialAction":[{"@type":"ReadAction","target":["https:\/\/vegeta.com\/se\/policy-for-cookies\/"]}]},{"@type":"BreadcrumbList","@id":"https:\/\/vegeta.com\/se\/policy-for-cookies\/#breadcrumb","itemListElement":[{"@type":"ListItem","position":1,"name":"Home","item":"https:\/\/vegeta.com\/se\/"},{"@type":"ListItem","position":2,"name":"Policy f\u00f6r cookies"}]},{"@type":"WebSite","@id":"https:\/\/vegeta.com\/se\/#website","url":"https:\/\/vegeta.com\/se\/","name":"Vegeta","description":"","publisher":{"@id":"https:\/\/vegeta.com\/se\/#organization"},"potentialAction":[{"@type":"SearchAction","target":{"@type":"EntryPoint","urlTemplate":"https:\/\/vegeta.com\/se\/?s={search_term_string}"},"query-input":{"@type":"PropertyValueSpecification","valueRequired":true,"valueName":"search_term_string"}}],"inLanguage":"sv-SE"},{"@type":"Organization","@id":"https:\/\/vegeta.com\/se\/#organization","name":"Vegeta","url":"https:\/\/vegeta.com\/se\/","logo":{"@type":"ImageObject","inLanguage":"sv-SE","@id":"https:\/\/vegeta.com\/se\/#\/schema\/logo\/image\/","url":"https:\/\/cdn.vegeta.com\/cro\/2023\/09\/image-vegeta-app-1024.png","contentUrl":"https:\/\/cdn.vegeta.com\/cro\/2023\/09\/image-vegeta-app-1024.png","width":946,"height":944,"caption":"Vegeta"},"image":{"@id":"https:\/\/vegeta.com\/se\/#\/schema\/logo\/image\/"}}]}},"_links":{"self":[{"href":"https:\/\/vegeta.com\/se\/wp-json\/wp\/v2\/pages\/20140","targetHints":{"allow":["GET"]}}],"collection":[{"href":"https:\/\/vegeta.com\/se\/wp-json\/wp\/v2\/pages"}],"about":[{"href":"https:\/\/vegeta.com\/se\/wp-json\/wp\/v2\/types\/page"}],"author":[{"embeddable":true,"href":"https:\/\/vegeta.com\/se\/wp-json\/wp\/v2\/users\/4459"}],"replies":[{"embeddable":true,"href":"https:\/\/vegeta.com\/se\/wp-json\/wp\/v2\/comments?post=20140"}],"version-history":[{"count":4,"href":"https:\/\/vegeta.com\/se\/wp-json\/wp\/v2\/pages\/20140\/revisions"}],"predecessor-version":[{"id":33344,"href":"https:\/\/vegeta.com\/se\/wp-json\/wp\/v2\/pages\/20140\/revisions\/33344"}],"wp:attachment":[{"href":"https:\/\/vegeta.com\/se\/wp-json\/wp\/v2\/media?parent=20140"}],"curies":[{"name":"wp","href":"https:\/\/api.w.org\/{rel}","templated":true}]}}