{"id":34,"date":"2023-05-09T11:35:02","date_gmt":"2023-05-09T11:35:02","guid":{"rendered":"https:\/\/vegeta.com\/hr\/?page_id=34"},"modified":"2025-08-19T12:19:31","modified_gmt":"2025-08-19T12:19:31","slug":"uslovi-koriscenja","status":"publish","type":"page","link":"https:\/\/vegeta.com\/rs\/uslovi-koriscenja\/","title":{"rendered":"Pravila i uslovi kori\u0161\u0107enja"},"content":{"rendered":"\n<p>Web stranicu <a href=\"https:\/\/vegeta.com\/rs\">https:\/\/vegeta.com\/rs<\/a> (dalje u tekstu: web stranica) pokrenula je i ure\u0111uje Podravka d.d. (dalje u tekstu: Podravka ili mi).<\/p>\n\n\n\n<p>Prvim kori\u0161tenjem web stranice smatra se da ste u celosti upoznati s ovim Uslovima, da su vam jasni i da ih prihvatate. Ako niste saglasni s njima, molimo da ne pristupate web stranici i da ne koristite njene sadr\u017eaje. Ako imate bilo kakvih pitanja ili nejasno\u0107a vezanih za Uslove kori\u0161\u0107enja, molimo da se obratite na\u0161em predstavni\u0161tvu na adresu <a href=\"mailto:proizvodi@podravka.hr\">proizvodi@podravka.hr<\/a><br><br>Zadr\u017eavamo pravo da izmenimo izgled i sadr\u017eaj web stranice te Uslove kori\u0161\u0107enja stoga vas molimo da iste povremeno prou\u010dite kako biste se upoznali s mogu\u0107im promenama. Smatra \u0107emo da va\u0161e naknadno kori\u0161tenje web stranice predstavlja va\u0161e prihvatanje svih eventualnih izmena.<\/p>\n\n\n\n<p>Predmetni uslovi odnose se na nekoliko segmenata:<\/p>\n\n\n\n<ol class=\"wp-block-list\">\n<li>Uslovi kori\u0161\u0107enja .<\/li>\n\n\n\n<li>Autorska i ostala prava intelektualnog vlasni\u0161tva.<\/li>\n\n\n\n<li>Garancije I odricanje odgovornosti<\/li>\n\n\n\n<li>Registracija<\/li>\n\n\n\n<li>Linkovi<\/li>\n\n\n\n<li>Promene i prestanak va\u017eenja.<\/li>\n<\/ol>\n\n\n\n<h2 class=\"wp-block-heading\">1. Uslovi kori\u0161\u0107enja<\/h2>\n\n\n\n<p><strong>Dopu\u0161teno kori\u0161\u0107enje<\/strong><\/p>\n\n\n\n<p>Preuzimanje i ispis svakog obrasca, kao npr. za narud\u017ebu i sl., te pregled drugih materijala i sadr\u017eaja na ovoj adresi mogu\u0107e je samo u private svrhe. Zabranjeno je javno prikazivanje, preno\u0161enje, objavljivanje, menjanje, reprodukcija, distribucija, u\u010destvovanje u prenosu ili prodaji, izradi kopija, otpremanju te svakoj drugoj vrsti upotrebe celovitog sadr\u017eaja web stranice ili jednog njihova dela te odabir i uskla\u0111ivanje njihovih sadr\u017eaja, bez izri\u010ditog pismenog dopu\u0161tenja Podravke d.d. i drugih nosioca autorskih i ostalih prava intelektualnog vlasni\u0161tva. Ako je takvo dopu\u0161tenje izdano, nije dopu\u0161teno brisati ili menjati postoje\u0107e podatke koji se odnose na autorsko pravo i\/ili na trgova\u010dki znak ili drugo pravo intelektualnog vlasni\u0161tva.<\/p>\n\n\n\n<p><strong>Kori\u0161\u0107enje u trgova\u010dke svrhe<\/strong><\/p>\n\n\n\n<p>Zabranjeno je koristiti web stranicu za trgovinu, prodaju kao i u druge trgova\u010dke svrhe osim kupovine od Podravke d.d. Svako objavljivanje reklama ili prikupljanje ponuda za proizvode i usluge nije dopu\u0161teno bez pismenog odobrenja Podravke. Zabranjuje se preno\u0161enje i objavljivanje, uvredljivih, vulgarnih, prete\u0107ih ili nepristojnih, ili na drugi na\u010din neprihvatljivih ili protivzakonitih sadr\u017eaja, kao i onih kojima se vr\u0161i povreda nekih od prava bilo koje strane a posebno sadr\u017eaja koji sadr\u017ee viruse ili drugi \u0161tetan materijal. Korisnici preuzimaju odgovornost za svaku \u0161tetu koja je posledica njihovih aktivnosti koje nisu u skladu s prethodno navedenim, kao i za drugu vrstu \u0161tete koja bi iz toga mogla proizi\u0107i. Podravka d.d. zadr\u017eava pravo (ali ne i obvezu) da materijale i sadr\u017eaje koje korisnici objavljuju na web stranici, u celosti ili delimi\u010dno izbri\u0161e.<\/p>\n\n\n\n<p><strong>Dostavljanje sadr\u017eaja i materijala<\/strong><\/p>\n\n\n\n<p>Dostavljanjem sadr\u017eaja i materijala (uklju\u010duju\u0107i, ali ne isklju\u010divo, predloge, ideje, crte\u017ee, recepte) na ovu adresu, automatski izdajete (ili garantujete da je vlasnik materijala izri\u010dito dopustio) Podravki d.d. neopoziva, stalna i ekskluzivna prava i licencu za kori\u0161\u0107enje, adaptiranje i menjanje, uklapanje u druge radove, prevode, objavljivanje, prenos i distribuciju po \u010ditavom svetu spomenutog materijala u bilo kojem obliku i kroz sve do sada poznate i budu\u0107e medije u bilo koju svrhu i bez naknade. Uslovi ove ta\u010dke va\u017ee i nakon prestanka va\u017enosti ovih Uslova.<\/p>\n\n\n\n<h2 class=\"wp-block-heading\">2. Autorska i ostala prava intelektualnog vlasni\u0161tva<\/h2>\n\n\n\n<p>Sadr\u017eaj web stranice za\u0161ti\u0107en je autorskim pravima koja pripadaju Podravki d.d., ili su ustupljena Podravki.d.d., a u vlasni\u0161tvu su tre\u0107ih osoba. Podravka d.d. tako\u0111e poseduje autorsko pravo ure\u0111ivanja, izbora i uskla\u0111ivanja sadr\u017eaja web stranice . Nadalje, web stranica sadr\u017ei za\u0161titne znakove, imena pojedinaca i druge sadr\u017eaje intelektualnog vlasni\u0161tva u vlasni\u0161tvu Podravke d.d ili tre\u0107ih osoba, a Podravka je nositelj licence. Ne smete smatrati da je bilo koji sadr\u017eaj na web stranici za upotrebu bez ograni\u010denja. Mo\u017ee se zatra\u017eiti dozvola za umno\u017eavanje.<\/p>\n\n\n\n<p><strong>Slike i video<\/strong><\/p>\n\n\n\n<p>Sve fotografije, slike, video zapisi, biografski podaci osoba i\/ili ostali materijali koji se pojavljuju na web stranici isklju\u010divo su vlasni\u0161tvo Podravke d.d. Autorska i ostala prava intelektualnog vlasni\u0161tva na svim materijalima koji se nalaze na web stranici pripadaju Podravki d.d. Sva prava su zadr\u017eana. Dopu\u0161tenje se daje subjektima radi kori\u0161tenja tih materijala isklju\u010divo u promotivne, uredni\u010dke i informativne svrhe objavljivanja u novinama, \u010dasopisima i elektronskim medijima. Druga\u010dija upotreba materijala s web stranice nije dopu\u0161tena. Tako\u0111e, nije dopu\u0161tena upotreba bilo kojeg materijala s web stranice u vezi s prodajom ili nu\u0111enjem na prodaju proizvoda ili usluga bilo koje vrste. Definisano dopu\u0161tenje i na\u010din kori\u0161tenja web stranice ne sme se prenositi, podugovarati ili dodjeljivati i svaki nameravani i poku\u0161ani prenos, podugovaranje ili dodjeljivanje smatrat \u0107e se ni\u0161tavnim. Kori\u0161tenjem materijala s web stranice , medijski korisnici obvezuju se u potpunosti pridr\u017eavati ovde utvr\u0111enih ograni\u010denja, uslova i zahteva.<\/p>\n\n\n\n<h2 class=\"wp-block-heading\">3. Garancije I odricanje odgovornosti<\/h2>\n\n\n\n<p>Podravka d.d. ula\u017ee razuman napor kako bi se na web stranici objavljivali ta\u010dni i aktualni podaci, ali ne preuzima odgovornost za ta\u010dnost i potpunost istih, kao \u0161to i ne daje pravo prigovora u tom smislu. Osim garancije za proizvode koje je Podravka d.d. izri\u010dito objavila, Podravka nagla\u0161ava da sve materijale i sadr\u017eaje na web stranici treba uzeti \u201ctakvima kakvi jesu\u201d, te se Podravka d.d. ne smatra odgovornim za eventualne posledice koje mogu proiste\u0107i iz druga\u010dijeg tuma\u010denja materijala i sadr\u017eaja na web stranici . Podravka d.d. ne garantuje i da \u0107e web stranica uvek biti dostupna i raspolo\u017eiva, te da ne\u0107e sadr\u017eati gre\u0161ke ili viruse. Svaki korisnik izri\u010dito prihvata korii\u0161\u0107enje web stranice na svoju vlastitu odgovornost.<\/p>\n\n\n\n<p>Podravka d.d. ne odgovara za \u0161tetu ili povredu (uklju\u010duju\u0107i, ali ne isklju\u010divo, posebnu ili posledi\u010dnu \u0161tetu) koja mo\u017ee biti rezultat kori\u0161\u0107enja ili nemogu\u0107nosti kori\u0161\u0107enja\u00a0 bilo kog dela web stranice , ili sadr\u017eaja koji su na njoj objavili ili dodali drugi korisnici.<\/p>\n\n\n\n<p>Medijski subjekti i ostali korisnici koji koriste web stranicu, prihvataju obe\u0161tetiti Podravku d.d. za bilo kakva i sva potra\u017eivanja, tro\u0161kove, \u0161tete ili odgovornosti koje nastaju nesvesnim kori\u0161\u0107enjem materijala s web stranice od strane istog korisnika, uklju\u010duju\u0107i i bilo kakvu direktnu , indirektnu, slu\u010dajnu, posebnu ili posledi\u010dnu \u0161tetu.<\/p>\n\n\n\n<p>Nadalje, Podravka d.d. i dobavlja\u010di ne preuzimaju nikakvu zakonsku odgovornost za ta\u010dnost, potpunost ili korisnost podataka, ure\u0111aja, proizvoda ili postupaka ovde prikazanih, te ne garantuju da kori\u0161\u0107enje informacija, ure\u0111aja, proizvoda ili postupaka ne\u0107e uznemiravati privatna prava.<\/p>\n\n\n\n<p><strong>Uskra\u0107ivanje prava na reklamiranje<\/strong><\/p>\n\n\n\n<p>Spominjanje bilo kojeg konkretnog proizvoda, postupka ili usluge koja ima tr\u017ei\u0161no ime, za\u0161titni znak, proizvo\u0111a\u010da, ili sli\u010dno, ne zna\u010di nu\u017eno da ga Podravka d.d. ili bilo koji od njenih zaposlenih i dobavlja\u010da reklamira, preporu\u010duje ili favorizuje.<\/p>\n\n\n\n<p><strong>Uskra\u0107ivanje prava na spoljne veze<\/strong><\/p>\n\n\n\n<p>Pojava spoljnih hiperlinkova ne zna\u010di da Podravka d.d., dobavlja\u010di ili pokrovitelji reklamiraju takve spoljne web stranice , ili informacije, proizvode ili usluge koje oni sadr\u017ee. Podravka d.d. niti bilo koji od njenih zaposlenih, pokrovitelja i dobavlja\u010da nema kontrolu nad informacijama koje sadr\u017ee takve spoljne stranice. Spoljne veze na web straniciu skladu su s politikom Podravke d.d., koja nije odgovorna za sadr\u017eaj bilo kojeg povezanog\u00a0<em>sitea\u00a0<\/em>koji je dobila od svojih poslu\u017eitelja. Veze mogu uklju\u010divati tekstualne linkove, male slike, ikone ili sli\u010dice koje ilustriraju vezu, a ne reklamiraju proizvode ili usluge.<\/p>\n\n\n\n<h2 class=\"wp-block-heading\">4. Registracija<\/h2>\n\n\n\n<p>Registracijom na\u00a0<em>Web <\/em>stranici postajete \u010dlan zajednice \u0161to vam omogu\u0107ava besplatno kori\u0161\u0107enje velikog broja interaktivnih sadr\u017eaja i funkcionalnosti o kojima se korisnici obave\u0161tavaju na samim stranicama\u00a0<em>Web stranice<\/em>.\u00a0<\/p>\n\n\n\n<p>Registracijom tako\u0111e dobijate mogu\u0107nost spremanja zanimljivog sadr\u017eaja na va\u0161 korisni\u010dki profil.<\/p>\n\n\n\n<p>Registrovati se mo\u017ee samo punoletna, potpuno poslovno sposobna osoba. Registracija je mogu\u0107a samo ako prethodno prihvatite ove uslove kori\u0161\u0107enja te se upoznate s na\u010dinom na koji va\u0161e li\u010dne podatke koje unesete prikupljamo, obra\u0111ujemo i koristimo u skladu s na\u0161im Pravilima za\u0161tite privatnosti. Prilikom registracije du\u017eni ste unositi ta\u010dne i istinite podatke. Ne dopu\u0161tamo kori\u0161\u0107enje imena koje je neprikladno, uvredljivo ili vulgarno. Zadr\u017eavamo pravo obrisati takva imena bez prethodne obavesti.<\/p>\n\n\n\n<p>Prilikom registracije, mo\u017eete izabrati primanje besplatnih elektronskih obavesti o novostima s web stranice (e-newsletter) kao i posebnih obavesti. Ako izaberete primanje posebnih obavesti, izra\u017eavate svoj pristanak za primanje reklamnih i drugih obavesti o proizvodima i uslugama vezanima za kulinarstvo, hranu, zdravlje i sli\u010dne teme. Jednako tako se mo\u017eete prijaviti na\u00a0<em>online<\/em>\u00a0istra\u017eivanja vezana uz sadr\u017eaje i funkcionalnosti\u00a0<em>Web stranice <\/em>te proizvodni program Podravke.<\/p>\n\n\n\n<p>Nakon izvr\u0161ene registracije dobijate vlastiti korisni\u010dki ra\u010dun. Sve podatke o svom korisni\u010dkom ra\u010dunu, a posebno odabranu lozinku, du\u017eni ste \u010duvati kao poverljive podatke. Ne preuzimamo odgovornost za \u0161tetu koja vama, drugim korisnicima ili tre\u0107oj osobi mo\u017ee biti uzrokovana zbog kori\u0161\u0107enja korisni\u010dkog ra\u010duna bez autorizacije, odnosno druge zlouporabe podataka koji su dostupni na korisni\u010dkom ra\u010dunu. Ako uo\u010dite neovla\u0161\u0107eno kori\u0161\u0107enje va\u0161eg korisni\u010dkog ra\u010duna, odnosno njegovu zloupotrebu, molimo da o tome odmah obavestite na\u0161e Predstavni\u0161tvo.<\/p>\n\n\n\n<p>Vlastiti korisni\u010dki ra\u010dun mo\u017eete izbrisati tako da se javite na e-mail proizvodi@podravka.hr.<\/p>\n\n\n\n<p>Prestankom registracije ne prestaje va\u0161a odgovornost za mogu\u0107e povrede koje ste po\u010dinili i\/ili \u0161tetu koju ste prouzrokovali za vreme trajanja va\u0161e registracije.<\/p>\n\n\n\n<h2 class=\"wp-block-heading\">5. Linkovi<\/h2>\n\n\n\n<p>\u010cinimo sve \u0161to je u na\u0161oj mo\u0107i kako bismo osigurali da sva preusmeravanja s na\u0161ih web stranica upute vas i\/ili va\u0161e dete na web stranice \u010diji je sadr\u017eaj kvalitetan u smislu da ne podsti\u010de negativnosti. Me\u0111utim, stranice i adrese na webu se brzo menjaju, i ne mo\u017eemo uvek garantovati za sadr\u017eaj svake adrese na koju vas usmerimo.&nbsp;<\/p>\n\n\n\n<h2 class=\"wp-block-heading\">6. Promene i prestanak uslova kori\u0161\u0107enja<\/h2>\n\n\n\n<p>Podravka d.d. zadr\u017eava pravo izmene ili prekida svih ili bilo kojeg dela ove web stranice i uveta kori\u0161\u0107enja u bilo kojem trenutku. Promene stupaju na snagu objavljivanjem na ovoj adresi ili kada su korisnici o njima obavije\u0161teni. Uslovi kori\u0161\u0107enja primenjuju se do raskida istih od va\u0161e strane ili od strane Podravke d.d. Va\u0161 raskid, mogu\u0107 u bilo kojem trenutku, zna\u010di prestanak kori\u0161\u0107enja web stranice i poni\u0161tenje svih materijala i sadr\u017eaja \u201cskinutih\u201d i kori\u0161\u0107enih s iste web stranice .<\/p>\n\n\n\n<p>A\u017eurirano 24.06.2025.<\/p>\n","protected":false},"excerpt":{"rendered":"<p>Web stranicu https:\/\/vegeta.com\/rs (dalje u tekstu: web stranica) pokrenula je i ure\u0111uje Podravka d.d. (dalje u tekstu: Podravka ili mi). Prvim kori\u0161tenjem web stranice smatra se da ste u celosti upoznati s ovim Uslovima, da su vam jasni i da ih prihvatate. Ako niste saglasni s njima, molimo da ne pristupate web stranici i da [&hellip;]<\/p>\n","protected":false},"author":3,"featured_media":0,"parent":0,"menu_order":0,"comment_status":"closed","ping_status":"closed","template":"","meta":{"_acf_changed":false,"ep_exclude_from_search":false,"footnotes":""},"class_list":["post-34","page","type-page","status-publish","hentry"],"acf":[],"yoast_head":"<!-- This site is optimized with the Yoast SEO plugin v25.1 - https:\/\/yoast.com\/wordpress\/plugins\/seo\/ -->\n<title>Pravila i uslovi kori\u0161\u0107enja - Vegeta<\/title>\n<meta name=\"robots\" content=\"index, follow, max-snippet:-1, max-image-preview:large, max-video-preview:-1\" \/>\n<link rel=\"canonical\" href=\"https:\/\/vegeta.com\/rs\/uslovi-koriscenja\/\" \/>\n<meta property=\"og:locale\" content=\"sr_RS\" \/>\n<meta property=\"og:type\" content=\"article\" \/>\n<meta property=\"og:title\" content=\"Pravila i uslovi kori\u0161\u0107enja - Vegeta\" \/>\n<meta property=\"og:description\" content=\"Web stranicu https:\/\/vegeta.com\/rs (dalje u tekstu: web stranica) pokrenula je i ure\u0111uje Podravka d.d. (dalje u tekstu: Podravka ili mi). Prvim kori\u0161tenjem web stranice smatra se da ste u celosti upoznati s ovim Uslovima, da su vam jasni i da ih prihvatate. Ako niste saglasni s njima, molimo da ne pristupate web stranici i da [&hellip;]\" \/>\n<meta property=\"og:url\" content=\"https:\/\/vegeta.com\/rs\/uslovi-koriscenja\/\" \/>\n<meta property=\"og:site_name\" content=\"Vegeta\" \/>\n<meta property=\"article:modified_time\" content=\"2025-08-19T12:19:31+00:00\" \/>\n<meta property=\"og:image\" content=\"https:\/\/cdn.vegeta.com\/cro\/2024\/12\/image-social-share-general.png\" \/>\n\t<meta property=\"og:image:width\" content=\"1200\" \/>\n\t<meta property=\"og:image:height\" content=\"630\" \/>\n\t<meta property=\"og:image:type\" content=\"image\/png\" \/>\n<meta name=\"twitter:card\" content=\"summary_large_image\" \/>\n<meta name=\"twitter:label1\" content=\"Est. reading time\" \/>\n\t<meta name=\"twitter:data1\" content=\"9 minutes\" \/>\n<script type=\"application\/ld+json\" class=\"yoast-schema-graph\">{\"@context\":\"https:\/\/schema.org\",\"@graph\":[{\"@type\":\"WebPage\",\"@id\":\"https:\/\/vegeta.com\/rs\/uslovi-koriscenja\/\",\"url\":\"https:\/\/vegeta.com\/rs\/uslovi-koriscenja\/\",\"name\":\"Pravila i uslovi kori\u0161\u0107enja - Vegeta\",\"isPartOf\":{\"@id\":\"https:\/\/vegeta.com\/rs\/#website\"},\"datePublished\":\"2023-05-09T11:35:02+00:00\",\"dateModified\":\"2025-08-19T12:19:31+00:00\",\"breadcrumb\":{\"@id\":\"https:\/\/vegeta.com\/rs\/uslovi-koriscenja\/#breadcrumb\"},\"inLanguage\":\"sr-RS\",\"potentialAction\":[{\"@type\":\"ReadAction\",\"target\":[\"https:\/\/vegeta.com\/rs\/uslovi-koriscenja\/\"]}]},{\"@type\":\"BreadcrumbList\",\"@id\":\"https:\/\/vegeta.com\/rs\/uslovi-koriscenja\/#breadcrumb\",\"itemListElement\":[{\"@type\":\"ListItem\",\"position\":1,\"name\":\"Home\",\"item\":\"https:\/\/vegeta.com\/rs\/\"},{\"@type\":\"ListItem\",\"position\":2,\"name\":\"Pravila i uslovi kori\u0161\u0107enja\"}]},{\"@type\":\"WebSite\",\"@id\":\"https:\/\/vegeta.com\/rs\/#website\",\"url\":\"https:\/\/vegeta.com\/rs\/\",\"name\":\"Vegeta\",\"description\":\"\",\"publisher\":{\"@id\":\"https:\/\/vegeta.com\/rs\/#organization\"},\"potentialAction\":[{\"@type\":\"SearchAction\",\"target\":{\"@type\":\"EntryPoint\",\"urlTemplate\":\"https:\/\/vegeta.com\/rs\/?s={search_term_string}\"},\"query-input\":{\"@type\":\"PropertyValueSpecification\",\"valueRequired\":true,\"valueName\":\"search_term_string\"}}],\"inLanguage\":\"sr-RS\"},{\"@type\":\"Organization\",\"@id\":\"https:\/\/vegeta.com\/rs\/#organization\",\"name\":\"Vegeta\",\"url\":\"https:\/\/vegeta.com\/rs\/\",\"logo\":{\"@type\":\"ImageObject\",\"inLanguage\":\"sr-RS\",\"@id\":\"https:\/\/vegeta.com\/rs\/#\/schema\/logo\/image\/\",\"url\":\"https:\/\/cdn.vegeta.com\/cro\/2023\/09\/image-vegeta-app-1024.png\",\"contentUrl\":\"https:\/\/cdn.vegeta.com\/cro\/2023\/09\/image-vegeta-app-1024.png\",\"width\":946,\"height\":944,\"caption\":\"Vegeta\"},\"image\":{\"@id\":\"https:\/\/vegeta.com\/rs\/#\/schema\/logo\/image\/\"}}]}<\/script>\n<!-- \/ Yoast SEO plugin. -->","yoast_head_json":{"title":"Pravila i uslovi kori\u0161\u0107enja - Vegeta","robots":{"index":"index","follow":"follow","max-snippet":"max-snippet:-1","max-image-preview":"max-image-preview:large","max-video-preview":"max-video-preview:-1"},"canonical":"https:\/\/vegeta.com\/rs\/uslovi-koriscenja\/","og_locale":"sr_RS","og_type":"article","og_title":"Pravila i uslovi kori\u0161\u0107enja - Vegeta","og_description":"Web stranicu https:\/\/vegeta.com\/rs (dalje u tekstu: web stranica) pokrenula je i ure\u0111uje Podravka d.d. (dalje u tekstu: Podravka ili mi). Prvim kori\u0161tenjem web stranice smatra se da ste u celosti upoznati s ovim Uslovima, da su vam jasni i da ih prihvatate. Ako niste saglasni s njima, molimo da ne pristupate web stranici i da [&hellip;]","og_url":"https:\/\/vegeta.com\/rs\/uslovi-koriscenja\/","og_site_name":"Vegeta","article_modified_time":"2025-08-19T12:19:31+00:00","og_image":[{"width":1200,"height":630,"url":"https:\/\/cdn.vegeta.com\/cro\/2024\/12\/image-social-share-general.png","type":"image\/png"}],"twitter_card":"summary_large_image","twitter_misc":{"Est. reading time":"9 minutes"},"schema":{"@context":"https:\/\/schema.org","@graph":[{"@type":"WebPage","@id":"https:\/\/vegeta.com\/rs\/uslovi-koriscenja\/","url":"https:\/\/vegeta.com\/rs\/uslovi-koriscenja\/","name":"Pravila i uslovi kori\u0161\u0107enja - Vegeta","isPartOf":{"@id":"https:\/\/vegeta.com\/rs\/#website"},"datePublished":"2023-05-09T11:35:02+00:00","dateModified":"2025-08-19T12:19:31+00:00","breadcrumb":{"@id":"https:\/\/vegeta.com\/rs\/uslovi-koriscenja\/#breadcrumb"},"inLanguage":"sr-RS","potentialAction":[{"@type":"ReadAction","target":["https:\/\/vegeta.com\/rs\/uslovi-koriscenja\/"]}]},{"@type":"BreadcrumbList","@id":"https:\/\/vegeta.com\/rs\/uslovi-koriscenja\/#breadcrumb","itemListElement":[{"@type":"ListItem","position":1,"name":"Home","item":"https:\/\/vegeta.com\/rs\/"},{"@type":"ListItem","position":2,"name":"Pravila i uslovi kori\u0161\u0107enja"}]},{"@type":"WebSite","@id":"https:\/\/vegeta.com\/rs\/#website","url":"https:\/\/vegeta.com\/rs\/","name":"Vegeta","description":"","publisher":{"@id":"https:\/\/vegeta.com\/rs\/#organization"},"potentialAction":[{"@type":"SearchAction","target":{"@type":"EntryPoint","urlTemplate":"https:\/\/vegeta.com\/rs\/?s={search_term_string}"},"query-input":{"@type":"PropertyValueSpecification","valueRequired":true,"valueName":"search_term_string"}}],"inLanguage":"sr-RS"},{"@type":"Organization","@id":"https:\/\/vegeta.com\/rs\/#organization","name":"Vegeta","url":"https:\/\/vegeta.com\/rs\/","logo":{"@type":"ImageObject","inLanguage":"sr-RS","@id":"https:\/\/vegeta.com\/rs\/#\/schema\/logo\/image\/","url":"https:\/\/cdn.vegeta.com\/cro\/2023\/09\/image-vegeta-app-1024.png","contentUrl":"https:\/\/cdn.vegeta.com\/cro\/2023\/09\/image-vegeta-app-1024.png","width":946,"height":944,"caption":"Vegeta"},"image":{"@id":"https:\/\/vegeta.com\/rs\/#\/schema\/logo\/image\/"}}]}},"_links":{"self":[{"href":"https:\/\/vegeta.com\/rs\/wp-json\/wp\/v2\/pages\/34","targetHints":{"allow":["GET"]}}],"collection":[{"href":"https:\/\/vegeta.com\/rs\/wp-json\/wp\/v2\/pages"}],"about":[{"href":"https:\/\/vegeta.com\/rs\/wp-json\/wp\/v2\/types\/page"}],"author":[{"embeddable":true,"href":"https:\/\/vegeta.com\/rs\/wp-json\/wp\/v2\/users\/3"}],"replies":[{"embeddable":true,"href":"https:\/\/vegeta.com\/rs\/wp-json\/wp\/v2\/comments?post=34"}],"version-history":[{"count":9,"href":"https:\/\/vegeta.com\/rs\/wp-json\/wp\/v2\/pages\/34\/revisions"}],"predecessor-version":[{"id":33376,"href":"https:\/\/vegeta.com\/rs\/wp-json\/wp\/v2\/pages\/34\/revisions\/33376"}],"wp:attachment":[{"href":"https:\/\/vegeta.com\/rs\/wp-json\/wp\/v2\/media?parent=34"}],"curies":[{"name":"wp","href":"https:\/\/api.w.org\/{rel}","templated":true}]}}