{"id":31,"date":"2023-05-09T11:34:40","date_gmt":"2023-05-09T11:34:40","guid":{"rendered":"https:\/\/vegeta.com\/hr\/?page_id=31"},"modified":"2025-06-24T09:17:13","modified_gmt":"2025-06-24T09:17:13","slug":"impresum","status":"publish","type":"page","link":"https:\/\/vegeta.com\/rs\/impresum\/","title":{"rendered":"Impressum"},"content":{"rendered":"\n<h2 class=\"wp-block-heading\">Izdava\u010d<\/h2>\n\n\n\n<p>Podravka d.d., Korporativni marketing, Ante Star\u010devi\u0107a 32, 48 000 Koprivnica, Hrvatska<\/p>\n\n\n\n<p>Tel. +385 48 651 202<br>Fax +385 48 622 518<br>Email&nbsp;<a href=\"mailto:podravka@podravka.hr\">podravka@podravka.hr<\/a><\/p>\n\n\n\n<h2 class=\"wp-block-heading\">Kancelarije u Zagrebu<\/h2>\n\n\n\n<p>Podravka d.d., City Plaza 6, Slavonska avenija 6, Zgrada B2\/6 kat 48 000 Koprivnica, Hrvatska<\/p>\n\n\n\n<p>Tel. +385 1 4891 910<br>Fax +385 75 802 496<br>Email&nbsp;<a href=\"mailto:podravka@podravka.hr\">podravka@podravka.hr<\/a><\/p>\n\n\n\n<h2 class=\"wp-block-heading\">Planiranje, dizajn i izrada web-stranice<\/h2>\n\n\n\n<p>Enterwell d.o.o., Koranska ulica 2, 10000, Zagreb<\/p>\n\n\n\n<p><br>Web&nbsp;<a href=\"https:\/\/enterwell.net\/\">https:\/\/enterwell.net<\/a><br>Email&nbsp;<a href=\"mailto:info@enterwell.net\">info@enterwell.net<\/a><\/p>\n\n\n\n<div style=\"height:100px\" aria-hidden=\"true\" class=\"wp-block-spacer\"><\/div>\n\n\n\n<p><\/p>\n\n\n\n<p><\/p>\n\n\n\n<p>PODRAVKA d.d., Koprivnica, Ante Star\u010devi\u0107a 32, Trgova\u010dki sud u Bjelovaru, MBS 010006549, OIB 18928523252, Privredna banka Zagreb d.d., Zagreb, Radni\u010dka cesta 50, IBAN: HR94 2340 0091 1000 9852 6, temeljni kapital 213.600.090,00 evra(\u20ac) upla\u0107en u cijelosti, broj dionica 7.120.003, nominalni iznos dionice 30,00 evra(\u20ac), predsjednik Nadzornog odbora D.Grbavac, predsjednica Uprave M. Dali\u0107, \u010dlanovi Uprave Lj. \u0160apina, D. Doko, M. Tadi\u0107 i I. Ostoji\u0107.<\/p>\n","protected":false},"excerpt":{"rendered":"<p>Izdava\u010d Podravka d.d., Korporativni marketing, Ante Star\u010devi\u0107a 32, 48 000 Koprivnica, Hrvatska Tel. +385 48 651 202Fax +385 48 622 518Email&nbsp;podravka@podravka.hr Kancelarije u Zagrebu Podravka d.d., City Plaza 6, Slavonska avenija 6, Zgrada B2\/6 kat 48 000 Koprivnica, Hrvatska Tel. +385 1 4891 910Fax +385 75 802 496Email&nbsp;podravka@podravka.hr Planiranje, dizajn i izrada web-stranice Enterwell d.o.o., [&hellip;]<\/p>\n","protected":false},"author":3,"featured_media":0,"parent":0,"menu_order":0,"comment_status":"closed","ping_status":"closed","template":"","meta":{"_acf_changed":false,"ep_exclude_from_search":false,"footnotes":""},"class_list":["post-31","page","type-page","status-publish","hentry"],"acf":[],"yoast_head":"<!-- This site is optimized with the Yoast SEO plugin v25.1 - https:\/\/yoast.com\/wordpress\/plugins\/seo\/ -->\n<title>Impressum - Vegeta<\/title>\n<meta name=\"robots\" content=\"index, follow, max-snippet:-1, max-image-preview:large, max-video-preview:-1\" \/>\n<link rel=\"canonical\" href=\"https:\/\/vegeta.com\/rs\/impresum\/\" \/>\n<meta property=\"og:locale\" content=\"sr_RS\" \/>\n<meta property=\"og:type\" content=\"article\" \/>\n<meta property=\"og:title\" content=\"Impressum - Vegeta\" \/>\n<meta property=\"og:description\" content=\"Izdava\u010d Podravka d.d., Korporativni marketing, Ante Star\u010devi\u0107a 32, 48 000 Koprivnica, Hrvatska Tel. +385 48 651 202Fax +385 48 622 518Email&nbsp;podravka@podravka.hr Kancelarije u Zagrebu Podravka d.d., City Plaza 6, Slavonska avenija 6, Zgrada B2\/6 kat 48 000 Koprivnica, Hrvatska Tel. +385 1 4891 910Fax +385 75 802 496Email&nbsp;podravka@podravka.hr Planiranje, dizajn i izrada web-stranice Enterwell d.o.o., [&hellip;]\" \/>\n<meta property=\"og:url\" content=\"https:\/\/vegeta.com\/rs\/impresum\/\" \/>\n<meta property=\"og:site_name\" content=\"Vegeta\" \/>\n<meta property=\"article:modified_time\" content=\"2025-06-24T09:17:13+00:00\" \/>\n<meta property=\"og:image\" content=\"https:\/\/cdn.vegeta.com\/cro\/2024\/12\/image-social-share-general.png\" \/>\n\t<meta property=\"og:image:width\" content=\"1200\" \/>\n\t<meta property=\"og:image:height\" content=\"630\" \/>\n\t<meta property=\"og:image:type\" content=\"image\/png\" \/>\n<meta name=\"twitter:card\" content=\"summary_large_image\" \/>\n<meta name=\"twitter:label1\" content=\"Est. reading time\" \/>\n\t<meta name=\"twitter:data1\" content=\"1 minute\" \/>\n<script type=\"application\/ld+json\" class=\"yoast-schema-graph\">{\"@context\":\"https:\/\/schema.org\",\"@graph\":[{\"@type\":\"WebPage\",\"@id\":\"https:\/\/vegeta.com\/rs\/impresum\/\",\"url\":\"https:\/\/vegeta.com\/rs\/impresum\/\",\"name\":\"Impressum - Vegeta\",\"isPartOf\":{\"@id\":\"https:\/\/vegeta.com\/rs\/#website\"},\"datePublished\":\"2023-05-09T11:34:40+00:00\",\"dateModified\":\"2025-06-24T09:17:13+00:00\",\"breadcrumb\":{\"@id\":\"https:\/\/vegeta.com\/rs\/impresum\/#breadcrumb\"},\"inLanguage\":\"sr-RS\",\"potentialAction\":[{\"@type\":\"ReadAction\",\"target\":[\"https:\/\/vegeta.com\/rs\/impresum\/\"]}]},{\"@type\":\"BreadcrumbList\",\"@id\":\"https:\/\/vegeta.com\/rs\/impresum\/#breadcrumb\",\"itemListElement\":[{\"@type\":\"ListItem\",\"position\":1,\"name\":\"Home\",\"item\":\"https:\/\/vegeta.com\/rs\/\"},{\"@type\":\"ListItem\",\"position\":2,\"name\":\"Impressum\"}]},{\"@type\":\"WebSite\",\"@id\":\"https:\/\/vegeta.com\/rs\/#website\",\"url\":\"https:\/\/vegeta.com\/rs\/\",\"name\":\"Vegeta\",\"description\":\"\",\"publisher\":{\"@id\":\"https:\/\/vegeta.com\/rs\/#organization\"},\"potentialAction\":[{\"@type\":\"SearchAction\",\"target\":{\"@type\":\"EntryPoint\",\"urlTemplate\":\"https:\/\/vegeta.com\/rs\/?s={search_term_string}\"},\"query-input\":{\"@type\":\"PropertyValueSpecification\",\"valueRequired\":true,\"valueName\":\"search_term_string\"}}],\"inLanguage\":\"sr-RS\"},{\"@type\":\"Organization\",\"@id\":\"https:\/\/vegeta.com\/rs\/#organization\",\"name\":\"Vegeta\",\"url\":\"https:\/\/vegeta.com\/rs\/\",\"logo\":{\"@type\":\"ImageObject\",\"inLanguage\":\"sr-RS\",\"@id\":\"https:\/\/vegeta.com\/rs\/#\/schema\/logo\/image\/\",\"url\":\"https:\/\/cdn.vegeta.com\/cro\/2023\/09\/image-vegeta-app-1024.png\",\"contentUrl\":\"https:\/\/cdn.vegeta.com\/cro\/2023\/09\/image-vegeta-app-1024.png\",\"width\":946,\"height\":944,\"caption\":\"Vegeta\"},\"image\":{\"@id\":\"https:\/\/vegeta.com\/rs\/#\/schema\/logo\/image\/\"}}]}<\/script>\n<!-- \/ Yoast SEO plugin. -->","yoast_head_json":{"title":"Impressum - Vegeta","robots":{"index":"index","follow":"follow","max-snippet":"max-snippet:-1","max-image-preview":"max-image-preview:large","max-video-preview":"max-video-preview:-1"},"canonical":"https:\/\/vegeta.com\/rs\/impresum\/","og_locale":"sr_RS","og_type":"article","og_title":"Impressum - Vegeta","og_description":"Izdava\u010d Podravka d.d., Korporativni marketing, Ante Star\u010devi\u0107a 32, 48 000 Koprivnica, Hrvatska Tel. +385 48 651 202Fax +385 48 622 518Email&nbsp;podravka@podravka.hr Kancelarije u Zagrebu Podravka d.d., City Plaza 6, Slavonska avenija 6, Zgrada B2\/6 kat 48 000 Koprivnica, Hrvatska Tel. +385 1 4891 910Fax +385 75 802 496Email&nbsp;podravka@podravka.hr Planiranje, dizajn i izrada web-stranice Enterwell d.o.o., [&hellip;]","og_url":"https:\/\/vegeta.com\/rs\/impresum\/","og_site_name":"Vegeta","article_modified_time":"2025-06-24T09:17:13+00:00","og_image":[{"width":1200,"height":630,"url":"https:\/\/cdn.vegeta.com\/cro\/2024\/12\/image-social-share-general.png","type":"image\/png"}],"twitter_card":"summary_large_image","twitter_misc":{"Est. reading time":"1 minute"},"schema":{"@context":"https:\/\/schema.org","@graph":[{"@type":"WebPage","@id":"https:\/\/vegeta.com\/rs\/impresum\/","url":"https:\/\/vegeta.com\/rs\/impresum\/","name":"Impressum - Vegeta","isPartOf":{"@id":"https:\/\/vegeta.com\/rs\/#website"},"datePublished":"2023-05-09T11:34:40+00:00","dateModified":"2025-06-24T09:17:13+00:00","breadcrumb":{"@id":"https:\/\/vegeta.com\/rs\/impresum\/#breadcrumb"},"inLanguage":"sr-RS","potentialAction":[{"@type":"ReadAction","target":["https:\/\/vegeta.com\/rs\/impresum\/"]}]},{"@type":"BreadcrumbList","@id":"https:\/\/vegeta.com\/rs\/impresum\/#breadcrumb","itemListElement":[{"@type":"ListItem","position":1,"name":"Home","item":"https:\/\/vegeta.com\/rs\/"},{"@type":"ListItem","position":2,"name":"Impressum"}]},{"@type":"WebSite","@id":"https:\/\/vegeta.com\/rs\/#website","url":"https:\/\/vegeta.com\/rs\/","name":"Vegeta","description":"","publisher":{"@id":"https:\/\/vegeta.com\/rs\/#organization"},"potentialAction":[{"@type":"SearchAction","target":{"@type":"EntryPoint","urlTemplate":"https:\/\/vegeta.com\/rs\/?s={search_term_string}"},"query-input":{"@type":"PropertyValueSpecification","valueRequired":true,"valueName":"search_term_string"}}],"inLanguage":"sr-RS"},{"@type":"Organization","@id":"https:\/\/vegeta.com\/rs\/#organization","name":"Vegeta","url":"https:\/\/vegeta.com\/rs\/","logo":{"@type":"ImageObject","inLanguage":"sr-RS","@id":"https:\/\/vegeta.com\/rs\/#\/schema\/logo\/image\/","url":"https:\/\/cdn.vegeta.com\/cro\/2023\/09\/image-vegeta-app-1024.png","contentUrl":"https:\/\/cdn.vegeta.com\/cro\/2023\/09\/image-vegeta-app-1024.png","width":946,"height":944,"caption":"Vegeta"},"image":{"@id":"https:\/\/vegeta.com\/rs\/#\/schema\/logo\/image\/"}}]}},"_links":{"self":[{"href":"https:\/\/vegeta.com\/rs\/wp-json\/wp\/v2\/pages\/31","targetHints":{"allow":["GET"]}}],"collection":[{"href":"https:\/\/vegeta.com\/rs\/wp-json\/wp\/v2\/pages"}],"about":[{"href":"https:\/\/vegeta.com\/rs\/wp-json\/wp\/v2\/types\/page"}],"author":[{"embeddable":true,"href":"https:\/\/vegeta.com\/rs\/wp-json\/wp\/v2\/users\/3"}],"replies":[{"embeddable":true,"href":"https:\/\/vegeta.com\/rs\/wp-json\/wp\/v2\/comments?post=31"}],"version-history":[{"count":8,"href":"https:\/\/vegeta.com\/rs\/wp-json\/wp\/v2\/pages\/31\/revisions"}],"predecessor-version":[{"id":33365,"href":"https:\/\/vegeta.com\/rs\/wp-json\/wp\/v2\/pages\/31\/revisions\/33365"}],"wp:attachment":[{"href":"https:\/\/vegeta.com\/rs\/wp-json\/wp\/v2\/media?parent=31"}],"curies":[{"name":"wp","href":"https:\/\/api.w.org\/{rel}","templated":true}]}}