{"id":5636,"date":"2024-12-19T09:13:12","date_gmt":"2024-12-19T09:13:12","guid":{"rendered":"https:\/\/staging.vegeta.com\/ro\/?page_id=5636"},"modified":"2024-12-19T09:13:13","modified_gmt":"2024-12-19T09:13:13","slug":"tehnologie","status":"publish","type":"page","link":"https:\/\/vegeta.com\/ro\/calitate-recunoscuta\/tehnologie\/","title":{"rendered":"Tehnologie"},"content":{"rendered":"\n<p>Puterea m\u0103rcilor \u0219i inova\u021biilor Podravka sunt premise fundamentale pentru progresul \u0219i profitabilitatea companiei.<\/p>\n\n\n\n<p>Obiectivul nostru principal este pe recunoa\u0219terea nevoilor \u0219i dorin\u021belor consumatorilor \u0219i clien\u021bilor; \u0219i implementarea solu\u021biilor tehnologice pentru a satisface aceste nevoi \u00een eforturile noastre de a asigura \u0219i men\u021bine cele men\u021bionate mai sus.<\/p>\n\n\n\n<p>Prin cercetarea zilnic\u0103 \u0219i colectarea de informa\u021bii, adesea \u00een colaborare cu comunitatea de cercetare \u0219tiin\u021bific\u0103, identific\u0103m \u0219i test\u0103m noi tehnologii, adopt\u00e2ndu-le pe cele care permit crearea de produse de \u00eenalt\u0103 calitate. Acord\u0103m o aten\u021bie deosebit\u0103 excelen\u021bei \u0219i conserv\u0103rii maxime a aromei, valorii nutri\u021bionale; \u0219i utiliz\u0103rii produsului.<\/p>\n\n\n\n<p>Prin direc\u021bionarea eforturilor noastre c\u0103tre inova\u021bie \u00een toate procesele din timpul dezvolt\u0103rii produsului, cre\u0103m, \u00eencuraj\u0103m \u0219i men\u021binem valoarea ad\u0103ugat\u0103 a produselor Podravka. Introducerea noilor tehnologii permite o gestionare mai eficient\u0103 a materiilor prime \u0219i a energiei, cre\u00e2nd condi\u021bii pentru a func\u021biona conform principiilor dezvolt\u0103rii sustenabile.<\/p>\n\n\n\n<p>Laborator Semi-Industrial de Cercetare-Dezvoltare<\/p>\n\n\n\n<p>\u00cenfiin\u021bat \u00een 2008, Laboratorul Semi-Industrial de Cercetare \u0219i Dezvoltare este singurul laborator de acest gen din regiune. Principalele avantaje ale unui astfel de laborator pentru Podravka includ:<\/p>\n\n\n\n<p>Asigurarea calit\u0103\u021bii superioare;<\/p>\n\n\n\n<p>Scurtarea timpului necesar pentru introducerea pe pia\u021b\u0103 a unui nou produs;<\/p>\n\n\n\n<p>Reducerea costurilor prin loturi mai mici pentru produc\u021bia de prob\u0103.<\/p>\n\n\n\n<p>Pe l\u00e2ng\u0103 faptul c\u0103 deserve\u0219te nevoile Podravkai, laboratorul pilot este un loc ideal pentru proiecte de cercetare \u0219i dezvoltare, teze post-universitare \u0219i postuniversitare; \u0219i educa\u021bie.<\/p>\n\n\n\n<p>Pentru \u00eentreb\u0103ri suplimentare legate de laboratorul nostru, v\u0103 rug\u0103m s\u0103 ne contacta\u021bi prin e-mail la <a href=\"mailto:technology@podravka.hr\">technology@podravka.hr<\/a>.<\/p>\n","protected":false},"excerpt":{"rendered":"<p>Puterea m\u0103rcilor \u0219i inova\u021biilor Podravka sunt premise fundamentale pentru progresul \u0219i profitabilitatea companiei. Obiectivul nostru principal este pe recunoa\u0219terea nevoilor \u0219i dorin\u021belor consumatorilor \u0219i clien\u021bilor; \u0219i implementarea solu\u021biilor tehnologice pentru a satisface aceste nevoi \u00een eforturile noastre de a asigura \u0219i men\u021bine cele men\u021bionate mai sus. Prin cercetarea zilnic\u0103 \u0219i colectarea de informa\u021bii, adesea \u00een [&hellip;]<\/p>\n","protected":false},"author":2,"featured_media":0,"parent":19,"menu_order":0,"comment_status":"closed","ping_status":"closed","template":"","meta":{"_acf_changed":false,"ep_exclude_from_search":false,"footnotes":""},"class_list":["post-5636","page","type-page","status-publish","hentry"],"acf":[],"yoast_head":"<!-- This site is optimized with the Yoast SEO plugin v25.1 - https:\/\/yoast.com\/wordpress\/plugins\/seo\/ -->\n<title>Tehnologie - Vegeta<\/title>\n<meta name=\"robots\" content=\"index, follow, max-snippet:-1, max-image-preview:large, max-video-preview:-1\" \/>\n<link rel=\"canonical\" href=\"https:\/\/vegeta.com\/ro\/calitate-recunoscuta\/tehnologie\/\" \/>\n<meta property=\"og:locale\" content=\"ro_RO\" \/>\n<meta property=\"og:type\" content=\"article\" \/>\n<meta property=\"og:title\" content=\"Tehnologie - Vegeta\" \/>\n<meta property=\"og:description\" content=\"Puterea m\u0103rcilor \u0219i inova\u021biilor Podravka sunt premise fundamentale pentru progresul \u0219i profitabilitatea companiei. Obiectivul nostru principal este pe recunoa\u0219terea nevoilor \u0219i dorin\u021belor consumatorilor \u0219i clien\u021bilor; \u0219i implementarea solu\u021biilor tehnologice pentru a satisface aceste nevoi \u00een eforturile noastre de a asigura \u0219i men\u021bine cele men\u021bionate mai sus. Prin cercetarea zilnic\u0103 \u0219i colectarea de informa\u021bii, adesea \u00een [&hellip;]\" \/>\n<meta property=\"og:url\" content=\"https:\/\/vegeta.com\/ro\/calitate-recunoscuta\/tehnologie\/\" \/>\n<meta property=\"og:site_name\" content=\"Vegeta\" \/>\n<meta property=\"article:modified_time\" content=\"2024-12-19T09:13:13+00:00\" \/>\n<meta property=\"og:image\" content=\"https:\/\/cdn.staging.vegeta.com\/slo\/2023\/09\/b4f3b662f89df0ae374bd0db0c1e4c88.jpeg\" \/>\n\t<meta property=\"og:image:width\" content=\"1200\" \/>\n\t<meta property=\"og:image:height\" content=\"630\" \/>\n\t<meta property=\"og:image:type\" content=\"image\/jpeg\" \/>\n<meta name=\"twitter:card\" content=\"summary_large_image\" \/>\n<meta name=\"twitter:label1\" content=\"Est. reading time\" \/>\n\t<meta name=\"twitter:data1\" content=\"2 minutes\" \/>\n<script type=\"application\/ld+json\" class=\"yoast-schema-graph\">{\"@context\":\"https:\/\/schema.org\",\"@graph\":[{\"@type\":\"WebPage\",\"@id\":\"https:\/\/vegeta.com\/ro\/calitate-recunoscuta\/tehnologie\/\",\"url\":\"https:\/\/vegeta.com\/ro\/calitate-recunoscuta\/tehnologie\/\",\"name\":\"Tehnologie - Vegeta\",\"isPartOf\":{\"@id\":\"https:\/\/vegeta.com\/ro\/#website\"},\"datePublished\":\"2024-12-19T09:13:12+00:00\",\"dateModified\":\"2024-12-19T09:13:13+00:00\",\"breadcrumb\":{\"@id\":\"https:\/\/vegeta.com\/ro\/calitate-recunoscuta\/tehnologie\/#breadcrumb\"},\"inLanguage\":\"ro-RO\",\"potentialAction\":[{\"@type\":\"ReadAction\",\"target\":[\"https:\/\/vegeta.com\/ro\/calitate-recunoscuta\/tehnologie\/\"]}]},{\"@type\":\"BreadcrumbList\",\"@id\":\"https:\/\/vegeta.com\/ro\/calitate-recunoscuta\/tehnologie\/#breadcrumb\",\"itemListElement\":[{\"@type\":\"ListItem\",\"position\":1,\"name\":\"Home\",\"item\":\"https:\/\/vegeta.com\/ro\/\"},{\"@type\":\"ListItem\",\"position\":2,\"name\":\"Calitate recunoscut\u0103\",\"item\":\"https:\/\/vegeta.com\/ro\/calitate-recunoscuta\/\"},{\"@type\":\"ListItem\",\"position\":3,\"name\":\"Tehnologie\"}]},{\"@type\":\"WebSite\",\"@id\":\"https:\/\/vegeta.com\/ro\/#website\",\"url\":\"https:\/\/vegeta.com\/ro\/\",\"name\":\"Vegeta\",\"description\":\"\",\"publisher\":{\"@id\":\"https:\/\/vegeta.com\/ro\/#organization\"},\"potentialAction\":[{\"@type\":\"SearchAction\",\"target\":{\"@type\":\"EntryPoint\",\"urlTemplate\":\"https:\/\/vegeta.com\/ro\/?s={search_term_string}\"},\"query-input\":{\"@type\":\"PropertyValueSpecification\",\"valueRequired\":true,\"valueName\":\"search_term_string\"}}],\"inLanguage\":\"ro-RO\"},{\"@type\":\"Organization\",\"@id\":\"https:\/\/vegeta.com\/ro\/#organization\",\"name\":\"Vegeta\",\"url\":\"https:\/\/vegeta.com\/ro\/\",\"logo\":{\"@type\":\"ImageObject\",\"inLanguage\":\"ro-RO\",\"@id\":\"https:\/\/vegeta.com\/ro\/#\/schema\/logo\/image\/\",\"url\":\"https:\/\/cdn.staging.vegeta.com\/slo\/2023\/09\/image-vegeta-app-1024.png\",\"contentUrl\":\"https:\/\/cdn.staging.vegeta.com\/slo\/2023\/09\/image-vegeta-app-1024.png\",\"width\":946,\"height\":944,\"caption\":\"Vegeta\"},\"image\":{\"@id\":\"https:\/\/vegeta.com\/ro\/#\/schema\/logo\/image\/\"}}]}<\/script>\n<!-- \/ Yoast SEO plugin. -->","yoast_head_json":{"title":"Tehnologie - Vegeta","robots":{"index":"index","follow":"follow","max-snippet":"max-snippet:-1","max-image-preview":"max-image-preview:large","max-video-preview":"max-video-preview:-1"},"canonical":"https:\/\/vegeta.com\/ro\/calitate-recunoscuta\/tehnologie\/","og_locale":"ro_RO","og_type":"article","og_title":"Tehnologie - Vegeta","og_description":"Puterea m\u0103rcilor \u0219i inova\u021biilor Podravka sunt premise fundamentale pentru progresul \u0219i profitabilitatea companiei. Obiectivul nostru principal este pe recunoa\u0219terea nevoilor \u0219i dorin\u021belor consumatorilor \u0219i clien\u021bilor; \u0219i implementarea solu\u021biilor tehnologice pentru a satisface aceste nevoi \u00een eforturile noastre de a asigura \u0219i men\u021bine cele men\u021bionate mai sus. Prin cercetarea zilnic\u0103 \u0219i colectarea de informa\u021bii, adesea \u00een [&hellip;]","og_url":"https:\/\/vegeta.com\/ro\/calitate-recunoscuta\/tehnologie\/","og_site_name":"Vegeta","article_modified_time":"2024-12-19T09:13:13+00:00","og_image":[{"width":1200,"height":630,"url":"https:\/\/cdn.staging.vegeta.com\/slo\/2023\/09\/b4f3b662f89df0ae374bd0db0c1e4c88.jpeg","type":"image\/jpeg"}],"twitter_card":"summary_large_image","twitter_misc":{"Est. reading time":"2 minutes"},"schema":{"@context":"https:\/\/schema.org","@graph":[{"@type":"WebPage","@id":"https:\/\/vegeta.com\/ro\/calitate-recunoscuta\/tehnologie\/","url":"https:\/\/vegeta.com\/ro\/calitate-recunoscuta\/tehnologie\/","name":"Tehnologie - Vegeta","isPartOf":{"@id":"https:\/\/vegeta.com\/ro\/#website"},"datePublished":"2024-12-19T09:13:12+00:00","dateModified":"2024-12-19T09:13:13+00:00","breadcrumb":{"@id":"https:\/\/vegeta.com\/ro\/calitate-recunoscuta\/tehnologie\/#breadcrumb"},"inLanguage":"ro-RO","potentialAction":[{"@type":"ReadAction","target":["https:\/\/vegeta.com\/ro\/calitate-recunoscuta\/tehnologie\/"]}]},{"@type":"BreadcrumbList","@id":"https:\/\/vegeta.com\/ro\/calitate-recunoscuta\/tehnologie\/#breadcrumb","itemListElement":[{"@type":"ListItem","position":1,"name":"Home","item":"https:\/\/vegeta.com\/ro\/"},{"@type":"ListItem","position":2,"name":"Calitate recunoscut\u0103","item":"https:\/\/vegeta.com\/ro\/calitate-recunoscuta\/"},{"@type":"ListItem","position":3,"name":"Tehnologie"}]},{"@type":"WebSite","@id":"https:\/\/vegeta.com\/ro\/#website","url":"https:\/\/vegeta.com\/ro\/","name":"Vegeta","description":"","publisher":{"@id":"https:\/\/vegeta.com\/ro\/#organization"},"potentialAction":[{"@type":"SearchAction","target":{"@type":"EntryPoint","urlTemplate":"https:\/\/vegeta.com\/ro\/?s={search_term_string}"},"query-input":{"@type":"PropertyValueSpecification","valueRequired":true,"valueName":"search_term_string"}}],"inLanguage":"ro-RO"},{"@type":"Organization","@id":"https:\/\/vegeta.com\/ro\/#organization","name":"Vegeta","url":"https:\/\/vegeta.com\/ro\/","logo":{"@type":"ImageObject","inLanguage":"ro-RO","@id":"https:\/\/vegeta.com\/ro\/#\/schema\/logo\/image\/","url":"https:\/\/cdn.staging.vegeta.com\/slo\/2023\/09\/image-vegeta-app-1024.png","contentUrl":"https:\/\/cdn.staging.vegeta.com\/slo\/2023\/09\/image-vegeta-app-1024.png","width":946,"height":944,"caption":"Vegeta"},"image":{"@id":"https:\/\/vegeta.com\/ro\/#\/schema\/logo\/image\/"}}]}},"_links":{"self":[{"href":"https:\/\/vegeta.com\/ro\/wp-json\/wp\/v2\/pages\/5636","targetHints":{"allow":["GET"]}}],"collection":[{"href":"https:\/\/vegeta.com\/ro\/wp-json\/wp\/v2\/pages"}],"about":[{"href":"https:\/\/vegeta.com\/ro\/wp-json\/wp\/v2\/types\/page"}],"author":[{"embeddable":true,"href":"https:\/\/vegeta.com\/ro\/wp-json\/wp\/v2\/users\/2"}],"replies":[{"embeddable":true,"href":"https:\/\/vegeta.com\/ro\/wp-json\/wp\/v2\/comments?post=5636"}],"version-history":[{"count":1,"href":"https:\/\/vegeta.com\/ro\/wp-json\/wp\/v2\/pages\/5636\/revisions"}],"predecessor-version":[{"id":5637,"href":"https:\/\/vegeta.com\/ro\/wp-json\/wp\/v2\/pages\/5636\/revisions\/5637"}],"up":[{"embeddable":true,"href":"https:\/\/vegeta.com\/ro\/wp-json\/wp\/v2\/pages\/19"}],"wp:attachment":[{"href":"https:\/\/vegeta.com\/ro\/wp-json\/wp\/v2\/media?parent=5636"}],"curies":[{"name":"wp","href":"https:\/\/api.w.org\/{rel}","templated":true}]}}