{"id":34,"date":"2023-05-09T11:35:02","date_gmt":"2023-05-09T11:35:02","guid":{"rendered":"https:\/\/staging.vegeta.com\/hr\/?page_id=34"},"modified":"2025-04-03T13:46:21","modified_gmt":"2025-04-03T13:46:21","slug":"termeni-si-conditii-de-utilizare","status":"publish","type":"page","link":"https:\/\/vegeta.com\/ro\/termeni-si-conditii-de-utilizare\/","title":{"rendered":"Termeni \u0219i condi\u021bii de utilizare"},"content":{"rendered":"\n<p>Site-ul <a href=\"https:\/\/vegeta.com\/ro\">https:\/\/vegeta.com\/ro<\/a> (\u00een continuare: Site-ul) a fost lansat \u0219i este editat de Podravka d.d. (\u00een continuare: \u201ePodravka\u201d, \u201enoi\u201d, \u201enoi\u201d sau \u201enostru\u201d).<\/p>\n\n\n\n<p>Prin utilizarea Site-ului pentru prima dat\u0103, se consider\u0103 c\u0103 sunte\u021bi pe deplin familiarizat cu ace\u0219ti Termeni \u0219i c\u0103 sunte\u021bi de acord cu ace\u0219ti Termeni. Dac\u0103 nu sunte\u021bi de acord cu ace\u0219ti Termeni, v\u0103 rug\u0103m s\u0103 nu accesa\u021bi site-ul web \u0219i s\u0103 nu utiliza\u021bi con\u021binutul acestuia. Dac\u0103 ave\u021bi \u00eentreb\u0103ri sau \u00eendoieli cu privire la Termenii de utilizare, v\u0103 rug\u0103m s\u0103 contacta\u021bi redac\u021bia la<a href=\"mailto:proizvodi@podravka.hr\"> proizvodi@podravka.hr<\/a>.\u00a0 <a href=\"mailto:editor@vegeta.ro\">editor@vegeta.ro<\/a><\/p>\n\n\n\n<p>Ne rezerv\u0103m dreptul de a modifica aspectul \u0219i con\u021binutul site-ului web \u0219i al Termenilor de utilizare \u0219i v\u0103 invit\u0103m s\u0103 le revizui\u021bi din c\u00e2nd \u00een c\u00e2nd pentru a v\u0103 familiariza cu orice modific\u0103ri. Utilizarea \u00een continuare a site-ului web va fi considerat\u0103 a constitui acceptarea dumneavoastr\u0103 a oric\u0103ror astfel de modific\u0103ri.<\/p>\n\n\n\n<p>Ace\u0219ti termeni guverneaz\u0103 urm\u0103toarele aspecte:<\/p>\n\n\n\n<ol class=\"wp-block-list\">\n<li>Condi\u021bii de utilizare<\/li>\n\n\n\n<li>Drepturi de autor \u0219i alte drepturi de proprietate intelectual\u0103<\/li>\n\n\n\n<li>Garan\u021bii \u0219i declin\u0103ri de r\u0103spundere<\/li>\n\n\n\n<li>\u00cenregistrare<\/li>\n\n\n\n<li>Leg\u0103turi<\/li>\n\n\n\n<li>Modific\u0103ri \u0219i reziliere<\/li>\n<\/ol>\n\n\n\n<h2 class=\"wp-block-heading\"><strong>1. Condi\u021bii de utilizare<\/strong><\/h2>\n\n\n\n<h3 class=\"wp-block-heading\"><strong>Utilizare acceptabil\u0103<\/strong><\/h3>\n\n\n\n<p>Desc\u0103rcarea \u0219i tip\u0103rirea formularelor, de ex. formularele de comand\u0103 \u0219i navigarea prin alte materiale \u0219i con\u021binut la aceast\u0103 adres\u0103 este permis\u0103 numai pentru uz personal. Nu ave\u021bi voie s\u0103 afi\u0219a\u021bi public, s\u0103 transmite\u021bi, s\u0103 publica\u021bi, s\u0103 modifica\u021bi, s\u0103 reproduce\u021bi, s\u0103 distribui\u021bi, s\u0103 participa\u021bi la orice transfer sau v\u00e2nzare, s\u0103 face\u021bi copii, s\u0103 \u00eenc\u0103rca\u021bi sau s\u0103 utiliza\u021bi con\u021binutul site-ului \u00een \u00eentregime sau par\u021bial \u00een orice alt mod sau s\u0103 selecta\u021bi \u0219i s\u0103 coordona\u021bi con\u021binutul acestuia, f\u0103r\u0103 permisiunea scris\u0103 expres\u0103 a Podravka d.d. \u0219i al\u021bi de\u021bin\u0103tori de drepturi de autor \u0219i alte drepturi de proprietate intelectual\u0103. \u00cen cazul \u00een care a fost acordat\u0103 o astfel de permisiune, nu pute\u021bi \u0219terge sau modifica orice date existente referitoare la drepturile de autor \u0219i\/sau m\u0103rci comerciale sau alte drepturi de proprietate intelectual\u0103.<\/p>\n\n\n\n<h3 class=\"wp-block-heading\"><strong>Utilizare comercial\u0103<\/strong><\/h3>\n\n\n\n<p>Site-ul web nu poate fi utilizat pentru comer\u021b, v\u00e2nzare sau orice alte scopuri comerciale, altele dec\u00e2t efectuarea de achizi\u021bii de la Podravka d.d. Nu este permis\u0103 nicio form\u0103 de publicitate sau colectare de oferte pentru produse \u0219i servicii f\u0103r\u0103 permisiunea scris\u0103 a Podravka. Este interzis\u0103 transmiterea \u0219i publicarea de con\u021binut obscen, ofensator, vulgar, amenin\u021b\u0103tor sau indecent sau inacceptabil sau ilegal, precum \u0219i con\u021binut care \u00eencalc\u0103 drepturile oric\u0103rei p\u0103r\u021bi, \u0219i \u00een special con\u021binut care con\u021bine viru\u0219i sau alt material d\u0103un\u0103tor. Utilizatorii vor fi singuri r\u0103spunz\u0103tori pentru orice daune rezultate din activit\u0103\u021bile lor care nu sunt \u00een conformitate cu cele de mai sus, precum \u0219i pentru orice alt tip de daune care ar putea rezulta din acestea. Podravka d.d. are dreptul (dar nu are nicio obliga\u021bie) de a \u0219terge total sau par\u021bial materialele \u0219i con\u021binutul publicat de utilizatori pe Site.<\/p>\n\n\n\n<h3 class=\"wp-block-heading\"><strong>Postarea de con\u021binut \u0219i material<\/strong><\/h3>\n\n\n\n<p>Post\u00e2nd con\u021binut \u0219i materiale (inclusiv, dar f\u0103r\u0103 a se limita la, propuneri, idei, desene \u0219i re\u021bete) pe acest site web, acorda\u021bi automat (sau garanta\u021bi c\u0103 proprietarul materialului a acordat \u00een mod expres) Podravka d.d. drepturi irevocabile, perpetue \u0219i exclusive \u0219i licen\u021b\u0103 de utilizare, adaptare \u0219i modificare, \u00eencorporare \u00een alte lucr\u0103ri, traduce, publica, transmite \u0219i distribui acest material \u00een \u00eentreaga lume, sub orice form\u0103 \u0219i \u00een toate mediile cunoscute acum sau concepute \u00een continuare, pentru orice scop \u0219i f\u0103r\u0103 tax\u0103. Prevederile acestei clauze vor supravie\u021bui rezilierii acestor Termeni.<\/p>\n\n\n\n<h2 class=\"wp-block-heading\"><strong>2. Drepturi de autor \u0219i alte drepturi de proprietate intelectual\u0103<\/strong><\/h2>\n\n\n\n<p>Con\u021binutul site-ului web este protejat de drepturile de autor de\u021binute de Podravka d.d. sau atribuit Podravka d.d. \u0219i de\u021binut de ter\u021bi. Podravka d.d. de\u021bine, de asemenea, drepturile de autor privind editarea, selec\u021bia \u0219i coordonarea con\u021binutului site-ului. \u00cen plus, site-ul web con\u021bine m\u0103rci comerciale, nume de persoane \u0219i alt con\u021binut de proprietate intelectual\u0103 de\u021binut de Podravka d.d. sau ter\u021bi, pentru care Podravka este titularul licen\u021bei. Nu presupune\u021bi c\u0103 orice con\u021binut de pe site este liber de utilizat f\u0103r\u0103 restric\u021bii. Pute\u021bi solicita permisiunea de a reproduce con\u021binutul.<\/p>\n\n\n\n<h3 class=\"wp-block-heading\"><strong>Imagini \u0219i clipuri video<\/strong><\/h3>\n\n\n\n<p>Toate fotografiile, imaginile, videoclipurile, informa\u021biile biografice despre persoane \u0219i\/sau alte materiale care apar pe site sunt proprietatea exclusiv\u0103 a Podravka d.d. Drepturile de autor \u0219i alte drepturi de proprietate intelectual\u0103 asupra \u0219i asupra tuturor materialelor de pe site apar\u021bin Podravka d.d. Toate drepturile sunt rezervate. Entit\u0103\u021bile pot folosi aceste materiale numai \u00een scopuri promo\u021bionale, editoriale \u0219i informa\u021bionale de publicare \u00een ziare, reviste \u0219i mass-media electronic\u0103. Orice alt\u0103 utilizare a materialelor de pe site este interzis\u0103. \u00cen plus, materialele de pe site nu pot fi utilizate \u00een leg\u0103tur\u0103 cu orice v\u00e2nzare sau ofert\u0103 de v\u00e2nzare de produse sau servicii de orice fel. Permisiunea specificat\u0103 de utilizare \u0219i modul de utilizare a site-ului web nu pot fi transferate, subcontractate sau cesionate \u0219i orice transfer, subcontractare sau cesiune inten\u021bionat \u0219i \u00eencercat va fi considerat nul \u0219i neavenit. Prin utilizarea materialelor de pe site, utilizatorii media se angajeaz\u0103 s\u0103 respecte pe deplin restric\u021biile, condi\u021biile \u0219i cerin\u021bele stabilite aici.<\/p>\n\n\n\n<h2 class=\"wp-block-heading\"><strong>3. Garan\u021bii \u0219i declin\u0103ri de r\u0103spundere<\/strong><\/h2>\n\n\n\n<p>\u00cen timp ce Podravka d.d. depune eforturi rezonabile pentru a se asigura c\u0103 informa\u021biile publicate pe Site sunt corecte \u0219i actualizate, nu ofer\u0103 garan\u021bii cu privire la acurate\u021bea \u0219i caracterul complet al acestor informa\u021bii \u0219i nici nu acord\u0103 dreptul de a se opune \u00een acest sens. Cu excep\u021bia garan\u021biilor expres pentru produse oferite de Podravka d.d., Podravka d.d. subliniaz\u0103 c\u0103 toate materialele \u0219i con\u021binutul de pe site-ul web sunt furnizate \u201eca atare\u201d \u0219i Podravka d.d. nu va fi f\u0103cut responsabil pentru nicio consecin\u021b\u0103 care ar putea decurge dintr-o interpretare diferit\u0103 a materialelor \u0219i con\u021binutului de pe site. Podravka d.d. nu garanteaz\u0103 c\u0103 site-ul web va fi \u00eentotdeauna disponibil \u0219i ne\u00eentrerupt sau f\u0103r\u0103 erori \u0219i viru\u0219i. To\u021bi utilizatorii sunt de acord \u00een mod expres c\u0103 utilizarea site-ului este pe riscul lor.<\/p>\n\n\n\n<p>Podravka d.d. nu va fi responsabil pentru nicio dauna sau v\u0103t\u0103m\u0103ri (inclusiv, dar f\u0103r\u0103 a se limita la, daune speciale sau consecutive) care pot rezulta din utilizarea sau incapacitatea de a utiliza orice parte a site-ului web sau orice con\u021binut publicat sau ad\u0103ugat la acesta de c\u0103tre al\u021bi utilizatori.&nbsp;<\/p>\n\n\n\n<p>Entit\u0103\u021bile media \u0219i al\u021bi utilizatori care utilizeaz\u0103 site-ul sunt de acord \u00een mod expres s\u0103 desp\u0103gubeasc\u0103 Podravka Inc. pentru orice preten\u021bii, costuri, daune sau r\u0103spunderi care decurg din utilizarea neglijent\u0103 a materialelor site-ului, inclusiv orice daune directe, indirecte, incidentale, speciale sau consecutive.<\/p>\n\n\n\n<p>\u00cen plus, Podravka d.d. \u0219i furnizorii s\u0103i nu \u00ee\u0219i asum\u0103 nicio responsabilitate pentru acurate\u021bea, completitudinea sau utilitatea informa\u021biilor, dispozitivelor, produselor sau proceselor prezentate aici \u0219i nu garanteaz\u0103 c\u0103 utilizarea acestor informa\u021bii, dispozitive, produse sau procese nu va \u00eenc\u0103lca drepturile private.<\/p>\n\n\n\n<h3 class=\"wp-block-heading\"><strong>Declinarea r\u0103spunderii la aprobare<\/strong><\/h3>\n\n\n\n<p>Referirea la orice produs, proces sau serviciu specific prin denumire comercial\u0103, marc\u0103 comercial\u0103, produc\u0103tor sau altfel, nu implic\u0103 neap\u0103rat aprobarea, recomandarea sau favorizarea de orice fel din partea Podravka d.d. sau oricare dintre angaja\u021bii \u0219i furnizorii s\u0103i.<\/p>\n\n\n\n<h3 class=\"wp-block-heading\"><strong>Exonerare de r\u0103spundere pentru link-ul extern<\/strong><\/h3>\n\n\n\n<p>Apari\u021bia unor hyperlinkuri externe nu constituie aprobarea site-urilor web cu linkuri sau a informa\u021biilor, produselor sau serviciilor con\u021binute \u00een acestea de c\u0103tre Podravka d.d., furnizorii sau sponsorii s\u0103i. Podravka d.d. \u0219i angaja\u021bii, sponsorii sau furnizorii s\u0103i nu exercit\u0103 control asupra niciunei informa\u021bii disponibile pe astfel de site-uri externe. Leg\u0103turile externe de pe site sunt \u00een concordan\u021b\u0103 cu politica Podravka d.d. \u0219i Podravka d.d. nu este responsabil pentru con\u021binutul oric\u0103rui site cu link primit de la serverele sale. Linkurile pot include link-uri textuale, imagini mici, pictograme sau miniaturi care ilustreaz\u0103 linkul f\u0103r\u0103 a face publicitate produselor sau serviciilor.<\/p>\n\n\n\n<h2 class=\"wp-block-heading\"><strong>4.&nbsp;Links<\/strong><\/h2>\n\n\n\n<p>Facem toate eforturile pentru a ne asigura c\u0103 toate redirec\u021bion\u0103rile din paginile noastre web v\u0103 direc\u021bioneaz\u0103 pe dvs. \u0219i\/sau copilul dvs. c\u0103tre pagini web cu con\u021binut de \u00eenalt\u0103 calitate, adic\u0103 con\u021binut care nu promoveaz\u0103 negativitatea. Cu toate acestea, paginile web \u0219i site-urile web se schimb\u0103 rapid \u0219i nu putem garanta \u00eentotdeauna pentru con\u021binutul fiec\u0103rui site web c\u0103tre care v\u0103 direc\u021bion\u0103m.<\/p>\n\n\n\n<h2 class=\"wp-block-heading\"><strong>5. Modific\u0103ri \u0219i reziliere<\/strong><\/h2>\n\n\n\n<p>Podravka d.d. \u00ee\u0219i rezerv\u0103 dreptul de a modifica sau de a rezilia acest site web \u0219i Termenii de utilizare \u00een \u00eentregime sau par\u021bial \u00een orice moment. Modific\u0103rile intr\u0103 \u00een vigoare la publicarea lor la aceast\u0103 adres\u0103 sau la notificarea acestora c\u0103tre utilizatori. Termenii de utilizare vor continua s\u0103 se aplice p\u00e2n\u0103 c\u00e2nd sunt rezilia\u021bi de c\u0103tre dvs. sau de c\u0103tre Podravka d.d. \u00cencetarea de c\u0103tre dvs., posibil\u0103 \u00een orice moment, \u00eenseamn\u0103 \u00eencetarea utiliz\u0103rii site-ului web \u0219i anularea tuturor materialelor \u0219i con\u021binutului \u201edesc\u0103rcate\u201d \u0219i utilizate de pe site.<\/p>\n\n\n\n<p>Actualizat la \u2026\u2026\u2026\u2026\u2026\u2026\u2026\u2026. 2024<\/p>\n","protected":false},"excerpt":{"rendered":"<p>Site-ul https:\/\/vegeta.com\/ro (\u00een continuare: Site-ul) a fost lansat \u0219i este editat de Podravka d.d. (\u00een continuare: \u201ePodravka\u201d, \u201enoi\u201d, \u201enoi\u201d sau \u201enostru\u201d). Prin utilizarea Site-ului pentru prima dat\u0103, se consider\u0103 c\u0103 sunte\u021bi pe deplin familiarizat cu ace\u0219ti Termeni \u0219i c\u0103 sunte\u021bi de acord cu ace\u0219ti Termeni. Dac\u0103 nu sunte\u021bi de acord cu ace\u0219ti Termeni, v\u0103 rug\u0103m [&hellip;]<\/p>\n","protected":false},"author":3,"featured_media":0,"parent":0,"menu_order":0,"comment_status":"closed","ping_status":"closed","template":"","meta":{"_acf_changed":false,"ep_exclude_from_search":false,"footnotes":""},"class_list":["post-34","page","type-page","status-publish","hentry"],"acf":[],"yoast_head":"<!-- This site is optimized with the Yoast SEO plugin v25.1 - https:\/\/yoast.com\/wordpress\/plugins\/seo\/ -->\n<title>Termeni \u0219i condi\u021bii de utilizare - Vegeta<\/title>\n<meta name=\"robots\" content=\"index, follow, max-snippet:-1, max-image-preview:large, max-video-preview:-1\" \/>\n<link rel=\"canonical\" href=\"https:\/\/vegeta.com\/ro\/termeni-si-conditii-de-utilizare\/\" \/>\n<meta property=\"og:locale\" content=\"ro_RO\" \/>\n<meta property=\"og:type\" content=\"article\" \/>\n<meta property=\"og:title\" content=\"Termeni \u0219i condi\u021bii de utilizare - Vegeta\" \/>\n<meta property=\"og:description\" content=\"Site-ul https:\/\/vegeta.com\/ro (\u00een continuare: Site-ul) a fost lansat \u0219i este editat de Podravka d.d. (\u00een continuare: \u201ePodravka\u201d, \u201enoi\u201d, \u201enoi\u201d sau \u201enostru\u201d). Prin utilizarea Site-ului pentru prima dat\u0103, se consider\u0103 c\u0103 sunte\u021bi pe deplin familiarizat cu ace\u0219ti Termeni \u0219i c\u0103 sunte\u021bi de acord cu ace\u0219ti Termeni. Dac\u0103 nu sunte\u021bi de acord cu ace\u0219ti Termeni, v\u0103 rug\u0103m [&hellip;]\" \/>\n<meta property=\"og:url\" content=\"https:\/\/vegeta.com\/ro\/termeni-si-conditii-de-utilizare\/\" \/>\n<meta property=\"og:site_name\" content=\"Vegeta\" \/>\n<meta property=\"article:modified_time\" content=\"2025-04-03T13:46:21+00:00\" \/>\n<meta property=\"og:image\" content=\"https:\/\/cdn.staging.vegeta.com\/slo\/2023\/09\/b4f3b662f89df0ae374bd0db0c1e4c88.jpeg\" \/>\n\t<meta property=\"og:image:width\" content=\"1200\" \/>\n\t<meta property=\"og:image:height\" content=\"630\" \/>\n\t<meta property=\"og:image:type\" content=\"image\/jpeg\" \/>\n<meta name=\"twitter:card\" content=\"summary_large_image\" \/>\n<meta name=\"twitter:label1\" content=\"Est. reading time\" \/>\n\t<meta name=\"twitter:data1\" content=\"8 minutes\" \/>\n<script type=\"application\/ld+json\" class=\"yoast-schema-graph\">{\"@context\":\"https:\/\/schema.org\",\"@graph\":[{\"@type\":\"WebPage\",\"@id\":\"https:\/\/vegeta.com\/ro\/termeni-si-conditii-de-utilizare\/\",\"url\":\"https:\/\/vegeta.com\/ro\/termeni-si-conditii-de-utilizare\/\",\"name\":\"Termeni \u0219i condi\u021bii de utilizare - Vegeta\",\"isPartOf\":{\"@id\":\"https:\/\/vegeta.com\/ro\/#website\"},\"datePublished\":\"2023-05-09T11:35:02+00:00\",\"dateModified\":\"2025-04-03T13:46:21+00:00\",\"breadcrumb\":{\"@id\":\"https:\/\/vegeta.com\/ro\/termeni-si-conditii-de-utilizare\/#breadcrumb\"},\"inLanguage\":\"ro-RO\",\"potentialAction\":[{\"@type\":\"ReadAction\",\"target\":[\"https:\/\/vegeta.com\/ro\/termeni-si-conditii-de-utilizare\/\"]}]},{\"@type\":\"BreadcrumbList\",\"@id\":\"https:\/\/vegeta.com\/ro\/termeni-si-conditii-de-utilizare\/#breadcrumb\",\"itemListElement\":[{\"@type\":\"ListItem\",\"position\":1,\"name\":\"Home\",\"item\":\"https:\/\/vegeta.com\/ro\/\"},{\"@type\":\"ListItem\",\"position\":2,\"name\":\"Termeni \u0219i condi\u021bii de utilizare\"}]},{\"@type\":\"WebSite\",\"@id\":\"https:\/\/vegeta.com\/ro\/#website\",\"url\":\"https:\/\/vegeta.com\/ro\/\",\"name\":\"Vegeta\",\"description\":\"\",\"publisher\":{\"@id\":\"https:\/\/vegeta.com\/ro\/#organization\"},\"potentialAction\":[{\"@type\":\"SearchAction\",\"target\":{\"@type\":\"EntryPoint\",\"urlTemplate\":\"https:\/\/vegeta.com\/ro\/?s={search_term_string}\"},\"query-input\":{\"@type\":\"PropertyValueSpecification\",\"valueRequired\":true,\"valueName\":\"search_term_string\"}}],\"inLanguage\":\"ro-RO\"},{\"@type\":\"Organization\",\"@id\":\"https:\/\/vegeta.com\/ro\/#organization\",\"name\":\"Vegeta\",\"url\":\"https:\/\/vegeta.com\/ro\/\",\"logo\":{\"@type\":\"ImageObject\",\"inLanguage\":\"ro-RO\",\"@id\":\"https:\/\/vegeta.com\/ro\/#\/schema\/logo\/image\/\",\"url\":\"https:\/\/cdn.staging.vegeta.com\/slo\/2023\/09\/image-vegeta-app-1024.png\",\"contentUrl\":\"https:\/\/cdn.staging.vegeta.com\/slo\/2023\/09\/image-vegeta-app-1024.png\",\"width\":946,\"height\":944,\"caption\":\"Vegeta\"},\"image\":{\"@id\":\"https:\/\/vegeta.com\/ro\/#\/schema\/logo\/image\/\"}}]}<\/script>\n<!-- \/ Yoast SEO plugin. -->","yoast_head_json":{"title":"Termeni \u0219i condi\u021bii de utilizare - Vegeta","robots":{"index":"index","follow":"follow","max-snippet":"max-snippet:-1","max-image-preview":"max-image-preview:large","max-video-preview":"max-video-preview:-1"},"canonical":"https:\/\/vegeta.com\/ro\/termeni-si-conditii-de-utilizare\/","og_locale":"ro_RO","og_type":"article","og_title":"Termeni \u0219i condi\u021bii de utilizare - Vegeta","og_description":"Site-ul https:\/\/vegeta.com\/ro (\u00een continuare: Site-ul) a fost lansat \u0219i este editat de Podravka d.d. (\u00een continuare: \u201ePodravka\u201d, \u201enoi\u201d, \u201enoi\u201d sau \u201enostru\u201d). Prin utilizarea Site-ului pentru prima dat\u0103, se consider\u0103 c\u0103 sunte\u021bi pe deplin familiarizat cu ace\u0219ti Termeni \u0219i c\u0103 sunte\u021bi de acord cu ace\u0219ti Termeni. Dac\u0103 nu sunte\u021bi de acord cu ace\u0219ti Termeni, v\u0103 rug\u0103m [&hellip;]","og_url":"https:\/\/vegeta.com\/ro\/termeni-si-conditii-de-utilizare\/","og_site_name":"Vegeta","article_modified_time":"2025-04-03T13:46:21+00:00","og_image":[{"width":1200,"height":630,"url":"https:\/\/cdn.staging.vegeta.com\/slo\/2023\/09\/b4f3b662f89df0ae374bd0db0c1e4c88.jpeg","type":"image\/jpeg"}],"twitter_card":"summary_large_image","twitter_misc":{"Est. reading time":"8 minutes"},"schema":{"@context":"https:\/\/schema.org","@graph":[{"@type":"WebPage","@id":"https:\/\/vegeta.com\/ro\/termeni-si-conditii-de-utilizare\/","url":"https:\/\/vegeta.com\/ro\/termeni-si-conditii-de-utilizare\/","name":"Termeni \u0219i condi\u021bii de utilizare - Vegeta","isPartOf":{"@id":"https:\/\/vegeta.com\/ro\/#website"},"datePublished":"2023-05-09T11:35:02+00:00","dateModified":"2025-04-03T13:46:21+00:00","breadcrumb":{"@id":"https:\/\/vegeta.com\/ro\/termeni-si-conditii-de-utilizare\/#breadcrumb"},"inLanguage":"ro-RO","potentialAction":[{"@type":"ReadAction","target":["https:\/\/vegeta.com\/ro\/termeni-si-conditii-de-utilizare\/"]}]},{"@type":"BreadcrumbList","@id":"https:\/\/vegeta.com\/ro\/termeni-si-conditii-de-utilizare\/#breadcrumb","itemListElement":[{"@type":"ListItem","position":1,"name":"Home","item":"https:\/\/vegeta.com\/ro\/"},{"@type":"ListItem","position":2,"name":"Termeni \u0219i condi\u021bii de utilizare"}]},{"@type":"WebSite","@id":"https:\/\/vegeta.com\/ro\/#website","url":"https:\/\/vegeta.com\/ro\/","name":"Vegeta","description":"","publisher":{"@id":"https:\/\/vegeta.com\/ro\/#organization"},"potentialAction":[{"@type":"SearchAction","target":{"@type":"EntryPoint","urlTemplate":"https:\/\/vegeta.com\/ro\/?s={search_term_string}"},"query-input":{"@type":"PropertyValueSpecification","valueRequired":true,"valueName":"search_term_string"}}],"inLanguage":"ro-RO"},{"@type":"Organization","@id":"https:\/\/vegeta.com\/ro\/#organization","name":"Vegeta","url":"https:\/\/vegeta.com\/ro\/","logo":{"@type":"ImageObject","inLanguage":"ro-RO","@id":"https:\/\/vegeta.com\/ro\/#\/schema\/logo\/image\/","url":"https:\/\/cdn.staging.vegeta.com\/slo\/2023\/09\/image-vegeta-app-1024.png","contentUrl":"https:\/\/cdn.staging.vegeta.com\/slo\/2023\/09\/image-vegeta-app-1024.png","width":946,"height":944,"caption":"Vegeta"},"image":{"@id":"https:\/\/vegeta.com\/ro\/#\/schema\/logo\/image\/"}}]}},"_links":{"self":[{"href":"https:\/\/vegeta.com\/ro\/wp-json\/wp\/v2\/pages\/34","targetHints":{"allow":["GET"]}}],"collection":[{"href":"https:\/\/vegeta.com\/ro\/wp-json\/wp\/v2\/pages"}],"about":[{"href":"https:\/\/vegeta.com\/ro\/wp-json\/wp\/v2\/types\/page"}],"author":[{"embeddable":true,"href":"https:\/\/vegeta.com\/ro\/wp-json\/wp\/v2\/users\/3"}],"replies":[{"embeddable":true,"href":"https:\/\/vegeta.com\/ro\/wp-json\/wp\/v2\/comments?post=34"}],"version-history":[{"count":15,"href":"https:\/\/vegeta.com\/ro\/wp-json\/wp\/v2\/pages\/34\/revisions"}],"predecessor-version":[{"id":6766,"href":"https:\/\/vegeta.com\/ro\/wp-json\/wp\/v2\/pages\/34\/revisions\/6766"}],"wp:attachment":[{"href":"https:\/\/vegeta.com\/ro\/wp-json\/wp\/v2\/media?parent=34"}],"curies":[{"name":"wp","href":"https:\/\/api.w.org\/{rel}","templated":true}]}}