{"id":19,"date":"2023-04-17T13:54:41","date_gmt":"2023-04-17T13:54:41","guid":{"rendered":"https:\/\/staging.vegeta.com\/hr\/?page_id=19"},"modified":"2026-03-04T10:36:40","modified_gmt":"2026-03-04T10:36:40","slug":"calitate-recunoscuta","status":"publish","type":"page","link":"https:\/\/vegeta.com\/ro\/calitate-recunoscuta\/","title":{"rendered":"Calitate recunoscut\u0103"},"content":{"rendered":"\n<div class=\"gb-hero-special-page\">\n\t<div class=\"gb-hero-special-page__back-button c-container\">\n\t\t<a class=\"c-button-link c-button-link--left\"  href=\"https:\/\/vegeta.com\/ro\"   data-pgtm=\"itemClick\"\n   data-pgtm-element-category=\"button\"\n   data-pgtm-element-label=\"\u00ceNAPOI\"\n   data-pgtm-element-page-location=\"body\"\n\t\t>\n\t<div class=\"c-button-link__arrow\">\n\t\t<div class=\"c-button-link__arrow__circle\"><\/div>\n\t\t<div class=\"c-button-link__arrow__icon\">\n\t\t\t<svg width=\"62\" height=\"14\" viewBox=\"0 0 62 14\" fill=\"none\" xmlns=\"http:\/\/www.w3.org\/2000\/svg\">\n<path d=\"M1 7L61 7M61 7L56.0413 1M61 7L56.0413 13\" stroke=\"#E9987F\" stroke-width=\"2\" stroke-linecap=\"round\" stroke-linejoin=\"round\"\/>\n<\/svg>\n\n\t\t<\/div>\n\t<\/div>\n\t<span class=\"c-button-link__text\">\u00ceNAPOI<\/span>\n<\/a>\n\t<\/div>\n\t<div class=\"gb-hero-special-page__content c-container\">\n\t\t<h1 class=\"gb-hero-special-page__content__title\">Calitate recunoscut\u0103<\/h1>\n\t\t<p class=\"gb-hero-special-page__content__description\">Scopul nostru principal este de a oferi alimente de calitate excep\u021bional\u0103 \u0219i de origine strict controlat\u0103, rapide \u0219i u\u0219or de preparat. Muncim din greu \u00een fiecare zi pentru a atinge acest obiectiv.<\/p>\n\t<\/div>\n<\/div>\n\n\n\n\n\n<div class=\"gb-full-width-image gb-full-width-image--background-blue\">\n\t<div class=\"gb-full-width-image__picture\"\n\t\t style=\"background-image: url(https:\/\/cdn.staging.vegeta.com\/rom\/2024\/12\/image-vegeta-kvaliteta-ro.png)\"><\/div>\n<\/div>\n\n\n\n\n\n<div class=\"gb-title-with-description-and-image gb-title-with-description-and-image--background-light-green gb-title-with-description-and-image--primary-dark-green gb-title-with-description-and-image--secondary-dark-brown\">\n\t<div class=\"gb-title-with-description-and-image__center-container\">\n\t\t<div class=\"gb-title-with-description-and-image__center-container__content-container c-container\">\n\t\t\t<div class=\"gb-title-with-description-and-image__center-container__content-container__top-container\">\n\t\t\t\t<h2 class=\"gb-title-with-description-and-image__center-container__content-container__top-container__title\">\n\t\t\t\t\tUn pas verde (\u00eenainte)\n\t\t\t\t<\/h2>\n\t\t\t\t<p class=\"gb-title-with-description-and-image__center-container__content-container__top-container__subtitle\">\n\t\t\t\t\t<br>Dac\u0103 preg\u0103ti\u021bi pui \u0219i vre\u021bi s\u0103 aib\u0103 un gust irezistibil<br>\u0219i o arom\u0103 puternic\u0103, folosi\u021bi Vegeta Gust de G\u0103in\u0103.<br>Indiferent dac\u0103 sota\u021bi puiul sau \u00eel frige\u021bi, condimentati-l<br>mai \u00eent\u00e2i cu Vegeta Gust de G\u0103in\u0103. Nu ve\u021bi da gre\u0219 nici<br>dac\u0103-l ve\u021bi folosi la sosuri, la risotto, pentru prepararea<br>legumelor, a cartofilor sau \u00eentr-o sup\u0103 gustoas\u0103.<br>Gustul v\u0103 va surprinde.\n\t\t\t\t<\/p>\n\t\t\t<\/div>\n\t\t\t<div class=\"gb-title-with-description-and-image__center-container__content-container__img-container\">\n\t\t\t\t\n\n<figure class=\"wp-block-image size-large\"><img loading=\"lazy\" decoding=\"async\" width=\"1024\" height=\"514\" src=\"https:\/\/cdn.staging.vegeta.com\/rom\/2024\/12\/image-vegeta-gaina-ro-1024x514.png\" alt=\"\" class=\"wp-image-5610\" srcset=\"https:\/\/cdn.staging.vegeta.com\/rom\/2024\/12\/image-vegeta-gaina-ro-1024x514.png 1024w, https:\/\/cdn.staging.vegeta.com\/rom\/2024\/12\/image-vegeta-gaina-ro-300x150.png 300w, https:\/\/cdn.staging.vegeta.com\/rom\/2024\/12\/image-vegeta-gaina-ro-768x385.png 768w, https:\/\/cdn.staging.vegeta.com\/rom\/2024\/12\/image-vegeta-gaina-ro.png 1256w\" sizes=\"auto, (max-width: 1024px) 100vw, 1024px\" \/><\/figure>\n\n\n\t\t\t<\/div>\n\t\t<\/div>\n\t<\/div>\n<\/div>\n\n\n\n<div class=\"gb-stories-grid js-stories-grid\">\n\t<div class=\"gb-stories-grid__container c-container\">\n\t\t\n\n\n<a\n\tclass=\"c-post-item gb-story-block\"\n\thref=\"\/ro\/calitate-recunoscuta\/tehnologie\/\"\n\ttarget='__blank'\n\t\n\tdata-pgtm=\"itemClick\"\n\tdata-pgtm-element-category=\"post\"\n\tdata-pgtm-element-label=\"Activit\u0103\u021bile de cercetare \u0219i dezvoltare sunt motoarele dezvolt\u0103rii companiei noastre. Ei sunt impregna\u021bi de valorile autoarei lui Vegeta, &lt;strong&gt;profesorul Zlata Bartl&lt;\/strong&gt;, \u0219i ale echipelor sale: pasiune, creativitate, inova\u021bie, excelen\u021b\u0103, \u00eencredere \u0219i s\u0103n\u0103tatea consumatorului.\"\n\tdata-pgtm-element-page-location=\"body\"\n>\n\t<div class=\"c-post-item__img-container\">\n\t\t\t\t\t<div class=\"c-post-item__img-container__img\" style=\"background-image: url(https:\/\/cdn.staging.vegeta.com\/rom\/2023\/10\/story-1.png)\"><\/div>\n\t\t\t\t\t<\/div>\n\t\t<div class=\"c-post-item__category-container\">\n\t\t\t\t\t<div class=\"c-post-item__category-container__line\"><\/div>\n\t\t\t\t<p class=\"c-post-item__category-container__text\">\n\t\t\tProduc\u021bie \u00een evolu\u021bie\n\t\t<\/p>\n\t<\/div>\n\t\t<p class=\"c-post-item__title  gb-story-block__description\">\n\t\t\t\tActivit\u0103\u021bile de cercetare \u0219i dezvoltare sunt motoarele dezvolt\u0103rii companiei noastre. Ei sunt impregna\u021bi de valorile autoarei lui Vegeta, <strong>profesorul Zlata Bartl<\/strong>, \u0219i ale echipelor sale: pasiune, creativitate, inova\u021bie, excelen\u021b\u0103, \u00eencredere \u0219i s\u0103n\u0103tatea consumatorului.\n\t<\/p>\n<\/a>\n\n\n\n\n<a\n\tclass=\"c-post-item gb-story-block\"\n\thref=\"https:\/\/www.podravka.hr\/kompanija\/odrzivost\/sustav-upravljanja\/politika-sustava-sigurnosti-hrane-i-kvalitete\/\"\n\ttarget='__blank'\n\t\n\tdata-pgtm=\"itemClick\"\n\tdata-pgtm-element-category=\"post\"\n\tdata-pgtm-element-label=\"Ne concentr\u0103m pe producerea de produse de \u00eenalt\u0103 calitate \u0219i sigure, bazate pe bune practici de fabrica\u021bie \u0219i principii de management alE calit\u0103\u021bii \u0219i siguran\u021bei alimentare.\"\n\tdata-pgtm-element-page-location=\"body\"\n>\n\t<div class=\"c-post-item__img-container\">\n\t\t\t\t\t<div class=\"c-post-item__img-container__img\" style=\"background-image: url(https:\/\/cdn.staging.vegeta.com\/rom\/2023\/10\/story-2.png)\"><\/div>\n\t\t\t\t\t<\/div>\n\t\t<div class=\"c-post-item__category-container\">\n\t\t\t\t\t<div class=\"c-post-item__category-container__line\"><\/div>\n\t\t\t\t<p class=\"c-post-item__category-container__text\">\n\t\t\tCalitatea \u0219i siguran\u021ba alimentelor\n\t\t<\/p>\n\t<\/div>\n\t\t<p class=\"c-post-item__title  gb-story-block__description\">\n\t\t\t\tNe concentr\u0103m pe producerea de produse de \u00eenalt\u0103 calitate \u0219i sigure, bazate pe bune practici de fabrica\u021bie \u0219i principii de management alE calit\u0103\u021bii \u0219i siguran\u021bei alimentare.\n\t<\/p>\n<\/a>\n\n\n\t<\/div>\n<\/div>\n\n\n\n\n\n<div class=\"gb-title-with-description-and-image gb-title-with-description-and-image--background-beige gb-title-with-description-and-image--primary-dark-blue gb-title-with-description-and-image--secondary-dark-brown\">\n\t<div class=\"gb-title-with-description-and-image__center-container\">\n\t\t<div class=\"gb-title-with-description-and-image__center-container__content-container c-container\">\n\t\t\t<div class=\"gb-title-with-description-and-image__center-container__content-container__top-container\">\n\t\t\t\t<h2 class=\"gb-title-with-description-and-image__center-container__content-container__top-container__title\">\n\t\t\t\t\tVegeta \u00een \u00eentreaga lume\n\t\t\t\t<\/h2>\n\t\t\t\t<p class=\"gb-title-with-description-and-image__center-container__content-container__top-container__subtitle\">\n\t\t\t\t\tOpt miliarde de linguri de inspira\u021bie, sporind aroma m\u00e2nc\u0103rurilor din \u00eentreaga lume.\n\t\t\t\t<\/p>\n\t\t\t<\/div>\n\t\t\t<div class=\"gb-title-with-description-and-image__center-container__content-container__img-container\">\n\t\t\t\t\n\n<figure class=\"wp-block-image size-full\"><img loading=\"lazy\" decoding=\"async\" width=\"2138\" height=\"1084\" src=\"https:\/\/cdn.staging.vegeta.com\/rom\/2026\/03\/image-world-map.webp\" alt=\"\" class=\"wp-image-7575\" srcset=\"https:\/\/cdn.staging.vegeta.com\/rom\/2026\/03\/image-world-map.webp 2138w, https:\/\/cdn.staging.vegeta.com\/rom\/2026\/03\/image-world-map-300x152.webp 300w, https:\/\/cdn.staging.vegeta.com\/rom\/2026\/03\/image-world-map-1024x519.webp 1024w, https:\/\/cdn.staging.vegeta.com\/rom\/2026\/03\/image-world-map-768x389.webp 768w, https:\/\/cdn.staging.vegeta.com\/rom\/2026\/03\/image-world-map-1536x779.webp 1536w, https:\/\/cdn.staging.vegeta.com\/rom\/2026\/03\/image-world-map-2048x1038.webp 2048w\" sizes=\"auto, (max-width: 2138px) 100vw, 2138px\" \/><\/figure>\n\n\n\t\t\t<\/div>\n\t\t<\/div>\n\t<\/div>\n<\/div>\n","protected":false},"excerpt":{"rendered":"","protected":false},"author":3,"featured_media":0,"parent":0,"menu_order":0,"comment_status":"closed","ping_status":"closed","template":"special-single-page.php","meta":{"_acf_changed":false,"ep_exclude_from_search":false,"footnotes":""},"class_list":["post-19","page","type-page","status-publish","hentry"],"acf":[],"yoast_head":"<!-- This site is optimized with the Yoast SEO plugin v25.1 - https:\/\/yoast.com\/wordpress\/plugins\/seo\/ -->\n<title>Calitate recunoscut\u0103 - Vegeta<\/title>\n<meta name=\"robots\" content=\"index, follow, max-snippet:-1, max-image-preview:large, max-video-preview:-1\" \/>\n<link rel=\"canonical\" href=\"https:\/\/vegeta.com\/ro\/calitate-recunoscuta\/\" \/>\n<meta property=\"og:locale\" content=\"ro_RO\" \/>\n<meta property=\"og:type\" content=\"article\" \/>\n<meta property=\"og:title\" content=\"Calitate recunoscut\u0103 - Vegeta\" \/>\n<meta property=\"og:url\" content=\"https:\/\/vegeta.com\/ro\/calitate-recunoscuta\/\" \/>\n<meta property=\"og:site_name\" content=\"Vegeta\" \/>\n<meta property=\"article:modified_time\" content=\"2026-03-04T10:36:40+00:00\" \/>\n<meta property=\"og:image\" content=\"https:\/\/cdn.staging.vegeta.com\/rom\/2024\/12\/image-vegeta-gaina-ro-1024x514.png\" \/>\n<meta name=\"twitter:card\" content=\"summary_large_image\" \/>\n<meta name=\"twitter:label1\" content=\"Est. reading time\" \/>\n\t<meta name=\"twitter:data1\" content=\"1 minute\" \/>\n<script type=\"application\/ld+json\" class=\"yoast-schema-graph\">{\"@context\":\"https:\/\/schema.org\",\"@graph\":[{\"@type\":\"WebPage\",\"@id\":\"https:\/\/vegeta.com\/ro\/calitate-recunoscuta\/\",\"url\":\"https:\/\/vegeta.com\/ro\/calitate-recunoscuta\/\",\"name\":\"Calitate recunoscut\u0103 - Vegeta\",\"isPartOf\":{\"@id\":\"https:\/\/vegeta.com\/ro\/#website\"},\"primaryImageOfPage\":{\"@id\":\"https:\/\/vegeta.com\/ro\/calitate-recunoscuta\/#primaryimage\"},\"image\":{\"@id\":\"https:\/\/vegeta.com\/ro\/calitate-recunoscuta\/#primaryimage\"},\"thumbnailUrl\":\"https:\/\/cdn.staging.vegeta.com\/rom\/2024\/12\/image-vegeta-gaina-ro-1024x514.png\",\"datePublished\":\"2023-04-17T13:54:41+00:00\",\"dateModified\":\"2026-03-04T10:36:40+00:00\",\"breadcrumb\":{\"@id\":\"https:\/\/vegeta.com\/ro\/calitate-recunoscuta\/#breadcrumb\"},\"inLanguage\":\"ro-RO\",\"potentialAction\":[{\"@type\":\"ReadAction\",\"target\":[\"https:\/\/vegeta.com\/ro\/calitate-recunoscuta\/\"]}]},{\"@type\":\"ImageObject\",\"inLanguage\":\"ro-RO\",\"@id\":\"https:\/\/vegeta.com\/ro\/calitate-recunoscuta\/#primaryimage\",\"url\":\"https:\/\/cdn.staging.vegeta.com\/rom\/2024\/12\/image-vegeta-gaina-ro-1024x514.png\",\"contentUrl\":\"https:\/\/cdn.staging.vegeta.com\/rom\/2024\/12\/image-vegeta-gaina-ro-1024x514.png\"},{\"@type\":\"BreadcrumbList\",\"@id\":\"https:\/\/vegeta.com\/ro\/calitate-recunoscuta\/#breadcrumb\",\"itemListElement\":[{\"@type\":\"ListItem\",\"position\":1,\"name\":\"Home\",\"item\":\"https:\/\/vegeta.com\/ro\/\"},{\"@type\":\"ListItem\",\"position\":2,\"name\":\"Calitate recunoscut\u0103\"}]},{\"@type\":\"WebSite\",\"@id\":\"https:\/\/vegeta.com\/ro\/#website\",\"url\":\"https:\/\/vegeta.com\/ro\/\",\"name\":\"Vegeta\",\"description\":\"\",\"publisher\":{\"@id\":\"https:\/\/vegeta.com\/ro\/#organization\"},\"potentialAction\":[{\"@type\":\"SearchAction\",\"target\":{\"@type\":\"EntryPoint\",\"urlTemplate\":\"https:\/\/vegeta.com\/ro\/?s={search_term_string}\"},\"query-input\":{\"@type\":\"PropertyValueSpecification\",\"valueRequired\":true,\"valueName\":\"search_term_string\"}}],\"inLanguage\":\"ro-RO\"},{\"@type\":\"Organization\",\"@id\":\"https:\/\/vegeta.com\/ro\/#organization\",\"name\":\"Vegeta\",\"url\":\"https:\/\/vegeta.com\/ro\/\",\"logo\":{\"@type\":\"ImageObject\",\"inLanguage\":\"ro-RO\",\"@id\":\"https:\/\/vegeta.com\/ro\/#\/schema\/logo\/image\/\",\"url\":\"https:\/\/cdn.staging.vegeta.com\/slo\/2023\/09\/image-vegeta-app-1024.png\",\"contentUrl\":\"https:\/\/cdn.staging.vegeta.com\/slo\/2023\/09\/image-vegeta-app-1024.png\",\"width\":946,\"height\":944,\"caption\":\"Vegeta\"},\"image\":{\"@id\":\"https:\/\/vegeta.com\/ro\/#\/schema\/logo\/image\/\"}}]}<\/script>\n<!-- \/ Yoast SEO plugin. -->","yoast_head_json":{"title":"Calitate recunoscut\u0103 - Vegeta","robots":{"index":"index","follow":"follow","max-snippet":"max-snippet:-1","max-image-preview":"max-image-preview:large","max-video-preview":"max-video-preview:-1"},"canonical":"https:\/\/vegeta.com\/ro\/calitate-recunoscuta\/","og_locale":"ro_RO","og_type":"article","og_title":"Calitate recunoscut\u0103 - Vegeta","og_url":"https:\/\/vegeta.com\/ro\/calitate-recunoscuta\/","og_site_name":"Vegeta","article_modified_time":"2026-03-04T10:36:40+00:00","og_image":[{"url":"https:\/\/cdn.staging.vegeta.com\/rom\/2024\/12\/image-vegeta-gaina-ro-1024x514.png","type":"","width":"","height":""}],"twitter_card":"summary_large_image","twitter_misc":{"Est. reading time":"1 minute"},"schema":{"@context":"https:\/\/schema.org","@graph":[{"@type":"WebPage","@id":"https:\/\/vegeta.com\/ro\/calitate-recunoscuta\/","url":"https:\/\/vegeta.com\/ro\/calitate-recunoscuta\/","name":"Calitate recunoscut\u0103 - Vegeta","isPartOf":{"@id":"https:\/\/vegeta.com\/ro\/#website"},"primaryImageOfPage":{"@id":"https:\/\/vegeta.com\/ro\/calitate-recunoscuta\/#primaryimage"},"image":{"@id":"https:\/\/vegeta.com\/ro\/calitate-recunoscuta\/#primaryimage"},"thumbnailUrl":"https:\/\/cdn.staging.vegeta.com\/rom\/2024\/12\/image-vegeta-gaina-ro-1024x514.png","datePublished":"2023-04-17T13:54:41+00:00","dateModified":"2026-03-04T10:36:40+00:00","breadcrumb":{"@id":"https:\/\/vegeta.com\/ro\/calitate-recunoscuta\/#breadcrumb"},"inLanguage":"ro-RO","potentialAction":[{"@type":"ReadAction","target":["https:\/\/vegeta.com\/ro\/calitate-recunoscuta\/"]}]},{"@type":"ImageObject","inLanguage":"ro-RO","@id":"https:\/\/vegeta.com\/ro\/calitate-recunoscuta\/#primaryimage","url":"https:\/\/cdn.staging.vegeta.com\/rom\/2024\/12\/image-vegeta-gaina-ro-1024x514.png","contentUrl":"https:\/\/cdn.staging.vegeta.com\/rom\/2024\/12\/image-vegeta-gaina-ro-1024x514.png"},{"@type":"BreadcrumbList","@id":"https:\/\/vegeta.com\/ro\/calitate-recunoscuta\/#breadcrumb","itemListElement":[{"@type":"ListItem","position":1,"name":"Home","item":"https:\/\/vegeta.com\/ro\/"},{"@type":"ListItem","position":2,"name":"Calitate recunoscut\u0103"}]},{"@type":"WebSite","@id":"https:\/\/vegeta.com\/ro\/#website","url":"https:\/\/vegeta.com\/ro\/","name":"Vegeta","description":"","publisher":{"@id":"https:\/\/vegeta.com\/ro\/#organization"},"potentialAction":[{"@type":"SearchAction","target":{"@type":"EntryPoint","urlTemplate":"https:\/\/vegeta.com\/ro\/?s={search_term_string}"},"query-input":{"@type":"PropertyValueSpecification","valueRequired":true,"valueName":"search_term_string"}}],"inLanguage":"ro-RO"},{"@type":"Organization","@id":"https:\/\/vegeta.com\/ro\/#organization","name":"Vegeta","url":"https:\/\/vegeta.com\/ro\/","logo":{"@type":"ImageObject","inLanguage":"ro-RO","@id":"https:\/\/vegeta.com\/ro\/#\/schema\/logo\/image\/","url":"https:\/\/cdn.staging.vegeta.com\/slo\/2023\/09\/image-vegeta-app-1024.png","contentUrl":"https:\/\/cdn.staging.vegeta.com\/slo\/2023\/09\/image-vegeta-app-1024.png","width":946,"height":944,"caption":"Vegeta"},"image":{"@id":"https:\/\/vegeta.com\/ro\/#\/schema\/logo\/image\/"}}]}},"_links":{"self":[{"href":"https:\/\/vegeta.com\/ro\/wp-json\/wp\/v2\/pages\/19","targetHints":{"allow":["GET"]}}],"collection":[{"href":"https:\/\/vegeta.com\/ro\/wp-json\/wp\/v2\/pages"}],"about":[{"href":"https:\/\/vegeta.com\/ro\/wp-json\/wp\/v2\/types\/page"}],"author":[{"embeddable":true,"href":"https:\/\/vegeta.com\/ro\/wp-json\/wp\/v2\/users\/3"}],"replies":[{"embeddable":true,"href":"https:\/\/vegeta.com\/ro\/wp-json\/wp\/v2\/comments?post=19"}],"version-history":[{"count":33,"href":"https:\/\/vegeta.com\/ro\/wp-json\/wp\/v2\/pages\/19\/revisions"}],"predecessor-version":[{"id":7576,"href":"https:\/\/vegeta.com\/ro\/wp-json\/wp\/v2\/pages\/19\/revisions\/7576"}],"wp:attachment":[{"href":"https:\/\/vegeta.com\/ro\/wp-json\/wp\/v2\/media?parent=19"}],"curies":[{"name":"wp","href":"https:\/\/api.w.org\/{rel}","templated":true}]}}