{"id":6031,"date":"2024-07-23T12:44:42","date_gmt":"2024-07-23T12:44:42","guid":{"rendered":"https:\/\/staging.vegeta.com\/de\/?page_id=6031"},"modified":"2025-07-01T11:20:47","modified_gmt":"2025-07-01T11:20:47","slug":"zasady-i-warunki-korzystania","status":"publish","type":"page","link":"https:\/\/vegeta.com\/pl\/zasady-i-warunki-korzystania\/","title":{"rendered":"Zasady i Warunki Korzystania"},"content":{"rendered":"\n<p><br>Strona internetowa https:\/\/vegeta.pl\/ (dalej: strona internetowa) zosta\u0142a uruchomiona i redagowana<br>przez Podravka Polska Sp. z o.o. (dalej zwana Podravka).<br>Korzystaj\u0105c z naszej Witryny po raz pierwszy, uznaje si\u0119, \u017ce w pe\u0142ni zapozna\u0142e\u015b si\u0119 z niniejszymi<br>Warunkami, zrozumia\u0142e\u015b je i wyra\u017casz na nie zgod\u0119. W przypadku, gdy nie akceptujesz tych<br>Warunk\u00f3w, prosimy o natychmiastowe opuszczenie strony internetowej oraz powstrzymanie si\u0119 od<br>korzystania z jej zawarto\u015bci. W razie jakichkolwiek pyta\u0144 lub w\u0105tpliwo\u015bci zwi\u0105zanych z Warunkami<br>u\u017cytkowania, prosimy o kontakt z naszym zespo\u0142em redakcyjnym pod adresem e-mail:<br>podravka@podravka.pl<\/p>\n\n\n\n<p>Zastrzegamy sobie prawo do wprowadzania zmian w wygl\u0105dzie oraz zawarto\u015bci strony internetowej,<br>jak r\u00f3wnie\u017c do modyfikacji Regulaminu. W zwi\u0105zku z tym zalecamy okresowe przegl\u0105danie zar\u00f3wno<br>strony, jak i Regulaminu, w celu zapoznania si\u0119 z ewentualnymi zmianami. Dalsze korzystanie z<br>Witryny przez u\u017cytkownika b\u0119dzie r\u00f3wnoznaczne z akceptacj\u0105 wszelkich wprowadzonych<br>modyfikacji.<\/p>\n\n\n\n<ul class=\"wp-block-list\">\n<li>Warunki korzystania.<\/li>\n\n\n\n<li>Prawa autorskie i inne prawa w\u0142asno\u015bci intelektualnej.<\/li>\n\n\n\n<li>Gwarancje i wy\u0142\u0105czenia odpowiedzialno\u015bci.<\/li>\n\n\n\n<li>Rejestracja.<\/li>\n\n\n\n<li>Linki.<\/li>\n\n\n\n<li>Zmiany i zako\u0144czenie.<\/li>\n<\/ul>\n\n\n\n<ol class=\"wp-block-list\">\n<li>Warunki u\u017cytkowania<br>Pobieranie i drukowanie formularzy, np. do zam\u00f3wie\u0144, a tak\u017ce przegl\u0105danie innych materia\u0142\u00f3w i<br>tre\u015bci dost\u0119pnych pod tym adresem, jest dozwolone wy\u0142\u0105cznie do u\u017cytku osobistego. Zabrania si\u0119<br>publicznego wy\u015bwietlania, przesy\u0142ania, publikowania, modyfikowania, reprodukowania,<br>rozpowszechniania, uczestniczenia w przekazywaniu lub sprzeda\u017cy, kopiowania, przesy\u0142ania oraz<br>jakiegokolwiek innego wykorzystywania ca\u0142ej zawarto\u015bci strony internetowej lub jej cz\u0119\u015bci, a tak\u017ce<br>wyboru i harmonizacji ich zawarto\u015bci bez wyra\u017anej, pisemnej zgody Podravka oraz innych posiadaczy<br>praw autorskich i praw w\u0142asno\u015bci intelektualnej. W przypadku udzielenia takiej zgody, zabrania si\u0119<br>usuwania lub modyfikowania danych zwi\u0105zanych z prawami autorskimi i\/lub znakiem towarowym lub<br>innymi prawami w\u0142asno\u015bci intelektualnej.<br>Wykorzystanie do cel\u00f3w komercyjnych<br>Zabrania si\u0119 wykorzystywania strony internetowej w celach handlowych, sprzeda\u017cowych lub innych<br>celach komercyjnych, z wyj\u0105tkiem zakupu produkt\u00f3w od Podravka Polska Sp. z o.o.. Jakakolwiek<br>publikacja reklam, zbieranie ofert dotycz\u0105cych produkt\u00f3w lub us\u0142ug jest niedozwolone bez<br>uprzedniej, pisemnej zgody Podravka. Zabronione jest r\u00f3wnie\u017c przekazywanie i publikowanie tre\u015bci<br>obscenicznych, obra\u017aliwych, wulgarnych, gro\u017c\u0105cych, nieprzyzwoitych b\u0105d\u017a w inny spos\u00f3b<br>niedopuszczalnych lub niezgodnych z obowi\u0105zuj\u0105cym prawem, jak r\u00f3wnie\u017c tre\u015bci naruszaj\u0105cych<br>prawa os\u00f3b trzecich, w szczeg\u00f3lno\u015bci zawieraj\u0105cych wirusy lub inne szkodliwe oprogramowanie.<\/li>\n<\/ol>\n\n\n\n<p>U\u017cytkownicy ponosz\u0105 pe\u0142n\u0105 odpowiedzialno\u015b\u0107 za wszelkie szkody wynikaj\u0105ce z dzia\u0142a\u0144 sprzecznych z<br>niniejszymi postanowieniami, jak r\u00f3wnie\u017c za wszelkie straty, kt\u00f3re mog\u0105 z tego wynika\u0107. Podravka<br>zastrzega sobie prawo (cho\u0107 nie obowi\u0105zek) do usuwania w ca\u0142o\u015bci lub w cz\u0119\u015bci materia\u0142\u00f3w i tre\u015bci<br>zamieszczanych przez u\u017cytkownik\u00f3w na stronie internetowej.<br>Wykorzystanie do cel\u00f3w komercyjnych<br>Wykorzystywanie strony internetowej w celach handlowych, sprzeda\u017cowych lub jakichkolwiek innych<br>celach komercyjnych, z wyj\u0105tkiem zakupu produkt\u00f3w od Podravka Polska Sp. z o.o. jest zabronione.<br>Publikowanie reklam, jak r\u00f3wnie\u017c gromadzenie ofert dotycz\u0105cych produkt\u00f3w i us\u0142ug, jest<br>niedopuszczalne bez uprzedniej pisemnej zgody Podravka. Surowo zabrania si\u0119 r\u00f3wnie\u017c<br>przekazywania i publikowania tre\u015bci obscenicznych, obra\u017aliwych, wulgarnych, gro\u017c\u0105cych,<br>nieprzyzwoitych lub w inny spos\u00f3b nieodpowiednich, sprzecznych z prawem, jak r\u00f3wnie\u017c<br>naruszaj\u0105cych prawa os\u00f3b trzecich, w szczeg\u00f3lno\u015bci tre\u015bci zawieraj\u0105cych wirusy lub inne z\u0142o\u015bliwe<br>oprogramowanie.<\/p>\n\n\n\n<p>U\u017cytkownicy ponosz\u0105 pe\u0142n\u0105 odpowiedzialno\u015b\u0107 za szkody powsta\u0142e w wyniku dzia\u0142a\u0144 niezgodnych z<br>niniejszymi postanowieniami, a tak\u017ce za wszelkie straty, kt\u00f3re mog\u0105 z tego wynikn\u0105\u0107. Podravka Sp. z<br>o.o. zastrzega sobie prawo (aczkolwiek nie obowi\u0105zek) do usuwania tre\u015bci publikowanych przez<br>u\u017cytkownik\u00f3w na stronie internetowej, w ca\u0142o\u015bci lub w cz\u0119\u015bci.<\/p>\n\n\n\n<ol start=\"2\" class=\"wp-block-list\">\n<li>Prawa autorskie i inne prawa w\u0142asno\u015bci intelektualnej<br>Zawarto\u015b\u0107 strony internetowej jest chroniona prawami autorskimi, kt\u00f3re nale\u017c\u0105 do Podravka lub s\u0105<br>przypisane Podravka d.d . Podravka jest r\u00f3wnie\u017c w\u0142a\u015bcicielem praw autorskich do edycji, wyboru i<br>harmonizacji zawarto\u015bci strony internetowej. Ponadto strona internetowa zawiera znaki towarowe,<br>nazwiska os\u00f3b fizycznych oraz inne tre\u015bci b\u0119d\u0105ce w\u0142asno\u015bci\u0105 intelektualn\u0105 Podravka lub os\u00f3b<br>trzecich, przy czym Podravka dzia\u0142a jako licencjobiorca. U\u017cytkownik nie powinien uznawa\u0107 \u017cadnych<br>tre\u015bci w Witrynie za przeznaczone do u\u017cytku bez ogranicze\u0144. Mo\u017cna wyst\u0105pi\u0107 o zgod\u0119 na powielanie.<\/li>\n<\/ol>\n\n\n\n<p>Zdj\u0119cia i filmy<br>Wszystkie zdj\u0119cia, obrazy, filmy, informacje biograficzne os\u00f3b oraz inne materia\u0142y pojawiaj\u0105ce si\u0119 na<br>stronie s\u0105 wy\u0142\u0105czn\u0105 w\u0142asno\u015bci\u0105 Podravka . Prawa autorskie i inne prawa w\u0142asno\u015bci intelektualnej do<br>wszystkich materia\u0142\u00f3w na stronie nale\u017c\u0105 do Podravka. Wszelkie prawa zastrze\u017cone. Udziela si\u0119<br>zezwolenia na wykorzystywanie tych materia\u0142\u00f3w wy\u0142\u0105cznie w celach promocyjnych, redakcyjnych i<br>informacyjnych w publikacjach w gazetach, czasopismach oraz mediach elektronicznych. Inne<br>wykorzystanie materia\u0142\u00f3w z Witryny jest niedozwolone. Niedozwolone jest r\u00f3wnie\u017c wykorzystywanie<br>jakichkolwiek materia\u0142\u00f3w z Witryny w zwi\u0105zku ze sprzeda\u017c\u0105 lub oferowaniem do sprzeda\u017cy<br>produkt\u00f3w lub us\u0142ug jakiegokolwiek rodzaju.<\/p>\n\n\n\n<p>Okre\u015blone zezwolenie i spos\u00f3b korzystania z Witryny nie mog\u0105 by\u0107 przenoszone, zlecane<br>podwykonawcom ani cedowane, a wszelkie zamierzone lub pr\u00f3by przeniesienia, podwykonawstwa<br>lub cesji b\u0119d\u0105 uwa\u017cane za niewa\u017cne. Korzystaj\u0105c z materia\u0142\u00f3w zamieszczonych w Witrynie,<\/p>\n\n\n\n<p>u\u017cytkownicy wyra\u017caj\u0105 zgod\u0119 na pe\u0142ne przestrzeganie ogranicze\u0144, warunk\u00f3w i wymaga\u0144 okre\u015blonych<br>w niniejszym dokumencie.<\/p>\n\n\n\n<ol start=\"3\" class=\"wp-block-list\">\n<li>Gwarancje i zrzeczenie si\u0119 praw<br>Podravka dok\u0142ada wszelkich stara\u0144, aby publikowa\u0107 dok\u0142adne i aktualne informacje na stronie<br>internetowej, jednak nie ponosi odpowiedzialno\u015bci za ich dok\u0142adno\u015b\u0107 i kompletno\u015b\u0107, ani nie udziela<br>\u017cadnych gwarancji w tym zakresie. Opr\u00f3cz gwarancji dotycz\u0105cych produkt\u00f3w, kt\u00f3re Podravka<br>wyra\u017anie ujawnia, Podravka podkre\u015bla, \u017ce wszystkie materia\u0142y i tre\u015bci na stronie powinny by\u0107<br>traktowane &#8220;tak jak s\u0105&#8221;, a Podravka nie ponosi odpowiedzialno\u015bci za jakiekolwiek konsekwencje<br>wynikaj\u0105ce z innej interpretacji tych materia\u0142\u00f3w i tre\u015bci.<br>Podravka nie gwarantuje, \u017ce strona internetowa b\u0119dzie zawsze dost\u0119pna i funkcjonalna ani \u017ce nie<br>b\u0119dzie zawiera\u0142a b\u0142\u0119d\u00f3w lub wirus\u00f3w. Ka\u017cdy u\u017cytkownik wyra\u017anie akceptuje korzystanie z serwisu na<br>w\u0142asne ryzyko.<br>Podravka nie ponosi odpowiedzialno\u015bci za szkody lub obra\u017cenia (w tym, mi\u0119dzy innymi, szkody<br>szczeg\u00f3lne lub wt\u00f3rne), kt\u00f3re mog\u0105 wynika\u0107 z korzystania lub niemo\u017cno\u015bci korzystania z jakiejkolwiek<br>cz\u0119\u015bci strony internetowej lub tre\u015bci publikowanych lub dodawanych przez innych u\u017cytkownik\u00f3w.<br>U\u017cytkownicy strony internetowej, w tym podmioty medialne, wyra\u017anie zgadzaj\u0105 si\u0119 zwolni\u0107 Podravka<br>z odpowiedzialno\u015bci za wszelkie roszczenia, koszty, szkody lub zobowi\u0105zania wynikaj\u0105ce z niedba\u0142ego<br>korzystania z materia\u0142\u00f3w ze strony internetowej przez danego u\u017cytkownika, w tym wszelkie szkody<br>bezpo\u015brednie, po\u015brednie, przypadkowe, specjalne lub wt\u00f3rne.<br>Ponadto Podravka oraz jej dostawcy nie ponosz\u0105 \u017cadnej odpowiedzialno\u015bci prawnej za dok\u0142adno\u015b\u0107,<br>kompletno\u015b\u0107 lub przydatno\u015b\u0107 danych, urz\u0105dze\u0144, produkt\u00f3w lub procedur przedstawionych w<br>niniejszym dokumencie i nie gwarantuj\u0105, \u017ce korzystanie z informacji, urz\u0105dze\u0144, produkt\u00f3w lub<br>procedur nie naruszy praw os\u00f3b trzecich.<br>Odmowa prawa do reklamowania si\u0119<br>Wzmianka o konkretnym produkcie, procesie lub us\u0142udze, kt\u00f3re s\u0105 oznaczone nazw\u0105 handlow\u0105,<br>znakiem towarowym, producentem lub podobnym, nie oznacza, \u017ce Podravka lub jakikolwiek z jej<br>pracownik\u00f3w czy dostawc\u00f3w reklamuje, poleca lub faworyzuje te produkty, procesy lub us\u0142ugi.<\/li>\n\n\n\n<li>Linki<br>Dok\u0142adamy wszelkich stara\u0144, aby zapewni\u0107, \u017ce wszystkie przekierowania z naszych stron<br>internetowych prowadz\u0105 Ciebie i\/lub Twoje dziecko na witryny o wysokiej jako\u015bci tre\u015bci, kt\u00f3re nie<br>zach\u0119caj\u0105 do negatywnych emocji. Niemniej jednak, strony internetowe i ich adresy szybko si\u0119<br>zmieniaj\u0105, co sprawia, \u017ce nie zawsze mo\u017cemy gwarantowa\u0107 tre\u015b\u0107 ka\u017cdego adresu, na kt\u00f3ry Ciebie<br>kierujemy.<\/li>\n\n\n\n<li>Zmiany i wypowiedzenie Warunk\u00f3w u\u017cytkowania<br>Podravka zastrzega sobie prawo do zmiany lub zaprzestania udost\u0119pniania ca\u0142o\u015bci lub cz\u0119\u015bci<br>niniejszej strony internetowej oraz Warunk\u00f3w u\u017cytkowania w dowolnym momencie. Zmiany te<br>wejd\u0105 w \u017cycie z chwil\u0105 ich opublikowania na tej stronie lub po powiadomieniu u\u017cytkownik\u00f3w o ich<br>wprowadzeniu. Warunki u\u017cytkowania obowi\u0105zuj\u0105 do momentu ich wypowiedzenia przez<br>u\u017cytkownika lub przez Podravka. Wypowiedzenie umowy, mo\u017cliwe w ka\u017cdym czasie, oznacza<\/li>\n<\/ol>\n\n\n\n<p>zaprzestanie korzystania ze strony internetowej oraz anulowanie wszystkich materia\u0142\u00f3w i tre\u015bci<br>&#8220;pobranych&#8221; i wykorzystywanych z tej samej strony internetowej.<br>Aktualizacja: 31.01.2025.<\/p>\n","protected":false},"excerpt":{"rendered":"<p>Strona internetowa https:\/\/vegeta.pl\/ (dalej: strona internetowa) zosta\u0142a uruchomiona i redagowanaprzez Podravka Polska Sp. z o.o. (dalej zwana Podravka).Korzystaj\u0105c z naszej Witryny po raz pierwszy, uznaje si\u0119, \u017ce w pe\u0142ni zapozna\u0142e\u015b si\u0119 z niniejszymiWarunkami, zrozumia\u0142e\u015b je i wyra\u017casz na nie zgod\u0119. W przypadku, gdy nie akceptujesz tychWarunk\u00f3w, prosimy o natychmiastowe opuszczenie strony internetowej oraz powstrzymanie si\u0119 [&hellip;]<\/p>\n","protected":false},"author":3054,"featured_media":0,"parent":0,"menu_order":0,"comment_status":"closed","ping_status":"closed","template":"","meta":{"_acf_changed":false,"ep_exclude_from_search":false,"footnotes":""},"class_list":["post-6031","page","type-page","status-publish","hentry"],"acf":[],"yoast_head":"<!-- This site is optimized with the Yoast SEO plugin v25.1 - https:\/\/yoast.com\/wordpress\/plugins\/seo\/ -->\n<title>Zasady i Warunki Korzystania - Vegeta<\/title>\n<meta name=\"robots\" content=\"index, follow, max-snippet:-1, max-image-preview:large, max-video-preview:-1\" \/>\n<link rel=\"canonical\" href=\"https:\/\/vegeta.com\/pl\/zasady-i-warunki-korzystania\/\" \/>\n<meta property=\"og:locale\" content=\"pl_PL\" \/>\n<meta property=\"og:type\" content=\"article\" \/>\n<meta property=\"og:title\" content=\"Zasady i Warunki Korzystania - Vegeta\" \/>\n<meta property=\"og:description\" content=\"Strona internetowa https:\/\/vegeta.pl\/ (dalej: strona internetowa) zosta\u0142a uruchomiona i redagowanaprzez Podravka Polska Sp. z o.o. (dalej zwana Podravka).Korzystaj\u0105c z naszej Witryny po raz pierwszy, uznaje si\u0119, \u017ce w pe\u0142ni zapozna\u0142e\u015b si\u0119 z niniejszymiWarunkami, zrozumia\u0142e\u015b je i wyra\u017casz na nie zgod\u0119. W przypadku, gdy nie akceptujesz tychWarunk\u00f3w, prosimy o natychmiastowe opuszczenie strony internetowej oraz powstrzymanie si\u0119 [&hellip;]\" \/>\n<meta property=\"og:url\" content=\"https:\/\/vegeta.com\/pl\/zasady-i-warunki-korzystania\/\" \/>\n<meta property=\"og:site_name\" content=\"Vegeta\" \/>\n<meta property=\"article:modified_time\" content=\"2025-07-01T11:20:47+00:00\" \/>\n<meta property=\"og:image\" content=\"https:\/\/cdn.staging.vegeta.com\/cro\/2023\/09\/b4f3b662f89df0ae374bd0db0c1e4c88.jpeg\" \/>\n\t<meta property=\"og:image:width\" content=\"1200\" \/>\n\t<meta property=\"og:image:height\" content=\"630\" \/>\n\t<meta property=\"og:image:type\" content=\"image\/jpeg\" \/>\n<meta name=\"twitter:card\" content=\"summary_large_image\" \/>\n<meta name=\"twitter:label1\" content=\"Est. reading time\" \/>\n\t<meta name=\"twitter:data1\" content=\"7 minutes\" \/>\n<script type=\"application\/ld+json\" class=\"yoast-schema-graph\">{\"@context\":\"https:\/\/schema.org\",\"@graph\":[{\"@type\":\"WebPage\",\"@id\":\"https:\/\/vegeta.com\/pl\/zasady-i-warunki-korzystania\/\",\"url\":\"https:\/\/vegeta.com\/pl\/zasady-i-warunki-korzystania\/\",\"name\":\"Zasady i Warunki Korzystania - Vegeta\",\"isPartOf\":{\"@id\":\"https:\/\/vegeta.com\/pl\/#website\"},\"datePublished\":\"2024-07-23T12:44:42+00:00\",\"dateModified\":\"2025-07-01T11:20:47+00:00\",\"breadcrumb\":{\"@id\":\"https:\/\/vegeta.com\/pl\/zasady-i-warunki-korzystania\/#breadcrumb\"},\"inLanguage\":\"pl-PL\",\"potentialAction\":[{\"@type\":\"ReadAction\",\"target\":[\"https:\/\/vegeta.com\/pl\/zasady-i-warunki-korzystania\/\"]}]},{\"@type\":\"BreadcrumbList\",\"@id\":\"https:\/\/vegeta.com\/pl\/zasady-i-warunki-korzystania\/#breadcrumb\",\"itemListElement\":[{\"@type\":\"ListItem\",\"position\":1,\"name\":\"Home\",\"item\":\"https:\/\/vegeta.com\/pl\/\"},{\"@type\":\"ListItem\",\"position\":2,\"name\":\"Zasady i Warunki Korzystania\"}]},{\"@type\":\"WebSite\",\"@id\":\"https:\/\/vegeta.com\/pl\/#website\",\"url\":\"https:\/\/vegeta.com\/pl\/\",\"name\":\"Vegeta\",\"description\":\"\",\"publisher\":{\"@id\":\"https:\/\/vegeta.com\/pl\/#organization\"},\"potentialAction\":[{\"@type\":\"SearchAction\",\"target\":{\"@type\":\"EntryPoint\",\"urlTemplate\":\"https:\/\/vegeta.com\/pl\/?s={search_term_string}\"},\"query-input\":{\"@type\":\"PropertyValueSpecification\",\"valueRequired\":true,\"valueName\":\"search_term_string\"}}],\"inLanguage\":\"pl-PL\"},{\"@type\":\"Organization\",\"@id\":\"https:\/\/vegeta.com\/pl\/#organization\",\"name\":\"Vegeta\",\"url\":\"https:\/\/vegeta.com\/pl\/\",\"logo\":{\"@type\":\"ImageObject\",\"inLanguage\":\"pl-PL\",\"@id\":\"https:\/\/vegeta.com\/pl\/#\/schema\/logo\/image\/\",\"url\":\"https:\/\/cdn.staging.vegeta.com\/cro\/2023\/09\/image-vegeta-app-1024.png\",\"contentUrl\":\"https:\/\/cdn.staging.vegeta.com\/cro\/2023\/09\/image-vegeta-app-1024.png\",\"width\":946,\"height\":944,\"caption\":\"Vegeta\"},\"image\":{\"@id\":\"https:\/\/vegeta.com\/pl\/#\/schema\/logo\/image\/\"}}]}<\/script>\n<!-- \/ Yoast SEO plugin. -->","yoast_head_json":{"title":"Zasady i Warunki Korzystania - Vegeta","robots":{"index":"index","follow":"follow","max-snippet":"max-snippet:-1","max-image-preview":"max-image-preview:large","max-video-preview":"max-video-preview:-1"},"canonical":"https:\/\/vegeta.com\/pl\/zasady-i-warunki-korzystania\/","og_locale":"pl_PL","og_type":"article","og_title":"Zasady i Warunki Korzystania - Vegeta","og_description":"Strona internetowa https:\/\/vegeta.pl\/ (dalej: strona internetowa) zosta\u0142a uruchomiona i redagowanaprzez Podravka Polska Sp. z o.o. (dalej zwana Podravka).Korzystaj\u0105c z naszej Witryny po raz pierwszy, uznaje si\u0119, \u017ce w pe\u0142ni zapozna\u0142e\u015b si\u0119 z niniejszymiWarunkami, zrozumia\u0142e\u015b je i wyra\u017casz na nie zgod\u0119. W przypadku, gdy nie akceptujesz tychWarunk\u00f3w, prosimy o natychmiastowe opuszczenie strony internetowej oraz powstrzymanie si\u0119 [&hellip;]","og_url":"https:\/\/vegeta.com\/pl\/zasady-i-warunki-korzystania\/","og_site_name":"Vegeta","article_modified_time":"2025-07-01T11:20:47+00:00","og_image":[{"width":1200,"height":630,"url":"https:\/\/cdn.staging.vegeta.com\/cro\/2023\/09\/b4f3b662f89df0ae374bd0db0c1e4c88.jpeg","type":"image\/jpeg"}],"twitter_card":"summary_large_image","twitter_misc":{"Est. reading time":"7 minutes"},"schema":{"@context":"https:\/\/schema.org","@graph":[{"@type":"WebPage","@id":"https:\/\/vegeta.com\/pl\/zasady-i-warunki-korzystania\/","url":"https:\/\/vegeta.com\/pl\/zasady-i-warunki-korzystania\/","name":"Zasady i Warunki Korzystania - Vegeta","isPartOf":{"@id":"https:\/\/vegeta.com\/pl\/#website"},"datePublished":"2024-07-23T12:44:42+00:00","dateModified":"2025-07-01T11:20:47+00:00","breadcrumb":{"@id":"https:\/\/vegeta.com\/pl\/zasady-i-warunki-korzystania\/#breadcrumb"},"inLanguage":"pl-PL","potentialAction":[{"@type":"ReadAction","target":["https:\/\/vegeta.com\/pl\/zasady-i-warunki-korzystania\/"]}]},{"@type":"BreadcrumbList","@id":"https:\/\/vegeta.com\/pl\/zasady-i-warunki-korzystania\/#breadcrumb","itemListElement":[{"@type":"ListItem","position":1,"name":"Home","item":"https:\/\/vegeta.com\/pl\/"},{"@type":"ListItem","position":2,"name":"Zasady i Warunki Korzystania"}]},{"@type":"WebSite","@id":"https:\/\/vegeta.com\/pl\/#website","url":"https:\/\/vegeta.com\/pl\/","name":"Vegeta","description":"","publisher":{"@id":"https:\/\/vegeta.com\/pl\/#organization"},"potentialAction":[{"@type":"SearchAction","target":{"@type":"EntryPoint","urlTemplate":"https:\/\/vegeta.com\/pl\/?s={search_term_string}"},"query-input":{"@type":"PropertyValueSpecification","valueRequired":true,"valueName":"search_term_string"}}],"inLanguage":"pl-PL"},{"@type":"Organization","@id":"https:\/\/vegeta.com\/pl\/#organization","name":"Vegeta","url":"https:\/\/vegeta.com\/pl\/","logo":{"@type":"ImageObject","inLanguage":"pl-PL","@id":"https:\/\/vegeta.com\/pl\/#\/schema\/logo\/image\/","url":"https:\/\/cdn.staging.vegeta.com\/cro\/2023\/09\/image-vegeta-app-1024.png","contentUrl":"https:\/\/cdn.staging.vegeta.com\/cro\/2023\/09\/image-vegeta-app-1024.png","width":946,"height":944,"caption":"Vegeta"},"image":{"@id":"https:\/\/vegeta.com\/pl\/#\/schema\/logo\/image\/"}}]}},"_links":{"self":[{"href":"https:\/\/vegeta.com\/pl\/wp-json\/wp\/v2\/pages\/6031","targetHints":{"allow":["GET"]}}],"collection":[{"href":"https:\/\/vegeta.com\/pl\/wp-json\/wp\/v2\/pages"}],"about":[{"href":"https:\/\/vegeta.com\/pl\/wp-json\/wp\/v2\/types\/page"}],"author":[{"embeddable":true,"href":"https:\/\/vegeta.com\/pl\/wp-json\/wp\/v2\/users\/3054"}],"replies":[{"embeddable":true,"href":"https:\/\/vegeta.com\/pl\/wp-json\/wp\/v2\/comments?post=6031"}],"version-history":[{"count":5,"href":"https:\/\/vegeta.com\/pl\/wp-json\/wp\/v2\/pages\/6031\/revisions"}],"predecessor-version":[{"id":7365,"href":"https:\/\/vegeta.com\/pl\/wp-json\/wp\/v2\/pages\/6031\/revisions\/7365"}],"wp:attachment":[{"href":"https:\/\/vegeta.com\/pl\/wp-json\/wp\/v2\/media?parent=6031"}],"curies":[{"name":"wp","href":"https:\/\/api.w.org\/{rel}","templated":true}]}}