{"id":31,"date":"2023-05-09T11:34:40","date_gmt":"2023-05-09T11:34:40","guid":{"rendered":"https:\/\/staging.vegeta.com\/hr\/?page_id=31"},"modified":"2025-07-01T11:24:58","modified_gmt":"2025-07-01T11:24:58","slug":"impresja","status":"publish","type":"page","link":"https:\/\/vegeta.com\/pl\/impresja\/","title":{"rendered":"Impresja"},"content":{"rendered":"\n<h2 class=\"wp-block-heading\">Wydawca<\/h2>\n\n\n\n<p>Podravka d.d., Marketing Korporacyjny, Ante Star\u010devi\u0107a 32, 48 000 Koprivnica, Chorwacja<\/p>\n\n\n\n<p>Tel. +385 48 651 202<br>Fax +385 48 622 518<br>E-Mail&nbsp;<a href=\"mailto:podravka@podravka.hr\">podravka@podravka.hr<\/a><\/p>\n\n\n\n<h2 class=\"wp-block-heading\">Biuro w Zagrzebiu<\/h2>\n\n\n\n<p>Podravka d.d., City Pla\u017ea 6, Slavonska avenija 6, Budynek B2\/6 pi\u0119tro 48 000 Koprivnica, Chorwacja<\/p>\n\n\n\n<p>Tel. +385 1 4891 910<br>Fax +385 75 802 496<br>Email&nbsp;<a href=\"mailto:podravka@podravka.hr\">podravka@podravka.hr<\/a><\/p>\n\n\n\n<h2 class=\"wp-block-heading\">Planowanie, projekt i wykonanie strony internetowej<\/h2>\n\n\n\n<p>Enterwell d.o.o., Koranska ulica 2, 10000, Zagreb<\/p>\n\n\n\n<p><br>Web&nbsp;<a href=\"https:\/\/enterwell.net\/\">https:\/\/enterwell.net<\/a><br>Email&nbsp;<a href=\"mailto:info@enterwell.net\">info@enterwell.net<\/a><\/p>\n\n\n\n<p><\/p>\n\n\n\n<p><\/p>\n\n\n\n<p>PODRAVKA d.d., Koprivnica, Ante Star\u010devi\u0107a 32, S\u0105d Gospodarczy w Bjelovar, MBS 010006549, OIB 18928523252, Privredna banka Zagreb d.d., Zagreb, Radni\u010dka cesta 50, IBAN: HR94 2340 0091 1000 9852 6, kapita\u0142 zak\u0142adowy 213.600.090,00 \u20ac wp\u0142acone w ca\u0142o\u015bci, liczba akcji 7.120.003, warto\u015b\u0107 nominalna akcji 30,00 \u20ac, przewodnicz\u0105cy Rady Nadzorczej D.Grbavac, prezes Zarz\u0105du M. Dali\u0107, cz\u0142onkowie Zarz\u0105du Lj. \u0160apina, D. Doko, M. Tadi\u0107 i I. Ostoji\u0107.<\/p>\n","protected":false},"excerpt":{"rendered":"<p>Wydawca Podravka d.d., Marketing Korporacyjny, Ante Star\u010devi\u0107a 32, 48 000 Koprivnica, Chorwacja Tel. +385 48 651 202Fax +385 48 622 518E-Mail&nbsp;podravka@podravka.hr Biuro w Zagrzebiu Podravka d.d., City Pla\u017ea 6, Slavonska avenija 6, Budynek B2\/6 pi\u0119tro 48 000 Koprivnica, Chorwacja Tel. +385 1 4891 910Fax +385 75 802 496Email&nbsp;podravka@podravka.hr Planowanie, projekt i wykonanie strony internetowej Enterwell [&hellip;]<\/p>\n","protected":false},"author":3,"featured_media":0,"parent":0,"menu_order":0,"comment_status":"closed","ping_status":"closed","template":"","meta":{"_acf_changed":false,"ep_exclude_from_search":false,"footnotes":""},"class_list":["post-31","page","type-page","status-publish","hentry"],"acf":[],"yoast_head":"<!-- This site is optimized with the Yoast SEO plugin v25.1 - https:\/\/yoast.com\/wordpress\/plugins\/seo\/ -->\n<title>Impresja - Vegeta<\/title>\n<meta name=\"robots\" content=\"index, follow, max-snippet:-1, max-image-preview:large, max-video-preview:-1\" \/>\n<link rel=\"canonical\" href=\"https:\/\/vegeta.com\/pl\/impresja\/\" \/>\n<meta property=\"og:locale\" content=\"pl_PL\" \/>\n<meta property=\"og:type\" content=\"article\" \/>\n<meta property=\"og:title\" content=\"Impresja - Vegeta\" \/>\n<meta property=\"og:description\" content=\"Wydawca Podravka d.d., Marketing Korporacyjny, Ante Star\u010devi\u0107a 32, 48 000 Koprivnica, Chorwacja Tel. +385 48 651 202Fax +385 48 622 518E-Mail&nbsp;podravka@podravka.hr Biuro w Zagrzebiu Podravka d.d., City Pla\u017ea 6, Slavonska avenija 6, Budynek B2\/6 pi\u0119tro 48 000 Koprivnica, Chorwacja Tel. +385 1 4891 910Fax +385 75 802 496Email&nbsp;podravka@podravka.hr Planowanie, projekt i wykonanie strony internetowej Enterwell [&hellip;]\" \/>\n<meta property=\"og:url\" content=\"https:\/\/vegeta.com\/pl\/impresja\/\" \/>\n<meta property=\"og:site_name\" content=\"Vegeta\" \/>\n<meta property=\"article:modified_time\" content=\"2025-07-01T11:24:58+00:00\" \/>\n<meta property=\"og:image\" content=\"https:\/\/cdn.staging.vegeta.com\/cro\/2023\/09\/b4f3b662f89df0ae374bd0db0c1e4c88.jpeg\" \/>\n\t<meta property=\"og:image:width\" content=\"1200\" \/>\n\t<meta property=\"og:image:height\" content=\"630\" \/>\n\t<meta property=\"og:image:type\" content=\"image\/jpeg\" \/>\n<meta name=\"twitter:card\" content=\"summary_large_image\" \/>\n<meta name=\"twitter:label1\" content=\"Est. reading time\" \/>\n\t<meta name=\"twitter:data1\" content=\"1 minute\" \/>\n<script type=\"application\/ld+json\" class=\"yoast-schema-graph\">{\"@context\":\"https:\/\/schema.org\",\"@graph\":[{\"@type\":\"WebPage\",\"@id\":\"https:\/\/vegeta.com\/pl\/impresja\/\",\"url\":\"https:\/\/vegeta.com\/pl\/impresja\/\",\"name\":\"Impresja - Vegeta\",\"isPartOf\":{\"@id\":\"https:\/\/vegeta.com\/pl\/#website\"},\"datePublished\":\"2023-05-09T11:34:40+00:00\",\"dateModified\":\"2025-07-01T11:24:58+00:00\",\"breadcrumb\":{\"@id\":\"https:\/\/vegeta.com\/pl\/impresja\/#breadcrumb\"},\"inLanguage\":\"pl-PL\",\"potentialAction\":[{\"@type\":\"ReadAction\",\"target\":[\"https:\/\/vegeta.com\/pl\/impresja\/\"]}]},{\"@type\":\"BreadcrumbList\",\"@id\":\"https:\/\/vegeta.com\/pl\/impresja\/#breadcrumb\",\"itemListElement\":[{\"@type\":\"ListItem\",\"position\":1,\"name\":\"Home\",\"item\":\"https:\/\/vegeta.com\/pl\/\"},{\"@type\":\"ListItem\",\"position\":2,\"name\":\"Impresja\"}]},{\"@type\":\"WebSite\",\"@id\":\"https:\/\/vegeta.com\/pl\/#website\",\"url\":\"https:\/\/vegeta.com\/pl\/\",\"name\":\"Vegeta\",\"description\":\"\",\"publisher\":{\"@id\":\"https:\/\/vegeta.com\/pl\/#organization\"},\"potentialAction\":[{\"@type\":\"SearchAction\",\"target\":{\"@type\":\"EntryPoint\",\"urlTemplate\":\"https:\/\/vegeta.com\/pl\/?s={search_term_string}\"},\"query-input\":{\"@type\":\"PropertyValueSpecification\",\"valueRequired\":true,\"valueName\":\"search_term_string\"}}],\"inLanguage\":\"pl-PL\"},{\"@type\":\"Organization\",\"@id\":\"https:\/\/vegeta.com\/pl\/#organization\",\"name\":\"Vegeta\",\"url\":\"https:\/\/vegeta.com\/pl\/\",\"logo\":{\"@type\":\"ImageObject\",\"inLanguage\":\"pl-PL\",\"@id\":\"https:\/\/vegeta.com\/pl\/#\/schema\/logo\/image\/\",\"url\":\"https:\/\/cdn.staging.vegeta.com\/cro\/2023\/09\/image-vegeta-app-1024.png\",\"contentUrl\":\"https:\/\/cdn.staging.vegeta.com\/cro\/2023\/09\/image-vegeta-app-1024.png\",\"width\":946,\"height\":944,\"caption\":\"Vegeta\"},\"image\":{\"@id\":\"https:\/\/vegeta.com\/pl\/#\/schema\/logo\/image\/\"}}]}<\/script>\n<!-- \/ Yoast SEO plugin. -->","yoast_head_json":{"title":"Impresja - Vegeta","robots":{"index":"index","follow":"follow","max-snippet":"max-snippet:-1","max-image-preview":"max-image-preview:large","max-video-preview":"max-video-preview:-1"},"canonical":"https:\/\/vegeta.com\/pl\/impresja\/","og_locale":"pl_PL","og_type":"article","og_title":"Impresja - Vegeta","og_description":"Wydawca Podravka d.d., Marketing Korporacyjny, Ante Star\u010devi\u0107a 32, 48 000 Koprivnica, Chorwacja Tel. +385 48 651 202Fax +385 48 622 518E-Mail&nbsp;podravka@podravka.hr Biuro w Zagrzebiu Podravka d.d., City Pla\u017ea 6, Slavonska avenija 6, Budynek B2\/6 pi\u0119tro 48 000 Koprivnica, Chorwacja Tel. +385 1 4891 910Fax +385 75 802 496Email&nbsp;podravka@podravka.hr Planowanie, projekt i wykonanie strony internetowej Enterwell [&hellip;]","og_url":"https:\/\/vegeta.com\/pl\/impresja\/","og_site_name":"Vegeta","article_modified_time":"2025-07-01T11:24:58+00:00","og_image":[{"width":1200,"height":630,"url":"https:\/\/cdn.staging.vegeta.com\/cro\/2023\/09\/b4f3b662f89df0ae374bd0db0c1e4c88.jpeg","type":"image\/jpeg"}],"twitter_card":"summary_large_image","twitter_misc":{"Est. reading time":"1 minute"},"schema":{"@context":"https:\/\/schema.org","@graph":[{"@type":"WebPage","@id":"https:\/\/vegeta.com\/pl\/impresja\/","url":"https:\/\/vegeta.com\/pl\/impresja\/","name":"Impresja - Vegeta","isPartOf":{"@id":"https:\/\/vegeta.com\/pl\/#website"},"datePublished":"2023-05-09T11:34:40+00:00","dateModified":"2025-07-01T11:24:58+00:00","breadcrumb":{"@id":"https:\/\/vegeta.com\/pl\/impresja\/#breadcrumb"},"inLanguage":"pl-PL","potentialAction":[{"@type":"ReadAction","target":["https:\/\/vegeta.com\/pl\/impresja\/"]}]},{"@type":"BreadcrumbList","@id":"https:\/\/vegeta.com\/pl\/impresja\/#breadcrumb","itemListElement":[{"@type":"ListItem","position":1,"name":"Home","item":"https:\/\/vegeta.com\/pl\/"},{"@type":"ListItem","position":2,"name":"Impresja"}]},{"@type":"WebSite","@id":"https:\/\/vegeta.com\/pl\/#website","url":"https:\/\/vegeta.com\/pl\/","name":"Vegeta","description":"","publisher":{"@id":"https:\/\/vegeta.com\/pl\/#organization"},"potentialAction":[{"@type":"SearchAction","target":{"@type":"EntryPoint","urlTemplate":"https:\/\/vegeta.com\/pl\/?s={search_term_string}"},"query-input":{"@type":"PropertyValueSpecification","valueRequired":true,"valueName":"search_term_string"}}],"inLanguage":"pl-PL"},{"@type":"Organization","@id":"https:\/\/vegeta.com\/pl\/#organization","name":"Vegeta","url":"https:\/\/vegeta.com\/pl\/","logo":{"@type":"ImageObject","inLanguage":"pl-PL","@id":"https:\/\/vegeta.com\/pl\/#\/schema\/logo\/image\/","url":"https:\/\/cdn.staging.vegeta.com\/cro\/2023\/09\/image-vegeta-app-1024.png","contentUrl":"https:\/\/cdn.staging.vegeta.com\/cro\/2023\/09\/image-vegeta-app-1024.png","width":946,"height":944,"caption":"Vegeta"},"image":{"@id":"https:\/\/vegeta.com\/pl\/#\/schema\/logo\/image\/"}}]}},"_links":{"self":[{"href":"https:\/\/vegeta.com\/pl\/wp-json\/wp\/v2\/pages\/31","targetHints":{"allow":["GET"]}}],"collection":[{"href":"https:\/\/vegeta.com\/pl\/wp-json\/wp\/v2\/pages"}],"about":[{"href":"https:\/\/vegeta.com\/pl\/wp-json\/wp\/v2\/types\/page"}],"author":[{"embeddable":true,"href":"https:\/\/vegeta.com\/pl\/wp-json\/wp\/v2\/users\/3"}],"replies":[{"embeddable":true,"href":"https:\/\/vegeta.com\/pl\/wp-json\/wp\/v2\/comments?post=31"}],"version-history":[{"count":8,"href":"https:\/\/vegeta.com\/pl\/wp-json\/wp\/v2\/pages\/31\/revisions"}],"predecessor-version":[{"id":7368,"href":"https:\/\/vegeta.com\/pl\/wp-json\/wp\/v2\/pages\/31\/revisions\/7368"}],"wp:attachment":[{"href":"https:\/\/vegeta.com\/pl\/wp-json\/wp\/v2\/media?parent=31"}],"curies":[{"name":"wp","href":"https:\/\/api.w.org\/{rel}","templated":true}]}}