{"id":19,"date":"2023-04-17T13:54:41","date_gmt":"2023-04-17T13:54:41","guid":{"rendered":"https:\/\/staging.vegeta.com\/hr\/?page_id=19"},"modified":"2026-03-04T10:34:53","modified_gmt":"2026-03-04T10:34:53","slug":"jakosc","status":"publish","type":"page","link":"https:\/\/vegeta.com\/pl\/jakosc\/","title":{"rendered":"Opowie\u015b\u0107 o jako\u015bci"},"content":{"rendered":"\n<div class=\"gb-hero-special-page\">\n\t<div class=\"gb-hero-special-page__back-button c-container\">\n\t\t<a class=\"c-button-link c-button-link--left\"  href=\"https:\/\/vegeta.com\/pl\"   data-pgtm=\"itemClick\"\n   data-pgtm-element-category=\"button\"\n   data-pgtm-element-label=\"Z POWROTEM\"\n   data-pgtm-element-page-location=\"body\"\n\t\t>\n\t<div class=\"c-button-link__arrow\">\n\t\t<div class=\"c-button-link__arrow__circle\"><\/div>\n\t\t<div class=\"c-button-link__arrow__icon\">\n\t\t\t<svg width=\"62\" height=\"14\" viewBox=\"0 0 62 14\" fill=\"none\" xmlns=\"http:\/\/www.w3.org\/2000\/svg\">\n<path d=\"M1 7L61 7M61 7L56.0413 1M61 7L56.0413 13\" stroke=\"#E9987F\" stroke-width=\"2\" stroke-linecap=\"round\" stroke-linejoin=\"round\"\/>\n<\/svg>\n\n\t\t<\/div>\n\t<\/div>\n\t<span class=\"c-button-link__text\">Z POWROTEM<\/span>\n<\/a>\n\t<\/div>\n\t<div class=\"gb-hero-special-page__content c-container\">\n\t\t<h1 class=\"gb-hero-special-page__content__title\">Uznana Jako\u015b\u0107<\/h1>\n\t\t<p class=\"gb-hero-special-page__content__description\">Nasz g\u0142\u00f3wny cel to dostarczanie \u0142atwej&lt;br&gt;w przygotowaniu \u017cywno\u015bci o wysokiej&lt;br&gt;jako\u015bci i dok\u0142adnie kontrolowanym&lt;br&gt;pochodzeniu. Codziennie&lt;br&gt;podejmujemy wszelkie starania, aby&lt;br&gt;ten cel osi\u0105gn\u0105\u0107.<\/p>\n\t<\/div>\n<\/div>\n\n\n\n\n\n<div class=\"gb-full-width-image gb-full-width-image--background-blue\">\n\t<div class=\"gb-full-width-image__picture\"\n\t\t style=\"background-image: url(https:\/\/cdn.staging.vegeta.com\/ger\/2025\/01\/image-prica-o-kvaliteti-2-pl-1.png)\"><\/div>\n<\/div>\n\n\n\n\n\n<div class=\"gb-title-with-description-and-image gb-title-with-description-and-image--background-light-green gb-title-with-description-and-image--primary-dark-green gb-title-with-description-and-image--secondary-dark-brown\">\n\t<div class=\"gb-title-with-description-and-image__center-container\">\n\t\t<div class=\"gb-title-with-description-and-image__center-container__content-container c-container\">\n\t\t\t<div class=\"gb-title-with-description-and-image__center-container__content-container__top-container\">\n\t\t\t\t<h2 class=\"gb-title-with-description-and-image__center-container__content-container__top-container__title\">\n\t\t\t\t\tKrok w stron\u0119 zieleni\n\t\t\t\t<\/h2>\n\t\t\t\t<p class=\"gb-title-with-description-and-image__center-container__content-container__top-container__subtitle\">\n\t\t\t\t\tVegeta BIO reprezentuje nasz\u0105 misj\u0119<br>przysz\u0142o\u015bci. To zielony krok w kierunku<br>produkcji organicznych i czystych<br>sk\u0142adnik\u00f3w. Vegeta BIO zawiera<br>ponad 10 rodzaj\u00f3w warzyw z<br>ekologicznych upraw, s\u00f3l morsk\u0105 oraz<br>przyprawy. Mo\u017cna j\u0105 stosowa\u0107 w<br>diecie wega\u0144skiej. Nie zawiera<br>dodatkowych cukr\u00f3w, glutenu, laktozy,<br>dodatk\u00f3w ani konserwant\u00f3w.\n\t\t\t\t<\/p>\n\t\t\t<\/div>\n\t\t\t<div class=\"gb-title-with-description-and-image__center-container__content-container__img-container\">\n\t\t\t\t\n\n<figure class=\"wp-block-image size-large\"><img loading=\"lazy\" decoding=\"async\" width=\"1024\" height=\"514\" src=\"https:\/\/cdn.staging.vegeta.com\/ger\/2025\/01\/image-vegeta-bio-pl-1-1024x514.png\" alt=\"\" class=\"wp-image-7263\" srcset=\"https:\/\/cdn.staging.vegeta.com\/ger\/2025\/01\/image-vegeta-bio-pl-1-1024x514.png 1024w, https:\/\/cdn.staging.vegeta.com\/ger\/2025\/01\/image-vegeta-bio-pl-1-300x150.png 300w, https:\/\/cdn.staging.vegeta.com\/ger\/2025\/01\/image-vegeta-bio-pl-1-768x385.png 768w, https:\/\/cdn.staging.vegeta.com\/ger\/2025\/01\/image-vegeta-bio-pl-1.png 1256w\" sizes=\"auto, (max-width: 1024px) 100vw, 1024px\" \/><\/figure>\n\n\n\t\t\t<\/div>\n\t\t<\/div>\n\t<\/div>\n<\/div>\n\n\n\n\n\n<div class=\"gb-full-width-image gb-full-width-image--background-image\">\n\t<div class=\"gb-full-width-image__picture\"\n\t\t style=\"background-image: url(https:\/\/cdn.staging.vegeta.com\/media\/2023\/10\/full-2.png)\"><\/div>\n<\/div>\n\n\n\n\n\n<div class=\"gb-title-with-description-and-image gb-title-with-description-and-image--background-beige gb-title-with-description-and-image--primary-dark-blue gb-title-with-description-and-image--secondary-dark-brown\">\n\t<div class=\"gb-title-with-description-and-image__center-container\">\n\t\t<div class=\"gb-title-with-description-and-image__center-container__content-container c-container\">\n\t\t\t<div class=\"gb-title-with-description-and-image__center-container__content-container__top-container\">\n\t\t\t\t<h2 class=\"gb-title-with-description-and-image__center-container__content-container__top-container__title\">\n\t\t\t\t\tVEGETA na ca\u0142ym \u015bwiecie\n\t\t\t\t<\/h2>\n\t\t\t\t<p class=\"gb-title-with-description-and-image__center-container__content-container__top-container__subtitle\">\n\t\t\t\t\tOsiem miliard\u00f3w \u0142y\u017cek inspiracji, wzbogacaj\u0105cych dania na ca\u0142ym \u015bwiecie.\n\t\t\t\t<\/p>\n\t\t\t<\/div>\n\t\t\t<div class=\"gb-title-with-description-and-image__center-container__content-container__img-container\">\n\t\t\t\t\n\n<figure class=\"wp-block-image size-full\"><img loading=\"lazy\" decoding=\"async\" width=\"2138\" height=\"1084\" src=\"https:\/\/cdn.staging.vegeta.com\/ger\/2026\/03\/image-world-map.webp\" alt=\"\" class=\"wp-image-7937\" srcset=\"https:\/\/cdn.staging.vegeta.com\/ger\/2026\/03\/image-world-map.webp 2138w, https:\/\/cdn.staging.vegeta.com\/ger\/2026\/03\/image-world-map-300x152.webp 300w, https:\/\/cdn.staging.vegeta.com\/ger\/2026\/03\/image-world-map-1024x519.webp 1024w, https:\/\/cdn.staging.vegeta.com\/ger\/2026\/03\/image-world-map-768x389.webp 768w, https:\/\/cdn.staging.vegeta.com\/ger\/2026\/03\/image-world-map-1536x779.webp 1536w, https:\/\/cdn.staging.vegeta.com\/ger\/2026\/03\/image-world-map-2048x1038.webp 2048w\" sizes=\"auto, (max-width: 2138px) 100vw, 2138px\" \/><\/figure>\n\n\n\t\t\t<\/div>\n\t\t<\/div>\n\t<\/div>\n<\/div>\n","protected":false},"excerpt":{"rendered":"","protected":false},"author":3,"featured_media":0,"parent":0,"menu_order":0,"comment_status":"closed","ping_status":"closed","template":"special-single-page.php","meta":{"_acf_changed":false,"ep_exclude_from_search":false,"footnotes":""},"class_list":["post-19","page","type-page","status-publish","hentry"],"acf":[],"yoast_head":"<!-- This site is optimized with the Yoast SEO plugin v25.1 - https:\/\/yoast.com\/wordpress\/plugins\/seo\/ -->\n<title>Opowie\u015b\u0107 o jako\u015bci - Vegeta<\/title>\n<meta name=\"robots\" content=\"index, follow, max-snippet:-1, max-image-preview:large, max-video-preview:-1\" \/>\n<link rel=\"canonical\" href=\"https:\/\/vegeta.com\/pl\/jakosc\/\" \/>\n<meta property=\"og:locale\" content=\"pl_PL\" \/>\n<meta property=\"og:type\" content=\"article\" \/>\n<meta property=\"og:title\" content=\"Opowie\u015b\u0107 o jako\u015bci - Vegeta\" \/>\n<meta property=\"og:url\" content=\"https:\/\/vegeta.com\/pl\/jakosc\/\" \/>\n<meta property=\"og:site_name\" content=\"Vegeta\" \/>\n<meta property=\"article:modified_time\" content=\"2026-03-04T10:34:53+00:00\" \/>\n<meta property=\"og:image\" content=\"https:\/\/cdn.staging.vegeta.com\/ger\/2025\/01\/image-vegeta-bio-pl-1-1024x514.png\" \/>\n<meta name=\"twitter:card\" content=\"summary_large_image\" \/>\n<meta name=\"twitter:label1\" content=\"Est. reading time\" \/>\n\t<meta name=\"twitter:data1\" content=\"1 minute\" \/>\n<script type=\"application\/ld+json\" class=\"yoast-schema-graph\">{\"@context\":\"https:\/\/schema.org\",\"@graph\":[{\"@type\":\"WebPage\",\"@id\":\"https:\/\/vegeta.com\/pl\/jakosc\/\",\"url\":\"https:\/\/vegeta.com\/pl\/jakosc\/\",\"name\":\"Opowie\u015b\u0107 o jako\u015bci - Vegeta\",\"isPartOf\":{\"@id\":\"https:\/\/vegeta.com\/pl\/#website\"},\"primaryImageOfPage\":{\"@id\":\"https:\/\/vegeta.com\/pl\/jakosc\/#primaryimage\"},\"image\":{\"@id\":\"https:\/\/vegeta.com\/pl\/jakosc\/#primaryimage\"},\"thumbnailUrl\":\"https:\/\/cdn.staging.vegeta.com\/ger\/2025\/01\/image-vegeta-bio-pl-1-1024x514.png\",\"datePublished\":\"2023-04-17T13:54:41+00:00\",\"dateModified\":\"2026-03-04T10:34:53+00:00\",\"breadcrumb\":{\"@id\":\"https:\/\/vegeta.com\/pl\/jakosc\/#breadcrumb\"},\"inLanguage\":\"pl-PL\",\"potentialAction\":[{\"@type\":\"ReadAction\",\"target\":[\"https:\/\/vegeta.com\/pl\/jakosc\/\"]}]},{\"@type\":\"ImageObject\",\"inLanguage\":\"pl-PL\",\"@id\":\"https:\/\/vegeta.com\/pl\/jakosc\/#primaryimage\",\"url\":\"https:\/\/cdn.staging.vegeta.com\/ger\/2025\/01\/image-vegeta-bio-pl-1-1024x514.png\",\"contentUrl\":\"https:\/\/cdn.staging.vegeta.com\/ger\/2025\/01\/image-vegeta-bio-pl-1-1024x514.png\"},{\"@type\":\"BreadcrumbList\",\"@id\":\"https:\/\/vegeta.com\/pl\/jakosc\/#breadcrumb\",\"itemListElement\":[{\"@type\":\"ListItem\",\"position\":1,\"name\":\"Home\",\"item\":\"https:\/\/vegeta.com\/pl\/\"},{\"@type\":\"ListItem\",\"position\":2,\"name\":\"Opowie\u015b\u0107 o jako\u015bci\"}]},{\"@type\":\"WebSite\",\"@id\":\"https:\/\/vegeta.com\/pl\/#website\",\"url\":\"https:\/\/vegeta.com\/pl\/\",\"name\":\"Vegeta\",\"description\":\"\",\"publisher\":{\"@id\":\"https:\/\/vegeta.com\/pl\/#organization\"},\"potentialAction\":[{\"@type\":\"SearchAction\",\"target\":{\"@type\":\"EntryPoint\",\"urlTemplate\":\"https:\/\/vegeta.com\/pl\/?s={search_term_string}\"},\"query-input\":{\"@type\":\"PropertyValueSpecification\",\"valueRequired\":true,\"valueName\":\"search_term_string\"}}],\"inLanguage\":\"pl-PL\"},{\"@type\":\"Organization\",\"@id\":\"https:\/\/vegeta.com\/pl\/#organization\",\"name\":\"Vegeta\",\"url\":\"https:\/\/vegeta.com\/pl\/\",\"logo\":{\"@type\":\"ImageObject\",\"inLanguage\":\"pl-PL\",\"@id\":\"https:\/\/vegeta.com\/pl\/#\/schema\/logo\/image\/\",\"url\":\"https:\/\/cdn.staging.vegeta.com\/cro\/2023\/09\/image-vegeta-app-1024.png\",\"contentUrl\":\"https:\/\/cdn.staging.vegeta.com\/cro\/2023\/09\/image-vegeta-app-1024.png\",\"width\":946,\"height\":944,\"caption\":\"Vegeta\"},\"image\":{\"@id\":\"https:\/\/vegeta.com\/pl\/#\/schema\/logo\/image\/\"}}]}<\/script>\n<!-- \/ Yoast SEO plugin. -->","yoast_head_json":{"title":"Opowie\u015b\u0107 o jako\u015bci - Vegeta","robots":{"index":"index","follow":"follow","max-snippet":"max-snippet:-1","max-image-preview":"max-image-preview:large","max-video-preview":"max-video-preview:-1"},"canonical":"https:\/\/vegeta.com\/pl\/jakosc\/","og_locale":"pl_PL","og_type":"article","og_title":"Opowie\u015b\u0107 o jako\u015bci - Vegeta","og_url":"https:\/\/vegeta.com\/pl\/jakosc\/","og_site_name":"Vegeta","article_modified_time":"2026-03-04T10:34:53+00:00","og_image":[{"url":"https:\/\/cdn.staging.vegeta.com\/ger\/2025\/01\/image-vegeta-bio-pl-1-1024x514.png","type":"","width":"","height":""}],"twitter_card":"summary_large_image","twitter_misc":{"Est. reading time":"1 minute"},"schema":{"@context":"https:\/\/schema.org","@graph":[{"@type":"WebPage","@id":"https:\/\/vegeta.com\/pl\/jakosc\/","url":"https:\/\/vegeta.com\/pl\/jakosc\/","name":"Opowie\u015b\u0107 o jako\u015bci - Vegeta","isPartOf":{"@id":"https:\/\/vegeta.com\/pl\/#website"},"primaryImageOfPage":{"@id":"https:\/\/vegeta.com\/pl\/jakosc\/#primaryimage"},"image":{"@id":"https:\/\/vegeta.com\/pl\/jakosc\/#primaryimage"},"thumbnailUrl":"https:\/\/cdn.staging.vegeta.com\/ger\/2025\/01\/image-vegeta-bio-pl-1-1024x514.png","datePublished":"2023-04-17T13:54:41+00:00","dateModified":"2026-03-04T10:34:53+00:00","breadcrumb":{"@id":"https:\/\/vegeta.com\/pl\/jakosc\/#breadcrumb"},"inLanguage":"pl-PL","potentialAction":[{"@type":"ReadAction","target":["https:\/\/vegeta.com\/pl\/jakosc\/"]}]},{"@type":"ImageObject","inLanguage":"pl-PL","@id":"https:\/\/vegeta.com\/pl\/jakosc\/#primaryimage","url":"https:\/\/cdn.staging.vegeta.com\/ger\/2025\/01\/image-vegeta-bio-pl-1-1024x514.png","contentUrl":"https:\/\/cdn.staging.vegeta.com\/ger\/2025\/01\/image-vegeta-bio-pl-1-1024x514.png"},{"@type":"BreadcrumbList","@id":"https:\/\/vegeta.com\/pl\/jakosc\/#breadcrumb","itemListElement":[{"@type":"ListItem","position":1,"name":"Home","item":"https:\/\/vegeta.com\/pl\/"},{"@type":"ListItem","position":2,"name":"Opowie\u015b\u0107 o jako\u015bci"}]},{"@type":"WebSite","@id":"https:\/\/vegeta.com\/pl\/#website","url":"https:\/\/vegeta.com\/pl\/","name":"Vegeta","description":"","publisher":{"@id":"https:\/\/vegeta.com\/pl\/#organization"},"potentialAction":[{"@type":"SearchAction","target":{"@type":"EntryPoint","urlTemplate":"https:\/\/vegeta.com\/pl\/?s={search_term_string}"},"query-input":{"@type":"PropertyValueSpecification","valueRequired":true,"valueName":"search_term_string"}}],"inLanguage":"pl-PL"},{"@type":"Organization","@id":"https:\/\/vegeta.com\/pl\/#organization","name":"Vegeta","url":"https:\/\/vegeta.com\/pl\/","logo":{"@type":"ImageObject","inLanguage":"pl-PL","@id":"https:\/\/vegeta.com\/pl\/#\/schema\/logo\/image\/","url":"https:\/\/cdn.staging.vegeta.com\/cro\/2023\/09\/image-vegeta-app-1024.png","contentUrl":"https:\/\/cdn.staging.vegeta.com\/cro\/2023\/09\/image-vegeta-app-1024.png","width":946,"height":944,"caption":"Vegeta"},"image":{"@id":"https:\/\/vegeta.com\/pl\/#\/schema\/logo\/image\/"}}]}},"_links":{"self":[{"href":"https:\/\/vegeta.com\/pl\/wp-json\/wp\/v2\/pages\/19","targetHints":{"allow":["GET"]}}],"collection":[{"href":"https:\/\/vegeta.com\/pl\/wp-json\/wp\/v2\/pages"}],"about":[{"href":"https:\/\/vegeta.com\/pl\/wp-json\/wp\/v2\/types\/page"}],"author":[{"embeddable":true,"href":"https:\/\/vegeta.com\/pl\/wp-json\/wp\/v2\/users\/3"}],"replies":[{"embeddable":true,"href":"https:\/\/vegeta.com\/pl\/wp-json\/wp\/v2\/comments?post=19"}],"version-history":[{"count":21,"href":"https:\/\/vegeta.com\/pl\/wp-json\/wp\/v2\/pages\/19\/revisions"}],"predecessor-version":[{"id":7938,"href":"https:\/\/vegeta.com\/pl\/wp-json\/wp\/v2\/pages\/19\/revisions\/7938"}],"wp:attachment":[{"href":"https:\/\/vegeta.com\/pl\/wp-json\/wp\/v2\/media?parent=19"}],"curies":[{"name":"wp","href":"https:\/\/api.w.org\/{rel}","templated":true}]}}