{"id":34,"date":"2023-05-09T11:35:02","date_gmt":"2023-05-09T11:35:02","guid":{"rendered":"https:\/\/vegeta.com\/hr\/?page_id=34"},"modified":"2025-07-11T08:09:41","modified_gmt":"2025-07-11T08:09:41","slug":"lietosanas-noteikumi","status":"publish","type":"page","link":"https:\/\/vegeta.com\/lv\/lietosanas-noteikumi\/","title":{"rendered":"Lieto\u0161anas noteikumi un nosac\u012bjumi"},"content":{"rendered":"\n<p>T\u012bmek\u013ca vietni <a href=\"https:\/\/vegeta.com\/lv\/\">https:\/\/vegeta.com\/lv\/<\/a>&nbsp; (turpm\u0101k tekst\u0101 &#8211; T\u012bmek\u013ca vietne) izveidoja un redi\u0123\u0113 uz\u0146\u0113mums Podravka d.d. (turpm\u0101k tekst\u0101 &#8211;&nbsp; \u201cPodravka\u201d, \u201cm\u0113s\u201d, \u201cm\u016bsu\u201d vai \u201cmums\u201d).<\/p>\n\n\n\n<p>Pirmo reizi izmantojot T\u012bmek\u013ca vietni, tiek uzskat\u012bts, ka esat piln\u012bb\u0101 iepazinies ar \u0161iem Noteikumiem, k\u0101 ar\u012b saprotat tos un piekr\u012btat iev\u0113rot. Ja nepiekr\u012btat \u0161iem Noteikumiem, l\u016bdzu, neapmekl\u0113jiet T\u012bmek\u013ca vietni un neizmantojiet t\u0101s saturu. Ja jums ir k\u0101di jaut\u0101jumi vai \u0161aubas par lieto\u0161anas noteikumiem, l\u016bdzu, sazinieties ar m\u016bsu redakciju, rakstot uz e-pastu vegeta@vegeta.hr.<\/p>\n\n\n\n<p>M\u0113s paturam ties\u012bbas main\u012bt T\u012bmek\u013ca vietnes izskatu un saturu, k\u0101 ar\u012b lieto\u0161anas noteikumus, un aicin\u0101m j\u016bs laiku pa laikam tos p\u0101rskat\u012bt, lai iepaz\u012btos ar vis\u0101m izmai\u0146\u0101m. Turpm\u0101ka T\u012bmek\u013ca vietnes lieto\u0161ana tiks uzskat\u012bta par piekri\u0161anu \u0161\u0101d\u0101m izmai\u0146\u0101m.<\/p>\n\n\n\n<p>\u0160ie Noteikumi reglament\u0113 \u0161\u0101dus jaut\u0101jumus:<\/p>\n\n\n\n<ul class=\"wp-block-list\">\n<li>Lieto\u0161anas noteikumi<\/li>\n\n\n\n<li>Autorties\u012bbas un citas intelektu\u0101l\u0101 \u012bpa\u0161uma ties\u012bbas<\/li>\n\n\n\n<li>Garantijas un atbild\u012bbas atrunas<\/li>\n\n\n\n<li>Re\u0123istr\u0101cija<\/li>\n\n\n\n<li>Saites<\/li>\n\n\n\n<li>Izmai\u0146as un izbeig\u0161ana<\/li>\n<\/ul>\n\n\n\n<h2 class=\"wp-block-heading\"><strong>1. Lieto\u0161anas noteikumi<\/strong><\/h2>\n\n\n\n<h3 class=\"wp-block-heading\"><strong>Pie\u0146emama lieto\u0161ana<\/strong><\/h3>\n\n\n\n<p>Veidlapu, piem\u0113ram, pas\u016bt\u012bjumu veidlapu, lejupiel\u0101de un druk\u0101\u0161ana, k\u0101 ar\u012b citu materi\u0101lu un satura p\u0101rl\u016bko\u0161ana \u0161aj\u0101 adres\u0113 ir at\u013cauta tikai person\u012bgai lieto\u0161anai. J\u016bs nedr\u012bkstat publiski r\u0101d\u012bt, p\u0101rraid\u012bt, public\u0113t, modific\u0113t, reproduc\u0113t, izplat\u012bt, piedal\u012bties nodo\u0161an\u0101 vai p\u0101rdo\u0161an\u0101, kop\u0113t, aug\u0161upiel\u0101d\u0113t vai izmantot t\u012bmek\u013ca vietnes saturu piln\u012bb\u0101 vai da\u013c\u0113ji jebk\u0101d\u0101 cit\u0101 veid\u0101, k\u0101 ar\u012b atlas\u012bt un koordin\u0113t t\u0101 saturu bez Podravka d.d. un citu autorties\u012bbu un citu intelektu\u0101l\u0101 \u012bpa\u0161uma ties\u012bbu \u012bpa\u0161nieku rakstiskas at\u013caujas. Ja \u0161\u0101da at\u013cauja ir pie\u0161\u0137irta, j\u016bs nedr\u012bkstat dz\u0113st vai main\u012bt eso\u0161os datus, kas attiecas uz autorties\u012bb\u0101m un\/vai pre\u010du z\u012bmi vai cit\u0101m intelektu\u0101l\u0101 \u012bpa\u0161uma ties\u012bb\u0101m.<\/p>\n\n\n\n<h3 class=\"wp-block-heading\"><strong>Komerci\u0101la izmanto\u0161ana<\/strong><\/h3>\n\n\n\n<p>T\u012bmek\u013ca vietni nedr\u012bkst izmantot tirdzniec\u012bbai, p\u0101rdo\u0161anai vai jebk\u0101diem citiem komerci\u0101liem m\u0113r\u0137iem, iz\u0146emot pirkumu veik\u0161anu no Podravka d.d. Jebk\u0101da veida produktu un pakalpojumu reklam\u0113\u0161ana vai pied\u0101v\u0101jumu v\u0101k\u0161ana bez Podravka rakstiskas at\u013caujas nav at\u013cauta. Aizliegts p\u0101rraid\u012bt un public\u0113t nepiekl\u0101j\u012bgu, aizskaro\u0161u, vulg\u0101ru, draudo\u0161u, nepiekl\u0101j\u012bgu vai cit\u0101di nepie\u0146emamu vai nelikum\u012bgu saturu, k\u0101 ar\u012b saturu, kas p\u0101rk\u0101pj k\u0101das puses ties\u012bbas, jo \u012bpa\u0161i saturu, kas satur v\u012brusus vai citu kait\u012bgu materi\u0101lu. Lietot\u0101ji ir piln\u012bb\u0101 atbild\u012bgi par jebk\u0101du kait\u0113jumu, kas radies p\u0113c t\u0101d\u0101m vi\u0146u veikt\u0101m darb\u012bb\u0101m, kuras neatbilst iepriek\u0161min\u0113tajam, k\u0101 ar\u012b par jebk\u0101da cita veida kait\u0113jumu, kas var rasties to rezult\u0101t\u0101. Uz\u0146\u0113mumam Podravka d.d. ir ties\u012bbas (bet nav pien\u0101kuma) dz\u0113st visus vai da\u013cu materi\u0101lu un satura, ko lietot\u0101ji public\u0113ju\u0161i t\u012bmek\u013ca vietn\u0113.<\/p>\n\n\n\n<h3 class=\"wp-block-heading\"><strong>Satura un materi\u0101lu public\u0113\u0161ana<\/strong><\/h3>\n\n\n\n<p>Public\u0113jot saturu un materi\u0101lus (tostarp, bet ne tikai, priek\u0161likumus, idejas, z\u012bm\u0113jumus un receptes) \u0161aj\u0101 t\u012bmek\u013ca vietn\u0113, j\u016bs autom\u0101tiski pie\u0161\u0137irat (vai garant\u0113jat, ka materi\u0101la \u012bpa\u0161nieks ir skaidri pie\u0161\u0137\u012bris) uz\u0146\u0113mumam Podravka d.d. neatsaucamas, beztermi\u0146a un ekskluz\u012bvas ties\u012bbas un licenci izmantot, piel\u0101got un modific\u0113t, iek\u013caut citos darbos, tulkot, public\u0113t, p\u0101rraid\u012bt un izplat\u012bt \u0161o materi\u0101lu jebkur\u0101 form\u0101 un visos tagad zin\u0101majos vai turpm\u0101k pieejamajos pla\u0161sazi\u0146as l\u012bdzek\u013cos, jebkuram m\u0113r\u0137im un bez maksas. \u0160\u012b punkta nosac\u012bjumi paliek sp\u0113k\u0101 ar\u012b p\u0113c \u0161o Noteikumu izbeig\u0161anas.<\/p>\n\n\n\n<h2 class=\"wp-block-heading\"><strong>2. Autorties\u012bbas un citas intelektu\u0101l\u0101 \u012bpa\u0161uma ties\u012bbas<\/strong><\/h2>\n\n\n\n<p>T\u012bmek\u013ca vietnes saturu aizsarg\u0101 autorties\u012bbas, kas pieder uz\u0146\u0113mumam Podravka d.d. vai ir nodotas uz\u0146\u0113mumam Podravka d.d. un pieder tre\u0161aj\u0101m person\u0101m. Uz\u0146\u0113mumam Podravka d.d. pieder ar\u012b autorties\u012bbas uz t\u012bmek\u013ca vietnes satura redi\u0123\u0113\u0161anu, atlasi un saska\u0146o\u0161anu. Turkl\u0101t T\u012bmek\u013ca vietn\u0113 ir iek\u013cautas pre\u010du z\u012bmes, personu v\u0101rdi un cits intelektu\u0101l\u0101 \u012bpa\u0161uma saturs, kas pieder uz\u0146\u0113mumam Podravka d.d. vai tre\u0161aj\u0101m person\u0101m, kas izsniegu\u0161as Podravka atbilsto\u0161u licenci. Nepie\u0146emiet, ka jebkuru T\u012bmek\u013ca vietnes saturu var izmantot bez ierobe\u017eojumiem. Varat piepras\u012bt at\u013cauju reproduc\u0113t saturu.<\/p>\n\n\n\n<h3 class=\"wp-block-heading\"><strong>Att\u0113li un video<\/strong><\/h3>\n\n\n\n<p>Visas fotogr\u0101fijas, att\u0113li, video, biogr\u0101fisk\u0101 inform\u0101cija par person\u0101m un\/vai citi materi\u0101li, kas redzami T\u012bmek\u013ca vietn\u0113, ir ekskluz\u012bvs Podravka d.d. \u012bpa\u0161ums. Autorties\u012bbas un citas intelektu\u0101l\u0101 \u012bpa\u0161uma ties\u012bbas uz visiem T\u012bmek\u013ca vietnes materi\u0101liem pieder Podravka d.d. Visas ties\u012bbas ir aizsarg\u0101tas. Juridiskas personas dr\u012bkst izmantot \u0161os materi\u0101lus tikai rekl\u0101mas, redakcion\u0101liem un informat\u012bviem nol\u016bkiem public\u0113\u0161anai laikrakstos, \u017eurn\u0101los un elektroniskajos pla\u0161sazi\u0146as l\u012bdzek\u013cos. Jebk\u0101da cita T\u012bmek\u013ca vietnes materi\u0101lu izmanto\u0161ana ir aizliegta. Turkl\u0101t T\u012bmek\u013ca vietnes materi\u0101lus nedr\u012bkst izmantot saist\u012bb\u0101 ar jebk\u0101da veida produktu vai pakalpojumu p\u0101rdo\u0161anu vai pied\u0101v\u0101\u0161anu p\u0101rdo\u0161anai. Pie\u0161\u0137irt\u0101 at\u013cauja izmantot T\u012bmek\u013ca vietni un t\u0101s izmanto\u0161anas veids nav nododams, piem\u0113rojams apak\u0161uz\u0146\u0113m\u0113jiem vai ced\u0113jams, un jebk\u0101di nodo\u0161anas, apak\u0161uz\u0146\u0113m\u0113ju l\u012bgumu sl\u0113g\u0161anas vai cesijas m\u0113\u0123in\u0101jumi tiks uzskat\u012bti par sp\u0113k\u0101 neeso\u0161iem. Izmantojot t\u012bmek\u013ca vietnes materi\u0101lus, mediju lietot\u0101ji ap\u0146emas piln\u012bb\u0101 iev\u0113rot \u0161eit noteiktos ierobe\u017eojumus, nosac\u012bjumus un pras\u012bbas.<\/p>\n\n\n\n<h2 class=\"wp-block-heading\"><strong>3. <\/strong><strong><em>Garantijas un atbild\u012bbas atrunas<\/em><\/strong><\/h2>\n\n\n\n<p>Lai gan Podravka d.d. dara visu iesp\u0113jamo, lai nodro\u0161in\u0101tu, ka T\u012bmek\u013ca vietn\u0113 public\u0113t\u0101 inform\u0101cija ir prec\u012bza un aktu\u0101la, t\u0101 nesniedz nek\u0101das garantijas attiec\u012bb\u0101 uz \u0161\u0101das inform\u0101cijas precizit\u0101ti un piln\u012bgumu, k\u0101 ar\u012b nepie\u0161\u0137ir ties\u012bbas celt iebildumus \u0161aj\u0101 sakar\u0101. Iz\u0146emot nep\u0101rprotamas Podravka d.d. produktu garantijas, Podravka d.d. uzsver, ka visi materi\u0101li un saturs T\u012bmek\u013ca vietn\u0113 tiek sniegti \u201catbilsto\u0161i faktiski redzamajam\u201d, un Podravka d.d. neuz\u0146emas atbild\u012bbu par sek\u0101m, kas var rasties, cit\u0101di interpret\u0113jot T\u012bmek\u013ca vietnes materi\u0101lus un saturu. Podravka d.d. negarant\u0113, ka T\u012bmek\u013ca vietne vienm\u0113r b\u016bs pieejama un nep\u0101rtraukta vai br\u012bva no k\u013c\u016bd\u0101m un v\u012brusiem. Visi lietot\u0101ji nep\u0101rprotami piekr\u012bt, ka uz\u0146emas visu risku, kas izriet no T\u012bmek\u013ca vietnes lieto\u0161anas.<\/p>\n\n\n\n<p>Uz\u0146\u0113mums Podravka d.d. nav atbild\u012bgs par jebk\u0101diem zaud\u0113jumiem vai kait\u0113jumu (tostarp, bet ne tikai, \u012bpa\u0161iem vai izrieto\u0161iem zaud\u0113jumiem), kas var rasties, izmantojot vai nesp\u0113jot izmantot jebkuru T\u012bmek\u013ca vietnes da\u013cu vai jebkuru saturu, ko taj\u0101 public\u0113ju\u0161i vai pievienoju\u0161i citi lietot\u0101ji.<\/p>\n\n\n\n<p>Pla\u0161sazi\u0146as l\u012bdzek\u013cu p\u0101rst\u0101vji un citi lietot\u0101ji, kas izmanto T\u012bmek\u013ca vietni, nep\u0101rprotami piekr\u012bt nodro\u0161in\u0101t Podravka Inc. pret vis\u0101m pras\u012bb\u0101m, izmaks\u0101m, zaud\u0113jumiem vai saist\u012bb\u0101m, kas radu\u0161\u0101s no nolaid\u012bgas T\u012bmek\u013ca vietnes materi\u0101lu izmanto\u0161anas, tostarp jebk\u0101dus tie\u0161us, netie\u0161us, nejau\u0161us, \u012bpa\u0161us vai izrieto\u0161us zaud\u0113jumus.<\/p>\n\n\n\n<p>Turkl\u0101t uz\u0146\u0113mums Podravka d.d. un t\u0101 pieg\u0101d\u0101t\u0101ji neuz\u0146emas nek\u0101du atbild\u012bbu par \u0161eit izkl\u0101st\u012bt\u0101s inform\u0101cijas, ier\u012b\u010du, produktu vai procesu precizit\u0101ti, piln\u012bgumu vai lietder\u012bbu un negarant\u0113, ka \u0161\u0101das inform\u0101cijas, ier\u012b\u010du, produktu vai procesu izmanto\u0161ana nep\u0101rk\u0101ps priv\u0101t\u0101s ties\u012bbas.<\/p>\n\n\n\n<h3 class=\"wp-block-heading\"><strong>Atruna par ieteikumiem<\/strong><\/h3>\n\n\n\n<p>Atsauce uz k\u0101du konkr\u0113tu produktu, procesu vai pakalpojumu, nor\u0101dot tirdzniec\u012bbas nosaukumu, pre\u010du z\u012bmi, ra\u017eot\u0101ju vai sniedzot citu nor\u0101di, nenoz\u012bm\u0113, ka Podravka d.d. vai uz\u0146\u0113muma darbinieki un pieg\u0101d\u0101t\u0101ji to atbalsta, rekomend\u0113 vai iesaka.<\/p>\n\n\n\n<h3 class=\"wp-block-heading\"><strong>Atruna par \u0101r\u0113j\u0101m sait\u0113m<\/strong><\/h3>\n\n\n\n<p>\u0100r\u0113jo hipersai\u0161u lieto\u0161ana nenoz\u012bm\u0113, ka uz\u0146\u0113mums Podravka d.d., t\u0101 pieg\u0101d\u0101t\u0101ji vai sponsori atbalsta nor\u0101d\u012bto sai\u0161u t\u012bmek\u013ca vietnes vai taj\u0101s iek\u013cauto inform\u0101ciju, produktus vai pakalpojumus. Uz\u0146\u0113mums Podravka d.d. un t\u0101 darbinieki, sponsori vai pieg\u0101d\u0101t\u0101ji nekontrol\u0113 \u0161aj\u0101s \u0101r\u0113j\u0101s vietn\u0113s pieejamo inform\u0101ciju. Vietnes \u0101r\u0113j\u0101s saites atbilst Podravka d.d. politikai, un uz\u0146\u0113mums nav atbild\u012bga par jebkuras vietnes saturu, kas sa\u0146emts no attiec\u012bg\u0101s vietnes serveriem. Saites var ietvert teksta saites, nelielus att\u0113lus, ikonas vai s\u012bkt\u0113lus, kas ilustr\u0113 saiti, nereklam\u0113jot produktus vai pakalpojumus.<\/p>\n\n\n\n<h2 class=\"wp-block-heading\">4. <strong>Saites<\/strong><\/h2>\n\n\n\n<p>M\u0113s dar\u0101m visu iesp\u0113jamo, lai nodro\u0161in\u0101tu, ka visas izejo\u0161\u0101s saites no m\u016bsu t\u012bmek\u013ca lap\u0101m j\u016bs un\/vai j\u016bsu b\u0113rnu novirza uz cit\u0101m vietn\u0113m ar augstas kvalit\u0101tes saturu, t. i., saturu, kas neveicina negat\u012bvas inform\u0101cijas izplat\u012bbu. Tom\u0113r t\u012bmek\u013ca lapas un vietnes \u0101tri main\u0101s, un m\u0113s ne vienm\u0113r varam sniegt garantiju par katras novirz\u012bt\u0101s vietnes saturu.&nbsp;<\/p>\n\n\n\n<h2 class=\"wp-block-heading\"><strong>5. Izmai\u0146as un izbeig\u0161ana<\/strong><\/h2>\n\n\n\n<p>Uz\u0146\u0113mums Podravka d.d. patur ties\u012bbas jebkur\u0101 laik\u0101 piln\u012bb\u0101 vai da\u013c\u0113ji main\u012bt vai aptur\u0113t \u0161\u012bs vietnes un Lieto\u0161anas noteikumu darb\u012bbu. Izmai\u0146as st\u0101jas sp\u0113k\u0101 p\u0113c to public\u0113\u0161anas \u0161aj\u0101 adres\u0113 vai pazi\u0146ojuma lietot\u0101jiem. Lieto\u0161anas noteikumi b\u016bs sp\u0113k\u0101, l\u012bdz j\u016bs atsauksiet savu piekri\u0161anu vai to darb\u012bbu aptur\u0113s Podravka d.d. Ja atsauksiet savu piekri\u0161anu, ko iesp\u0113jams izdar\u012bt jebkur\u0101 laik\u0101, j\u016bs p\u0101rtrauksiet izmantot T\u012bmek\u013ca vietni un anul\u0113siet visus \u201clejupiel\u0101d\u0113tos\u201d un izmantotos materi\u0101lus un saturu no T\u012bmek\u013ca vietnes.<\/p>\n\n\n\n<p>Atjaunin\u0101ti 10.07.2025.<\/p>\n","protected":false},"excerpt":{"rendered":"<p>T\u012bmek\u013ca vietni https:\/\/vegeta.com\/lv\/&nbsp; (turpm\u0101k tekst\u0101 &#8211; T\u012bmek\u013ca vietne) izveidoja un redi\u0123\u0113 uz\u0146\u0113mums Podravka d.d. (turpm\u0101k tekst\u0101 &#8211;&nbsp; \u201cPodravka\u201d, \u201cm\u0113s\u201d, \u201cm\u016bsu\u201d vai \u201cmums\u201d). Pirmo reizi izmantojot T\u012bmek\u013ca vietni, tiek uzskat\u012bts, ka esat piln\u012bb\u0101 iepazinies ar \u0161iem Noteikumiem, k\u0101 ar\u012b saprotat tos un piekr\u012btat iev\u0113rot. Ja nepiekr\u012btat \u0161iem Noteikumiem, l\u016bdzu, neapmekl\u0113jiet T\u012bmek\u013ca vietni un neizmantojiet t\u0101s saturu. [&hellip;]<\/p>\n","protected":false},"author":3,"featured_media":0,"parent":0,"menu_order":0,"comment_status":"closed","ping_status":"closed","template":"","meta":{"_acf_changed":false,"ep_exclude_from_search":false,"footnotes":""},"class_list":["post-34","page","type-page","status-publish","hentry"],"acf":[],"yoast_head":"<!-- This site is optimized with the Yoast SEO plugin v25.1 - https:\/\/yoast.com\/wordpress\/plugins\/seo\/ -->\n<title>Lieto\u0161anas noteikumi un nosac\u012bjumi - Vegeta<\/title>\n<meta name=\"robots\" content=\"index, follow, max-snippet:-1, max-image-preview:large, max-video-preview:-1\" \/>\n<link rel=\"canonical\" href=\"https:\/\/vegeta.com\/lv\/lietosanas-noteikumi\/\" \/>\n<meta property=\"og:locale\" content=\"lv_LV\" \/>\n<meta property=\"og:type\" content=\"article\" \/>\n<meta property=\"og:title\" content=\"Lieto\u0161anas noteikumi un nosac\u012bjumi - Vegeta\" \/>\n<meta property=\"og:description\" content=\"T\u012bmek\u013ca vietni https:\/\/vegeta.com\/lv\/&nbsp; (turpm\u0101k tekst\u0101 &#8211; T\u012bmek\u013ca vietne) izveidoja un redi\u0123\u0113 uz\u0146\u0113mums Podravka d.d. (turpm\u0101k tekst\u0101 &#8211;&nbsp; \u201cPodravka\u201d, \u201cm\u0113s\u201d, \u201cm\u016bsu\u201d vai \u201cmums\u201d). Pirmo reizi izmantojot T\u012bmek\u013ca vietni, tiek uzskat\u012bts, ka esat piln\u012bb\u0101 iepazinies ar \u0161iem Noteikumiem, k\u0101 ar\u012b saprotat tos un piekr\u012btat iev\u0113rot. Ja nepiekr\u012btat \u0161iem Noteikumiem, l\u016bdzu, neapmekl\u0113jiet T\u012bmek\u013ca vietni un neizmantojiet t\u0101s saturu. [&hellip;]\" \/>\n<meta property=\"og:url\" content=\"https:\/\/vegeta.com\/lv\/lietosanas-noteikumi\/\" \/>\n<meta property=\"og:site_name\" content=\"Vegeta\" \/>\n<meta property=\"article:modified_time\" content=\"2025-07-11T08:09:41+00:00\" \/>\n<meta property=\"og:image\" content=\"https:\/\/cdn.vegeta.com\/cro\/2025\/07\/image_social_share_general_1-6870b543f1b03.webp\" \/>\n\t<meta property=\"og:image:width\" content=\"1200\" \/>\n\t<meta property=\"og:image:height\" content=\"630\" \/>\n\t<meta property=\"og:image:type\" content=\"image\/webp\" \/>\n<meta name=\"twitter:card\" content=\"summary_large_image\" \/>\n<meta name=\"twitter:label1\" content=\"Est. reading time\" \/>\n\t<meta name=\"twitter:data1\" content=\"7 minutes\" \/>\n<script type=\"application\/ld+json\" class=\"yoast-schema-graph\">{\"@context\":\"https:\/\/schema.org\",\"@graph\":[{\"@type\":\"WebPage\",\"@id\":\"https:\/\/vegeta.com\/lv\/lietosanas-noteikumi\/\",\"url\":\"https:\/\/vegeta.com\/lv\/lietosanas-noteikumi\/\",\"name\":\"Lieto\u0161anas noteikumi un nosac\u012bjumi - Vegeta\",\"isPartOf\":{\"@id\":\"https:\/\/vegeta.com\/lv\/#website\"},\"datePublished\":\"2023-05-09T11:35:02+00:00\",\"dateModified\":\"2025-07-11T08:09:41+00:00\",\"breadcrumb\":{\"@id\":\"https:\/\/vegeta.com\/lv\/lietosanas-noteikumi\/#breadcrumb\"},\"inLanguage\":\"lv\",\"potentialAction\":[{\"@type\":\"ReadAction\",\"target\":[\"https:\/\/vegeta.com\/lv\/lietosanas-noteikumi\/\"]}]},{\"@type\":\"BreadcrumbList\",\"@id\":\"https:\/\/vegeta.com\/lv\/lietosanas-noteikumi\/#breadcrumb\",\"itemListElement\":[{\"@type\":\"ListItem\",\"position\":1,\"name\":\"Home\",\"item\":\"https:\/\/vegeta.com\/lv\/\"},{\"@type\":\"ListItem\",\"position\":2,\"name\":\"Lieto\u0161anas noteikumi un nosac\u012bjumi\"}]},{\"@type\":\"WebSite\",\"@id\":\"https:\/\/vegeta.com\/lv\/#website\",\"url\":\"https:\/\/vegeta.com\/lv\/\",\"name\":\"Vegeta\",\"description\":\"\",\"publisher\":{\"@id\":\"https:\/\/vegeta.com\/lv\/#organization\"},\"potentialAction\":[{\"@type\":\"SearchAction\",\"target\":{\"@type\":\"EntryPoint\",\"urlTemplate\":\"https:\/\/vegeta.com\/lv\/?s={search_term_string}\"},\"query-input\":{\"@type\":\"PropertyValueSpecification\",\"valueRequired\":true,\"valueName\":\"search_term_string\"}}],\"inLanguage\":\"lv\"},{\"@type\":\"Organization\",\"@id\":\"https:\/\/vegeta.com\/lv\/#organization\",\"name\":\"Vegeta\",\"url\":\"https:\/\/vegeta.com\/lv\/\",\"logo\":{\"@type\":\"ImageObject\",\"inLanguage\":\"lv\",\"@id\":\"https:\/\/vegeta.com\/lv\/#\/schema\/logo\/image\/\",\"url\":\"https:\/\/cdn.vegeta.com\/cro\/2023\/09\/image-vegeta-app-1024.png\",\"contentUrl\":\"https:\/\/cdn.vegeta.com\/cro\/2023\/09\/image-vegeta-app-1024.png\",\"width\":946,\"height\":944,\"caption\":\"Vegeta\"},\"image\":{\"@id\":\"https:\/\/vegeta.com\/lv\/#\/schema\/logo\/image\/\"}}]}<\/script>\n<!-- \/ Yoast SEO plugin. -->","yoast_head_json":{"title":"Lieto\u0161anas noteikumi un nosac\u012bjumi - Vegeta","robots":{"index":"index","follow":"follow","max-snippet":"max-snippet:-1","max-image-preview":"max-image-preview:large","max-video-preview":"max-video-preview:-1"},"canonical":"https:\/\/vegeta.com\/lv\/lietosanas-noteikumi\/","og_locale":"lv_LV","og_type":"article","og_title":"Lieto\u0161anas noteikumi un nosac\u012bjumi - Vegeta","og_description":"T\u012bmek\u013ca vietni https:\/\/vegeta.com\/lv\/&nbsp; (turpm\u0101k tekst\u0101 &#8211; T\u012bmek\u013ca vietne) izveidoja un redi\u0123\u0113 uz\u0146\u0113mums Podravka d.d. (turpm\u0101k tekst\u0101 &#8211;&nbsp; \u201cPodravka\u201d, \u201cm\u0113s\u201d, \u201cm\u016bsu\u201d vai \u201cmums\u201d). Pirmo reizi izmantojot T\u012bmek\u013ca vietni, tiek uzskat\u012bts, ka esat piln\u012bb\u0101 iepazinies ar \u0161iem Noteikumiem, k\u0101 ar\u012b saprotat tos un piekr\u012btat iev\u0113rot. Ja nepiekr\u012btat \u0161iem Noteikumiem, l\u016bdzu, neapmekl\u0113jiet T\u012bmek\u013ca vietni un neizmantojiet t\u0101s saturu. [&hellip;]","og_url":"https:\/\/vegeta.com\/lv\/lietosanas-noteikumi\/","og_site_name":"Vegeta","article_modified_time":"2025-07-11T08:09:41+00:00","og_image":[{"width":1200,"height":630,"url":"https:\/\/cdn.vegeta.com\/cro\/2025\/07\/image_social_share_general_1-6870b543f1b03.webp","type":"image\/webp"}],"twitter_card":"summary_large_image","twitter_misc":{"Est. reading time":"7 minutes"},"schema":{"@context":"https:\/\/schema.org","@graph":[{"@type":"WebPage","@id":"https:\/\/vegeta.com\/lv\/lietosanas-noteikumi\/","url":"https:\/\/vegeta.com\/lv\/lietosanas-noteikumi\/","name":"Lieto\u0161anas noteikumi un nosac\u012bjumi - Vegeta","isPartOf":{"@id":"https:\/\/vegeta.com\/lv\/#website"},"datePublished":"2023-05-09T11:35:02+00:00","dateModified":"2025-07-11T08:09:41+00:00","breadcrumb":{"@id":"https:\/\/vegeta.com\/lv\/lietosanas-noteikumi\/#breadcrumb"},"inLanguage":"lv","potentialAction":[{"@type":"ReadAction","target":["https:\/\/vegeta.com\/lv\/lietosanas-noteikumi\/"]}]},{"@type":"BreadcrumbList","@id":"https:\/\/vegeta.com\/lv\/lietosanas-noteikumi\/#breadcrumb","itemListElement":[{"@type":"ListItem","position":1,"name":"Home","item":"https:\/\/vegeta.com\/lv\/"},{"@type":"ListItem","position":2,"name":"Lieto\u0161anas noteikumi un nosac\u012bjumi"}]},{"@type":"WebSite","@id":"https:\/\/vegeta.com\/lv\/#website","url":"https:\/\/vegeta.com\/lv\/","name":"Vegeta","description":"","publisher":{"@id":"https:\/\/vegeta.com\/lv\/#organization"},"potentialAction":[{"@type":"SearchAction","target":{"@type":"EntryPoint","urlTemplate":"https:\/\/vegeta.com\/lv\/?s={search_term_string}"},"query-input":{"@type":"PropertyValueSpecification","valueRequired":true,"valueName":"search_term_string"}}],"inLanguage":"lv"},{"@type":"Organization","@id":"https:\/\/vegeta.com\/lv\/#organization","name":"Vegeta","url":"https:\/\/vegeta.com\/lv\/","logo":{"@type":"ImageObject","inLanguage":"lv","@id":"https:\/\/vegeta.com\/lv\/#\/schema\/logo\/image\/","url":"https:\/\/cdn.vegeta.com\/cro\/2023\/09\/image-vegeta-app-1024.png","contentUrl":"https:\/\/cdn.vegeta.com\/cro\/2023\/09\/image-vegeta-app-1024.png","width":946,"height":944,"caption":"Vegeta"},"image":{"@id":"https:\/\/vegeta.com\/lv\/#\/schema\/logo\/image\/"}}]}},"_links":{"self":[{"href":"https:\/\/vegeta.com\/lv\/wp-json\/wp\/v2\/pages\/34","targetHints":{"allow":["GET"]}}],"collection":[{"href":"https:\/\/vegeta.com\/lv\/wp-json\/wp\/v2\/pages"}],"about":[{"href":"https:\/\/vegeta.com\/lv\/wp-json\/wp\/v2\/types\/page"}],"author":[{"embeddable":true,"href":"https:\/\/vegeta.com\/lv\/wp-json\/wp\/v2\/users\/3"}],"replies":[{"embeddable":true,"href":"https:\/\/vegeta.com\/lv\/wp-json\/wp\/v2\/comments?post=34"}],"version-history":[{"count":7,"href":"https:\/\/vegeta.com\/lv\/wp-json\/wp\/v2\/pages\/34\/revisions"}],"predecessor-version":[{"id":33465,"href":"https:\/\/vegeta.com\/lv\/wp-json\/wp\/v2\/pages\/34\/revisions\/33465"}],"wp:attachment":[{"href":"https:\/\/vegeta.com\/lv\/wp-json\/wp\/v2\/media?parent=34"}],"curies":[{"name":"wp","href":"https:\/\/api.w.org\/{rel}","templated":true}]}}