{"id":7114,"date":"2024-06-04T09:22:40","date_gmt":"2024-06-04T09:22:40","guid":{"rendered":"https:\/\/staging.vegeta.com\/en\/?page_id=7114"},"modified":"2025-07-10T13:08:44","modified_gmt":"2025-07-10T13:08:44","slug":"maisto-saugos-ir-kokybes-politika","status":"publish","type":"page","link":"https:\/\/vegeta.com\/lt\/kokybes-istorija\/maisto-saugos-ir-kokybes-politika\/","title":{"rendered":"Maisto saugos ir kokyb\u0117s politika"},"content":{"rendered":"\n<p>Mums svarbiausia, kad kiekvienas m\u016bs\u0173 gaminamas produktas b\u016bt\u0173 saugus, kokybi\u0161kas ir pelnyt\u0173 vartotoj\u0173 pasitik\u0117jim\u0105. Tai \u012fgyvendinti mums padeda maisto saugos ir kokyb\u0117s sistema, paremta nuolatinio tobulinimo principais.<\/p>\n\n\n\n<p>\u012emon\u0117 \u201ePodravka\u201c peln\u0117 daugyb\u0117s vartotoj\u0173 pasitik\u0117jim\u0105 tiek savo regione, tiek visame pasaulyje, \u2013 pirk\u0117jai vertina m\u016bs\u0173 puosel\u0117jam\u0105 \u012fmon\u0117s kult\u016br\u0105, kuri u\u017etikrina saugius ir auk\u0161tos kokyb\u0117s produktus bei paslaugas.<\/p>\n\n\n\n<p>Bendrov\u0117 nuolat siekia reaguoti \u012f klient\u0173 ir partneri\u0173 l\u016bkes\u010dius, o svarbiausia \u2013 didinti j\u0173 pasitenkinim\u0105 \u012fmon\u0117s \u201ePodravka\u201c gaminiais ir paslaugomis.<\/p>\n\n\n\n<p>Nuolatin\u012f \u012fmon\u0117s \u201ePodravka\u201c produkt\u0173 saugos ir kokyb\u0117s gerinim\u0105 u\u017etikrina tarptautiniai maisto saugos standartai, tokie kaip \u201eIFS Food\u201c (<em>International Featured Standard\u2013Food<\/em>) ir \u201eBRCGS Food Safety\u201c, pagal kuriuos yra sertifikuojamas \u012fmon\u0117s produkt\u0173 saugumas. Grie\u017eti maisto saugos ir kokyb\u0117s sistemos reikalavimai yra \u012fgyvendinami \u012fdiegus integruot\u0105 vadybos sistem\u0105, grind\u017eiam\u0105 pagrindiniais ISO 9001 kokyb\u0117s vadybos standarto principais.<\/p>\n\n\n\n<p>Vykdydama visus verslo procesus, \u012fmon\u0117 \u201ePodravka\u201c vadovaujasi \u012fmon\u0117s vadybos sistem\u0173 kult\u016bra ir laikosi \u0161i\u0173 pagrindini\u0173 princip\u0173:<\/p>\n\n\n\n<p>u\u017etikrinti ir tiekti vartotojams auk\u0161tos kokyb\u0117s bei saugius produktus visoje maisto tiekimo grandin\u0117je \u2013 nuo auk\u0161\u010diausios kokyb\u0117s \u017ealiav\u0173 pasirinkimo, gamybos proceso iki galutinio produkto pateikimo rinkai;<\/p>\n\n\n\n<p>laikytis maisto saugos teis\u0117s akt\u0173 reikalavim\u0173 tiek Kroatijoje, tiek visose kitose rinkose, kuriose veikia \u012fmon\u0117;<\/p>\n\n\n\n<p>suprasti maisto apsaugos svarb\u0105 ir \u012fgyvendinti su tuo susijusius reikalavimus, padedan\u010dius u\u017ekirsti keli\u0105 produkt\u0173 klastojimui ar netinkamam panaudojimui; apsaugoti preki\u0173 \u017eenklus bei u\u017etikrinti, kad vartotojai b\u016bt\u0173 ai\u0161kiai informuoti apie produktus, kuriuos vartoja;<\/p>\n\n\n\n<p>atpa\u017einti ir \u012fgyvendinti rinkos reikalavimus maisto pramon\u0117je, ypa\u010d maisto saugos srityje;<\/p>\n\n\n\n<p>kurti ir stiprinti komunikacij\u0105 su tiek\u0117jais, klientais bei visais maisto tiekimo grandin\u0117s dalyviais;<\/p>\n\n\n\n<p>diegti maisto saugos ir kokyb\u0117s kult\u016bros principus, ugdant darbuotoj\u0173 s\u0105moningum\u0105 apie maisto saugos ir kokyb\u0117s sistem\u0173 svarb\u0105 visuose \u012fmon\u0117s lygmenyse;<\/p>\n\n\n\n<p>gerbti tradicijas, kartu atsi\u017evelgiant \u012f \u0161iuolaikines tendencijas;<\/p>\n\n\n\n<p>taikyti tvarios pl\u0117tros principus;<\/p>\n\n\n\n<p>valdyti rizikas per integruot\u0105 sistem\u0105, apiman\u010di\u0105 galim\u0173 rizik\u0173 analiz\u0119 visoje \u012fmon\u0117s veikloje; prevencin\u0117s ir aktyvios veiklos kult\u016bros diegim\u0105 bei nuolatin\u012f \u012fmon\u0117s valdymo sistemos tobulinim\u0105;<\/p>\n\n\n\n<p>nuosekliai organizuoti darbuotoj\u0173 mokymus ir ugdyti j\u0173 kompetencijas \u2013 tai vienas svarbiausi\u0173 veiksni\u0173 siekiant i\u0161laikyti auk\u0161t\u0105 technologini\u0173 \u017eini\u0173 lyg\u012f bei \u012fmon\u0117s valdymo \u012fg\u016bd\u017eius, kurie yra svarbiausi maisto saugos ir kokyb\u0117s sistemos komponentai.<\/p>\n\n\n\n<p>Vadovaudamasi visais \u0161iais principais, \u012fmon\u0117 \u201ePodravka\u201c kuria ir stiprina darbuotoj\u0173, vartotoj\u0173 ir klient\u0173 pasitik\u0117jim\u0105 bei pagarb\u0105.<\/p>\n\n\n\n<p>\u0160i politika taikoma \u012fmonei \u201ePodravka d.d.\u201c bei visoms jos pardavim\u0173 atstovyb\u0117ms u\u017esienyje.<\/p>\n","protected":false},"excerpt":{"rendered":"<p>Mums svarbiausia, kad kiekvienas m\u016bs\u0173 gaminamas produktas b\u016bt\u0173 saugus, kokybi\u0161kas ir pelnyt\u0173 vartotoj\u0173 pasitik\u0117jim\u0105. Tai \u012fgyvendinti mums padeda maisto saugos ir kokyb\u0117s sistema, paremta nuolatinio tobulinimo principais. \u012emon\u0117 \u201ePodravka\u201c peln\u0117 daugyb\u0117s vartotoj\u0173 pasitik\u0117jim\u0105 tiek savo regione, tiek visame pasaulyje, \u2013 pirk\u0117jai vertina m\u016bs\u0173 puosel\u0117jam\u0105 \u012fmon\u0117s kult\u016br\u0105, kuri u\u017etikrina saugius ir auk\u0161tos kokyb\u0117s produktus bei paslaugas. [&hellip;]<\/p>\n","protected":false},"author":2,"featured_media":0,"parent":19,"menu_order":0,"comment_status":"closed","ping_status":"closed","template":"","meta":{"_acf_changed":false,"ep_exclude_from_search":false,"footnotes":""},"class_list":["post-7114","page","type-page","status-publish","hentry"],"acf":[],"yoast_head":"<!-- This site is optimized with the Yoast SEO plugin v25.1 - https:\/\/yoast.com\/wordpress\/plugins\/seo\/ -->\n<title>Maisto saugos ir kokyb\u0117s politika - Vegeta<\/title>\n<meta name=\"robots\" content=\"index, follow, max-snippet:-1, max-image-preview:large, max-video-preview:-1\" \/>\n<link rel=\"canonical\" href=\"https:\/\/vegeta.com\/lt\/kokybes-istorija\/maisto-saugos-ir-kokybes-politika\/\" \/>\n<meta property=\"og:locale\" content=\"lt_LT\" \/>\n<meta property=\"og:type\" content=\"article\" \/>\n<meta property=\"og:title\" content=\"Maisto saugos ir kokyb\u0117s politika - Vegeta\" \/>\n<meta property=\"og:description\" content=\"Mums svarbiausia, kad kiekvienas m\u016bs\u0173 gaminamas produktas b\u016bt\u0173 saugus, kokybi\u0161kas ir pelnyt\u0173 vartotoj\u0173 pasitik\u0117jim\u0105. Tai \u012fgyvendinti mums padeda maisto saugos ir kokyb\u0117s sistema, paremta nuolatinio tobulinimo principais. \u012emon\u0117 \u201ePodravka\u201c peln\u0117 daugyb\u0117s vartotoj\u0173 pasitik\u0117jim\u0105 tiek savo regione, tiek visame pasaulyje, \u2013 pirk\u0117jai vertina m\u016bs\u0173 puosel\u0117jam\u0105 \u012fmon\u0117s kult\u016br\u0105, kuri u\u017etikrina saugius ir auk\u0161tos kokyb\u0117s produktus bei paslaugas. [&hellip;]\" \/>\n<meta property=\"og:url\" content=\"https:\/\/vegeta.com\/lt\/kokybes-istorija\/maisto-saugos-ir-kokybes-politika\/\" \/>\n<meta property=\"og:site_name\" content=\"Vegeta\" \/>\n<meta property=\"article:modified_time\" content=\"2025-07-10T13:08:44+00:00\" \/>\n<meta property=\"og:image\" content=\"https:\/\/cdn.staging.vegeta.com\/eng\/2025\/07\/image_social_share_general_1.webp\" \/>\n\t<meta property=\"og:image:width\" content=\"1200\" \/>\n\t<meta property=\"og:image:height\" content=\"630\" \/>\n\t<meta property=\"og:image:type\" content=\"image\/webp\" \/>\n<meta name=\"twitter:card\" content=\"summary_large_image\" \/>\n<meta name=\"twitter:label1\" content=\"Est. reading time\" \/>\n\t<meta name=\"twitter:data1\" content=\"2 minutes\" \/>\n<script type=\"application\/ld+json\" class=\"yoast-schema-graph\">{\"@context\":\"https:\/\/schema.org\",\"@graph\":[{\"@type\":\"WebPage\",\"@id\":\"https:\/\/vegeta.com\/lt\/kokybes-istorija\/maisto-saugos-ir-kokybes-politika\/\",\"url\":\"https:\/\/vegeta.com\/lt\/kokybes-istorija\/maisto-saugos-ir-kokybes-politika\/\",\"name\":\"Maisto saugos ir kokyb\u0117s politika - Vegeta\",\"isPartOf\":{\"@id\":\"https:\/\/vegeta.com\/lt\/#website\"},\"datePublished\":\"2024-06-04T09:22:40+00:00\",\"dateModified\":\"2025-07-10T13:08:44+00:00\",\"breadcrumb\":{\"@id\":\"https:\/\/vegeta.com\/lt\/kokybes-istorija\/maisto-saugos-ir-kokybes-politika\/#breadcrumb\"},\"inLanguage\":\"lt-LT\",\"potentialAction\":[{\"@type\":\"ReadAction\",\"target\":[\"https:\/\/vegeta.com\/lt\/kokybes-istorija\/maisto-saugos-ir-kokybes-politika\/\"]}]},{\"@type\":\"BreadcrumbList\",\"@id\":\"https:\/\/vegeta.com\/lt\/kokybes-istorija\/maisto-saugos-ir-kokybes-politika\/#breadcrumb\",\"itemListElement\":[{\"@type\":\"ListItem\",\"position\":1,\"name\":\"Home\",\"item\":\"https:\/\/vegeta.com\/lt\/\"},{\"@type\":\"ListItem\",\"position\":2,\"name\":\"Kokyb\u0117s istorija\",\"item\":\"https:\/\/vegeta.com\/lt\/kokybes-istorija\/\"},{\"@type\":\"ListItem\",\"position\":3,\"name\":\"Maisto saugos ir kokyb\u0117s politika\"}]},{\"@type\":\"WebSite\",\"@id\":\"https:\/\/vegeta.com\/lt\/#website\",\"url\":\"https:\/\/vegeta.com\/lt\/\",\"name\":\"Vegeta\",\"description\":\"\",\"publisher\":{\"@id\":\"https:\/\/vegeta.com\/lt\/#organization\"},\"potentialAction\":[{\"@type\":\"SearchAction\",\"target\":{\"@type\":\"EntryPoint\",\"urlTemplate\":\"https:\/\/vegeta.com\/lt\/?s={search_term_string}\"},\"query-input\":{\"@type\":\"PropertyValueSpecification\",\"valueRequired\":true,\"valueName\":\"search_term_string\"}}],\"inLanguage\":\"lt-LT\"},{\"@type\":\"Organization\",\"@id\":\"https:\/\/vegeta.com\/lt\/#organization\",\"name\":\"Vegeta\",\"url\":\"https:\/\/vegeta.com\/lt\/\",\"logo\":{\"@type\":\"ImageObject\",\"inLanguage\":\"lt-LT\",\"@id\":\"https:\/\/vegeta.com\/lt\/#\/schema\/logo\/image\/\",\"url\":\"https:\/\/cdn.staging.vegeta.com\/cro\/2023\/09\/image-vegeta-app-1024.png\",\"contentUrl\":\"https:\/\/cdn.staging.vegeta.com\/cro\/2023\/09\/image-vegeta-app-1024.png\",\"width\":946,\"height\":944,\"caption\":\"Vegeta\"},\"image\":{\"@id\":\"https:\/\/vegeta.com\/lt\/#\/schema\/logo\/image\/\"}}]}<\/script>\n<!-- \/ Yoast SEO plugin. -->","yoast_head_json":{"title":"Maisto saugos ir kokyb\u0117s politika - Vegeta","robots":{"index":"index","follow":"follow","max-snippet":"max-snippet:-1","max-image-preview":"max-image-preview:large","max-video-preview":"max-video-preview:-1"},"canonical":"https:\/\/vegeta.com\/lt\/kokybes-istorija\/maisto-saugos-ir-kokybes-politika\/","og_locale":"lt_LT","og_type":"article","og_title":"Maisto saugos ir kokyb\u0117s politika - Vegeta","og_description":"Mums svarbiausia, kad kiekvienas m\u016bs\u0173 gaminamas produktas b\u016bt\u0173 saugus, kokybi\u0161kas ir pelnyt\u0173 vartotoj\u0173 pasitik\u0117jim\u0105. Tai \u012fgyvendinti mums padeda maisto saugos ir kokyb\u0117s sistema, paremta nuolatinio tobulinimo principais. \u012emon\u0117 \u201ePodravka\u201c peln\u0117 daugyb\u0117s vartotoj\u0173 pasitik\u0117jim\u0105 tiek savo regione, tiek visame pasaulyje, \u2013 pirk\u0117jai vertina m\u016bs\u0173 puosel\u0117jam\u0105 \u012fmon\u0117s kult\u016br\u0105, kuri u\u017etikrina saugius ir auk\u0161tos kokyb\u0117s produktus bei paslaugas. [&hellip;]","og_url":"https:\/\/vegeta.com\/lt\/kokybes-istorija\/maisto-saugos-ir-kokybes-politika\/","og_site_name":"Vegeta","article_modified_time":"2025-07-10T13:08:44+00:00","og_image":[{"width":1200,"height":630,"url":"https:\/\/cdn.staging.vegeta.com\/eng\/2025\/07\/image_social_share_general_1.webp","type":"image\/webp"}],"twitter_card":"summary_large_image","twitter_misc":{"Est. reading time":"2 minutes"},"schema":{"@context":"https:\/\/schema.org","@graph":[{"@type":"WebPage","@id":"https:\/\/vegeta.com\/lt\/kokybes-istorija\/maisto-saugos-ir-kokybes-politika\/","url":"https:\/\/vegeta.com\/lt\/kokybes-istorija\/maisto-saugos-ir-kokybes-politika\/","name":"Maisto saugos ir kokyb\u0117s politika - Vegeta","isPartOf":{"@id":"https:\/\/vegeta.com\/lt\/#website"},"datePublished":"2024-06-04T09:22:40+00:00","dateModified":"2025-07-10T13:08:44+00:00","breadcrumb":{"@id":"https:\/\/vegeta.com\/lt\/kokybes-istorija\/maisto-saugos-ir-kokybes-politika\/#breadcrumb"},"inLanguage":"lt-LT","potentialAction":[{"@type":"ReadAction","target":["https:\/\/vegeta.com\/lt\/kokybes-istorija\/maisto-saugos-ir-kokybes-politika\/"]}]},{"@type":"BreadcrumbList","@id":"https:\/\/vegeta.com\/lt\/kokybes-istorija\/maisto-saugos-ir-kokybes-politika\/#breadcrumb","itemListElement":[{"@type":"ListItem","position":1,"name":"Home","item":"https:\/\/vegeta.com\/lt\/"},{"@type":"ListItem","position":2,"name":"Kokyb\u0117s istorija","item":"https:\/\/vegeta.com\/lt\/kokybes-istorija\/"},{"@type":"ListItem","position":3,"name":"Maisto saugos ir kokyb\u0117s politika"}]},{"@type":"WebSite","@id":"https:\/\/vegeta.com\/lt\/#website","url":"https:\/\/vegeta.com\/lt\/","name":"Vegeta","description":"","publisher":{"@id":"https:\/\/vegeta.com\/lt\/#organization"},"potentialAction":[{"@type":"SearchAction","target":{"@type":"EntryPoint","urlTemplate":"https:\/\/vegeta.com\/lt\/?s={search_term_string}"},"query-input":{"@type":"PropertyValueSpecification","valueRequired":true,"valueName":"search_term_string"}}],"inLanguage":"lt-LT"},{"@type":"Organization","@id":"https:\/\/vegeta.com\/lt\/#organization","name":"Vegeta","url":"https:\/\/vegeta.com\/lt\/","logo":{"@type":"ImageObject","inLanguage":"lt-LT","@id":"https:\/\/vegeta.com\/lt\/#\/schema\/logo\/image\/","url":"https:\/\/cdn.staging.vegeta.com\/cro\/2023\/09\/image-vegeta-app-1024.png","contentUrl":"https:\/\/cdn.staging.vegeta.com\/cro\/2023\/09\/image-vegeta-app-1024.png","width":946,"height":944,"caption":"Vegeta"},"image":{"@id":"https:\/\/vegeta.com\/lt\/#\/schema\/logo\/image\/"}}]}},"_links":{"self":[{"href":"https:\/\/vegeta.com\/lt\/wp-json\/wp\/v2\/pages\/7114","targetHints":{"allow":["GET"]}}],"collection":[{"href":"https:\/\/vegeta.com\/lt\/wp-json\/wp\/v2\/pages"}],"about":[{"href":"https:\/\/vegeta.com\/lt\/wp-json\/wp\/v2\/types\/page"}],"author":[{"embeddable":true,"href":"https:\/\/vegeta.com\/lt\/wp-json\/wp\/v2\/users\/2"}],"replies":[{"embeddable":true,"href":"https:\/\/vegeta.com\/lt\/wp-json\/wp\/v2\/comments?post=7114"}],"version-history":[{"count":2,"href":"https:\/\/vegeta.com\/lt\/wp-json\/wp\/v2\/pages\/7114\/revisions"}],"predecessor-version":[{"id":8137,"href":"https:\/\/vegeta.com\/lt\/wp-json\/wp\/v2\/pages\/7114\/revisions\/8137"}],"up":[{"embeddable":true,"href":"https:\/\/vegeta.com\/lt\/wp-json\/wp\/v2\/pages\/19"}],"wp:attachment":[{"href":"https:\/\/vegeta.com\/lt\/wp-json\/wp\/v2\/media?parent=7114"}],"curies":[{"name":"wp","href":"https:\/\/api.w.org\/{rel}","templated":true}]}}