{"id":7111,"date":"2024-06-04T09:21:23","date_gmt":"2024-06-04T09:21:23","guid":{"rendered":"https:\/\/staging.vegeta.com\/en\/?page_id=7111"},"modified":"2025-07-10T13:07:50","modified_gmt":"2025-07-10T13:07:50","slug":"technologija","status":"publish","type":"page","link":"https:\/\/vegeta.com\/lt\/kokybes-istorija\/technologija\/","title":{"rendered":"Technologija"},"content":{"rendered":"\n<p>Preki\u0173 \u017eenklo \u201ePodravka\u201c stipryb\u0117 \u2013 nuolatin\u0117s inovacijos, kurios padeda \u012fmonei s\u0117kmingai augti.<\/p>\n\n\n\n<p>Svarbiausia \u2013 i\u0161girsti, ko nori vartotojai, suprasti j\u0173 poreikius ir rasti tinkamiausius technologinius sprendimus, kurie pad\u0117t\u0173 juos patenkinti.&nbsp;<\/p>\n\n\n\n<p>Kad i\u0161pildytume vartotoj\u0173 l\u016bkes\u010dius, kiekvien\u0105 dien\u0105 atliekame tyrimus, sekame naujoves ir bendradarbiaujame su mokslo bendruomene, ie\u0161kodami pa\u017eangi\u0173 technologij\u0173, kurios leist\u0173 kurti auk\u0161\u010diausios kokyb\u0117s produktus, ir bandydami jas. Skiriame ypating\u0105 d\u0117mes\u012f skoniui, maistingumui ir vartojimo patogumui.<\/p>\n\n\n\n<p>Visame produkto k\u016brimo procese mums r\u016bpi inovacijos, kurios padeda kurti ir stiprinti kiekvieno preki\u0173 \u017eenklo \u201ePodravka\u201c produkto vert\u0119. Nauj\u0173 technologij\u0173 diegimas taip pat padeda mums efektyviau naudoti \u017ealiavas ir energij\u0105, o tai yra svarbus \u017eingsnis link tvaresn\u0117s gamybos ir atsakingo po\u017ei\u016brio \u012f aplink\u0105.<\/p>\n\n\n\n<p>Pusiau pramonin\u0117 tyrim\u0173 ir pl\u0117tros laboratorija<\/p>\n\n\n\n<p>2008 metais \u012fkurta pusiau pramonin\u0117 tyrim\u0173 ir pl\u0117tros laboratorija yra vienintel\u0117 tokio tipo laboratorija visame regione. K\u0105 ji mums rei\u0161kia?<\/p>\n\n\n\n<p>U\u017etikriname auk\u0161\u010diausi\u0105 kokyb\u0119.<\/p>\n\n\n\n<p>Naujus produktus rinkai pristatome grei\u010diau.<\/p>\n\n\n\n<p>Ma\u017einame ka\u0161tus, nes reikia pagaminti ma\u017eiau bandom\u0173j\u0173 gamini\u0173.<\/p>\n\n\n\n<p>Be to, \u0161i laboratorija ne tik tenkina \u012fmon\u0117s \u201ePodravka\u201c poreikius, bet ir yra atvira \u012fvairiems tyrim\u0173 projektams, magistrant\u016bros ar doktorant\u016bros darbams, taip pat mokymams.Jei norite daugiau su\u017einoti apie m\u016bs\u0173 laboratorij\u0105, susisiekite su mumis el. pa\u0161tu&nbsp;<a href=\"mailto:technology@podravka.hr\">technology@podravka.hr<\/a>.<\/p>\n","protected":false},"excerpt":{"rendered":"<p>Preki\u0173 \u017eenklo \u201ePodravka\u201c stipryb\u0117 \u2013 nuolatin\u0117s inovacijos, kurios padeda \u012fmonei s\u0117kmingai augti. Svarbiausia \u2013 i\u0161girsti, ko nori vartotojai, suprasti j\u0173 poreikius ir rasti tinkamiausius technologinius sprendimus, kurie pad\u0117t\u0173 juos patenkinti.&nbsp; Kad i\u0161pildytume vartotoj\u0173 l\u016bkes\u010dius, kiekvien\u0105 dien\u0105 atliekame tyrimus, sekame naujoves ir bendradarbiaujame su mokslo bendruomene, ie\u0161kodami pa\u017eangi\u0173 technologij\u0173, kurios leist\u0173 kurti auk\u0161\u010diausios kokyb\u0117s produktus, ir [&hellip;]<\/p>\n","protected":false},"author":2,"featured_media":0,"parent":19,"menu_order":0,"comment_status":"closed","ping_status":"closed","template":"","meta":{"_acf_changed":false,"ep_exclude_from_search":false,"footnotes":""},"class_list":["post-7111","page","type-page","status-publish","hentry"],"acf":[],"yoast_head":"<!-- This site is optimized with the Yoast SEO plugin v25.1 - https:\/\/yoast.com\/wordpress\/plugins\/seo\/ -->\n<title>Technologija - Vegeta<\/title>\n<meta name=\"robots\" content=\"index, follow, max-snippet:-1, max-image-preview:large, max-video-preview:-1\" \/>\n<link rel=\"canonical\" href=\"https:\/\/vegeta.com\/lt\/kokybes-istorija\/technologija\/\" \/>\n<meta property=\"og:locale\" content=\"lt_LT\" \/>\n<meta property=\"og:type\" content=\"article\" \/>\n<meta property=\"og:title\" content=\"Technologija - Vegeta\" \/>\n<meta property=\"og:description\" content=\"Preki\u0173 \u017eenklo \u201ePodravka\u201c stipryb\u0117 \u2013 nuolatin\u0117s inovacijos, kurios padeda \u012fmonei s\u0117kmingai augti. Svarbiausia \u2013 i\u0161girsti, ko nori vartotojai, suprasti j\u0173 poreikius ir rasti tinkamiausius technologinius sprendimus, kurie pad\u0117t\u0173 juos patenkinti.&nbsp; Kad i\u0161pildytume vartotoj\u0173 l\u016bkes\u010dius, kiekvien\u0105 dien\u0105 atliekame tyrimus, sekame naujoves ir bendradarbiaujame su mokslo bendruomene, ie\u0161kodami pa\u017eangi\u0173 technologij\u0173, kurios leist\u0173 kurti auk\u0161\u010diausios kokyb\u0117s produktus, ir [&hellip;]\" \/>\n<meta property=\"og:url\" content=\"https:\/\/vegeta.com\/lt\/kokybes-istorija\/technologija\/\" \/>\n<meta property=\"og:site_name\" content=\"Vegeta\" \/>\n<meta property=\"article:modified_time\" content=\"2025-07-10T13:07:50+00:00\" \/>\n<meta property=\"og:image\" content=\"https:\/\/cdn.staging.vegeta.com\/eng\/2025\/07\/image_social_share_general_1.webp\" \/>\n\t<meta property=\"og:image:width\" content=\"1200\" \/>\n\t<meta property=\"og:image:height\" content=\"630\" \/>\n\t<meta property=\"og:image:type\" content=\"image\/webp\" \/>\n<meta name=\"twitter:card\" content=\"summary_large_image\" \/>\n<meta name=\"twitter:label1\" content=\"Est. reading time\" \/>\n\t<meta name=\"twitter:data1\" content=\"2 minutes\" \/>\n<script type=\"application\/ld+json\" class=\"yoast-schema-graph\">{\"@context\":\"https:\/\/schema.org\",\"@graph\":[{\"@type\":\"WebPage\",\"@id\":\"https:\/\/vegeta.com\/lt\/kokybes-istorija\/technologija\/\",\"url\":\"https:\/\/vegeta.com\/lt\/kokybes-istorija\/technologija\/\",\"name\":\"Technologija - Vegeta\",\"isPartOf\":{\"@id\":\"https:\/\/vegeta.com\/lt\/#website\"},\"datePublished\":\"2024-06-04T09:21:23+00:00\",\"dateModified\":\"2025-07-10T13:07:50+00:00\",\"breadcrumb\":{\"@id\":\"https:\/\/vegeta.com\/lt\/kokybes-istorija\/technologija\/#breadcrumb\"},\"inLanguage\":\"lt-LT\",\"potentialAction\":[{\"@type\":\"ReadAction\",\"target\":[\"https:\/\/vegeta.com\/lt\/kokybes-istorija\/technologija\/\"]}]},{\"@type\":\"BreadcrumbList\",\"@id\":\"https:\/\/vegeta.com\/lt\/kokybes-istorija\/technologija\/#breadcrumb\",\"itemListElement\":[{\"@type\":\"ListItem\",\"position\":1,\"name\":\"Home\",\"item\":\"https:\/\/vegeta.com\/lt\/\"},{\"@type\":\"ListItem\",\"position\":2,\"name\":\"Kokyb\u0117s istorija\",\"item\":\"https:\/\/vegeta.com\/lt\/kokybes-istorija\/\"},{\"@type\":\"ListItem\",\"position\":3,\"name\":\"Technologija\"}]},{\"@type\":\"WebSite\",\"@id\":\"https:\/\/vegeta.com\/lt\/#website\",\"url\":\"https:\/\/vegeta.com\/lt\/\",\"name\":\"Vegeta\",\"description\":\"\",\"publisher\":{\"@id\":\"https:\/\/vegeta.com\/lt\/#organization\"},\"potentialAction\":[{\"@type\":\"SearchAction\",\"target\":{\"@type\":\"EntryPoint\",\"urlTemplate\":\"https:\/\/vegeta.com\/lt\/?s={search_term_string}\"},\"query-input\":{\"@type\":\"PropertyValueSpecification\",\"valueRequired\":true,\"valueName\":\"search_term_string\"}}],\"inLanguage\":\"lt-LT\"},{\"@type\":\"Organization\",\"@id\":\"https:\/\/vegeta.com\/lt\/#organization\",\"name\":\"Vegeta\",\"url\":\"https:\/\/vegeta.com\/lt\/\",\"logo\":{\"@type\":\"ImageObject\",\"inLanguage\":\"lt-LT\",\"@id\":\"https:\/\/vegeta.com\/lt\/#\/schema\/logo\/image\/\",\"url\":\"https:\/\/cdn.staging.vegeta.com\/cro\/2023\/09\/image-vegeta-app-1024.png\",\"contentUrl\":\"https:\/\/cdn.staging.vegeta.com\/cro\/2023\/09\/image-vegeta-app-1024.png\",\"width\":946,\"height\":944,\"caption\":\"Vegeta\"},\"image\":{\"@id\":\"https:\/\/vegeta.com\/lt\/#\/schema\/logo\/image\/\"}}]}<\/script>\n<!-- \/ Yoast SEO plugin. -->","yoast_head_json":{"title":"Technologija - Vegeta","robots":{"index":"index","follow":"follow","max-snippet":"max-snippet:-1","max-image-preview":"max-image-preview:large","max-video-preview":"max-video-preview:-1"},"canonical":"https:\/\/vegeta.com\/lt\/kokybes-istorija\/technologija\/","og_locale":"lt_LT","og_type":"article","og_title":"Technologija - Vegeta","og_description":"Preki\u0173 \u017eenklo \u201ePodravka\u201c stipryb\u0117 \u2013 nuolatin\u0117s inovacijos, kurios padeda \u012fmonei s\u0117kmingai augti. Svarbiausia \u2013 i\u0161girsti, ko nori vartotojai, suprasti j\u0173 poreikius ir rasti tinkamiausius technologinius sprendimus, kurie pad\u0117t\u0173 juos patenkinti.&nbsp; Kad i\u0161pildytume vartotoj\u0173 l\u016bkes\u010dius, kiekvien\u0105 dien\u0105 atliekame tyrimus, sekame naujoves ir bendradarbiaujame su mokslo bendruomene, ie\u0161kodami pa\u017eangi\u0173 technologij\u0173, kurios leist\u0173 kurti auk\u0161\u010diausios kokyb\u0117s produktus, ir [&hellip;]","og_url":"https:\/\/vegeta.com\/lt\/kokybes-istorija\/technologija\/","og_site_name":"Vegeta","article_modified_time":"2025-07-10T13:07:50+00:00","og_image":[{"width":1200,"height":630,"url":"https:\/\/cdn.staging.vegeta.com\/eng\/2025\/07\/image_social_share_general_1.webp","type":"image\/webp"}],"twitter_card":"summary_large_image","twitter_misc":{"Est. reading time":"2 minutes"},"schema":{"@context":"https:\/\/schema.org","@graph":[{"@type":"WebPage","@id":"https:\/\/vegeta.com\/lt\/kokybes-istorija\/technologija\/","url":"https:\/\/vegeta.com\/lt\/kokybes-istorija\/technologija\/","name":"Technologija - Vegeta","isPartOf":{"@id":"https:\/\/vegeta.com\/lt\/#website"},"datePublished":"2024-06-04T09:21:23+00:00","dateModified":"2025-07-10T13:07:50+00:00","breadcrumb":{"@id":"https:\/\/vegeta.com\/lt\/kokybes-istorija\/technologija\/#breadcrumb"},"inLanguage":"lt-LT","potentialAction":[{"@type":"ReadAction","target":["https:\/\/vegeta.com\/lt\/kokybes-istorija\/technologija\/"]}]},{"@type":"BreadcrumbList","@id":"https:\/\/vegeta.com\/lt\/kokybes-istorija\/technologija\/#breadcrumb","itemListElement":[{"@type":"ListItem","position":1,"name":"Home","item":"https:\/\/vegeta.com\/lt\/"},{"@type":"ListItem","position":2,"name":"Kokyb\u0117s istorija","item":"https:\/\/vegeta.com\/lt\/kokybes-istorija\/"},{"@type":"ListItem","position":3,"name":"Technologija"}]},{"@type":"WebSite","@id":"https:\/\/vegeta.com\/lt\/#website","url":"https:\/\/vegeta.com\/lt\/","name":"Vegeta","description":"","publisher":{"@id":"https:\/\/vegeta.com\/lt\/#organization"},"potentialAction":[{"@type":"SearchAction","target":{"@type":"EntryPoint","urlTemplate":"https:\/\/vegeta.com\/lt\/?s={search_term_string}"},"query-input":{"@type":"PropertyValueSpecification","valueRequired":true,"valueName":"search_term_string"}}],"inLanguage":"lt-LT"},{"@type":"Organization","@id":"https:\/\/vegeta.com\/lt\/#organization","name":"Vegeta","url":"https:\/\/vegeta.com\/lt\/","logo":{"@type":"ImageObject","inLanguage":"lt-LT","@id":"https:\/\/vegeta.com\/lt\/#\/schema\/logo\/image\/","url":"https:\/\/cdn.staging.vegeta.com\/cro\/2023\/09\/image-vegeta-app-1024.png","contentUrl":"https:\/\/cdn.staging.vegeta.com\/cro\/2023\/09\/image-vegeta-app-1024.png","width":946,"height":944,"caption":"Vegeta"},"image":{"@id":"https:\/\/vegeta.com\/lt\/#\/schema\/logo\/image\/"}}]}},"_links":{"self":[{"href":"https:\/\/vegeta.com\/lt\/wp-json\/wp\/v2\/pages\/7111","targetHints":{"allow":["GET"]}}],"collection":[{"href":"https:\/\/vegeta.com\/lt\/wp-json\/wp\/v2\/pages"}],"about":[{"href":"https:\/\/vegeta.com\/lt\/wp-json\/wp\/v2\/types\/page"}],"author":[{"embeddable":true,"href":"https:\/\/vegeta.com\/lt\/wp-json\/wp\/v2\/users\/2"}],"replies":[{"embeddable":true,"href":"https:\/\/vegeta.com\/lt\/wp-json\/wp\/v2\/comments?post=7111"}],"version-history":[{"count":2,"href":"https:\/\/vegeta.com\/lt\/wp-json\/wp\/v2\/pages\/7111\/revisions"}],"predecessor-version":[{"id":8135,"href":"https:\/\/vegeta.com\/lt\/wp-json\/wp\/v2\/pages\/7111\/revisions\/8135"}],"up":[{"embeddable":true,"href":"https:\/\/vegeta.com\/lt\/wp-json\/wp\/v2\/pages\/19"}],"wp:attachment":[{"href":"https:\/\/vegeta.com\/lt\/wp-json\/wp\/v2\/media?parent=7111"}],"curies":[{"name":"wp","href":"https:\/\/api.w.org\/{rel}","templated":true}]}}