{"id":34,"date":"2023-05-09T11:35:02","date_gmt":"2023-05-09T11:35:02","guid":{"rendered":"https:\/\/staging.vegeta.com\/hr\/?page_id=34"},"modified":"2025-07-11T08:11:36","modified_gmt":"2025-07-11T08:11:36","slug":"naudojimosi-taisykles","status":"publish","type":"page","link":"https:\/\/vegeta.com\/lt\/naudojimosi-taisykles\/","title":{"rendered":"Naudojimosi s\u0105lygos"},"content":{"rendered":"\n<p>Interneto svetain\u0119 <a href=\"https:\/\/vegeta.com\/lt\/\">https:\/\/vegeta.com\/lt\/<\/a> (toliau \u2013 Svetain\u0117) suk\u016br\u0117 ir nuolat pri\u017ei\u016bri \u012fmon\u0117 \u201ePodravka d.d.\u201c (toliau \u2013 \u201ePodravka\u201c, mes, mus arba m\u016bs\u0173).<\/p>\n\n\n\n<p>Prad\u0117dami naudotis Interneto svetaine, j\u016bs patvirtinate, kad i\u0161samiai susipa\u017einote su \u0161iomis S\u0105lygomis, jas supratote ir su jomis sutinkate. Jei nesutinkate su \u0161iomis S\u0105lygomis, nesilankykite Interneto svetain\u0117je ir nesinaudokite jos turiniu. Jei turite klausim\u0173 ar abejojate d\u0117l Naudojimosi s\u0105lyg\u0173, ra\u0161ykite m\u016bs\u0173 redakcijai vegeta@vegeta.hr.<\/p>\n\n\n\n<p>Pasiliekame teis\u0119 keisti Svetain\u0117s i\u0161vaizd\u0105 ir turin\u012f bei Naudojimo s\u0105lygas, tod\u0117l rekomenduojame kartais jas per\u017ei\u016br\u0117ti ir susipa\u017einti su visais pakeitimais. Jei ir toliau naudosit\u0117s Svetaine, tai rei\u0161kia, kad sutinkate su tokiais pakeitimais.<\/p>\n\n\n\n<p>\u0160iose S\u0105lygose reglamentuojamos temos:<\/p>\n\n\n\n<ul class=\"wp-block-list\">\n<li>Naudojimosi s\u0105lygos<\/li>\n\n\n\n<li>Autori\u0173 teis\u0117s bei intelektin\u0117s nuosavyb\u0117s teis\u0117s<\/li>\n\n\n\n<li>Garantijos ir atsakomyb\u0117s ribojimas<\/li>\n\n\n\n<li>Registracija<\/li>\n\n\n\n<li>Nuorodos<\/li>\n\n\n\n<li>Pakeitimai ir nutraukimas<\/li>\n<\/ul>\n\n\n\n<h2 class=\"wp-block-heading\"><strong>1. Naudojimosi s\u0105lygos<\/strong><\/h2>\n\n\n\n<h3 class=\"wp-block-heading\"><strong>Tinkamas naudojimas<\/strong><\/h3>\n\n\n\n<p>Atsisi\u0173sti ir atsispausdinti formas, pvz., u\u017esakymo formas, ir per\u017ei\u016br\u0117ti kit\u0105 Svetain\u0117je esan\u010di\u0105 med\u017eiag\u0105 bei turin\u012f galima tik asmeninio naudojimo tikslais. Be ai\u0161kaus ra\u0161ti\u0161ko \u012fmon\u0117s \u201ePodravka d.d.\u201c ir kit\u0173 autori\u0173 teisi\u0173, kit\u0173 intelektin\u0117s nuosavyb\u0117s teisi\u0173 tur\u0117toj\u0173 leidimo draud\u017eiama vie\u0161ai rodyti, perduoti, skelbti, keisti, atgaminti, platinti, dalyvauti perduodant ar parduodant, kopijuoti, parsisi\u0173sti ar kitaip naudoti vis\u0105 Svetain\u0117s turin\u012f ar bet kuri\u0105 jos dal\u012f; taip pat draud\u017eiama atrinkti ir koordinuoti jos turin\u012f. Jei toks leidimas buvo duotas, negalima i\u0161trinti ar pakeisti joki\u0173 Svetain\u0117je esan\u010di\u0173 duomen\u0173, susijusi\u0173 su autori\u0173 teis\u0117mis ir (arba) preki\u0173 \u017eenklais ar kitomis intelektin\u0117s nuosavyb\u0117s teis\u0117mis.<\/p>\n\n\n\n<h3 class=\"wp-block-heading\"><strong>Naudojimas komerciniams tikslams<\/strong><\/h3>\n\n\n\n<p>Svetain\u0117s negalima naudoti prekybai, pardavimams ar bet kokiems kitiems komerciniams tikslams, i\u0161skyrus pirkim\u0105 i\u0161 \u012fmon\u0117s \u201ePodravka d.d.\u201c. Be ra\u0161ti\u0161ko \u201ePodravka\u201c leidimo draud\u017eiama bet kokia forma reklamuoti ar gauti produkt\u0173 ir paslaug\u0173 pasi\u016blymus. Draud\u017eiama perduoti ir skelbti nepador\u0173, \u012f\u017eeid\u017eiant\u012f, vulgar\u0173, grasinant\u012f, ne\u0161vank\u0173 ar kitaip nepriimtin\u0105 ar neteis\u0117t\u0105 turin\u012f; taip pat turin\u012f, kuris pa\u017eeid\u017eia bet kurios \u0161alies teises, ypa\u010d tok\u012f, kuriame yra virus\u0173 ar kitos kenksmingos med\u017eiagos. Naudotojai vienasmeni\u0161kai atsako u\u017e bet koki\u0105 \u017eal\u0105, patirt\u0105 d\u0117l j\u0173 veiklos, neatitinkan\u010dios pirmiau i\u0161d\u0117styt\u0173 nuostat\u0173, taip pat u\u017e bet koki\u0105 kit\u0105 d\u0117l nurodyt\u0173 prie\u017eas\u010di\u0173 galin\u010di\u0105 atsirasti \u017eal\u0105. \u012emon\u0117 \u201ePodravka d.d.\u201c turi teis\u0119 (ta\u010diau ne pareig\u0105) i\u0161trinti vis\u0105 arba dal\u012f naudotoj\u0173 Svetain\u0117je paskelbtos med\u017eiagos ir turinio.<\/p>\n\n\n\n<h3 class=\"wp-block-heading\"><strong>Turinio ir med\u017eiagos skelbimas<\/strong><\/h3>\n\n\n\n<p>Paskelbdami turin\u012f ar med\u017eiag\u0105 (\u012fskaitant pasi\u016blymus, id\u0117jas, br\u0117\u017einius ir receptus, ta\u010diau jais neapsiribojant) \u0161ioje Svetain\u0117je, j\u016bs automati\u0161kai suteikiate (arba garantuojate, kad turinio savininkas ai\u0161kiai suteik\u0117) bendrovei \u201ePodravka d.d.\u201c nemokam\u0105, neat\u0161aukiam\u0105, neterminuot\u0105 ir i\u0161imtin\u0119 teis\u0119 bei licencij\u0105 naudoti, adaptuoti, keisti, \u012ftraukti \u012f kitus k\u016brinius, versti, skelbti, perduoti ir platinti \u0161i\u0105 med\u017eiag\u0105 visame pasaulyje bet kokia forma ir bet kokiu b\u016bdu, tiek naudojant esamas technologijas, tiek tokias technologijas, kurios bus sukurtos ateityje. \u0160io straipsnio nuostatos lieka galioti ir pasibaigus \u0161i\u0173 S\u0105lyg\u0173 galiojimui.<\/p>\n\n\n\n<h2 class=\"wp-block-heading\"><strong>2. Autori\u0173 teis\u0117s bei intelektin\u0117s nuosavyb\u0117s teis\u0117s<\/strong><\/h2>\n\n\n\n<p>Svetain\u0117s turin\u012f saugo bendrovei \u201ePodravka d.d.\u201c priklausan\u010dios arba jai perleistos autori\u0173 teis\u0117s, kurios gali priklausyti ir tre\u010diosioms \u0161alims. \u012emonei \u201ePodravka d.d.\u201c taip pat priklauso autori\u0173 teis\u0117s \u012f Svetain\u0117s turinio redagavim\u0105, atrank\u0105 ir koordinavim\u0105. Be to, Svetain\u0117je gali b\u016bti \u012fmonei \u201ePodravka d.d.\u201c arba tre\u010diosioms \u0161alims priklausan\u010di\u0173 preki\u0173 \u017eenkl\u0173, asmenvard\u017ei\u0173 ir kito intelektin\u0117s nuosavyb\u0117s teis\u0117mis saugomo turinio, kurio licencija priklauso \u012fmonei \u201ePodravka d.d.\u201c. Neturite daryti prielaid\u0173, kad Svetain\u0117s turiniu galima naudotis be joki\u0173 apribojim\u0173. Atgaminti turin\u012f galima tik gavus tam leidim\u0105.<\/p>\n\n\n\n<h3 class=\"wp-block-heading\"><strong>Vaizdai ir vaizdo \u012fra\u0161ai<\/strong><\/h3>\n\n\n\n<p>Visos nuotraukos, vaizdai, vaizdo \u012fra\u0161ai, asmen\u0173 biografin\u0117 informacija ir kita Svetain\u0117je skelbiama med\u017eiaga priklauso tik bendrovei \u201ePodravka d.d.\u201c. Autori\u0173 teis\u0117s ir kitos intelektin\u0117s nuosavyb\u0117s teis\u0117s \u012f vis\u0105 Svetain\u0117s turin\u012f priklauso bendrovei \u201ePodravka d.d.\u201c. Visos teis\u0117s saugomos. Juridiniai asmenys gali naudoti \u0161i\u0105 med\u017eiag\u0105 tik reklamai, redagavimui ir informaciniais tikslais laikra\u0161\u010diuose, \u017eurnaluose ir elektronin\u0117je \u017einiasklaidoje. Bet koks kitoks Svetain\u0117s med\u017eiagos naudojimas yra draud\u017eiamas. Be to, Svetain\u0117s med\u017eiaga negali b\u016bti naudojama parduodant ar si\u016blant parduoti bet kokios r\u016b\u0161ies produktus ar paslaugas. Suteiktas leidimas naudotis Svetaine ir jos turiniu negali b\u016bti perduodamas, perleid\u017eiamas ar perduodamas kitiems asmenims. Bet koks bandymas perduoti ar perleisti suteikt\u0105 leidim\u0105 laikomas negaliojan\u010diu. Naudodamiesi Svetain\u0117s med\u017eiaga, \u017einiasklaidos priemones naudojantys asmenys \u012fsipareigoja laikytis \u0161iose S\u0105lygose nustatyt\u0173 apribojim\u0173, s\u0105lyg\u0173 ir reikalavim\u0173.<\/p>\n\n\n\n<h2 class=\"wp-block-heading\"><strong>3. <\/strong><strong><em>Garantijos ir atsakomyb\u0117s ribojimas<\/em><\/strong><\/h2>\n\n\n\n<p>Nors bendrov\u0117 \u201ePodravka d.d.\u201c stengiasi, kad Svetain\u0117je skelbiama informacija b\u016bt\u0173 tiksli ir visada aktuali, ji nesuteikia garantij\u0173 d\u0117l \u0161ios informacijos tikslumo ar i\u0161samumo, taip pat nesuteikia teis\u0117s reik\u0161ti kokius nors prie\u0161taravimus \u0161iuo at\u017evilgiu. I\u0161skyrus ai\u0161kias \u012fmon\u0117s \u201ePodravka d.d.\u201c suteikiamas garantijas d\u0117l produkt\u0173, visa Svetain\u0117je skelbiama med\u017eiaga ir turinys pateikiami \u201etokie, kokie yra\u201c, tod\u0117l \u012fmon\u0117 \u201ePodravka d.d.\u201c neprisiima atsakomyb\u0117s u\u017e jokias pasekmes, kurios gali atsirasti d\u0117l skirtingo Svetain\u0117s turinio interpretavimo. \u012emon\u0117 \u201ePodravka d.d.\u201c negarantuoja, kad Svetain\u0117 visada bus prieinama, nepertraukiamai veikianti ir kad joje nebus klaid\u0173 ar virus\u0173. Visi naudotojai ai\u0161kiai sutinka, kad prisiima naudojimosi Svetaine rizik\u0105.<\/p>\n\n\n\n<p>\u012emon\u0117 \u201ePodravka d.d.\u201c neatsako u\u017e bet koki\u0105 \u017eal\u0105 ar nuostolius (\u012fskaitant speciali\u0105j\u0105 ar netiesiogin\u0119 \u017eal\u0105, ta\u010diau ja neapsiribojant), kurie gali atsirasti d\u0117l naudojimosi ar negal\u0117jimo naudotis bet kuria Svetain\u0117s dalimi, ar d\u0117l bet kokio kito naudotojo paskelbto ar \u012fkelto turinio.<\/p>\n\n\n\n<p>\u017diniasklaidos \u012fmon\u0117s ir kiti Svetaine besinaudojantys naudotojai ai\u0161kiai sutinka atlyginti bendrovei \u201ePodravka Inc.\u201c visas reklamacijas, i\u0161laidas, nuostolius ir apsaugoti j\u0105 nuo atsakomyb\u0117s, kylan\u010dios d\u0117l j\u0173 aplaidaus naudojimosi Svetain\u0117je skelbiama med\u017eiaga, \u012fskaitant bet koki\u0105 tiesiogin\u0119, netiesiogin\u0119, atsitiktin\u0119, speciali\u0105 ar pasekmin\u0119 \u017eal\u0105.<\/p>\n\n\n\n<p>Be to, bendrov\u0117 \u201ePodravka d.d.\u201c ir jos tiek\u0117jai neprisiima jokios atsakomyb\u0117s u\u017e Svetain\u0117je pateiktos informacijos, \u012frengini\u0173, produkt\u0173 ar proces\u0173 tikslum\u0105, i\u0161samum\u0105 ar naudingum\u0105, taip pat negarantuoja, kad naudojant toki\u0105 informacij\u0105, \u012frenginius, produktus ar procesus nebus pa\u017eeistos priva\u010dios teis\u0117s.<\/p>\n\n\n\n<h3 class=\"wp-block-heading\"><strong>Atsakomyb\u0117s atsisakymo parei\u0161kimas<\/strong><\/h3>\n\n\n\n<p>Nuoroda \u012f konkret\u0173 produkt\u0105, proces\u0105 ar paslaug\u0105, nurodant prek\u0117s pavadinim\u0105, preki\u0173 \u017eenkl\u0105, gamintoj\u0105 ar kit\u0105 informacij\u0105 nerei\u0161kia, kad bendrov\u0117 \u201ePodravka d.d.\u201c, jos darbuotojai ar tiek\u0117jai oficialiai patvirtina, rekomenduoja ar remia \u0161\u012f produkt\u0105, proces\u0105 ar paslaug\u0105.<\/p>\n\n\n\n<h3 class=\"wp-block-heading\"><strong>Atsakomyb\u0117s u\u017e i\u0161orines nuorodas atsisakymas<\/strong><\/h3>\n\n\n\n<p>Pateiktos i\u0161orin\u0117s nuorodos nerei\u0161kia, kad \u012fmon\u0117 \u201ePodravka d.d.\u201c, jos tiek\u0117jai ar r\u0117m\u0117jai palaiko susijusias svetaines, pritaria j\u0173 turiniui, produktams ar paslaugoms. \u012emon\u0117 \u201ePodravka d.d.\u201c, jos darbuotojai, r\u0117m\u0117jai ir tiek\u0117jai nekontroliuoja i\u0161orin\u0117se svetain\u0117se skelbiamos informacijos ir neatsako u\u017e jos tikslum\u0105, i\u0161samum\u0105 ar patikimum\u0105. Svetain\u0117je pateikiamos i\u0161orin\u0117s nuorodos atitinka \u012fmon\u0117s \u201ePodravka d.d.\u201c politik\u0105, ta\u010diau \u012fmon\u0117 \u201ePodravka d.d.\u201c neprisiima atsakomyb\u0117s u\u017e turin\u012f, skelbiam\u0105 tre\u010di\u0173j\u0173 \u0161ali\u0173 interneto svetain\u0117se, \u012f kurias galima patekti per Svetain\u0117je skelbiamas nuorodas. Tai gali b\u016bti tekstin\u0117s nuorodos, ma\u017ei paveiksl\u0117liai, piktogramos arba miniati\u016bros, iliustruojan\u010dios nuorod\u0105 ir nereklamuojan\u010dios produkt\u0173 ar paslaug\u0173.<\/p>\n\n\n\n<h2 class=\"wp-block-heading\">4. <strong>Nuorodos<\/strong><\/h2>\n\n\n\n<p>Visais b\u016bdais stengiam\u0117s, kad visos nuorodos i\u0161 m\u016bs\u0173 tinklalapi\u0173 nukreipt\u0173 jus ir (arba) j\u016bs\u0173 vaik\u0105 \u012f tinklalapius, kuriuose skelbiamas kokybi\u0161kas turinys, t. y. turinys, kuris neskatina negatyvi\u0173 veiksm\u0173. Ta\u010diau tinklalapiai ir svetain\u0117s greitai kei\u010diami, tod\u0117l ne visada galime b\u016bti u\u017etikrinti, kad svetain\u0117se, \u012f kurias nukreipiame, skelbiamas tinkamas turinys.&nbsp;<\/p>\n\n\n\n<h2 class=\"wp-block-heading\"><strong>5. Pakeitimai ir nutraukimas<\/strong><\/h2>\n\n\n\n<p>\u012emon\u0117 \u201ePodravka d.d.\u201c pasilieka teis\u0119 bet kada visi\u0161kai arba i\u0161 dalies pakeisti arba nutraukti \u0161ios Svetain\u0117s veikim\u0105 ir Naudojimosi s\u0105lyg\u0173 galiojim\u0105. Pakeitimai \u012fsigalioja juos paskelbus \u0161iuo adresu arba apie juos prane\u0161us naudotojams. Naudojimosi s\u0105lygos galioja tol, kol j\u016bs arba \u012fmon\u0117 \u201ePodravka d.d.\u201c nutrauks j\u0173 galiojim\u0105. Jei j\u016bs bet kada nutraukiate naudojim\u0105si Svetaine, tai rei\u0161kia, kad nustojate naudotis Svetaine ir panaikinate vis\u0105 i\u0161 Svetain\u0117s parsisi\u0173st\u0105 ir naudot\u0105 med\u017eiag\u0105 bei turin\u012f.<\/p>\n\n\n\n<p>Atnaujinta 10.07.2025.<\/p>\n","protected":false},"excerpt":{"rendered":"<p>Interneto svetain\u0119 https:\/\/vegeta.com\/lt\/ (toliau \u2013 Svetain\u0117) suk\u016br\u0117 ir nuolat pri\u017ei\u016bri \u012fmon\u0117 \u201ePodravka d.d.\u201c (toliau \u2013 \u201ePodravka\u201c, mes, mus arba m\u016bs\u0173). Prad\u0117dami naudotis Interneto svetaine, j\u016bs patvirtinate, kad i\u0161samiai susipa\u017einote su \u0161iomis S\u0105lygomis, jas supratote ir su jomis sutinkate. Jei nesutinkate su \u0161iomis S\u0105lygomis, nesilankykite Interneto svetain\u0117je ir nesinaudokite jos turiniu. Jei turite klausim\u0173 ar abejojate [&hellip;]<\/p>\n","protected":false},"author":3,"featured_media":0,"parent":0,"menu_order":0,"comment_status":"closed","ping_status":"closed","template":"","meta":{"_acf_changed":false,"ep_exclude_from_search":false,"footnotes":""},"class_list":["post-34","page","type-page","status-publish","hentry"],"acf":[],"yoast_head":"<!-- This site is optimized with the Yoast SEO plugin v25.1 - https:\/\/yoast.com\/wordpress\/plugins\/seo\/ -->\n<title>Naudojimosi s\u0105lygos - Vegeta<\/title>\n<meta name=\"robots\" content=\"index, follow, max-snippet:-1, max-image-preview:large, max-video-preview:-1\" \/>\n<link rel=\"canonical\" href=\"https:\/\/vegeta.com\/lt\/naudojimosi-taisykles\/\" \/>\n<meta property=\"og:locale\" content=\"lt_LT\" \/>\n<meta property=\"og:type\" content=\"article\" \/>\n<meta property=\"og:title\" content=\"Naudojimosi s\u0105lygos - Vegeta\" \/>\n<meta property=\"og:description\" content=\"Interneto svetain\u0119 https:\/\/vegeta.com\/lt\/ (toliau \u2013 Svetain\u0117) suk\u016br\u0117 ir nuolat pri\u017ei\u016bri \u012fmon\u0117 \u201ePodravka d.d.\u201c (toliau \u2013 \u201ePodravka\u201c, mes, mus arba m\u016bs\u0173). Prad\u0117dami naudotis Interneto svetaine, j\u016bs patvirtinate, kad i\u0161samiai susipa\u017einote su \u0161iomis S\u0105lygomis, jas supratote ir su jomis sutinkate. Jei nesutinkate su \u0161iomis S\u0105lygomis, nesilankykite Interneto svetain\u0117je ir nesinaudokite jos turiniu. Jei turite klausim\u0173 ar abejojate [&hellip;]\" \/>\n<meta property=\"og:url\" content=\"https:\/\/vegeta.com\/lt\/naudojimosi-taisykles\/\" \/>\n<meta property=\"og:site_name\" content=\"Vegeta\" \/>\n<meta property=\"article:modified_time\" content=\"2025-07-11T08:11:36+00:00\" \/>\n<meta property=\"og:image\" content=\"https:\/\/cdn.staging.vegeta.com\/eng\/2025\/07\/image_social_share_general_1.webp\" \/>\n\t<meta property=\"og:image:width\" content=\"1200\" \/>\n\t<meta property=\"og:image:height\" content=\"630\" \/>\n\t<meta property=\"og:image:type\" content=\"image\/webp\" \/>\n<meta name=\"twitter:card\" content=\"summary_large_image\" \/>\n<meta name=\"twitter:label1\" content=\"Est. reading time\" \/>\n\t<meta name=\"twitter:data1\" content=\"6 minutes\" \/>\n<script type=\"application\/ld+json\" class=\"yoast-schema-graph\">{\"@context\":\"https:\/\/schema.org\",\"@graph\":[{\"@type\":\"WebPage\",\"@id\":\"https:\/\/vegeta.com\/lt\/naudojimosi-taisykles\/\",\"url\":\"https:\/\/vegeta.com\/lt\/naudojimosi-taisykles\/\",\"name\":\"Naudojimosi s\u0105lygos - Vegeta\",\"isPartOf\":{\"@id\":\"https:\/\/vegeta.com\/lt\/#website\"},\"datePublished\":\"2023-05-09T11:35:02+00:00\",\"dateModified\":\"2025-07-11T08:11:36+00:00\",\"breadcrumb\":{\"@id\":\"https:\/\/vegeta.com\/lt\/naudojimosi-taisykles\/#breadcrumb\"},\"inLanguage\":\"lt-LT\",\"potentialAction\":[{\"@type\":\"ReadAction\",\"target\":[\"https:\/\/vegeta.com\/lt\/naudojimosi-taisykles\/\"]}]},{\"@type\":\"BreadcrumbList\",\"@id\":\"https:\/\/vegeta.com\/lt\/naudojimosi-taisykles\/#breadcrumb\",\"itemListElement\":[{\"@type\":\"ListItem\",\"position\":1,\"name\":\"Home\",\"item\":\"https:\/\/vegeta.com\/lt\/\"},{\"@type\":\"ListItem\",\"position\":2,\"name\":\"Naudojimosi s\u0105lygos\"}]},{\"@type\":\"WebSite\",\"@id\":\"https:\/\/vegeta.com\/lt\/#website\",\"url\":\"https:\/\/vegeta.com\/lt\/\",\"name\":\"Vegeta\",\"description\":\"\",\"publisher\":{\"@id\":\"https:\/\/vegeta.com\/lt\/#organization\"},\"potentialAction\":[{\"@type\":\"SearchAction\",\"target\":{\"@type\":\"EntryPoint\",\"urlTemplate\":\"https:\/\/vegeta.com\/lt\/?s={search_term_string}\"},\"query-input\":{\"@type\":\"PropertyValueSpecification\",\"valueRequired\":true,\"valueName\":\"search_term_string\"}}],\"inLanguage\":\"lt-LT\"},{\"@type\":\"Organization\",\"@id\":\"https:\/\/vegeta.com\/lt\/#organization\",\"name\":\"Vegeta\",\"url\":\"https:\/\/vegeta.com\/lt\/\",\"logo\":{\"@type\":\"ImageObject\",\"inLanguage\":\"lt-LT\",\"@id\":\"https:\/\/vegeta.com\/lt\/#\/schema\/logo\/image\/\",\"url\":\"https:\/\/cdn.staging.vegeta.com\/cro\/2023\/09\/image-vegeta-app-1024.png\",\"contentUrl\":\"https:\/\/cdn.staging.vegeta.com\/cro\/2023\/09\/image-vegeta-app-1024.png\",\"width\":946,\"height\":944,\"caption\":\"Vegeta\"},\"image\":{\"@id\":\"https:\/\/vegeta.com\/lt\/#\/schema\/logo\/image\/\"}}]}<\/script>\n<!-- \/ Yoast SEO plugin. -->","yoast_head_json":{"title":"Naudojimosi s\u0105lygos - Vegeta","robots":{"index":"index","follow":"follow","max-snippet":"max-snippet:-1","max-image-preview":"max-image-preview:large","max-video-preview":"max-video-preview:-1"},"canonical":"https:\/\/vegeta.com\/lt\/naudojimosi-taisykles\/","og_locale":"lt_LT","og_type":"article","og_title":"Naudojimosi s\u0105lygos - Vegeta","og_description":"Interneto svetain\u0119 https:\/\/vegeta.com\/lt\/ (toliau \u2013 Svetain\u0117) suk\u016br\u0117 ir nuolat pri\u017ei\u016bri \u012fmon\u0117 \u201ePodravka d.d.\u201c (toliau \u2013 \u201ePodravka\u201c, mes, mus arba m\u016bs\u0173). Prad\u0117dami naudotis Interneto svetaine, j\u016bs patvirtinate, kad i\u0161samiai susipa\u017einote su \u0161iomis S\u0105lygomis, jas supratote ir su jomis sutinkate. Jei nesutinkate su \u0161iomis S\u0105lygomis, nesilankykite Interneto svetain\u0117je ir nesinaudokite jos turiniu. Jei turite klausim\u0173 ar abejojate [&hellip;]","og_url":"https:\/\/vegeta.com\/lt\/naudojimosi-taisykles\/","og_site_name":"Vegeta","article_modified_time":"2025-07-11T08:11:36+00:00","og_image":[{"width":1200,"height":630,"url":"https:\/\/cdn.staging.vegeta.com\/eng\/2025\/07\/image_social_share_general_1.webp","type":"image\/webp"}],"twitter_card":"summary_large_image","twitter_misc":{"Est. reading time":"6 minutes"},"schema":{"@context":"https:\/\/schema.org","@graph":[{"@type":"WebPage","@id":"https:\/\/vegeta.com\/lt\/naudojimosi-taisykles\/","url":"https:\/\/vegeta.com\/lt\/naudojimosi-taisykles\/","name":"Naudojimosi s\u0105lygos - Vegeta","isPartOf":{"@id":"https:\/\/vegeta.com\/lt\/#website"},"datePublished":"2023-05-09T11:35:02+00:00","dateModified":"2025-07-11T08:11:36+00:00","breadcrumb":{"@id":"https:\/\/vegeta.com\/lt\/naudojimosi-taisykles\/#breadcrumb"},"inLanguage":"lt-LT","potentialAction":[{"@type":"ReadAction","target":["https:\/\/vegeta.com\/lt\/naudojimosi-taisykles\/"]}]},{"@type":"BreadcrumbList","@id":"https:\/\/vegeta.com\/lt\/naudojimosi-taisykles\/#breadcrumb","itemListElement":[{"@type":"ListItem","position":1,"name":"Home","item":"https:\/\/vegeta.com\/lt\/"},{"@type":"ListItem","position":2,"name":"Naudojimosi s\u0105lygos"}]},{"@type":"WebSite","@id":"https:\/\/vegeta.com\/lt\/#website","url":"https:\/\/vegeta.com\/lt\/","name":"Vegeta","description":"","publisher":{"@id":"https:\/\/vegeta.com\/lt\/#organization"},"potentialAction":[{"@type":"SearchAction","target":{"@type":"EntryPoint","urlTemplate":"https:\/\/vegeta.com\/lt\/?s={search_term_string}"},"query-input":{"@type":"PropertyValueSpecification","valueRequired":true,"valueName":"search_term_string"}}],"inLanguage":"lt-LT"},{"@type":"Organization","@id":"https:\/\/vegeta.com\/lt\/#organization","name":"Vegeta","url":"https:\/\/vegeta.com\/lt\/","logo":{"@type":"ImageObject","inLanguage":"lt-LT","@id":"https:\/\/vegeta.com\/lt\/#\/schema\/logo\/image\/","url":"https:\/\/cdn.staging.vegeta.com\/cro\/2023\/09\/image-vegeta-app-1024.png","contentUrl":"https:\/\/cdn.staging.vegeta.com\/cro\/2023\/09\/image-vegeta-app-1024.png","width":946,"height":944,"caption":"Vegeta"},"image":{"@id":"https:\/\/vegeta.com\/lt\/#\/schema\/logo\/image\/"}}]}},"_links":{"self":[{"href":"https:\/\/vegeta.com\/lt\/wp-json\/wp\/v2\/pages\/34","targetHints":{"allow":["GET"]}}],"collection":[{"href":"https:\/\/vegeta.com\/lt\/wp-json\/wp\/v2\/pages"}],"about":[{"href":"https:\/\/vegeta.com\/lt\/wp-json\/wp\/v2\/types\/page"}],"author":[{"embeddable":true,"href":"https:\/\/vegeta.com\/lt\/wp-json\/wp\/v2\/users\/3"}],"replies":[{"embeddable":true,"href":"https:\/\/vegeta.com\/lt\/wp-json\/wp\/v2\/comments?post=34"}],"version-history":[{"count":9,"href":"https:\/\/vegeta.com\/lt\/wp-json\/wp\/v2\/pages\/34\/revisions"}],"predecessor-version":[{"id":8155,"href":"https:\/\/vegeta.com\/lt\/wp-json\/wp\/v2\/pages\/34\/revisions\/8155"}],"wp:attachment":[{"href":"https:\/\/vegeta.com\/lt\/wp-json\/wp\/v2\/media?parent=34"}],"curies":[{"name":"wp","href":"https:\/\/api.w.org\/{rel}","templated":true}]}}