{"id":31,"date":"2023-05-09T11:34:40","date_gmt":"2023-05-09T11:34:40","guid":{"rendered":"https:\/\/staging.vegeta.com\/hr\/?page_id=31"},"modified":"2025-07-11T08:10:45","modified_gmt":"2025-07-11T08:10:45","slug":"rekvizitai","status":"publish","type":"page","link":"https:\/\/vegeta.com\/lt\/rekvizitai\/","title":{"rendered":"Rekvizitai"},"content":{"rendered":"\n<h2 class=\"wp-block-heading\">Leid\u0117jas<\/h2>\n\n\n\n<p>\u201ePodravka d.d. (Inc.)\u201c, \u012fmon\u0117s rinkodara, Ante Star\u010devi\u0107a 32, 48 000 Koprivnica, Kroatija.<\/p>\n\n\n\n<p>Telefonas +385 48 651 202<br>Faksas +385 48 622 518<br>El. pa\u0161tas&nbsp;<a href=\"mailto:podravka@podravka.hr\">podravka@podravka.hr<\/a><\/p>\n\n\n\n<h2 class=\"wp-block-heading\">Biuras Zagrebe<\/h2>\n\n\n\n<p>\u201ePodravka d.d.\u201c, City Plaza 6, Slavonska avenija 6, Zgrada B2\/6 kat 48 000 Koprivnica, Kroatija.<\/p>\n\n\n\n<p>Telefonas +385 1 4891 910<br>Faksas +385 75 802 496<br>El. pa\u0161tas&nbsp;<a href=\"mailto:podravka@podravka.hr\">podravka@podravka.hr<\/a><\/p>\n\n\n\n<h2 class=\"wp-block-heading\">Interneto svetain\u0117s planavimas, dizainas ir k\u016brimas<\/h2>\n\n\n\n<p>\u201eEnterwell d.o.o.\u201c, Koranska ulica 2, 10000 Zagrebas.<\/p>\n\n\n\n<p><br>Web&nbsp;<a href=\"https:\/\/enterwell.net\/\">https:\/\/enterwell.net<\/a><br>Email&nbsp;<a href=\"mailto:info@enterwell.net\">info@enterwell.net<\/a><\/p>\n\n\n\n<div style=\"height:100px\" aria-hidden=\"true\" class=\"wp-block-spacer\"><\/div>\n\n\n\n<p><\/p>\n\n\n\n<p><\/p>\n\n\n\n<p>\u201ePODRAVKA Inc.\u201c, Koprivnica, Ante Star\u010devi\u0107a 32, Bjelovaro komercinis teismas, CRN 010006549, PIN 18928523252;<br>\u201ePrivredna banka Zagreb P.L.C.\u201c, Zagrebas, Radni\u010dka cesta 50, IBAN: HR94 2340 0091 1000 9852 6, 213.600.090,00 \u20ac akcinis kapitalas visi\u0161kai apmok\u0117tas, akcij\u0173 skai\u010dius \u2013 7 120 003, nominalioji akcijos vert\u0117 \u2013 30,00 \u20ac, steb\u0117toj\u0173 tarybos pirmininkas \u2013 D.Grbavac, Valdybos pirmininkas \u2013 M. Dali\u0107, Valdybos nariai: Lj. \u0160apina, D. Doko, M. Tadi\u0107 ir I. Ostoji\u0107.<\/p>\n","protected":false},"excerpt":{"rendered":"<p>Leid\u0117jas \u201ePodravka d.d. (Inc.)\u201c, \u012fmon\u0117s rinkodara, Ante Star\u010devi\u0107a 32, 48 000 Koprivnica, Kroatija. Telefonas +385 48 651 202Faksas +385 48 622 518El. pa\u0161tas&nbsp;podravka@podravka.hr Biuras Zagrebe \u201ePodravka d.d.\u201c, City Plaza 6, Slavonska avenija 6, Zgrada B2\/6 kat 48 000 Koprivnica, Kroatija. Telefonas +385 1 4891 910Faksas +385 75 802 496El. pa\u0161tas&nbsp;podravka@podravka.hr Interneto svetain\u0117s planavimas, dizainas ir [&hellip;]<\/p>\n","protected":false},"author":3,"featured_media":0,"parent":0,"menu_order":0,"comment_status":"closed","ping_status":"closed","template":"","meta":{"_acf_changed":false,"ep_exclude_from_search":false,"footnotes":""},"class_list":["post-31","page","type-page","status-publish","hentry"],"acf":[],"yoast_head":"<!-- This site is optimized with the Yoast SEO plugin v25.1 - https:\/\/yoast.com\/wordpress\/plugins\/seo\/ -->\n<title>Rekvizitai - Vegeta<\/title>\n<meta name=\"robots\" content=\"index, follow, max-snippet:-1, max-image-preview:large, max-video-preview:-1\" \/>\n<link rel=\"canonical\" href=\"https:\/\/vegeta.com\/lt\/rekvizitai\/\" \/>\n<meta property=\"og:locale\" content=\"lt_LT\" \/>\n<meta property=\"og:type\" content=\"article\" \/>\n<meta property=\"og:title\" content=\"Rekvizitai - Vegeta\" \/>\n<meta property=\"og:description\" content=\"Leid\u0117jas \u201ePodravka d.d. (Inc.)\u201c, \u012fmon\u0117s rinkodara, Ante Star\u010devi\u0107a 32, 48 000 Koprivnica, Kroatija. Telefonas +385 48 651 202Faksas +385 48 622 518El. pa\u0161tas&nbsp;podravka@podravka.hr Biuras Zagrebe \u201ePodravka d.d.\u201c, City Plaza 6, Slavonska avenija 6, Zgrada B2\/6 kat 48 000 Koprivnica, Kroatija. Telefonas +385 1 4891 910Faksas +385 75 802 496El. pa\u0161tas&nbsp;podravka@podravka.hr Interneto svetain\u0117s planavimas, dizainas ir [&hellip;]\" \/>\n<meta property=\"og:url\" content=\"https:\/\/vegeta.com\/lt\/rekvizitai\/\" \/>\n<meta property=\"og:site_name\" content=\"Vegeta\" \/>\n<meta property=\"article:modified_time\" content=\"2025-07-11T08:10:45+00:00\" \/>\n<meta property=\"og:image\" content=\"https:\/\/cdn.staging.vegeta.com\/eng\/2025\/07\/image_social_share_general_1.webp\" \/>\n\t<meta property=\"og:image:width\" content=\"1200\" \/>\n\t<meta property=\"og:image:height\" content=\"630\" \/>\n\t<meta property=\"og:image:type\" content=\"image\/webp\" \/>\n<meta name=\"twitter:card\" content=\"summary_large_image\" \/>\n<meta name=\"twitter:label1\" content=\"Est. reading time\" \/>\n\t<meta name=\"twitter:data1\" content=\"1 minute\" \/>\n<script type=\"application\/ld+json\" class=\"yoast-schema-graph\">{\"@context\":\"https:\/\/schema.org\",\"@graph\":[{\"@type\":\"WebPage\",\"@id\":\"https:\/\/vegeta.com\/lt\/rekvizitai\/\",\"url\":\"https:\/\/vegeta.com\/lt\/rekvizitai\/\",\"name\":\"Rekvizitai - Vegeta\",\"isPartOf\":{\"@id\":\"https:\/\/vegeta.com\/lt\/#website\"},\"datePublished\":\"2023-05-09T11:34:40+00:00\",\"dateModified\":\"2025-07-11T08:10:45+00:00\",\"breadcrumb\":{\"@id\":\"https:\/\/vegeta.com\/lt\/rekvizitai\/#breadcrumb\"},\"inLanguage\":\"lt-LT\",\"potentialAction\":[{\"@type\":\"ReadAction\",\"target\":[\"https:\/\/vegeta.com\/lt\/rekvizitai\/\"]}]},{\"@type\":\"BreadcrumbList\",\"@id\":\"https:\/\/vegeta.com\/lt\/rekvizitai\/#breadcrumb\",\"itemListElement\":[{\"@type\":\"ListItem\",\"position\":1,\"name\":\"Home\",\"item\":\"https:\/\/vegeta.com\/lt\/\"},{\"@type\":\"ListItem\",\"position\":2,\"name\":\"Rekvizitai\"}]},{\"@type\":\"WebSite\",\"@id\":\"https:\/\/vegeta.com\/lt\/#website\",\"url\":\"https:\/\/vegeta.com\/lt\/\",\"name\":\"Vegeta\",\"description\":\"\",\"publisher\":{\"@id\":\"https:\/\/vegeta.com\/lt\/#organization\"},\"potentialAction\":[{\"@type\":\"SearchAction\",\"target\":{\"@type\":\"EntryPoint\",\"urlTemplate\":\"https:\/\/vegeta.com\/lt\/?s={search_term_string}\"},\"query-input\":{\"@type\":\"PropertyValueSpecification\",\"valueRequired\":true,\"valueName\":\"search_term_string\"}}],\"inLanguage\":\"lt-LT\"},{\"@type\":\"Organization\",\"@id\":\"https:\/\/vegeta.com\/lt\/#organization\",\"name\":\"Vegeta\",\"url\":\"https:\/\/vegeta.com\/lt\/\",\"logo\":{\"@type\":\"ImageObject\",\"inLanguage\":\"lt-LT\",\"@id\":\"https:\/\/vegeta.com\/lt\/#\/schema\/logo\/image\/\",\"url\":\"https:\/\/cdn.staging.vegeta.com\/cro\/2023\/09\/image-vegeta-app-1024.png\",\"contentUrl\":\"https:\/\/cdn.staging.vegeta.com\/cro\/2023\/09\/image-vegeta-app-1024.png\",\"width\":946,\"height\":944,\"caption\":\"Vegeta\"},\"image\":{\"@id\":\"https:\/\/vegeta.com\/lt\/#\/schema\/logo\/image\/\"}}]}<\/script>\n<!-- \/ Yoast SEO plugin. -->","yoast_head_json":{"title":"Rekvizitai - Vegeta","robots":{"index":"index","follow":"follow","max-snippet":"max-snippet:-1","max-image-preview":"max-image-preview:large","max-video-preview":"max-video-preview:-1"},"canonical":"https:\/\/vegeta.com\/lt\/rekvizitai\/","og_locale":"lt_LT","og_type":"article","og_title":"Rekvizitai - Vegeta","og_description":"Leid\u0117jas \u201ePodravka d.d. (Inc.)\u201c, \u012fmon\u0117s rinkodara, Ante Star\u010devi\u0107a 32, 48 000 Koprivnica, Kroatija. Telefonas +385 48 651 202Faksas +385 48 622 518El. pa\u0161tas&nbsp;podravka@podravka.hr Biuras Zagrebe \u201ePodravka d.d.\u201c, City Plaza 6, Slavonska avenija 6, Zgrada B2\/6 kat 48 000 Koprivnica, Kroatija. Telefonas +385 1 4891 910Faksas +385 75 802 496El. pa\u0161tas&nbsp;podravka@podravka.hr Interneto svetain\u0117s planavimas, dizainas ir [&hellip;]","og_url":"https:\/\/vegeta.com\/lt\/rekvizitai\/","og_site_name":"Vegeta","article_modified_time":"2025-07-11T08:10:45+00:00","og_image":[{"width":1200,"height":630,"url":"https:\/\/cdn.staging.vegeta.com\/eng\/2025\/07\/image_social_share_general_1.webp","type":"image\/webp"}],"twitter_card":"summary_large_image","twitter_misc":{"Est. reading time":"1 minute"},"schema":{"@context":"https:\/\/schema.org","@graph":[{"@type":"WebPage","@id":"https:\/\/vegeta.com\/lt\/rekvizitai\/","url":"https:\/\/vegeta.com\/lt\/rekvizitai\/","name":"Rekvizitai - Vegeta","isPartOf":{"@id":"https:\/\/vegeta.com\/lt\/#website"},"datePublished":"2023-05-09T11:34:40+00:00","dateModified":"2025-07-11T08:10:45+00:00","breadcrumb":{"@id":"https:\/\/vegeta.com\/lt\/rekvizitai\/#breadcrumb"},"inLanguage":"lt-LT","potentialAction":[{"@type":"ReadAction","target":["https:\/\/vegeta.com\/lt\/rekvizitai\/"]}]},{"@type":"BreadcrumbList","@id":"https:\/\/vegeta.com\/lt\/rekvizitai\/#breadcrumb","itemListElement":[{"@type":"ListItem","position":1,"name":"Home","item":"https:\/\/vegeta.com\/lt\/"},{"@type":"ListItem","position":2,"name":"Rekvizitai"}]},{"@type":"WebSite","@id":"https:\/\/vegeta.com\/lt\/#website","url":"https:\/\/vegeta.com\/lt\/","name":"Vegeta","description":"","publisher":{"@id":"https:\/\/vegeta.com\/lt\/#organization"},"potentialAction":[{"@type":"SearchAction","target":{"@type":"EntryPoint","urlTemplate":"https:\/\/vegeta.com\/lt\/?s={search_term_string}"},"query-input":{"@type":"PropertyValueSpecification","valueRequired":true,"valueName":"search_term_string"}}],"inLanguage":"lt-LT"},{"@type":"Organization","@id":"https:\/\/vegeta.com\/lt\/#organization","name":"Vegeta","url":"https:\/\/vegeta.com\/lt\/","logo":{"@type":"ImageObject","inLanguage":"lt-LT","@id":"https:\/\/vegeta.com\/lt\/#\/schema\/logo\/image\/","url":"https:\/\/cdn.staging.vegeta.com\/cro\/2023\/09\/image-vegeta-app-1024.png","contentUrl":"https:\/\/cdn.staging.vegeta.com\/cro\/2023\/09\/image-vegeta-app-1024.png","width":946,"height":944,"caption":"Vegeta"},"image":{"@id":"https:\/\/vegeta.com\/lt\/#\/schema\/logo\/image\/"}}]}},"_links":{"self":[{"href":"https:\/\/vegeta.com\/lt\/wp-json\/wp\/v2\/pages\/31","targetHints":{"allow":["GET"]}}],"collection":[{"href":"https:\/\/vegeta.com\/lt\/wp-json\/wp\/v2\/pages"}],"about":[{"href":"https:\/\/vegeta.com\/lt\/wp-json\/wp\/v2\/types\/page"}],"author":[{"embeddable":true,"href":"https:\/\/vegeta.com\/lt\/wp-json\/wp\/v2\/users\/3"}],"replies":[{"embeddable":true,"href":"https:\/\/vegeta.com\/lt\/wp-json\/wp\/v2\/comments?post=31"}],"version-history":[{"count":7,"href":"https:\/\/vegeta.com\/lt\/wp-json\/wp\/v2\/pages\/31\/revisions"}],"predecessor-version":[{"id":8154,"href":"https:\/\/vegeta.com\/lt\/wp-json\/wp\/v2\/pages\/31\/revisions\/8154"}],"wp:attachment":[{"href":"https:\/\/vegeta.com\/lt\/wp-json\/wp\/v2\/media?parent=31"}],"curies":[{"name":"wp","href":"https:\/\/api.w.org\/{rel}","templated":true}]}}