{"id":4671,"date":"2024-03-11T07:46:36","date_gmt":"2024-03-11T07:46:36","guid":{"rendered":"https:\/\/vegeta.com\/hr\/?page_id=4671"},"modified":"2025-11-06T14:29:06","modified_gmt":"2025-11-06T14:29:06","slug":"norme-sulluso-dei-cookie","status":"publish","type":"page","link":"https:\/\/vegeta.com\/it\/norme-sulluso-dei-cookie\/","title":{"rendered":"Informativa sull\u2019Uso dei Cookie"},"content":{"rendered":"\n<p>Aggiornato: febbraio 2025<\/p>\n\n\n\n<p><strong>1. Che cosa sono i cookie?<\/strong><\/p>\n\n\n\n<p>Un cookie \u00e8 un piccolo file di testo che viene memorizzato sul computer o sul dispositivo mobile quando visitate un sito web. Grazie ai cookie, il sito ricorda le vostre azioni e preferenze (ad es. login, lingua, dimensione dei caratteri) per un periodo di tempo, evitandovi di reinserirle ad ogni visita.<\/p>\n\n\n\n<p>Visitando <a href=\"http:\/\/www.vegeta.com\/it\">www.vegeta.com\/it<\/a>&nbsp; vi chiederemo il consenso all\u2019uso dei cookie non strettamente necessari al funzionamento del sito.<\/p>\n\n\n\n<p><strong>2. Tipologie di cookie che utilizziamo<\/strong><\/p>\n\n\n\n<p>a) Cookie strettamente necessari \u2013 sempre attivi: indispensabili al funzionamento del sito e non disattivabili nei nostri sistemi. Sono impostati in risposta ad azioni da voi effettuate, quali impostazioni della privacy, login o compilazione di moduli.<\/p>\n\n\n\n<p>b) Cookie funzionali: consentono funzionalit\u00e0 avanzate e personalizzazione. Possono essere impostati da noi o da terze parti i cui servizi abbiamo aggiunto al sito.<\/p>\n\n\n\n<p>c) Cookie analitici (statistici): ci permettono di contare le visite e le fonti di traffico per misurare e migliorare le performance del sito. I dati sono aggregati e anonimizzati. Se non li accettate, non potremo sapere quando avete visitato il sito.<\/p>\n\n\n\n<p>Prima di acquisire il vostro consenso vi informeremo in modo chiaro sulle finalit\u00e0 delle singole categorie di cookie e, ove applicabile, sui relativi nominativi e durata.<\/p>\n\n\n\n<p><strong>3. Titolare del trattamento<\/strong><\/p>\n\n\n\n<p>Titolare del trattamento dei dati raccolti tramite <a href=\"http:\/\/www.vegeta.com\/it\">www.vegeta.com\/it<\/a>&nbsp; \u00e8:<br>Podravka d.d.<br>Ante Star\u010devi\u0107a 32<br>HR \u2013 48000 Koprivnica<br>tel. 048\/653-077 | fax 048\/653-088 | mob. 099\/6651-783<br>E-mail del Responsabile della Protezione dei Dati (RPD\/DPO): dpo@podravka.hr<\/p>\n\n\n\n<p><strong>4. Come utilizziamo i cookie<\/strong><\/p>\n\n\n\n<p>Utilizziamo cookie e tecnologie similari per: (1) memorizzare preferenze e impostazioni sul dispositivo; (2) autenticare l\u2019utente durante la sessione; (3) garantire sicurezza e prevenire abusi; (4) gestire contenuti multimediali; (5) abilitare il caricamento; (6) personalizzare l\u2019interfaccia; (7) consentire plugin di condivisione sui social network per utenti autenticati.<\/p>\n\n\n\n<p>Inoltre utilizziamo: (i) cookie dei social network destinati al tracciamento; (ii) cookie promozionali di terze parti per sviluppare e migliorare prodotti\/servizi e per mostrarvi annunci pertinenti ai vostri interessi; (iii) cookie analitici per raccogliere dati sull\u2019uso e le prestazioni (es. conteggio visitatori). Podravka non utilizza i cookie per finalit\u00e0 diverse da quelle descritte nella presente Informativa e nella nostra Informativa privacy.<\/p>\n\n\n\n<p><strong>5. Google LLC e servizi collegati<\/strong><\/p>\n\n\n\n<p>Su <a href=\"http:\/\/www.vegeta.com\/it\">www.vegeta.com\/it<\/a>&nbsp; utilizziamo alcuni servizi Google. Google Analytics \u00e8 uno strumento di analisi che utilizza il cookie principale \u201c_ga\u201d. I dati sono utilizzati in forma aggregata; insieme ad altri cookie pubblicitari, Google Analytics pu\u00f2 mostrare annunci pi\u00f9 pertinenti sulle piattaforme Google e misurare le interazioni con gli annunci. Potete esportare o cancellare i dati dal vostro account Google in qualsiasi momento.<\/p>\n\n\n\n<p><strong>6. Come controllare i cookie<\/strong><\/p>\n\n\n\n<p>Potete gestire le preferenze dei cookie in qualunque momento tramite il banner del consenso sul nostro Sito e\/o le impostazioni del vostro browser. I cookie strettamente necessari non possono essere disattivati. La disattivazione di altri cookie potrebbe influire su alcune funzionalit\u00e0 del Sito.<\/p>\n\n\n\n<p><strong>7. Ulteriori informazioni e opt-out<\/strong><\/p>\n\n\n\n<p>Per maggiori informazioni sulla gestione dei cookie e sulle scelte di opt-out potete consultare: allaboutcookies.org, youronlinechoices.com\/it, aboutads.info\/choices, nonch\u00e9 le pagine di supporto dei principali browser (Chrome, Firefox, Safari, Edge, Opera).<\/p>\n\n\n\n<p><strong>8. Modifiche alla presente Informativa<\/strong><\/p>\n\n\n\n<p>Podravka pu\u00f2 modificare la presente Informativa in qualsiasi momento. In caso di variazioni sostanziali o di introduzione di nuovi cookie, aggiorneremo il testo e, ove necessario, richiederemo nuovamente il consenso entro 7 giorni dall\u2019evento che ha determinato la modifica. Per contattare il nostro DPO: dpo@podravka.hr.<\/p>\n","protected":false},"excerpt":{"rendered":"<p>Aggiornato: febbraio 2025 1. Che cosa sono i cookie? Un cookie \u00e8 un piccolo file di testo che viene memorizzato sul computer o sul dispositivo mobile quando visitate un sito web. Grazie ai cookie, il sito ricorda le vostre azioni e preferenze (ad es. login, lingua, dimensione dei caratteri) per un periodo di tempo, evitandovi [&hellip;]<\/p>\n","protected":false},"author":3054,"featured_media":0,"parent":0,"menu_order":0,"comment_status":"closed","ping_status":"closed","template":"","meta":{"_acf_changed":false,"ep_exclude_from_search":false,"footnotes":""},"class_list":["post-4671","page","type-page","status-publish","hentry"],"acf":[],"yoast_head":"<!-- This site is optimized with the Yoast SEO plugin v25.1 - https:\/\/yoast.com\/wordpress\/plugins\/seo\/ -->\n<title>Informativa sull\u2019Uso dei Cookie - Vegeta<\/title>\n<meta name=\"robots\" content=\"index, follow, max-snippet:-1, max-image-preview:large, max-video-preview:-1\" \/>\n<link rel=\"canonical\" href=\"https:\/\/vegeta.com\/it\/norme-sulluso-dei-cookie\/\" \/>\n<meta property=\"og:locale\" content=\"it_IT\" \/>\n<meta property=\"og:type\" content=\"article\" \/>\n<meta property=\"og:title\" content=\"Informativa sull\u2019Uso dei Cookie - Vegeta\" \/>\n<meta property=\"og:description\" content=\"Aggiornato: febbraio 2025 1. Che cosa sono i cookie? Un cookie \u00e8 un piccolo file di testo che viene memorizzato sul computer o sul dispositivo mobile quando visitate un sito web. Grazie ai cookie, il sito ricorda le vostre azioni e preferenze (ad es. login, lingua, dimensione dei caratteri) per un periodo di tempo, evitandovi [&hellip;]\" \/>\n<meta property=\"og:url\" content=\"https:\/\/vegeta.com\/it\/norme-sulluso-dei-cookie\/\" \/>\n<meta property=\"og:site_name\" content=\"Vegeta\" \/>\n<meta property=\"article:modified_time\" content=\"2025-11-06T14:29:06+00:00\" \/>\n<meta property=\"og:image\" content=\"https:\/\/cdn.vegeta.com\/eng\/2025\/10\/image-social-share-general.png\" \/>\n\t<meta property=\"og:image:width\" content=\"1200\" \/>\n\t<meta property=\"og:image:height\" content=\"630\" \/>\n\t<meta property=\"og:image:type\" content=\"image\/png\" \/>\n<meta name=\"twitter:card\" content=\"summary_large_image\" \/>\n<meta name=\"twitter:label1\" content=\"Est. reading time\" \/>\n\t<meta name=\"twitter:data1\" content=\"3 minutes\" \/>\n<script type=\"application\/ld+json\" class=\"yoast-schema-graph\">{\"@context\":\"https:\/\/schema.org\",\"@graph\":[{\"@type\":\"WebPage\",\"@id\":\"https:\/\/vegeta.com\/it\/norme-sulluso-dei-cookie\/\",\"url\":\"https:\/\/vegeta.com\/it\/norme-sulluso-dei-cookie\/\",\"name\":\"Informativa sull\u2019Uso dei Cookie - Vegeta\",\"isPartOf\":{\"@id\":\"https:\/\/vegeta.com\/it\/#website\"},\"datePublished\":\"2024-03-11T07:46:36+00:00\",\"dateModified\":\"2025-11-06T14:29:06+00:00\",\"breadcrumb\":{\"@id\":\"https:\/\/vegeta.com\/it\/norme-sulluso-dei-cookie\/#breadcrumb\"},\"inLanguage\":\"it-IT\",\"potentialAction\":[{\"@type\":\"ReadAction\",\"target\":[\"https:\/\/vegeta.com\/it\/norme-sulluso-dei-cookie\/\"]}]},{\"@type\":\"BreadcrumbList\",\"@id\":\"https:\/\/vegeta.com\/it\/norme-sulluso-dei-cookie\/#breadcrumb\",\"itemListElement\":[{\"@type\":\"ListItem\",\"position\":1,\"name\":\"Home\",\"item\":\"https:\/\/vegeta.com\/it\/\"},{\"@type\":\"ListItem\",\"position\":2,\"name\":\"Informativa sull\u2019Uso dei Cookie\"}]},{\"@type\":\"WebSite\",\"@id\":\"https:\/\/vegeta.com\/it\/#website\",\"url\":\"https:\/\/vegeta.com\/it\/\",\"name\":\"Vegeta\",\"description\":\"Lascia che la cucina diventi il \u200b\u200btuo luogo di libert\u00e0 e ispirazione. Lasciati andare ai fornelli, perch\u00e9 alla fine Vegeta ti garantisce sempre il gusto perfetto.\",\"potentialAction\":[{\"@type\":\"SearchAction\",\"target\":{\"@type\":\"EntryPoint\",\"urlTemplate\":\"https:\/\/vegeta.com\/it\/?s={search_term_string}\"},\"query-input\":{\"@type\":\"PropertyValueSpecification\",\"valueRequired\":true,\"valueName\":\"search_term_string\"}}],\"inLanguage\":\"it-IT\"}]}<\/script>\n<!-- \/ Yoast SEO plugin. -->","yoast_head_json":{"title":"Informativa sull\u2019Uso dei Cookie - Vegeta","robots":{"index":"index","follow":"follow","max-snippet":"max-snippet:-1","max-image-preview":"max-image-preview:large","max-video-preview":"max-video-preview:-1"},"canonical":"https:\/\/vegeta.com\/it\/norme-sulluso-dei-cookie\/","og_locale":"it_IT","og_type":"article","og_title":"Informativa sull\u2019Uso dei Cookie - Vegeta","og_description":"Aggiornato: febbraio 2025 1. Che cosa sono i cookie? Un cookie \u00e8 un piccolo file di testo che viene memorizzato sul computer o sul dispositivo mobile quando visitate un sito web. Grazie ai cookie, il sito ricorda le vostre azioni e preferenze (ad es. login, lingua, dimensione dei caratteri) per un periodo di tempo, evitandovi [&hellip;]","og_url":"https:\/\/vegeta.com\/it\/norme-sulluso-dei-cookie\/","og_site_name":"Vegeta","article_modified_time":"2025-11-06T14:29:06+00:00","og_image":[{"width":1200,"height":630,"url":"https:\/\/cdn.vegeta.com\/eng\/2025\/10\/image-social-share-general.png","type":"image\/png"}],"twitter_card":"summary_large_image","twitter_misc":{"Est. reading time":"3 minutes"},"schema":{"@context":"https:\/\/schema.org","@graph":[{"@type":"WebPage","@id":"https:\/\/vegeta.com\/it\/norme-sulluso-dei-cookie\/","url":"https:\/\/vegeta.com\/it\/norme-sulluso-dei-cookie\/","name":"Informativa sull\u2019Uso dei Cookie - Vegeta","isPartOf":{"@id":"https:\/\/vegeta.com\/it\/#website"},"datePublished":"2024-03-11T07:46:36+00:00","dateModified":"2025-11-06T14:29:06+00:00","breadcrumb":{"@id":"https:\/\/vegeta.com\/it\/norme-sulluso-dei-cookie\/#breadcrumb"},"inLanguage":"it-IT","potentialAction":[{"@type":"ReadAction","target":["https:\/\/vegeta.com\/it\/norme-sulluso-dei-cookie\/"]}]},{"@type":"BreadcrumbList","@id":"https:\/\/vegeta.com\/it\/norme-sulluso-dei-cookie\/#breadcrumb","itemListElement":[{"@type":"ListItem","position":1,"name":"Home","item":"https:\/\/vegeta.com\/it\/"},{"@type":"ListItem","position":2,"name":"Informativa sull\u2019Uso dei Cookie"}]},{"@type":"WebSite","@id":"https:\/\/vegeta.com\/it\/#website","url":"https:\/\/vegeta.com\/it\/","name":"Vegeta","description":"Lascia che la cucina diventi il \u200b\u200btuo luogo di libert\u00e0 e ispirazione. Lasciati andare ai fornelli, perch\u00e9 alla fine Vegeta ti garantisce sempre il gusto perfetto.","potentialAction":[{"@type":"SearchAction","target":{"@type":"EntryPoint","urlTemplate":"https:\/\/vegeta.com\/it\/?s={search_term_string}"},"query-input":{"@type":"PropertyValueSpecification","valueRequired":true,"valueName":"search_term_string"}}],"inLanguage":"it-IT"}]}},"_links":{"self":[{"href":"https:\/\/vegeta.com\/it\/wp-json\/wp\/v2\/pages\/4671","targetHints":{"allow":["GET"]}}],"collection":[{"href":"https:\/\/vegeta.com\/it\/wp-json\/wp\/v2\/pages"}],"about":[{"href":"https:\/\/vegeta.com\/it\/wp-json\/wp\/v2\/types\/page"}],"author":[{"embeddable":true,"href":"https:\/\/vegeta.com\/it\/wp-json\/wp\/v2\/users\/3054"}],"replies":[{"embeddable":true,"href":"https:\/\/vegeta.com\/it\/wp-json\/wp\/v2\/comments?post=4671"}],"version-history":[{"count":9,"href":"https:\/\/vegeta.com\/it\/wp-json\/wp\/v2\/pages\/4671\/revisions"}],"predecessor-version":[{"id":8085,"href":"https:\/\/vegeta.com\/it\/wp-json\/wp\/v2\/pages\/4671\/revisions\/8085"}],"wp:attachment":[{"href":"https:\/\/vegeta.com\/it\/wp-json\/wp\/v2\/media?parent=4671"}],"curies":[{"name":"wp","href":"https:\/\/api.w.org\/{rel}","templated":true}]}}