{"id":31,"date":"2023-05-09T11:34:40","date_gmt":"2023-05-09T11:34:40","guid":{"rendered":"https:\/\/vegeta.com\/hr\/?page_id=31"},"modified":"2025-10-29T09:41:47","modified_gmt":"2025-10-29T09:41:47","slug":"note-legali","status":"publish","type":"page","link":"https:\/\/vegeta.com\/it\/note-legali\/","title":{"rendered":"Note legali"},"content":{"rendered":"\n<h2 class=\"wp-block-heading\">Editore<\/h2>\n\n\n\n<p>Podravka d.d. (Inc.), Corporate Marketing, Ante Star\u010devi\u0107a 32, 48 000 Koprivnica, Croazia<\/p>\n\n\n\n<p>Telefono +385 48 651 202<br>Fax +385 48 622 518<br>E-mail\u00a0<a href=\"mailto:podravka@podravka.hr\">podravka@podravka.hr<\/a><\/p>\n\n\n\n<h2 class=\"wp-block-heading\">Ufficio di Zagabria<\/h2>\n\n\n\n<p>Podravka d.d., City Plaza 6, Slavonska avenija 6, Edificio B2\/6 piano, 48 000 Koprivnica, Croazia<\/p>\n\n\n\n<p>Telefono +385 1 4891 910<br>Fax +385 75 802 496<br>E-mail\u00a0<a href=\"mailto:podravka@podravka.hr\">podravka@podravka.hr<\/a><\/p>\n\n\n\n<h2 class=\"wp-block-heading\">Pianificazione, design e creazione del sito web<\/h2>\n\n\n\n<p>Enterwell d.o.o., Koranska ulica 2, 10000, Zagabria<\/p>\n\n\n\n<p><br>Web&nbsp;<a href=\"https:\/\/enterwell.net\/\">https:\/\/enterwell.net<\/a><br>Email&nbsp;<a href=\"mailto:info@enterwell.net\">info@enterwell.net<\/a><\/p>\n\n\n\n<div style=\"height:100px\" aria-hidden=\"true\" class=\"wp-block-spacer\"><\/div>\n\n\n\n<p><\/p>\n\n\n\n<p><\/p>\n\n\n\n<p>PODRAVKA Inc., Koprivnica, Ante Star\u010devi\u0107a 32, Tribunale Commerciale di Bjelovar, CRN: 010006549, PIN: 18928523252, Privredna banka Zagreb P.L.C., Zagabria, Radni\u010dka cesta 50, IBAN: HR94 2340 0091 1000 9852 6, capitale sociale: HRK 1.566.400.660,00 versato per intero, numero di azioni: 7.120.003, valore nominale azione: HRK 220,00, Presidente del Consiglio di Sorveglianza: D.Grbavac, Presidente del Consiglio di Amministrazione: M. Dali\u0107, membri del Consiglio di Amministrazione: Lj. \u0160apina, D. Doko, M. Tadi\u0107 e I. Ostoji\u0107.<\/p>\n","protected":false},"excerpt":{"rendered":"<p>Editore Podravka d.d. (Inc.), Corporate Marketing, Ante Star\u010devi\u0107a 32, 48 000 Koprivnica, Croazia Telefono +385 48 651 202Fax +385 48 622 518E-mail\u00a0podravka@podravka.hr Ufficio di Zagabria Podravka d.d., City Plaza 6, Slavonska avenija 6, Edificio B2\/6 piano, 48 000 Koprivnica, Croazia Telefono +385 1 4891 910Fax +385 75 802 496E-mail\u00a0podravka@podravka.hr Pianificazione, design e creazione del sito [&hellip;]<\/p>\n","protected":false},"author":3,"featured_media":0,"parent":0,"menu_order":0,"comment_status":"closed","ping_status":"closed","template":"","meta":{"_acf_changed":false,"ep_exclude_from_search":false,"footnotes":""},"class_list":["post-31","page","type-page","status-publish","hentry"],"acf":[],"yoast_head":"<!-- This site is optimized with the Yoast SEO plugin v25.1 - https:\/\/yoast.com\/wordpress\/plugins\/seo\/ -->\n<title>Note legali - Vegeta<\/title>\n<meta name=\"robots\" content=\"index, follow, max-snippet:-1, max-image-preview:large, max-video-preview:-1\" \/>\n<link rel=\"canonical\" href=\"https:\/\/vegeta.com\/it\/note-legali\/\" \/>\n<meta property=\"og:locale\" content=\"it_IT\" \/>\n<meta property=\"og:type\" content=\"article\" \/>\n<meta property=\"og:title\" content=\"Note legali - Vegeta\" \/>\n<meta property=\"og:description\" content=\"Editore Podravka d.d. (Inc.), Corporate Marketing, Ante Star\u010devi\u0107a 32, 48 000 Koprivnica, Croazia Telefono +385 48 651 202Fax +385 48 622 518E-mail\u00a0podravka@podravka.hr Ufficio di Zagabria Podravka d.d., City Plaza 6, Slavonska avenija 6, Edificio B2\/6 piano, 48 000 Koprivnica, Croazia Telefono +385 1 4891 910Fax +385 75 802 496E-mail\u00a0podravka@podravka.hr Pianificazione, design e creazione del sito [&hellip;]\" \/>\n<meta property=\"og:url\" content=\"https:\/\/vegeta.com\/it\/note-legali\/\" \/>\n<meta property=\"og:site_name\" content=\"Vegeta\" \/>\n<meta property=\"article:modified_time\" content=\"2025-10-29T09:41:47+00:00\" \/>\n<meta property=\"og:image\" content=\"https:\/\/cdn.vegeta.com\/eng\/2025\/10\/image-social-share-general.png\" \/>\n\t<meta property=\"og:image:width\" content=\"1200\" \/>\n\t<meta property=\"og:image:height\" content=\"630\" \/>\n\t<meta property=\"og:image:type\" content=\"image\/png\" \/>\n<meta name=\"twitter:card\" content=\"summary_large_image\" \/>\n<meta name=\"twitter:label1\" content=\"Est. reading time\" \/>\n\t<meta name=\"twitter:data1\" content=\"1 minute\" \/>\n<script type=\"application\/ld+json\" class=\"yoast-schema-graph\">{\"@context\":\"https:\/\/schema.org\",\"@graph\":[{\"@type\":\"WebPage\",\"@id\":\"https:\/\/vegeta.com\/it\/note-legali\/\",\"url\":\"https:\/\/vegeta.com\/it\/note-legali\/\",\"name\":\"Note legali - Vegeta\",\"isPartOf\":{\"@id\":\"https:\/\/vegeta.com\/it\/#website\"},\"datePublished\":\"2023-05-09T11:34:40+00:00\",\"dateModified\":\"2025-10-29T09:41:47+00:00\",\"breadcrumb\":{\"@id\":\"https:\/\/vegeta.com\/it\/note-legali\/#breadcrumb\"},\"inLanguage\":\"it-IT\",\"potentialAction\":[{\"@type\":\"ReadAction\",\"target\":[\"https:\/\/vegeta.com\/it\/note-legali\/\"]}]},{\"@type\":\"BreadcrumbList\",\"@id\":\"https:\/\/vegeta.com\/it\/note-legali\/#breadcrumb\",\"itemListElement\":[{\"@type\":\"ListItem\",\"position\":1,\"name\":\"Home\",\"item\":\"https:\/\/vegeta.com\/it\/\"},{\"@type\":\"ListItem\",\"position\":2,\"name\":\"Note legali\"}]},{\"@type\":\"WebSite\",\"@id\":\"https:\/\/vegeta.com\/it\/#website\",\"url\":\"https:\/\/vegeta.com\/it\/\",\"name\":\"Vegeta\",\"description\":\"Lascia che la cucina diventi il \u200b\u200btuo luogo di libert\u00e0 e ispirazione. Lasciati andare ai fornelli, perch\u00e9 alla fine Vegeta ti garantisce sempre il gusto perfetto.\",\"potentialAction\":[{\"@type\":\"SearchAction\",\"target\":{\"@type\":\"EntryPoint\",\"urlTemplate\":\"https:\/\/vegeta.com\/it\/?s={search_term_string}\"},\"query-input\":{\"@type\":\"PropertyValueSpecification\",\"valueRequired\":true,\"valueName\":\"search_term_string\"}}],\"inLanguage\":\"it-IT\"}]}<\/script>\n<!-- \/ Yoast SEO plugin. -->","yoast_head_json":{"title":"Note legali - Vegeta","robots":{"index":"index","follow":"follow","max-snippet":"max-snippet:-1","max-image-preview":"max-image-preview:large","max-video-preview":"max-video-preview:-1"},"canonical":"https:\/\/vegeta.com\/it\/note-legali\/","og_locale":"it_IT","og_type":"article","og_title":"Note legali - Vegeta","og_description":"Editore Podravka d.d. (Inc.), Corporate Marketing, Ante Star\u010devi\u0107a 32, 48 000 Koprivnica, Croazia Telefono +385 48 651 202Fax +385 48 622 518E-mail\u00a0podravka@podravka.hr Ufficio di Zagabria Podravka d.d., City Plaza 6, Slavonska avenija 6, Edificio B2\/6 piano, 48 000 Koprivnica, Croazia Telefono +385 1 4891 910Fax +385 75 802 496E-mail\u00a0podravka@podravka.hr Pianificazione, design e creazione del sito [&hellip;]","og_url":"https:\/\/vegeta.com\/it\/note-legali\/","og_site_name":"Vegeta","article_modified_time":"2025-10-29T09:41:47+00:00","og_image":[{"width":1200,"height":630,"url":"https:\/\/cdn.vegeta.com\/eng\/2025\/10\/image-social-share-general.png","type":"image\/png"}],"twitter_card":"summary_large_image","twitter_misc":{"Est. reading time":"1 minute"},"schema":{"@context":"https:\/\/schema.org","@graph":[{"@type":"WebPage","@id":"https:\/\/vegeta.com\/it\/note-legali\/","url":"https:\/\/vegeta.com\/it\/note-legali\/","name":"Note legali - Vegeta","isPartOf":{"@id":"https:\/\/vegeta.com\/it\/#website"},"datePublished":"2023-05-09T11:34:40+00:00","dateModified":"2025-10-29T09:41:47+00:00","breadcrumb":{"@id":"https:\/\/vegeta.com\/it\/note-legali\/#breadcrumb"},"inLanguage":"it-IT","potentialAction":[{"@type":"ReadAction","target":["https:\/\/vegeta.com\/it\/note-legali\/"]}]},{"@type":"BreadcrumbList","@id":"https:\/\/vegeta.com\/it\/note-legali\/#breadcrumb","itemListElement":[{"@type":"ListItem","position":1,"name":"Home","item":"https:\/\/vegeta.com\/it\/"},{"@type":"ListItem","position":2,"name":"Note legali"}]},{"@type":"WebSite","@id":"https:\/\/vegeta.com\/it\/#website","url":"https:\/\/vegeta.com\/it\/","name":"Vegeta","description":"Lascia che la cucina diventi il \u200b\u200btuo luogo di libert\u00e0 e ispirazione. Lasciati andare ai fornelli, perch\u00e9 alla fine Vegeta ti garantisce sempre il gusto perfetto.","potentialAction":[{"@type":"SearchAction","target":{"@type":"EntryPoint","urlTemplate":"https:\/\/vegeta.com\/it\/?s={search_term_string}"},"query-input":{"@type":"PropertyValueSpecification","valueRequired":true,"valueName":"search_term_string"}}],"inLanguage":"it-IT"}]}},"_links":{"self":[{"href":"https:\/\/vegeta.com\/it\/wp-json\/wp\/v2\/pages\/31","targetHints":{"allow":["GET"]}}],"collection":[{"href":"https:\/\/vegeta.com\/it\/wp-json\/wp\/v2\/pages"}],"about":[{"href":"https:\/\/vegeta.com\/it\/wp-json\/wp\/v2\/types\/page"}],"author":[{"embeddable":true,"href":"https:\/\/vegeta.com\/it\/wp-json\/wp\/v2\/users\/3"}],"replies":[{"embeddable":true,"href":"https:\/\/vegeta.com\/it\/wp-json\/wp\/v2\/comments?post=31"}],"version-history":[{"count":6,"href":"https:\/\/vegeta.com\/it\/wp-json\/wp\/v2\/pages\/31\/revisions"}],"predecessor-version":[{"id":7718,"href":"https:\/\/vegeta.com\/it\/wp-json\/wp\/v2\/pages\/31\/revisions\/7718"}],"wp:attachment":[{"href":"https:\/\/vegeta.com\/it\/wp-json\/wp\/v2\/media?parent=31"}],"curies":[{"name":"wp","href":"https:\/\/api.w.org\/{rel}","templated":true}]}}