{"id":7708,"date":"2025-03-11T12:16:47","date_gmt":"2025-03-11T12:16:47","guid":{"rendered":"https:\/\/vegeta.com\/hu\/?page_id=7708"},"modified":"2025-07-01T12:00:57","modified_gmt":"2025-07-01T12:00:57","slug":"felhasznalasi-feltetelek","status":"publish","type":"page","link":"https:\/\/vegeta.com\/hu\/felhasznalasi-feltetelek\/","title":{"rendered":"Felhaszn\u00e1l\u00e1si felt\u00e9telek"},"content":{"rendered":"\n<p>A <a href=\"https:\/\/vegeta.com\/hu\">https:\/\/vegeta.com\/hu<\/a> honlapot (a tov\u00e1bbiakban: a honlap) a Podravka d.d. (a tov\u00e1bbiakban: \u201cPodravka\u201d vagy \u201cmi\u201d) ind\u00edtotta el \u00e9s szerkeszti.<\/p>\n\n\n\n<p>A honlap els\u0151 haszn\u00e1lat\u00e1t\u00f3l fogva \u00fagy tekintj\u00fck, hogy \u00d6n teljes k\u00f6r\u0171en megismerte a jelen felt\u00e9teleket, meg\u00e9rtette \u00e9s elfogadja azokat. Ha nem \u00e9rt egyet ezekkel a felt\u00e9telekket, akkor k\u00e9rj\u00fck, ne l\u00e9pjen be a honlapra, \u00e9s ne haszn\u00e1lja fel annak tartalm\u00e1t. Ha k\u00e9rd\u00e9se vagy k\u00e9ts\u00e9gei mer\u00fcln\u00e9nek fel a Felhaszn\u00e1l\u00e1si felt\u00e9telekkel kapcsolatban, forduljon szerkeszt\u0151s\u00e9g\u00fcnkh\u00f6z a <a href=\"mailto:proizvodi@podravka.hr\">proizvodi@podravka.hr<\/a> c\u00edmen.<\/p>\n\n\n\n<p><a><\/a> Fenntartjuk a jogot a honlap megjelen\u00e9s\u00e9nek \u00e9s tartalm\u00e1nak, valamint a Felhaszn\u00e1l\u00e1si felt\u00e9teleknek a m\u00f3dos\u00edt\u00e1s\u00e1ra, \u00e9s k\u00e9rj\u00fck \u00d6nt, hogy id\u0151nk\u00e9nt tekintse \u00e1t azokat annak \u00e9rdek\u00e9ben, hogy megismerje az esetleges v\u00e1ltoz\u00e1sokat. A honlap tov\u00e1bbi haszn\u00e1lata minden ilyen v\u00e1ltoztat\u00e1s elfogad\u00e1s\u00e1nak min\u0151s\u00fcl.<\/p>\n\n\n\n<p>Ezek a felt\u00e9telek a k\u00f6vetkez\u0151 k\u00e9rd\u00e9seket szab\u00e1lyozz\u00e1k:<\/p>\n\n\n\n<ol class=\"wp-block-list\">\n<li>Felhaszn\u00e1l\u00e1si felt\u00e9telek<\/li>\n\n\n\n<li>Szerz\u0151i jog \u00e9s egy\u00e9b szellemi tulajdonjogok<\/li>\n\n\n\n<li>Garanci\u00e1k \u00e9s felel\u0151ss\u00e9g kiz\u00e1r\u00e1sa<\/li>\n\n\n\n<li>Regisztr\u00e1ci\u00f3<\/li>\n\n\n\n<li>Linkek<\/li>\n\n\n\n<li>V\u00e1ltoz\u00e1sok \u00e9s felmond\u00e1s<\/li>\n<\/ol>\n\n\n\n<h2 class=\"wp-block-heading\">1. Felhaszn\u00e1l\u00e1si felt\u00e9telek<\/h2>\n\n\n\n<h3 class=\"wp-block-heading\">Elfogadhat\u00f3 haszn\u00e1lat<\/h3>\n\n\n\n<p>\u0170rlapok (pl. megrendel\u0151lapok) let\u00f6lt\u00e9se, kinyomtat\u00e1sa, valamint egy\u00e9b anyagok \u00e9s tartalmak b\u00f6ng\u00e9sz\u00e9se ezen a honlapc\u00edmen kiz\u00e1r\u00f3lag szem\u00e9lyes haszn\u00e1latra enged\u00e9lyezett. A Podravka d.d. valamint a szerz\u0151i jogok \u00e9s egy\u00e9b szellemi tulajdonjogok m\u00e1s jogosultjainak kifejezett \u00edr\u00e1sos enged\u00e9lye n\u00e9lk\u00fcl tilos a honlap tartalm\u00e1t nyilv\u00e1nosan megjelen\u00edteni, tov\u00e1bb\u00edtani, k\u00f6zz\u00e9tenni, m\u00f3dos\u00edtani, sokszoros\u00edtani, terjeszteni, b\u00e1rmilyen m\u00f3don \u00e1truh\u00e1zni vagy \u00e9rt\u00e9kes\u00edt\u00e9s\u00e9ben r\u00e9szt venni, m\u00e1solatot k\u00e9sz\u00edteni, felt\u00f6lteni vagy a tartalmakat egy r\u00e9sz\u00e9t vagy teljes eg\u00e9sz\u00e9t b\u00e1rmely m\u00e1s m\u00f3don felhaszn\u00e1lni, kiv\u00e1lasztani \u00e9s koordin\u00e1lni. \u00d6n az enged\u00e9ly megad\u00e1sa eset\u00e9n sem t\u00f6r\u00f6lheti vagy m\u00f3dos\u00edthatja a szerz\u0151i jogokhoz \u00e9s\/vagy v\u00e9djegyekhez vagy egy\u00e9b szellemi tulajdonjogokhoz kapcsol\u00f3d\u00f3 megl\u00e9v\u0151 adatokat.<\/p>\n\n\n\n<h3 class=\"wp-block-heading\">Kereskedelmi c\u00e9l\u00fa felhaszn\u00e1l\u00e1s<\/h3>\n\n\n\n<p>A honlap nem haszn\u00e1lhat\u00f3 kereskedelmi, \u00e9rt\u00e9kes\u00edt\u00e9si vagy egy\u00e9b kereskedelmi c\u00e9lokra, kiv\u00e9ve a Podravka d.d.-t\u0151l t\u00f6rt\u00e9n\u0151 v\u00e1s\u00e1rl\u00e1st. A Podravka \u00edr\u00e1sos enged\u00e9lye n\u00e9lk\u00fcl tilos a rekl\u00e1m b\u00e1rmilyen form\u00e1ja vagy a term\u00e9kekre \u00e9s szolg\u00e1ltat\u00e1sokra vonatkoz\u00f3 aj\u00e1nlatok gy\u0171jt\u00e9se. Tilos obszc\u00e9n, s\u00e9rt\u0151, vulg\u00e1ris, fenyeget\u0151 vagy szem\u00e9rems\u00e9rt\u0151, vagy egy\u00e9b m\u00f3don elfogadhatatlan vagy jogellenes, valamint b\u00e1rmely f\u00e9l jogait s\u00e9rt\u0151, k\u00fcl\u00f6n\u00f6sen v\u00edrust vagy m\u00e1s k\u00e1ros anyagot tartalmaz\u00f3 tartalom tov\u00e1bb\u00edt\u00e1sa \u00e9s k\u00f6zz\u00e9t\u00e9tele. A fentieknek nem megfelel\u0151 tev\u00e9kenys\u00e9g\u00e9b\u0151l ered\u0151 k\u00e1rok\u00e9rt, valamint az ebb\u0151l ered\u0151 egy\u00e9b k\u00e1rok\u00e9rt kiz\u00e1r\u00f3lag a felhaszn\u00e1l\u00f3t terheli a felel\u0151ss\u00e9g. A Podravka d.d. jogosult (de nem k\u00f6teles) t\u00f6r\u00f6lni a felhaszn\u00e1l\u00f3k \u00e1ltal a honlapon k\u00f6zz\u00e9tett anyagokat \u00e9s tartalmak eg\u00e9sz\u00e9t vagy azok egy r\u00e9sz\u00e9t.<\/p>\n\n\n\n<h3 class=\"wp-block-heading\">Tartalmak \u00e9s anyagok k\u00f6zz\u00e9t\u00e9tele<\/h3>\n\n\n\n<p>Azzal, hogy tartalmat \u00e9s anyagokat (t\u00f6bbek k\u00f6z\u00f6tt javaslatokat, \u00f6tleteket, rajzokat \u00e9s recepteket) tesz k\u00f6zz\u00e9 ezen a honlapon, \u00d6n automatikusan enged\u00e9lyezi (vagy szavatolja, hogy az anyag tulajdonosa ezt kifejezetten enged\u00e9lyezte) a Podravka d.d. r\u00e9sz\u00e9re a visszavonhatatlan, \u00f6r\u00f6k\u00f6s \u00e9s kiz\u00e1r\u00f3lagos jogokat \u00e9s enged\u00e9lyeket ezen anyag(ok) b\u00e1rmilyen c\u00e9l\u00fa d\u00edjmentes felhaszn\u00e1l\u00e1s\u00e1ra, adapt\u00e1l\u00e1s\u00e1ra \u00e9s m\u00f3dos\u00edt\u00e1s\u00e1ra, m\u00e1s m\u0171vekbe val\u00f3 be\u00e9p\u00edt\u00e9s\u00e9re, ford\u00edt\u00e1s\u00e1ra, k\u00f6zz\u00e9t\u00e9tel\u00e9re, tov\u00e1bb\u00edt\u00e1s\u00e1ra \u00e9s terjeszt\u00e9s\u00e9re vil\u00e1gszerte b\u00e1rmilyen form\u00e1ban \u00e9s b\u00e1rmilyen, jelenleg ismert vagy k\u00e9s\u0151bb kialak\u00edtott m\u00e9di\u00e1ban. Ennek a z\u00e1rad\u00e9knak a rendelkez\u00e9sei a jelen Felt\u00e9telek megsz\u0171n\u00e9s\u00e9t k\u00f6vet\u0151en is \u00e9rv\u00e9nyben maradnak.<\/p>\n\n\n\n<h2 class=\"wp-block-heading\">2. Szerz\u0151i jog \u00e9s egy\u00e9b szellemi tulajdonjogok<\/h2>\n\n\n\n<p>A honlap tartalma, a Podravka d.d. birtok\u00e1ban l\u00e9v\u0151 vagy a Podravka d.d. r\u00e9sz\u00e9re engedm\u00e9nyezett, harmadik felek tulajdon\u00e1t k\u00e9pez\u0151 tartalmak szerz\u0151i jogi v\u00e9delem alatt \u00e1llnak. A Podravka d.d. a jogosultja tov\u00e1bb\u00e1 a honlap tartalm\u00e1nak szerkeszt\u00e9s\u00e9vel, kiv\u00e1laszt\u00e1s\u00e1val \u00e9s koordin\u00e1l\u00e1s\u00e1val kapcsolatos szerz\u0151i jogoknak is. Ezenk\u00edv\u00fcl a honlap tartalmaz a Podravka d.d. vagy harmadik felek tulajdon\u00e1ban l\u00e9v\u0151 v\u00e9djegyeket, szem\u00e9lyneveket \u00e9s egy\u00e9b szellemi tulajdonjogi tartalmakat, amelyek tekintet\u00e9ben a Podravka az enged\u00e9ly jogosultja. Ne felt\u00e9telezze, hogy a honlap b\u00e1rmely tartalma korl\u00e1toz\u00e1s n\u00e9lk\u00fcl ingyenesen haszn\u00e1lhat\u00f3. Enged\u00e9lyt k\u00e9rhet a tartalom reproduk\u00e1l\u00e1s\u00e1hoz.<\/p>\n\n\n\n<h3 class=\"wp-block-heading\">K\u00e9pek \u00e9s vide\u00f3<\/h3>\n\n\n\n<p>A honlapon megjelen\u0151 \u00f6sszes f\u00e9nyk\u00e9p, k\u00e9p, vide\u00f3, mag\u00e1nszem\u00e9lyekre vonatkoz\u00f3 \u00e9letrajzi adatok \u00e9s\/vagy egy\u00e9b anyag a Podravka d.d. kiz\u00e1r\u00f3lagos tulajdon\u00e1t k\u00e9pezi. A honlapon tal\u00e1lhat\u00f3 \u00f6sszes anyaggal kapcsolatos szerz\u0151i \u00e9s egy\u00e9b szellemi tulajdonjogok a Podravka d.d. tulajdon\u00e1t k\u00e9pezik. Minden jog fenntartva. Szervezetek ezeket az anyagokat kiz\u00e1r\u00f3lag prom\u00f3ci\u00f3s, szerkeszt\u0151i \u00e9s t\u00e1j\u00e9koztat\u00e1si c\u00e9lokra haszn\u00e1lhatj\u00e1k fel \u00fajs\u00e1gokban, magazinokban \u00e9s elektronikus m\u00e9di\u00e1ban val\u00f3 k\u00f6zz\u00e9t\u00e9tel c\u00e9lj\u00e1b\u00f3l. A honlapon tal\u00e1lhat\u00f3 anyagok b\u00e1rmilyen m\u00e1s felhaszn\u00e1l\u00e1sa tilos. Ezenk\u00edv\u00fcl a honlap anyagai nem haszn\u00e1lhat\u00f3k fel semmilyen term\u00e9k vagy szolg\u00e1ltat\u00e1s \u00e9rt\u00e9kes\u00edt\u00e9s\u00e9vel vagy elad\u00e1sra k\u00edn\u00e1l\u00e1s\u00e1val kapcsolatban. A honlap meghat\u00e1rozott haszn\u00e1lati enged\u00e9lye \u00e9s haszn\u00e1lati m\u00f3dja nem ruh\u00e1zhat\u00f3 \u00e1t, nem adhat\u00f3 alv\u00e1llalkoz\u00e1sba, nem engedm\u00e9nyezhet\u0151, \u00e9s a sz\u00e1nd\u00e9kolt \u00e9s megk\u00eds\u00e9relt \u00e1truh\u00e1z\u00e1s, alv\u00e1llalkoz\u00e1sba ad\u00e1s vagy engedm\u00e9nyez\u00e9s semmisnek min\u0151s\u00fcl. A honlapon tal\u00e1lhat\u00f3 anyagok felhaszn\u00e1l\u00e1s\u00e1val a m\u00e9diafelhaszn\u00e1l\u00f3k v\u00e1llalj\u00e1k, hogy marad\u00e9ktalanul betartj\u00e1k az itt meghat\u00e1rozott korl\u00e1toz\u00e1sokat, felt\u00e9teleket \u00e9s k\u00f6vetelm\u00e9nyeket.<\/p>\n\n\n\n<h2 class=\"wp-block-heading\"><em>3. Garanci\u00e1k \u00e9s a felel\u0151ss\u00e9get kiz\u00e1r\u00f3 nyilatkozatok<\/em><\/h2>\n\n\n\n<p>Noha a Podravka d.d. minden \u00e9sszer\u0171 er\u0151fesz\u00edt\u00e9st megtesz annak biztos\u00edt\u00e1s\u00e1ra, hogy a honlapon k\u00f6zz\u00e9tett inform\u00e1ci\u00f3k pontosak \u00e9s naprak\u00e9szek legyenek, nem v\u00e1llal garanci\u00e1t az ilyen inform\u00e1ci\u00f3k pontoss\u00e1g\u00e1\u00e9rt \u00e9s teljess\u00e9g\u00e9\u00e9rt, \u00e9s ezt \u00d6nnek nincs joga kifog\u00e1solni. A Podravka d.d. \u00e1ltal v\u00e1llalt kifejezett term\u00e9kgaranci\u00e1k kiv\u00e9tel\u00e9vel a Podravka d.d. kiemeli, hogy a honlapon tal\u00e1lhat\u00f3 \u00f6sszes anyag \u00e9s tartalom rendelkez\u00e9sre bocs\u00e1t\u00e1sa jelen \u00e1llapotukban (\u201eahogy van\u201d alapon) t\u00f6rt\u00e9nik, \u00e9s a Podravka d.d. nem v\u00e1llal felel\u0151ss\u00e9get a honlapon tal\u00e1lhat\u00f3 anyagok \u00e9s tartalmak elt\u00e9r\u0151 \u00e9rtelmez\u00e9s\u00e9b\u0151l ered\u0151 k\u00f6vetkezm\u00e9nyek\u00e9rt. A Podravka d.d. nem garant\u00e1lja, hogy a honlap mindenkor megszak\u00edt\u00e1s n\u00e9lk\u00fcl el\u00e9rhet\u0151, valamint hib\u00e1kt\u00f3l \u00e9s v\u00edrusokt\u00f3l mentes lesz. Minden felhaszn\u00e1l\u00f3 kifejezetten beleegyezik abba, hogy a honlapot kiz\u00e1r\u00f3lag saj\u00e1t felel\u0151ss\u00e9g\u00e9re haszn\u00e1lja.<\/p>\n\n\n\n<p>A Podravka d.d. nem v\u00e1llal felel\u0151ss\u00e9get semmilyen k\u00e1r\u00e9rt vagy s\u00e9r\u00fcl\u00e9s\u00e9rt (bele\u00e9rtve, de nem kiz\u00e1r\u00f3lagosan a k\u00fcl\u00f6nleges vagy k\u00f6vetkezm\u00e9nyes k\u00e1rokat), amelyek a honlap b\u00e1rmely r\u00e9sz\u00e9nek vagy m\u00e1s felhaszn\u00e1l\u00f3k \u00e1ltal az oldalon k\u00f6zz\u00e9tett vagy hozz\u00e1adott tartalom haszn\u00e1lat\u00e1b\u00f3l vagy haszn\u00e1lat\u00e1nak k\u00e9ptelens\u00e9g\u00e9b\u0151l sz\u00e1rmazhatnak.<\/p>\n\n\n\n<p>A honlapot haszn\u00e1l\u00f3 m\u00e9diaalanyok \u00e9s m\u00e1s felhaszn\u00e1l\u00f3k kifejezetten v\u00e1llalj\u00e1k, hogy a Podravka Inc.-t k\u00e1rtalan\u00edtj\u00e1k minden olyan k\u00f6vetel\u00e9s\u00e9rt, k\u00f6lts\u00e9g\u00e9rt, k\u00e1r\u00e9rt vagy felel\u0151ss\u00e9g\u00e9rt, amely a honlap anyagainak gondatlan haszn\u00e1lat\u00e1b\u00f3l ered, bele\u00e9rtve a k\u00f6zvetlen, k\u00f6zvetett, v\u00e9letlen, k\u00fcl\u00f6nleges vagy k\u00f6vetkezm\u00e9nyes k\u00e1rokat is.<\/p>\n\n\n\n<p>Tov\u00e1bb\u00e1 a Podravka d.d. \u00e9s besz\u00e1ll\u00edt\u00f3i nem v\u00e1llalnak felel\u0151ss\u00e9get az itt bemutatott inform\u00e1ci\u00f3k, eszk\u00f6z\u00f6k, term\u00e9kek vagy folyamatok pontoss\u00e1g\u00e1\u00e9rt, teljess\u00e9g\u00e9\u00e9rt vagy hasznoss\u00e1g\u00e1\u00e9rt, \u00e9s nem garant\u00e1lj\u00e1k, hogy ezek az inform\u00e1ci\u00f3k, eszk\u00f6z\u00f6k, term\u00e9kek vagy elj\u00e1r\u00e1sok haszn\u00e1lata nem s\u00e9rt mag\u00e1njogokat.<\/p>\n\n\n\n<h3 class=\"wp-block-heading\">J\u00f3v\u00e1hagy\u00e1s kiz\u00e1r\u00e1sa<\/h3>\n\n\n\n<p>B\u00e1rmely konkr\u00e9t term\u00e9kre, folyamatra vagy szolg\u00e1ltat\u00e1sra kereskedelmi n\u00e9v, v\u00e9djegy, gy\u00e1rt\u00f3 alapj\u00e1n vagy egy\u00e9b m\u00f3don t\u00f6rt\u00e9n\u0151 hivatkoz\u00e1s nem felt\u00e9tlen\u00fcl jelenti a Podravka d.d. vagy b\u00e1rmely alkalmazottja vagy besz\u00e1ll\u00edt\u00f3ja \u00e1ltal ennek a j\u00f3v\u00e1hagy\u00e1s\u00e1t, aj\u00e1nl\u00e1s\u00e1t vagy el\u0151nyben r\u00e9szes\u00edt\u00e9s\u00e9t.<\/p>\n\n\n\n<h3 class=\"wp-block-heading\">K\u00fcls\u0151 hivatkoz\u00e1sokra vonatkoz\u00f3 felel\u0151ss\u00e9g kiz\u00e1r\u00e1sa<\/h3>\n\n\n\n<p>A k\u00fcls\u0151 webhelyekre utal\u00f3 hivatkoz\u00e1sok (linkek) megjelen\u00e9se nem jelenti a Podravka d.d., annak besz\u00e1ll\u00edt\u00f3i vagy szponzorai j\u00f3v\u00e1hagy\u00e1s\u00e1t a hivatkozott honlapok, illetve az azokon tal\u00e1lhat\u00f3 inform\u00e1ci\u00f3k, term\u00e9kek vagy szolg\u00e1ltat\u00e1sok tekintet\u00e9ben. A Podravka d.d. \u00e9s alkalmazottai, szponzorai vagy besz\u00e1ll\u00edt\u00f3i nem gyakorolnak ellen\u0151rz\u00e9st az ilyen k\u00fcls\u0151 oldalakon el\u00e9rhet\u0151 inform\u00e1ci\u00f3k felett. A honlapon tal\u00e1lhat\u00f3 k\u00fcls\u0151 hivatkoz\u00e1sok \u00f6sszhangban vannak a Podravka d.d. ir\u00e1nyelveivel, \u00e9s a Podravka d.d. nem v\u00e1llal felel\u0151ss\u00e9get a szervereit\u0151l kapott linkelt webhelyek tartalm\u00e1\u00e9rt. A linkek sz\u00f6veges linkeket, kis k\u00e9peket, ikonokat vagy b\u00e9lyegk\u00e9peket tartalmazhatnak, amelyek term\u00e9kek vagy szolg\u00e1ltat\u00e1sok rekl\u00e1moz\u00e1sa n\u00e9lk\u00fcl illusztr\u00e1lj\u00e1k a linket.<\/p>\n\n\n\n<h2 class=\"wp-block-heading\">4. Linkek<\/h2>\n\n\n\n<p>Mindent megtesz\u00fcnk annak \u00e9rdek\u00e9ben, hogy honlapunkr\u00f3l minden link \u00d6nt \u00e9s\/vagy gyermek\u00e9t olyan internetes oldalakra ir\u00e1ny\u00edtsa, ahol j\u00f3 min\u0151s\u00e9g\u0171 tartalom tal\u00e1lhat\u00f3, azaz olyan tartalomra, amely nem hirdet negativit\u00e1st. A honlapok \u00e9s webhelyek azonban gyorsan v\u00e1ltoznak, \u00e9s nem tudjuk mindig garant\u00e1lni minden olyan webhely tartalm\u00e1t, amelyre \u00d6nt ir\u00e1ny\u00edtjuk.<\/p>\n\n\n\n<h2 class=\"wp-block-heading\">5. V\u00e1ltoz\u00e1sok \u00e9s megsz\u00fcntet\u00e9s<\/h2>\n\n\n\n<p>A Podravka d.d. fenntartja mag\u00e1nak a jogot, hogy ezt a honlapot \u00e9s a felhaszn\u00e1l\u00e1si felt\u00e9teleket r\u00e9szben vagy eg\u00e9szben b\u00e1rmikor megv\u00e1ltoztassa vagy megsz\u00fcntesse. A m\u00f3dos\u00edt\u00e1sok ezen a c\u00edmen val\u00f3 k\u00f6zz\u00e9t\u00e9tellel vagy a felhaszn\u00e1l\u00f3k \u00e9rtes\u00edt\u00e9s\u00e9vel l\u00e9pnek hat\u00e1lyba. A felhaszn\u00e1l\u00e1si felt\u00e9telek mindaddig \u00e9rv\u00e9nyben maradnak, am\u00edg azokat \u00d6n vagy a Podravka fel nem mondja. \u00d6n b\u00e1rmikor felmondhatja a honlap haszn\u00e1lat\u00e1t: ez a felmond\u00e1s a honlap haszn\u00e1lat\u00e1nak megsz\u00fcntet\u00e9s\u00e9t, valamint a honlapr\u00f3l let\u00f6lt\u00f6tt \u00e9s felhaszn\u00e1lt anyagok \u00e9s tartalom t\u00f6rl\u00e9s\u00e9t jelenti.<\/p>\n\n\n\n<p>Friss\u00edtve: 17.02.2025.<\/p>\n","protected":false},"excerpt":{"rendered":"<p>A https:\/\/vegeta.com\/hu honlapot (a tov\u00e1bbiakban: a honlap) a Podravka d.d. (a tov\u00e1bbiakban: \u201cPodravka\u201d vagy \u201cmi\u201d) ind\u00edtotta el \u00e9s szerkeszti. A honlap els\u0151 haszn\u00e1lat\u00e1t\u00f3l fogva \u00fagy tekintj\u00fck, hogy \u00d6n teljes k\u00f6r\u0171en megismerte a jelen felt\u00e9teleket, meg\u00e9rtette \u00e9s elfogadja azokat. Ha nem \u00e9rt egyet ezekkel a felt\u00e9telekket, akkor k\u00e9rj\u00fck, ne l\u00e9pjen be a honlapra, \u00e9s ne haszn\u00e1lja [&hellip;]<\/p>\n","protected":false},"author":2,"featured_media":0,"parent":0,"menu_order":0,"comment_status":"closed","ping_status":"closed","template":"","meta":{"_acf_changed":false,"ep_exclude_from_search":false,"footnotes":""},"class_list":["post-7708","page","type-page","status-publish","hentry"],"acf":[],"yoast_head":"<!-- This site is optimized with the Yoast SEO plugin v25.1 - https:\/\/yoast.com\/wordpress\/plugins\/seo\/ -->\n<title>Felhaszn\u00e1l\u00e1si felt\u00e9telek - Vegeta<\/title>\n<meta name=\"robots\" content=\"index, follow, max-snippet:-1, max-image-preview:large, max-video-preview:-1\" \/>\n<link rel=\"canonical\" href=\"https:\/\/vegeta.com\/hu\/felhasznalasi-feltetelek\/\" \/>\n<meta property=\"og:locale\" content=\"hu_HU\" \/>\n<meta property=\"og:type\" content=\"article\" \/>\n<meta property=\"og:title\" content=\"Felhaszn\u00e1l\u00e1si felt\u00e9telek - Vegeta\" \/>\n<meta property=\"og:description\" content=\"A https:\/\/vegeta.com\/hu honlapot (a tov\u00e1bbiakban: a honlap) a Podravka d.d. (a tov\u00e1bbiakban: \u201cPodravka\u201d vagy \u201cmi\u201d) ind\u00edtotta el \u00e9s szerkeszti. A honlap els\u0151 haszn\u00e1lat\u00e1t\u00f3l fogva \u00fagy tekintj\u00fck, hogy \u00d6n teljes k\u00f6r\u0171en megismerte a jelen felt\u00e9teleket, meg\u00e9rtette \u00e9s elfogadja azokat. Ha nem \u00e9rt egyet ezekkel a felt\u00e9telekket, akkor k\u00e9rj\u00fck, ne l\u00e9pjen be a honlapra, \u00e9s ne haszn\u00e1lja [&hellip;]\" \/>\n<meta property=\"og:url\" content=\"https:\/\/vegeta.com\/hu\/felhasznalasi-feltetelek\/\" \/>\n<meta property=\"og:site_name\" content=\"Vegeta\" \/>\n<meta property=\"article:modified_time\" content=\"2025-07-01T12:00:57+00:00\" \/>\n<meta property=\"og:image\" content=\"https:\/\/cdn.vegeta.com\/hun\/2023\/09\/b4f3b662f89df0ae374bd0db0c1e4c88.jpeg\" \/>\n\t<meta property=\"og:image:width\" content=\"1200\" \/>\n\t<meta property=\"og:image:height\" content=\"630\" \/>\n\t<meta property=\"og:image:type\" content=\"image\/jpeg\" \/>\n<meta name=\"twitter:card\" content=\"summary_large_image\" \/>\n<meta name=\"twitter:label1\" content=\"Est. reading time\" \/>\n\t<meta name=\"twitter:data1\" content=\"7 minutes\" \/>\n<script type=\"application\/ld+json\" class=\"yoast-schema-graph\">{\"@context\":\"https:\/\/schema.org\",\"@graph\":[{\"@type\":\"WebPage\",\"@id\":\"https:\/\/vegeta.com\/hu\/felhasznalasi-feltetelek\/\",\"url\":\"https:\/\/vegeta.com\/hu\/felhasznalasi-feltetelek\/\",\"name\":\"Felhaszn\u00e1l\u00e1si felt\u00e9telek - Vegeta\",\"isPartOf\":{\"@id\":\"https:\/\/vegeta.com\/hu\/#website\"},\"datePublished\":\"2025-03-11T12:16:47+00:00\",\"dateModified\":\"2025-07-01T12:00:57+00:00\",\"breadcrumb\":{\"@id\":\"https:\/\/vegeta.com\/hu\/felhasznalasi-feltetelek\/#breadcrumb\"},\"inLanguage\":\"hu-HU\",\"potentialAction\":[{\"@type\":\"ReadAction\",\"target\":[\"https:\/\/vegeta.com\/hu\/felhasznalasi-feltetelek\/\"]}]},{\"@type\":\"BreadcrumbList\",\"@id\":\"https:\/\/vegeta.com\/hu\/felhasznalasi-feltetelek\/#breadcrumb\",\"itemListElement\":[{\"@type\":\"ListItem\",\"position\":1,\"name\":\"Home\",\"item\":\"https:\/\/vegeta.com\/hu\/\"},{\"@type\":\"ListItem\",\"position\":2,\"name\":\"Felhaszn\u00e1l\u00e1si felt\u00e9telek\"}]},{\"@type\":\"WebSite\",\"@id\":\"https:\/\/vegeta.com\/hu\/#website\",\"url\":\"https:\/\/vegeta.com\/hu\/\",\"name\":\"Vegeta\",\"description\":\"\",\"publisher\":{\"@id\":\"https:\/\/vegeta.com\/hu\/#organization\"},\"potentialAction\":[{\"@type\":\"SearchAction\",\"target\":{\"@type\":\"EntryPoint\",\"urlTemplate\":\"https:\/\/vegeta.com\/hu\/?s={search_term_string}\"},\"query-input\":{\"@type\":\"PropertyValueSpecification\",\"valueRequired\":true,\"valueName\":\"search_term_string\"}}],\"inLanguage\":\"hu-HU\"},{\"@type\":\"Organization\",\"@id\":\"https:\/\/vegeta.com\/hu\/#organization\",\"name\":\"Vegeta\",\"url\":\"https:\/\/vegeta.com\/hu\/\",\"logo\":{\"@type\":\"ImageObject\",\"inLanguage\":\"hu-HU\",\"@id\":\"https:\/\/vegeta.com\/hu\/#\/schema\/logo\/image\/\",\"url\":\"https:\/\/cdn.vegeta.com\/hun\/2023\/09\/image-vegeta-app-1024.png\",\"contentUrl\":\"https:\/\/cdn.vegeta.com\/hun\/2023\/09\/image-vegeta-app-1024.png\",\"width\":946,\"height\":944,\"caption\":\"Vegeta\"},\"image\":{\"@id\":\"https:\/\/vegeta.com\/hu\/#\/schema\/logo\/image\/\"}}]}<\/script>\n<!-- \/ Yoast SEO plugin. -->","yoast_head_json":{"title":"Felhaszn\u00e1l\u00e1si felt\u00e9telek - Vegeta","robots":{"index":"index","follow":"follow","max-snippet":"max-snippet:-1","max-image-preview":"max-image-preview:large","max-video-preview":"max-video-preview:-1"},"canonical":"https:\/\/vegeta.com\/hu\/felhasznalasi-feltetelek\/","og_locale":"hu_HU","og_type":"article","og_title":"Felhaszn\u00e1l\u00e1si felt\u00e9telek - Vegeta","og_description":"A https:\/\/vegeta.com\/hu honlapot (a tov\u00e1bbiakban: a honlap) a Podravka d.d. (a tov\u00e1bbiakban: \u201cPodravka\u201d vagy \u201cmi\u201d) ind\u00edtotta el \u00e9s szerkeszti. A honlap els\u0151 haszn\u00e1lat\u00e1t\u00f3l fogva \u00fagy tekintj\u00fck, hogy \u00d6n teljes k\u00f6r\u0171en megismerte a jelen felt\u00e9teleket, meg\u00e9rtette \u00e9s elfogadja azokat. Ha nem \u00e9rt egyet ezekkel a felt\u00e9telekket, akkor k\u00e9rj\u00fck, ne l\u00e9pjen be a honlapra, \u00e9s ne haszn\u00e1lja [&hellip;]","og_url":"https:\/\/vegeta.com\/hu\/felhasznalasi-feltetelek\/","og_site_name":"Vegeta","article_modified_time":"2025-07-01T12:00:57+00:00","og_image":[{"width":1200,"height":630,"url":"https:\/\/cdn.vegeta.com\/hun\/2023\/09\/b4f3b662f89df0ae374bd0db0c1e4c88.jpeg","type":"image\/jpeg"}],"twitter_card":"summary_large_image","twitter_misc":{"Est. reading time":"7 minutes"},"schema":{"@context":"https:\/\/schema.org","@graph":[{"@type":"WebPage","@id":"https:\/\/vegeta.com\/hu\/felhasznalasi-feltetelek\/","url":"https:\/\/vegeta.com\/hu\/felhasznalasi-feltetelek\/","name":"Felhaszn\u00e1l\u00e1si felt\u00e9telek - Vegeta","isPartOf":{"@id":"https:\/\/vegeta.com\/hu\/#website"},"datePublished":"2025-03-11T12:16:47+00:00","dateModified":"2025-07-01T12:00:57+00:00","breadcrumb":{"@id":"https:\/\/vegeta.com\/hu\/felhasznalasi-feltetelek\/#breadcrumb"},"inLanguage":"hu-HU","potentialAction":[{"@type":"ReadAction","target":["https:\/\/vegeta.com\/hu\/felhasznalasi-feltetelek\/"]}]},{"@type":"BreadcrumbList","@id":"https:\/\/vegeta.com\/hu\/felhasznalasi-feltetelek\/#breadcrumb","itemListElement":[{"@type":"ListItem","position":1,"name":"Home","item":"https:\/\/vegeta.com\/hu\/"},{"@type":"ListItem","position":2,"name":"Felhaszn\u00e1l\u00e1si felt\u00e9telek"}]},{"@type":"WebSite","@id":"https:\/\/vegeta.com\/hu\/#website","url":"https:\/\/vegeta.com\/hu\/","name":"Vegeta","description":"","publisher":{"@id":"https:\/\/vegeta.com\/hu\/#organization"},"potentialAction":[{"@type":"SearchAction","target":{"@type":"EntryPoint","urlTemplate":"https:\/\/vegeta.com\/hu\/?s={search_term_string}"},"query-input":{"@type":"PropertyValueSpecification","valueRequired":true,"valueName":"search_term_string"}}],"inLanguage":"hu-HU"},{"@type":"Organization","@id":"https:\/\/vegeta.com\/hu\/#organization","name":"Vegeta","url":"https:\/\/vegeta.com\/hu\/","logo":{"@type":"ImageObject","inLanguage":"hu-HU","@id":"https:\/\/vegeta.com\/hu\/#\/schema\/logo\/image\/","url":"https:\/\/cdn.vegeta.com\/hun\/2023\/09\/image-vegeta-app-1024.png","contentUrl":"https:\/\/cdn.vegeta.com\/hun\/2023\/09\/image-vegeta-app-1024.png","width":946,"height":944,"caption":"Vegeta"},"image":{"@id":"https:\/\/vegeta.com\/hu\/#\/schema\/logo\/image\/"}}]}},"_links":{"self":[{"href":"https:\/\/vegeta.com\/hu\/wp-json\/wp\/v2\/pages\/7708","targetHints":{"allow":["GET"]}}],"collection":[{"href":"https:\/\/vegeta.com\/hu\/wp-json\/wp\/v2\/pages"}],"about":[{"href":"https:\/\/vegeta.com\/hu\/wp-json\/wp\/v2\/types\/page"}],"author":[{"embeddable":true,"href":"https:\/\/vegeta.com\/hu\/wp-json\/wp\/v2\/users\/2"}],"replies":[{"embeddable":true,"href":"https:\/\/vegeta.com\/hu\/wp-json\/wp\/v2\/comments?post=7708"}],"version-history":[{"count":4,"href":"https:\/\/vegeta.com\/hu\/wp-json\/wp\/v2\/pages\/7708\/revisions"}],"predecessor-version":[{"id":7742,"href":"https:\/\/vegeta.com\/hu\/wp-json\/wp\/v2\/pages\/7708\/revisions\/7742"}],"wp:attachment":[{"href":"https:\/\/vegeta.com\/hu\/wp-json\/wp\/v2\/media?parent=7708"}],"curies":[{"name":"wp","href":"https:\/\/api.w.org\/{rel}","templated":true}]}}