{"id":31,"date":"2023-05-09T11:34:40","date_gmt":"2023-05-09T11:34:40","guid":{"rendered":"https:\/\/staging.vegeta.com\/hr\/?page_id=31"},"modified":"2025-07-01T12:03:44","modified_gmt":"2025-07-01T12:03:44","slug":"impresszum","status":"publish","type":"page","link":"https:\/\/vegeta.com\/hu\/impresszum\/","title":{"rendered":"Impresszum"},"content":{"rendered":"\n<h2 class=\"wp-block-heading\">Kiad\u00f3<\/h2>\n\n\n\n<p>Podravka d.d., V\u00e1llalati marketing, Ante Star\u010devi\u0107a 32, 48 000 Kapronca, Horv\u00e1torsz\u00e1g<\/p>\n\n\n\n<p>Tel. +385 48 651 202<br>Fax +385 48 622 518<br>Email&nbsp;<a href=\"mailto:podravka@podravka.hr\">podravka@podravka.hr<\/a><\/p>\n\n\n\n<h2 class=\"wp-block-heading\">Z\u00e1gr\u00e1bi Iroda<\/h2>\n\n\n\n<p>Podravka d.d., City Plaza 6, Slavonska avenija 6, B2 \u00e9p\u00fclet 6. emelet, 48 000 Kapronca, Horv\u00e1torsz\u00e1g<\/p>\n\n\n\n<p>Tel. +385 1 4891 910<br>Fax +385 75 802 496<br>Email&nbsp;<a href=\"mailto:podravka@podravka.hr\">podravka@podravka.hr<\/a><\/p>\n\n\n\n<h2 class=\"wp-block-heading\">Honlaptervez\u00e9s, webdiz\u00e1jn \u00e9s honlap k\u00e9sz\u00edt\u00e9se<\/h2>\n\n\n\n<p>Enterwell Kft., Koranska ulica 2, 10000, Z\u00e1gr\u00e1b<\/p>\n\n\n\n<p><br>Web&nbsp;<a href=\"https:\/\/enterwell.net\/\">https:\/\/enterwell.net<\/a><br>Email&nbsp;<a href=\"mailto:info@enterwell.net\">info@enterwell.net<\/a><\/p>\n\n\n\n<div style=\"height:100px\" aria-hidden=\"true\" class=\"wp-block-spacer\"><\/div>\n\n\n\n<p><\/p>\n\n\n\n<p><\/p>\n\n\n\n<p>PODRAVKA d.d., Kapronca, Ante Star\u010devi\u0107a 32, bejegyezve a Belov\u00e1ri C\u00e9gb\u00edr\u00f3s\u00e1gon (Trgova\u010dki sud u Bjelovaru), c\u00e9gjegyz\u00e9ksz\u00e1ma (MBS): 010006549, ad\u00f3sz\u00e1ma (OIB): 18928523252, sz\u00e1mlavezet\u0151 bankja: Privredna banka Zagreb d.d., Z\u00e1gr\u00e1b, Radni\u010dka cesta 50, IBAN: HR94 2340 0091 1000 9852 6, jegyzett t\u0151k\u00e9je: 213.600.090,00 \u20ac, r\u00e9szv\u00e9nyek sz\u00e1ma: 7.120.003, n\u00e9v\u00e9rt\u00e9ke: 30,00 \u20ac, a Fel\u00fcgyel\u0151bizotts\u00e1g eln\u00f6ke: D.Grbavac, az Igazgat\u00f3tan\u00e1cs eln\u00f6ke: M. Dali\u0107, tagjai: Lj. \u0160apina, D. Doko, M. Tadi\u0107 \u00e9s I. Ostoji\u0107.<\/p>\n","protected":false},"excerpt":{"rendered":"<p>Kiad\u00f3 Podravka d.d., V\u00e1llalati marketing, Ante Star\u010devi\u0107a 32, 48 000 Kapronca, Horv\u00e1torsz\u00e1g Tel. +385 48 651 202Fax +385 48 622 518Email&nbsp;podravka@podravka.hr Z\u00e1gr\u00e1bi Iroda Podravka d.d., City Plaza 6, Slavonska avenija 6, B2 \u00e9p\u00fclet 6. emelet, 48 000 Kapronca, Horv\u00e1torsz\u00e1g Tel. +385 1 4891 910Fax +385 75 802 496Email&nbsp;podravka@podravka.hr Honlaptervez\u00e9s, webdiz\u00e1jn \u00e9s honlap k\u00e9sz\u00edt\u00e9se Enterwell Kft., [&hellip;]<\/p>\n","protected":false},"author":3,"featured_media":0,"parent":0,"menu_order":0,"comment_status":"closed","ping_status":"closed","template":"","meta":{"_acf_changed":false,"ep_exclude_from_search":false,"footnotes":""},"class_list":["post-31","page","type-page","status-publish","hentry"],"acf":[],"yoast_head":"<!-- This site is optimized with the Yoast SEO plugin v25.1 - https:\/\/yoast.com\/wordpress\/plugins\/seo\/ -->\n<title>Impresszum - Vegeta<\/title>\n<meta name=\"robots\" content=\"index, follow, max-snippet:-1, max-image-preview:large, max-video-preview:-1\" \/>\n<link rel=\"canonical\" href=\"https:\/\/vegeta.com\/hu\/impresszum\/\" \/>\n<meta property=\"og:locale\" content=\"hu_HU\" \/>\n<meta property=\"og:type\" content=\"article\" \/>\n<meta property=\"og:title\" content=\"Impresszum - Vegeta\" \/>\n<meta property=\"og:description\" content=\"Kiad\u00f3 Podravka d.d., V\u00e1llalati marketing, Ante Star\u010devi\u0107a 32, 48 000 Kapronca, Horv\u00e1torsz\u00e1g Tel. +385 48 651 202Fax +385 48 622 518Email&nbsp;podravka@podravka.hr Z\u00e1gr\u00e1bi Iroda Podravka d.d., City Plaza 6, Slavonska avenija 6, B2 \u00e9p\u00fclet 6. emelet, 48 000 Kapronca, Horv\u00e1torsz\u00e1g Tel. +385 1 4891 910Fax +385 75 802 496Email&nbsp;podravka@podravka.hr Honlaptervez\u00e9s, webdiz\u00e1jn \u00e9s honlap k\u00e9sz\u00edt\u00e9se Enterwell Kft., [&hellip;]\" \/>\n<meta property=\"og:url\" content=\"https:\/\/vegeta.com\/hu\/impresszum\/\" \/>\n<meta property=\"og:site_name\" content=\"Vegeta\" \/>\n<meta property=\"article:modified_time\" content=\"2025-07-01T12:03:44+00:00\" \/>\n<meta property=\"og:image\" content=\"https:\/\/cdn.vegeta.com\/hun\/2023\/09\/b4f3b662f89df0ae374bd0db0c1e4c88.jpeg\" \/>\n\t<meta property=\"og:image:width\" content=\"1200\" \/>\n\t<meta property=\"og:image:height\" content=\"630\" \/>\n\t<meta property=\"og:image:type\" content=\"image\/jpeg\" \/>\n<meta name=\"twitter:card\" content=\"summary_large_image\" \/>\n<meta name=\"twitter:label1\" content=\"Est. reading time\" \/>\n\t<meta name=\"twitter:data1\" content=\"1 minute\" \/>\n<script type=\"application\/ld+json\" class=\"yoast-schema-graph\">{\"@context\":\"https:\/\/schema.org\",\"@graph\":[{\"@type\":\"WebPage\",\"@id\":\"https:\/\/vegeta.com\/hu\/impresszum\/\",\"url\":\"https:\/\/vegeta.com\/hu\/impresszum\/\",\"name\":\"Impresszum - Vegeta\",\"isPartOf\":{\"@id\":\"https:\/\/vegeta.com\/hu\/#website\"},\"datePublished\":\"2023-05-09T11:34:40+00:00\",\"dateModified\":\"2025-07-01T12:03:44+00:00\",\"breadcrumb\":{\"@id\":\"https:\/\/vegeta.com\/hu\/impresszum\/#breadcrumb\"},\"inLanguage\":\"hu-HU\",\"potentialAction\":[{\"@type\":\"ReadAction\",\"target\":[\"https:\/\/vegeta.com\/hu\/impresszum\/\"]}]},{\"@type\":\"BreadcrumbList\",\"@id\":\"https:\/\/vegeta.com\/hu\/impresszum\/#breadcrumb\",\"itemListElement\":[{\"@type\":\"ListItem\",\"position\":1,\"name\":\"Home\",\"item\":\"https:\/\/vegeta.com\/hu\/\"},{\"@type\":\"ListItem\",\"position\":2,\"name\":\"Impresszum\"}]},{\"@type\":\"WebSite\",\"@id\":\"https:\/\/vegeta.com\/hu\/#website\",\"url\":\"https:\/\/vegeta.com\/hu\/\",\"name\":\"Vegeta\",\"description\":\"\",\"publisher\":{\"@id\":\"https:\/\/vegeta.com\/hu\/#organization\"},\"potentialAction\":[{\"@type\":\"SearchAction\",\"target\":{\"@type\":\"EntryPoint\",\"urlTemplate\":\"https:\/\/vegeta.com\/hu\/?s={search_term_string}\"},\"query-input\":{\"@type\":\"PropertyValueSpecification\",\"valueRequired\":true,\"valueName\":\"search_term_string\"}}],\"inLanguage\":\"hu-HU\"},{\"@type\":\"Organization\",\"@id\":\"https:\/\/vegeta.com\/hu\/#organization\",\"name\":\"Vegeta\",\"url\":\"https:\/\/vegeta.com\/hu\/\",\"logo\":{\"@type\":\"ImageObject\",\"inLanguage\":\"hu-HU\",\"@id\":\"https:\/\/vegeta.com\/hu\/#\/schema\/logo\/image\/\",\"url\":\"https:\/\/cdn.vegeta.com\/hun\/2023\/09\/image-vegeta-app-1024.png\",\"contentUrl\":\"https:\/\/cdn.vegeta.com\/hun\/2023\/09\/image-vegeta-app-1024.png\",\"width\":946,\"height\":944,\"caption\":\"Vegeta\"},\"image\":{\"@id\":\"https:\/\/vegeta.com\/hu\/#\/schema\/logo\/image\/\"}}]}<\/script>\n<!-- \/ Yoast SEO plugin. -->","yoast_head_json":{"title":"Impresszum - Vegeta","robots":{"index":"index","follow":"follow","max-snippet":"max-snippet:-1","max-image-preview":"max-image-preview:large","max-video-preview":"max-video-preview:-1"},"canonical":"https:\/\/vegeta.com\/hu\/impresszum\/","og_locale":"hu_HU","og_type":"article","og_title":"Impresszum - Vegeta","og_description":"Kiad\u00f3 Podravka d.d., V\u00e1llalati marketing, Ante Star\u010devi\u0107a 32, 48 000 Kapronca, Horv\u00e1torsz\u00e1g Tel. +385 48 651 202Fax +385 48 622 518Email&nbsp;podravka@podravka.hr Z\u00e1gr\u00e1bi Iroda Podravka d.d., City Plaza 6, Slavonska avenija 6, B2 \u00e9p\u00fclet 6. emelet, 48 000 Kapronca, Horv\u00e1torsz\u00e1g Tel. +385 1 4891 910Fax +385 75 802 496Email&nbsp;podravka@podravka.hr Honlaptervez\u00e9s, webdiz\u00e1jn \u00e9s honlap k\u00e9sz\u00edt\u00e9se Enterwell Kft., [&hellip;]","og_url":"https:\/\/vegeta.com\/hu\/impresszum\/","og_site_name":"Vegeta","article_modified_time":"2025-07-01T12:03:44+00:00","og_image":[{"width":1200,"height":630,"url":"https:\/\/cdn.vegeta.com\/hun\/2023\/09\/b4f3b662f89df0ae374bd0db0c1e4c88.jpeg","type":"image\/jpeg"}],"twitter_card":"summary_large_image","twitter_misc":{"Est. reading time":"1 minute"},"schema":{"@context":"https:\/\/schema.org","@graph":[{"@type":"WebPage","@id":"https:\/\/vegeta.com\/hu\/impresszum\/","url":"https:\/\/vegeta.com\/hu\/impresszum\/","name":"Impresszum - Vegeta","isPartOf":{"@id":"https:\/\/vegeta.com\/hu\/#website"},"datePublished":"2023-05-09T11:34:40+00:00","dateModified":"2025-07-01T12:03:44+00:00","breadcrumb":{"@id":"https:\/\/vegeta.com\/hu\/impresszum\/#breadcrumb"},"inLanguage":"hu-HU","potentialAction":[{"@type":"ReadAction","target":["https:\/\/vegeta.com\/hu\/impresszum\/"]}]},{"@type":"BreadcrumbList","@id":"https:\/\/vegeta.com\/hu\/impresszum\/#breadcrumb","itemListElement":[{"@type":"ListItem","position":1,"name":"Home","item":"https:\/\/vegeta.com\/hu\/"},{"@type":"ListItem","position":2,"name":"Impresszum"}]},{"@type":"WebSite","@id":"https:\/\/vegeta.com\/hu\/#website","url":"https:\/\/vegeta.com\/hu\/","name":"Vegeta","description":"","publisher":{"@id":"https:\/\/vegeta.com\/hu\/#organization"},"potentialAction":[{"@type":"SearchAction","target":{"@type":"EntryPoint","urlTemplate":"https:\/\/vegeta.com\/hu\/?s={search_term_string}"},"query-input":{"@type":"PropertyValueSpecification","valueRequired":true,"valueName":"search_term_string"}}],"inLanguage":"hu-HU"},{"@type":"Organization","@id":"https:\/\/vegeta.com\/hu\/#organization","name":"Vegeta","url":"https:\/\/vegeta.com\/hu\/","logo":{"@type":"ImageObject","inLanguage":"hu-HU","@id":"https:\/\/vegeta.com\/hu\/#\/schema\/logo\/image\/","url":"https:\/\/cdn.vegeta.com\/hun\/2023\/09\/image-vegeta-app-1024.png","contentUrl":"https:\/\/cdn.vegeta.com\/hun\/2023\/09\/image-vegeta-app-1024.png","width":946,"height":944,"caption":"Vegeta"},"image":{"@id":"https:\/\/vegeta.com\/hu\/#\/schema\/logo\/image\/"}}]}},"_links":{"self":[{"href":"https:\/\/vegeta.com\/hu\/wp-json\/wp\/v2\/pages\/31","targetHints":{"allow":["GET"]}}],"collection":[{"href":"https:\/\/vegeta.com\/hu\/wp-json\/wp\/v2\/pages"}],"about":[{"href":"https:\/\/vegeta.com\/hu\/wp-json\/wp\/v2\/types\/page"}],"author":[{"embeddable":true,"href":"https:\/\/vegeta.com\/hu\/wp-json\/wp\/v2\/users\/3"}],"replies":[{"embeddable":true,"href":"https:\/\/vegeta.com\/hu\/wp-json\/wp\/v2\/comments?post=31"}],"version-history":[{"count":6,"href":"https:\/\/vegeta.com\/hu\/wp-json\/wp\/v2\/pages\/31\/revisions"}],"predecessor-version":[{"id":7746,"href":"https:\/\/vegeta.com\/hu\/wp-json\/wp\/v2\/pages\/31\/revisions\/7746"}],"wp:attachment":[{"href":"https:\/\/vegeta.com\/hu\/wp-json\/wp\/v2\/media?parent=31"}],"curies":[{"name":"wp","href":"https:\/\/api.w.org\/{rel}","templated":true}]}}