{"id":19,"date":"2023-04-17T13:54:41","date_gmt":"2023-04-17T13:54:41","guid":{"rendered":"https:\/\/staging.vegeta.com\/hr\/?page_id=19"},"modified":"2026-03-04T10:32:46","modified_gmt":"2026-03-04T10:32:46","slug":"a-minoseg-tortenete","status":"publish","type":"page","link":"https:\/\/vegeta.com\/hu\/a-minoseg-tortenete\/","title":{"rendered":"A min\u0151s\u00e9g t\u00f6rt\u00e9nete"},"content":{"rendered":"\n<div class=\"gb-hero-special-page\">\n\t<div class=\"gb-hero-special-page__back-button c-container\">\n\t\t<a class=\"c-button-link c-button-link--left\"  href=\"https:\/\/vegeta.com\/hu\"   data-pgtm=\"itemClick\"\n   data-pgtm-element-category=\"button\"\n   data-pgtm-element-label=\"VISSZA\"\n   data-pgtm-element-page-location=\"body\"\n\t\t>\n\t<div class=\"c-button-link__arrow\">\n\t\t<div class=\"c-button-link__arrow__circle\"><\/div>\n\t\t<div class=\"c-button-link__arrow__icon\">\n\t\t\t<svg width=\"62\" height=\"14\" viewBox=\"0 0 62 14\" fill=\"none\" xmlns=\"http:\/\/www.w3.org\/2000\/svg\">\n<path d=\"M1 7L61 7M61 7L56.0413 1M61 7L56.0413 13\" stroke=\"#E9987F\" stroke-width=\"2\" stroke-linecap=\"round\" stroke-linejoin=\"round\"\/>\n<\/svg>\n\n\t\t<\/div>\n\t<\/div>\n\t<span class=\"c-button-link__text\">VISSZA<\/span>\n<\/a>\n\t<\/div>\n\t<div class=\"gb-hero-special-page__content c-container\">\n\t\t<h1 class=\"gb-hero-special-page__content__title\">K\u00f6zismert min\u0151s\u00e9g<\/h1>\n\t\t<p class=\"gb-hero-special-page__content__description\">F\u0151 c\u00e9lunk kiv\u00e1l\u00f3 min\u0151s\u00e9g\u0171, szigor\u00faan ellen\u0151rz\u00f6tt eredet\u0171 \u00e9lelmiszerek biztos\u00edt\u00e1sa az \u00e9telek k\u00f6nny\u0171 \u00e9s gyors elk\u00e9sz\u00edt\u00e9s\u00e9hez. Nap mint nap nagy er\u0151fesz\u00edt\u00e9seket tesz\u00fcnk, hogy el\u00e9rj\u00fck ezt a c\u00e9lt.<\/p>\n\t<\/div>\n<\/div>\n\n\n\n\n\n<div class=\"gb-full-width-image gb-full-width-image--background-blue\">\n\t<div class=\"gb-full-width-image__picture\"\n\t\t style=\"background-image: url(https:\/\/cdn.vegeta.com\/hun\/2025\/02\/image-vegeta-no1-sk-2.png)\"><\/div>\n<\/div>\n\n\n\n\n\n<div class=\"gb-title-with-description-and-image gb-title-with-description-and-image--background-light-green gb-title-with-description-and-image--primary-dark-green gb-title-with-description-and-image--secondary-dark-brown\">\n\t<div class=\"gb-title-with-description-and-image__center-container\">\n\t\t<div class=\"gb-title-with-description-and-image__center-container__content-container c-container\">\n\t\t\t<div class=\"gb-title-with-description-and-image__center-container__content-container__top-container\">\n\t\t\t\t<h2 class=\"gb-title-with-description-and-image__center-container__content-container__top-container__title\">\n\t\t\t\t\tZ\u00f6ld l\u00e9p\u00e9s, z\u00f6ld \u00e1tt\u00f6r\u00e9s\n\t\t\t\t<\/h2>\n\t\t\t\t<p class=\"gb-title-with-description-and-image__center-container__content-container__top-container__subtitle\">\n\t\t\t\t\tA Vegeta BIO a j\u00f6v\u0151 ir\u00e1nti k\u00fcldet\u00e9s\u00fcnket k\u00e9pviseli. Z\u00f6ld l\u00e9p\u00e9s a biogazd\u00e1lkod\u00e1s \u00e9s a tiszta \u00f6sszetev\u0151k fel\u00e9. A Vegeta BIO t\u00f6bb mint 10 f\u00e9le bioz\u00f6lds\u00e9get \u00e9s f\u0171szert, valamint tengeri s\u00f3t tartalmaz; nem tartalmaz hozz\u00e1adott cukrokat, glut\u00e9nt, lakt\u00f3zt, adal\u00e9kanyagokat vagy tart\u00f3s\u00edt\u00f3szereket, \u00edgy a veg\u00e1n \u00e9trendbe is beilleszthet\u0151.<br><br>Ezt a term\u00e9ket a fogyaszt\u00f3ink ihlett\u00e9k, \u00e9s utat mutat az \u00f6kol\u00f3giai termel\u00e9s tov\u00e1bbi c\u00e9ljaihoz.\n\t\t\t\t<\/p>\n\t\t\t<\/div>\n\t\t\t<div class=\"gb-title-with-description-and-image__center-container__content-container__img-container\">\n\t\t\t\t\n\n<figure class=\"wp-block-image size-large\"><img loading=\"lazy\" decoding=\"async\" width=\"1024\" height=\"514\" src=\"https:\/\/cdn.vegeta.com\/hun\/2025\/02\/image-vegeta-bio-hu-11-1024x514.jpg\" alt=\"\" class=\"wp-image-7510\" srcset=\"https:\/\/cdn.vegeta.com\/hun\/2025\/02\/image-vegeta-bio-hu-11-1024x514.jpg 1024w, https:\/\/cdn.vegeta.com\/hun\/2025\/02\/image-vegeta-bio-hu-11-300x151.jpg 300w, https:\/\/cdn.vegeta.com\/hun\/2025\/02\/image-vegeta-bio-hu-11-768x386.jpg 768w, https:\/\/cdn.vegeta.com\/hun\/2025\/02\/image-vegeta-bio-hu-11-1536x772.jpg 1536w, https:\/\/cdn.vegeta.com\/hun\/2025\/02\/image-vegeta-bio-hu-11.jpg 1881w\" sizes=\"auto, (max-width: 1024px) 100vw, 1024px\" \/><\/figure>\n\n\n\t\t\t<\/div>\n\t\t<\/div>\n\t<\/div>\n<\/div>\n\n\n\n\n\n<div class=\"gb-full-width-image gb-full-width-image--background-image\">\n\t<div class=\"gb-full-width-image__picture\"\n\t\t style=\"background-image: url(https:\/\/cdn.staging.vegeta.com\/media\/2023\/10\/full-2.png)\"><\/div>\n<\/div>\n\n\n\n\n\n<div class=\"gb-title-with-description-and-image gb-title-with-description-and-image--background-beige gb-title-with-description-and-image--primary-dark-blue gb-title-with-description-and-image--secondary-dark-brown\">\n\t<div class=\"gb-title-with-description-and-image__center-container\">\n\t\t<div class=\"gb-title-with-description-and-image__center-container__content-container c-container\">\n\t\t\t<div class=\"gb-title-with-description-and-image__center-container__content-container__top-container\">\n\t\t\t\t<h2 class=\"gb-title-with-description-and-image__center-container__content-container__top-container__title\">\n\t\t\t\t\tVegeta szerte a vil\u00e1gon\n\t\t\t\t<\/h2>\n\t\t\t\t<p class=\"gb-title-with-description-and-image__center-container__content-container__top-container__subtitle\">\n\t\t\t\t\tNyolcmilli\u00e1rd kan\u00e1l ihlettel gazdag\u00edtja az \u00e9teleket vil\u00e1gszerte.\n\t\t\t\t<\/p>\n\t\t\t<\/div>\n\t\t\t<div class=\"gb-title-with-description-and-image__center-container__content-container__img-container\">\n\t\t\t\t\n\n<figure class=\"wp-block-image size-full\"><img loading=\"lazy\" decoding=\"async\" width=\"2138\" height=\"1084\" src=\"https:\/\/cdn.vegeta.com\/hun\/2026\/03\/image-world-map.webp\" alt=\"\" class=\"wp-image-10114\" srcset=\"https:\/\/cdn.vegeta.com\/hun\/2026\/03\/image-world-map.webp 2138w, https:\/\/cdn.vegeta.com\/hun\/2026\/03\/image-world-map-300x152.webp 300w, https:\/\/cdn.vegeta.com\/hun\/2026\/03\/image-world-map-1024x519.webp 1024w, https:\/\/cdn.vegeta.com\/hun\/2026\/03\/image-world-map-768x389.webp 768w, https:\/\/cdn.vegeta.com\/hun\/2026\/03\/image-world-map-1536x779.webp 1536w, https:\/\/cdn.vegeta.com\/hun\/2026\/03\/image-world-map-2048x1038.webp 2048w\" sizes=\"auto, (max-width: 2138px) 100vw, 2138px\" \/><\/figure>\n\n\n\t\t\t<\/div>\n\t\t<\/div>\n\t<\/div>\n<\/div>\n","protected":false},"excerpt":{"rendered":"","protected":false},"author":3,"featured_media":0,"parent":0,"menu_order":0,"comment_status":"closed","ping_status":"closed","template":"special-single-page.php","meta":{"_acf_changed":false,"ep_exclude_from_search":false,"footnotes":""},"class_list":["post-19","page","type-page","status-publish","hentry"],"acf":[],"yoast_head":"<!-- This site is optimized with the Yoast SEO plugin v25.1 - https:\/\/yoast.com\/wordpress\/plugins\/seo\/ -->\n<title>A min\u0151s\u00e9g t\u00f6rt\u00e9nete - Vegeta<\/title>\n<meta name=\"robots\" content=\"index, follow, max-snippet:-1, max-image-preview:large, max-video-preview:-1\" \/>\n<link rel=\"canonical\" href=\"https:\/\/vegeta.com\/hu\/a-minoseg-tortenete\/\" \/>\n<meta property=\"og:locale\" content=\"hu_HU\" \/>\n<meta property=\"og:type\" content=\"article\" \/>\n<meta property=\"og:title\" content=\"A min\u0151s\u00e9g t\u00f6rt\u00e9nete - Vegeta\" \/>\n<meta property=\"og:url\" content=\"https:\/\/vegeta.com\/hu\/a-minoseg-tortenete\/\" \/>\n<meta property=\"og:site_name\" content=\"Vegeta\" \/>\n<meta property=\"article:modified_time\" content=\"2026-03-04T10:32:46+00:00\" \/>\n<meta property=\"og:image\" content=\"https:\/\/cdn.vegeta.com\/hun\/2025\/02\/image-vegeta-bio-hu-11-1024x514.jpg\" \/>\n<meta name=\"twitter:card\" content=\"summary_large_image\" \/>\n<meta name=\"twitter:label1\" content=\"Est. reading time\" \/>\n\t<meta name=\"twitter:data1\" content=\"1 minute\" \/>\n<script type=\"application\/ld+json\" class=\"yoast-schema-graph\">{\"@context\":\"https:\/\/schema.org\",\"@graph\":[{\"@type\":\"WebPage\",\"@id\":\"https:\/\/vegeta.com\/hu\/a-minoseg-tortenete\/\",\"url\":\"https:\/\/vegeta.com\/hu\/a-minoseg-tortenete\/\",\"name\":\"A min\u0151s\u00e9g t\u00f6rt\u00e9nete - Vegeta\",\"isPartOf\":{\"@id\":\"https:\/\/vegeta.com\/hu\/#website\"},\"primaryImageOfPage\":{\"@id\":\"https:\/\/vegeta.com\/hu\/a-minoseg-tortenete\/#primaryimage\"},\"image\":{\"@id\":\"https:\/\/vegeta.com\/hu\/a-minoseg-tortenete\/#primaryimage\"},\"thumbnailUrl\":\"https:\/\/cdn.vegeta.com\/hun\/2025\/02\/image-vegeta-bio-hu-11-1024x514.jpg\",\"datePublished\":\"2023-04-17T13:54:41+00:00\",\"dateModified\":\"2026-03-04T10:32:46+00:00\",\"breadcrumb\":{\"@id\":\"https:\/\/vegeta.com\/hu\/a-minoseg-tortenete\/#breadcrumb\"},\"inLanguage\":\"hu-HU\",\"potentialAction\":[{\"@type\":\"ReadAction\",\"target\":[\"https:\/\/vegeta.com\/hu\/a-minoseg-tortenete\/\"]}]},{\"@type\":\"ImageObject\",\"inLanguage\":\"hu-HU\",\"@id\":\"https:\/\/vegeta.com\/hu\/a-minoseg-tortenete\/#primaryimage\",\"url\":\"https:\/\/cdn.vegeta.com\/hun\/2025\/02\/image-vegeta-bio-hu-11-1024x514.jpg\",\"contentUrl\":\"https:\/\/cdn.vegeta.com\/hun\/2025\/02\/image-vegeta-bio-hu-11-1024x514.jpg\"},{\"@type\":\"BreadcrumbList\",\"@id\":\"https:\/\/vegeta.com\/hu\/a-minoseg-tortenete\/#breadcrumb\",\"itemListElement\":[{\"@type\":\"ListItem\",\"position\":1,\"name\":\"Home\",\"item\":\"https:\/\/vegeta.com\/hu\/\"},{\"@type\":\"ListItem\",\"position\":2,\"name\":\"A min\u0151s\u00e9g t\u00f6rt\u00e9nete\"}]},{\"@type\":\"WebSite\",\"@id\":\"https:\/\/vegeta.com\/hu\/#website\",\"url\":\"https:\/\/vegeta.com\/hu\/\",\"name\":\"Vegeta\",\"description\":\"\",\"publisher\":{\"@id\":\"https:\/\/vegeta.com\/hu\/#organization\"},\"potentialAction\":[{\"@type\":\"SearchAction\",\"target\":{\"@type\":\"EntryPoint\",\"urlTemplate\":\"https:\/\/vegeta.com\/hu\/?s={search_term_string}\"},\"query-input\":{\"@type\":\"PropertyValueSpecification\",\"valueRequired\":true,\"valueName\":\"search_term_string\"}}],\"inLanguage\":\"hu-HU\"},{\"@type\":\"Organization\",\"@id\":\"https:\/\/vegeta.com\/hu\/#organization\",\"name\":\"Vegeta\",\"url\":\"https:\/\/vegeta.com\/hu\/\",\"logo\":{\"@type\":\"ImageObject\",\"inLanguage\":\"hu-HU\",\"@id\":\"https:\/\/vegeta.com\/hu\/#\/schema\/logo\/image\/\",\"url\":\"https:\/\/cdn.vegeta.com\/hun\/2023\/09\/image-vegeta-app-1024.png\",\"contentUrl\":\"https:\/\/cdn.vegeta.com\/hun\/2023\/09\/image-vegeta-app-1024.png\",\"width\":946,\"height\":944,\"caption\":\"Vegeta\"},\"image\":{\"@id\":\"https:\/\/vegeta.com\/hu\/#\/schema\/logo\/image\/\"}}]}<\/script>\n<!-- \/ Yoast SEO plugin. -->","yoast_head_json":{"title":"A min\u0151s\u00e9g t\u00f6rt\u00e9nete - Vegeta","robots":{"index":"index","follow":"follow","max-snippet":"max-snippet:-1","max-image-preview":"max-image-preview:large","max-video-preview":"max-video-preview:-1"},"canonical":"https:\/\/vegeta.com\/hu\/a-minoseg-tortenete\/","og_locale":"hu_HU","og_type":"article","og_title":"A min\u0151s\u00e9g t\u00f6rt\u00e9nete - Vegeta","og_url":"https:\/\/vegeta.com\/hu\/a-minoseg-tortenete\/","og_site_name":"Vegeta","article_modified_time":"2026-03-04T10:32:46+00:00","og_image":[{"url":"https:\/\/cdn.vegeta.com\/hun\/2025\/02\/image-vegeta-bio-hu-11-1024x514.jpg","type":"","width":"","height":""}],"twitter_card":"summary_large_image","twitter_misc":{"Est. reading time":"1 minute"},"schema":{"@context":"https:\/\/schema.org","@graph":[{"@type":"WebPage","@id":"https:\/\/vegeta.com\/hu\/a-minoseg-tortenete\/","url":"https:\/\/vegeta.com\/hu\/a-minoseg-tortenete\/","name":"A min\u0151s\u00e9g t\u00f6rt\u00e9nete - Vegeta","isPartOf":{"@id":"https:\/\/vegeta.com\/hu\/#website"},"primaryImageOfPage":{"@id":"https:\/\/vegeta.com\/hu\/a-minoseg-tortenete\/#primaryimage"},"image":{"@id":"https:\/\/vegeta.com\/hu\/a-minoseg-tortenete\/#primaryimage"},"thumbnailUrl":"https:\/\/cdn.vegeta.com\/hun\/2025\/02\/image-vegeta-bio-hu-11-1024x514.jpg","datePublished":"2023-04-17T13:54:41+00:00","dateModified":"2026-03-04T10:32:46+00:00","breadcrumb":{"@id":"https:\/\/vegeta.com\/hu\/a-minoseg-tortenete\/#breadcrumb"},"inLanguage":"hu-HU","potentialAction":[{"@type":"ReadAction","target":["https:\/\/vegeta.com\/hu\/a-minoseg-tortenete\/"]}]},{"@type":"ImageObject","inLanguage":"hu-HU","@id":"https:\/\/vegeta.com\/hu\/a-minoseg-tortenete\/#primaryimage","url":"https:\/\/cdn.vegeta.com\/hun\/2025\/02\/image-vegeta-bio-hu-11-1024x514.jpg","contentUrl":"https:\/\/cdn.vegeta.com\/hun\/2025\/02\/image-vegeta-bio-hu-11-1024x514.jpg"},{"@type":"BreadcrumbList","@id":"https:\/\/vegeta.com\/hu\/a-minoseg-tortenete\/#breadcrumb","itemListElement":[{"@type":"ListItem","position":1,"name":"Home","item":"https:\/\/vegeta.com\/hu\/"},{"@type":"ListItem","position":2,"name":"A min\u0151s\u00e9g t\u00f6rt\u00e9nete"}]},{"@type":"WebSite","@id":"https:\/\/vegeta.com\/hu\/#website","url":"https:\/\/vegeta.com\/hu\/","name":"Vegeta","description":"","publisher":{"@id":"https:\/\/vegeta.com\/hu\/#organization"},"potentialAction":[{"@type":"SearchAction","target":{"@type":"EntryPoint","urlTemplate":"https:\/\/vegeta.com\/hu\/?s={search_term_string}"},"query-input":{"@type":"PropertyValueSpecification","valueRequired":true,"valueName":"search_term_string"}}],"inLanguage":"hu-HU"},{"@type":"Organization","@id":"https:\/\/vegeta.com\/hu\/#organization","name":"Vegeta","url":"https:\/\/vegeta.com\/hu\/","logo":{"@type":"ImageObject","inLanguage":"hu-HU","@id":"https:\/\/vegeta.com\/hu\/#\/schema\/logo\/image\/","url":"https:\/\/cdn.vegeta.com\/hun\/2023\/09\/image-vegeta-app-1024.png","contentUrl":"https:\/\/cdn.vegeta.com\/hun\/2023\/09\/image-vegeta-app-1024.png","width":946,"height":944,"caption":"Vegeta"},"image":{"@id":"https:\/\/vegeta.com\/hu\/#\/schema\/logo\/image\/"}}]}},"_links":{"self":[{"href":"https:\/\/vegeta.com\/hu\/wp-json\/wp\/v2\/pages\/19","targetHints":{"allow":["GET"]}}],"collection":[{"href":"https:\/\/vegeta.com\/hu\/wp-json\/wp\/v2\/pages"}],"about":[{"href":"https:\/\/vegeta.com\/hu\/wp-json\/wp\/v2\/types\/page"}],"author":[{"embeddable":true,"href":"https:\/\/vegeta.com\/hu\/wp-json\/wp\/v2\/users\/3"}],"replies":[{"embeddable":true,"href":"https:\/\/vegeta.com\/hu\/wp-json\/wp\/v2\/comments?post=19"}],"version-history":[{"count":22,"href":"https:\/\/vegeta.com\/hu\/wp-json\/wp\/v2\/pages\/19\/revisions"}],"predecessor-version":[{"id":10115,"href":"https:\/\/vegeta.com\/hu\/wp-json\/wp\/v2\/pages\/19\/revisions\/10115"}],"wp:attachment":[{"href":"https:\/\/vegeta.com\/hu\/wp-json\/wp\/v2\/media?parent=19"}],"curies":[{"name":"wp","href":"https:\/\/api.w.org\/{rel}","templated":true}]}}