{"id":80442,"date":"2026-03-20T10:18:46","date_gmt":"2026-03-20T10:18:46","guid":{"rendered":"https:\/\/vegeta.com\/hr\/?page_id=80442"},"modified":"2026-03-20T10:19:28","modified_gmt":"2026-03-20T10:19:28","slug":"dobitnici","status":"publish","type":"page","link":"https:\/\/vegeta.com\/hr\/dobitnici\/","title":{"rendered":"Dobitnici"},"content":{"rendered":"\n<p><\/p>\n\n\n\n<h4 class=\"wp-block-heading\">1x Apple iPhone 17<\/h4>\n\n\n\n<p><strong>1.<\/strong> Tin Buhin, Vi\u0161njevac<\/p>\n\n\n\n<h4 class=\"wp-block-heading\">1x Apple MacBook Air 13&#8243; M4<\/h4>\n\n\n\n<p><strong>1.<\/strong> Mirjam Dejanovi\u0107, Vukovar<\/p>\n\n\n\n<h4 class=\"wp-block-heading\">5x Slu\u0161alice Sony WH-1000XM5<\/h4>\n\n\n\n<p><strong>1.<\/strong> Gordana Kocijan \u0160ercer, Nedeli\u0161\u0107e<\/p>\n\n\n\n<p><strong>2.<\/strong> Izidor Munjin, Zagreb<\/p>\n\n\n\n<p><strong>3.<\/strong> Marion Plavec, Kne\u017eevi Vinogradi<\/p>\n\n\n\n<p><strong>4.<\/strong> Sa\u0161a Vojvodi\u0107, Vi\u0161kovo<\/p>\n\n\n\n<p><strong>5.<\/strong> \u017deljko Anu\u0161i\u0107, Stara Gradi\u0161ka<\/p>\n\n\n\n<p><\/p>\n\n\n\n<h4 class=\"wp-block-heading\">10x Vegeta Merch<\/h4>\n\n\n\n<p><strong>1.<\/strong> Barbara Erdec Golovi\u0107, Sra\u010dinec<\/p>\n\n\n\n<p><strong>2.<\/strong> Gabriela Luki\u0107, Velika<\/p>\n\n\n\n<p><strong>3.<\/strong> Ivana Juki\u0107, Slavonski brod<\/p>\n\n\n\n<p><strong>4.<\/strong> Josip Baricic, Slavonski Brod<\/p>\n\n\n\n<p><strong>5.<\/strong> Ivana Ari\u0107, Staro Petrovo Selo<\/p>\n\n\n\n<p><strong>6.<\/strong> Sandra Vinkovi\u0107, Lopatinec<\/p>\n\n\n\n<p><strong>7.<\/strong> Sven \u0160ilobodec, Daruvar<\/p>\n\n\n\n<p><strong>8.<\/strong> Valentina \u0160tefan\u010di\u0107, Kutina<\/p>\n\n\n\n<p><strong>9.<\/strong> Vesna Feren\u010dak, Sisak<\/p>\n\n\n\n<p><strong>10.<\/strong> Leon Kolari\u0107, Mursko Sredi\u0161\u0107e<\/p>\n\n\n\n<p><\/p>\n","protected":false},"excerpt":{"rendered":"<p>1x Apple iPhone 17 1. Tin Buhin, Vi\u0161njevac 1x Apple MacBook Air 13&#8243; M4 1. Mirjam Dejanovi\u0107, Vukovar 5x Slu\u0161alice Sony WH-1000XM5 1. Gordana Kocijan \u0160ercer, Nedeli\u0161\u0107e 2. Izidor Munjin, Zagreb 3. Marion Plavec, Kne\u017eevi Vinogradi 4. Sa\u0161a Vojvodi\u0107, Vi\u0161kovo 5. \u017deljko Anu\u0161i\u0107, Stara Gradi\u0161ka 10x Vegeta Merch 1. Barbara Erdec Golovi\u0107, Sra\u010dinec 2. Gabriela [&hellip;]<\/p>\n","protected":false},"author":4382,"featured_media":0,"parent":0,"menu_order":0,"comment_status":"closed","ping_status":"closed","template":"pagetemplate-kuhanje-je-strasno-winners-single.php","meta":{"_acf_changed":false,"ep_exclude_from_search":false,"footnotes":""},"class_list":["post-80442","page","type-page","status-publish","hentry"],"acf":[],"yoast_head":"<!-- This site is optimized with the Yoast SEO plugin v25.1 - https:\/\/yoast.com\/wordpress\/plugins\/seo\/ -->\n<title>Dobitnici - Vegeta<\/title>\n<meta name=\"robots\" content=\"index, follow, max-snippet:-1, max-image-preview:large, max-video-preview:-1\" \/>\n<link rel=\"canonical\" href=\"https:\/\/vegeta.com\/hr\/dobitnici\/\" \/>\n<meta property=\"og:locale\" content=\"hr_HR\" \/>\n<meta property=\"og:type\" content=\"article\" \/>\n<meta property=\"og:title\" content=\"Dobitnici - Vegeta\" \/>\n<meta property=\"og:description\" content=\"1x Apple iPhone 17 1. Tin Buhin, Vi\u0161njevac 1x Apple MacBook Air 13&#8243; M4 1. Mirjam Dejanovi\u0107, Vukovar 5x Slu\u0161alice Sony WH-1000XM5 1. Gordana Kocijan \u0160ercer, Nedeli\u0161\u0107e 2. Izidor Munjin, Zagreb 3. Marion Plavec, Kne\u017eevi Vinogradi 4. Sa\u0161a Vojvodi\u0107, Vi\u0161kovo 5. \u017deljko Anu\u0161i\u0107, Stara Gradi\u0161ka 10x Vegeta Merch 1. Barbara Erdec Golovi\u0107, Sra\u010dinec 2. Gabriela [&hellip;]\" \/>\n<meta property=\"og:url\" content=\"https:\/\/vegeta.com\/hr\/dobitnici\/\" \/>\n<meta property=\"og:site_name\" content=\"Vegeta\" \/>\n<meta property=\"article:modified_time\" content=\"2026-03-20T10:19:28+00:00\" \/>\n<meta property=\"og:image\" content=\"https:\/\/cdn.vegeta.com\/cro\/2026\/02\/image-vegeta-kuhanje-je-strasno-nn-social-share-698f016a72a38.png\" \/>\n\t<meta property=\"og:image:width\" content=\"2400\" \/>\n\t<meta property=\"og:image:height\" content=\"1260\" \/>\n\t<meta property=\"og:image:type\" content=\"image\/png\" \/>\n<meta name=\"twitter:card\" content=\"summary_large_image\" \/>\n<meta name=\"twitter:label1\" content=\"Est. reading time\" \/>\n\t<meta name=\"twitter:data1\" content=\"1 minuta\" \/>\n<script type=\"application\/ld+json\" class=\"yoast-schema-graph\">{\"@context\":\"https:\/\/schema.org\",\"@graph\":[{\"@type\":\"WebPage\",\"@id\":\"https:\/\/vegeta.com\/hr\/dobitnici\/\",\"url\":\"https:\/\/vegeta.com\/hr\/dobitnici\/\",\"name\":\"Dobitnici - Vegeta\",\"isPartOf\":{\"@id\":\"https:\/\/vegeta.com\/hr\/#website\"},\"datePublished\":\"2026-03-20T10:18:46+00:00\",\"dateModified\":\"2026-03-20T10:19:28+00:00\",\"breadcrumb\":{\"@id\":\"https:\/\/vegeta.com\/hr\/dobitnici\/#breadcrumb\"},\"inLanguage\":\"hr\",\"potentialAction\":[{\"@type\":\"ReadAction\",\"target\":[\"https:\/\/vegeta.com\/hr\/dobitnici\/\"]}]},{\"@type\":\"BreadcrumbList\",\"@id\":\"https:\/\/vegeta.com\/hr\/dobitnici\/#breadcrumb\",\"itemListElement\":[{\"@type\":\"ListItem\",\"position\":1,\"name\":\"Home\",\"item\":\"https:\/\/vegeta.com\/hr\/\"},{\"@type\":\"ListItem\",\"position\":2,\"name\":\"Dobitnici\"}]},{\"@type\":\"WebSite\",\"@id\":\"https:\/\/vegeta.com\/hr\/#website\",\"url\":\"https:\/\/vegeta.com\/hr\/\",\"name\":\"Vegeta\",\"description\":\"Tko \u0107e zakuhati stra\u0161no dobru pri\u010du i osvojiti iPhone 17? Mo\u017eda ba\u0161 ti - prijavi se!\",\"publisher\":{\"@id\":\"https:\/\/vegeta.com\/hr\/#organization\"},\"potentialAction\":[{\"@type\":\"SearchAction\",\"target\":{\"@type\":\"EntryPoint\",\"urlTemplate\":\"https:\/\/vegeta.com\/hr\/?s={search_term_string}\"},\"query-input\":{\"@type\":\"PropertyValueSpecification\",\"valueRequired\":true,\"valueName\":\"search_term_string\"}}],\"inLanguage\":\"hr\"},{\"@type\":\"Organization\",\"@id\":\"https:\/\/vegeta.com\/hr\/#organization\",\"name\":\"Vegeta\",\"url\":\"https:\/\/vegeta.com\/hr\/\",\"logo\":{\"@type\":\"ImageObject\",\"inLanguage\":\"hr\",\"@id\":\"https:\/\/vegeta.com\/hr\/#\/schema\/logo\/image\/\",\"url\":\"https:\/\/cdn.vegeta.com\/cro\/2023\/09\/image-vegeta-app-1024.png\",\"contentUrl\":\"https:\/\/cdn.vegeta.com\/cro\/2023\/09\/image-vegeta-app-1024.png\",\"width\":946,\"height\":944,\"caption\":\"Vegeta\"},\"image\":{\"@id\":\"https:\/\/vegeta.com\/hr\/#\/schema\/logo\/image\/\"}}]}<\/script>\n<!-- \/ Yoast SEO plugin. -->","yoast_head_json":{"title":"Dobitnici - Vegeta","robots":{"index":"index","follow":"follow","max-snippet":"max-snippet:-1","max-image-preview":"max-image-preview:large","max-video-preview":"max-video-preview:-1"},"canonical":"https:\/\/vegeta.com\/hr\/dobitnici\/","og_locale":"hr_HR","og_type":"article","og_title":"Dobitnici - Vegeta","og_description":"1x Apple iPhone 17 1. Tin Buhin, Vi\u0161njevac 1x Apple MacBook Air 13&#8243; M4 1. Mirjam Dejanovi\u0107, Vukovar 5x Slu\u0161alice Sony WH-1000XM5 1. Gordana Kocijan \u0160ercer, Nedeli\u0161\u0107e 2. Izidor Munjin, Zagreb 3. Marion Plavec, Kne\u017eevi Vinogradi 4. Sa\u0161a Vojvodi\u0107, Vi\u0161kovo 5. \u017deljko Anu\u0161i\u0107, Stara Gradi\u0161ka 10x Vegeta Merch 1. Barbara Erdec Golovi\u0107, Sra\u010dinec 2. Gabriela [&hellip;]","og_url":"https:\/\/vegeta.com\/hr\/dobitnici\/","og_site_name":"Vegeta","article_modified_time":"2026-03-20T10:19:28+00:00","og_image":[{"width":2400,"height":1260,"url":"https:\/\/cdn.vegeta.com\/cro\/2026\/02\/image-vegeta-kuhanje-je-strasno-nn-social-share-698f016a72a38.png","type":"image\/png"}],"twitter_card":"summary_large_image","twitter_misc":{"Est. reading time":"1 minuta"},"schema":{"@context":"https:\/\/schema.org","@graph":[{"@type":"WebPage","@id":"https:\/\/vegeta.com\/hr\/dobitnici\/","url":"https:\/\/vegeta.com\/hr\/dobitnici\/","name":"Dobitnici - Vegeta","isPartOf":{"@id":"https:\/\/vegeta.com\/hr\/#website"},"datePublished":"2026-03-20T10:18:46+00:00","dateModified":"2026-03-20T10:19:28+00:00","breadcrumb":{"@id":"https:\/\/vegeta.com\/hr\/dobitnici\/#breadcrumb"},"inLanguage":"hr","potentialAction":[{"@type":"ReadAction","target":["https:\/\/vegeta.com\/hr\/dobitnici\/"]}]},{"@type":"BreadcrumbList","@id":"https:\/\/vegeta.com\/hr\/dobitnici\/#breadcrumb","itemListElement":[{"@type":"ListItem","position":1,"name":"Home","item":"https:\/\/vegeta.com\/hr\/"},{"@type":"ListItem","position":2,"name":"Dobitnici"}]},{"@type":"WebSite","@id":"https:\/\/vegeta.com\/hr\/#website","url":"https:\/\/vegeta.com\/hr\/","name":"Vegeta","description":"Tko \u0107e zakuhati stra\u0161no dobru pri\u010du i osvojiti iPhone 17? Mo\u017eda ba\u0161 ti - prijavi se!","publisher":{"@id":"https:\/\/vegeta.com\/hr\/#organization"},"potentialAction":[{"@type":"SearchAction","target":{"@type":"EntryPoint","urlTemplate":"https:\/\/vegeta.com\/hr\/?s={search_term_string}"},"query-input":{"@type":"PropertyValueSpecification","valueRequired":true,"valueName":"search_term_string"}}],"inLanguage":"hr"},{"@type":"Organization","@id":"https:\/\/vegeta.com\/hr\/#organization","name":"Vegeta","url":"https:\/\/vegeta.com\/hr\/","logo":{"@type":"ImageObject","inLanguage":"hr","@id":"https:\/\/vegeta.com\/hr\/#\/schema\/logo\/image\/","url":"https:\/\/cdn.vegeta.com\/cro\/2023\/09\/image-vegeta-app-1024.png","contentUrl":"https:\/\/cdn.vegeta.com\/cro\/2023\/09\/image-vegeta-app-1024.png","width":946,"height":944,"caption":"Vegeta"},"image":{"@id":"https:\/\/vegeta.com\/hr\/#\/schema\/logo\/image\/"}}]}},"_links":{"self":[{"href":"https:\/\/vegeta.com\/hr\/wp-json\/wp\/v2\/pages\/80442","targetHints":{"allow":["GET"]}}],"collection":[{"href":"https:\/\/vegeta.com\/hr\/wp-json\/wp\/v2\/pages"}],"about":[{"href":"https:\/\/vegeta.com\/hr\/wp-json\/wp\/v2\/types\/page"}],"author":[{"embeddable":true,"href":"https:\/\/vegeta.com\/hr\/wp-json\/wp\/v2\/users\/4382"}],"replies":[{"embeddable":true,"href":"https:\/\/vegeta.com\/hr\/wp-json\/wp\/v2\/comments?post=80442"}],"version-history":[{"count":2,"href":"https:\/\/vegeta.com\/hr\/wp-json\/wp\/v2\/pages\/80442\/revisions"}],"predecessor-version":[{"id":80444,"href":"https:\/\/vegeta.com\/hr\/wp-json\/wp\/v2\/pages\/80442\/revisions\/80444"}],"wp:attachment":[{"href":"https:\/\/vegeta.com\/hr\/wp-json\/wp\/v2\/media?parent=80442"}],"curies":[{"name":"wp","href":"https:\/\/api.w.org\/{rel}","templated":true}]}}