{"id":6013,"date":"2023-12-19T12:31:26","date_gmt":"2023-12-19T12:31:26","guid":{"rendered":"https:\/\/vegeta.com\/hr\/?page_id=6013"},"modified":"2023-12-22T08:13:47","modified_gmt":"2023-12-22T08:13:47","slug":"sve-ima-bolji-okus-dobitnici","status":"publish","type":"page","link":"https:\/\/vegeta.com\/hr\/sve-ima-bolji-okus-dobitnici\/","title":{"rendered":"Dobitnici"},"content":{"rendered":"\n<p>Dobitnici nagradnog natje\u010daja \u201e#onokad Vegeta popravi dan\u201c<\/p>\n\n\n\n<ol class=\"wp-block-list\">\n<li>Marina Kalica<\/li>\n\n\n\n<li>Martina Mari\u0107<\/li>\n\n\n\n<li>Ivana Rozi\u0107<\/li>\n\n\n\n<li>Nikola Mari\u0107<\/li>\n\n\n\n<li>Vi\u0161nja Sak Bosnar<\/li>\n\n\n\n<li>Milan Mesi\u0107<\/li>\n\n\n\n<li>Bozena Kolaric<\/li>\n\n\n\n<li>Sanela \u010cakija<\/li>\n\n\n\n<li>Valerija Obadi\u0107<\/li>\n\n\n\n<li>Maja Cuzelj<\/li>\n\n\n\n<li>Aldina Su\u0161nik<\/li>\n\n\n\n<li>Alen Im\u0161irovi\u0107<\/li>\n\n\n\n<li>Anamarija Radeljevi\u0107<\/li>\n\n\n\n<li>Sanja Antunovi\u0107<\/li>\n\n\n\n<li>Dejana Petkovic<\/li>\n\n\n\n<li>Ankica Goricki<\/li>\n\n\n\n<li>Barbara Fofi\u0107<\/li>\n\n\n\n<li>Valentina Domjan\u010di\u0107<\/li>\n\n\n\n<li>Vesna Lovkovi\u0107<\/li>\n\n\n\n<li>Marina Nobilo Jurjevi\u0107<\/li>\n\n\n\n<li>Daria Ledinski<\/li>\n\n\n\n<li>Anita Novak<\/li>\n\n\n\n<li>\u017deljka Surina<\/li>\n\n\n\n<li>Maja Ledinski<\/li>\n\n\n\n<li>Leo Podboj<\/li>\n\n\n\n<li>Zvonimir \u0160merda<\/li>\n\n\n\n<li>Ivana Mihi\u0107<\/li>\n\n\n\n<li>Tomislav Matanovic<\/li>\n\n\n\n<li>Sa\u0161a Klasi\u0107<\/li>\n\n\n\n<li>Anja Ili\u0107<\/li>\n\n\n\n<li>Marijana Me\u0161trovi\u0107<\/li>\n\n\n\n<li>Jelica Mu\u0161ura<\/li>\n\n\n\n<li>Jadranka Ili\u0107<\/li>\n\n\n\n<li>Zagorka \u0160atali\u0107<\/li>\n\n\n\n<li>Paolo Mati\u0161i\u0107<\/li>\n\n\n\n<li>Jadranka Kalac<\/li>\n\n\n\n<li>Ru\u017eica Juri\u010d<\/li>\n\n\n\n<li>Martina Ciganovi\u0107<\/li>\n\n\n\n<li>Ivana Lon\u010dar Siri\u0161\u010devi\u0107<\/li>\n\n\n\n<li>Ane \u0160apina<\/li>\n\n\n\n<li>Luka Todorovi\u0107<\/li>\n\n\n\n<li>Vladimir Perli\u0107<\/li>\n\n\n\n<li>Veronika Sabo<\/li>\n\n\n\n<li>Ljiljana Divi\u0107<\/li>\n\n\n\n<li>Ljiljana Mu\u017eini\u0107<\/li>\n\n\n\n<li>Marija Le\u0161\u010di\u0107<\/li>\n\n\n\n<li>Sanja Bu\u017eanec Greguri\u0107<\/li>\n\n\n\n<li>Duje Krsti\u0107<\/li>\n\n\n\n<li>Tomislav Bilu\u0161i\u0107<\/li>\n\n\n\n<li>Mihael Strukar<\/li>\n\n\n\n<li>Mirta Herceg Hegedus<\/li>\n\n\n\n<li>Milka Barkovi\u0107<\/li>\n\n\n\n<li>Snje\u017eana Ma\u010dek<\/li>\n\n\n\n<li>Marija Bari\u0161i\u0107 Ked\u017eo<\/li>\n\n\n\n<li>Darija \u0110unda<\/li>\n\n\n\n<li>Sa\u0161a Pavlovi\u0107<\/li>\n\n\n\n<li>Elizabeta Dimitrov<\/li>\n\n\n\n<li>Antonija Grubi\u0161i\u0107<\/li>\n\n\n\n<li>Elvis Kirin<\/li>\n\n\n\n<li>Martina Vuksan<\/li>\n\n\n\n<li>Petar \u010cigir<\/li>\n\n\n\n<li>Renato \u017duti<\/li>\n\n\n\n<li>\u0110ur\u0111ica Alavanja<\/li>\n\n\n\n<li>Antonia Jagodi\u0107<\/li>\n\n\n\n<li>\u017deljko Sato\u0161ek<\/li>\n\n\n\n<li>Lucija Magdi\u0107<\/li>\n\n\n\n<li>Anesa Seferovi\u0107<\/li>\n\n\n\n<li>David Radovanovic<\/li>\n\n\n\n<li>Sanja Vuleta<\/li>\n\n\n\n<li>Nedjeljka Matijevi\u0107<\/li>\n\n\n\n<li>Jasmina Radmilovi\u0107<\/li>\n\n\n\n<li>Lucija Hrgov\u010di\u0107<\/li>\n\n\n\n<li>Nedim Delalic<\/li>\n\n\n\n<li>Ajna Hod\u017ei\u0107<\/li>\n\n\n\n<li>Esmeralda Jelovac<\/li>\n\n\n\n<li>Vesna Vujicic<\/li>\n\n\n\n<li>Meliha Ubrahimovic<\/li>\n\n\n\n<li>Imran Bra\u0161nji\u0107<\/li>\n\n\n\n<li>Amir Mehic<\/li>\n\n\n\n<li>Ida Luki\u0107<\/li>\n\n\n\n<li>Ajla Hori\u0107<\/li>\n\n\n\n<li>Anotnija Kara\u010di\u0107<\/li>\n\n\n\n<li>Dajana Sehovic<\/li>\n\n\n\n<li>Alma Fejzagi\u0107<\/li>\n\n\n\n<li>Arijana Kordi\u0107<\/li>\n\n\n\n<li>Faruk Skender<\/li>\n\n\n\n<li>D\u017eana Hod\u017ei\u0107<\/li>\n\n\n\n<li>Melika Had\u017eiabdi\u0107<\/li>\n\n\n\n<li>Mirzeta Nukic<\/li>\n\n\n\n<li>Mubera Hasagi\u0107<\/li>\n\n\n\n<li>Ismir Mujanovic<\/li>\n\n\n\n<li>Eldina Bi\u010do<\/li>\n\n\n\n<li>Valentina \u0160krbi\u0107<\/li>\n\n\n\n<li>Amra Ikanovi\u0107<\/li>\n\n\n\n<li>Daliborka Sredojevi\u0107<\/li>\n\n\n\n<li>Desanka Jovi\u010di\u0107<\/li>\n\n\n\n<li>Danina Hasani\u0107<\/li>\n\n\n\n<li>Radenka Miletic<\/li>\n\n\n\n<li>Gordana Mrgud<\/li>\n\n\n\n<li>Mirjana Vuksan<\/li>\n<\/ol>\n","protected":false},"excerpt":{"rendered":"<p>Dobitnici nagradnog natje\u010daja \u201e#onokad Vegeta popravi dan\u201c<\/p>\n","protected":false},"author":2,"featured_media":0,"parent":0,"menu_order":0,"comment_status":"closed","ping_status":"closed","template":"","meta":{"_acf_changed":false,"ep_exclude_from_search":false,"footnotes":""},"class_list":["post-6013","page","type-page","status-publish","hentry"],"acf":[],"yoast_head":"<!-- This site is optimized with the Yoast SEO plugin v25.1 - https:\/\/yoast.com\/wordpress\/plugins\/seo\/ -->\n<title>Dobitnici - Vegeta<\/title>\n<meta name=\"robots\" content=\"index, follow, max-snippet:-1, max-image-preview:large, max-video-preview:-1\" \/>\n<link rel=\"canonical\" href=\"https:\/\/vegeta.com\/hr\/sve-ima-bolji-okus-dobitnici\/\" \/>\n<meta property=\"og:locale\" content=\"hr_HR\" \/>\n<meta property=\"og:type\" content=\"article\" \/>\n<meta property=\"og:title\" content=\"Dobitnici - Vegeta\" \/>\n<meta property=\"og:description\" content=\"Dobitnici nagradnog natje\u010daja \u201e#onokad Vegeta popravi dan\u201c\" \/>\n<meta property=\"og:url\" content=\"https:\/\/vegeta.com\/hr\/sve-ima-bolji-okus-dobitnici\/\" \/>\n<meta property=\"og:site_name\" content=\"Vegeta\" \/>\n<meta property=\"article:modified_time\" content=\"2023-12-22T08:13:47+00:00\" \/>\n<meta property=\"og:image\" content=\"https:\/\/cdn.vegeta.com\/cro\/2026\/02\/image-vegeta-kuhanje-je-strasno-nn-social-share-698f016a72a38.png\" \/>\n\t<meta property=\"og:image:width\" content=\"2400\" \/>\n\t<meta property=\"og:image:height\" content=\"1260\" \/>\n\t<meta property=\"og:image:type\" content=\"image\/png\" \/>\n<meta name=\"twitter:card\" content=\"summary_large_image\" \/>\n<meta name=\"twitter:label1\" content=\"Est. reading time\" \/>\n\t<meta name=\"twitter:data1\" content=\"1 minuta\" \/>\n<script type=\"application\/ld+json\" class=\"yoast-schema-graph\">{\"@context\":\"https:\/\/schema.org\",\"@graph\":[{\"@type\":\"WebPage\",\"@id\":\"https:\/\/vegeta.com\/hr\/sve-ima-bolji-okus-dobitnici\/\",\"url\":\"https:\/\/vegeta.com\/hr\/sve-ima-bolji-okus-dobitnici\/\",\"name\":\"Dobitnici - Vegeta\",\"isPartOf\":{\"@id\":\"https:\/\/vegeta.com\/hr\/#website\"},\"datePublished\":\"2023-12-19T12:31:26+00:00\",\"dateModified\":\"2023-12-22T08:13:47+00:00\",\"breadcrumb\":{\"@id\":\"https:\/\/vegeta.com\/hr\/sve-ima-bolji-okus-dobitnici\/#breadcrumb\"},\"inLanguage\":\"hr\",\"potentialAction\":[{\"@type\":\"ReadAction\",\"target\":[\"https:\/\/vegeta.com\/hr\/sve-ima-bolji-okus-dobitnici\/\"]}]},{\"@type\":\"BreadcrumbList\",\"@id\":\"https:\/\/vegeta.com\/hr\/sve-ima-bolji-okus-dobitnici\/#breadcrumb\",\"itemListElement\":[{\"@type\":\"ListItem\",\"position\":1,\"name\":\"Home\",\"item\":\"https:\/\/vegeta.com\/hr\/\"},{\"@type\":\"ListItem\",\"position\":2,\"name\":\"Dobitnici\"}]},{\"@type\":\"WebSite\",\"@id\":\"https:\/\/vegeta.com\/hr\/#website\",\"url\":\"https:\/\/vegeta.com\/hr\/\",\"name\":\"Vegeta\",\"description\":\"Tko \u0107e zakuhati stra\u0161no dobru pri\u010du i osvojiti iPhone 17? Mo\u017eda ba\u0161 ti - prijavi se!\",\"publisher\":{\"@id\":\"https:\/\/vegeta.com\/hr\/#organization\"},\"potentialAction\":[{\"@type\":\"SearchAction\",\"target\":{\"@type\":\"EntryPoint\",\"urlTemplate\":\"https:\/\/vegeta.com\/hr\/?s={search_term_string}\"},\"query-input\":{\"@type\":\"PropertyValueSpecification\",\"valueRequired\":true,\"valueName\":\"search_term_string\"}}],\"inLanguage\":\"hr\"},{\"@type\":\"Organization\",\"@id\":\"https:\/\/vegeta.com\/hr\/#organization\",\"name\":\"Vegeta\",\"url\":\"https:\/\/vegeta.com\/hr\/\",\"logo\":{\"@type\":\"ImageObject\",\"inLanguage\":\"hr\",\"@id\":\"https:\/\/vegeta.com\/hr\/#\/schema\/logo\/image\/\",\"url\":\"https:\/\/cdn.vegeta.com\/cro\/2023\/09\/image-vegeta-app-1024.png\",\"contentUrl\":\"https:\/\/cdn.vegeta.com\/cro\/2023\/09\/image-vegeta-app-1024.png\",\"width\":946,\"height\":944,\"caption\":\"Vegeta\"},\"image\":{\"@id\":\"https:\/\/vegeta.com\/hr\/#\/schema\/logo\/image\/\"}}]}<\/script>\n<!-- \/ Yoast SEO plugin. -->","yoast_head_json":{"title":"Dobitnici - Vegeta","robots":{"index":"index","follow":"follow","max-snippet":"max-snippet:-1","max-image-preview":"max-image-preview:large","max-video-preview":"max-video-preview:-1"},"canonical":"https:\/\/vegeta.com\/hr\/sve-ima-bolji-okus-dobitnici\/","og_locale":"hr_HR","og_type":"article","og_title":"Dobitnici - Vegeta","og_description":"Dobitnici nagradnog natje\u010daja \u201e#onokad Vegeta popravi dan\u201c","og_url":"https:\/\/vegeta.com\/hr\/sve-ima-bolji-okus-dobitnici\/","og_site_name":"Vegeta","article_modified_time":"2023-12-22T08:13:47+00:00","og_image":[{"width":2400,"height":1260,"url":"https:\/\/cdn.vegeta.com\/cro\/2026\/02\/image-vegeta-kuhanje-je-strasno-nn-social-share-698f016a72a38.png","type":"image\/png"}],"twitter_card":"summary_large_image","twitter_misc":{"Est. reading time":"1 minuta"},"schema":{"@context":"https:\/\/schema.org","@graph":[{"@type":"WebPage","@id":"https:\/\/vegeta.com\/hr\/sve-ima-bolji-okus-dobitnici\/","url":"https:\/\/vegeta.com\/hr\/sve-ima-bolji-okus-dobitnici\/","name":"Dobitnici - Vegeta","isPartOf":{"@id":"https:\/\/vegeta.com\/hr\/#website"},"datePublished":"2023-12-19T12:31:26+00:00","dateModified":"2023-12-22T08:13:47+00:00","breadcrumb":{"@id":"https:\/\/vegeta.com\/hr\/sve-ima-bolji-okus-dobitnici\/#breadcrumb"},"inLanguage":"hr","potentialAction":[{"@type":"ReadAction","target":["https:\/\/vegeta.com\/hr\/sve-ima-bolji-okus-dobitnici\/"]}]},{"@type":"BreadcrumbList","@id":"https:\/\/vegeta.com\/hr\/sve-ima-bolji-okus-dobitnici\/#breadcrumb","itemListElement":[{"@type":"ListItem","position":1,"name":"Home","item":"https:\/\/vegeta.com\/hr\/"},{"@type":"ListItem","position":2,"name":"Dobitnici"}]},{"@type":"WebSite","@id":"https:\/\/vegeta.com\/hr\/#website","url":"https:\/\/vegeta.com\/hr\/","name":"Vegeta","description":"Tko \u0107e zakuhati stra\u0161no dobru pri\u010du i osvojiti iPhone 17? Mo\u017eda ba\u0161 ti - prijavi se!","publisher":{"@id":"https:\/\/vegeta.com\/hr\/#organization"},"potentialAction":[{"@type":"SearchAction","target":{"@type":"EntryPoint","urlTemplate":"https:\/\/vegeta.com\/hr\/?s={search_term_string}"},"query-input":{"@type":"PropertyValueSpecification","valueRequired":true,"valueName":"search_term_string"}}],"inLanguage":"hr"},{"@type":"Organization","@id":"https:\/\/vegeta.com\/hr\/#organization","name":"Vegeta","url":"https:\/\/vegeta.com\/hr\/","logo":{"@type":"ImageObject","inLanguage":"hr","@id":"https:\/\/vegeta.com\/hr\/#\/schema\/logo\/image\/","url":"https:\/\/cdn.vegeta.com\/cro\/2023\/09\/image-vegeta-app-1024.png","contentUrl":"https:\/\/cdn.vegeta.com\/cro\/2023\/09\/image-vegeta-app-1024.png","width":946,"height":944,"caption":"Vegeta"},"image":{"@id":"https:\/\/vegeta.com\/hr\/#\/schema\/logo\/image\/"}}]}},"_links":{"self":[{"href":"https:\/\/vegeta.com\/hr\/wp-json\/wp\/v2\/pages\/6013","targetHints":{"allow":["GET"]}}],"collection":[{"href":"https:\/\/vegeta.com\/hr\/wp-json\/wp\/v2\/pages"}],"about":[{"href":"https:\/\/vegeta.com\/hr\/wp-json\/wp\/v2\/types\/page"}],"author":[{"embeddable":true,"href":"https:\/\/vegeta.com\/hr\/wp-json\/wp\/v2\/users\/2"}],"replies":[{"embeddable":true,"href":"https:\/\/vegeta.com\/hr\/wp-json\/wp\/v2\/comments?post=6013"}],"version-history":[{"count":5,"href":"https:\/\/vegeta.com\/hr\/wp-json\/wp\/v2\/pages\/6013\/revisions"}],"predecessor-version":[{"id":6028,"href":"https:\/\/vegeta.com\/hr\/wp-json\/wp\/v2\/pages\/6013\/revisions\/6028"}],"wp:attachment":[{"href":"https:\/\/vegeta.com\/hr\/wp-json\/wp\/v2\/media?parent=6013"}],"curies":[{"name":"wp","href":"https:\/\/api.w.org\/{rel}","templated":true}]}}