{"id":4512,"date":"2023-11-16T11:23:21","date_gmt":"2023-11-16T11:23:21","guid":{"rendered":"https:\/\/vegeta.com\/hr\/?page_id=4512"},"modified":"2025-02-06T13:08:23","modified_gmt":"2025-02-06T13:08:23","slug":"sve-ima-bolji-okus","status":"publish","type":"page","link":"https:\/\/vegeta.com\/hr\/sve-ima-bolji-okus\/","title":{"rendered":"Sve ima bolji okus"},"content":{"rendered":"\n<figure class=\"wp-block-image size-full is-resized umami-page__hero\"><img loading=\"lazy\" decoding=\"async\" src=\"https:\/\/vegeta.com\/hr\/wp-content\/uploads\/2023\/11\/image-hero-desktop.png\" alt=\"Sve ima bolji okus s Vegetom\" class=\"wp-image-4513\" width=\"918\" height=\"549\" srcset=\"https:\/\/cdn.vegeta.com\/cro\/2023\/11\/image-hero-desktop.png 918w, https:\/\/cdn.vegeta.com\/cro\/2023\/11\/image-hero-desktop-300x179.png 300w, https:\/\/cdn.vegeta.com\/cro\/2023\/11\/image-hero-desktop-768x459.png 768w\" sizes=\"auto, (max-width: 918px) 100vw, 918px\" \/><\/figure>\n\n\n\n<figure class=\"wp-block-image size-full umami-page__hero umami-page__hero--mobile\"><img loading=\"lazy\" decoding=\"async\" width=\"550\" height=\"702\" src=\"https:\/\/vegeta.com\/hr\/wp-content\/uploads\/2023\/11\/image-hero-mobile.png\" alt=\"Sve ima bolji okus s Vegetom\" class=\"wp-image-4514\" srcset=\"https:\/\/cdn.vegeta.com\/cro\/2023\/11\/image-hero-mobile.png 550w, https:\/\/cdn.vegeta.com\/cro\/2023\/11\/image-hero-mobile-235x300.png 235w\" sizes=\"auto, (max-width: 550px) 100vw, 550px\" \/><\/figure>\n\n\n\n<div class=\"wp-block-columns umami-page__nn is-layout-flex wp-container-core-columns-is-layout-9d6595d7 wp-block-columns-is-layout-flex\">\n<div class=\"wp-block-column is-layout-flow wp-block-column-is-layout-flow\">\n<figure class=\"wp-block-image size-full\"><img loading=\"lazy\" decoding=\"async\" width=\"176\" height=\"80\" src=\"https:\/\/vegeta.com\/hr\/wp-content\/uploads\/2023\/11\/image-nagradni-natjecaj-1.png\" alt=\"\" class=\"wp-image-4530\"\/><\/figure>\n\n\n\n<h3 class=\"wp-block-heading\">#onokad Vegeta popravi dan<\/h3>\n\n\n\n<p>Hvala svima koji su s nama podijelili svoje najlu\u0111e situacije. Stvarno \u0107e vam dobro do\u0107i na\u0161 Vegeta spremnik. \ud83d\ude09&nbsp;<br><br>Saznaj jesi li me\u0111u sretnih 100 koji su ga osvojili!<\/p>\n\n\n\n<p class=\"c-button\"><a href=\"https:\/\/vegeta.com\/hr\/sve-ima-bolji-okus-dobitnici\">LISTA DOBITNIKA<\/a><\/p>\n\n\n\n<p>Vi\u0161e saznaj u <a href=\"https:\/\/vegeta.com\/hr\/sve-ima-bolji-okus-pravila\/\">pravilima nagradnog natje\u010daja<\/a>.<\/p>\n<\/div>\n\n\n\n<div class=\"wp-block-column is-layout-flow wp-block-column-is-layout-flow\">\n<figure class=\"wp-block-image size-full\"><img loading=\"lazy\" decoding=\"async\" width=\"615\" height=\"561\" src=\"https:\/\/vegeta.com\/hr\/wp-content\/uploads\/2023\/11\/image-nn-nagrada-3.png\" alt=\"\" class=\"wp-image-4531\" srcset=\"https:\/\/cdn.vegeta.com\/cro\/2023\/11\/image-nn-nagrada-3.png 615w, https:\/\/cdn.vegeta.com\/cro\/2023\/11\/image-nn-nagrada-3-300x274.png 300w\" sizes=\"auto, (max-width: 615px) 100vw, 615px\" \/><\/figure>\n<\/div>\n<\/div>\n\n\n\n<div class=\"umami-latest-articles\">\n\t<div class=\"c-container\">\n\t\t<p class=\"umami-latest-articles__text\">Pogledaj sve prijave<\/p>\n\t\t<span class=\"umami-latest-articles__splitter\">\n\t\t\t\t\t<p>\u2022<\/p>\n\t\t\t\t\t<p>\u2022<\/p>\n\t\t\t\t\t<p>\u2022<\/p>\n\t\t\t\t<\/span>\n\n\t\t<div class=\"umami-latest-articles__items\">\n\t\t\t\t\t\t\t\t<a href=\"https:\/\/vegeta.com\/hr\/sve-ima-bolji-okus\/6002\/\" class=\"c-umami-aplication-box-link\">\n\t<div class=\"c-umami-aplication-box\">\n\t\t<p class=\"c-umami-aplication-box__content \">\n\t\t\t<\/p><p>#onokad ode\u0161 na izlet i zaboravi\u0161 vegetu\u2026sa klju\u010devima u d\u017eepu ima\u0161 za\u010din uvijek uz sebe \u2665\ufe0f<\/p>\n\n\t\t<p><\/p>\n\t<\/div>\n\t<\/a>\n\t\t\t\t\t\t\t\t<a href=\"https:\/\/vegeta.com\/hr\/sve-ima-bolji-okus\/6001\/\" class=\"c-umami-aplication-box-link\">\n\t<div class=\"c-umami-aplication-box\">\n\t\t<p class=\"c-umami-aplication-box__content \">\n\t\t\t<\/p><p>Trenutno zivim i radim u Parisu,stjecem nove prijatelje.I tako se odlucim pozvati prijatelje na veceru,pokazati im nasu hranu jer ova francuska  nije najbolja. Prijatelji su bili odusevljeni okusima i pitali u cemu je tajna.Pa u VEGETI i mojoj mami koja mi je spremila dvije vrecice. OBJE moji heroji<\/p>\n\n\t\t<p><\/p>\n\t<\/div>\n\t<\/a>\n\t\t\t\t\t\t\t\t<a href=\"https:\/\/vegeta.com\/hr\/sve-ima-bolji-okus\/6000\/\" class=\"c-umami-aplication-box-link\">\n\t<div class=\"c-umami-aplication-box\">\n\t\t<p class=\"c-umami-aplication-box__content \">\n\t\t\t<\/p><p>Nocna smjena, ekipa gladna, nista ne radi. Imamo samo kruha i krompira.Aj odlucimo staviti krumpire u pecnicu,a ni soli ni papra,nikojeg zacina.Znamo svi da bi vegeta dala bolji okus, puninu samom krumpiru\u2026<br>\nJer osim njega i kruha nismo imali nista.<br>\nAl,eto u 3 sata po noci i to je dobro.<\/p>\n\n\t\t<p><\/p>\n\t<\/div>\n\t<\/a>\n\t\t\t\t\t<\/div>\n\t\t<div class=\"umami-latest-articles__button\">\n\t\t\t<a class=\"c-button c-button--circle c-button--circle-under c-button--circle-under-blue\" href=\"https:\/\/vegeta.com\/hr\/sve-ima-bolji-okus-arhiva\/\" data-pgtm=\"itemClick\" data-pgtm-element-category=\"button\" data-pgtm-element-label=\"vidi vi\u0161e\" data-pgtm-element-page-location=\"body\">\n\t<div class=\"c-button__counter-container c-button__counter-container--hidden\">\n\t\t<span class=\"c-button__counter-container__text\"><\/span>\n\t<\/div>\n\t\t\t<div class=\"c-button__circle\">\n\t\t\t<div class=\"c-button__circle__arrow\">\n\t\t\t\t<svg width=\"62\" height=\"14\" viewBox=\"0 0 62 14\" fill=\"none\" xmlns=\"http:\/\/www.w3.org\/2000\/svg\">\n<path d=\"M1 7L61 7M61 7L56.0413 1M61 7L56.0413 13\" stroke=\"#E9987F\" stroke-width=\"2\" stroke-linecap=\"round\" stroke-linejoin=\"round\"><\/path>\n<\/svg>\n\n\t\t\t<\/div>\n\t\t<\/div>\n\t\t<span class=\"c-button__text\">vidi vi\u0161e<\/span>\n<\/a>\n\t\t<\/div>\n\t<\/div>\n<\/div>\n\n\n\n<div class=\"wp-block-group umami-page__tvc\"><div class=\"wp-block-group__inner-container is-layout-constrained wp-block-group-is-layout-constrained\">\n<figure class=\"wp-block-image size-full\"><img loading=\"lazy\" decoding=\"async\" width=\"125\" height=\"80\" src=\"https:\/\/vegeta.com\/hr\/wp-content\/uploads\/2023\/11\/image-illustration-eyes.png\" alt=\"\" class=\"wp-image-4515\"\/><\/figure>\n\n\n\n<p>KAD ZAGUSTI TU JE VEGETA<\/p>\n\n\n\n<h2 class=\"wp-block-heading\">Popravlja <span class=\"gf-underlined-text\">svaku<\/span> situaciju<\/h2>\n\n\n\n<div class=\"wp-block-columns is-layout-flex wp-container-core-columns-is-layout-9d6595d7 wp-block-columns-is-layout-flex\">\n<div class=\"wp-block-column is-layout-flow wp-block-column-is-layout-flow\">\n<figure class=\"wp-block-embed is-type-video is-provider-youtube wp-block-embed-youtube wp-embed-aspect-16-9 wp-has-aspect-ratio\"><div class=\"wp-block-embed__wrapper\">\n<iframe loading=\"lazy\" title=\"Sve ima bolji okus s Vegetom!\" width=\"500\" height=\"281\" src=\"https:\/\/www.youtube.com\/embed\/GWNpEyq2YB0?feature=oembed\" frameborder=\"0\" allow=\"accelerometer; autoplay; clipboard-write; encrypted-media; gyroscope; picture-in-picture; web-share\" referrerpolicy=\"strict-origin-when-cross-origin\" allowfullscreen><\/iframe>\n<\/div><\/figure>\n<\/div>\n\n\n\n<div class=\"wp-block-column is-layout-flow wp-block-column-is-layout-flow\">\n<figure class=\"wp-block-embed is-type-video is-provider-youtube wp-block-embed-youtube wp-embed-aspect-16-9 wp-has-aspect-ratio\"><div class=\"wp-block-embed__wrapper\">\n<iframe loading=\"lazy\" title=\"Sve ima bolji okus s Vegetom!\" width=\"500\" height=\"281\" src=\"https:\/\/www.youtube.com\/embed\/7z_eGUpdy_g?feature=oembed\" frameborder=\"0\" allow=\"accelerometer; autoplay; clipboard-write; encrypted-media; gyroscope; picture-in-picture; web-share\" referrerpolicy=\"strict-origin-when-cross-origin\" allowfullscreen><\/iframe>\n<\/div><\/figure>\n<\/div>\n<\/div>\n<\/div><\/div>\n\n\n\n<div class=\"gb-embeded-block umami-page__tik-tok \" id=\"\">\n\t<div class=\"gb-embeded-block__container c-container\">\n\t\t<div class=\"gb-embeded-block__container__top\">\n\t\t\t<h2 class=\"gb-embeded-block__container__top__title\">\n\t\t\t\tPOV: sve \u0161to Vegeta takne, ima <span class=\"gf-underlined-text\">bolji okus<\/span>\n\t\t\t<\/h2>\n\t\t\t<p class=\"gb-embeded-block__container__top__description\">\n\t\t\t\tVegeta je tvoj BFF u svijetu gdje prosje\u010dan okus nije ni opcija! Bilo da je rije\u010d o #food ili #life izazovu, uz Vegetu je sve ukusnije.<br>Svaki put!\n\t\t\t<\/p>\n\t\t<\/div>\n\t\t<div class=\"gb-embeded-block__container__embeded\">\n\t\t\t<div class=\"lazy-loader hidden js-lazy-loader\">\n\t\t\t\t\n\n<blockquote class=\"tiktok-embed\" cite=\"https:\/\/www.tiktok.com\/@vegeta.podravka\" data-unique-id=\"vegeta.podravka\" data-embed-type=\"creator\" style=\"max-width: 780px; min-width: 288px;\" > <section> <a target=\"_blank\" href=\"https:\/\/www.tiktok.com\/@vegeta.podravka?refer=creator_embed\" rel=\"noopener\">@vegeta.podravka<\/a> <\/section> <\/blockquote> <script async src=\"https:\/\/www.tiktok.com\/embed.js\"><\/script>\n\n\n\t\t\t<\/div>\n\t\t\t<div class=\"gb-embeded-block__container__embeded__decoration\">\n\t\t\t\t<img decoding=\"async\" loading=\"lazy\" class=\"gb-embeded-block__container__embeded__decoration__image\" src=\"https:\/\/vegeta.com\/hr\/wp-content\/themes\/vegeta-theme\/assets\/images\/image-recipe-ginger-blur.png\" alt=\"Decoration image left\" \/>\n\t\t\t<\/div>\n\t\t\t<div class=\"gb-embeded-block__container__embeded__decoration gb-embeded-block__container__embeded__decoration--right\">\n\t\t\t\t<img decoding=\"async\" loading=\"lazy\" class=\"gb-embeded-block__container__embeded__decoration__image\" src=\"https:\/\/vegeta.com\/hr\/wp-content\/themes\/vegeta-theme\/assets\/images\/image-chive-leek.png\" alt=\"Decoration image right\" \/>\n\t\t\t<\/div>\n\t\t<\/div>\n\t\t\t<\/div>\n<\/div>\n","protected":false},"excerpt":{"rendered":"<p>#onokad Vegeta popravi dan Hvala svima koji su s nama podijelili svoje najlu\u0111e situacije. Stvarno \u0107e vam dobro do\u0107i na\u0161 Vegeta spremnik. \ud83d\ude09&nbsp; Saznaj jesi li me\u0111u sretnih 100 koji su ga osvojili! LISTA DOBITNIKA Vi\u0161e saznaj u pravilima nagradnog natje\u010daja. Pogledaj sve prijave \u2022 \u2022 \u2022 #onokad ode\u0161 na izlet i zaboravi\u0161 vegetu\u2026sa klju\u010devima [&hellip;]<\/p>\n","protected":false},"author":2,"featured_media":4520,"parent":0,"menu_order":0,"comment_status":"closed","ping_status":"closed","template":"pagetemplate-umami.php","meta":{"_acf_changed":false,"ep_exclude_from_search":false,"footnotes":""},"class_list":["post-4512","page","type-page","status-publish","has-post-thumbnail","hentry"],"acf":[],"yoast_head":"<!-- This site is optimized with the Yoast SEO plugin v25.1 - https:\/\/yoast.com\/wordpress\/plugins\/seo\/ -->\n<title>Sve ima bolji okus - Vegeta<\/title>\n<meta name=\"description\" content=\"Sretan kraj svakog kulinarskog eksperimenta.\" \/>\n<meta name=\"robots\" content=\"index, follow, max-snippet:-1, max-image-preview:large, max-video-preview:-1\" \/>\n<link rel=\"canonical\" href=\"https:\/\/vegeta.com\/hr\/sve-ima-bolji-okus\/\" \/>\n<meta property=\"og:locale\" content=\"hr_HR\" \/>\n<meta property=\"og:type\" content=\"article\" \/>\n<meta property=\"og:title\" content=\"Sve ima bolji okus s Vegetom\" \/>\n<meta property=\"og:description\" content=\"Sretan kraj svakog kulinarskog eksperimenta.\" \/>\n<meta property=\"og:url\" content=\"https:\/\/vegeta.com\/hr\/sve-ima-bolji-okus\/\" \/>\n<meta property=\"og:site_name\" content=\"Vegeta\" \/>\n<meta property=\"article:modified_time\" content=\"2025-02-06T13:08:23+00:00\" \/>\n<meta property=\"og:image\" content=\"https:\/\/cdn.vegeta.com\/cro\/2023\/11\/vegeta-umami-social-share-1.png\" \/>\n\t<meta property=\"og:image:width\" content=\"1200\" \/>\n\t<meta property=\"og:image:height\" content=\"630\" \/>\n\t<meta property=\"og:image:type\" content=\"image\/png\" \/>\n<meta name=\"twitter:card\" content=\"summary_large_image\" \/>\n<meta name=\"twitter:title\" content=\"Sve ima bolji okus s Vegetom\" \/>\n<meta name=\"twitter:description\" content=\"Sretan kraj svakog kulinarskog eksperimenta.\" \/>\n<meta name=\"twitter:image\" content=\"https:\/\/cdn.vegeta.com\/cro\/2023\/11\/vegeta-umami-social-share-1.png\" \/>\n<meta name=\"twitter:label1\" content=\"Est. reading time\" \/>\n\t<meta name=\"twitter:data1\" content=\"2 minute\" \/>\n<script type=\"application\/ld+json\" class=\"yoast-schema-graph\">{\"@context\":\"https:\/\/schema.org\",\"@graph\":[{\"@type\":\"WebPage\",\"@id\":\"https:\/\/vegeta.com\/hr\/sve-ima-bolji-okus\/\",\"url\":\"https:\/\/vegeta.com\/hr\/sve-ima-bolji-okus\/\",\"name\":\"Sve ima bolji okus - Vegeta\",\"isPartOf\":{\"@id\":\"https:\/\/vegeta.com\/hr\/#website\"},\"primaryImageOfPage\":{\"@id\":\"https:\/\/vegeta.com\/hr\/sve-ima-bolji-okus\/#primaryimage\"},\"image\":{\"@id\":\"https:\/\/vegeta.com\/hr\/sve-ima-bolji-okus\/#primaryimage\"},\"thumbnailUrl\":\"https:\/\/cdn.vegeta.com\/cro\/2023\/11\/vegeta-umami-social-share-1.png\",\"datePublished\":\"2023-11-16T11:23:21+00:00\",\"dateModified\":\"2025-02-06T13:08:23+00:00\",\"description\":\"Sretan kraj svakog kulinarskog eksperimenta.\",\"breadcrumb\":{\"@id\":\"https:\/\/vegeta.com\/hr\/sve-ima-bolji-okus\/#breadcrumb\"},\"inLanguage\":\"hr\",\"potentialAction\":[{\"@type\":\"ReadAction\",\"target\":[\"https:\/\/vegeta.com\/hr\/sve-ima-bolji-okus\/\"]}]},{\"@type\":\"ImageObject\",\"inLanguage\":\"hr\",\"@id\":\"https:\/\/vegeta.com\/hr\/sve-ima-bolji-okus\/#primaryimage\",\"url\":\"https:\/\/cdn.vegeta.com\/cro\/2023\/11\/vegeta-umami-social-share-1.png\",\"contentUrl\":\"https:\/\/cdn.vegeta.com\/cro\/2023\/11\/vegeta-umami-social-share-1.png\",\"width\":1200,\"height\":630},{\"@type\":\"BreadcrumbList\",\"@id\":\"https:\/\/vegeta.com\/hr\/sve-ima-bolji-okus\/#breadcrumb\",\"itemListElement\":[{\"@type\":\"ListItem\",\"position\":1,\"name\":\"Home\",\"item\":\"https:\/\/vegeta.com\/hr\/\"},{\"@type\":\"ListItem\",\"position\":2,\"name\":\"Sve ima bolji okus\"}]},{\"@type\":\"WebSite\",\"@id\":\"https:\/\/vegeta.com\/hr\/#website\",\"url\":\"https:\/\/vegeta.com\/hr\/\",\"name\":\"Vegeta\",\"description\":\"Tko \u0107e zakuhati stra\u0161no dobru pri\u010du i osvojiti iPhone 17? Mo\u017eda ba\u0161 ti - prijavi se!\",\"publisher\":{\"@id\":\"https:\/\/vegeta.com\/hr\/#organization\"},\"potentialAction\":[{\"@type\":\"SearchAction\",\"target\":{\"@type\":\"EntryPoint\",\"urlTemplate\":\"https:\/\/vegeta.com\/hr\/?s={search_term_string}\"},\"query-input\":{\"@type\":\"PropertyValueSpecification\",\"valueRequired\":true,\"valueName\":\"search_term_string\"}}],\"inLanguage\":\"hr\"},{\"@type\":\"Organization\",\"@id\":\"https:\/\/vegeta.com\/hr\/#organization\",\"name\":\"Vegeta\",\"url\":\"https:\/\/vegeta.com\/hr\/\",\"logo\":{\"@type\":\"ImageObject\",\"inLanguage\":\"hr\",\"@id\":\"https:\/\/vegeta.com\/hr\/#\/schema\/logo\/image\/\",\"url\":\"https:\/\/cdn.vegeta.com\/cro\/2023\/09\/image-vegeta-app-1024.png\",\"contentUrl\":\"https:\/\/cdn.vegeta.com\/cro\/2023\/09\/image-vegeta-app-1024.png\",\"width\":946,\"height\":944,\"caption\":\"Vegeta\"},\"image\":{\"@id\":\"https:\/\/vegeta.com\/hr\/#\/schema\/logo\/image\/\"}}]}<\/script>\n<!-- \/ Yoast SEO plugin. -->","yoast_head_json":{"title":"Sve ima bolji okus - Vegeta","description":"Sretan kraj svakog kulinarskog eksperimenta.","robots":{"index":"index","follow":"follow","max-snippet":"max-snippet:-1","max-image-preview":"max-image-preview:large","max-video-preview":"max-video-preview:-1"},"canonical":"https:\/\/vegeta.com\/hr\/sve-ima-bolji-okus\/","og_locale":"hr_HR","og_type":"article","og_title":"Sve ima bolji okus s Vegetom","og_description":"Sretan kraj svakog kulinarskog eksperimenta.","og_url":"https:\/\/vegeta.com\/hr\/sve-ima-bolji-okus\/","og_site_name":"Vegeta","article_modified_time":"2025-02-06T13:08:23+00:00","og_image":[{"width":1200,"height":630,"url":"https:\/\/cdn.vegeta.com\/cro\/2023\/11\/vegeta-umami-social-share-1.png","type":"image\/png"}],"twitter_card":"summary_large_image","twitter_title":"Sve ima bolji okus s Vegetom","twitter_description":"Sretan kraj svakog kulinarskog eksperimenta.","twitter_image":"https:\/\/cdn.vegeta.com\/cro\/2023\/11\/vegeta-umami-social-share-1.png","twitter_misc":{"Est. reading time":"2 minute"},"schema":{"@context":"https:\/\/schema.org","@graph":[{"@type":"WebPage","@id":"https:\/\/vegeta.com\/hr\/sve-ima-bolji-okus\/","url":"https:\/\/vegeta.com\/hr\/sve-ima-bolji-okus\/","name":"Sve ima bolji okus - Vegeta","isPartOf":{"@id":"https:\/\/vegeta.com\/hr\/#website"},"primaryImageOfPage":{"@id":"https:\/\/vegeta.com\/hr\/sve-ima-bolji-okus\/#primaryimage"},"image":{"@id":"https:\/\/vegeta.com\/hr\/sve-ima-bolji-okus\/#primaryimage"},"thumbnailUrl":"https:\/\/cdn.vegeta.com\/cro\/2023\/11\/vegeta-umami-social-share-1.png","datePublished":"2023-11-16T11:23:21+00:00","dateModified":"2025-02-06T13:08:23+00:00","description":"Sretan kraj svakog kulinarskog eksperimenta.","breadcrumb":{"@id":"https:\/\/vegeta.com\/hr\/sve-ima-bolji-okus\/#breadcrumb"},"inLanguage":"hr","potentialAction":[{"@type":"ReadAction","target":["https:\/\/vegeta.com\/hr\/sve-ima-bolji-okus\/"]}]},{"@type":"ImageObject","inLanguage":"hr","@id":"https:\/\/vegeta.com\/hr\/sve-ima-bolji-okus\/#primaryimage","url":"https:\/\/cdn.vegeta.com\/cro\/2023\/11\/vegeta-umami-social-share-1.png","contentUrl":"https:\/\/cdn.vegeta.com\/cro\/2023\/11\/vegeta-umami-social-share-1.png","width":1200,"height":630},{"@type":"BreadcrumbList","@id":"https:\/\/vegeta.com\/hr\/sve-ima-bolji-okus\/#breadcrumb","itemListElement":[{"@type":"ListItem","position":1,"name":"Home","item":"https:\/\/vegeta.com\/hr\/"},{"@type":"ListItem","position":2,"name":"Sve ima bolji okus"}]},{"@type":"WebSite","@id":"https:\/\/vegeta.com\/hr\/#website","url":"https:\/\/vegeta.com\/hr\/","name":"Vegeta","description":"Tko \u0107e zakuhati stra\u0161no dobru pri\u010du i osvojiti iPhone 17? Mo\u017eda ba\u0161 ti - prijavi se!","publisher":{"@id":"https:\/\/vegeta.com\/hr\/#organization"},"potentialAction":[{"@type":"SearchAction","target":{"@type":"EntryPoint","urlTemplate":"https:\/\/vegeta.com\/hr\/?s={search_term_string}"},"query-input":{"@type":"PropertyValueSpecification","valueRequired":true,"valueName":"search_term_string"}}],"inLanguage":"hr"},{"@type":"Organization","@id":"https:\/\/vegeta.com\/hr\/#organization","name":"Vegeta","url":"https:\/\/vegeta.com\/hr\/","logo":{"@type":"ImageObject","inLanguage":"hr","@id":"https:\/\/vegeta.com\/hr\/#\/schema\/logo\/image\/","url":"https:\/\/cdn.vegeta.com\/cro\/2023\/09\/image-vegeta-app-1024.png","contentUrl":"https:\/\/cdn.vegeta.com\/cro\/2023\/09\/image-vegeta-app-1024.png","width":946,"height":944,"caption":"Vegeta"},"image":{"@id":"https:\/\/vegeta.com\/hr\/#\/schema\/logo\/image\/"}}]}},"_links":{"self":[{"href":"https:\/\/vegeta.com\/hr\/wp-json\/wp\/v2\/pages\/4512","targetHints":{"allow":["GET"]}}],"collection":[{"href":"https:\/\/vegeta.com\/hr\/wp-json\/wp\/v2\/pages"}],"about":[{"href":"https:\/\/vegeta.com\/hr\/wp-json\/wp\/v2\/types\/page"}],"author":[{"embeddable":true,"href":"https:\/\/vegeta.com\/hr\/wp-json\/wp\/v2\/users\/2"}],"replies":[{"embeddable":true,"href":"https:\/\/vegeta.com\/hr\/wp-json\/wp\/v2\/comments?post=4512"}],"version-history":[{"count":12,"href":"https:\/\/vegeta.com\/hr\/wp-json\/wp\/v2\/pages\/4512\/revisions"}],"predecessor-version":[{"id":32386,"href":"https:\/\/vegeta.com\/hr\/wp-json\/wp\/v2\/pages\/4512\/revisions\/32386"}],"wp:featuredmedia":[{"embeddable":true,"href":"https:\/\/vegeta.com\/hr\/wp-json\/wp\/v2\/media\/4520"}],"wp:attachment":[{"href":"https:\/\/vegeta.com\/hr\/wp-json\/wp\/v2\/media?parent=4512"}],"curies":[{"name":"wp","href":"https:\/\/api.w.org\/{rel}","templated":true}]}}