{"id":4489,"date":"2023-11-10T15:15:22","date_gmt":"2023-11-10T15:15:22","guid":{"rendered":"https:\/\/vegeta.com\/hr\/?page_id=4489"},"modified":"2023-12-04T09:49:00","modified_gmt":"2023-12-04T09:49:00","slug":"dobitnici","status":"publish","type":"page","link":"https:\/\/vegeta.com\/hr\/velika-potraga\/dobitnici\/","title":{"rendered":"Dobitnici"},"content":{"rendered":"\n<p>Dobitnici nagradnog natje\u010daja \u201eVelika potraga za Vegeta kuharom\u201c:<\/p>\n\n\n\n<p>Ilinka Bilic, Zagreb<br>Marina Hleb, Vara\u017edin<br>\u017deljka Kralj, Sveti Ivan Zelina<br>Andreja Berdajs, Sisak<br>Dorian Longin, Zagreb<br>Marta Kova\u010d, Vara\u017edin<br>Tatjana \u0106asi\u0107, Bjelovar<br>\u017deljka Pavli\u010di\u0107, Vinkovci<br>Martina Vazdar, Kutina<br>Katarina Relji\u0107, Zagreb<br>Nikola Matosovi\u0107, Rijeka<br>Tajana Pavlini\u0107, Oroslavje<br>Martina Luka\u010devi\u0107, Strmec Podravski<br>Keti \u010cavkoska, Plo\u010de<br>Laura Na\u0111, Osijek<br>Danijela Bauk, Seketin<br>Tena \u017dagar, Osijek<br>Iva Kap\u0161, 51226<br>Anita Habulan, Vara\u017edin<br>Marija Neman, Popova\u010da<br>Ines \u010ci\u017eme\u0161ija, Osijek<br>Klaudija Sovar, Podturen<br>Dajana Krpan, Otok<br>Maja Pauli, Rovinj<br>Ivana Sablji\u0107, Kri\u017e<br>Sanja Livovi\u0107, Petrijevci<br>Jadranka Kosovi\u0107, Velika Gorica<br>Ivka Tomi\u0107, Split<br>Julija Regner, Prugovo<br>Rudika Vidakovi\u0107, Osijek<br>Marijana Odak Krsti\u010devi\u0107, Metkovi\u0107<br>Gordana Kova\u010d, Virovitica<br>Jelena Samard\u017ei\u0107, Velika Gorica<br>Mihaela Posari\u0107, Voloder<br>Andreja Bari\u0161i\u0107, Mlini\u0161te<br>Margareta \u0160okac, \u0160umarina Beli Manastir<br>Sanja Vojvodi\u0107, Vinkovci<br>Melita Cobovi\u0107, Nedeli\u0161\u0107e<br>Matea \u0160u\u010dur, Zagreb<br>Mirjana \u0106u\u0161i\u0107, Zagreb<br>Maja Vazdar, Koprivnica<br>Marijana Cesarec, Sisak<br>Josipa Kulu\u0161i\u0107, Split<br>Anamarija Ivankovi\u0107, Orahovica<br>Blanka Strahonja, Osijek<br>Izabela Raunik Keglevi\u0107, Tar<br>Denis Malovic, Podturen<br>Barbara \u010cargonja, \u010cavle<br>Natalia Perica, Pore\u010d<br>Sanja Buljuba\u0161i\u0107, Osijek<br>Tomislava Dugand\u017ei\u0107, Trogir-Mastrinka<br>Karmela Stojak, Zadar<br>Zoran Dikli\u0107, \u0160ibenik<br>Jelena Debeljak, Pregrada<br>Lahorka Belinak, Ivani\u0107-Grad<br>Stela Subjak, Ledenik<br>Petar Mudrini\u0107, Vine\u017e<br>Nenad Blagojevi\u0107, Pleternica<br>Tonci Vukovic, Zadar<br>Ivana Sever, Zagreb<br>Nikola Piasevoli, Split<br>Lucija Ani\u0107, Zagreb<br>Marta Brali\u0107, Bibinje<br>Monika Klobu\u010dar, Glina<br>Bernard Blagaj\u010devi\u0107, Zagreb<br>Ella Ujakovi\u0107, Split<br>Snje\u017eana Koprek, Slatina<br>Nedjeljka Matijevi\u0107, Kostanje<br>Tanja Hladik, Gare\u0161nica<br>Monika Kirin, Nova Ra\u010da<br>Ana Jagodi\u0107, Zlatar<br>Sanja Vojvodi\u0107, Vinkovci<br>\u0160tefica Radi\u0107, Vara\u017edin<br>Jurica Vlahovi\u010dek, Zagreb<br>Ivana Tr\u010dak, Zagreb<br>Ivana \u017dderi\u0107, Opuzen<br>Aleksandra Jurenec Sever, \u010cazma<br>Damir Habijanec, \u0160pi\u0161i\u0107 Bukovica<br>Mihaela Franjko, Sela<br>Nika Opre\u0161nik, Zagreb<br>Tea Butkovi\u0107, Sisak<br>Mario Pand\u017ea, Zagreb<br>Sa\u0161a Vojvodi\u0107, Vi\u0161kovo<br>Kristina Strbat, Pitoma\u010da<br>Marijana Butor, Antunovac<br>Martina Cari\u0107, \u010cazma<br>Ankica Lon\u010dar, Po\u017eega<br>\u017deljana \u0160aki\u0107, Obrovac<br>Mirela Adri\u0107, Zagreb<br>Karla Zapalac, Osijek<br>Matija Matija\u0161i\u0107, Koprivnica<br>Dra\u017een Tuti\u0107, Vodice<br>Andrejaa Ku\u0161ter, Ivanec<br>Marina Sopi\u0107, Var. Toplice<br>Mihaela Podnar, Peru\u0161i\u0107<br>Snje\u017eana Bla\u017eevi\u0107, \u010cakovci<br>Andrea Wolf, Peteranec<br>Nata\u0161a Reljin, Pula<br>Anita Biondi\u0107, Virovitica<br>Marino Pintar, Subotica podravska<\/p>\n","protected":false},"excerpt":{"rendered":"<p>Dobitnici nagradnog natje\u010daja \u201eVelika potraga za Vegeta kuharom\u201c: Ilinka Bilic, ZagrebMarina Hleb, Vara\u017edin\u017deljka Kralj, Sveti Ivan ZelinaAndreja Berdajs, SisakDorian Longin, ZagrebMarta Kova\u010d, Vara\u017edinTatjana \u0106asi\u0107, Bjelovar\u017deljka Pavli\u010di\u0107, VinkovciMartina Vazdar, KutinaKatarina Relji\u0107, ZagrebNikola Matosovi\u0107, RijekaTajana Pavlini\u0107, OroslavjeMartina Luka\u010devi\u0107, Strmec PodravskiKeti \u010cavkoska, Plo\u010deLaura Na\u0111, OsijekDanijela Bauk, SeketinTena \u017dagar, OsijekIva Kap\u0161, 51226Anita Habulan, Vara\u017edinMarija Neman, Popova\u010daInes \u010ci\u017eme\u0161ija, OsijekKlaudija Sovar, [&hellip;]<\/p>\n","protected":false},"author":3,"featured_media":0,"parent":272,"menu_order":0,"comment_status":"closed","ping_status":"closed","template":"","meta":{"_acf_changed":false,"ep_exclude_from_search":false,"footnotes":""},"class_list":["post-4489","page","type-page","status-publish","hentry"],"acf":[],"yoast_head":"<!-- This site is optimized with the Yoast SEO plugin v25.1 - https:\/\/yoast.com\/wordpress\/plugins\/seo\/ -->\n<title>Dobitnici - Vegeta<\/title>\n<meta name=\"robots\" content=\"index, follow, max-snippet:-1, max-image-preview:large, max-video-preview:-1\" \/>\n<link rel=\"canonical\" href=\"https:\/\/vegeta.com\/hr\/velika-potraga\/dobitnici\/\" \/>\n<meta property=\"og:locale\" content=\"hr_HR\" \/>\n<meta property=\"og:type\" content=\"article\" \/>\n<meta property=\"og:title\" content=\"Dobitnici - Vegeta\" \/>\n<meta property=\"og:description\" content=\"Dobitnici nagradnog natje\u010daja \u201eVelika potraga za Vegeta kuharom\u201c: Ilinka Bilic, ZagrebMarina Hleb, Vara\u017edin\u017deljka Kralj, Sveti Ivan ZelinaAndreja Berdajs, SisakDorian Longin, ZagrebMarta Kova\u010d, Vara\u017edinTatjana \u0106asi\u0107, Bjelovar\u017deljka Pavli\u010di\u0107, VinkovciMartina Vazdar, KutinaKatarina Relji\u0107, ZagrebNikola Matosovi\u0107, RijekaTajana Pavlini\u0107, OroslavjeMartina Luka\u010devi\u0107, Strmec PodravskiKeti \u010cavkoska, Plo\u010deLaura Na\u0111, OsijekDanijela Bauk, SeketinTena \u017dagar, OsijekIva Kap\u0161, 51226Anita Habulan, Vara\u017edinMarija Neman, Popova\u010daInes \u010ci\u017eme\u0161ija, OsijekKlaudija Sovar, [&hellip;]\" \/>\n<meta property=\"og:url\" content=\"https:\/\/vegeta.com\/hr\/velika-potraga\/dobitnici\/\" \/>\n<meta property=\"og:site_name\" content=\"Vegeta\" \/>\n<meta property=\"article:modified_time\" content=\"2023-12-04T09:49:00+00:00\" \/>\n<meta property=\"og:image\" content=\"https:\/\/cdn.vegeta.com\/cro\/2026\/02\/image-vegeta-kuhanje-je-strasno-nn-social-share-698f016a72a38.png\" \/>\n\t<meta property=\"og:image:width\" content=\"2400\" \/>\n\t<meta property=\"og:image:height\" content=\"1260\" \/>\n\t<meta property=\"og:image:type\" content=\"image\/png\" \/>\n<meta name=\"twitter:card\" content=\"summary_large_image\" \/>\n<meta name=\"twitter:label1\" content=\"Est. reading time\" \/>\n\t<meta name=\"twitter:data1\" content=\"2 minute\" \/>\n<script type=\"application\/ld+json\" class=\"yoast-schema-graph\">{\"@context\":\"https:\/\/schema.org\",\"@graph\":[{\"@type\":\"WebPage\",\"@id\":\"https:\/\/vegeta.com\/hr\/velika-potraga\/dobitnici\/\",\"url\":\"https:\/\/vegeta.com\/hr\/velika-potraga\/dobitnici\/\",\"name\":\"Dobitnici - Vegeta\",\"isPartOf\":{\"@id\":\"https:\/\/vegeta.com\/hr\/#website\"},\"datePublished\":\"2023-11-10T15:15:22+00:00\",\"dateModified\":\"2023-12-04T09:49:00+00:00\",\"breadcrumb\":{\"@id\":\"https:\/\/vegeta.com\/hr\/velika-potraga\/dobitnici\/#breadcrumb\"},\"inLanguage\":\"hr\",\"potentialAction\":[{\"@type\":\"ReadAction\",\"target\":[\"https:\/\/vegeta.com\/hr\/velika-potraga\/dobitnici\/\"]}]},{\"@type\":\"BreadcrumbList\",\"@id\":\"https:\/\/vegeta.com\/hr\/velika-potraga\/dobitnici\/#breadcrumb\",\"itemListElement\":[{\"@type\":\"ListItem\",\"position\":1,\"name\":\"Home\",\"item\":\"https:\/\/vegeta.com\/hr\/\"},{\"@type\":\"ListItem\",\"position\":2,\"name\":\"Velika potraga\",\"item\":\"https:\/\/vegeta.com\/hr\/velika-potraga\/\"},{\"@type\":\"ListItem\",\"position\":3,\"name\":\"Dobitnici\"}]},{\"@type\":\"WebSite\",\"@id\":\"https:\/\/vegeta.com\/hr\/#website\",\"url\":\"https:\/\/vegeta.com\/hr\/\",\"name\":\"Vegeta\",\"description\":\"Tko \u0107e zakuhati stra\u0161no dobru pri\u010du i osvojiti iPhone 17? Mo\u017eda ba\u0161 ti - prijavi se!\",\"publisher\":{\"@id\":\"https:\/\/vegeta.com\/hr\/#organization\"},\"potentialAction\":[{\"@type\":\"SearchAction\",\"target\":{\"@type\":\"EntryPoint\",\"urlTemplate\":\"https:\/\/vegeta.com\/hr\/?s={search_term_string}\"},\"query-input\":{\"@type\":\"PropertyValueSpecification\",\"valueRequired\":true,\"valueName\":\"search_term_string\"}}],\"inLanguage\":\"hr\"},{\"@type\":\"Organization\",\"@id\":\"https:\/\/vegeta.com\/hr\/#organization\",\"name\":\"Vegeta\",\"url\":\"https:\/\/vegeta.com\/hr\/\",\"logo\":{\"@type\":\"ImageObject\",\"inLanguage\":\"hr\",\"@id\":\"https:\/\/vegeta.com\/hr\/#\/schema\/logo\/image\/\",\"url\":\"https:\/\/cdn.vegeta.com\/cro\/2023\/09\/image-vegeta-app-1024.png\",\"contentUrl\":\"https:\/\/cdn.vegeta.com\/cro\/2023\/09\/image-vegeta-app-1024.png\",\"width\":946,\"height\":944,\"caption\":\"Vegeta\"},\"image\":{\"@id\":\"https:\/\/vegeta.com\/hr\/#\/schema\/logo\/image\/\"}}]}<\/script>\n<!-- \/ Yoast SEO plugin. -->","yoast_head_json":{"title":"Dobitnici - Vegeta","robots":{"index":"index","follow":"follow","max-snippet":"max-snippet:-1","max-image-preview":"max-image-preview:large","max-video-preview":"max-video-preview:-1"},"canonical":"https:\/\/vegeta.com\/hr\/velika-potraga\/dobitnici\/","og_locale":"hr_HR","og_type":"article","og_title":"Dobitnici - Vegeta","og_description":"Dobitnici nagradnog natje\u010daja \u201eVelika potraga za Vegeta kuharom\u201c: Ilinka Bilic, ZagrebMarina Hleb, Vara\u017edin\u017deljka Kralj, Sveti Ivan ZelinaAndreja Berdajs, SisakDorian Longin, ZagrebMarta Kova\u010d, Vara\u017edinTatjana \u0106asi\u0107, Bjelovar\u017deljka Pavli\u010di\u0107, VinkovciMartina Vazdar, KutinaKatarina Relji\u0107, ZagrebNikola Matosovi\u0107, RijekaTajana Pavlini\u0107, OroslavjeMartina Luka\u010devi\u0107, Strmec PodravskiKeti \u010cavkoska, Plo\u010deLaura Na\u0111, OsijekDanijela Bauk, SeketinTena \u017dagar, OsijekIva Kap\u0161, 51226Anita Habulan, Vara\u017edinMarija Neman, Popova\u010daInes \u010ci\u017eme\u0161ija, OsijekKlaudija Sovar, [&hellip;]","og_url":"https:\/\/vegeta.com\/hr\/velika-potraga\/dobitnici\/","og_site_name":"Vegeta","article_modified_time":"2023-12-04T09:49:00+00:00","og_image":[{"width":2400,"height":1260,"url":"https:\/\/cdn.vegeta.com\/cro\/2026\/02\/image-vegeta-kuhanje-je-strasno-nn-social-share-698f016a72a38.png","type":"image\/png"}],"twitter_card":"summary_large_image","twitter_misc":{"Est. reading time":"2 minute"},"schema":{"@context":"https:\/\/schema.org","@graph":[{"@type":"WebPage","@id":"https:\/\/vegeta.com\/hr\/velika-potraga\/dobitnici\/","url":"https:\/\/vegeta.com\/hr\/velika-potraga\/dobitnici\/","name":"Dobitnici - Vegeta","isPartOf":{"@id":"https:\/\/vegeta.com\/hr\/#website"},"datePublished":"2023-11-10T15:15:22+00:00","dateModified":"2023-12-04T09:49:00+00:00","breadcrumb":{"@id":"https:\/\/vegeta.com\/hr\/velika-potraga\/dobitnici\/#breadcrumb"},"inLanguage":"hr","potentialAction":[{"@type":"ReadAction","target":["https:\/\/vegeta.com\/hr\/velika-potraga\/dobitnici\/"]}]},{"@type":"BreadcrumbList","@id":"https:\/\/vegeta.com\/hr\/velika-potraga\/dobitnici\/#breadcrumb","itemListElement":[{"@type":"ListItem","position":1,"name":"Home","item":"https:\/\/vegeta.com\/hr\/"},{"@type":"ListItem","position":2,"name":"Velika potraga","item":"https:\/\/vegeta.com\/hr\/velika-potraga\/"},{"@type":"ListItem","position":3,"name":"Dobitnici"}]},{"@type":"WebSite","@id":"https:\/\/vegeta.com\/hr\/#website","url":"https:\/\/vegeta.com\/hr\/","name":"Vegeta","description":"Tko \u0107e zakuhati stra\u0161no dobru pri\u010du i osvojiti iPhone 17? Mo\u017eda ba\u0161 ti - prijavi se!","publisher":{"@id":"https:\/\/vegeta.com\/hr\/#organization"},"potentialAction":[{"@type":"SearchAction","target":{"@type":"EntryPoint","urlTemplate":"https:\/\/vegeta.com\/hr\/?s={search_term_string}"},"query-input":{"@type":"PropertyValueSpecification","valueRequired":true,"valueName":"search_term_string"}}],"inLanguage":"hr"},{"@type":"Organization","@id":"https:\/\/vegeta.com\/hr\/#organization","name":"Vegeta","url":"https:\/\/vegeta.com\/hr\/","logo":{"@type":"ImageObject","inLanguage":"hr","@id":"https:\/\/vegeta.com\/hr\/#\/schema\/logo\/image\/","url":"https:\/\/cdn.vegeta.com\/cro\/2023\/09\/image-vegeta-app-1024.png","contentUrl":"https:\/\/cdn.vegeta.com\/cro\/2023\/09\/image-vegeta-app-1024.png","width":946,"height":944,"caption":"Vegeta"},"image":{"@id":"https:\/\/vegeta.com\/hr\/#\/schema\/logo\/image\/"}}]}},"_links":{"self":[{"href":"https:\/\/vegeta.com\/hr\/wp-json\/wp\/v2\/pages\/4489","targetHints":{"allow":["GET"]}}],"collection":[{"href":"https:\/\/vegeta.com\/hr\/wp-json\/wp\/v2\/pages"}],"about":[{"href":"https:\/\/vegeta.com\/hr\/wp-json\/wp\/v2\/types\/page"}],"author":[{"embeddable":true,"href":"https:\/\/vegeta.com\/hr\/wp-json\/wp\/v2\/users\/3"}],"replies":[{"embeddable":true,"href":"https:\/\/vegeta.com\/hr\/wp-json\/wp\/v2\/comments?post=4489"}],"version-history":[{"count":5,"href":"https:\/\/vegeta.com\/hr\/wp-json\/wp\/v2\/pages\/4489\/revisions"}],"predecessor-version":[{"id":5383,"href":"https:\/\/vegeta.com\/hr\/wp-json\/wp\/v2\/pages\/4489\/revisions\/5383"}],"up":[{"embeddable":true,"href":"https:\/\/vegeta.com\/hr\/wp-json\/wp\/v2\/pages\/272"}],"wp:attachment":[{"href":"https:\/\/vegeta.com\/hr\/wp-json\/wp\/v2\/media?parent=4489"}],"curies":[{"name":"wp","href":"https:\/\/api.w.org\/{rel}","templated":true}]}}