{"id":34,"date":"2023-05-09T11:35:02","date_gmt":"2023-05-09T11:35:02","guid":{"rendered":"https:\/\/vegeta.com\/hr\/?page_id=34"},"modified":"2026-05-05T13:14:48","modified_gmt":"2026-05-05T13:14:48","slug":"pravila-i-uvjeti-koristenja","status":"publish","type":"page","link":"https:\/\/vegeta.com\/hr\/pravila-i-uvjeti-koristenja\/","title":{"rendered":"Pravila i uvjeti kori\u0161tenja"},"content":{"rendered":"\n<h2 class=\"wp-block-heading\">UVJETI KORI\u0160TENJA WEB LOKACIJE I PODRAVKA KORISNI\u010cKOG RA\u010cUNA<\/h2>\n\n\n\n<p><br>Web stranicu na kojoj se trenutno nalazite (dalje u tekstu: web lokacija) pokrenula je i ure\u0111uje Podravka d.d., Ulica Ante Star\u010devi\u0107a 32, Koprivnica (Grad Koprivnica), OIB: 18928523252 (dalje u tekstu: GRUPA PODRAVKA ili mi).<br>Prvim kori\u0161tenjem web lokacije smatra se da ste u cijelosti upoznati s ovim Uvjetima, da su vam jasni i da ih prihva\u0107ate. Ako niste suglasni s njima, molimo da ne pristupate web lokaciji i da ne koristite njezine sadr\u017eaje. Ako imate bilo kakvih pitanja ili nejasno\u0107a vezanih za Uvjete kori\u0161tenja, molimo da se obratite na\u0161em uredni\u0161tvu na adresu: proizvodi@podravka.hr<\/p>\n\n\n\n<p>Zadr\u017eavamo pravo da izmijenimo izgled i sadr\u017eaj web lokacije te Uvjete kori\u0161tenja stoga vas molimo da iste povremeno prou\u010dite kako biste se upoznali s mogu\u0107im promjenama. Smatrat \u0107emo da va\u0161e naknadno kori\u0161tenje web lokacije predstavlja va\u0161e prihva\u0107anje svih eventualnih izmjena.<\/p>\n\n\n\n<p><strong>Predmetni uvjeti odnose se na nekoliko segmenata:<\/strong><\/p>\n\n\n\n<ol class=\"wp-block-list\">\n<li>Uvjeti kori\u0161tenja.<\/li>\n\n\n\n<li>Autorska i ostala prava intelektualnog vlasni\u0161tva.<\/li>\n\n\n\n<li>Jamstva i uskra\u0107ivanje prava.<\/li>\n\n\n\n<li>Registracija<\/li>\n\n\n\n<li>Linkovi<\/li>\n\n\n\n<li>Promjene i prestanak va\u017eenja.<\/li>\n<\/ol>\n\n\n\n<p><strong>1. Uvjeti kori\u0161tenja<\/strong><br><br><strong>Dopu\u0161teno kori\u0161tenje<\/strong><br><br>Preuzimanje i ispis svakog obrasca, kao npr. za narud\u017ebu i sl., te pregled drugih materijala i sadr\u017eaja na ovoj adresi mogu\u0107e je samo u osobne svrhe. Zabranjeno je javno prikazivanje, preno\u0161enje, objavljivanje, mijenjanje, reproduciranje, distribuiranje, sudjelovanje u prijenosu ili prodaji, izradi kopija, otpremanju te svakoj drugoj vrsti uporabe cjelovitog sadr\u017eaja web lokacije ili jednog njihova dijela te odabir i uskla\u0111ivanje njihova sadr\u017eaja, bez izri\u010ditog pismenog dopu\u0161tenja GRUPE PODRAVKA i drugih nositelja autorskih i ostalih prava intelektualnog vlasni\u0161tva. Ako je takvo dopu\u0161tenje izdano, nije dopu\u0161teno brisati ili mijenjati postoje\u0107e podatke koji se odnose na autorsko pravo i\/ili na trgova\u010dki znak ili drugo pravo intelektualnog vlasni\u0161tva.<br><br><strong>Kori\u0161tenje u trgova\u010dke svrhe<\/strong><br><br>Zabranjeno je koristiti web lokaciju za trgovinu, prodaju te u druge trgova\u010dke svrhe osim kupnje od GRUPE PODRAVKA. Svako objavljivanje reklama ili prikupljanje ponuda za proizvode i usluge nije dopu\u0161teno bez pismenog odobrenja GRUPE PODRAVKA. Zabranjuje se preno\u0161enje i objavljivanje opscenih, uvredljivih, vulgarnih, prijete\u0107ih ili nepristojnih, ili na drugi na\u010din neprihvatljivih ili protuzakonitih sadr\u017eaja, kao i onih kojima se vr\u0161i povreda nekih od prava bilo koje strane te posebno sadr\u017eaja koji sadr\u017ee viruse ili drugi \u0161tetan materijal. Korisnici preuzimaju odgovornost za svaku \u0161tetu koja je posljedica njihovih aktivnosti koje nisu u skladu s prethodno navedenim, kao i za drugu vrstu \u0161tete koja bi iz toga mogla proizi\u0107i. GRUPA PODRAVKA pridr\u017eava pravo (ali ne i obvezu) da materijale i sadr\u017eaje koje korisnici objavljuju na web lokaciji, u cijelosti ili djelomi\u010dno izbri\u0161e.<br><br><strong>Dostavljanje sadr\u017eaja i materijala<\/strong><br><br>Dostavljanjem sadr\u017eaja i materijala (uklju\u010duju\u0107i, ali ne isklju\u010divo, prijedloge, ideje, crte\u017ee, recepte) na ovu adresu, automatski izdajete (ili jam\u010dite da je vlasnik materijala izri\u010dito dopustio) GRUPI PODRAVKA neopoziva, stalna i ekskluzivna prava i licenciju za kori\u0161tenje, adaptiranje i mijenjanje, uklapanje u druge radove, prijevode, objavljivanje, prijenos i distribuciju po \u010ditavom svijetu spomenutog materijala u bilo kojem obliku i kroz sve do sada poznate i budu\u0107e medije u bilo koju svrhu i bez naknade. Uvjeti ove to\u010dke va\u017ee i nakon prestanka va\u017enosti ovih Uvjeta.<\/p>\n\n\n\n<p><strong>2. Autorska i ostala prava intelektualnog vlasni\u0161tva<\/strong><br><br>Sadr\u017eaj web lokacije za\u0161ti\u0107en je autorskim pravima koja pripadaju GRUPI PODRAVKA ili su ustupljena GRUPI PODRAVKA, a u vlasni\u0161tvu su tre\u0107ih osoba. GRUPA PODRAVKA tako\u0111er posjeduje autorsko pravo ure\u0111ivanja, izbora i uskla\u0111ivanja sadr\u017eaja web lokacije. Nadalje, web lokacija sadr\u017ei za\u0161titne znakove, imena pojedinaca i druge sadr\u017eaje intelektualnog vlasni\u0161tva u vlasni\u0161tvu Podravke d.d ili tre\u0107ih osoba, a Podravka je nositelj licencije. Ne smijete smatrati da je bilo koji sadr\u017eaj na web lokaciji za upotrebu bez ograni\u010denja. Mo\u017ee se zatra\u017eiti dozvola za umno\u017eavanje.<\/p>\n\n\n\n<p><strong>Slike i video<\/strong><br><br>Sve fotografije, slike, video zapisi, biografski podaci osoba i\/ili ostali materijali koji se pojavljuju na web lokaciji isklju\u010divo su vlasni\u0161tvo GRUPE PODRAVKA. Autorska i ostala prava intelektualnog vlasni\u0161tva na svim materijalima koji se nalaze na web lokaciji pripadaju GRUPI PODRAVKA. Sva prava su pridr\u017eana. Dopu\u0161tenje se daje subjektima radi kori\u0161tenja tih materijala isklju\u010divo u promid\u017ebene, uredni\u010dke i informativne svrhe objavljivanja u novinama, \u010dasopisima i elektronskim medijima. Druga\u010dija upotreba materijala s web lokacije nije dopu\u0161tena. Tako\u0111er, nije dopu\u0161tena upotreba bilo kojeg materijala s web lokacije u svezi s prodajom ili nu\u0111enjem na prodaju proizvoda ili usluga bilo koje vrste. Definirano dopu\u0161tenje i na\u010din kori\u0161tenja web lokacije ne smije se prenositi, podugovarati ili dodjeljivati i svaki namjeravani i poku\u0161ani prijenos, podugovaranje ili dodjeljivanje smatrat \u0107e se ni\u0161tavnim. Kori\u0161tenjem materijala s web lokacije, medijski korisnici obvezuju se u potpunosti pridr\u017eavati ovdje utvr\u0111enih ograni\u010denja, uvjeta i zahtjeva.<\/p>\n\n\n\n<p><strong>3. Jamstva i uskra\u0107ivanje prava<\/strong><br><br>GRUPA PODRAVKA ula\u017ee razuman napor kako bi se na web lokaciji objavljivali to\u010dni i aktualni podaci, ali ne preuzima odgovornost za to\u010dnost i potpunost istih, kao \u0161to i ne daje pravo prigovora u tom smislu. Osim jamstava za proizvode koje je GRUPA PODRAVKA izri\u010dito objavila, GRUPA PODRAVKA nagla\u0161ava da sve materijale i sadr\u017eaje na web lokaciji treba uzeti \u201ctakvima kakvi jesu\u201d, te se GRUPA PODRAVKA ne smatra odgovornim za eventualne posljedice koje mogu proizi\u0107i iz druga\u010dijeg tuma\u010denja materijala i sadr\u017eaja na web lokaciji. GRUPA PODRAVKA ne jam\u010di da \u0107e web lokacija uvijek biti dostupna i raspolo\u017eiva, te da ne\u0107e sadr\u017eavati pogre\u0161ke ili viruse. Svaki korisnik izri\u010dito prihva\u0107a kori\u0161tenje web lokacije na svoju vlastitu odgovornost.<br>GRUPA PODRAVKA ne odgovara za \u0161tetu ili povredu (uklju\u010duju\u0107i, ali ne isklju\u010divo, posebnu ili posljedi\u010dnu \u0161tetu) koja mo\u017ee biti rezultat kori\u0161tenja ili nemogu\u0107nosti kori\u0161tenja bilo kojeg dijela web lokacije, ili sadr\u017eaja koji su na njoj objavili ili dodali drugi korisnici.<br>Medijski subjekti i ostali korisnici koji koriste web lokaciju, izrijekom prihva\u0107aju obe\u0161tetiti GRUPU PODRAVKA za bilo kakva i sva potra\u017eivanja, tro\u0161kove, \u0161tete ili odgovornosti koje nastaju nesavjesnim kori\u0161tenjem materijala s web lokacije od strane istog korisnika, uklju\u010duju\u0107i i bilo kakvu izravnu, neizravnu, slu\u010dajnu, posebnu ili posljedi\u010dnu \u0161tetu.<br>Nadalje, GRUPA PODRAVKA i dobavlja\u010di ne preuzimaju nikakvu zakonsku odgovornost za to\u010dnost, potpunost ili korisnost podataka, ure\u0111aja, proizvoda ili postupaka ovdje prikazanih, te ne jam\u010de da kori\u0161tenje informacija, ure\u0111aja, proizvoda ili postupaka ne\u0107e uznemiravati privatna prava.<\/p>\n\n\n\n<p><strong>Uskra\u0107ivanje prava na reklamiranje<\/strong><br><br>Spominjanje bilo kojeg konkretnog proizvoda, postupka ili usluge koja ima tr\u017ei\u0161no ime, za\u0161titni znak, proizvo\u0111a\u010da, ili sli\u010dno, ne zna\u010di nu\u017eno da ga GRUPA PODRAVKA ili bilo koji od njezinih zaposlenika i dobavlja\u010da reklamira, preporu\u010duje ili favorizira.<\/p>\n\n\n\n<p><strong>Uskra\u0107ivanje prava na vanjske veze<\/strong><br><br>Pojava vanjskih hiperlinkova ne zna\u010di da GRUPA PODRAVKA, dobavlja\u010di ili pokrovitelji reklamiraju takve vanjske web lokacije, ili informacije, proizvode ili usluge koje oni sadr\u017ee. GRUPA PODRAVKA niti bilo koji od njezinih zaposlenika, pokrovitelja i dobavlja\u010da nema kontrolu nad informacijama koje sadr\u017ee takve vanjske lokacije. Vanjske veze na web lokaciji u skladu su s politikom GRUPE PODRAVKA, koja nije odgovorna za sadr\u017eaj bilo kojeg povezanog sitea koji je dobila od svojih poslu\u017eitelja. Veze mogu uklju\u010divati tekstualne linkove, male slike, ikone ili sli\u010dice koje ilustriraju vezu, a ne reklamiraju proizvode ili usluge.<\/p>\n\n\n\n<p><strong>4. Registracija<\/strong><br><br><strong>JEDINSTVENI PODRAVKA RA\u010cUN (SINGLE SIGN-ON)<\/strong><br>Kako bismo Vam omogu\u0107ili jednostavnu i sigurnu prijavu na vi\u0161e digitalnih platformi i web stranica GRUPE PODRAVKA, uveli smo jedinstveni Podravka korisni\u010dki ra\u010dun. Vi\u0161e ne\u0107e biti potrebe za kreiranjem vi\u0161e razli\u010ditih ra\u010duna ili kori\u0161tenjem razli\u010ditih email adresa.<br>Va\u0161 novi jedinstveni Podravka ra\u010dun bit \u0107e aktiviran tek nakon \u0161to prihvatite nove Uvjete kori\u0161tenja.<br>Kako bismo omogu\u0107ili ovu funkcionalnost, povezali smo i uparili postoje\u0107e korisni\u010dke podatke iz razli\u010ditih baza GRUPE PODRAVKA te ih migrirali na jedno centralno, za\u0161ti\u0107eno mjesto unutar GRUPE PODRAVKA, pritom zadr\u017eavaju\u0107i visoke standarde za\u0161tite i sigurnosti podataka.<br>Privole i dopu\u0161tenja korisnika centralno se pohranjuju u sustavu Keycloak, koji je open-source rje\u0161enje prilago\u0111eno potrebama GRUPE PODRAVKA. Keycloak slu\u017ei kao sigurno mjesto za upravljanje korisni\u010dkim ra\u010dunima i kontrolu pristupa. Ostali na\u0161i sustavi koriste privole za svoje funkcionalnosti, a svaka promjena privole automatski se a\u017eurira u Keycloaku. Na\u0161i sustavi imaju sinkronizirane privole i korisnik mo\u017ee samostalno upravljati privolama. Privole su uvijek dobrovoljne i mogu se u svakom trenutku izmijeniti ili povu\u0107i.<br>Korisnik \u0107e mo\u0107i samostalno upravljati upravljati svojim privolama za razli\u010dite newslettere (tjedni i mjese\u010dni), komunikacijske kanale (email, WhatsApp, SMS) i digitalne kanale ogla\u0161avanja (poput Facebook-a i Google-a).<br>Za na\u0161e korisnike to zna\u010di jednostavnije kori\u0161tenje digitalnih usluga GRUPE PODRAVKA, bolja kontrola nad va\u0161im podacima i privolama i ve\u0107a sigurnost i transparentnost<br>Dostupnost i opcije navedenih kanala ovise o GRUPI PODRAVKA te se mogu mijenjati, a o svakoj izmjeni, dodavanju ili ukidanju komunikacijskih kanala bit \u0107ete pravodobno i adekvatno obavije\u0161teni.<br>Registracijom Podravka korisni\u010dkog ra\u010duna postajete \u010dlan zajednice \u0161to vam omogu\u0107ava besplatno kori\u0161tenje velikog broja interaktivnih sadr\u017eaja i funkcionalnosti o kojima se korisnici obavje\u0161tavaju na samim stranicama web lokacije.<br>Registracijom tako\u0111er dobivate mogu\u0107nost spremanja zanimljivog sadr\u017eaja na va\u0161 korisni\u010dki profil.<br>Registrirati se mo\u017ee samo punoljetna, potpuno poslovno sposobna osoba. Registracija je mogu\u0107a samo ako prethodno prihvatite ove uvjete kori\u0161tenja te se upoznate s na\u010dinom na koji va\u0161e osobne podatke koje unesete prikupljamo, obra\u0111ujemo i koristimo u skladu s na\u0161im Pravilima za\u0161tite privatnosti. Prilikom registracije du\u017eni ste unositi to\u010dne i istinite podatke.<br>Prilikom registracije, mo\u017eete izabrati primanje besplatnih elektronskih obavijesti o novostima s web stranice (e-newsletter) kao i posebnih obavijesti. Ako izaberete primanje posebnih obavijesti, izra\u017eavate svoj pristanak za primanje reklamnih i drugih obavijesti o proizvodima i uslugama vezanima za kulinarstvo, hranu, zdravlje i sli\u010dne teme. Jednako tako se mo\u017eete prijaviti na online istra\u017eivanja vezana uz sadr\u017eaje i funkcionalnosti web lokacije te proizvodni program GRUPE PODRAVKA.<br>Nakon izvr\u0161ene registracije dobivate vlastiti korisni\u010dki ra\u010dun. Sve podatke o svom korisni\u010dkom ra\u010dunu, a osobito odabranu lozinku, du\u017eni ste \u010duvati kao povjerljive podatke. Ne preuzimamo odgovornost za \u0161tetu koja vama, drugim korisnicima ili tre\u0107oj osobi mo\u017ee biti uzrokovana zbog kori\u0161tenja korisni\u010dkog ra\u010duna bez autorizacije, odnosno druge zlouporabe podataka koji su dostupni na korisni\u010dkom ra\u010dunu. Ako uo\u010dite neautorizirano kori\u0161tenje va\u0161eg korisni\u010dkog ra\u010duna, odnosno njegovu zlouporabu, molimo da o tome odmah obavijestite na\u0161e Uredni\u0161tvo.<br>Mo\u017eete se registrirati i putem svog Google ili Facebook ra\u010duna. U tom slu\u010daju obrada va\u0161ih osobnih podataka provodi se i od strane tih pru\u017eatelja usluga, u skladu s njihovim pravilima privatnosti i uvjetima kori\u0161tenja.<br>Ako koristite Facebook ra\u010dun, uslugu pru\u017ea Meta Platforms Ireland Limited, Merrion Road, Dublin 4, D04 X2K5, Irska. Vi\u0161e o tome kako obra\u0111uju va\u0161e osobne podatke mo\u017eete saznati ovdje: https:\/\/www.facebook.com\/privacy\/policy<br>Ako koristite Google ra\u010dun, uslugu pru\u017ea Google Ireland Limited, Gordon House, Barrow Street, Dublin 4, D04 E5W5, Irska. Vi\u0161e o tome kako obra\u0111uju va\u0161e osobne podatke mo\u017eete saznati ovdje: https:\/\/policies.google.com\/privacy<br>Za dodatna pitanja o obradi va\u0161ih osobnih podataka kod ovih pru\u017eatelja usluga, mo\u017eete ih kontaktirati putem informacija dostupnih u njihovim pravilima privatnosti.<br>Vlastiti korisni\u010dki ra\u010dun mo\u017eete izbrisati tako da se javite na e-mail: dpo@podravka.hr ili proizvodi@podravka.hr.<br>Prestankom registracije ne prestaje va\u0161a odgovornost za mogu\u0107e povrede koje ste po\u010dinili i\/ili \u0161tetu koju ste prouzro\u010dili za vrijeme trajanja va\u0161e registracije.<\/p>\n\n\n\n<p><strong>5. Linkovi<\/strong><br><br>\u010cinimo sve \u0161to je u na\u0161oj mo\u0107i kako bismo osigurali da sva preusmjeravanja s na\u0161ih web stranica upute vas i\/ili va\u0161e dijete na web stranice \u010diji je sadr\u017eaj kvalitetan u smislu da ne poti\u010de negativnosti. Me\u0111utim, stranice i adrese na webu se brzo mijenjaju, i ne mo\u017eemo uvijek jam\u010diti za sadr\u017eaj svake adrese na koju vas usmjerimo.<\/p>\n\n\n\n<p><strong>6. Promjene i prestanak uvjeta kori\u0161tenja<\/strong><br><br>GRUPA PODRAVKA pridr\u017eava pravo izmjene ili prekida svih ili bilo kojeg dijela ove web lokacije te uvjeta kori\u0161tenja u bilo kojem trenutku. Promjene stupaju na snagu objavljivanjem na ovoj adresi ili kada su korisnici o njima obavije\u0161teni.<br>Zadnje a\u017eurirano: 5. svibnja 2026.<\/p>\n","protected":false},"excerpt":{"rendered":"<p>UVJETI KORI\u0160TENJA WEB LOKACIJE I PODRAVKA KORISNI\u010cKOG RA\u010cUNA Web stranicu na kojoj se trenutno nalazite (dalje u tekstu: web lokacija) pokrenula je i ure\u0111uje Podravka d.d., Ulica Ante Star\u010devi\u0107a 32, Koprivnica (Grad Koprivnica), OIB: 18928523252 (dalje u tekstu: GRUPA PODRAVKA ili mi).Prvim kori\u0161tenjem web lokacije smatra se da ste u cijelosti upoznati s ovim Uvjetima, [&hellip;]<\/p>\n","protected":false},"author":3,"featured_media":0,"parent":0,"menu_order":0,"comment_status":"closed","ping_status":"closed","template":"","meta":{"_acf_changed":false,"ep_exclude_from_search":false,"footnotes":""},"class_list":["post-34","page","type-page","status-publish","hentry"],"acf":[],"yoast_head":"<!-- This site is optimized with the Yoast SEO plugin v25.1 - https:\/\/yoast.com\/wordpress\/plugins\/seo\/ -->\n<title>Pravila i uvjeti kori\u0161tenja - Vegeta<\/title>\n<meta name=\"robots\" content=\"index, follow, max-snippet:-1, max-image-preview:large, max-video-preview:-1\" \/>\n<link rel=\"canonical\" href=\"https:\/\/vegeta.com\/hr\/pravila-i-uvjeti-koristenja\/\" \/>\n<meta property=\"og:locale\" content=\"hr_HR\" \/>\n<meta property=\"og:type\" content=\"article\" \/>\n<meta property=\"og:title\" content=\"Pravila i uvjeti kori\u0161tenja - Vegeta\" \/>\n<meta property=\"og:description\" content=\"UVJETI KORI\u0160TENJA WEB LOKACIJE I PODRAVKA KORISNI\u010cKOG RA\u010cUNA Web stranicu na kojoj se trenutno nalazite (dalje u tekstu: web lokacija) pokrenula je i ure\u0111uje Podravka d.d., Ulica Ante Star\u010devi\u0107a 32, Koprivnica (Grad Koprivnica), OIB: 18928523252 (dalje u tekstu: GRUPA PODRAVKA ili mi).Prvim kori\u0161tenjem web lokacije smatra se da ste u cijelosti upoznati s ovim Uvjetima, [&hellip;]\" \/>\n<meta property=\"og:url\" content=\"https:\/\/vegeta.com\/hr\/pravila-i-uvjeti-koristenja\/\" \/>\n<meta property=\"og:site_name\" content=\"Vegeta\" \/>\n<meta property=\"article:modified_time\" content=\"2026-05-05T13:14:48+00:00\" \/>\n<meta property=\"og:image\" content=\"https:\/\/cdn.vegeta.com\/cro\/2026\/02\/image-vegeta-kuhanje-je-strasno-nn-social-share-698f016a72a38.png\" \/>\n\t<meta property=\"og:image:width\" content=\"2400\" \/>\n\t<meta property=\"og:image:height\" content=\"1260\" \/>\n\t<meta property=\"og:image:type\" content=\"image\/png\" \/>\n<meta name=\"twitter:card\" content=\"summary_large_image\" \/>\n<meta name=\"twitter:label1\" content=\"Est. reading time\" \/>\n\t<meta name=\"twitter:data1\" content=\"9 minuta\" \/>\n<script type=\"application\/ld+json\" class=\"yoast-schema-graph\">{\"@context\":\"https:\/\/schema.org\",\"@graph\":[{\"@type\":\"WebPage\",\"@id\":\"https:\/\/vegeta.com\/hr\/pravila-i-uvjeti-koristenja\/\",\"url\":\"https:\/\/vegeta.com\/hr\/pravila-i-uvjeti-koristenja\/\",\"name\":\"Pravila i uvjeti kori\u0161tenja - Vegeta\",\"isPartOf\":{\"@id\":\"https:\/\/vegeta.com\/hr\/#website\"},\"datePublished\":\"2023-05-09T11:35:02+00:00\",\"dateModified\":\"2026-05-05T13:14:48+00:00\",\"breadcrumb\":{\"@id\":\"https:\/\/vegeta.com\/hr\/pravila-i-uvjeti-koristenja\/#breadcrumb\"},\"inLanguage\":\"hr\",\"potentialAction\":[{\"@type\":\"ReadAction\",\"target\":[\"https:\/\/vegeta.com\/hr\/pravila-i-uvjeti-koristenja\/\"]}]},{\"@type\":\"BreadcrumbList\",\"@id\":\"https:\/\/vegeta.com\/hr\/pravila-i-uvjeti-koristenja\/#breadcrumb\",\"itemListElement\":[{\"@type\":\"ListItem\",\"position\":1,\"name\":\"Home\",\"item\":\"https:\/\/vegeta.com\/hr\/\"},{\"@type\":\"ListItem\",\"position\":2,\"name\":\"Pravila i uvjeti kori\u0161tenja\"}]},{\"@type\":\"WebSite\",\"@id\":\"https:\/\/vegeta.com\/hr\/#website\",\"url\":\"https:\/\/vegeta.com\/hr\/\",\"name\":\"Vegeta\",\"description\":\"Tko \u0107e zakuhati stra\u0161no dobru pri\u010du i osvojiti iPhone 17? Mo\u017eda ba\u0161 ti - prijavi se!\",\"publisher\":{\"@id\":\"https:\/\/vegeta.com\/hr\/#organization\"},\"potentialAction\":[{\"@type\":\"SearchAction\",\"target\":{\"@type\":\"EntryPoint\",\"urlTemplate\":\"https:\/\/vegeta.com\/hr\/?s={search_term_string}\"},\"query-input\":{\"@type\":\"PropertyValueSpecification\",\"valueRequired\":true,\"valueName\":\"search_term_string\"}}],\"inLanguage\":\"hr\"},{\"@type\":\"Organization\",\"@id\":\"https:\/\/vegeta.com\/hr\/#organization\",\"name\":\"Vegeta\",\"url\":\"https:\/\/vegeta.com\/hr\/\",\"logo\":{\"@type\":\"ImageObject\",\"inLanguage\":\"hr\",\"@id\":\"https:\/\/vegeta.com\/hr\/#\/schema\/logo\/image\/\",\"url\":\"https:\/\/cdn.vegeta.com\/cro\/2023\/09\/image-vegeta-app-1024.png\",\"contentUrl\":\"https:\/\/cdn.vegeta.com\/cro\/2023\/09\/image-vegeta-app-1024.png\",\"width\":946,\"height\":944,\"caption\":\"Vegeta\"},\"image\":{\"@id\":\"https:\/\/vegeta.com\/hr\/#\/schema\/logo\/image\/\"}}]}<\/script>\n<!-- \/ Yoast SEO plugin. -->","yoast_head_json":{"title":"Pravila i uvjeti kori\u0161tenja - Vegeta","robots":{"index":"index","follow":"follow","max-snippet":"max-snippet:-1","max-image-preview":"max-image-preview:large","max-video-preview":"max-video-preview:-1"},"canonical":"https:\/\/vegeta.com\/hr\/pravila-i-uvjeti-koristenja\/","og_locale":"hr_HR","og_type":"article","og_title":"Pravila i uvjeti kori\u0161tenja - Vegeta","og_description":"UVJETI KORI\u0160TENJA WEB LOKACIJE I PODRAVKA KORISNI\u010cKOG RA\u010cUNA Web stranicu na kojoj se trenutno nalazite (dalje u tekstu: web lokacija) pokrenula je i ure\u0111uje Podravka d.d., Ulica Ante Star\u010devi\u0107a 32, Koprivnica (Grad Koprivnica), OIB: 18928523252 (dalje u tekstu: GRUPA PODRAVKA ili mi).Prvim kori\u0161tenjem web lokacije smatra se da ste u cijelosti upoznati s ovim Uvjetima, [&hellip;]","og_url":"https:\/\/vegeta.com\/hr\/pravila-i-uvjeti-koristenja\/","og_site_name":"Vegeta","article_modified_time":"2026-05-05T13:14:48+00:00","og_image":[{"width":2400,"height":1260,"url":"https:\/\/cdn.vegeta.com\/cro\/2026\/02\/image-vegeta-kuhanje-je-strasno-nn-social-share-698f016a72a38.png","type":"image\/png"}],"twitter_card":"summary_large_image","twitter_misc":{"Est. reading time":"9 minuta"},"schema":{"@context":"https:\/\/schema.org","@graph":[{"@type":"WebPage","@id":"https:\/\/vegeta.com\/hr\/pravila-i-uvjeti-koristenja\/","url":"https:\/\/vegeta.com\/hr\/pravila-i-uvjeti-koristenja\/","name":"Pravila i uvjeti kori\u0161tenja - Vegeta","isPartOf":{"@id":"https:\/\/vegeta.com\/hr\/#website"},"datePublished":"2023-05-09T11:35:02+00:00","dateModified":"2026-05-05T13:14:48+00:00","breadcrumb":{"@id":"https:\/\/vegeta.com\/hr\/pravila-i-uvjeti-koristenja\/#breadcrumb"},"inLanguage":"hr","potentialAction":[{"@type":"ReadAction","target":["https:\/\/vegeta.com\/hr\/pravila-i-uvjeti-koristenja\/"]}]},{"@type":"BreadcrumbList","@id":"https:\/\/vegeta.com\/hr\/pravila-i-uvjeti-koristenja\/#breadcrumb","itemListElement":[{"@type":"ListItem","position":1,"name":"Home","item":"https:\/\/vegeta.com\/hr\/"},{"@type":"ListItem","position":2,"name":"Pravila i uvjeti kori\u0161tenja"}]},{"@type":"WebSite","@id":"https:\/\/vegeta.com\/hr\/#website","url":"https:\/\/vegeta.com\/hr\/","name":"Vegeta","description":"Tko \u0107e zakuhati stra\u0161no dobru pri\u010du i osvojiti iPhone 17? Mo\u017eda ba\u0161 ti - prijavi se!","publisher":{"@id":"https:\/\/vegeta.com\/hr\/#organization"},"potentialAction":[{"@type":"SearchAction","target":{"@type":"EntryPoint","urlTemplate":"https:\/\/vegeta.com\/hr\/?s={search_term_string}"},"query-input":{"@type":"PropertyValueSpecification","valueRequired":true,"valueName":"search_term_string"}}],"inLanguage":"hr"},{"@type":"Organization","@id":"https:\/\/vegeta.com\/hr\/#organization","name":"Vegeta","url":"https:\/\/vegeta.com\/hr\/","logo":{"@type":"ImageObject","inLanguage":"hr","@id":"https:\/\/vegeta.com\/hr\/#\/schema\/logo\/image\/","url":"https:\/\/cdn.vegeta.com\/cro\/2023\/09\/image-vegeta-app-1024.png","contentUrl":"https:\/\/cdn.vegeta.com\/cro\/2023\/09\/image-vegeta-app-1024.png","width":946,"height":944,"caption":"Vegeta"},"image":{"@id":"https:\/\/vegeta.com\/hr\/#\/schema\/logo\/image\/"}}]}},"_links":{"self":[{"href":"https:\/\/vegeta.com\/hr\/wp-json\/wp\/v2\/pages\/34","targetHints":{"allow":["GET"]}}],"collection":[{"href":"https:\/\/vegeta.com\/hr\/wp-json\/wp\/v2\/pages"}],"about":[{"href":"https:\/\/vegeta.com\/hr\/wp-json\/wp\/v2\/types\/page"}],"author":[{"embeddable":true,"href":"https:\/\/vegeta.com\/hr\/wp-json\/wp\/v2\/users\/3"}],"replies":[{"embeddable":true,"href":"https:\/\/vegeta.com\/hr\/wp-json\/wp\/v2\/comments?post=34"}],"version-history":[{"count":8,"href":"https:\/\/vegeta.com\/hr\/wp-json\/wp\/v2\/pages\/34\/revisions"}],"predecessor-version":[{"id":80573,"href":"https:\/\/vegeta.com\/hr\/wp-json\/wp\/v2\/pages\/34\/revisions\/80573"}],"wp:attachment":[{"href":"https:\/\/vegeta.com\/hr\/wp-json\/wp\/v2\/media?parent=34"}],"curies":[{"name":"wp","href":"https:\/\/api.w.org\/{rel}","templated":true}]}}