{"id":27016,"date":"2024-05-27T14:43:33","date_gmt":"2024-05-27T14:43:33","guid":{"rendered":"https:\/\/vegeta.com\/hr\/?page_id=27016"},"modified":"2024-06-03T15:58:10","modified_gmt":"2024-06-03T15:58:10","slug":"dobitnici","status":"publish","type":"page","link":"https:\/\/vegeta.com\/hr\/vegeta-prsten\/dobitnici\/","title":{"rendered":"Dobitnici"},"content":{"rendered":"\n<h2 class=\"wp-block-heading\">65x <em>Limited edition<\/em> Vegeta prstena by <em>Maja Mileti\u0107<\/em><\/h2>\n\n\n\n<ol class=\"wp-block-list\">\n<li>Melanija Barkovi\u0107, Zagreb <a href=\"https:\/\/vegeta.com\/hr\/vegeta-prsten\/prijave\/26980\/\" target=\"_blank\" rel=\"noreferrer noopener\">Pogledaj crte\u017e<\/a><\/li>\n\n\n\n<li>Andrea Milo\u0161, Split <a href=\"https:\/\/vegeta.com\/hr\/vegeta-prsten\/prijave\/26779\/\" target=\"_blank\" rel=\"noreferrer noopener\">Pogledaj crte\u017e<\/a><\/li>\n\n\n\n<li>Jasminka Mu\u017eini\u0107, Zapre\u0161i\u0107 <a href=\"https:\/\/vegeta.com\/hr\/vegeta-prsten\/prijave\/26941\/\" target=\"_blank\" rel=\"noreferrer noopener\">Pogledaj crte\u017e<\/a><\/li>\n\n\n\n<li>Vlatka Slogar, Osijek <a href=\"https:\/\/vegeta.com\/hr\/vegeta-prsten\/prijave\/25636\/\" target=\"_blank\" rel=\"noreferrer noopener\">Pogledaj crte\u017e<\/a><\/li>\n\n\n\n<li>Kristina Mla\u010di\u0107, Split <a href=\"https:\/\/vegeta.com\/hr\/vegeta-prst en\/prijave\/26842\/\" target=\"_blank\" rel=\"noreferrer noopener\">Pogledaj crte\u017e<\/a><\/li>\n\n\n\n<li>Nika Flego, Rijeka <a href=\"https:\/\/vegeta.com\/hr\/vegeta-prst en\/prijave\/26644\/\" target=\"_blank\" rel=\"noreferrer noopener\">Pogledaj crte\u017e<\/a><\/li>\n\n\n\n<li>Tatjana \u010cu\u010dak, Rijeka <a href=\"https:\/\/vegeta.com\/hr\/vegeta-prst en\/prijave\/26578\/\" target=\"_blank\" rel=\"noreferrer noopener\">Pogledaj crte\u017e<\/a><\/li>\n\n\n\n<li>Klara Vidakovi\u0107, Osijek <a href=\"https:\/\/vegeta.com\/hr\/vegeta -prsten\/prijave\/26554\/\" target=\"_blank\" rel=\"noreferrer noopener\">Pogledaj crte\u017e<\/a><\/li>\n\n\n\n<li>Paula \u017ditkovi\u0107, Zagreb <a href=\"https:\/\/vegeta.com\/hr\/vegeta-prst en\/prijave\/26560\/\" target=\"_blank\" rel=\"noreferrer noopener\">Pogledaj crte\u017e<\/a><\/li>\n\n\n\n<li>Mirela Bogovi\u0107, Sesvete <a href=\"https:\/\/vegeta.com\/hr\/vegeta-prsten\/prijave\/26767\/\" target=\"_blank\" rel=\"noreferrer noopener\">Pogledaj crte\u017e<\/a><\/li>\n\n\n\n<li>Dalida \u0160ker, Buje <a href=\"https:\/\/vegeta.com\/hr\/vegeta-prst en\/prijave\/26356\/\" target=\"_blank\" rel=\"noreferrer noopener\">Pogledaj crte\u017e<\/a><\/li>\n\n\n\n<li>Ria Miler, Osijek <a href=\"https:\/\/vegeta.com\/hr\/vegeta-prst en\/prijave\/26359\/\" target=\"_blank\" rel=\"noreferrer noopener\">Pogledaj crte\u017e<\/a><\/li>\n\n\n\n<li>Tea Kova\u010di\u0107, Koprivnica <a href=\"https:\/\/vegeta.com\/hr\/vegeta-prsten\/prijave\/26170\/\" target=\"_blank\" rel=\"noreferrer noopener\">Pogledaj crte\u017e<\/a><\/li>\n\n\n\n<li>Sa\u0161a Ostoji\u0107, Rijeka <a href=\"https:\/\/vegeta.com\/hr\/vegeta-prsten\/prijave\/26098\/\" target=\"_blank\" rel=\"noreferrer noopener\">Pogledaj crte\u017e<\/a><\/li>\n\n\n\n<li>Vesna \u0110urkovi\u0107, Vinkovci <a href=\"https:\/\/vegeta.com\/hr\/vegeta-prsten\/prijave\/26158\/\" target=\"_blank\" rel=\"noreferrer noopener\">Pogledaj crte\u017e<\/a><\/li>\n\n\n\n<li>Jasminka Mal\u010di\u0107, Bednja <a href=\"https:\/\/vegeta.com\/hr\/vegeta-prst en\/prijave\/26218\/\" target=\"_blank\" rel=\"noreferrer noopener\">Pogledaj crte\u017e<\/a><\/li>\n\n\n\n<li>Sara Tomi\u0107, Zagreb <a href=\"https:\/\/vegeta.com\/hr\/vegeta-prsten\/prijave\/26053\/\" target=\"_blank\" rel=\"noreferrer noopener\">Pogledaj crte\u017e<\/a><\/li>\n\n\n\n<li>Damira \u010cular, Split <a href=\"https:\/\/vegeta.com\/hr\/vegeta-prsten\/prijave\/26026\/\" target=\"_blank\" rel=\"noreferrer noopener\">Pogledaj crte\u017e<\/a><\/li>\n\n\n\n<li>Igor Mloc, Split <a href=\"https:\/\/vegeta.com\/hr\/vegeta-prsten\/prijave\/26755\/\" target=\"_blank\" rel=\"noreferrer noopener\">Pogledaj crte\u017e<\/a><\/li>\n\n\n\n<li>Ivana Matas, Klis, Konjsko <a href=\"https:\/\/vegeta.com\/hr\/vegeta-prsten\/prijave\/25777\/\" target=\"_blank\" rel=\"noreferrer noopener\">Pogledaj crte\u017e<\/a><\/li>\n\n\n\n<li>Fran Sagani\u0107, Mali Lo\u0161inj <a href=\"https:\/\/vegeta.com\/hr\/vegeta-prsten\/prijave\/25864\/\" target=\"_blank\" rel=\"noreferrer noopener\">Pogledaj crte\u017e<\/a><\/li>\n\n\n\n<li>Marijana Lu\u010di\u0107, Rijeka <a href=\"https:\/\/vegeta.com\/hr\/vegeta-prsten\/prijave\/25843\/\" target=\"_blank\" rel=\"noreferrer noopener\">Pogledaj crte\u017e<\/a><\/li>\n\n\n\n<li>Nikola \u0160ubi\u0107, Rijeka <a href=\"https:\/\/vegeta.com\/hr\/vegeta-prsten\/prijave\/25732\/\" target=\"_blank\" rel=\"noreferrer noopener\">Pogledaj crte\u017e<\/a><\/li>\n\n\n\n<li>Anica Tomi\u0107, Moko\u0161ica <a href=\"https:\/\/vegeta.com\/hr\/vegeta-prsten\/prijave\/25708\/\" target=\"_blank\" rel=\"noreferrer noopener\">Pogledaj crte\u017e<\/a><\/li>\n\n\n\n<li>Tonka Javorovi\u0107, Zagreb <a href=\"https:\/\/vegeta.com\/hr\/vegeta-prsten\/prijave\/25702\/\" target=\"_blank\" rel=\"noreferrer noopener\">Pogledaj crte\u017e<\/a><\/li>\n\n\n\n<li>Senka Ivan\u010di\u0107, Vukovar <a href=\"https:\/\/vegeta.com\/hr\/vegeta-prsten\/prijave\/25684\/\" target=\"_blank\" rel=\"noreferrer noopener\">Pogledaj crte\u017e<\/a><\/li>\n\n\n\n<li>Vanessa Bahat, Vara\u017edin <a href=\"https:\/\/vegeta.com\/hr\/vegeta-prsten\/prijave\/25639\/\" target=\"_blank\" rel=\"noreferrer noopener\">Pogledaj crte\u017e<\/a><\/li>\n\n\n\n<li>Laura Franji\u0107, Osijek <a href=\"https:\/\/vegeta.com\/hr\/vegeta-prsten\/prijave\/25554\/\" target=\"_blank\" rel=\"noreferrer noopener\">Pogledaj crte\u017e<\/a><\/li>\n\n\n\n<li>Laura Mende\u0161, Po\u017eega <a href=\"https:\/\/vegeta.com\/hr\/vegeta-prsten\/prijave\/25440\/\" target=\"_blank\" rel=\"noreferrer noopener\">Pogledaj crte\u017e<\/a><\/li>\n\n\n\n<li>Nikolina Kele\u0161, Zagreb <a href=\"https:\/\/vegeta.com\/hr\/vegeta-prsten\/prijave\/25206\/\" target=\"_blank\" rel=\"noreferrer noopener\">Pogledaj crte\u017e<\/a><\/li>\n\n\n\n<li>Ivan Borna Butigan, Dubrovnik <a href=\"https:\/\/vegeta.com\/hr\/vegeta-prsten\/prijave\/25416\/\" target=\"_blank\" rel=\"noreferrer noopener\">Pogledaj crte\u017e<\/a><\/li>\n\n\n\n<li>Anja Andrijevi\u0107, Zagreb <a href=\"https:\/\/vegeta.com\/hr\/vegeta-prsten\/prijave\/25188\/\" target=\"_blank\" rel=\"noreferrer noopener\">Pogledaj crte\u017e<\/a><\/li>\n\n\n\n<li>Ivana Mati\u0107, Zagreb <a href=\"https:\/\/vegeta.com\/hr\/vegeta-prsten\/prijave\/25227\/\" target=\"_blank\" rel=\"noreferrer noopener\">Pogledaj crte\u017e<\/a><\/li>\n\n\n\n<li>Lara Anto\u0161, Zagreb <a href=\"https:\/\/vegeta.com\/hr\/vegeta-prsten\/prijave\/25107\/\" target=\"_blank\" rel=\"noreferrer noopener\">Pogledaj crte\u017e<\/a><\/li>\n\n\n\n<li>Andela Salov, Nin <a href=\"https:\/\/vegeta.com\/hr\/vegeta-prsten\/prijave\/24936\/\" target=\"_blank\" rel=\"noreferrer noopener\">Pogledaj crte\u017e<\/a><\/li>\n\n\n\n<li>Dajana Zeko, \u0110akovo <a href=\"https:\/\/vegeta.com\/hr\/vegeta-prsten\/prijave\/24855\/\" target=\"_blank\" rel=\"noreferrer noopener\">Pogledaj crte\u017e<\/a><\/li>\n\n\n\n<li>Kruno Galjar, Zagreb <a href=\"https:\/\/vegeta.com\/hr\/vegeta-prsten\/prijave\/24843\/\" target=\"_blank\" rel=\"noreferrer noopener\">Pogledaj crte\u017e<\/a><\/li>\n\n\n\n<li>Ivan Vukovi\u0107, Karlovac <a href=\"https:\/\/vegeta.com\/hr\/vegeta-prsten\/prijave\/24555\/\" target=\"_blank\" rel=\"noreferrer noopener\">Pogledaj crte\u017e<\/a><\/li>\n\n\n\n<li>Iva Beni\u0107, Opatija <a href=\"https:\/\/vegeta.com\/hr\/vegeta-prsten\/prijave\/24558\/\" target=\"_blank\" rel=\"noreferrer noopener\">Pogledaj crte\u017e<\/a><\/li>\n\n\n\n<li>Gordana Grah, Sveta Nedjelja <a href=\"https:\/\/vegeta.com\/hr\/vegeta-prsten\/prijave\/24501\/\" target=\"_blank\" rel=\"noreferrer noopener\">Pogledaj crte\u017e<\/a><\/li>\n\n\n\n<li>Norma Trkovnik, Zagreb <a href=\"https:\/\/vegeta.com\/hr\/vegeta-prsten\/prijave\/24486\/\" target=\"_blank\" rel=\"noreferrer noopener\">Pogledaj crte\u017e<\/a><\/li>\n\n\n\n<li>Karla Je\u017ei\u0107, Zagreb <a href=\"https:\/\/vegeta.com\/hr\/vegeta-prsten\/prijave\/24432\/\" target=\"_blank\" rel=\"noreferrer noopener\">Pogledaj crte\u017e<\/a><\/li>\n\n\n\n<li>Ani Einwalter, Zagreb <a href=\"https:\/\/vegeta.com\/hr\/vegeta-prsten\/prijave\/24413\/\" target=\"_blank\" rel=\"noreferrer noopener\">Pogledaj crte\u017e<\/a><\/li>\n\n\n\n<li>Karla \u017diha, Na\u0161ice <a href=\"https:\/\/vegeta.com\/hr\/vegeta-prsten\/prijave\/24392\/\" target=\"_blank\" rel=\"noreferrer noopener\">Pogledaj crte\u017e<\/a><\/li>\n\n\n\n<li>Suzana Kustura Selak, Split <a href=\"https:\/\/vegeta.com\/hr\/vegeta-prsten\/prijave\/24368\/\" target=\"_blank\" rel=\"noreferrer noopener\">Pogledaj crte\u017e<\/a><\/li>\n\n\n\n<li>Dominik Gole\u0161, Drni\u0161 <a href=\"https:\/\/vegeta.com\/hr\/vegeta-prsten\/prijave\/24477\/\" target=\"_blank\" rel=\"noreferrer noopener\">Pogledaj crte\u017e<\/a><\/li>\n\n\n\n<li>Ivona Matja\u010di\u0107, Zagreb <a href=\"https:\/\/vegeta.com\/hr\/vegeta-prsten\/prijave\/24837\/\" target=\"_blank\" rel=\"noreferrer noopener\">Pogledaj crte\u017e<\/a><\/li>\n\n\n\n<li>Jana Dabo Vukmanovi\u0107, Novalja <a href=\"https:\/\/vegeta.com\/hr\/vegeta-prsten\/prijave\/24260\/\" target=\"_blank\" rel=\"noreferrer noopener\">Pogledaj crte\u017e<\/a><\/li>\n\n\n\n<li>Damir \u0160krljac, Dubrava <a href=\"https:\/\/vegeta.com\/hr\/vegeta-prsten\/prijave\/24038\/\" target=\"_blank\" rel=\"noreferrer noopener\">Pogledaj crte\u017e<\/a><\/li>\n\n\n\n<li>Filip Ratkovi\u0107, Zagreb <a href=\"https:\/\/vegeta.com\/hr\/vegeta-prsten\/prijave\/24263\/\" target=\"_blank\" rel=\"noreferrer noopener\">Pogledaj crte\u017e<\/a><\/li>\n\n\n\n<li>Ivan Gr\u017ean, Petri\u010dane <a href=\"https:\/\/vegeta.com\/hr\/vegeta-prsten\/prijave\/24035\/\" target=\"_blank\" rel=\"noreferrer noopener\">Pogledaj crte\u017e<\/a><\/li>\n\n\n\n<li>Marija Rogina, Vara\u017edin <a href=\"https:\/\/vegeta.com\/hr\/vegeta-prsten\/prijave\/24089\/\" target=\"_blank\" rel=\"noreferrer noopener\">Pogledaj crte\u017e<\/a><\/li>\n\n\n\n<li>Vanesa \u0160krljac, Dubrava <a href=\"https:\/\/vegeta.com\/hr\/vegeta-prsten\/prijave\/23993\/\" target=\"_blank\" rel=\"noreferrer noopener\">Pogledaj crte\u017e<\/a><\/li>\n\n\n\n<li>Davor Sopf, Zagreb <a href=\"https:\/\/vegeta.com\/hr\/vegeta-prsten\/prijave\/23906\/\" target=\"_blank\" rel=\"noreferrer noopener\">Pogledaj crte\u017e<\/a><\/li>\n\n\n\n<li>Filip Tot, Koprivnica <a href=\"https:\/\/vegeta.com\/hr\/vegeta-prsten\/prijave\/23834\/\" target=\"_blank\" rel=\"noreferrer noopener\">Pogledaj crte\u017e<\/a><\/li>\n\n\n\n<li>Irena Brodari\u010d, Pula <a href=\"https:\/\/vegeta.com\/hr\/vegeta-prsten\/prijave\/23468\/\" target=\"_blank\" rel=\"noreferrer noopener\">Pogledaj crte\u017e<\/a><\/li>\n\n\n\n<li>Natalija Bari\u0161i\u0107, Split <a href=\"https:\/\/vegeta.com\/hr\/vegeta-prsten\/prijave\/23251\/\" target=\"_blank\" rel=\"noreferrer noopener\">Pogledaj crte\u017e<\/a><\/li>\n\n\n\n<li>Tea Mraovi\u0107, Zadar <a href=\"https:\/\/vegeta.com\/hr\/vegeta-prsten\/prijave\/23233\/\" target=\"_blank\" rel=\"noreferrer noopener\">Pogledaj crte\u017e<\/a><\/li>\n\n\n\n<li>Ivana Ker\u0161i\u0107, Zagreb <a href=\"https:\/\/vegeta.com\/hr\/vegeta-prsten\/prijave\/23230\/\" target=\"_blank\" rel=\"noreferrer noopener\">Pogledaj crte\u017e<\/a><\/li>\n\n\n\n<li>Ema \u0110urin, Fa\u017eana <a href=\"https:\/\/vegeta.com\/hr\/vegeta-prsten\/prijave\/23221\/\" target=\"_blank\" rel=\"noreferrer noopener\">Pogledaj crte\u017e<\/a><\/li>\n\n\n\n<li>\u017deljka Zovko, Sesvete <a href=\"https:\/\/vegeta.com\/hr\/vegeta-prsten\/prijave\/23199\/\" target=\"_blank\" rel=\"noreferrer noopener\">Pogledaj crte\u017e<\/a><\/li>\n\n\n\n<li>Sla\u0111ana Zvo\u0161ec, Sveta Marija <a href=\"https:\/\/vegeta.com\/hr\/vegeta-prsten\/prijave\/23190\/\" target=\"_blank\" rel=\"noreferrer noopener\">Pogledaj crte\u017e<\/a><\/li>\n\n\n\n<li>Lucija \u0160ilec, Sv. Martin na Muri <a href=\"https:\/\/vegeta.com\/hr\/vegeta-prsten\/prijave\/23921\/\" target=\"_blank\" rel=\"noreferrer noopener\">Pogledaj crte\u017e<\/a><\/li>\n\n\n\n<li>Lidija Antoli\u0107, Petrinja <a href=\"https:\/\/vegeta.com\/hr\/vegeta-prsten\/prijave\/22719\/\" target=\"_blank\" rel=\"noreferrer noopener\">Pogledaj crte\u017e<\/a><\/li>\n\n\n\n<li>Ivona Mili\u010devi\u0107, Vukovar <a href=\"https:\/\/vegeta.com\/hr\/vegeta-prsten\/prijave\/22608\/\" target=\"_blank\" rel=\"noreferrer noopener\">Pogledaj crte\u017e<\/a><\/li>\n<\/ol>\n\n\n\n<h2 class=\"wp-block-heading\">5x <em>Pametna narukvica<\/em> Bellabeat Ivy+<\/h2>\n\n\n\n<ol class=\"wp-block-list\">\n<li>Ena Paponja, Zagreb <a href=\"https:\/\/vegeta.com\/hr\/vegeta-prsten\/prijave\/22572\/\" target=\"_blank\" rel=\"noreferrer noopener\">Pogledaj crte\u017e<\/a><\/li>\n\n\n\n<li>Stjepan Glu\u0161\u010di\u0107, Zagreb <a href=\"https:\/\/vegeta.com\/hr\/vegeta-prsten\/prijave\/22502\/\" target=\"_blank\" rel=\"noreferrer noopener\">Pogledaj crte\u017e<\/a><\/li>\n\n\n\n<li>Lana Bani\u0107, Adamovec <a href=\"https:\/\/vegeta.com\/hr\/vegeta-prsten\/prijave\/22493\/\" target=\"_blank\" rel=\"noreferrer noopener\">Pogledaj crte\u017e<\/a><\/li>\n\n\n\n<li>Tea \u0160urk, Bilje <a href=\"https:\/\/vegeta.com\/hr\/vegeta-prsten\/prijave\/22548\/\" target=\"_blank\" rel=\"noreferrer noopener\">Pogledaj crte\u017e<\/a><\/li>\n\n\n\n<li>Anamaria Jurkovi\u0107, Dubrovnik <a href=\"https:\/\/vegeta.com\/hr\/vegeta-prsten\/prijave\/22644\/\" target=\"_blank\" rel=\"noreferrer noopener\">Pogledaj crte\u017e<\/a><\/li>\n<\/ol>\n\n\n\n<h2 class=\"wp-block-heading\">25x posjeti muzej selfija <em>u novoj majci s tvojim pe\u010datom<\/em> + Vegeta vre\u0107a puna poklona<\/h2>\n\n\n\n<ol class=\"wp-block-list\">\n<li>Vesna Zeli\u0107, Makarska <a href=\"https:\/\/vegeta.com\/hr\/vegeta-prsten\/prijave\/22481\/\" target=\"_blank\" rel=\"noreferrer noopener\">Pogledaj crte\u017e<\/a><\/li>\n\n\n\n<li>Lucija Horvati\u0107, Novi Marof <a href=\"https:\/\/vegeta.com\/hr\/vegeta-prsten\/prijave\/25981\/\" target=\"_blank\" rel=\"noreferrer noopener\">Pogledaj crte\u017e<\/a><\/li>\n\n\n\n<li>Dora Hoi\u0107, Zagreb <a href=\"https:\/\/vegeta.com\/hr\/vegeta-prsten\/prijave\/22955\/\" target=\"_blank\" rel=\"noreferrer noopener\">Pogledaj crte\u017e<\/a><\/li>\n\n\n\n<li>Sonja Nerat Eppert, Zagreb <a href=\"https:\/\/vegeta.com\/hr\/vegeta-prsten\/prijave\/22932\/\" target=\"_blank\" rel=\"noreferrer noopener\">Pogledaj crte\u017e<\/a><\/li>\n\n\n\n<li>Ana Gr\u017ean, Zadar <a href=\"https:\/\/vegeta.com\/hr\/vegeta-prsten\/prijave\/22920\/\" target=\"_blank\" rel=\"noreferrer noopener\">Pogledaj crte\u017e<\/a><\/li>\n\n\n\n<li>Svetlana Kati\u0107, Rijeka <a href=\"https:\/\/vegeta.com\/hr\/vegeta-prsten\/prijave\/22879\/\" target=\"_blank\" rel=\"noreferrer noopener\">Pogledaj crte\u017e<\/a><\/li>\n\n\n\n<li>Mirta Duha\u010dek, Zagreb <a href=\"https:\/\/vegeta.com\/hr\/vegeta-prsten\/prijave\/22818\/\" target=\"_blank\" rel=\"noreferrer noopener\">Pogledaj crte\u017e<\/a><\/li>\n\n\n\n<li>Martina \u017divoli\u0107, Barat <a href=\"https:\/\/vegeta.com\/hr\/vegeta-prsten\/prijave\/22800\/\" target=\"_blank\" rel=\"noreferrer noopener\">Pogledaj crte\u017e<\/a><\/li>\n\n\n\n<li>Lorena \u0160vaco, \u0110ur\u0111evac <a href=\"https:\/\/vegeta.com\/hr\/vegeta-prsten\/prijave\/22752\/\" target=\"_blank\" rel=\"noreferrer noopener\">Pogledaj crte\u017e<\/a><\/li>\n\n\n\n<li>Ivica Knezovi\u0107, Zagreb <a href=\"https:\/\/vegeta.com\/hr\/vegeta-prsten\/prijave\/20744\/\" target=\"_blank\" rel=\"noreferrer noopener\">Pogledaj crte\u017e<\/a><\/li>\n\n\n\n<li>Evelin Vuli\u0107, Rijeka <a href=\"https:\/\/vegeta.com\/hr\/vegeta-prsten\/prijave\/20922\/\" target=\"_blank\" rel=\"noreferrer noopener\">Pogledaj crte\u017e<\/a><\/li>\n\n\n\n<li>Danica Bobinac, Zagreb <a href=\"https:\/\/vegeta.com\/hr\/vegeta-prsten\/prijave\/21097\/\" target=\"_blank\" rel=\"noreferrer noopener\">Pogledaj crte\u017e<\/a><\/li>\n\n\n\n<li>Mirjana Kauzlari\u0107, Gri\u017eane <a href=\"https:\/\/vegeta.com\/hr\/vegeta-prsten\/prijave\/20988\/\" target=\"_blank\" rel=\"noreferrer noopener\">Pogledaj crte\u017e<\/a><\/li>\n\n\n\n<li>Ivana Vranar, Petranec <a href=\"https:\/\/vegeta.com\/hr\/vegeta-prsten\/prijave\/20955\/\" target=\"_blank\" rel=\"noreferrer noopener\">Pogledaj crte\u017e<\/a><\/li>\n\n\n\n<li>Emma Mu\u010di\u0107, \u0160ibenik <a href=\"https:\/\/vegeta.com\/hr\/vegeta-prsten\/prijave\/21070\/\" target=\"_blank\" rel=\"noreferrer noopener\">Pogledaj crte\u017e<\/a><\/li>\n\n\n\n<li>Ivana Ribi\u010di\u0107, Zagreb <a href=\"https:\/\/vegeta.com\/hr\/vegeta-prsten\/prijave\/21151\/\" target=\"_blank\" rel=\"noreferrer noopener\">Pogledaj crte\u017e<\/a><\/li>\n\n\n\n<li>Lana Petri\u0107, Gare\u0161nica <a href=\"https:\/\/vegeta.com\/hr\/vegeta-prsten\/prijave\/21464\/\" target=\"_blank\" rel=\"noreferrer noopener\">Pogledaj crte\u017e<\/a><\/li>\n\n\n\n<li>Sandra Goreta \u0160\u0107apec, \u0160ibenik <a href=\"https:\/\/vegeta.com\/hr\/vegeta-prsten\/prijave\/21310\/\" target=\"_blank\" rel=\"noreferrer noopener\">Pogledaj crte\u017e<\/a><\/li>\n\n\n\n<li>Nadia Goga, Zagreb <a href=\"https:\/\/vegeta.com\/hr\/vegeta-prsten\/prijave\/21836\/\" target=\"_blank\" rel=\"noreferrer noopener\">Pogledaj crte\u017e<\/a><\/li>\n\n\n\n<li>Zlata Pand\u017ea Nogo\u0161ti\u0107, Biograd na Moru <a href=\"https:\/\/vegeta.com\/hr\/vegeta-prsten\/prijave\/21614\/\" target=\"_blank\" rel=\"noreferrer noopener\">Pogledaj crte\u017e<\/a><\/li>\n\n\n\n<li>Petra Vukeli\u0107, Zadar <a href=\"https:\/\/vegeta.com\/hr\/vegeta-prsten\/prijave\/21665\/\" target=\"_blank\" rel=\"noreferrer noopener\">Pogledaj crte\u017e<\/a><\/li>\n\n\n\n<li>Anamarija Pranji\u0107, Lu\u010dko <a href=\"https:\/\/vegeta.com\/hr\/vegeta-prsten\/prijave\/22126\/\" target=\"_blank\" rel=\"noreferrer noopener\">Pogledaj crte\u017e<\/a><\/li>\n\n\n\n<li>Daria Baji\u0107, Zagreb <a href=\"https:\/\/vegeta.com\/hr\/vegeta-prsten\/prijave\/22078\/\" target=\"_blank\" rel=\"noreferrer noopener\">Pogledaj crte\u017e<\/a><\/li>\n\n\n\n<li>Manuela Marinovi\u0107, Banova Jaruga <a href=\"https:\/\/vegeta.com\/hr\/vegeta-prsten\/prijave\/22029\/\" target=\"_blank\" rel=\"noreferrer noopener\">Pogledaj crte\u017e<\/a><\/li>\n\n\n\n<li>Goranka Polimac, Kri\u017eevci <a href=\"https:\/\/vegeta.com\/hr\/vegeta-prsten\/prijave\/22376\/\" target=\"_blank\" rel=\"noreferrer noopener\">Pogledaj crte\u017e<\/a><\/li>\n<\/ol>\n","protected":false},"excerpt":{"rendered":"<p>65x Limited edition Vegeta prstena by Maja Mileti\u0107 5x Pametna narukvica Bellabeat Ivy+ 25x posjeti muzej selfija u novoj majci s tvojim pe\u010datom + Vegeta vre\u0107a puna poklona<\/p>\n","protected":false},"author":2,"featured_media":0,"parent":20676,"menu_order":0,"comment_status":"closed","ping_status":"closed","template":"pagetemplate-vegeta-prsten-single.php","meta":{"_acf_changed":false,"ep_exclude_from_search":false,"footnotes":""},"class_list":["post-27016","page","type-page","status-publish","hentry"],"acf":[],"yoast_head":"<!-- This site is optimized with the Yoast SEO plugin v25.1 - https:\/\/yoast.com\/wordpress\/plugins\/seo\/ -->\n<title>Dobitnici - Vegeta<\/title>\n<meta name=\"robots\" content=\"index, follow, max-snippet:-1, max-image-preview:large, max-video-preview:-1\" \/>\n<link rel=\"canonical\" href=\"https:\/\/vegeta.com\/hr\/vegeta-prsten\/dobitnici\/\" \/>\n<meta property=\"og:locale\" content=\"hr_HR\" \/>\n<meta property=\"og:type\" content=\"article\" \/>\n<meta property=\"og:title\" content=\"Dobitnici - Vegeta\" \/>\n<meta property=\"og:description\" content=\"65x Limited edition Vegeta prstena by Maja Mileti\u0107 5x Pametna narukvica Bellabeat Ivy+ 25x posjeti muzej selfija u novoj majci s tvojim pe\u010datom + Vegeta vre\u0107a puna poklona\" \/>\n<meta property=\"og:url\" content=\"https:\/\/vegeta.com\/hr\/vegeta-prsten\/dobitnici\/\" \/>\n<meta property=\"og:site_name\" content=\"Vegeta\" \/>\n<meta property=\"article:modified_time\" content=\"2024-06-03T15:58:10+00:00\" \/>\n<meta property=\"og:image\" content=\"https:\/\/cdn.vegeta.com\/cro\/2026\/02\/image-vegeta-kuhanje-je-strasno-nn-social-share-698f016a72a38.png\" \/>\n\t<meta property=\"og:image:width\" content=\"2400\" \/>\n\t<meta property=\"og:image:height\" content=\"1260\" \/>\n\t<meta property=\"og:image:type\" content=\"image\/png\" \/>\n<meta name=\"twitter:card\" content=\"summary_large_image\" \/>\n<meta name=\"twitter:label1\" content=\"Est. reading time\" \/>\n\t<meta name=\"twitter:data1\" content=\"3 minute\" \/>\n<script type=\"application\/ld+json\" class=\"yoast-schema-graph\">{\"@context\":\"https:\/\/schema.org\",\"@graph\":[{\"@type\":\"WebPage\",\"@id\":\"https:\/\/vegeta.com\/hr\/vegeta-prsten\/dobitnici\/\",\"url\":\"https:\/\/vegeta.com\/hr\/vegeta-prsten\/dobitnici\/\",\"name\":\"Dobitnici - Vegeta\",\"isPartOf\":{\"@id\":\"https:\/\/vegeta.com\/hr\/#website\"},\"datePublished\":\"2024-05-27T14:43:33+00:00\",\"dateModified\":\"2024-06-03T15:58:10+00:00\",\"breadcrumb\":{\"@id\":\"https:\/\/vegeta.com\/hr\/vegeta-prsten\/dobitnici\/#breadcrumb\"},\"inLanguage\":\"hr\",\"potentialAction\":[{\"@type\":\"ReadAction\",\"target\":[\"https:\/\/vegeta.com\/hr\/vegeta-prsten\/dobitnici\/\"]}]},{\"@type\":\"BreadcrumbList\",\"@id\":\"https:\/\/vegeta.com\/hr\/vegeta-prsten\/dobitnici\/#breadcrumb\",\"itemListElement\":[{\"@type\":\"ListItem\",\"position\":1,\"name\":\"Home\",\"item\":\"https:\/\/vegeta.com\/hr\/\"},{\"@type\":\"ListItem\",\"position\":2,\"name\":\"Vegeta Prsten\",\"item\":\"https:\/\/vegeta.com\/hr\/vegeta-prsten\/\"},{\"@type\":\"ListItem\",\"position\":3,\"name\":\"Dobitnici\"}]},{\"@type\":\"WebSite\",\"@id\":\"https:\/\/vegeta.com\/hr\/#website\",\"url\":\"https:\/\/vegeta.com\/hr\/\",\"name\":\"Vegeta\",\"description\":\"Tko \u0107e zakuhati stra\u0161no dobru pri\u010du i osvojiti iPhone 17? Mo\u017eda ba\u0161 ti - prijavi se!\",\"publisher\":{\"@id\":\"https:\/\/vegeta.com\/hr\/#organization\"},\"potentialAction\":[{\"@type\":\"SearchAction\",\"target\":{\"@type\":\"EntryPoint\",\"urlTemplate\":\"https:\/\/vegeta.com\/hr\/?s={search_term_string}\"},\"query-input\":{\"@type\":\"PropertyValueSpecification\",\"valueRequired\":true,\"valueName\":\"search_term_string\"}}],\"inLanguage\":\"hr\"},{\"@type\":\"Organization\",\"@id\":\"https:\/\/vegeta.com\/hr\/#organization\",\"name\":\"Vegeta\",\"url\":\"https:\/\/vegeta.com\/hr\/\",\"logo\":{\"@type\":\"ImageObject\",\"inLanguage\":\"hr\",\"@id\":\"https:\/\/vegeta.com\/hr\/#\/schema\/logo\/image\/\",\"url\":\"https:\/\/cdn.vegeta.com\/cro\/2023\/09\/image-vegeta-app-1024.png\",\"contentUrl\":\"https:\/\/cdn.vegeta.com\/cro\/2023\/09\/image-vegeta-app-1024.png\",\"width\":946,\"height\":944,\"caption\":\"Vegeta\"},\"image\":{\"@id\":\"https:\/\/vegeta.com\/hr\/#\/schema\/logo\/image\/\"}}]}<\/script>\n<!-- \/ Yoast SEO plugin. -->","yoast_head_json":{"title":"Dobitnici - Vegeta","robots":{"index":"index","follow":"follow","max-snippet":"max-snippet:-1","max-image-preview":"max-image-preview:large","max-video-preview":"max-video-preview:-1"},"canonical":"https:\/\/vegeta.com\/hr\/vegeta-prsten\/dobitnici\/","og_locale":"hr_HR","og_type":"article","og_title":"Dobitnici - Vegeta","og_description":"65x Limited edition Vegeta prstena by Maja Mileti\u0107 5x Pametna narukvica Bellabeat Ivy+ 25x posjeti muzej selfija u novoj majci s tvojim pe\u010datom + Vegeta vre\u0107a puna poklona","og_url":"https:\/\/vegeta.com\/hr\/vegeta-prsten\/dobitnici\/","og_site_name":"Vegeta","article_modified_time":"2024-06-03T15:58:10+00:00","og_image":[{"width":2400,"height":1260,"url":"https:\/\/cdn.vegeta.com\/cro\/2026\/02\/image-vegeta-kuhanje-je-strasno-nn-social-share-698f016a72a38.png","type":"image\/png"}],"twitter_card":"summary_large_image","twitter_misc":{"Est. reading time":"3 minute"},"schema":{"@context":"https:\/\/schema.org","@graph":[{"@type":"WebPage","@id":"https:\/\/vegeta.com\/hr\/vegeta-prsten\/dobitnici\/","url":"https:\/\/vegeta.com\/hr\/vegeta-prsten\/dobitnici\/","name":"Dobitnici - Vegeta","isPartOf":{"@id":"https:\/\/vegeta.com\/hr\/#website"},"datePublished":"2024-05-27T14:43:33+00:00","dateModified":"2024-06-03T15:58:10+00:00","breadcrumb":{"@id":"https:\/\/vegeta.com\/hr\/vegeta-prsten\/dobitnici\/#breadcrumb"},"inLanguage":"hr","potentialAction":[{"@type":"ReadAction","target":["https:\/\/vegeta.com\/hr\/vegeta-prsten\/dobitnici\/"]}]},{"@type":"BreadcrumbList","@id":"https:\/\/vegeta.com\/hr\/vegeta-prsten\/dobitnici\/#breadcrumb","itemListElement":[{"@type":"ListItem","position":1,"name":"Home","item":"https:\/\/vegeta.com\/hr\/"},{"@type":"ListItem","position":2,"name":"Vegeta Prsten","item":"https:\/\/vegeta.com\/hr\/vegeta-prsten\/"},{"@type":"ListItem","position":3,"name":"Dobitnici"}]},{"@type":"WebSite","@id":"https:\/\/vegeta.com\/hr\/#website","url":"https:\/\/vegeta.com\/hr\/","name":"Vegeta","description":"Tko \u0107e zakuhati stra\u0161no dobru pri\u010du i osvojiti iPhone 17? Mo\u017eda ba\u0161 ti - prijavi se!","publisher":{"@id":"https:\/\/vegeta.com\/hr\/#organization"},"potentialAction":[{"@type":"SearchAction","target":{"@type":"EntryPoint","urlTemplate":"https:\/\/vegeta.com\/hr\/?s={search_term_string}"},"query-input":{"@type":"PropertyValueSpecification","valueRequired":true,"valueName":"search_term_string"}}],"inLanguage":"hr"},{"@type":"Organization","@id":"https:\/\/vegeta.com\/hr\/#organization","name":"Vegeta","url":"https:\/\/vegeta.com\/hr\/","logo":{"@type":"ImageObject","inLanguage":"hr","@id":"https:\/\/vegeta.com\/hr\/#\/schema\/logo\/image\/","url":"https:\/\/cdn.vegeta.com\/cro\/2023\/09\/image-vegeta-app-1024.png","contentUrl":"https:\/\/cdn.vegeta.com\/cro\/2023\/09\/image-vegeta-app-1024.png","width":946,"height":944,"caption":"Vegeta"},"image":{"@id":"https:\/\/vegeta.com\/hr\/#\/schema\/logo\/image\/"}}]}},"_links":{"self":[{"href":"https:\/\/vegeta.com\/hr\/wp-json\/wp\/v2\/pages\/27016","targetHints":{"allow":["GET"]}}],"collection":[{"href":"https:\/\/vegeta.com\/hr\/wp-json\/wp\/v2\/pages"}],"about":[{"href":"https:\/\/vegeta.com\/hr\/wp-json\/wp\/v2\/types\/page"}],"author":[{"embeddable":true,"href":"https:\/\/vegeta.com\/hr\/wp-json\/wp\/v2\/users\/2"}],"replies":[{"embeddable":true,"href":"https:\/\/vegeta.com\/hr\/wp-json\/wp\/v2\/comments?post=27016"}],"version-history":[{"count":3,"href":"https:\/\/vegeta.com\/hr\/wp-json\/wp\/v2\/pages\/27016\/revisions"}],"predecessor-version":[{"id":27027,"href":"https:\/\/vegeta.com\/hr\/wp-json\/wp\/v2\/pages\/27016\/revisions\/27027"}],"up":[{"embeddable":true,"href":"https:\/\/vegeta.com\/hr\/wp-json\/wp\/v2\/pages\/20676"}],"wp:attachment":[{"href":"https:\/\/vegeta.com\/hr\/wp-json\/wp\/v2\/media?parent=27016"}],"curies":[{"name":"wp","href":"https:\/\/api.w.org\/{rel}","templated":true}]}}