{"id":20122,"date":"2024-03-07T13:16:29","date_gmt":"2024-03-07T13:16:29","guid":{"rendered":"https:\/\/vegeta.com\/hr\/?page_id=20122"},"modified":"2024-03-12T07:45:58","modified_gmt":"2024-03-12T07:45:58","slug":"vegeta-bio-le","status":"publish","type":"page","link":"https:\/\/vegeta.com\/hr\/vegeta-bio-le\/","title":{"rendered":"Vegeta BIO LE"},"content":{"rendered":"\n<div class=\"wp-block-columns bio-le__hero is-layout-flex wp-container-core-columns-is-layout-9d6595d7 wp-block-columns-is-layout-flex\">\n<div class=\"wp-block-column is-layout-flow wp-block-column-is-layout-flow\">\n<figure class=\"wp-block-image size-large\"><img decoding=\"async\" src=\"https:\/\/cdn.staging.vegeta.com\/media\/2024\/03\/naslov-1024x969.png\" alt=\"\" class=\"wp-image-4645\"\/><\/figure>\n<\/div>\n\n\n\n<div class=\"wp-block-column is-layout-flow wp-block-column-is-layout-flow\">\n<figure class=\"wp-block-image size-full\"><img decoding=\"async\" src=\"https:\/\/cdn.staging.vegeta.com\/media\/2024\/03\/kuhanje.png\" alt=\"\" class=\"wp-image-4646\"\/><\/figure>\n<\/div>\n<\/div>\n\n\n\n<div class=\"gb-half-half-info gb-half-half-info  bio-le__info\" id=\"\" data-lottie-path=\"https:\/\/vegeta.com\/hr\/wp-content\/themes\/vegeta-theme\/assets\/lottie\/\">\n\t<div class=\"gc-container \">\n    \t\t\t\n\n<div class=\"wp-block-columns gb-half-half-info__columns is-layout-flex wp-container-core-columns-is-layout-9d6595d7 wp-block-columns-is-layout-flex\">\n<div class=\"wp-block-column gb-half-half-info__columns__description is-layout-flow wp-block-column-is-layout-flow\">\n<h3 class=\"wp-block-heading gb-half-half-info__columns__description__title\">Prakti\u010dno pakiranje kao prakti\u010dni vodi\u010d za ravnopravnost<\/h3>\n\n\n\n<div class=\"wp-block-columns are-vertically-aligned-center gb-half-half-info__columns__description__columns is-layout-flex wp-container-core-columns-is-layout-9d6595d7 wp-block-columns-is-layout-flex\">\n<div class=\"wp-block-column is-vertically-aligned-center is-layout-flow wp-block-column-is-layout-flow\" style=\"flex-basis:33.33%\">\n<figure class=\"wp-block-image size-full\"><img decoding=\"async\" src=\"https:\/\/cdn.staging.vegeta.com\/media\/2024\/03\/icon-prirucnik-1.png\" alt=\"\" class=\"wp-image-4656\"\/><\/figure>\n<\/div>\n\n\n\n<div class=\"wp-block-column is-vertically-aligned-center is-layout-flow wp-block-column-is-layout-flow\" style=\"flex-basis:66.66%\">\n<p>Po\u010detnik si u kori\u0161tenju perilice za su\u0111e? Dajemo ti upute.<\/p>\n<\/div>\n<\/div>\n\n\n\n<div class=\"wp-block-columns are-vertically-aligned-center gb-half-half-info__columns__description__columns is-layout-flex wp-container-core-columns-is-layout-9d6595d7 wp-block-columns-is-layout-flex\">\n<div class=\"wp-block-column is-vertically-aligned-center is-layout-flow wp-block-column-is-layout-flow\" style=\"flex-basis:33.33%\">\n<figure class=\"wp-block-image size-full\"><img decoding=\"async\" src=\"https:\/\/cdn.staging.vegeta.com\/media\/2024\/03\/icon-prirucnik-2.png\" alt=\"\" class=\"wp-image-4657\"\/><\/figure>\n<\/div>\n\n\n\n<div class=\"wp-block-column is-vertically-aligned-center is-layout-flow wp-block-column-is-layout-flow\" style=\"flex-basis:66.66%\">\n<p>Zna\u0161 da se kajgana radi od jaja,<br>ali ne zna\u0161 kako? Poma\u017eemo ti.<\/p>\n<\/div>\n<\/div>\n\n\n\n<div class=\"wp-block-columns are-vertically-aligned-center gb-half-half-info__columns__description__columns is-layout-flex wp-container-core-columns-is-layout-9d6595d7 wp-block-columns-is-layout-flex\">\n<div class=\"wp-block-column is-vertically-aligned-center is-layout-flow wp-block-column-is-layout-flow\" style=\"flex-basis:33.33%\">\n<figure class=\"wp-block-image size-full\"><img decoding=\"async\" src=\"https:\/\/cdn.staging.vegeta.com\/media\/2024\/03\/icon-prirucnik-3.png\" alt=\"\" class=\"wp-image-4658\"\/><\/figure>\n<\/div>\n\n\n\n<div class=\"wp-block-column is-vertically-aligned-center is-layout-flow wp-block-column-is-layout-flow\" style=\"flex-basis:66.66%\">\n<p>Ne voli\u0161 ku\u0107anske poslove, a ni oni tebe? Upusti se u novu avanturu.<\/p>\n<\/div>\n<\/div>\n\n\n\n<div class=\"wp-block-columns are-vertically-aligned-center gb-half-half-info__columns__description__columns is-layout-flex wp-container-core-columns-is-layout-9d6595d7 wp-block-columns-is-layout-flex\">\n<div class=\"wp-block-column is-vertically-aligned-center is-layout-flow wp-block-column-is-layout-flow\" style=\"flex-basis:33.33%\">\n<figure class=\"wp-block-image size-full\"><img decoding=\"async\" src=\"https:\/\/cdn.staging.vegeta.com\/media\/2024\/03\/icon-prirucnik-4.png\" alt=\"\" class=\"wp-image-4659\"\/><\/figure>\n<\/div>\n\n\n\n<div class=\"wp-block-column is-vertically-aligned-center is-layout-flow wp-block-column-is-layout-flow\" style=\"flex-basis:66.66%\">\n<p>Ima\u0161 osje\u0107aj da jedino ti obavlja\u0161 ku\u0107anske poslove?<\/p>\n<\/div>\n<\/div>\n\n\n\n<div class=\"wp-block-columns are-vertically-aligned-center gb-half-half-info__columns__description__columns is-layout-flex wp-container-core-columns-is-layout-9d6595d7 wp-block-columns-is-layout-flex\">\n<div class=\"wp-block-column is-vertically-aligned-center is-layout-flow wp-block-column-is-layout-flow\" style=\"flex-basis:33.33%\">\n<figure class=\"wp-block-image size-full\"><img decoding=\"async\" src=\"https:\/\/cdn.staging.vegeta.com\/media\/2024\/03\/icon-prirucnik-5.png\" alt=\"\" class=\"wp-image-4660\"\/><\/figure>\n<\/div>\n\n\n\n<div class=\"wp-block-column is-vertically-aligned-center is-layout-flow wp-block-column-is-layout-flow\" style=\"flex-basis:66.66%\">\n<p>Odgovore prona\u0111i u limited edition pakiranju Vegete BIO i poka\u017ei uku\u0107anima kako se dijele ku\u0107anski poslovi!<\/p>\n<\/div>\n<\/div>\n<\/div>\n\n\n\n<div class=\"wp-block-column gb-half-half-info__columns__image is-layout-flow wp-block-column-is-layout-flow\">\n<div data-lottie-name=\"lottie-pakiranje.json\" class=\"js-lottie-container\"><\/div>\n<\/div>\n<\/div>\n\n\n\t\t<\/div><\/div>\n\n\n\n<div class=\"wp-block-group bio-le__women-inovation\"><div class=\"wp-block-group__inner-container is-layout-constrained wp-block-group-is-layout-constrained\">\n<div class=\"wp-block-group is-vertical is-content-justification-center is-layout-flex wp-container-core-group-is-layout-4b2eccd6 wp-block-group-is-layout-flex\">\n<h3 class=\"wp-block-heading\">\u017denska inovacija za \u017eensku neovisnost<\/h3>\n\n\n\n<p class=\"has-text-align-center\">Ekskluzivna Vegeta BIO nosi pri\u010du koja se\u017ee u pro\u0161lost, a pou\u010dna je za budu\u0107nost.<\/p>\n<\/div>\n\n\n\n<div class=\"wp-block-columns is-layout-flex wp-container-core-columns-is-layout-9d6595d7 wp-block-columns-is-layout-flex\">\n<div class=\"wp-block-column is-vertically-aligned-center is-layout-flow wp-block-column-is-layout-flow\">\n<div class=\"wp-block-columns is-layout-flex wp-container-core-columns-is-layout-9d6595d7 wp-block-columns-is-layout-flex\">\n<div class=\"wp-block-column is-vertically-aligned-center is-layout-flow wp-block-column-is-layout-flow\" style=\"flex-basis:33.33%\">\n<figure class=\"wp-block-image size-full\"><img decoding=\"async\" src=\"https:\/\/cdn.staging.vegeta.com\/media\/2024\/03\/icon-number-1.png\" alt=\"\" class=\"wp-image-4651\"\/><\/figure>\n<\/div>\n\n\n\n<div class=\"wp-block-column is-layout-flow wp-block-column-is-layout-flow\" style=\"flex-basis:66.66%\">\n<p>Dok su \u017eene hrabro kora\u010dale prema ekonomskoj neovisnosti prije 65 godina,<br><strong>dr. Zlata Bartl izumila je Vegetu<\/strong><\/p>\n<\/div>\n<\/div>\n\n\n\n<div class=\"wp-block-columns is-layout-flex wp-container-core-columns-is-layout-9d6595d7 wp-block-columns-is-layout-flex\">\n<div class=\"wp-block-column is-vertically-aligned-center is-layout-flow wp-block-column-is-layout-flow\" style=\"flex-basis:33.33%\">\n<figure class=\"wp-block-image size-full\"><img decoding=\"async\" src=\"https:\/\/cdn.staging.vegeta.com\/media\/2024\/03\/icon-number-2.png\" alt=\"\" class=\"wp-image-4652\"\/><\/figure>\n<\/div>\n\n\n\n<div class=\"wp-block-column is-layout-flow wp-block-column-is-layout-flow\" style=\"flex-basis:66.66%\">\n<p>Ovaj inovativni proizvod nije samo skratio vrijeme u kuhinji, ve\u0107 je omogu\u0107io \u010dak i najneiskusnijim mu\u0161karcima da pripreme ukusne obroke<\/p>\n<\/div>\n<\/div>\n\n\n\n<div class=\"wp-block-columns is-layout-flex wp-container-core-columns-is-layout-9d6595d7 wp-block-columns-is-layout-flex\">\n<div class=\"wp-block-column is-vertically-aligned-center is-layout-flow wp-block-column-is-layout-flow\" style=\"flex-basis:33.33%\">\n<figure class=\"wp-block-image size-full\"><img decoding=\"async\" src=\"https:\/\/cdn.staging.vegeta.com\/media\/2024\/03\/icon-number-3.png\" alt=\"\" class=\"wp-image-4653\"\/><\/figure>\n<\/div>\n\n\n\n<div class=\"wp-block-column is-vertically-aligned-center is-layout-flow wp-block-column-is-layout-flow\" style=\"flex-basis:66.66%\">\n<p>Oslanjaju\u0107i se na tu tradiciju, pakiranje Vegete BIO podsje\u0107a da je u\u017eivanje u hrani jo\u0161 sla\u0111e kada se jednako dijeli<\/p>\n<\/div>\n<\/div>\n<\/div>\n\n\n\n<div class=\"wp-block-column is-layout-flow wp-block-column-is-layout-flow\">\n<figure class=\"wp-block-image size-large\"><img loading=\"lazy\" decoding=\"async\" width=\"885\" height=\"1024\" src=\"https:\/\/vegeta.com\/hr\/wp-content\/uploads\/2024\/03\/image-zlata-1-885x1024.png\" alt=\"\" class=\"wp-image-20127\" srcset=\"https:\/\/cdn.vegeta.com\/cro\/2024\/03\/image-zlata-1-885x1024.png 885w, https:\/\/cdn.vegeta.com\/cro\/2024\/03\/image-zlata-1-259x300.png 259w, https:\/\/cdn.vegeta.com\/cro\/2024\/03\/image-zlata-1-768x888.png 768w, https:\/\/cdn.vegeta.com\/cro\/2024\/03\/image-zlata-1.png 1176w\" sizes=\"auto, (max-width: 885px) 100vw, 885px\" \/><\/figure>\n<\/div>\n<\/div>\n<\/div><\/div>\n\n\n\n<div class=\"gb-embeded-block bio-le__tik-tok \" id=\"\">\n\t<div class=\"gb-embeded-block__container c-container\">\n\t\t<div class=\"gb-embeded-block__container__top\">\n\t\t\t<h2 class=\"gb-embeded-block__container__top__title\">\n\t\t\t\t<span class=\"gf-underlined-text\">Na TikToku<\/span> prona\u0111i recepte za po\u010detnike\n\t\t\t<\/h2>\n\t\t\t<p class=\"gb-embeded-block__container__top__description\">\n\t\t\t\tNikad nije kasno za u\u010denje novih trikova, a sada ih mo\u017ee\u0161 isprobati kuhaju\u0107i s Vegetom BIO.\n\t\t\t<\/p>\n\t\t<\/div>\n\t\t<div class=\"gb-embeded-block__container__embeded\">\n\t\t\t<div class=\"lazy-loader hidden js-lazy-loader\">\n\t\t\t\t\n\n<div data-service=\"tiktok\" data-widget class=\"tiktok-embed\" data-id=\"https:\/\/www.tiktok.com\/embed\/@vegeta.podravka\">\n  <blockquote\n    cite=\"https:\/\/www.tiktok.com\/@vegeta.podravka\" data-unique-id=\"vegeta.podravka\"\n    data-embed-type=\"creator\"\n    style=\"max-width: 780px;\n    min-width: 288px;\">\n    <div>\n      <a target=\"_blank\" href=\"https:\/\/www.tiktok.com\/@vegeta.podravka?refer=creator_embed\" rel=\"noopener\"><\/a>\n    <\/div>\n  <\/blockquote>\n<\/div>\n\n\n\t\t\t<\/div>\n\t\t\t<div class=\"gb-embeded-block__container__embeded__decoration\">\n\t\t\t\t<img decoding=\"async\" loading=\"lazy\" class=\"gb-embeded-block__container__embeded__decoration__image\" src=\"https:\/\/cdn.staging.vegeta.com\/media\/2024\/03\/image-tiktok-left.png\" alt=\"Decoration image left\" \/>\n\t\t\t<\/div>\n\t\t\t<div class=\"gb-embeded-block__container__embeded__decoration gb-embeded-block__container__embeded__decoration--right\">\n\t\t\t\t<img decoding=\"async\" loading=\"lazy\" class=\"gb-embeded-block__container__embeded__decoration__image\" src=\"https:\/\/cdn.staging.vegeta.com\/media\/2024\/03\/image-tiktok-right.png\" alt=\"Decoration image right\" \/>\n\t\t\t<\/div>\n\t\t<\/div>\n\t\t\t<\/div>\n<\/div>\n","protected":false},"excerpt":{"rendered":"<p>\u017denska inovacija za \u017eensku neovisnost Ekskluzivna Vegeta BIO nosi pri\u010du koja se\u017ee u pro\u0161lost, a pou\u010dna je za budu\u0107nost. Dok su \u017eene hrabro kora\u010dale prema ekonomskoj neovisnosti prije 65 godina,dr. Zlata Bartl izumila je Vegetu Ovaj inovativni proizvod nije samo skratio vrijeme u kuhinji, ve\u0107 je omogu\u0107io \u010dak i najneiskusnijim mu\u0161karcima da pripreme ukusne obroke [&hellip;]<\/p>\n","protected":false},"author":4686,"featured_media":0,"parent":0,"menu_order":0,"comment_status":"closed","ping_status":"closed","template":"pagetemplate-bio-le.php","meta":{"_acf_changed":false,"ep_exclude_from_search":false,"footnotes":""},"class_list":["post-20122","page","type-page","status-publish","hentry"],"acf":[],"yoast_head":"<!-- This site is optimized with the Yoast SEO plugin v25.1 - https:\/\/yoast.com\/wordpress\/plugins\/seo\/ -->\n<title>Vegeta BIO LE - Vegeta<\/title>\n<meta name=\"description\" content=\"Otkrij Vegetu BIO u posebno osmi\u0161ljenoj ambala\u017ei koja slu\u017ei kao prakti\u010dni savjetnik za ravnopravnu raspodjelu ku\u0107anskih poslova.\" \/>\n<meta name=\"robots\" content=\"index, follow, max-snippet:-1, max-image-preview:large, max-video-preview:-1\" \/>\n<link rel=\"canonical\" href=\"https:\/\/vegeta.com\/hr\/vegeta-bio-le\/\" \/>\n<meta property=\"og:locale\" content=\"hr_HR\" \/>\n<meta property=\"og:type\" content=\"article\" \/>\n<meta property=\"og:title\" content=\"Ekskluzivna Vegeta BIO za ravnopravnost svaki dan\" \/>\n<meta property=\"og:description\" content=\"Otkrij Vegetu BIO u posebno osmi\u0161ljenoj ambala\u017ei koja slu\u017ei kao prakti\u010dni savjetnik za ravnopravnu raspodjelu ku\u0107anskih poslova.\" \/>\n<meta property=\"og:url\" content=\"https:\/\/vegeta.com\/hr\/vegeta-bio-le\/\" \/>\n<meta property=\"og:site_name\" content=\"Vegeta\" \/>\n<meta property=\"article:modified_time\" content=\"2024-03-12T07:45:58+00:00\" \/>\n<meta property=\"og:image\" content=\"https:\/\/vegeta.com\/hr\/wp-content\/uploads\/2024\/03\/social-share-paste-nn.png\" \/>\n\t<meta property=\"og:image:width\" content=\"1200\" \/>\n\t<meta property=\"og:image:height\" content=\"630\" \/>\n\t<meta property=\"og:image:type\" content=\"image\/png\" \/>\n<meta name=\"twitter:card\" content=\"summary_large_image\" \/>\n<meta name=\"twitter:title\" content=\"Ekskluzivna Vegeta BIO za ravnopravnost svaki dan\" \/>\n<meta name=\"twitter:description\" content=\"Otkrij Vegetu BIO u posebno osmi\u0161ljenoj ambala\u017ei koja slu\u017ei kao prakti\u010dni savjetnik za ravnopravnu raspodjelu ku\u0107anskih poslova.\" \/>\n<meta name=\"twitter:image\" content=\"https:\/\/cdn.vegeta.com\/cro\/2024\/03\/social-share-paste-nn.png\" \/>\n<meta name=\"twitter:label1\" content=\"Est. reading time\" \/>\n\t<meta name=\"twitter:data1\" content=\"3 minute\" \/>\n<script type=\"application\/ld+json\" class=\"yoast-schema-graph\">{\"@context\":\"https:\/\/schema.org\",\"@graph\":[{\"@type\":\"WebPage\",\"@id\":\"https:\/\/vegeta.com\/hr\/vegeta-bio-le\/\",\"url\":\"https:\/\/vegeta.com\/hr\/vegeta-bio-le\/\",\"name\":\"Vegeta BIO LE - Vegeta\",\"isPartOf\":{\"@id\":\"https:\/\/vegeta.com\/hr\/#website\"},\"primaryImageOfPage\":{\"@id\":\"https:\/\/vegeta.com\/hr\/vegeta-bio-le\/#primaryimage\"},\"image\":{\"@id\":\"https:\/\/vegeta.com\/hr\/vegeta-bio-le\/#primaryimage\"},\"thumbnailUrl\":\"https:\/\/cdn.staging.vegeta.com\/media\/2024\/03\/naslov-1024x969.png\",\"datePublished\":\"2024-03-07T13:16:29+00:00\",\"dateModified\":\"2024-03-12T07:45:58+00:00\",\"description\":\"Otkrij Vegetu BIO u posebno osmi\u0161ljenoj ambala\u017ei koja slu\u017ei kao prakti\u010dni savjetnik za ravnopravnu raspodjelu ku\u0107anskih poslova.\",\"breadcrumb\":{\"@id\":\"https:\/\/vegeta.com\/hr\/vegeta-bio-le\/#breadcrumb\"},\"inLanguage\":\"hr\",\"potentialAction\":[{\"@type\":\"ReadAction\",\"target\":[\"https:\/\/vegeta.com\/hr\/vegeta-bio-le\/\"]}]},{\"@type\":\"ImageObject\",\"inLanguage\":\"hr\",\"@id\":\"https:\/\/vegeta.com\/hr\/vegeta-bio-le\/#primaryimage\",\"url\":\"https:\/\/cdn.staging.vegeta.com\/media\/2024\/03\/naslov-1024x969.png\",\"contentUrl\":\"https:\/\/cdn.staging.vegeta.com\/media\/2024\/03\/naslov-1024x969.png\"},{\"@type\":\"BreadcrumbList\",\"@id\":\"https:\/\/vegeta.com\/hr\/vegeta-bio-le\/#breadcrumb\",\"itemListElement\":[{\"@type\":\"ListItem\",\"position\":1,\"name\":\"Home\",\"item\":\"https:\/\/vegeta.com\/hr\/\"},{\"@type\":\"ListItem\",\"position\":2,\"name\":\"Vegeta BIO LE\"}]},{\"@type\":\"WebSite\",\"@id\":\"https:\/\/vegeta.com\/hr\/#website\",\"url\":\"https:\/\/vegeta.com\/hr\/\",\"name\":\"Vegeta\",\"description\":\"Tko \u0107e zakuhati stra\u0161no dobru pri\u010du i osvojiti iPhone 17? Mo\u017eda ba\u0161 ti - prijavi se!\",\"publisher\":{\"@id\":\"https:\/\/vegeta.com\/hr\/#organization\"},\"potentialAction\":[{\"@type\":\"SearchAction\",\"target\":{\"@type\":\"EntryPoint\",\"urlTemplate\":\"https:\/\/vegeta.com\/hr\/?s={search_term_string}\"},\"query-input\":{\"@type\":\"PropertyValueSpecification\",\"valueRequired\":true,\"valueName\":\"search_term_string\"}}],\"inLanguage\":\"hr\"},{\"@type\":\"Organization\",\"@id\":\"https:\/\/vegeta.com\/hr\/#organization\",\"name\":\"Vegeta\",\"url\":\"https:\/\/vegeta.com\/hr\/\",\"logo\":{\"@type\":\"ImageObject\",\"inLanguage\":\"hr\",\"@id\":\"https:\/\/vegeta.com\/hr\/#\/schema\/logo\/image\/\",\"url\":\"https:\/\/cdn.vegeta.com\/cro\/2023\/09\/image-vegeta-app-1024.png\",\"contentUrl\":\"https:\/\/cdn.vegeta.com\/cro\/2023\/09\/image-vegeta-app-1024.png\",\"width\":946,\"height\":944,\"caption\":\"Vegeta\"},\"image\":{\"@id\":\"https:\/\/vegeta.com\/hr\/#\/schema\/logo\/image\/\"}}]}<\/script>\n<!-- \/ Yoast SEO plugin. -->","yoast_head_json":{"title":"Vegeta BIO LE - Vegeta","description":"Otkrij Vegetu BIO u posebno osmi\u0161ljenoj ambala\u017ei koja slu\u017ei kao prakti\u010dni savjetnik za ravnopravnu raspodjelu ku\u0107anskih poslova.","robots":{"index":"index","follow":"follow","max-snippet":"max-snippet:-1","max-image-preview":"max-image-preview:large","max-video-preview":"max-video-preview:-1"},"canonical":"https:\/\/vegeta.com\/hr\/vegeta-bio-le\/","og_locale":"hr_HR","og_type":"article","og_title":"Ekskluzivna Vegeta BIO za ravnopravnost svaki dan","og_description":"Otkrij Vegetu BIO u posebno osmi\u0161ljenoj ambala\u017ei koja slu\u017ei kao prakti\u010dni savjetnik za ravnopravnu raspodjelu ku\u0107anskih poslova.","og_url":"https:\/\/vegeta.com\/hr\/vegeta-bio-le\/","og_site_name":"Vegeta","article_modified_time":"2024-03-12T07:45:58+00:00","og_image":[{"width":1200,"height":630,"url":"https:\/\/vegeta.com\/hr\/wp-content\/uploads\/2024\/03\/social-share-paste-nn.png","type":"image\/png"}],"twitter_card":"summary_large_image","twitter_title":"Ekskluzivna Vegeta BIO za ravnopravnost svaki dan","twitter_description":"Otkrij Vegetu BIO u posebno osmi\u0161ljenoj ambala\u017ei koja slu\u017ei kao prakti\u010dni savjetnik za ravnopravnu raspodjelu ku\u0107anskih poslova.","twitter_image":"https:\/\/cdn.vegeta.com\/cro\/2024\/03\/social-share-paste-nn.png","twitter_misc":{"Est. reading time":"3 minute"},"schema":{"@context":"https:\/\/schema.org","@graph":[{"@type":"WebPage","@id":"https:\/\/vegeta.com\/hr\/vegeta-bio-le\/","url":"https:\/\/vegeta.com\/hr\/vegeta-bio-le\/","name":"Vegeta BIO LE - Vegeta","isPartOf":{"@id":"https:\/\/vegeta.com\/hr\/#website"},"primaryImageOfPage":{"@id":"https:\/\/vegeta.com\/hr\/vegeta-bio-le\/#primaryimage"},"image":{"@id":"https:\/\/vegeta.com\/hr\/vegeta-bio-le\/#primaryimage"},"thumbnailUrl":"https:\/\/cdn.staging.vegeta.com\/media\/2024\/03\/naslov-1024x969.png","datePublished":"2024-03-07T13:16:29+00:00","dateModified":"2024-03-12T07:45:58+00:00","description":"Otkrij Vegetu BIO u posebno osmi\u0161ljenoj ambala\u017ei koja slu\u017ei kao prakti\u010dni savjetnik za ravnopravnu raspodjelu ku\u0107anskih poslova.","breadcrumb":{"@id":"https:\/\/vegeta.com\/hr\/vegeta-bio-le\/#breadcrumb"},"inLanguage":"hr","potentialAction":[{"@type":"ReadAction","target":["https:\/\/vegeta.com\/hr\/vegeta-bio-le\/"]}]},{"@type":"ImageObject","inLanguage":"hr","@id":"https:\/\/vegeta.com\/hr\/vegeta-bio-le\/#primaryimage","url":"https:\/\/cdn.staging.vegeta.com\/media\/2024\/03\/naslov-1024x969.png","contentUrl":"https:\/\/cdn.staging.vegeta.com\/media\/2024\/03\/naslov-1024x969.png"},{"@type":"BreadcrumbList","@id":"https:\/\/vegeta.com\/hr\/vegeta-bio-le\/#breadcrumb","itemListElement":[{"@type":"ListItem","position":1,"name":"Home","item":"https:\/\/vegeta.com\/hr\/"},{"@type":"ListItem","position":2,"name":"Vegeta BIO LE"}]},{"@type":"WebSite","@id":"https:\/\/vegeta.com\/hr\/#website","url":"https:\/\/vegeta.com\/hr\/","name":"Vegeta","description":"Tko \u0107e zakuhati stra\u0161no dobru pri\u010du i osvojiti iPhone 17? Mo\u017eda ba\u0161 ti - prijavi se!","publisher":{"@id":"https:\/\/vegeta.com\/hr\/#organization"},"potentialAction":[{"@type":"SearchAction","target":{"@type":"EntryPoint","urlTemplate":"https:\/\/vegeta.com\/hr\/?s={search_term_string}"},"query-input":{"@type":"PropertyValueSpecification","valueRequired":true,"valueName":"search_term_string"}}],"inLanguage":"hr"},{"@type":"Organization","@id":"https:\/\/vegeta.com\/hr\/#organization","name":"Vegeta","url":"https:\/\/vegeta.com\/hr\/","logo":{"@type":"ImageObject","inLanguage":"hr","@id":"https:\/\/vegeta.com\/hr\/#\/schema\/logo\/image\/","url":"https:\/\/cdn.vegeta.com\/cro\/2023\/09\/image-vegeta-app-1024.png","contentUrl":"https:\/\/cdn.vegeta.com\/cro\/2023\/09\/image-vegeta-app-1024.png","width":946,"height":944,"caption":"Vegeta"},"image":{"@id":"https:\/\/vegeta.com\/hr\/#\/schema\/logo\/image\/"}}]}},"_links":{"self":[{"href":"https:\/\/vegeta.com\/hr\/wp-json\/wp\/v2\/pages\/20122","targetHints":{"allow":["GET"]}}],"collection":[{"href":"https:\/\/vegeta.com\/hr\/wp-json\/wp\/v2\/pages"}],"about":[{"href":"https:\/\/vegeta.com\/hr\/wp-json\/wp\/v2\/types\/page"}],"author":[{"embeddable":true,"href":"https:\/\/vegeta.com\/hr\/wp-json\/wp\/v2\/users\/4686"}],"replies":[{"embeddable":true,"href":"https:\/\/vegeta.com\/hr\/wp-json\/wp\/v2\/comments?post=20122"}],"version-history":[{"count":4,"href":"https:\/\/vegeta.com\/hr\/wp-json\/wp\/v2\/pages\/20122\/revisions"}],"predecessor-version":[{"id":20151,"href":"https:\/\/vegeta.com\/hr\/wp-json\/wp\/v2\/pages\/20122\/revisions\/20151"}],"wp:attachment":[{"href":"https:\/\/vegeta.com\/hr\/wp-json\/wp\/v2\/media?parent=20122"}],"curies":[{"name":"wp","href":"https:\/\/api.w.org\/{rel}","templated":true}]}}