{"id":20140,"date":"2024-03-12T07:32:28","date_gmt":"2024-03-12T07:32:28","guid":{"rendered":"https:\/\/vegeta.com\/hr\/?page_id=20140"},"modified":"2025-07-11T08:07:35","modified_gmt":"2025-07-11T08:07:35","slug":"kupsiste-kasutamise-pohimotted","status":"publish","type":"page","link":"https:\/\/vegeta.com\/ee\/kupsiste-kasutamise-pohimotted\/","title":{"rendered":"K\u00fcpsiste kasutamise p\u00f5him\u00f5tted"},"content":{"rendered":"\n<h2 class=\"wp-block-heading\">Mis on k\u00fcpsised?<\/h2>\n\n\n\n<p>K\u00fcpsis on v\u00e4ike tekstifail, mille veebisait salvestab selle kasutamise ajal arvutisse v\u00f5i mobiilseadmesse. See v\u00f5imaldab veebisaidil teatud aja jooksul meeles pidada teie toiminguid ja eelistusi (nt sisselogimisandmed, keel, kirja suurus ja muud kuvaeelistused), et te ei peaks neid veebisaidile naasmisel ega lehek\u00fclgede vahel liikudes uuesti sisestama.<br><br>Kui k\u00fclastate veebisaiti <a href=\"https:\/\/vegeta.com\/ee\/\">https:\/\/vegeta.com\/ee\/<\/a>, k\u00fcsime teie n\u00f5usolekut selliste k\u00fcpsiste kasutamiseks, mis ei ole vajalikud veebisaidi toimimiseks.<br><br>K\u00fcpsiseid on mitut t\u00fc\u00fcpi.<\/p>\n\n\n\n<p><strong>a) H\u00e4davajalikud k\u00fcpsised \u2013 alati aktiivsed<\/strong><\/p>\n\n\n\n<p>Need k\u00fcpsised on vajalikud veebisaidi toimimiseks, mist\u00f5ttu neid ei saa v\u00e4lja l\u00fclitada. Neid salvestatakse vastuseks teie tegevustele, mis kujutavad endast teenusep\u00e4ringut, nagu privaatsusseadete muutmine, sisselogimine v\u00f5i veebivormide t\u00e4itmine. Saate seadistada oma brauseri nii, et see blokeerib need k\u00fcpsised v\u00f5i hoiatab teid nende eest, kuid m\u00f5ned saidi osad sellisel juhul ei t\u00f6\u00f6ta.<\/p>\n\n\n\n<p><strong>b) Funktsionaalsed k\u00fcpsised<\/strong><\/p>\n\n\n\n<p>Need k\u00fcpsised v\u00f5imaldavad veebisaidil pakkuda personaalsemat ja t\u00e4iustatumat sirvimiskogemust. Neid v\u00f5ime m\u00e4\u00e4rata meie v\u00f5i kolmandad isikud, kelle teenused oleme oma lehtedele lisanud. Kui te ei n\u00f5ustu nende k\u00fcpsistega, ei pruugi need teenused v\u00f5i osa neist korralikult toimida.<\/p>\n\n\n\n<p><strong>c) Anal\u00fc\u00fctilised k\u00fcpsised<\/strong><\/p>\n\n\n\n<p>Need k\u00fcpsised v\u00f5imaldavad meil loendada k\u00fclastusi ja veebiliikluse allikaid, et saaksime hinnata ja parendada oma veebisaidi j\u00f5udlust. Nende abil saame teada, millised lehed meie veebisaidil on k\u00f5ige rohkem ja v\u00e4hem populaarsed ning kuidas k\u00fclastajad veebisaidil liiguvad. Kogu teave, mida need k\u00fcpsised koguvad, koondatakse ja on seega anon\u00fc\u00fcmne. Kui te neid k\u00fcpsiseid ei luba, ei saa me teada, kui te meie veebisaiti k\u00fclastate, ega suuda selle toimimist j\u00e4lgida.<br><br>Enne teie n\u00f5usoleku saamist teavitame teid eri kategooriatesse kuuluvate k\u00fcpsiste eesm\u00e4rgist ning eri liiki k\u00fcpsiste nimetuste ja nende kestuse kohta leiate lisateavet k\u00e4esolevate p\u00f5him\u00f5tete III peat\u00fckist.<br><br><strong>Veebisaidil <a href=\"https:\/\/vegeta.com\/ee\/\">https:\/\/vegeta.com\/ee\/<\/a> kogutud andmete vastutav t\u00f6\u00f6tleja on:<\/strong><br>Podravka d.d.<br>Ante Star\u010devi\u0107a 32<br>HR \u2013 48000 Koprivnica<br>Tel 048 653 077<br>Faks 048 653 088<br>Mob 099\/6651-783<br><br><strong>Andmekaitseametnikuga saate \u00fchendust v\u00f5tta e-posti aadressil <a href=\"mailto:dpo@podravka.hr\">dpo@podravka.hr<\/a>.<\/strong><br><br><strong>Allpool leiate lisateavet k\u00fcpsiste kasutamise kohta.<\/strong><\/p>\n\n\n\n<h2 class=\"wp-block-heading\">Kuidas me k\u00fcpsiseid kasutame?<\/h2>\n\n\n\n<p><a href=\"https:\/\/vegeta.com\/ee\/\">https:\/\/vegeta.com\/ee\/<\/a> kasutab k\u00fcpsiseid ja sarnaseid tehnoloogiaid mitmel eesm\u00e4rgil olenevalt kontekstist v\u00f5i tootest, muu hulgas j\u00e4rgmisteks otstarveteks.<br><br>1) Kasutaja sisendi k\u00fcpsised (seansi ID k\u00fcpsised) ja\/v\u00f5i p\u00fcsik\u00fcpsised, mis on m\u00f5nel juhul piiratud m\u00f5ne tunniga \u2013 kasutame neid teie eelistuste ja seadete salvestamiseks teie seadmesse ning teie kasutuskogemuse parandamiseks. N\u00e4iteks teie isiklike eelistuste salvestamine k\u00fcpsistesse, et te ei peaks neid pidevalt uuesti sisestama. Kui te loobute huvip\u00f5histest reklaamidest, salvestame teie loobumisvalikud teie seadmes olevasse k\u00fcpsisesse.<br><br>2) Autentimisk\u00fcpsised, mida kasutatakse autenditud teenuste jaoks sirvimisseansi ajal \u2013 kasutame neid k\u00fcpsiseid teie tuvastamiseks. Need v\u00f5imaldavad liikuda lehek\u00fclgede vahel, ilma et peaksite igal lehek\u00fcljel uuesti sisse logima. Samuti v\u00f5ite salvestada oma sisselogimisandmed, et te ei peaks iga kord veebisaidile naastes sisselogimisprotsessi l\u00e4bima.<br><br>3) Kasutajakesksed turvak\u00fcpsised, mida kasutatakse autentimise kuritarvitamise tuvastamiseks piiratud aja jooksul \u2013 kasutame neid k\u00fcpsiseid, et t\u00f6\u00f6delda teavet turvaeesm\u00e4rkidel ning avastada pettusi ja kuritarvitusi.<br><br>4) Multimeediasisu m\u00e4ngija seansik\u00fcpsised, n\u00e4iteks Flash Playeri k\u00fcpsised seansi kestuse ajal.<br><br>5) Koormuse tasakaalustamise seansik\u00fcpsised seansi kestuse ajal \u2013 kasutame neid k\u00fcpsiseid teie edastatud andmete meelespidamiseks ja salvestame need andmed k\u00fcpsisesse, et need meelde j\u00e4tta.<br><br>6) P\u00fcsivad kasutajaliidese kohandamise k\u00fcpsised seansi kestuse ajal (v\u00f5i veidi kauem) \u2013 kasutame neid k\u00fcpsiseid, et salvestada teie kogemuse eelistused v\u00f5i tagasiside veebisaidil.<br><br>7) Kolmandate isikute sotsiaalmeedia pistikprogrammi sisu jagamise k\u00fcpsised, sotsiaalv\u00f5rgustiku sisselogitud liikmete jaoks \u2013 m\u00f5ned meie veebisaidid sisaldavad sotsiaalmeedia k\u00fcpsiseid, sealhulgas k\u00fcpsiseid, mis v\u00f5imaldavad sotsiaalv\u00f5rgustike sisselogitud kasutajatel selle v\u00f5rgustiku kaudu sisu jagada. Kasutame sisu jagamise k\u00fcpsiseid veebisaitidel, mis v\u00f5imaldavad teil sotsiaalmeediakontot kasutades sisse logida ja registreeruda ning kui jagate veebisaidi sisu sotsiaalv\u00f5rgustikes (nt kasutades meeldimise nuppu). M\u00f5ju teie eraelu puutumatusele varieerub olenevalt sotsiaalv\u00f5rgustikest, mida te kasutate, ja teie privaatsusseadetest sotsiaalmeedias. Nende k\u00fcpsiste haldamise kohta saate teavet asjaomase sotsiaalmeediakanali veebisaidilt.<br><br>Lisaks loetletud k\u00fcpsistele kasutame ka j\u00e4rgmisi k\u00fcpsiseid.<\/p>\n\n\n\n<ol class=\"wp-block-list\">\n<li>Sotsiaalmeedia pistikprogrammide j\u00e4litusk\u00fcpsised.<\/li>\n\n\n\n<li>Toodete ja teenuste arendamise ja t\u00e4iustamise k\u00fcpsised (kolmandate isikute reklaamik\u00fcpsised) \u2013 kasutame k\u00fcpsiseid, et koguda teavet teie tegevuse kohta veebis ja teha kindlaks teie huvid, et saaksime n\u00e4idata teile reklaame, mis teile t\u00f5en\u00e4olisemalt huvi pakuvad. Te v\u00f5ite loobuda huvip\u00f5histe reklaamide saamisest, nagu on kirjeldatud meie privaatsusp\u00f5him\u00f5tetes. Kasutame k\u00fcpsiseid ka n\u00e4iteks selleks, et j\u00e4lgida, mitu k\u00fclastajat on reklaamile kl\u00f5psanud ja milliseid reklaame olete n\u00e4inud, et teile ei kuvataks pidevalt samu reklaame.<\/li>\n\n\n\n<li>Funktsionaalsed k\u00fcpsised (anal\u00fc\u00fctilised (statistilised) k\u00fcpsised) \u2013 kasutame esimese ja kolmanda poole k\u00fcpsiseid ning muid identifikaatoreid, et koguda kasutus- ja j\u00f5udlusandmeid, n\u00e4iteks selleks, et loendada veebisaiti v\u00f5i teenust kasutavaid unikaalseid k\u00fclastajaid ning luua muud statistikat meie veebisaidi ja toote j\u00f5udluse kohta v\u00f5i saada rohkem teavet meie toodete tulemuslikkuse kohta nende parandamise eesm\u00e4rgil (nt kasutame k\u00fcpsiseid, et koguda andmeid, mis aitavad kaasa koormuse optimaalsele jaotamisele). See aitab meie veebisaitidel korralikult t\u00f6\u00f6tada.<\/li>\n<\/ol>\n\n\n\n<p>Podravkal ei ole t\u00e4ielikku kontrolli selle \u00fcle, kuidas kolmandad isikud isikuandmeid t\u00f6\u00f6tlevad.<br><br>Podravka ei kasuta k\u00fcpsiseid muudel eesm\u00e4rkidel kui need, mida on kirjeldatud meie privaatsusp\u00f5him\u00f5tetes ja siinsetes p\u00f5him\u00f5tetes.<br><br>M\u00f5ned meie lehtedele lisatud videod kasutavad ka k\u00fcpsist, et koguda anon\u00fc\u00fcmselt statistikat selle kohta, kuidas te lehele j\u00f5udsite ja milliseid videoid vaatasite.<br><br>Nende k\u00fcpsiste lubamine ei ole veebisaidi toimimiseks tingimata vajalik, kuid see tagab teile parema sirvimiskogemuse.<br><br>V\u00f5ite need k\u00fcpsised kustutada v\u00f5i blokeerida, kuid sellisel juhul ei pruugi selle saidi m\u00f5ned funktsioonid etten\u00e4htud viisil toimida.<\/p>\n\n\n\n<h2 class=\"wp-block-heading\">K\u00fcpsiste nimed, kestus ja eesm\u00e4rk<\/h2>\n\n\n\n<p>Lisateavet leiate j\u00e4rgmiselt <a href=\"#\" class=\"kc-show-preferences\">lingilt<\/a><\/p>\n\n\n\n<h2 class=\"wp-block-heading\">Kas me kasutame muid k\u00fcpsiseid?<\/h2>\n\n\n\n<p>M\u00f5ned meie lehed v\u00f5i alamsaidid v\u00f5ivad kasutada lisa- ja\/v\u00f5i muid k\u00fcpsiseid kui need, mida on eespool kirjeldatud. N\u00e4iteks:<br><br>\u2013 ettev\u00f5tted, kelle oleme palganud meie nimel teenuseid, n\u00e4iteks veebisaidi anal\u00fc\u00fcsi pakkuma, seavad k\u00fcpsiseid, kui te meie veebisaite k\u00fclastate;<br>\u2013 ettev\u00f5tted, kes pakuvad sisu, n\u00e4iteks videoid, uudiseid v\u00f5i reklaame, seavad oma k\u00fcpsised meie veebisaitidele. Need ettev\u00f5tted kasutavad andmeid, mida nad t\u00f6\u00f6tlevad, koosk\u00f5las oma andmekaitsep\u00f5him\u00f5tetega, mis v\u00f5ivad lubada neil koguda ja koguda teavet teie tegevuse kohta mitmesugustelt veebisaitidelt, rakendustest v\u00f5i veebiteenustelt.<br><br>Teid teavitatakse kohe p\u00e4rast nende ilmumist ning me k\u00fcsime teilt siis n\u00f5usolekut ka nende k\u00fcpsiste salvestamiseks, kui te ei ole seda veel andnud.<br><br>Nende teenusepakkujate loetelu, kes v\u00f5ivad meie veebisaidile k\u00fcpsiseid paigaldada, on esitatud lisas.<\/p>\n\n\n\n<h2 class=\"wp-block-heading\">Milliseid k\u00fcpsiseid kasutavad Google LLC ja tema sidusettev\u00f5tted?<\/h2>\n\n\n\n<p>Podravka kasutab ka Google&#8217;i teenuseid, mille alusel kogub ka Google LLC isikuandmeid (edaspidi: Google).<br><br>Google\u2019i teenused on j\u00e4rgmised:<br>Google\u2019i rakendused, saidid ja seadmed, nagu Search, YouTube ja Google Home;<br>platvormid, nagu Chrome\u2019i brauser ja operatsioonis\u00fcsteem Android;<br><br>tooted, mis on integreeritud kolmandate poolte rakendustesse ja saitidesse, nagu reklaamid, anal\u00fc\u00fctika ja sisseehitatud Google Maps.<\/p>\n\n\n\n<h2 class=\"wp-block-heading\">K\u00fcpsiste kasutamine anal\u00fc\u00fcsimiseks<\/h2>\n\n\n\n<p>Google Analytics on anal\u00fc\u00fctiline vahend, mis aitab saidi ja rakenduse omanikel m\u00f5ista, kuidas nende k\u00fclastajad nende saite ja rakendusi kasutavad. See v\u00f5ib kasutada mitut k\u00fcpsist teabe kogumiseks ja saidi kasutusstatistika edastamiseks, ilma et \u00fcksikkasutajate isikuid Google\u2019ile paljastamata. Peamine Google Analyticsi kasutatav k\u00fcpsis on \u201e_ga\u201c. Lisaks veebisaidi kasutamise statistikale saab Google Analyticsit kasutada ka koos m\u00f5ne eespool kirjeldatud reklaamik\u00fcpsisega, et kuvada asjakohasemaid reklaame Google\u2019i teenustes (nt Google Search) ja veebis ning m\u00f5\u00f5ta meie kuvatavate reklaamide kasutust.<br><br>Lisateave https:\/\/developers.google.com\/analytics\/devguides\/collection\/analyticsjs\/cookie-usage?hl=hr.<\/p>\n\n\n\n<h2 class=\"wp-block-heading\">Google\u2019i teenuste k\u00fcpsiste abil kogutud andmete eksportimine ja kustutamine<\/h2>\n\n\n\n<p>Te v\u00f5ite igal ajal eksportida oma teabe koopia v\u00f5i selle oma Google\u2019i kontolt kustutada.<br><br>Te v\u00f5ite eksportida oma Google\u2019i kontol olevast sisu koopia varundamise eesm\u00e4rgil v\u00f5i et kasutada seda v\u00e4ljaspool Google\u2019it asuva teenusega.<br><br>Oma andmete kustutamiseks v\u00f5ite:<br>kustutada oma sisu konkreetsetest Google\u2019i teenustest;<br>otsida oma kontolt \u00fcles ja seej\u00e4rel kustutada konkreetsed andmed funktsiooni My Activity abil;<br>kustutada konkreetsed Google\u2019i tooted, sealhulgas teie andmed, mis on nende toodetega seotud;<br>kustutada oma Google\u2019i konto t\u00e4ielikult.<br>Kui vajate Google\u2019i kontoga lisaabi, v\u00f5tke \u00fchendust oma administraatoriga.<br>Podravkal ei ole kontrolli selle \u00fcle, kuidas te oma Google\u2019i kontot ja veebibrauserit kasutate ja seadistate.<br>Kui teil on lisak\u00fcsimusi v\u00f5i kahtlusi, v\u00f5ite v\u00f5tta \u00fchendust Google\u2019i ja nende andmekaitseb\u00fcrooga v\u00f5i p\u00f6\u00f6rduda Horvaatia isikuandmete kaitse agentuuri poole.<\/p>\n\n\n\n<h2 class=\"wp-block-heading\">Kuidas te saate k\u00fcpsiseid hallata?<\/h2>\n\n\n\n<p>Saate oma k\u00fcpsiste eelistusi hallata igal ajal, mis t\u00e4hendab, et saate valida erineva k\u00fcpsiste kategooria iga kord, kui k\u00fclastate veebisaiti <a href=\"https:\/\/vegeta.com\/ee\/\">https:\/\/vegeta.com\/ee\/<\/a>, v\u00f5i k\u00fcpsised kustutada. Pange t\u00e4hele, et te ei saa muuta oma esmat\u00e4htsate k\u00fcpsiste eelistusi ja seadeid, sest veebisait ei saa ilma nendeta toimida, eriti sellel tasemel, mida k\u00f5ik meie kasutajad (andmesubjektid) ootavad.<br>Veebisaidi <a href=\"https:\/\/vegeta.com\/ee\/\">https:\/\/vegeta.com\/ee\/<\/a> vastutava t\u00f6\u00f6tlejana pakume teile v\u00f5imalust hallata oma k\u00fcpsiste eelistusi h\u00fcpikakna kaudu.<\/p>\n\n\n\n<p><strong>Saate oma eelistusi igal ajal muuta brauseri seadetes.<\/strong><\/p>\n\n\n\n<p>Saate kustutada k\u00f5ik k\u00fcpsised, mis on teie arvutisse juba salvestatud, ning enamikku brausereid saab seadistada nii, et need ei luba k\u00fcpsiseid teie seadmes salvestada. K\u00fcpsiseid blokeerides peate t\u00f5en\u00e4oliselt k\u00e4sitsi kohandama teatavaid eelistusi iga kord, kui veebisaiti k\u00fclastate, ning m\u00f5ned teenused ja funktsioonid ei pruugi korralikult t\u00f6\u00f6tada.<\/p>\n\n\n\n<p><strong>Lisateave k\u00fcpsiste v\u00e4ljal\u00fclitamise kohta<\/strong><\/p>\n\n\n\n<p>On mitu veebisaiti, mis annavad teavet selle kohta, kuidas keelata k\u00fcpsiste kasutamine eri teenuste puhul.<br><br>Lisateavet leiate j\u00e4rgmistelt veebisaitidelt:<br>www.allaboutcookies.org<br>www.youronlinechoices.com\/hr<br>www.aboutads.info\/choices<br><a href=\"https:\/\/developers.google.com\/analytics\/devguides\/collection\/analyticsjs\/cookie-usage\">https:\/\/developers.google.com\/analytics\/devguides\/collection\/analyticsjs\/cookie-usage<\/a><br>http:\/\/www.addthis.com\/privacy\/privacy-policy<br>Lisaks eeltoodule v\u00f5ivad v\u00e4ga kasulikuks osutuda ka j\u00e4rgmised veebisaidid:<br>Euroopa interaktiivse digitaalreklaami \u00fchendus (EL)<br>Internet Advertising Bureau (USA)<br>Internet Advertising Bureau (EL)<br>On mitu veebisaiti, mis annavad teavet selle kohta, kuidas keelata k\u00fcpsiste kasutamine eri teenuste puhul.<br>Lisateavet leiate j\u00e4rgmistelt veebisaitidelt:<br>www.allaboutcookies.org<br>www.youronlinechoices.com\/hr<br>www.aboutads.info\/choices<br><a href=\"https:\/\/developers.google.com\/analytics\/devguides\/collection\/analyticsjs\/cookie-usage\">https:\/\/developers.google.com\/analytics\/devguides\/collection\/analyticsjs\/cookie-usage<\/a><br>http:\/\/www.addthis.com\/privacy\/privacy-policy<\/p>\n\n\n\n<p>Lisaks eeltoodule v\u00f5ivad v\u00e4ga kasulikuks osutuda ka j\u00e4rgmised veebisaidid:<\/p>\n\n\n\n<ul class=\"wp-block-list\">\n<li>Euroopa interaktiivse digitaalreklaami \u00fchendus (EL)<\/li>\n\n\n\n<li>Internet Advertising Bureau (USA<\/li>\n\n\n\n<li>Internet Advertising Bureau (EL)<\/li>\n\n\n\n<li>Google Chrome<\/li>\n\n\n\n<li>Internet Explorer<\/li>\n\n\n\n<li>Mozilla Firefox<\/li>\n\n\n\n<li>Safari (Desktop)<\/li>\n\n\n\n<li>Safari (Mobile)<\/li>\n\n\n\n<li>Androidi brauser<\/li>\n\n\n\n<li>Opera<\/li>\n\n\n\n<li>Opera Mobile<\/li>\n<\/ul>\n\n\n\n<h2 class=\"wp-block-heading\">K\u00fcpsiste eelistuste \u00fcmberm\u00e4\u00e4ramine ja l\u00e4htestamine<\/h2>\n\n\n\n<p>Iga kord, kui meie veebisaiti k\u00fclastate, v\u00f5ite otsustada oma k\u00fcpsiste eelistused uuesti m\u00e4\u00e4rata ja l\u00e4htestada ning te v\u00f5ite k\u00fcpsiseid igal ajal kustutada ja\/v\u00f5i muuta.<br><br>Podravka j\u00e4tab endale \u00f5iguse neid p\u00f5him\u00f5tteid igal ajal muuta.<br><br>P\u00f5him\u00f5tetes nimetatud k\u00fcpsiste muutumise v\u00f5i uute k\u00fcpsiste kasutuselev\u00f5tmise korral muudab Podravka neid p\u00f5him\u00f5tteid ning k\u00fcsib vajaduse korral andmesubjektilt uut n\u00f5usolekut seitsme p\u00e4eva jooksul alates p\u00f5him\u00f5tete muutmist tingivate s\u00fcndmuste toimumisest.<br><br>Meie andmekaitseametnikuga saate \u00fchendust aadressil <a href=\"mailto:dpo@podravka.hr\">dpo@podravka.hr<\/a><\/p>\n\n\n\n<p>Uuendatud 10.07.2025.<\/p>\n","protected":false},"excerpt":{"rendered":"<p>Mis on k\u00fcpsised? K\u00fcpsis on v\u00e4ike tekstifail, mille veebisait salvestab selle kasutamise ajal arvutisse v\u00f5i mobiilseadmesse. See v\u00f5imaldab veebisaidil teatud aja jooksul meeles pidada teie toiminguid ja eelistusi (nt sisselogimisandmed, keel, kirja suurus ja muud kuvaeelistused), et te ei peaks neid veebisaidile naasmisel ega lehek\u00fclgede vahel liikudes uuesti sisestama. Kui k\u00fclastate veebisaiti https:\/\/vegeta.com\/ee\/, k\u00fcsime teie [&hellip;]<\/p>\n","protected":false},"author":4459,"featured_media":0,"parent":0,"menu_order":0,"comment_status":"closed","ping_status":"closed","template":"","meta":{"_acf_changed":false,"ep_exclude_from_search":false,"footnotes":""},"class_list":["post-20140","page","type-page","status-publish","hentry"],"acf":[],"yoast_head":"<!-- This site is optimized with the Yoast SEO plugin v25.1 - https:\/\/yoast.com\/wordpress\/plugins\/seo\/ -->\n<title>K\u00fcpsiste kasutamise p\u00f5him\u00f5tted - Vegeta<\/title>\n<meta name=\"robots\" content=\"index, follow, max-snippet:-1, max-image-preview:large, max-video-preview:-1\" \/>\n<link rel=\"canonical\" href=\"https:\/\/vegeta.com\/ee\/kupsiste-kasutamise-pohimotted\/\" \/>\n<meta property=\"og:locale\" content=\"et_EE\" \/>\n<meta property=\"og:type\" content=\"article\" \/>\n<meta property=\"og:title\" content=\"K\u00fcpsiste kasutamise p\u00f5him\u00f5tted - Vegeta\" \/>\n<meta property=\"og:description\" content=\"Mis on k\u00fcpsised? K\u00fcpsis on v\u00e4ike tekstifail, mille veebisait salvestab selle kasutamise ajal arvutisse v\u00f5i mobiilseadmesse. See v\u00f5imaldab veebisaidil teatud aja jooksul meeles pidada teie toiminguid ja eelistusi (nt sisselogimisandmed, keel, kirja suurus ja muud kuvaeelistused), et te ei peaks neid veebisaidile naasmisel ega lehek\u00fclgede vahel liikudes uuesti sisestama. Kui k\u00fclastate veebisaiti https:\/\/vegeta.com\/ee\/, k\u00fcsime teie [&hellip;]\" \/>\n<meta property=\"og:url\" content=\"https:\/\/vegeta.com\/ee\/kupsiste-kasutamise-pohimotted\/\" \/>\n<meta property=\"og:site_name\" content=\"Vegeta\" \/>\n<meta property=\"article:modified_time\" content=\"2025-07-11T08:07:35+00:00\" \/>\n<meta property=\"og:image\" content=\"https:\/\/cdn.vegeta.com\/cro\/2025\/07\/image_social_share_general_1.webp\" \/>\n\t<meta property=\"og:image:width\" content=\"1200\" \/>\n\t<meta property=\"og:image:height\" content=\"630\" \/>\n\t<meta property=\"og:image:type\" content=\"image\/webp\" \/>\n<meta name=\"twitter:card\" content=\"summary_large_image\" \/>\n<meta name=\"twitter:label1\" content=\"Est. reading time\" \/>\n\t<meta name=\"twitter:data1\" content=\"9 minutes\" \/>\n<script type=\"application\/ld+json\" class=\"yoast-schema-graph\">{\"@context\":\"https:\/\/schema.org\",\"@graph\":[{\"@type\":\"WebPage\",\"@id\":\"https:\/\/vegeta.com\/ee\/kupsiste-kasutamise-pohimotted\/\",\"url\":\"https:\/\/vegeta.com\/ee\/kupsiste-kasutamise-pohimotted\/\",\"name\":\"K\u00fcpsiste kasutamise p\u00f5him\u00f5tted - Vegeta\",\"isPartOf\":{\"@id\":\"https:\/\/vegeta.com\/ee\/#website\"},\"datePublished\":\"2024-03-12T07:32:28+00:00\",\"dateModified\":\"2025-07-11T08:07:35+00:00\",\"breadcrumb\":{\"@id\":\"https:\/\/vegeta.com\/ee\/kupsiste-kasutamise-pohimotted\/#breadcrumb\"},\"inLanguage\":\"et\",\"potentialAction\":[{\"@type\":\"ReadAction\",\"target\":[\"https:\/\/vegeta.com\/ee\/kupsiste-kasutamise-pohimotted\/\"]}]},{\"@type\":\"BreadcrumbList\",\"@id\":\"https:\/\/vegeta.com\/ee\/kupsiste-kasutamise-pohimotted\/#breadcrumb\",\"itemListElement\":[{\"@type\":\"ListItem\",\"position\":1,\"name\":\"Home\",\"item\":\"https:\/\/vegeta.com\/ee\/\"},{\"@type\":\"ListItem\",\"position\":2,\"name\":\"K\u00fcpsiste kasutamise p\u00f5him\u00f5tted\"}]},{\"@type\":\"WebSite\",\"@id\":\"https:\/\/vegeta.com\/ee\/#website\",\"url\":\"https:\/\/vegeta.com\/ee\/\",\"name\":\"Vegeta\",\"description\":\"\",\"publisher\":{\"@id\":\"https:\/\/vegeta.com\/ee\/#organization\"},\"potentialAction\":[{\"@type\":\"SearchAction\",\"target\":{\"@type\":\"EntryPoint\",\"urlTemplate\":\"https:\/\/vegeta.com\/ee\/?s={search_term_string}\"},\"query-input\":{\"@type\":\"PropertyValueSpecification\",\"valueRequired\":true,\"valueName\":\"search_term_string\"}}],\"inLanguage\":\"et\"},{\"@type\":\"Organization\",\"@id\":\"https:\/\/vegeta.com\/ee\/#organization\",\"name\":\"Vegeta\",\"url\":\"https:\/\/vegeta.com\/ee\/\",\"logo\":{\"@type\":\"ImageObject\",\"inLanguage\":\"et\",\"@id\":\"https:\/\/vegeta.com\/ee\/#\/schema\/logo\/image\/\",\"url\":\"https:\/\/cdn.vegeta.com\/cro\/2023\/09\/image-vegeta-app-1024.png\",\"contentUrl\":\"https:\/\/cdn.vegeta.com\/cro\/2023\/09\/image-vegeta-app-1024.png\",\"width\":946,\"height\":944,\"caption\":\"Vegeta\"},\"image\":{\"@id\":\"https:\/\/vegeta.com\/ee\/#\/schema\/logo\/image\/\"}}]}<\/script>\n<!-- \/ Yoast SEO plugin. -->","yoast_head_json":{"title":"K\u00fcpsiste kasutamise p\u00f5him\u00f5tted - Vegeta","robots":{"index":"index","follow":"follow","max-snippet":"max-snippet:-1","max-image-preview":"max-image-preview:large","max-video-preview":"max-video-preview:-1"},"canonical":"https:\/\/vegeta.com\/ee\/kupsiste-kasutamise-pohimotted\/","og_locale":"et_EE","og_type":"article","og_title":"K\u00fcpsiste kasutamise p\u00f5him\u00f5tted - Vegeta","og_description":"Mis on k\u00fcpsised? K\u00fcpsis on v\u00e4ike tekstifail, mille veebisait salvestab selle kasutamise ajal arvutisse v\u00f5i mobiilseadmesse. See v\u00f5imaldab veebisaidil teatud aja jooksul meeles pidada teie toiminguid ja eelistusi (nt sisselogimisandmed, keel, kirja suurus ja muud kuvaeelistused), et te ei peaks neid veebisaidile naasmisel ega lehek\u00fclgede vahel liikudes uuesti sisestama. Kui k\u00fclastate veebisaiti https:\/\/vegeta.com\/ee\/, k\u00fcsime teie [&hellip;]","og_url":"https:\/\/vegeta.com\/ee\/kupsiste-kasutamise-pohimotted\/","og_site_name":"Vegeta","article_modified_time":"2025-07-11T08:07:35+00:00","og_image":[{"width":1200,"height":630,"url":"https:\/\/cdn.vegeta.com\/cro\/2025\/07\/image_social_share_general_1.webp","type":"image\/webp"}],"twitter_card":"summary_large_image","twitter_misc":{"Est. reading time":"9 minutes"},"schema":{"@context":"https:\/\/schema.org","@graph":[{"@type":"WebPage","@id":"https:\/\/vegeta.com\/ee\/kupsiste-kasutamise-pohimotted\/","url":"https:\/\/vegeta.com\/ee\/kupsiste-kasutamise-pohimotted\/","name":"K\u00fcpsiste kasutamise p\u00f5him\u00f5tted - Vegeta","isPartOf":{"@id":"https:\/\/vegeta.com\/ee\/#website"},"datePublished":"2024-03-12T07:32:28+00:00","dateModified":"2025-07-11T08:07:35+00:00","breadcrumb":{"@id":"https:\/\/vegeta.com\/ee\/kupsiste-kasutamise-pohimotted\/#breadcrumb"},"inLanguage":"et","potentialAction":[{"@type":"ReadAction","target":["https:\/\/vegeta.com\/ee\/kupsiste-kasutamise-pohimotted\/"]}]},{"@type":"BreadcrumbList","@id":"https:\/\/vegeta.com\/ee\/kupsiste-kasutamise-pohimotted\/#breadcrumb","itemListElement":[{"@type":"ListItem","position":1,"name":"Home","item":"https:\/\/vegeta.com\/ee\/"},{"@type":"ListItem","position":2,"name":"K\u00fcpsiste kasutamise p\u00f5him\u00f5tted"}]},{"@type":"WebSite","@id":"https:\/\/vegeta.com\/ee\/#website","url":"https:\/\/vegeta.com\/ee\/","name":"Vegeta","description":"","publisher":{"@id":"https:\/\/vegeta.com\/ee\/#organization"},"potentialAction":[{"@type":"SearchAction","target":{"@type":"EntryPoint","urlTemplate":"https:\/\/vegeta.com\/ee\/?s={search_term_string}"},"query-input":{"@type":"PropertyValueSpecification","valueRequired":true,"valueName":"search_term_string"}}],"inLanguage":"et"},{"@type":"Organization","@id":"https:\/\/vegeta.com\/ee\/#organization","name":"Vegeta","url":"https:\/\/vegeta.com\/ee\/","logo":{"@type":"ImageObject","inLanguage":"et","@id":"https:\/\/vegeta.com\/ee\/#\/schema\/logo\/image\/","url":"https:\/\/cdn.vegeta.com\/cro\/2023\/09\/image-vegeta-app-1024.png","contentUrl":"https:\/\/cdn.vegeta.com\/cro\/2023\/09\/image-vegeta-app-1024.png","width":946,"height":944,"caption":"Vegeta"},"image":{"@id":"https:\/\/vegeta.com\/ee\/#\/schema\/logo\/image\/"}}]}},"_links":{"self":[{"href":"https:\/\/vegeta.com\/ee\/wp-json\/wp\/v2\/pages\/20140","targetHints":{"allow":["GET"]}}],"collection":[{"href":"https:\/\/vegeta.com\/ee\/wp-json\/wp\/v2\/pages"}],"about":[{"href":"https:\/\/vegeta.com\/ee\/wp-json\/wp\/v2\/types\/page"}],"author":[{"embeddable":true,"href":"https:\/\/vegeta.com\/ee\/wp-json\/wp\/v2\/users\/4459"}],"replies":[{"embeddable":true,"href":"https:\/\/vegeta.com\/ee\/wp-json\/wp\/v2\/comments?post=20140"}],"version-history":[{"count":4,"href":"https:\/\/vegeta.com\/ee\/wp-json\/wp\/v2\/pages\/20140\/revisions"}],"predecessor-version":[{"id":33410,"href":"https:\/\/vegeta.com\/ee\/wp-json\/wp\/v2\/pages\/20140\/revisions\/33410"}],"wp:attachment":[{"href":"https:\/\/vegeta.com\/ee\/wp-json\/wp\/v2\/media?parent=20140"}],"curies":[{"name":"wp","href":"https:\/\/api.w.org\/{rel}","templated":true}]}}