{"id":6046,"date":"2024-07-24T06:37:13","date_gmt":"2024-07-24T06:37:13","guid":{"rendered":"https:\/\/staging.vegeta.com\/de\/?page_id=6046"},"modified":"2024-07-24T06:37:14","modified_gmt":"2024-07-24T06:37:14","slug":"politik-der-lebensmittelsicherheit-und-qualitat","status":"publish","type":"page","link":"https:\/\/vegeta.com\/de\/politik-der-lebensmittelsicherheit-und-qualitat\/","title":{"rendered":"Politik der Lebensmittelsicherheit und Qualit\u00e4t"},"content":{"rendered":"\n<p>Podravka genie\u00dft das Vertrauen zahlreicher Verbraucher in der Region und der Welt, die den Wert seiner Unternehmenskultur, die zu sicheren und qualitativ hochwertigen Produkten und Dienstleistungen f\u00fchrt, erkannt haben.<\/p>\n\n\n\n<p>Das st\u00e4ndige Bestreben des Unternehmens ist es, die Erfordernisse und Erwartungen der Kunden und interessierter Parteien zu erf\u00fcllen und ihre Zufriedenheit mit den Produkten und Dienstleistungen von Podravka zu erh\u00f6hen.<\/p>\n\n\n\n<p>Die fortlaufende Verbesserung der Sicherheit und Qualit\u00e4t unserer Produkte wird durch die Anwendung der f\u00fchrenden Lebensmittelsicherheitsstandards IFS Food (International Featured Standard-Food) und BRCGS Food Safety unterst\u00fctzt. Zertifikate zu diesen Standards best\u00e4tigen die Sicherheit der Produkte des Unternehmens. Die festgesetzten hohen Standards der Lebensmittelsicherheits- und Qualit\u00e4tssysteme bilden ein integriertes Managementsystem, das vom Unternehmen auf den Grundprinzipien der Qualit\u00e4tsmanagementsysteme nach ISO 9001 aufgebaut wurde.<\/p>\n\n\n\n<p>In allen Gesch\u00e4ftsprozessen f\u00f6rdert Podravka die Unternehmenskultur des Managementsystems und die folgenden grundlegenden Richtlinien:<\/p>\n\n\n\n<ul class=\"wp-block-list\">\n<li>gew\u00e4hrleistet und liefert qualitativ hochwertige und sichere Produkte f\u00fcr alle Verbraucher in der gesamten Lebensmittelversorgungskette: von der Beschaffung von Rohstoffen h\u00f6chster Qualit\u00e4t \u00fcber die Produktion bis zum Vertrieb von Fertigprodukten auf dem Markt;<\/li>\n\n\n\n<li>erf\u00fcllt die Anforderungen der Gesetzgebung im Bereich der Lebensmittelsicherheit in Kroatien und in allen M\u00e4rkten, in denen das Unternehmen pr\u00e4sent ist<\/li>\n\n\n\n<li>erkennt die Bedeutung des Lebensmittelschutzes an und erf\u00fcllt die dazugeh\u00f6renden Anforderungen, um den Missbrauch und die F\u00e4lschung von Produkten zu bek\u00e4mpfen, Warenzeichen zu sch\u00fctzen und die Verbraucher \u00fcber das von ihnen konsumierte Produkt zu informieren;<\/li>\n\n\n\n<li>erkennt und implementiert Marktanforderungen im Bereich der Lebensmittelindustrie, insbesondere im Bereich der Lebensmittelsicherheit;<\/li>\n\n\n\n<li>f\u00f6rdert und verbessert die Kommunikation mit Lieferanten, Kunden und allen interessierten Parteien in der Lebensmittelversorgungskette;<\/li>\n\n\n\n<li>setzt die Grunds\u00e4tze und Kultur der Lebensmittelsicherheit und -qualit\u00e4t um, indem sie das Bewusstsein f\u00fcr die Bedeutung der Umsetzung der Lebensmittelsicherheits- und -qualit\u00e4tssysteme auf allen Ebenen des Unternehmens st\u00e4rkt;<\/li>\n\n\n\n<li>respektiert Tradition und f\u00fchrt moderne Trends ein;<\/li>\n\n\n\n<li>wendet die Grunds\u00e4tze der nachhaltigen Entwicklung an;<\/li>\n\n\n\n<li>steuert Risiken durch ein integriertes System, das eine Analyse potenzieller Risiken im allen Gesch\u00e4ftsbereichen einschlie\u00dft und eine Kultur von proaktiven Vorbeugungsma\u00dfnahmen und der fortlaufenden Verbesserung des Systems der Unternehmensf\u00fchrung schafft;<\/li>\n\n\n\n<li>sorgt fortlaufend f\u00fcr die Schulung der Mitarbeiter, damit sie ein hohes Ma\u00df an technologischen Kompetenzen und F\u00e4higkeiten zur Unternehmensf\u00fchrung erwerben und aufrechterhalten, was eine der wichtigsten Komponenten der Aufrechterhaltung der eingef\u00fchrten Lebensmittelsicherheits- und Qualit\u00e4tssysteme ist.<\/li>\n<\/ul>\n\n\n\n<p>Auf dieser Grundlage baut Podravka das Vertrauen und den Respekt seiner Mitarbeiter, Verbraucher und Kunden auf und erh\u00e4lt es aufrecht.<\/p>\n\n\n\n<p>Die Richtlinie gilt f\u00fcr Podravka d.d. und Vertriebsniederlassungen von Podravka d.d. im Ausland.<\/p>\n","protected":false},"excerpt":{"rendered":"<p>Podravka genie\u00dft das Vertrauen zahlreicher Verbraucher in der Region und der Welt, die den Wert seiner Unternehmenskultur, die zu sicheren und qualitativ hochwertigen Produkten und Dienstleistungen f\u00fchrt, erkannt haben. Das st\u00e4ndige Bestreben des Unternehmens ist es, die Erfordernisse und Erwartungen der Kunden und interessierter Parteien zu erf\u00fcllen und ihre Zufriedenheit mit den Produkten und Dienstleistungen [&hellip;]<\/p>\n","protected":false},"author":3054,"featured_media":0,"parent":0,"menu_order":0,"comment_status":"closed","ping_status":"closed","template":"","meta":{"_acf_changed":false,"ep_exclude_from_search":false,"footnotes":""},"class_list":["post-6046","page","type-page","status-publish","hentry"],"acf":[],"yoast_head":"<!-- This site is optimized with the Yoast SEO plugin v25.1 - https:\/\/yoast.com\/wordpress\/plugins\/seo\/ -->\n<title>Politik der Lebensmittelsicherheit und Qualit\u00e4t - Vegeta<\/title>\n<meta name=\"robots\" content=\"index, follow, max-snippet:-1, max-image-preview:large, max-video-preview:-1\" \/>\n<link rel=\"canonical\" href=\"https:\/\/vegeta.com\/de\/politik-der-lebensmittelsicherheit-und-qualitat\/\" \/>\n<meta property=\"og:locale\" content=\"de_DE\" \/>\n<meta property=\"og:type\" content=\"article\" \/>\n<meta property=\"og:title\" content=\"Politik der Lebensmittelsicherheit und Qualit\u00e4t - Vegeta\" \/>\n<meta property=\"og:description\" content=\"Podravka genie\u00dft das Vertrauen zahlreicher Verbraucher in der Region und der Welt, die den Wert seiner Unternehmenskultur, die zu sicheren und qualitativ hochwertigen Produkten und Dienstleistungen f\u00fchrt, erkannt haben. Das st\u00e4ndige Bestreben des Unternehmens ist es, die Erfordernisse und Erwartungen der Kunden und interessierter Parteien zu erf\u00fcllen und ihre Zufriedenheit mit den Produkten und Dienstleistungen [&hellip;]\" \/>\n<meta property=\"og:url\" content=\"https:\/\/vegeta.com\/de\/politik-der-lebensmittelsicherheit-und-qualitat\/\" \/>\n<meta property=\"og:site_name\" content=\"Vegeta\" \/>\n<meta property=\"article:modified_time\" content=\"2024-07-24T06:37:14+00:00\" \/>\n<meta property=\"og:image\" content=\"https:\/\/cdn.vegeta.com\/ger\/2025\/03\/618786674abf62fef8dfe77f0da864fe.png\" \/>\n\t<meta property=\"og:image:width\" content=\"1200\" \/>\n\t<meta property=\"og:image:height\" content=\"630\" \/>\n\t<meta property=\"og:image:type\" content=\"image\/png\" \/>\n<meta name=\"twitter:card\" content=\"summary_large_image\" \/>\n<meta name=\"twitter:label1\" content=\"Est. reading time\" \/>\n\t<meta name=\"twitter:data1\" content=\"3 minutes\" \/>\n<script type=\"application\/ld+json\" class=\"yoast-schema-graph\">{\"@context\":\"https:\/\/schema.org\",\"@graph\":[{\"@type\":\"WebPage\",\"@id\":\"https:\/\/vegeta.com\/de\/politik-der-lebensmittelsicherheit-und-qualitat\/\",\"url\":\"https:\/\/vegeta.com\/de\/politik-der-lebensmittelsicherheit-und-qualitat\/\",\"name\":\"Politik der Lebensmittelsicherheit und Qualit\u00e4t - Vegeta\",\"isPartOf\":{\"@id\":\"https:\/\/vegeta.com\/de\/#website\"},\"datePublished\":\"2024-07-24T06:37:13+00:00\",\"dateModified\":\"2024-07-24T06:37:14+00:00\",\"breadcrumb\":{\"@id\":\"https:\/\/vegeta.com\/de\/politik-der-lebensmittelsicherheit-und-qualitat\/#breadcrumb\"},\"inLanguage\":\"de-DE\",\"potentialAction\":[{\"@type\":\"ReadAction\",\"target\":[\"https:\/\/vegeta.com\/de\/politik-der-lebensmittelsicherheit-und-qualitat\/\"]}]},{\"@type\":\"BreadcrumbList\",\"@id\":\"https:\/\/vegeta.com\/de\/politik-der-lebensmittelsicherheit-und-qualitat\/#breadcrumb\",\"itemListElement\":[{\"@type\":\"ListItem\",\"position\":1,\"name\":\"Home\",\"item\":\"https:\/\/vegeta.com\/de\/\"},{\"@type\":\"ListItem\",\"position\":2,\"name\":\"Politik der Lebensmittelsicherheit und Qualit\u00e4t\"}]},{\"@type\":\"WebSite\",\"@id\":\"https:\/\/vegeta.com\/de\/#website\",\"url\":\"https:\/\/vegeta.com\/de\/\",\"name\":\"Vegeta\",\"description\":\"\",\"publisher\":{\"@id\":\"https:\/\/vegeta.com\/de\/#organization\"},\"potentialAction\":[{\"@type\":\"SearchAction\",\"target\":{\"@type\":\"EntryPoint\",\"urlTemplate\":\"https:\/\/vegeta.com\/de\/?s={search_term_string}\"},\"query-input\":{\"@type\":\"PropertyValueSpecification\",\"valueRequired\":true,\"valueName\":\"search_term_string\"}}],\"inLanguage\":\"de-DE\"},{\"@type\":\"Organization\",\"@id\":\"https:\/\/vegeta.com\/de\/#organization\",\"name\":\"Vegeta\",\"url\":\"https:\/\/vegeta.com\/de\/\",\"logo\":{\"@type\":\"ImageObject\",\"inLanguage\":\"de-DE\",\"@id\":\"https:\/\/vegeta.com\/de\/#\/schema\/logo\/image\/\",\"url\":\"https:\/\/cdn.vegeta.com\/ger\/2025\/03\/vegeta-kuhanje-je-strasno-general-social-share-de-2.png\",\"contentUrl\":\"https:\/\/cdn.vegeta.com\/ger\/2025\/03\/vegeta-kuhanje-je-strasno-general-social-share-de-2.png\",\"width\":1200,\"height\":630,\"caption\":\"Vegeta\"},\"image\":{\"@id\":\"https:\/\/vegeta.com\/de\/#\/schema\/logo\/image\/\"}}]}<\/script>\n<!-- \/ Yoast SEO plugin. -->","yoast_head_json":{"title":"Politik der Lebensmittelsicherheit und Qualit\u00e4t - Vegeta","robots":{"index":"index","follow":"follow","max-snippet":"max-snippet:-1","max-image-preview":"max-image-preview:large","max-video-preview":"max-video-preview:-1"},"canonical":"https:\/\/vegeta.com\/de\/politik-der-lebensmittelsicherheit-und-qualitat\/","og_locale":"de_DE","og_type":"article","og_title":"Politik der Lebensmittelsicherheit und Qualit\u00e4t - Vegeta","og_description":"Podravka genie\u00dft das Vertrauen zahlreicher Verbraucher in der Region und der Welt, die den Wert seiner Unternehmenskultur, die zu sicheren und qualitativ hochwertigen Produkten und Dienstleistungen f\u00fchrt, erkannt haben. Das st\u00e4ndige Bestreben des Unternehmens ist es, die Erfordernisse und Erwartungen der Kunden und interessierter Parteien zu erf\u00fcllen und ihre Zufriedenheit mit den Produkten und Dienstleistungen [&hellip;]","og_url":"https:\/\/vegeta.com\/de\/politik-der-lebensmittelsicherheit-und-qualitat\/","og_site_name":"Vegeta","article_modified_time":"2024-07-24T06:37:14+00:00","og_image":[{"width":1200,"height":630,"url":"https:\/\/cdn.vegeta.com\/ger\/2025\/03\/618786674abf62fef8dfe77f0da864fe.png","type":"image\/png"}],"twitter_card":"summary_large_image","twitter_misc":{"Est. reading time":"3 minutes"},"schema":{"@context":"https:\/\/schema.org","@graph":[{"@type":"WebPage","@id":"https:\/\/vegeta.com\/de\/politik-der-lebensmittelsicherheit-und-qualitat\/","url":"https:\/\/vegeta.com\/de\/politik-der-lebensmittelsicherheit-und-qualitat\/","name":"Politik der Lebensmittelsicherheit und Qualit\u00e4t - Vegeta","isPartOf":{"@id":"https:\/\/vegeta.com\/de\/#website"},"datePublished":"2024-07-24T06:37:13+00:00","dateModified":"2024-07-24T06:37:14+00:00","breadcrumb":{"@id":"https:\/\/vegeta.com\/de\/politik-der-lebensmittelsicherheit-und-qualitat\/#breadcrumb"},"inLanguage":"de-DE","potentialAction":[{"@type":"ReadAction","target":["https:\/\/vegeta.com\/de\/politik-der-lebensmittelsicherheit-und-qualitat\/"]}]},{"@type":"BreadcrumbList","@id":"https:\/\/vegeta.com\/de\/politik-der-lebensmittelsicherheit-und-qualitat\/#breadcrumb","itemListElement":[{"@type":"ListItem","position":1,"name":"Home","item":"https:\/\/vegeta.com\/de\/"},{"@type":"ListItem","position":2,"name":"Politik der Lebensmittelsicherheit und Qualit\u00e4t"}]},{"@type":"WebSite","@id":"https:\/\/vegeta.com\/de\/#website","url":"https:\/\/vegeta.com\/de\/","name":"Vegeta","description":"","publisher":{"@id":"https:\/\/vegeta.com\/de\/#organization"},"potentialAction":[{"@type":"SearchAction","target":{"@type":"EntryPoint","urlTemplate":"https:\/\/vegeta.com\/de\/?s={search_term_string}"},"query-input":{"@type":"PropertyValueSpecification","valueRequired":true,"valueName":"search_term_string"}}],"inLanguage":"de-DE"},{"@type":"Organization","@id":"https:\/\/vegeta.com\/de\/#organization","name":"Vegeta","url":"https:\/\/vegeta.com\/de\/","logo":{"@type":"ImageObject","inLanguage":"de-DE","@id":"https:\/\/vegeta.com\/de\/#\/schema\/logo\/image\/","url":"https:\/\/cdn.vegeta.com\/ger\/2025\/03\/vegeta-kuhanje-je-strasno-general-social-share-de-2.png","contentUrl":"https:\/\/cdn.vegeta.com\/ger\/2025\/03\/vegeta-kuhanje-je-strasno-general-social-share-de-2.png","width":1200,"height":630,"caption":"Vegeta"},"image":{"@id":"https:\/\/vegeta.com\/de\/#\/schema\/logo\/image\/"}}]}},"_links":{"self":[{"href":"https:\/\/vegeta.com\/de\/wp-json\/wp\/v2\/pages\/6046","targetHints":{"allow":["GET"]}}],"collection":[{"href":"https:\/\/vegeta.com\/de\/wp-json\/wp\/v2\/pages"}],"about":[{"href":"https:\/\/vegeta.com\/de\/wp-json\/wp\/v2\/types\/page"}],"author":[{"embeddable":true,"href":"https:\/\/vegeta.com\/de\/wp-json\/wp\/v2\/users\/3054"}],"replies":[{"embeddable":true,"href":"https:\/\/vegeta.com\/de\/wp-json\/wp\/v2\/comments?post=6046"}],"version-history":[{"count":1,"href":"https:\/\/vegeta.com\/de\/wp-json\/wp\/v2\/pages\/6046\/revisions"}],"predecessor-version":[{"id":6047,"href":"https:\/\/vegeta.com\/de\/wp-json\/wp\/v2\/pages\/6046\/revisions\/6047"}],"wp:attachment":[{"href":"https:\/\/vegeta.com\/de\/wp-json\/wp\/v2\/media?parent=6046"}],"curies":[{"name":"wp","href":"https:\/\/api.w.org\/{rel}","templated":true}]}}