{"id":6031,"date":"2024-07-23T12:44:42","date_gmt":"2024-07-23T12:44:42","guid":{"rendered":"https:\/\/staging.vegeta.com\/de\/?page_id=6031"},"modified":"2025-07-02T07:17:06","modified_gmt":"2025-07-02T07:17:06","slug":"nutzungsbedingungen","status":"publish","type":"page","link":"https:\/\/vegeta.com\/de\/nutzungsbedingungen\/","title":{"rendered":"Nutzungsbedingungen"},"content":{"rendered":"\n<p>Die Website&nbsp;<a href=\"https:\/\/staging.vegeta.com\/de\/\">https:\/\/staging.vegeta.com\/de\/<\/a>&nbsp;(im Folgenden: \u201eWebsite\u201c) wird von Podravka d.d. betrieben und bearbeitet (im Folgenden: \u201ePodravka\u201c oder \u201euns\u201c).<\/p>\n\n\n\n<p>Mit dem ersten Gebrauch der Website wird davon ausgegangen, dass Sie mit diesen Bedingungen v\u00f6llig vertraut sind, dass sie f\u00fcr Sie verst\u00e4ndlich sind und dass Sie diese akzeptieren. Sollten Sie ihnen nicht zustimmen, greifen Sie bitte nicht auf die Website zu und verwenden Sie nicht deren Inhalte. Sollten Sie Fragen oder Zweifeln bez\u00fcglich der Nutzungsbedingungen haben, kontaktieren Sie uns an <a href=\"mailto:proizvodi@podravka.hr\">proizvodi@podravka.hr<\/a>.<br><br>Wir behalten uns das Recht vor, das Aussehen und die Inhalte der Website sowie die Nutzungsbedingungen zu \u00e4ndern. Daher bitten wir Sie, diese von Zeit zu Zeit durchzugehen, um sich mit m\u00f6glichen \u00c4nderungen vertraut zu machen. Wir gehen davon aus, dass Sie mit Ihrer weiteren Nutzung der Website m\u00f6glichen \u00c4nderungen zustimmen.<\/p>\n\n\n\n<p>Die Bedingungen beziehen sich auf mehrere Teilbereiche:<\/p>\n\n\n\n<ol class=\"wp-block-list\">\n<li>Nutzungsbedingungen.<\/li>\n\n\n\n<li>Copyright und andere geistige Eigentumsrechte.<\/li>\n\n\n\n<li>Garantien und Ausschlussklauseln.<\/li>\n\n\n\n<li>Registrierung<\/li>\n\n\n\n<li>Links<\/li>\n\n\n\n<li>\u00c4nderungen und K\u00fcndigung<\/li>\n<\/ol>\n\n\n\n<h2 class=\"wp-block-heading\">1 Nutzungsbedingungen<\/h2>\n\n\n\n<h3 class=\"wp-block-heading\"><strong>Erlaubte Nutzung<\/strong><\/h3>\n\n\n\n<p>Das Herunterladen und Ausdrucken von Formularen, z.B. zur Bestellung, sowie das Anzeigen anderer Materialien und Inhalte auf dieser Webseite ist nur f\u00fcr pers\u00f6nliche Zwecke erlaubt. Die \u00f6ffentliche Vorf\u00fchrung, \u00dcbertragung, Publikation, \u00c4nderung, Vervielf\u00e4ltigung, der Vertrieb, die Teilnahme am Transfer oder Verkauf, Kopieren, Hochladen oder anderweitigem Gebrauch der Inhalte dieser Website oder Teilen davon, sowie die Auswahl und \u00c4nderung der Inhalte ohne die schriftliche Zustimmung von Podravka d.d. und anderer Copyright-Eigent\u00fcmer ist untersagt. Sollte so eine Zustimmung erteilt worden sein, ist keine Auslassung oder \u00c4nderung der existierenden Copyright- und\/oder Markenzeichen-Daten erlaubt.<\/p>\n\n\n\n<h3 class=\"wp-block-heading\"><strong>Gewerbliche Nutzung<\/strong><\/h3>\n\n\n\n<p>Die Website darf nicht zum Handel, Verkauf oder f\u00fcr andere gewerbliche Zwecke verwendet werden, au\u00dfer f\u00fcr Eink\u00e4ufe bei Podravka d.d. Es ist untersagt, Werbungen zu posten oder Angebote f\u00fcr Produkte und Leistungen ohne die schriftliche Zustimmung von Podravka d.d. einzuholen. Der Transfer und die Ver\u00f6ffentlichung von obsz\u00f6nen, beleidigenden, vulg\u00e4ren, drohenden, anst\u00f6\u00dfigen oder anderweitig unangemessenen oder illegalen Inhalten sind untersagt, sowie von Inhalten, welche gegen ein Recht irgendeiner Partei verst\u00f6\u00dft, insbesondere solchen, die Computerviren oder andere sch\u00e4dliche Materialien enthalten. Die Benutzer tragen die alleinige Verantwortung f\u00fcr jedwede Sch\u00e4den, die durch Aktivit\u00e4ten entstehen, die diesen Bedingungen nicht entsprechen sowie auch f\u00fcr alle anderen daraus entstehenden Sch\u00e4den. Podravka d.d. beh\u00e4lt sich das Recht vor (aber ist nicht dazu verpflichtet), das Material und die Inhalte, die von Benutzern gepostet werden, ganz oder teilweise zu l\u00f6schen.<\/p>\n\n\n\n<h3 class=\"wp-block-heading\"><strong>Einreichung von Inhalten und Materialien<\/strong><\/h3>\n\n\n\n<p>Durch die Einreichung von Inhalten und Materialien auf dieser Website (darunter unter anderem Vorschl\u00e4ge, Ideen, Zeichnungen und Rezepte) erteilen Sie automatisch (oder versichern, dass der Eigent\u00fcmer des Materials ausdr\u00fccklich zugestimmt hat) an Podravka d.d. das unwiderrufliche, dauerhafte und ausschlie\u00dfliche Recht und die Bewilligung zur Nutzung, \u00c4nderung, Einf\u00fcgung in andere Arbeiten, \u00dcbersetzung, Ver\u00f6ffentlichung, \u00dcbermittlung und zum Vertrieb dieses Materials auf der ganzen Welt in beliebiger Form und in beliebigen Medien, welche jetzt bekannt sind oder sp\u00e4ter entwickelt werden, f\u00fcr jeden beliebigen Zweck und ohne Verg\u00fctung zu erteilen. Die Bedingungen dieses Abschnitts bleiben auch nach der Beendigung dieser Nutzungsbedingungen g\u00fcltig.<\/p>\n\n\n\n<h2 class=\"wp-block-heading\">2 Copyright und andere geistige Eigentumsrechte<\/h2>\n\n\n\n<p>Die Inhalte dieser Website unterliegen dem Copyright von Podravka d.d. oder dem Copyright, das von Dritten an Podravka d.d. durch Lizenzierung \u00fcbertragen wurde. Die Bearbeitung, Auswahl und Anpassung der Inhalte unterliegen ebenfalls dem Copyright von Podravka d.d. Zudem enth\u00e4lt die Website Warenzeichen, Namen von Personen und andere Elemente des geistigen Eigentums von Podravka d.d. oder von Dritten, das an Podravka d.d. durch Lizenzierung \u00fcbertragen wurde. Es ist nicht davon auszugehen, dass irgendwelche Inhalte dieser Website lizenzfrei sind. Die Zustimmung zur Vervielf\u00e4ltigung ist erforderlich.<\/p>\n\n\n\n<h3 class=\"wp-block-heading\"><strong>Fotos und Videos<\/strong><\/h3>\n\n\n\n<p>Alle Fotografien, Bilder, Videos, biographische Daten und\/oder andere Materialien auf dieser Website befinden sich im ausschlie\u00dflichen Eigentum von Podravka d.d. Copyright und andere geistige Eigentumsrechte an allen Materialien auf dieser Website befinden sich im ausschlie\u00dflichen Eigentum von Podravka d.d. Alle Rechte sind vorbehalten. Die Erlaubnis, diese Materialien zu nutzen, wird ausschlie\u00dflich f\u00fcr die Zwecke der Vermarktung, Bearbeitung und Information erteilt, wenn sie in Zeitungen, Zeitschriften und elektronischen Medien ver\u00f6ffentlicht werden. Jede andere Nutzung von Materialien auf dieser Website ist untersagt. Im \u00dcbrigen ist die Nutzung von Materialien auf dieser Website zum Zweck des Verkaufs oder des Anbietens von Produkten oder Leistungen aller Art untersagt. Die Erlaubnis und die Nutzung dieser Website, welche hier bewilligt werden, d\u00fcrfen nicht \u00fcbertragen, durch Untervertrag weitervergeben oder \u00fcbereignet werden. Jede beabsichtigte oder versuchte \u00dcbertragung, Weitervergabe oder \u00dcbereignung werden als unwirksam betrachtet. Durch die Nutzung von Materialien auf dieser Website akzeptieren die Medienbenutzer in vollem Umfang die Einschr\u00e4nkungen, Bedingungen und Voraussetzungen, die hier dargelegt werden.<\/p>\n\n\n\n<h2 class=\"wp-block-heading\">3 Garantien und Ausschlussklauseln<\/h2>\n\n\n\n<p>Podravka d.d. unternimmt angemessene Anstrengungen, um zu gew\u00e4hrleisten, dass die Informationen auf dieser Website richtig und aktuell sind, garantiert jedoch deren Richtigkeit und Vollst\u00e4ndigkeit nicht und gew\u00e4hrt diesbez\u00fcglich kein Recht zur Beanstandung. Abgesehen von Produktgarantien, die von Podravka d.d. ausdr\u00fccklich ver\u00f6ffentlicht wurden, hebt Podravka hervor, dass alle Materialien und Inhalte auf dieser Website \u201eSO WIE SIE SIND\u201c zur Verf\u00fcgung gestellt werden. Podravka d.d. \u00fcbernimmt keine Haftung f\u00fcr jedwede Konsequenzen, die aus einer abweichenden Interpretation der Materialien und der Inhalte auf der Website entstehen. Podravka d.d. garantiert nicht, dass diese Website jederzeit zug\u00e4nglich und verf\u00fcgbar oder frei von Fehlern und Viren sein wird. Jeder Benutzer stimmt zu, diese Website auf eigenes Risiko zu nutzen.<\/p>\n\n\n\n<p>Podravka d.d. ist nicht verantwortlich f\u00fcr jedwede Sch\u00e4den oder Verletzungen (darunter unter anderem besondere oder Folgesch\u00e4den), die aus der Nutzung oder der Unf\u00e4higkeit zur Nutzung irgendeines Teils dieser Website oder anderer Inhalte, die von anderen Benutzern ver\u00f6ffentlicht oder gepostet werden, entstehen.<\/p>\n\n\n\n<p>Medienbetreiber und andere Benutzer dieser Website stimmen ausdr\u00fccklich zu, Podravka d.d. f\u00fcr jedwede und alle Anspr\u00fcche, Kosten, Sch\u00e4den oder Verpflichtungen, die aus fahrl\u00e4ssigem Gebrauch von Materialen auf der Website durch diese Benutzer entstehen, zu entsch\u00e4digen, sowie f\u00fcr alle direkten, indirekten, Neben-, besonderen oder Folgesch\u00e4den.<\/p>\n\n\n\n<p>Zudem \u00fcbernehmen Podravka d.d. und ihre Lieferanten keine rechtliche Haftung f\u00fcr die Richtigkeit, Vollst\u00e4ndigkeit oder Brauchbarkeit von Informationen, Ger\u00e4ten, Produkten oder Abl\u00e4ufen, die hier dargelegt werden und garantiert nicht daf\u00fcr, dass die Nutzung von Informationen, Ger\u00e4ten, Produkten oder Abl\u00e4ufen keine privaten Rechte beeintr\u00e4chtigt.<\/p>\n\n\n\n<h3 class=\"wp-block-heading\"><strong>Ausschluss von Bef\u00fcrwortung<\/strong><\/h3>\n\n\n\n<p>Die hier auftretende Bezugnahme auf ein Produkt, einen Prozess oder eine Leistung durch Markenname, Markenzeichen, Hersteller usw. bedeutet nicht notwendigerweise, dass Podravka d.d. oder ihre Mitarbeiter oder Lieferanten f\u00fcr diese Produkte, Prozesse oder Leistungen werben, sie empfehlen oder bef\u00fcrworten.<\/p>\n\n\n\n<h3 class=\"wp-block-heading\"><strong>Haftungsausschluss bez\u00fcglich externer Links<\/strong><\/h3>\n\n\n\n<p>Das Vorhandensein von externen Hyperlinks bedeutet nicht, dass Podravka d.d., ihre Lieferanten oder Sponsoren f\u00fcr diese externen Websites oder darin enthaltene Informationen, Produkte oder Leistungen werben. Weder Podravka d.d. noch deren Mitarbeiter, Sponsoren und Lieferanten haben eine Kontrolle \u00fcber die Informationen, die in solchen externen Websites enthalten sind. Externe Links, die auf dieser Website ver\u00f6ffentlicht werden, entsprechen den Richtlinien von Podravka d.d. und sie \u00fcbernimmt keine Haftung f\u00fcr den Inhalt jedweder verlinkten Websites, auf die von ihrem Server aus verwiesen wird. Die Links k\u00f6nnen Textlinks, kleine Bilder, Icons oder Thumbnails zur Illustration des Links, jedoch nicht zur Werbung f\u00fcr Produkte oder Leistungen enthalten.<\/p>\n\n\n\n<h2 class=\"wp-block-heading\">5 Links<\/h2>\n\n\n\n<p>Wir tun alles in unserer Macht stehende, um sicherzustellen, dass alle Weiterleitungen von unseren Websites Sie und \/ oder Ihr Kind zu Websites f\u00fchren, deren Inhalt in dem Sinne qualitativ hochwertig ist, dass er keine Negativit\u00e4t f\u00f6rdert. Webseiten und Adressen im Web \u00e4ndern sich jedoch schnell, und wir k\u00f6nnen nicht immer f\u00fcr den Inhalt jeder Adresse garantieren, an die wir Sie weiterleiten.&nbsp;<\/p>\n\n\n\n<h2 class=\"wp-block-heading\">6 \u00c4nderungen und K\u00fcndigung<\/h2>\n\n\n\n<p>Podravka d.d. beh\u00e4lt sich das Recht vor, jederzeit \u00c4nderungen an Teilen oder an der gesamten Website und an den Nutzungsbedingungen vorzunehmen oder diese einzustellen. Die \u00c4nderungen treten mit dem Moment in Kraft, in dem sie auf dieser Website ver\u00f6ffentlicht werden oder in dem Benutzer \u00fcber sie informiert werden. Die Nutzungsbedingungen bleiben in Kraft bis sie durch Podravka d.d. oder durch Sie gek\u00fcndigt werden. Sie k\u00f6nnen diese Vereinbarung jederzeit k\u00fcndigen, indem Sie die Nutzung der Website einstellen und jedes Material und jeden Inhalt, der von ihr heruntergeladen wurde, l\u00f6schen.<\/p>\n\n\n\n<p>Aktualisiert am 24.07.2024.<\/p>\n","protected":false},"excerpt":{"rendered":"<p>Die Website&nbsp;https:\/\/staging.vegeta.com\/de\/&nbsp;(im Folgenden: \u201eWebsite\u201c) wird von Podravka d.d. betrieben und bearbeitet (im Folgenden: \u201ePodravka\u201c oder \u201euns\u201c). Mit dem ersten Gebrauch der Website wird davon ausgegangen, dass Sie mit diesen Bedingungen v\u00f6llig vertraut sind, dass sie f\u00fcr Sie verst\u00e4ndlich sind und dass Sie diese akzeptieren. Sollten Sie ihnen nicht zustimmen, greifen Sie bitte nicht auf die [&hellip;]<\/p>\n","protected":false},"author":3054,"featured_media":0,"parent":0,"menu_order":0,"comment_status":"closed","ping_status":"closed","template":"","meta":{"_acf_changed":false,"ep_exclude_from_search":false,"footnotes":""},"class_list":["post-6031","page","type-page","status-publish","hentry"],"acf":[],"yoast_head":"<!-- This site is optimized with the Yoast SEO plugin v25.1 - https:\/\/yoast.com\/wordpress\/plugins\/seo\/ -->\n<title>Nutzungsbedingungen - Vegeta<\/title>\n<meta name=\"robots\" content=\"index, follow, max-snippet:-1, max-image-preview:large, max-video-preview:-1\" \/>\n<link rel=\"canonical\" href=\"https:\/\/vegeta.com\/de\/nutzungsbedingungen\/\" \/>\n<meta property=\"og:locale\" content=\"de_DE\" \/>\n<meta property=\"og:type\" content=\"article\" \/>\n<meta property=\"og:title\" content=\"Nutzungsbedingungen - Vegeta\" \/>\n<meta property=\"og:description\" content=\"Die Website&nbsp;https:\/\/staging.vegeta.com\/de\/&nbsp;(im Folgenden: \u201eWebsite\u201c) wird von Podravka d.d. betrieben und bearbeitet (im Folgenden: \u201ePodravka\u201c oder \u201euns\u201c). Mit dem ersten Gebrauch der Website wird davon ausgegangen, dass Sie mit diesen Bedingungen v\u00f6llig vertraut sind, dass sie f\u00fcr Sie verst\u00e4ndlich sind und dass Sie diese akzeptieren. Sollten Sie ihnen nicht zustimmen, greifen Sie bitte nicht auf die [&hellip;]\" \/>\n<meta property=\"og:url\" content=\"https:\/\/vegeta.com\/de\/nutzungsbedingungen\/\" \/>\n<meta property=\"og:site_name\" content=\"Vegeta\" \/>\n<meta property=\"article:modified_time\" content=\"2025-07-02T07:17:06+00:00\" \/>\n<meta property=\"og:image\" content=\"https:\/\/cdn.vegeta.com\/ger\/2025\/03\/618786674abf62fef8dfe77f0da864fe.png\" \/>\n\t<meta property=\"og:image:width\" content=\"1200\" \/>\n\t<meta property=\"og:image:height\" content=\"630\" \/>\n\t<meta property=\"og:image:type\" content=\"image\/png\" \/>\n<meta name=\"twitter:card\" content=\"summary_large_image\" \/>\n<meta name=\"twitter:label1\" content=\"Est. reading time\" \/>\n\t<meta name=\"twitter:data1\" content=\"8 minutes\" \/>\n<script type=\"application\/ld+json\" class=\"yoast-schema-graph\">{\"@context\":\"https:\/\/schema.org\",\"@graph\":[{\"@type\":\"WebPage\",\"@id\":\"https:\/\/vegeta.com\/de\/nutzungsbedingungen\/\",\"url\":\"https:\/\/vegeta.com\/de\/nutzungsbedingungen\/\",\"name\":\"Nutzungsbedingungen - Vegeta\",\"isPartOf\":{\"@id\":\"https:\/\/vegeta.com\/de\/#website\"},\"datePublished\":\"2024-07-23T12:44:42+00:00\",\"dateModified\":\"2025-07-02T07:17:06+00:00\",\"breadcrumb\":{\"@id\":\"https:\/\/vegeta.com\/de\/nutzungsbedingungen\/#breadcrumb\"},\"inLanguage\":\"de-DE\",\"potentialAction\":[{\"@type\":\"ReadAction\",\"target\":[\"https:\/\/vegeta.com\/de\/nutzungsbedingungen\/\"]}]},{\"@type\":\"BreadcrumbList\",\"@id\":\"https:\/\/vegeta.com\/de\/nutzungsbedingungen\/#breadcrumb\",\"itemListElement\":[{\"@type\":\"ListItem\",\"position\":1,\"name\":\"Home\",\"item\":\"https:\/\/vegeta.com\/de\/\"},{\"@type\":\"ListItem\",\"position\":2,\"name\":\"Nutzungsbedingungen\"}]},{\"@type\":\"WebSite\",\"@id\":\"https:\/\/vegeta.com\/de\/#website\",\"url\":\"https:\/\/vegeta.com\/de\/\",\"name\":\"Vegeta\",\"description\":\"\",\"publisher\":{\"@id\":\"https:\/\/vegeta.com\/de\/#organization\"},\"potentialAction\":[{\"@type\":\"SearchAction\",\"target\":{\"@type\":\"EntryPoint\",\"urlTemplate\":\"https:\/\/vegeta.com\/de\/?s={search_term_string}\"},\"query-input\":{\"@type\":\"PropertyValueSpecification\",\"valueRequired\":true,\"valueName\":\"search_term_string\"}}],\"inLanguage\":\"de-DE\"},{\"@type\":\"Organization\",\"@id\":\"https:\/\/vegeta.com\/de\/#organization\",\"name\":\"Vegeta\",\"url\":\"https:\/\/vegeta.com\/de\/\",\"logo\":{\"@type\":\"ImageObject\",\"inLanguage\":\"de-DE\",\"@id\":\"https:\/\/vegeta.com\/de\/#\/schema\/logo\/image\/\",\"url\":\"https:\/\/cdn.vegeta.com\/ger\/2025\/03\/vegeta-kuhanje-je-strasno-general-social-share-de-2.png\",\"contentUrl\":\"https:\/\/cdn.vegeta.com\/ger\/2025\/03\/vegeta-kuhanje-je-strasno-general-social-share-de-2.png\",\"width\":1200,\"height\":630,\"caption\":\"Vegeta\"},\"image\":{\"@id\":\"https:\/\/vegeta.com\/de\/#\/schema\/logo\/image\/\"}}]}<\/script>\n<!-- \/ Yoast SEO plugin. -->","yoast_head_json":{"title":"Nutzungsbedingungen - Vegeta","robots":{"index":"index","follow":"follow","max-snippet":"max-snippet:-1","max-image-preview":"max-image-preview:large","max-video-preview":"max-video-preview:-1"},"canonical":"https:\/\/vegeta.com\/de\/nutzungsbedingungen\/","og_locale":"de_DE","og_type":"article","og_title":"Nutzungsbedingungen - Vegeta","og_description":"Die Website&nbsp;https:\/\/staging.vegeta.com\/de\/&nbsp;(im Folgenden: \u201eWebsite\u201c) wird von Podravka d.d. betrieben und bearbeitet (im Folgenden: \u201ePodravka\u201c oder \u201euns\u201c). Mit dem ersten Gebrauch der Website wird davon ausgegangen, dass Sie mit diesen Bedingungen v\u00f6llig vertraut sind, dass sie f\u00fcr Sie verst\u00e4ndlich sind und dass Sie diese akzeptieren. Sollten Sie ihnen nicht zustimmen, greifen Sie bitte nicht auf die [&hellip;]","og_url":"https:\/\/vegeta.com\/de\/nutzungsbedingungen\/","og_site_name":"Vegeta","article_modified_time":"2025-07-02T07:17:06+00:00","og_image":[{"width":1200,"height":630,"url":"https:\/\/cdn.vegeta.com\/ger\/2025\/03\/618786674abf62fef8dfe77f0da864fe.png","type":"image\/png"}],"twitter_card":"summary_large_image","twitter_misc":{"Est. reading time":"8 minutes"},"schema":{"@context":"https:\/\/schema.org","@graph":[{"@type":"WebPage","@id":"https:\/\/vegeta.com\/de\/nutzungsbedingungen\/","url":"https:\/\/vegeta.com\/de\/nutzungsbedingungen\/","name":"Nutzungsbedingungen - Vegeta","isPartOf":{"@id":"https:\/\/vegeta.com\/de\/#website"},"datePublished":"2024-07-23T12:44:42+00:00","dateModified":"2025-07-02T07:17:06+00:00","breadcrumb":{"@id":"https:\/\/vegeta.com\/de\/nutzungsbedingungen\/#breadcrumb"},"inLanguage":"de-DE","potentialAction":[{"@type":"ReadAction","target":["https:\/\/vegeta.com\/de\/nutzungsbedingungen\/"]}]},{"@type":"BreadcrumbList","@id":"https:\/\/vegeta.com\/de\/nutzungsbedingungen\/#breadcrumb","itemListElement":[{"@type":"ListItem","position":1,"name":"Home","item":"https:\/\/vegeta.com\/de\/"},{"@type":"ListItem","position":2,"name":"Nutzungsbedingungen"}]},{"@type":"WebSite","@id":"https:\/\/vegeta.com\/de\/#website","url":"https:\/\/vegeta.com\/de\/","name":"Vegeta","description":"","publisher":{"@id":"https:\/\/vegeta.com\/de\/#organization"},"potentialAction":[{"@type":"SearchAction","target":{"@type":"EntryPoint","urlTemplate":"https:\/\/vegeta.com\/de\/?s={search_term_string}"},"query-input":{"@type":"PropertyValueSpecification","valueRequired":true,"valueName":"search_term_string"}}],"inLanguage":"de-DE"},{"@type":"Organization","@id":"https:\/\/vegeta.com\/de\/#organization","name":"Vegeta","url":"https:\/\/vegeta.com\/de\/","logo":{"@type":"ImageObject","inLanguage":"de-DE","@id":"https:\/\/vegeta.com\/de\/#\/schema\/logo\/image\/","url":"https:\/\/cdn.vegeta.com\/ger\/2025\/03\/vegeta-kuhanje-je-strasno-general-social-share-de-2.png","contentUrl":"https:\/\/cdn.vegeta.com\/ger\/2025\/03\/vegeta-kuhanje-je-strasno-general-social-share-de-2.png","width":1200,"height":630,"caption":"Vegeta"},"image":{"@id":"https:\/\/vegeta.com\/de\/#\/schema\/logo\/image\/"}}]}},"_links":{"self":[{"href":"https:\/\/vegeta.com\/de\/wp-json\/wp\/v2\/pages\/6031","targetHints":{"allow":["GET"]}}],"collection":[{"href":"https:\/\/vegeta.com\/de\/wp-json\/wp\/v2\/pages"}],"about":[{"href":"https:\/\/vegeta.com\/de\/wp-json\/wp\/v2\/types\/page"}],"author":[{"embeddable":true,"href":"https:\/\/vegeta.com\/de\/wp-json\/wp\/v2\/users\/3054"}],"replies":[{"embeddable":true,"href":"https:\/\/vegeta.com\/de\/wp-json\/wp\/v2\/comments?post=6031"}],"version-history":[{"count":5,"href":"https:\/\/vegeta.com\/de\/wp-json\/wp\/v2\/pages\/6031\/revisions"}],"predecessor-version":[{"id":6753,"href":"https:\/\/vegeta.com\/de\/wp-json\/wp\/v2\/pages\/6031\/revisions\/6753"}],"wp:attachment":[{"href":"https:\/\/vegeta.com\/de\/wp-json\/wp\/v2\/media?parent=6031"}],"curies":[{"name":"wp","href":"https:\/\/api.w.org\/{rel}","templated":true}]}}