{"id":3983,"date":"2023-10-02T13:37:19","date_gmt":"2023-10-02T13:37:19","guid":{"rendered":"https:\/\/podravka-vegeta.dev.enterwell.space\/?page_id=3983"},"modified":"2025-01-08T17:33:03","modified_gmt":"2025-01-08T17:33:03","slug":"kontakt","status":"publish","type":"page","link":"https:\/\/vegeta.com\/de\/kontakt\/","title":{"rendered":"Kontakt"},"content":{"rendered":"\n<p><strong>Podravka d.d.<\/strong><\/p>\n\n\n\n<p>Ante Star\u010devi\u0107a 32<br>48000 Koprivnica, Kroatien<\/p>\n\n\n\n<p><strong>Tel.<\/strong>&nbsp;+385 (0) 48 6510<\/p>\n\n\n\n<p><strong>Geb\u00fchrenfreie Kunden-Hotline<\/strong><br>0800 0808<br>Jeden Arbeitstag von 8:00 bis 15:00 Uhr<\/p>\n\n\n\n<p>E-Mail:\u00a0\u00a0proizvodi@podravka.hr<\/p>\n","protected":false},"excerpt":{"rendered":"<p>Podravka d.d. Ante Star\u010devi\u0107a 3248000 Koprivnica, Kroatien Tel.&nbsp;+385 (0) 48 6510 Geb\u00fchrenfreie Kunden-Hotline0800 0808Jeden Arbeitstag von 8:00 bis 15:00 Uhr E-Mail:\u00a0\u00a0proizvodi@podravka.hr<\/p>\n","protected":false},"author":3,"featured_media":0,"parent":0,"menu_order":0,"comment_status":"closed","ping_status":"closed","template":"","meta":{"_acf_changed":false,"ep_exclude_from_search":false,"footnotes":""},"class_list":["post-3983","page","type-page","status-publish","hentry"],"acf":[],"yoast_head":"<!-- This site is optimized with the Yoast SEO plugin v25.1 - https:\/\/yoast.com\/wordpress\/plugins\/seo\/ -->\n<title>Kontakt - Vegeta<\/title>\n<meta name=\"robots\" content=\"index, follow, max-snippet:-1, max-image-preview:large, max-video-preview:-1\" \/>\n<link rel=\"canonical\" href=\"https:\/\/vegeta.com\/de\/kontakt\/\" \/>\n<meta property=\"og:locale\" content=\"de_DE\" \/>\n<meta property=\"og:type\" content=\"article\" \/>\n<meta property=\"og:title\" content=\"Kontakt - Vegeta\" \/>\n<meta property=\"og:description\" content=\"Podravka d.d. Ante Star\u010devi\u0107a 3248000 Koprivnica, Kroatien Tel.&nbsp;+385 (0) 48 6510 Geb\u00fchrenfreie Kunden-Hotline0800 0808Jeden Arbeitstag von 8:00 bis 15:00 Uhr E-Mail:\u00a0\u00a0proizvodi@podravka.hr\" \/>\n<meta property=\"og:url\" content=\"https:\/\/vegeta.com\/de\/kontakt\/\" \/>\n<meta property=\"og:site_name\" content=\"Vegeta\" \/>\n<meta property=\"article:modified_time\" content=\"2025-01-08T17:33:03+00:00\" \/>\n<meta property=\"og:image\" content=\"https:\/\/cdn.vegeta.com\/ger\/2025\/03\/618786674abf62fef8dfe77f0da864fe.png\" \/>\n\t<meta property=\"og:image:width\" content=\"1200\" \/>\n\t<meta property=\"og:image:height\" content=\"630\" \/>\n\t<meta property=\"og:image:type\" content=\"image\/png\" \/>\n<meta name=\"twitter:card\" content=\"summary_large_image\" \/>\n<meta name=\"twitter:label1\" content=\"Est. reading time\" \/>\n\t<meta name=\"twitter:data1\" content=\"1 minute\" \/>\n<script type=\"application\/ld+json\" class=\"yoast-schema-graph\">{\"@context\":\"https:\/\/schema.org\",\"@graph\":[{\"@type\":\"WebPage\",\"@id\":\"https:\/\/vegeta.com\/de\/kontakt\/\",\"url\":\"https:\/\/vegeta.com\/de\/kontakt\/\",\"name\":\"Kontakt - Vegeta\",\"isPartOf\":{\"@id\":\"https:\/\/vegeta.com\/de\/#website\"},\"datePublished\":\"2023-10-02T13:37:19+00:00\",\"dateModified\":\"2025-01-08T17:33:03+00:00\",\"breadcrumb\":{\"@id\":\"https:\/\/vegeta.com\/de\/kontakt\/#breadcrumb\"},\"inLanguage\":\"de-DE\",\"potentialAction\":[{\"@type\":\"ReadAction\",\"target\":[\"https:\/\/vegeta.com\/de\/kontakt\/\"]}]},{\"@type\":\"BreadcrumbList\",\"@id\":\"https:\/\/vegeta.com\/de\/kontakt\/#breadcrumb\",\"itemListElement\":[{\"@type\":\"ListItem\",\"position\":1,\"name\":\"Home\",\"item\":\"https:\/\/vegeta.com\/de\/\"},{\"@type\":\"ListItem\",\"position\":2,\"name\":\"Kontakt\"}]},{\"@type\":\"WebSite\",\"@id\":\"https:\/\/vegeta.com\/de\/#website\",\"url\":\"https:\/\/vegeta.com\/de\/\",\"name\":\"Vegeta\",\"description\":\"\",\"publisher\":{\"@id\":\"https:\/\/vegeta.com\/de\/#organization\"},\"potentialAction\":[{\"@type\":\"SearchAction\",\"target\":{\"@type\":\"EntryPoint\",\"urlTemplate\":\"https:\/\/vegeta.com\/de\/?s={search_term_string}\"},\"query-input\":{\"@type\":\"PropertyValueSpecification\",\"valueRequired\":true,\"valueName\":\"search_term_string\"}}],\"inLanguage\":\"de-DE\"},{\"@type\":\"Organization\",\"@id\":\"https:\/\/vegeta.com\/de\/#organization\",\"name\":\"Vegeta\",\"url\":\"https:\/\/vegeta.com\/de\/\",\"logo\":{\"@type\":\"ImageObject\",\"inLanguage\":\"de-DE\",\"@id\":\"https:\/\/vegeta.com\/de\/#\/schema\/logo\/image\/\",\"url\":\"https:\/\/cdn.vegeta.com\/ger\/2025\/03\/vegeta-kuhanje-je-strasno-general-social-share-de-2.png\",\"contentUrl\":\"https:\/\/cdn.vegeta.com\/ger\/2025\/03\/vegeta-kuhanje-je-strasno-general-social-share-de-2.png\",\"width\":1200,\"height\":630,\"caption\":\"Vegeta\"},\"image\":{\"@id\":\"https:\/\/vegeta.com\/de\/#\/schema\/logo\/image\/\"}}]}<\/script>\n<!-- \/ Yoast SEO plugin. -->","yoast_head_json":{"title":"Kontakt - Vegeta","robots":{"index":"index","follow":"follow","max-snippet":"max-snippet:-1","max-image-preview":"max-image-preview:large","max-video-preview":"max-video-preview:-1"},"canonical":"https:\/\/vegeta.com\/de\/kontakt\/","og_locale":"de_DE","og_type":"article","og_title":"Kontakt - Vegeta","og_description":"Podravka d.d. Ante Star\u010devi\u0107a 3248000 Koprivnica, Kroatien Tel.&nbsp;+385 (0) 48 6510 Geb\u00fchrenfreie Kunden-Hotline0800 0808Jeden Arbeitstag von 8:00 bis 15:00 Uhr E-Mail:\u00a0\u00a0proizvodi@podravka.hr","og_url":"https:\/\/vegeta.com\/de\/kontakt\/","og_site_name":"Vegeta","article_modified_time":"2025-01-08T17:33:03+00:00","og_image":[{"width":1200,"height":630,"url":"https:\/\/cdn.vegeta.com\/ger\/2025\/03\/618786674abf62fef8dfe77f0da864fe.png","type":"image\/png"}],"twitter_card":"summary_large_image","twitter_misc":{"Est. reading time":"1 minute"},"schema":{"@context":"https:\/\/schema.org","@graph":[{"@type":"WebPage","@id":"https:\/\/vegeta.com\/de\/kontakt\/","url":"https:\/\/vegeta.com\/de\/kontakt\/","name":"Kontakt - Vegeta","isPartOf":{"@id":"https:\/\/vegeta.com\/de\/#website"},"datePublished":"2023-10-02T13:37:19+00:00","dateModified":"2025-01-08T17:33:03+00:00","breadcrumb":{"@id":"https:\/\/vegeta.com\/de\/kontakt\/#breadcrumb"},"inLanguage":"de-DE","potentialAction":[{"@type":"ReadAction","target":["https:\/\/vegeta.com\/de\/kontakt\/"]}]},{"@type":"BreadcrumbList","@id":"https:\/\/vegeta.com\/de\/kontakt\/#breadcrumb","itemListElement":[{"@type":"ListItem","position":1,"name":"Home","item":"https:\/\/vegeta.com\/de\/"},{"@type":"ListItem","position":2,"name":"Kontakt"}]},{"@type":"WebSite","@id":"https:\/\/vegeta.com\/de\/#website","url":"https:\/\/vegeta.com\/de\/","name":"Vegeta","description":"","publisher":{"@id":"https:\/\/vegeta.com\/de\/#organization"},"potentialAction":[{"@type":"SearchAction","target":{"@type":"EntryPoint","urlTemplate":"https:\/\/vegeta.com\/de\/?s={search_term_string}"},"query-input":{"@type":"PropertyValueSpecification","valueRequired":true,"valueName":"search_term_string"}}],"inLanguage":"de-DE"},{"@type":"Organization","@id":"https:\/\/vegeta.com\/de\/#organization","name":"Vegeta","url":"https:\/\/vegeta.com\/de\/","logo":{"@type":"ImageObject","inLanguage":"de-DE","@id":"https:\/\/vegeta.com\/de\/#\/schema\/logo\/image\/","url":"https:\/\/cdn.vegeta.com\/ger\/2025\/03\/vegeta-kuhanje-je-strasno-general-social-share-de-2.png","contentUrl":"https:\/\/cdn.vegeta.com\/ger\/2025\/03\/vegeta-kuhanje-je-strasno-general-social-share-de-2.png","width":1200,"height":630,"caption":"Vegeta"},"image":{"@id":"https:\/\/vegeta.com\/de\/#\/schema\/logo\/image\/"}}]}},"_links":{"self":[{"href":"https:\/\/vegeta.com\/de\/wp-json\/wp\/v2\/pages\/3983","targetHints":{"allow":["GET"]}}],"collection":[{"href":"https:\/\/vegeta.com\/de\/wp-json\/wp\/v2\/pages"}],"about":[{"href":"https:\/\/vegeta.com\/de\/wp-json\/wp\/v2\/types\/page"}],"author":[{"embeddable":true,"href":"https:\/\/vegeta.com\/de\/wp-json\/wp\/v2\/users\/3"}],"replies":[{"embeddable":true,"href":"https:\/\/vegeta.com\/de\/wp-json\/wp\/v2\/comments?post=3983"}],"version-history":[{"count":3,"href":"https:\/\/vegeta.com\/de\/wp-json\/wp\/v2\/pages\/3983\/revisions"}],"predecessor-version":[{"id":6646,"href":"https:\/\/vegeta.com\/de\/wp-json\/wp\/v2\/pages\/3983\/revisions\/6646"}],"wp:attachment":[{"href":"https:\/\/vegeta.com\/de\/wp-json\/wp\/v2\/media?parent=3983"}],"curies":[{"name":"wp","href":"https:\/\/api.w.org\/{rel}","templated":true}]}}