{"id":19,"date":"2023-04-17T13:54:41","date_gmt":"2023-04-17T13:54:41","guid":{"rendered":"https:\/\/staging.vegeta.com\/hr\/?page_id=19"},"modified":"2026-03-04T10:24:03","modified_gmt":"2026-03-04T10:24:03","slug":"geschichte-uber-qualitat","status":"publish","type":"page","link":"https:\/\/vegeta.com\/de\/geschichte-uber-qualitat\/","title":{"rendered":"Geschichte \u00fcber Qualit\u00e4t"},"content":{"rendered":"\n<div class=\"gb-hero-special-page\">\n\t<div class=\"gb-hero-special-page__back-button c-container\">\n\t\t<a class=\"c-button-link c-button-link--left\"  href=\"https:\/\/vegeta.com\/de\"   data-pgtm=\"itemClick\"\n   data-pgtm-element-category=\"button\"\n   data-pgtm-element-label=\"ZUR\u00dcCK\"\n   data-pgtm-element-page-location=\"body\"\n\t\t>\n\t<div class=\"c-button-link__arrow\">\n\t\t<div class=\"c-button-link__arrow__circle\"><\/div>\n\t\t<div class=\"c-button-link__arrow__icon\">\n\t\t\t<svg width=\"62\" height=\"14\" viewBox=\"0 0 62 14\" fill=\"none\" xmlns=\"http:\/\/www.w3.org\/2000\/svg\">\n<path d=\"M1 7L61 7M61 7L56.0413 1M61 7L56.0413 13\" stroke=\"#E9987F\" stroke-width=\"2\" stroke-linecap=\"round\" stroke-linejoin=\"round\"\/>\n<\/svg>\n\n\t\t<\/div>\n\t<\/div>\n\t<span class=\"c-button-link__text\">ZUR\u00dcCK<\/span>\n<\/a>\n\t<\/div>\n\t<div class=\"gb-hero-special-page__content c-container\">\n\t\t<h1 class=\"gb-hero-special-page__content__title\">Erkennbare Qualit\u00e4t<\/h1>\n\t\t<p class=\"gb-hero-special-page__content__description\">Lebensmittel von au\u00dfergew\u00f6hnlicher Qualit\u00e4t und streng kontrollierter Herkunft f\u00fcr einfache und schnelle Zubereitung ist unser Hauptziel. Wir arbeiten jeden Tag hart daran, dieses Ziel zu erreichen.<\/p>\n\t<\/div>\n<\/div>\n\n\n\n\n\n<div class=\"gb-full-width-image gb-full-width-image--background-blue\">\n\t<div class=\"gb-full-width-image__picture\"\n\t\t style=\"background-image: url(https:\/\/cdn.vegeta.com\/ger\/2025\/03\/8a5d4fcc9746ff1b60d0134c0cbf8a77.png)\"><\/div>\n<\/div>\n\n\n\n\n\n<div class=\"gb-title-with-description-and-image gb-title-with-description-and-image--background-light-green gb-title-with-description-and-image--primary-dark-green gb-title-with-description-and-image--secondary-dark-brown\">\n\t<div class=\"gb-title-with-description-and-image__center-container\">\n\t\t<div class=\"gb-title-with-description-and-image__center-container__content-container c-container\">\n\t\t\t<div class=\"gb-title-with-description-and-image__center-container__content-container__top-container\">\n\t\t\t\t<h2 class=\"gb-title-with-description-and-image__center-container__content-container__top-container__title\">\n\t\t\t\t\tGr\u00fcner Schritt (vorw\u00e4rts)\n\t\t\t\t<\/h2>\n\t\t\t\t<p class=\"gb-title-with-description-and-image__center-container__content-container__top-container__subtitle\">\n\t\t\t\t\tVegeta BIO steht f\u00fcr unsere Mission der Zukunft. Es ist ein gr\u00fcner Schritt in Richtung Bio-Produktion und saubere Zutaten. Vegeta BIO enth\u00e4lt mehr als 10 Arten von Bio-Gem\u00fcse und Bio-Gew\u00fcrzen und Meersalz. Es enth\u00e4lt keine zus\u00e4tzlichen Zucker, Gluten, Laktose, Zusatzstoffe oder Konservierungsstoffe und ist f\u00fcr den Einsatz in einer veganen Ern\u00e4hrung geeignet.<br><br>Es ist ein von unseren Verbrauchern inspiriertes Produkt und eine Roadmap f\u00fcr weitere Ziele der \u00f6kologischen Produktion.\n\t\t\t\t<\/p>\n\t\t\t<\/div>\n\t\t\t<div class=\"gb-title-with-description-and-image__center-container__content-container__img-container\">\n\t\t\t\t\n\n<figure class=\"wp-block-image size-large\"><img loading=\"lazy\" decoding=\"async\" width=\"1024\" height=\"515\" src=\"https:\/\/staging.vegeta.com\/hr\/wp-content\/uploads\/2023\/10\/vegeta-bio-full-1024x515.png\" alt=\"\" class=\"wp-image-4117\" srcset=\"https:\/\/cdn.vegeta.com\/ger\/2023\/10\/vegeta-bio-full-1024x515.png 1024w, https:\/\/cdn.vegeta.com\/ger\/2023\/10\/vegeta-bio-full-300x151.png 300w, https:\/\/cdn.vegeta.com\/ger\/2023\/10\/vegeta-bio-full-768x386.png 768w, https:\/\/cdn.vegeta.com\/ger\/2023\/10\/vegeta-bio-full.png 1256w\" sizes=\"auto, (max-width: 1024px) 100vw, 1024px\" \/><\/figure>\n\n\n\t\t\t<\/div>\n\t\t<\/div>\n\t<\/div>\n<\/div>\n\n\n\n<div class=\"gb-stories-grid js-stories-grid\">\n\t<div class=\"gb-stories-grid__container c-container\">\n\t\t\n\n\n<a\n\tclass=\"c-post-item gb-story-block\"\n\thref=\"\"\n\ttarget='__blank'\n\t\n\tdata-pgtm=\"itemClick\"\n\tdata-pgtm-element-category=\"post\"\n\tdata-pgtm-element-label=\"Forschungs- und Entwicklungsaktivit\u00e4ten sind die Treiber der Entwicklung unseres Unternehmens. Sie sind mit den Werten der Sch\u00f6pferin von Vegeta, Professorin Zlata Bartl, und ihren Teams verwoben: Leidenschaft, Kreativit\u00e4t, Innovation, Exzellenz, Vertrauen und Verbrauchergesundheit.\"\n\tdata-pgtm-element-page-location=\"body\"\n>\n\t<div class=\"c-post-item__img-container\">\n\t\t\t\t\t<div class=\"c-post-item__img-container__img\" style=\"background-image: url(https:\/\/cdn.staging.vegeta.com\/media\/2023\/10\/story-1.png)\"><\/div>\n\t\t\t\t\t<\/div>\n\t\t<div class=\"c-post-item__category-container\">\n\t\t\t\t\t<div class=\"c-post-item__category-container__line\"><\/div>\n\t\t\t\t<p class=\"c-post-item__category-container__text\">\n\t\t\tProduktion, die sich entwickelt\n\t\t<\/p>\n\t<\/div>\n\t\t<p class=\"c-post-item__title  gb-story-block__description\">\n\t\t\t\tForschungs- und Entwicklungsaktivit\u00e4ten sind die Treiber der Entwicklung unseres Unternehmens. Sie sind mit den Werten der Sch\u00f6pferin von Vegeta, Professorin Zlata Bartl, und ihren Teams verwoben: Leidenschaft, Kreativit\u00e4t, Innovation, Exzellenz, Vertrauen und Verbrauchergesundheit.\n\t<\/p>\n<\/a>\n\n\n\n\n<a\n\tclass=\"c-post-item gb-story-block\"\n\thref=\"\"\n\ttarget='__blank'\n\t\n\tdata-pgtm=\"itemClick\"\n\tdata-pgtm-element-category=\"post\"\n\tdata-pgtm-element-label=\"Wir konzentrieren uns auf die Herstellung von qualitativ hochwertigen und sicheren Produkten, die auf guter Herstellungspraxis und den Prinzipien der Managementsysteme f\u00fcr die Lebensmittelsicherheit beruhen.\"\n\tdata-pgtm-element-page-location=\"body\"\n>\n\t<div class=\"c-post-item__img-container\">\n\t\t\t\t\t<div class=\"c-post-item__img-container__img\" style=\"background-image: url(https:\/\/cdn.staging.vegeta.com\/media\/2023\/10\/story-2.png)\"><\/div>\n\t\t\t\t\t<\/div>\n\t\t<div class=\"c-post-item__category-container\">\n\t\t\t\t\t<div class=\"c-post-item__category-container__line\"><\/div>\n\t\t\t\t<p class=\"c-post-item__category-container__text\">\n\t\t\tLebensmittelqualit\u00e4t und -sicherheit\n\t\t<\/p>\n\t<\/div>\n\t\t<p class=\"c-post-item__title  gb-story-block__description\">\n\t\t\t\tWir konzentrieren uns auf die Herstellung von qualitativ hochwertigen und sicheren Produkten, die auf guter Herstellungspraxis und den Prinzipien der Managementsysteme f\u00fcr die Lebensmittelsicherheit beruhen.\n\t<\/p>\n<\/a>\n\n\n\t<\/div>\n<\/div>\n\n\n\n\n\n<div class=\"gb-full-width-image gb-full-width-image--background-image\">\n\t<div class=\"gb-full-width-image__picture\"\n\t\t style=\"background-image: url(https:\/\/cdn.staging.vegeta.com\/media\/2023\/10\/full-2.png)\"><\/div>\n<\/div>\n\n\n\n\n\n<div class=\"gb-title-with-description-and-image gb-title-with-description-and-image--background-beige gb-title-with-description-and-image--primary-dark-blue gb-title-with-description-and-image--secondary-dark-brown\">\n\t<div class=\"gb-title-with-description-and-image__center-container\">\n\t\t<div class=\"gb-title-with-description-and-image__center-container__content-container c-container\">\n\t\t\t<div class=\"gb-title-with-description-and-image__center-container__content-container__top-container\">\n\t\t\t\t<h2 class=\"gb-title-with-description-and-image__center-container__content-container__top-container__title\">\n\t\t\t\t\tVegeta weltweit\n\t\t\t\t<\/h2>\n\t\t\t\t<p class=\"gb-title-with-description-and-image__center-container__content-container__top-container__subtitle\">\n\t\t\t\t\tAcht Milliarden L\u00f6ffel Inspiration, die Gerichte auf der ganzen Welt bereichern.\n\t\t\t\t<\/p>\n\t\t\t<\/div>\n\t\t\t<div class=\"gb-title-with-description-and-image__center-container__content-container__img-container\">\n\t\t\t\t\n\n<figure class=\"wp-block-image size-large\"><img loading=\"lazy\" decoding=\"async\" width=\"1024\" height=\"519\" src=\"https:\/\/cdn.vegeta.com\/ger\/2026\/03\/image-world-map-1024x519.webp\" alt=\"\" class=\"wp-image-7247\" srcset=\"https:\/\/cdn.vegeta.com\/ger\/2026\/03\/image-world-map-1024x519.webp 1024w, https:\/\/cdn.vegeta.com\/ger\/2026\/03\/image-world-map-300x152.webp 300w, https:\/\/cdn.vegeta.com\/ger\/2026\/03\/image-world-map-768x389.webp 768w, https:\/\/cdn.vegeta.com\/ger\/2026\/03\/image-world-map-1536x779.webp 1536w, https:\/\/cdn.vegeta.com\/ger\/2026\/03\/image-world-map-2048x1038.webp 2048w\" sizes=\"auto, (max-width: 1024px) 100vw, 1024px\" \/><\/figure>\n\n\n\t\t\t<\/div>\n\t\t<\/div>\n\t<\/div>\n<\/div>\n","protected":false},"excerpt":{"rendered":"","protected":false},"author":3,"featured_media":0,"parent":0,"menu_order":0,"comment_status":"closed","ping_status":"closed","template":"special-single-page.php","meta":{"_acf_changed":false,"ep_exclude_from_search":false,"footnotes":""},"class_list":["post-19","page","type-page","status-publish","hentry"],"acf":[],"yoast_head":"<!-- This site is optimized with the Yoast SEO plugin v25.1 - https:\/\/yoast.com\/wordpress\/plugins\/seo\/ -->\n<title>Geschichte \u00fcber Qualit\u00e4t - Vegeta<\/title>\n<meta name=\"robots\" content=\"index, follow, max-snippet:-1, max-image-preview:large, max-video-preview:-1\" \/>\n<link rel=\"canonical\" href=\"https:\/\/vegeta.com\/de\/geschichte-uber-qualitat\/\" \/>\n<meta property=\"og:locale\" content=\"de_DE\" \/>\n<meta property=\"og:type\" content=\"article\" \/>\n<meta property=\"og:title\" content=\"Geschichte \u00fcber Qualit\u00e4t - Vegeta\" \/>\n<meta property=\"og:url\" content=\"https:\/\/vegeta.com\/de\/geschichte-uber-qualitat\/\" \/>\n<meta property=\"og:site_name\" content=\"Vegeta\" \/>\n<meta property=\"article:modified_time\" content=\"2026-03-04T10:24:03+00:00\" \/>\n<meta property=\"og:image\" content=\"https:\/\/staging.vegeta.com\/hr\/wp-content\/uploads\/2023\/10\/vegeta-bio-full-1024x515.png\" \/>\n<meta name=\"twitter:card\" content=\"summary_large_image\" \/>\n<meta name=\"twitter:label1\" content=\"Est. reading time\" \/>\n\t<meta name=\"twitter:data1\" content=\"1 minute\" \/>\n<script type=\"application\/ld+json\" class=\"yoast-schema-graph\">{\"@context\":\"https:\/\/schema.org\",\"@graph\":[{\"@type\":\"WebPage\",\"@id\":\"https:\/\/vegeta.com\/de\/geschichte-uber-qualitat\/\",\"url\":\"https:\/\/vegeta.com\/de\/geschichte-uber-qualitat\/\",\"name\":\"Geschichte \u00fcber Qualit\u00e4t - Vegeta\",\"isPartOf\":{\"@id\":\"https:\/\/vegeta.com\/de\/#website\"},\"primaryImageOfPage\":{\"@id\":\"https:\/\/vegeta.com\/de\/geschichte-uber-qualitat\/#primaryimage\"},\"image\":{\"@id\":\"https:\/\/vegeta.com\/de\/geschichte-uber-qualitat\/#primaryimage\"},\"thumbnailUrl\":\"https:\/\/staging.vegeta.com\/hr\/wp-content\/uploads\/2023\/10\/vegeta-bio-full-1024x515.png\",\"datePublished\":\"2023-04-17T13:54:41+00:00\",\"dateModified\":\"2026-03-04T10:24:03+00:00\",\"breadcrumb\":{\"@id\":\"https:\/\/vegeta.com\/de\/geschichte-uber-qualitat\/#breadcrumb\"},\"inLanguage\":\"de-DE\",\"potentialAction\":[{\"@type\":\"ReadAction\",\"target\":[\"https:\/\/vegeta.com\/de\/geschichte-uber-qualitat\/\"]}]},{\"@type\":\"ImageObject\",\"inLanguage\":\"de-DE\",\"@id\":\"https:\/\/vegeta.com\/de\/geschichte-uber-qualitat\/#primaryimage\",\"url\":\"https:\/\/staging.vegeta.com\/hr\/wp-content\/uploads\/2023\/10\/vegeta-bio-full-1024x515.png\",\"contentUrl\":\"https:\/\/staging.vegeta.com\/hr\/wp-content\/uploads\/2023\/10\/vegeta-bio-full-1024x515.png\"},{\"@type\":\"BreadcrumbList\",\"@id\":\"https:\/\/vegeta.com\/de\/geschichte-uber-qualitat\/#breadcrumb\",\"itemListElement\":[{\"@type\":\"ListItem\",\"position\":1,\"name\":\"Home\",\"item\":\"https:\/\/vegeta.com\/de\/\"},{\"@type\":\"ListItem\",\"position\":2,\"name\":\"Geschichte \u00fcber Qualit\u00e4t\"}]},{\"@type\":\"WebSite\",\"@id\":\"https:\/\/vegeta.com\/de\/#website\",\"url\":\"https:\/\/vegeta.com\/de\/\",\"name\":\"Vegeta\",\"description\":\"\",\"publisher\":{\"@id\":\"https:\/\/vegeta.com\/de\/#organization\"},\"potentialAction\":[{\"@type\":\"SearchAction\",\"target\":{\"@type\":\"EntryPoint\",\"urlTemplate\":\"https:\/\/vegeta.com\/de\/?s={search_term_string}\"},\"query-input\":{\"@type\":\"PropertyValueSpecification\",\"valueRequired\":true,\"valueName\":\"search_term_string\"}}],\"inLanguage\":\"de-DE\"},{\"@type\":\"Organization\",\"@id\":\"https:\/\/vegeta.com\/de\/#organization\",\"name\":\"Vegeta\",\"url\":\"https:\/\/vegeta.com\/de\/\",\"logo\":{\"@type\":\"ImageObject\",\"inLanguage\":\"de-DE\",\"@id\":\"https:\/\/vegeta.com\/de\/#\/schema\/logo\/image\/\",\"url\":\"https:\/\/cdn.vegeta.com\/ger\/2025\/03\/vegeta-kuhanje-je-strasno-general-social-share-de-2.png\",\"contentUrl\":\"https:\/\/cdn.vegeta.com\/ger\/2025\/03\/vegeta-kuhanje-je-strasno-general-social-share-de-2.png\",\"width\":1200,\"height\":630,\"caption\":\"Vegeta\"},\"image\":{\"@id\":\"https:\/\/vegeta.com\/de\/#\/schema\/logo\/image\/\"}}]}<\/script>\n<!-- \/ Yoast SEO plugin. -->","yoast_head_json":{"title":"Geschichte \u00fcber Qualit\u00e4t - Vegeta","robots":{"index":"index","follow":"follow","max-snippet":"max-snippet:-1","max-image-preview":"max-image-preview:large","max-video-preview":"max-video-preview:-1"},"canonical":"https:\/\/vegeta.com\/de\/geschichte-uber-qualitat\/","og_locale":"de_DE","og_type":"article","og_title":"Geschichte \u00fcber Qualit\u00e4t - Vegeta","og_url":"https:\/\/vegeta.com\/de\/geschichte-uber-qualitat\/","og_site_name":"Vegeta","article_modified_time":"2026-03-04T10:24:03+00:00","og_image":[{"url":"https:\/\/staging.vegeta.com\/hr\/wp-content\/uploads\/2023\/10\/vegeta-bio-full-1024x515.png","type":"","width":"","height":""}],"twitter_card":"summary_large_image","twitter_misc":{"Est. reading time":"1 minute"},"schema":{"@context":"https:\/\/schema.org","@graph":[{"@type":"WebPage","@id":"https:\/\/vegeta.com\/de\/geschichte-uber-qualitat\/","url":"https:\/\/vegeta.com\/de\/geschichte-uber-qualitat\/","name":"Geschichte \u00fcber Qualit\u00e4t - Vegeta","isPartOf":{"@id":"https:\/\/vegeta.com\/de\/#website"},"primaryImageOfPage":{"@id":"https:\/\/vegeta.com\/de\/geschichte-uber-qualitat\/#primaryimage"},"image":{"@id":"https:\/\/vegeta.com\/de\/geschichte-uber-qualitat\/#primaryimage"},"thumbnailUrl":"https:\/\/staging.vegeta.com\/hr\/wp-content\/uploads\/2023\/10\/vegeta-bio-full-1024x515.png","datePublished":"2023-04-17T13:54:41+00:00","dateModified":"2026-03-04T10:24:03+00:00","breadcrumb":{"@id":"https:\/\/vegeta.com\/de\/geschichte-uber-qualitat\/#breadcrumb"},"inLanguage":"de-DE","potentialAction":[{"@type":"ReadAction","target":["https:\/\/vegeta.com\/de\/geschichte-uber-qualitat\/"]}]},{"@type":"ImageObject","inLanguage":"de-DE","@id":"https:\/\/vegeta.com\/de\/geschichte-uber-qualitat\/#primaryimage","url":"https:\/\/staging.vegeta.com\/hr\/wp-content\/uploads\/2023\/10\/vegeta-bio-full-1024x515.png","contentUrl":"https:\/\/staging.vegeta.com\/hr\/wp-content\/uploads\/2023\/10\/vegeta-bio-full-1024x515.png"},{"@type":"BreadcrumbList","@id":"https:\/\/vegeta.com\/de\/geschichte-uber-qualitat\/#breadcrumb","itemListElement":[{"@type":"ListItem","position":1,"name":"Home","item":"https:\/\/vegeta.com\/de\/"},{"@type":"ListItem","position":2,"name":"Geschichte \u00fcber Qualit\u00e4t"}]},{"@type":"WebSite","@id":"https:\/\/vegeta.com\/de\/#website","url":"https:\/\/vegeta.com\/de\/","name":"Vegeta","description":"","publisher":{"@id":"https:\/\/vegeta.com\/de\/#organization"},"potentialAction":[{"@type":"SearchAction","target":{"@type":"EntryPoint","urlTemplate":"https:\/\/vegeta.com\/de\/?s={search_term_string}"},"query-input":{"@type":"PropertyValueSpecification","valueRequired":true,"valueName":"search_term_string"}}],"inLanguage":"de-DE"},{"@type":"Organization","@id":"https:\/\/vegeta.com\/de\/#organization","name":"Vegeta","url":"https:\/\/vegeta.com\/de\/","logo":{"@type":"ImageObject","inLanguage":"de-DE","@id":"https:\/\/vegeta.com\/de\/#\/schema\/logo\/image\/","url":"https:\/\/cdn.vegeta.com\/ger\/2025\/03\/vegeta-kuhanje-je-strasno-general-social-share-de-2.png","contentUrl":"https:\/\/cdn.vegeta.com\/ger\/2025\/03\/vegeta-kuhanje-je-strasno-general-social-share-de-2.png","width":1200,"height":630,"caption":"Vegeta"},"image":{"@id":"https:\/\/vegeta.com\/de\/#\/schema\/logo\/image\/"}}]}},"_links":{"self":[{"href":"https:\/\/vegeta.com\/de\/wp-json\/wp\/v2\/pages\/19","targetHints":{"allow":["GET"]}}],"collection":[{"href":"https:\/\/vegeta.com\/de\/wp-json\/wp\/v2\/pages"}],"about":[{"href":"https:\/\/vegeta.com\/de\/wp-json\/wp\/v2\/types\/page"}],"author":[{"embeddable":true,"href":"https:\/\/vegeta.com\/de\/wp-json\/wp\/v2\/users\/3"}],"replies":[{"embeddable":true,"href":"https:\/\/vegeta.com\/de\/wp-json\/wp\/v2\/comments?post=19"}],"version-history":[{"count":15,"href":"https:\/\/vegeta.com\/de\/wp-json\/wp\/v2\/pages\/19\/revisions"}],"predecessor-version":[{"id":7248,"href":"https:\/\/vegeta.com\/de\/wp-json\/wp\/v2\/pages\/19\/revisions\/7248"}],"wp:attachment":[{"href":"https:\/\/vegeta.com\/de\/wp-json\/wp\/v2\/media?parent=19"}],"curies":[{"name":"wp","href":"https:\/\/api.w.org\/{rel}","templated":true}]}}